{"id":6402,"date":"2025-03-26T07:12:15","date_gmt":"2025-03-26T07:12:15","guid":{"rendered":"https:\/\/lottomat.net\/sakums-pasaules-lielakas-loterijas-vienuviet\/"},"modified":"2026-02-13T11:39:15","modified_gmt":"2026-02-13T11:39:15","slug":"sakums-pasaules-lielakas-loterijas-vienuviet","status":"publish","type":"page","link":"https:\/\/lottomat.com\/lv\/","title":{"rendered":"Lottomat &#8211; pasaules liel\u0101k\u0101s loterijas vienuviet"},"content":{"rendered":"\n\n<div class=\"kk-star-ratings kksr-auto kksr-align-left kksr-valign-top\"\n    data-payload='{&quot;align&quot;:&quot;left&quot;,&quot;id&quot;:&quot;6402&quot;,&quot;slug&quot;:&quot;default&quot;,&quot;valign&quot;:&quot;top&quot;,&quot;ignore&quot;:&quot;&quot;,&quot;reference&quot;:&quot;auto&quot;,&quot;class&quot;:&quot;&quot;,&quot;count&quot;:&quot;0&quot;,&quot;legendonly&quot;:&quot;&quot;,&quot;readonly&quot;:&quot;&quot;,&quot;score&quot;:&quot;0&quot;,&quot;starsonly&quot;:&quot;&quot;,&quot;best&quot;:&quot;5&quot;,&quot;gap&quot;:&quot;5&quot;,&quot;greet&quot;:&quot;Rate this page&quot;,&quot;legend&quot;:&quot;0\\\/5 - (0 votes)&quot;,&quot;size&quot;:&quot;30&quot;,&quot;title&quot;:&quot;Lottomat - pasaules liel\u0101k\u0101s loterijas vienuviet&quot;,&quot;width&quot;:&quot;0&quot;,&quot;_legend&quot;:&quot;{score}\\\/{best} - ({count} {votes})&quot;,&quot;font_factor&quot;:&quot;1.25&quot;}'>\n            \n<div class=\"kksr-stars\">\n    \n<div class=\"kksr-stars-inactive\">\n            <div class=\"kksr-star\" data-star=\"1\" style=\"padding-right: 5px\">\n            \n\n<div class=\"kksr-icon\" style=\"width: 30px; height: 30px;\"><\/div>\n        <\/div>\n            <div class=\"kksr-star\" data-star=\"2\" style=\"padding-right: 5px\">\n            \n\n<div class=\"kksr-icon\" style=\"width: 30px; height: 30px;\"><\/div>\n        <\/div>\n            <div class=\"kksr-star\" data-star=\"3\" style=\"padding-right: 5px\">\n            \n\n<div class=\"kksr-icon\" style=\"width: 30px; height: 30px;\"><\/div>\n        <\/div>\n            <div class=\"kksr-star\" data-star=\"4\" style=\"padding-right: 5px\">\n            \n\n<div class=\"kksr-icon\" style=\"width: 30px; height: 30px;\"><\/div>\n        <\/div>\n            <div class=\"kksr-star\" data-star=\"5\" style=\"padding-right: 5px\">\n            \n\n<div class=\"kksr-icon\" style=\"width: 30px; height: 30px;\"><\/div>\n        <\/div>\n    <\/div>\n    \n<div class=\"kksr-stars-active\" style=\"width: 0px;\">\n            <div class=\"kksr-star\" style=\"padding-right: 5px\">\n            \n\n<div class=\"kksr-icon\" style=\"width: 30px; height: 30px;\"><\/div>\n        <\/div>\n            <div class=\"kksr-star\" style=\"padding-right: 5px\">\n            \n\n<div class=\"kksr-icon\" style=\"width: 30px; height: 30px;\"><\/div>\n        <\/div>\n            <div class=\"kksr-star\" style=\"padding-right: 5px\">\n            \n\n<div class=\"kksr-icon\" style=\"width: 30px; height: 30px;\"><\/div>\n        <\/div>\n            <div class=\"kksr-star\" style=\"padding-right: 5px\">\n            \n\n<div class=\"kksr-icon\" style=\"width: 30px; height: 30px;\"><\/div>\n        <\/div>\n            <div class=\"kksr-star\" style=\"padding-right: 5px\">\n            \n\n<div class=\"kksr-icon\" style=\"width: 30px; height: 30px;\"><\/div>\n        <\/div>\n    <\/div>\n<\/div>\n                \n\n<div class=\"kksr-legend\" style=\"font-size: 24px;\">\n            <span class=\"kksr-muted\">Rate this page<\/span>\n    <\/div>\n    <\/div>\n<h2 style=\"text-align: left;\"><img loading=\"lazy\" decoding=\"async\" class=\"alignleft wp-image-1091\" src=\"https:\/\/lottomat.com\/wp-content\/uploads\/2025\/03\/play-lotteries-available-in-other-countries-300x300.png\" alt=\"sp\u0113l\u0113t cit\u0101s valst\u012bs pieejam\u0101s loterijas\" width=\"130\" height=\"130\" srcset=\"https:\/\/lottomat.com\/wp-content\/uploads\/2025\/03\/play-lotteries-available-in-other-countries-300x300.png 300w, https:\/\/lottomat.com\/wp-content\/uploads\/2025\/03\/play-lotteries-available-in-other-countries-150x150.png 150w, https:\/\/lottomat.com\/wp-content\/uploads\/2025\/03\/play-lotteries-available-in-other-countries-100x100.png 100w, https:\/\/lottomat.com\/wp-content\/uploads\/2025\/03\/play-lotteries-available-in-other-countries.png 400w\" sizes=\"auto, (max-width: 130px) 100vw, 130px\" \/>Vai es varu sp\u0113l\u0113t cit\u0101s valst\u012bs pieejam\u0101s loterijas?<\/h2>\n<p>J\u0101, j\u0101, j\u0101! Atbilde uz visbie\u017e\u0101k uzdoto jaut\u0101jumu m\u016bsu sp\u0113l\u0113t\u0101ju vid\u016b ir j\u0101 &#8211; j\u016bs varat sp\u0113l\u0113t pasaules liel\u0101k\u0101s loterijas neatkar\u012bgi no j\u016bsu dz\u012bvesvietas valsts. Lottomat t\u012bmek\u013ca vietn\u0113 jums ir pieejamas liel\u0101k\u0101s loterijas, neapmekl\u0113jot nevienu loterijas biroju, ieskaitot tuv\u0101ko j\u016bsu dz\u012bvesviet\u0101. Lottomat j\u016bs atrad\u012bsiet loterijas, kas garant\u0113 liel\u0101kos laimestus, to skait\u0101 SuperEnalotto, kur\u0101, lai laim\u0113tu galveno balvu, jums ir pareizi j\u0101uzmin 6 numuri no 90. Ir ar\u012b Eurojackpot un EuroMillions, kas ir noz\u012bm\u012bg\u0101k\u0101s Eiropas loterijas; lai uzvar\u0113tu, jums ir j\u0101izv\u0113las tikai pieci numuri no 50. Pie mums j\u016bs varat sp\u0113l\u0113t ar\u012b French Lotto, UK Lotto vai divas fantastiskas sp\u0101\u0146u loterijas El Gordo un La Primitiva, kas pied\u0101v\u0101 lielas iesp\u0113jas uzvar\u0113t. M\u016bsu pied\u0101v\u0101jum\u0101 j\u016bs atrad\u012bsiet ar\u012b liel\u0101k\u0101s Amerikas loterijas, tostarp Powerball, Mega Millions un daudzas citas pievilc\u012bgas iesp\u0113jas, kas sniedz jums iesp\u0113ju palielin\u0101t savas uzvaras izredzes.<\/p>\n<hr \/>\n<h2><img loading=\"lazy\" decoding=\"async\" class=\"alignleft wp-image-21538 lazy loaded\" src=\"https:\/\/lottomat.net\/wp-content\/uploads\/2020\/06\/euro-jackpot-2.png\" alt=\"euro jackpot\" width=\"130\" height=\"130\" data-src=\"https:\/\/lottomat.net\/wp-content\/uploads\/2020\/06\/euro-jackpot-2.png\" data-was-processed=\"true\" srcset=\"https:\/\/lottomat.com\/wp-content\/uploads\/2020\/06\/euro-jackpot-2.png 400w, https:\/\/lottomat.com\/wp-content\/uploads\/2020\/06\/euro-jackpot-2-300x300.png 300w, https:\/\/lottomat.com\/wp-content\/uploads\/2020\/06\/euro-jackpot-2-150x150.png 150w, https:\/\/lottomat.com\/wp-content\/uploads\/2020\/06\/euro-jackpot-2-100x100.png 100w\" sizes=\"auto, (max-width: 130px) 100vw, 130px\" \/>K\u0101 es varu ieg\u0101d\u0101ties bi\u013cetes?<\/h2>\n<p>Loterijas bi\u013ce\u0161u ieg\u0101de tie\u0161saist\u0113 ir \u0101rk\u0101rt\u012bgi vienk\u0101r\u0161a, \u0101tra un, galvenais, dro\u0161a. Viss, kas jums j\u0101dara, ir j\u0101izv\u0113las loterija, j\u0101izv\u0113las numuri, j\u0101aizpilda vienk\u0101r\u0161a re\u0123istr\u0101cija, j\u0101apmaks\u0101 kupons un j\u0101p\u0101rbauda, vai esat pareizi izv\u0113l\u0113ju\u0161ies p\u0113c izlozes.<\/p>\n<hr \/>\n<h2><img loading=\"lazy\" decoding=\"async\" class=\"alignleft wp-image-21566 lazy loaded\" src=\"https:\/\/lottomat.net\/wp-content\/uploads\/2020\/06\/Euro-Million.png\" alt=\"Euro Million\" width=\"130\" height=\"130\" data-src=\"https:\/\/lottomat.net\/wp-content\/uploads\/2020\/06\/Euro-Million.png\" data-was-processed=\"true\" srcset=\"https:\/\/lottomat.com\/wp-content\/uploads\/2020\/06\/Euro-Million.png 400w, https:\/\/lottomat.com\/wp-content\/uploads\/2020\/06\/Euro-Million-300x300.png 300w, https:\/\/lottomat.com\/wp-content\/uploads\/2020\/06\/Euro-Million-150x150.png 150w, https:\/\/lottomat.com\/wp-content\/uploads\/2020\/06\/Euro-Million-100x100.png 100w\" sizes=\"auto, (max-width: 130px) 100vw, 130px\" \/>Kas notiek p\u0113c tam, kad pas\u016btu kuponu tie\u0161saist\u0113?<\/h2>\n<p>Viens no m\u016bsu p\u0101rst\u0101vjiem ieg\u0101d\u0101sies ofici\u0101lu kuponu j\u016bsu v\u0101rd\u0101 atbilsto\u0161i j\u016bsu izv\u0113l\u0113tajiem numuriem. J\u016bsu kupons tiks noguld\u012bts seif\u0101 l\u012bdz izlozes notik\u0161anai, un j\u016bsu izv\u0113l\u0113tie numuri b\u016bs redzami j\u016bsu lietot\u0101ja kont\u0101 m\u016bsu vietn\u0113. Turkl\u0101t, veicot pirkumu, Lottomat ar\u012b inform\u0113s j\u016bs pa e-pastu par summu, kas izt\u0113r\u0113ta bi\u013ce\u0161u ieg\u0101dei, maks\u0101juma metodi un j\u016bsu izv\u0113l\u0113tajiem numuriem. Turkl\u0101t j\u016bsu kont\u0101 tiks ievietots ieg\u0101d\u0101t\u0101 kupona sken\u0113jums.<\/p>\n<hr \/>\n<h2><img loading=\"lazy\" decoding=\"async\" class=\"alignleft wp-image-21594 lazy loaded\" src=\"https:\/\/lottomat.net\/wp-content\/uploads\/2020\/06\/Euro-Millions.png\" alt=\"Euro Millions\" width=\"122\" height=\"122\" data-src=\"https:\/\/lottomat.net\/wp-content\/uploads\/2020\/06\/Euro-Millions.png\" data-was-processed=\"true\" srcset=\"https:\/\/lottomat.com\/wp-content\/uploads\/2020\/06\/Euro-Millions.png 400w, https:\/\/lottomat.com\/wp-content\/uploads\/2020\/06\/Euro-Millions-300x300.png 300w, https:\/\/lottomat.com\/wp-content\/uploads\/2020\/06\/Euro-Millions-150x150.png 150w, https:\/\/lottomat.com\/wp-content\/uploads\/2020\/06\/Euro-Millions-100x100.png 100w\" sizes=\"auto, (max-width: 122px) 100vw, 122px\" \/>K\u0101 nepalaid gar\u0101m d\u017eekpotus?<\/h2>\n<p>Lottomat inform\u0113s j\u016bs par gaid\u0101majiem d\u017eekpotiem. J\u016bs sa\u0146emsiet e-pastu iepriek\u0161, lai atg\u0101din\u0101tu par gaid\u0101mo izlozi, un j\u016bs var\u0113siet pl\u0101not savu sp\u0113\u013cu grafiku, izmantojot abonementa iesp\u0113ju.<\/p>\n<p>&nbsp;<\/p>\n<hr \/>\n<h2><img loading=\"lazy\" decoding=\"async\" class=\"alignleft wp-image-21622 lazy loaded\" src=\"https:\/\/lottomat.net\/wp-content\/uploads\/2020\/06\/mega-millions.png\" alt=\"mega millions\" width=\"130\" height=\"130\" data-src=\"https:\/\/lottomat.net\/wp-content\/uploads\/2020\/06\/mega-millions.png\" data-was-processed=\"true\" srcset=\"https:\/\/lottomat.com\/wp-content\/uploads\/2020\/06\/mega-millions.png 400w, https:\/\/lottomat.com\/wp-content\/uploads\/2020\/06\/mega-millions-300x300.png 300w, https:\/\/lottomat.com\/wp-content\/uploads\/2020\/06\/mega-millions-150x150.png 150w, https:\/\/lottomat.com\/wp-content\/uploads\/2020\/06\/mega-millions-100x100.png 100w\" sizes=\"auto, (max-width: 130px) 100vw, 130px\" \/>Kas notiek, ja es uzvar\u0113\u0161u?<\/h2>\n<p>Ar\u012b \u0161obr\u012bd Lottomat atvieglo j\u016bsu laimesta sa\u0146em\u0161anu. Visi j\u016bsu laimesti l\u012bdz 2500 EUR tiek autom\u0101tiski ieskait\u012bti j\u016bsu kont\u0101 m\u016bsu sist\u0113m\u0101 uzreiz p\u0113c izlozes un var tikt izmantoti j\u016bsu turpm\u0101kajiem pirkumiem vai piepras\u012bti k\u0101 iz\u0146em\u0161ana no j\u016bsu konta. Visu to j\u016bs dar\u0101t tie\u0161saist\u0113 &#8211; \u0113rti un dro\u0161i. Iev\u0113rojamu balvu gad\u012bjum\u0101 Lottomat pal\u012bdz\u0113s jums izv\u0113l\u0113ties vis\u0113rt\u0101ko balvas sa\u0146em\u0161anas veidu. Liel\u0101s balvas parasti tiek ieskait\u012btas j\u016bsu nor\u0101d\u012btaj\u0101 bankas kont\u0101 un da\u017eos gad\u012bjumos var b\u016bt nepiecie\u0161ama j\u016bsu kl\u0101tb\u016btne, lai sa\u0146emtu laimestus. M\u0113s ar\u012b to nok\u0101rtosim, lai j\u016bs var\u0113tu piln\u012bb\u0101 baud\u012bt laimestus, k\u0101 to ir dar\u012bju\u0161i daudzi no m\u016bsu pa\u0161reiz\u0113jiem uzvar\u0113t\u0101jiem.<\/p>\n<hr \/>\n<h2><img loading=\"lazy\" decoding=\"async\" class=\"alignleft wp-image-21650 lazy loaded\" src=\"https:\/\/lottomat.net\/wp-content\/uploads\/2020\/06\/online-lotto.png\" alt=\"tie\u0161saistes loto\" width=\"130\" height=\"130\" data-src=\"https:\/\/lottomat.net\/wp-content\/uploads\/2020\/06\/online-lotto.png\" data-was-processed=\"true\" srcset=\"https:\/\/lottomat.com\/wp-content\/uploads\/2020\/06\/online-lotto.png 400w, https:\/\/lottomat.com\/wp-content\/uploads\/2020\/06\/online-lotto-300x300.png 300w, https:\/\/lottomat.com\/wp-content\/uploads\/2020\/06\/online-lotto-150x150.png 150w, https:\/\/lottomat.com\/wp-content\/uploads\/2020\/06\/online-lotto-100x100.png 100w\" sizes=\"auto, (max-width: 130px) 100vw, 130px\" \/>Vai past\u0101v k\u0101das metodes, k\u0101 uzvar\u0113t?<\/h2>\n<p>M\u0113s v\u0113lamies j\u016bs p\u0101rliecin\u0101t, ka m\u0113s nezin\u0101m par \u0161\u0101d\u0101m metod\u0113m. Loterijas, t\u0101pat k\u0101 liel\u0101k\u0101 da\u013ca skait\u013cu sp\u0113\u013cu, ir balst\u012btas uz nejau\u0161\u012bbu. J\u016bs, iesp\u0113jams, esat dzird\u0113ju\u0161i, ka k\u0101ds ir atkl\u0101jis sist\u0113mu Loto sp\u0113lei vai citai azartsp\u0113lei. Neskatoties uz pier\u0101d\u012bjumiem, kas liecina, ka konkr\u0113ti numuri tiek izloz\u0113ti bie\u017e\u0101k nek\u0101 citi, eksperti ir vienispr\u0101tis, ka nav nevienas pier\u0101d\u012btas sist\u0113mas. \u0160is ir Loto paradokss. Visiem \u0161eit ir vien\u0101das izredzes, t\u0101p\u0113c varb\u016bt tie\u0161i \u0161odien j\u016bsu numuru komplekts uzvar\u0113s. T\u0101p\u0113c sp\u0113l\u0113sim sistem\u0101tiski, jo liktenis var pasmaid\u012bt jebkur\u0101 br\u012bd\u012b. M\u016bsu pa\u0161reiz\u0113jie uzvar\u0113t\u0101ji iesaka, ka regularit\u0101te un konsekventa sp\u0113le ir atsl\u0113gas uz uzvaru.<\/p>\n<hr \/>\n<h2 style=\"text-align: center;\"><span style=\"color: #00b3ff;\">Pie mums j\u016bs varat sp\u0113l\u0113t 24\/7, 365 dienas gad\u0101.<\/span><\/h2>\n","protected":false},"excerpt":{"rendered":"<p>Vai es varu sp\u0113l\u0113t cit\u0101s valst\u012bs pieejam\u0101s loterijas? J\u0101, j\u0101, j\u0101! Atbilde uz visbie\u017e\u0101k uzdoto jaut\u0101jumu m\u016bsu sp\u0113l\u0113t\u0101ju vid\u016b ir j\u0101 &#8211; j\u016bs varat sp\u0113l\u0113t pasaules liel\u0101k\u0101s loterijas neatkar\u012bgi no j\u016bsu dz\u012bvesvietas valsts. Lottomat t\u012bmek\u013ca vietn\u0113 jums ir pieejamas liel\u0101k\u0101s loterijas, neapmekl\u0113jot nevienu loterijas biroju, ieskaitot tuv\u0101ko j\u016bsu dz\u012bvesviet\u0101. Lottomat j\u016bs atrad\u012bsiet loterijas, kas garant\u0113 [&hellip;]<\/p>\n","protected":false},"author":1,"featured_media":0,"parent":0,"menu_order":1,"comment_status":"closed","ping_status":"closed","template":"lotto.php","meta":{"_et_pb_use_builder":"","_et_pb_old_content":"","_et_gb_content_width":"","exclude_from_search":false,"footnotes":""},"class_list":["post-6402","page","type-page","status-publish","hentry"],"yoast_head":"<!-- This site is optimized with the Yoast SEO plugin v23.8 - https:\/\/yoast.com\/wordpress\/plugins\/seo\/ -->\n<title>Loto tie\u0161saist\u0113 - p\u0113rciet loterijas bi\u013cetes tie\u0161saist\u0113 - Lottomat.com<\/title>\n<meta name=\"description\" content=\"Lottomat pied\u0101v\u0101 liel\u0101k\u0101s loterijas pasaul\u0113 ar lab\u0101kajiem d\u017eekpotiem. Sp\u0113l\u0113jiet tie\u0161saist\u0113 un vinn\u0113jiet lielus laimestus! Ieg\u0101d\u0101jieties bi\u013cetes un p\u0101rbaudiet rezult\u0101tus.\" \/>\n<meta name=\"robots\" content=\"index, follow, max-snippet:-1, max-image-preview:large, max-video-preview:-1\" \/>\n<link rel=\"canonical\" href=\"https:\/\/lottomat.com\/lv\/\" \/>\n<meta property=\"og:locale\" content=\"lv_LV\" \/>\n<meta property=\"og:type\" content=\"article\" \/>\n<meta property=\"og:title\" content=\"Loto tie\u0161saist\u0113 - p\u0113rciet loterijas bi\u013cetes tie\u0161saist\u0113 - Lottomat.com\" \/>\n<meta property=\"og:description\" content=\"Lottomat pied\u0101v\u0101 liel\u0101k\u0101s loterijas pasaul\u0113 ar lab\u0101kajiem d\u017eekpotiem. Sp\u0113l\u0113jiet tie\u0161saist\u0113 un vinn\u0113jiet lielus laimestus! Ieg\u0101d\u0101jieties bi\u013cetes un p\u0101rbaudiet rezult\u0101tus.\" \/>\n<meta property=\"og:url\" content=\"https:\/\/lottomat.com\/lv\/\" \/>\n<meta property=\"og:site_name\" content=\"Lottomat\" \/>\n<meta property=\"article:modified_time\" content=\"2026-02-13T11:39:15+00:00\" \/>\n<meta property=\"og:image\" content=\"https:\/\/lottomat.com\/wp-content\/uploads\/2025\/03\/play-lotteries-available-in-other-countries-300x300.png\" \/>\n<meta name=\"twitter:card\" content=\"summary_large_image\" \/>\n<meta name=\"twitter:label1\" content=\"Est. reading time\" \/>\n\t<meta name=\"twitter:data1\" content=\"4 minutes\" \/>\n<script type=\"application\/ld+json\" class=\"yoast-schema-graph\">{\"@context\":\"https:\/\/schema.org\",\"@graph\":[{\"@type\":\"WebPage\",\"@id\":\"https:\/\/lottomat.com\/lv\/\",\"url\":\"https:\/\/lottomat.com\/lv\/\",\"name\":\"Loto tie\u0161saist\u0113 - p\u0113rciet loterijas bi\u013cetes tie\u0161saist\u0113 - Lottomat.com\",\"isPartOf\":{\"@id\":\"https:\/\/lottomat.com\/lv\/#website\"},\"primaryImageOfPage\":{\"@id\":\"https:\/\/lottomat.com\/lv\/#primaryimage\"},\"image\":{\"@id\":\"https:\/\/lottomat.com\/lv\/#primaryimage\"},\"thumbnailUrl\":\"https:\/\/lottomat.com\/wp-content\/uploads\/2025\/03\/play-lotteries-available-in-other-countries-300x300.png\",\"datePublished\":\"2025-03-26T07:12:15+00:00\",\"dateModified\":\"2026-02-13T11:39:15+00:00\",\"description\":\"Lottomat pied\u0101v\u0101 liel\u0101k\u0101s loterijas pasaul\u0113 ar lab\u0101kajiem d\u017eekpotiem. Sp\u0113l\u0113jiet tie\u0161saist\u0113 un vinn\u0113jiet lielus laimestus! Ieg\u0101d\u0101jieties bi\u013cetes un p\u0101rbaudiet rezult\u0101tus.\",\"breadcrumb\":{\"@id\":\"https:\/\/lottomat.com\/lv\/#breadcrumb\"},\"inLanguage\":\"lv-LV\",\"potentialAction\":[{\"@type\":\"ReadAction\",\"target\":[\"https:\/\/lottomat.com\/lv\/\"]}]},{\"@type\":\"ImageObject\",\"inLanguage\":\"lv-LV\",\"@id\":\"https:\/\/lottomat.com\/lv\/#primaryimage\",\"url\":\"https:\/\/lottomat.com\/wp-content\/uploads\/2025\/03\/play-lotteries-available-in-other-countries-300x300.png\",\"contentUrl\":\"https:\/\/lottomat.com\/wp-content\/uploads\/2025\/03\/play-lotteries-available-in-other-countries-300x300.png\"},{\"@type\":\"BreadcrumbList\",\"@id\":\"https:\/\/lottomat.com\/lv\/#breadcrumb\",\"itemListElement\":[{\"@type\":\"ListItem\",\"position\":1,\"name\":\"Home\",\"item\":\"https:\/\/lottomat.com\/lv\/\"},{\"@type\":\"ListItem\",\"position\":2,\"name\":\"Lottomat &#8211; pasaules liel\u0101k\u0101s loterijas vienuviet\"}]},{\"@type\":\"WebSite\",\"@id\":\"https:\/\/lottomat.com\/lv\/#website\",\"url\":\"https:\/\/lottomat.com\/lv\/\",\"name\":\"Lottomat\",\"description\":\"\",\"potentialAction\":[{\"@type\":\"SearchAction\",\"target\":{\"@type\":\"EntryPoint\",\"urlTemplate\":\"https:\/\/lottomat.com\/lv\/?s={search_term_string}\"},\"query-input\":{\"@type\":\"PropertyValueSpecification\",\"valueRequired\":true,\"valueName\":\"search_term_string\"}}],\"inLanguage\":\"lv-LV\"}]}<\/script>\n<!-- \/ Yoast SEO plugin. -->","yoast_head_json":{"title":"Loto tie\u0161saist\u0113 - p\u0113rciet loterijas bi\u013cetes tie\u0161saist\u0113 - Lottomat.com","description":"Lottomat pied\u0101v\u0101 liel\u0101k\u0101s loterijas pasaul\u0113 ar lab\u0101kajiem d\u017eekpotiem. Sp\u0113l\u0113jiet tie\u0161saist\u0113 un vinn\u0113jiet lielus laimestus! Ieg\u0101d\u0101jieties bi\u013cetes un p\u0101rbaudiet rezult\u0101tus.","robots":{"index":"index","follow":"follow","max-snippet":"max-snippet:-1","max-image-preview":"max-image-preview:large","max-video-preview":"max-video-preview:-1"},"canonical":"https:\/\/lottomat.com\/lv\/","og_locale":"lv_LV","og_type":"article","og_title":"Loto tie\u0161saist\u0113 - p\u0113rciet loterijas bi\u013cetes tie\u0161saist\u0113 - Lottomat.com","og_description":"Lottomat pied\u0101v\u0101 liel\u0101k\u0101s loterijas pasaul\u0113 ar lab\u0101kajiem d\u017eekpotiem. Sp\u0113l\u0113jiet tie\u0161saist\u0113 un vinn\u0113jiet lielus laimestus! Ieg\u0101d\u0101jieties bi\u013cetes un p\u0101rbaudiet rezult\u0101tus.","og_url":"https:\/\/lottomat.com\/lv\/","og_site_name":"Lottomat","article_modified_time":"2026-02-13T11:39:15+00:00","og_image":[{"url":"https:\/\/lottomat.com\/wp-content\/uploads\/2025\/03\/play-lotteries-available-in-other-countries-300x300.png"}],"twitter_card":"summary_large_image","twitter_misc":{"Est. reading time":"4 minutes"},"schema":{"@context":"https:\/\/schema.org","@graph":[{"@type":"WebPage","@id":"https:\/\/lottomat.com\/lv\/","url":"https:\/\/lottomat.com\/lv\/","name":"Loto tie\u0161saist\u0113 - p\u0113rciet loterijas bi\u013cetes tie\u0161saist\u0113 - Lottomat.com","isPartOf":{"@id":"https:\/\/lottomat.com\/lv\/#website"},"primaryImageOfPage":{"@id":"https:\/\/lottomat.com\/lv\/#primaryimage"},"image":{"@id":"https:\/\/lottomat.com\/lv\/#primaryimage"},"thumbnailUrl":"https:\/\/lottomat.com\/wp-content\/uploads\/2025\/03\/play-lotteries-available-in-other-countries-300x300.png","datePublished":"2025-03-26T07:12:15+00:00","dateModified":"2026-02-13T11:39:15+00:00","description":"Lottomat pied\u0101v\u0101 liel\u0101k\u0101s loterijas pasaul\u0113 ar lab\u0101kajiem d\u017eekpotiem. Sp\u0113l\u0113jiet tie\u0161saist\u0113 un vinn\u0113jiet lielus laimestus! Ieg\u0101d\u0101jieties bi\u013cetes un p\u0101rbaudiet rezult\u0101tus.","breadcrumb":{"@id":"https:\/\/lottomat.com\/lv\/#breadcrumb"},"inLanguage":"lv-LV","potentialAction":[{"@type":"ReadAction","target":["https:\/\/lottomat.com\/lv\/"]}]},{"@type":"ImageObject","inLanguage":"lv-LV","@id":"https:\/\/lottomat.com\/lv\/#primaryimage","url":"https:\/\/lottomat.com\/wp-content\/uploads\/2025\/03\/play-lotteries-available-in-other-countries-300x300.png","contentUrl":"https:\/\/lottomat.com\/wp-content\/uploads\/2025\/03\/play-lotteries-available-in-other-countries-300x300.png"},{"@type":"BreadcrumbList","@id":"https:\/\/lottomat.com\/lv\/#breadcrumb","itemListElement":[{"@type":"ListItem","position":1,"name":"Home","item":"https:\/\/lottomat.com\/lv\/"},{"@type":"ListItem","position":2,"name":"Lottomat &#8211; pasaules liel\u0101k\u0101s loterijas vienuviet"}]},{"@type":"WebSite","@id":"https:\/\/lottomat.com\/lv\/#website","url":"https:\/\/lottomat.com\/lv\/","name":"Lottomat","description":"","potentialAction":[{"@type":"SearchAction","target":{"@type":"EntryPoint","urlTemplate":"https:\/\/lottomat.com\/lv\/?s={search_term_string}"},"query-input":{"@type":"PropertyValueSpecification","valueRequired":true,"valueName":"search_term_string"}}],"inLanguage":"lv-LV"}]}},"_links":{"self":[{"href":"https:\/\/lottomat.com\/lv\/wp-json\/wp\/v2\/pages\/6402","targetHints":{"allow":["GET"]}}],"collection":[{"href":"https:\/\/lottomat.com\/lv\/wp-json\/wp\/v2\/pages"}],"about":[{"href":"https:\/\/lottomat.com\/lv\/wp-json\/wp\/v2\/types\/page"}],"author":[{"embeddable":true,"href":"https:\/\/lottomat.com\/lv\/wp-json\/wp\/v2\/users\/1"}],"replies":[{"embeddable":true,"href":"https:\/\/lottomat.com\/lv\/wp-json\/wp\/v2\/comments?post=6402"}],"version-history":[{"count":1,"href":"https:\/\/lottomat.com\/lv\/wp-json\/wp\/v2\/pages\/6402\/revisions"}],"predecessor-version":[{"id":270986,"href":"https:\/\/lottomat.com\/lv\/wp-json\/wp\/v2\/pages\/6402\/revisions\/270986"}],"wp:attachment":[{"href":"https:\/\/lottomat.com\/lv\/wp-json\/wp\/v2\/media?parent=6402"}],"curies":[{"name":"wp","href":"https:\/\/api.w.org\/{rel}","templated":true}]}}