{"id":273424,"date":"2025-05-18T16:33:53","date_gmt":"2025-05-18T16:33:53","guid":{"rendered":"https:\/\/lottomat.com\/?page_id=273424"},"modified":"2026-03-12T21:24:54","modified_gmt":"2026-03-12T21:24:54","slug":"euromillions-eu","status":"publish","type":"page","link":"https:\/\/lottomat.com\/lv\/informacija\/euromillions-eu\/","title":{"rendered":"EuroMillions Austria noteikumi: Laimesti un D\u017eekpots"},"content":{"rendered":"\n\n<div class=\"kk-star-ratings kksr-auto kksr-align-left kksr-valign-top\"\n    data-payload='{&quot;align&quot;:&quot;left&quot;,&quot;id&quot;:&quot;273424&quot;,&quot;slug&quot;:&quot;default&quot;,&quot;valign&quot;:&quot;top&quot;,&quot;ignore&quot;:&quot;&quot;,&quot;reference&quot;:&quot;auto&quot;,&quot;class&quot;:&quot;&quot;,&quot;count&quot;:&quot;0&quot;,&quot;legendonly&quot;:&quot;&quot;,&quot;readonly&quot;:&quot;&quot;,&quot;score&quot;:&quot;0&quot;,&quot;starsonly&quot;:&quot;&quot;,&quot;best&quot;:&quot;5&quot;,&quot;gap&quot;:&quot;5&quot;,&quot;greet&quot;:&quot;Rate this page&quot;,&quot;legend&quot;:&quot;0\\\/5 - (0 votes)&quot;,&quot;size&quot;:&quot;30&quot;,&quot;title&quot;:&quot;EuroMillions Austria noteikumi: Laimesti un D\u017eekpots&quot;,&quot;width&quot;:&quot;0&quot;,&quot;_legend&quot;:&quot;{score}\\\/{best} - ({count} {votes})&quot;,&quot;font_factor&quot;:&quot;1.25&quot;}'>\n            \n<div class=\"kksr-stars\">\n    \n<div class=\"kksr-stars-inactive\">\n            <div class=\"kksr-star\" data-star=\"1\" style=\"padding-right: 5px\">\n            \n\n<div class=\"kksr-icon\" style=\"width: 30px; height: 30px;\"><\/div>\n        <\/div>\n            <div class=\"kksr-star\" data-star=\"2\" style=\"padding-right: 5px\">\n            \n\n<div class=\"kksr-icon\" style=\"width: 30px; height: 30px;\"><\/div>\n        <\/div>\n            <div class=\"kksr-star\" data-star=\"3\" style=\"padding-right: 5px\">\n            \n\n<div class=\"kksr-icon\" style=\"width: 30px; height: 30px;\"><\/div>\n        <\/div>\n            <div class=\"kksr-star\" data-star=\"4\" style=\"padding-right: 5px\">\n            \n\n<div class=\"kksr-icon\" style=\"width: 30px; height: 30px;\"><\/div>\n        <\/div>\n            <div class=\"kksr-star\" data-star=\"5\" style=\"padding-right: 5px\">\n            \n\n<div class=\"kksr-icon\" style=\"width: 30px; height: 30px;\"><\/div>\n        <\/div>\n    <\/div>\n    \n<div class=\"kksr-stars-active\" style=\"width: 0px;\">\n            <div class=\"kksr-star\" style=\"padding-right: 5px\">\n            \n\n<div class=\"kksr-icon\" style=\"width: 30px; height: 30px;\"><\/div>\n        <\/div>\n            <div class=\"kksr-star\" style=\"padding-right: 5px\">\n            \n\n<div class=\"kksr-icon\" style=\"width: 30px; height: 30px;\"><\/div>\n        <\/div>\n            <div class=\"kksr-star\" style=\"padding-right: 5px\">\n            \n\n<div class=\"kksr-icon\" style=\"width: 30px; height: 30px;\"><\/div>\n        <\/div>\n            <div class=\"kksr-star\" style=\"padding-right: 5px\">\n            \n\n<div class=\"kksr-icon\" style=\"width: 30px; height: 30px;\"><\/div>\n        <\/div>\n            <div class=\"kksr-star\" style=\"padding-right: 5px\">\n            \n\n<div class=\"kksr-icon\" style=\"width: 30px; height: 30px;\"><\/div>\n        <\/div>\n    <\/div>\n<\/div>\n                \n\n<div class=\"kksr-legend\" style=\"font-size: 24px;\">\n            <span class=\"kksr-muted\">Rate this page<\/span>\n    <\/div>\n    <\/div>\n<h2>Atkl\u0101jiet EuroMillions Austria aizraujo\u0161o pasauli \u2013 j\u016bsu v\u0101rti uz dz\u012bvi maino\u0161iem laimestiem!<\/h2>\n<p><img loading=\"lazy\" decoding=\"async\" class=\"alignleft wp-image-268187\" src=\"https:\/\/lottomat.com\/wp-content\/uploads\/2026\/01\/Austrian-EuroMillions-prizes.webp\" alt=\"EuroMillions Austria laimesti\" width=\"200\" height=\"200\" srcset=\"https:\/\/lottomat.com\/wp-content\/uploads\/2026\/01\/Austrian-EuroMillions-prizes.webp 400w, https:\/\/lottomat.com\/wp-content\/uploads\/2026\/01\/Austrian-EuroMillions-prizes-300x300.webp 300w, https:\/\/lottomat.com\/wp-content\/uploads\/2026\/01\/Austrian-EuroMillions-prizes-150x150.webp 150w, https:\/\/lottomat.com\/wp-content\/uploads\/2026\/01\/Austrian-EuroMillions-prizes-100x100.webp 100w\" sizes=\"auto, (max-width: 200px) 100vw, 200px\" \/>Iedom\u0101jieties, ka r\u012bt pamostaties un saprotat, ka j\u016bsu sap\u0146i beidzot var piepild\u012bties \u2013 grezna m\u0101ja, eksotiski ce\u013cojumi, finansi\u0101la dro\u0161\u012bba j\u016bsu tuviniekiem un br\u012bv\u012bba dz\u012bvot dz\u012bvi p\u0113c saviem noteikumiem. Ar EuroMillions Austria, kas ofici\u0101li paz\u012bstams k\u0101 EuroMillions EU, \u0161is sapnis var k\u013c\u016bt par realit\u0101ti! K\u0101 viena no popul\u0101r\u0101kaj\u0101m un aizraujo\u0161\u0101kaj\u0101m loterij\u0101m Eirop\u0101, EuroMillions Austria pied\u0101v\u0101 jums unik\u0101lu iesp\u0113ju laim\u0113t iespaid\u012bgus d\u017eekpotus un k\u013c\u016bt par da\u013cu no aizraujo\u0161as pieredzes, kas var main\u012bt j\u016bsu dz\u012bvi. Iepaz\u012bstieties ar visu, kas jums j\u0101zina par \u0161o neticamo loteriju un ar ko t\u0101 at\u0161\u0137iras no t\u0101s Lielbrit\u0101nijas versijas. Uzziniet vair\u0101k par EuroMillions Austria noteikumiem un p\u0113c tam&#8230; <a href=\"https:\/\/lottomat.com\/lv\/spelet\/euromillions-eu\/\">sp\u0113l\u0113jiet EuroMillions Austria tie\u0161saist\u0113<\/a> vietn\u0113 Lottomat!<\/p>\n<h2>Kas ir EuroMillions Austria (EuroMillions EU)?<\/h2>\n<p>EuroMillions Austria ir Austrijas dal\u012bba slavenaj\u0101 EuroMillions loterij\u0101 \u2013 p\u0101rnacion\u0101l\u0101 Eiropas loterij\u0101, kas apvieno sp\u0113l\u0113t\u0101jus no Austrijas, Sp\u0101nijas, Francijas, Be\u013c\u0123ijas, \u012arijas, Luksemburgas, Portug\u0101les un \u0160veices. Uzs\u0101kta 2004. gad\u0101, EuroMillions \u0101tri k\u013cuva par sens\u0101ciju vis\u0101 kontinent\u0101, pateicoties milz\u012bgajiem d\u017eekpotiem un vienk\u0101r\u0161ajam, aizraujo\u0161ajam sp\u0113les form\u0101tam.<\/p>\n<p>Lai sp\u0113l\u0113tu EuroMillions Austria, dal\u012bbnieki izv\u0113las piecus galvenos skait\u013cus no 1 l\u012bdz 50 un divus Lucky Star skait\u013cus no 1 l\u012bdz 12. Izlozes notiek katru otrdienas un piektdienas vakaru Par\u012bz\u0113, un spriedze ir j\u016btama, kam\u0113r miljoniem eiropie\u0161u aiztur elpu, cerot ieraudz\u012bt savus skait\u013cus starp izloz\u0113tajiem!<\/p>\n<h2>K\u0101 darbojas EuroMillions Austria? EuroMillions Austria noteikumi<img loading=\"lazy\" decoding=\"async\" class=\"alignright wp-image-268217\" src=\"https:\/\/lottomat.com\/wp-content\/uploads\/2026\/01\/Austrian-EuroMillions-rules.webp\" alt=\"EuroMillions Austria noteikumi\" width=\"200\" height=\"200\" srcset=\"https:\/\/lottomat.com\/wp-content\/uploads\/2026\/01\/Austrian-EuroMillions-rules.webp 400w, https:\/\/lottomat.com\/wp-content\/uploads\/2026\/01\/Austrian-EuroMillions-rules-300x300.webp 300w, https:\/\/lottomat.com\/wp-content\/uploads\/2026\/01\/Austrian-EuroMillions-rules-150x150.webp 150w, https:\/\/lottomat.com\/wp-content\/uploads\/2026\/01\/Austrian-EuroMillions-rules-100x100.webp 100w\" sizes=\"auto, (max-width: 200px) 100vw, 200px\" \/><\/h2>\n<p>S\u0101kt ir vienk\u0101r\u0161i un pieejami ikvienam. <a href=\"https:\/\/lottomat.com\/lv\/spelet\/\">J\u016bs varat ieg\u0101d\u0101ties loterijas bi\u013cetes<\/a> autoriz\u0113t\u0101s tirdzniec\u012bbas viet\u0101s vis\u0101 Austrij\u0101 vai sp\u0113l\u0113t tie\u0161saist\u0113 no savas m\u0101jas \u0113rt\u012bb\u0101m. Minim\u0101lais d\u017eekpots s\u0101kas ar iespaid\u012bgiem 17 miljoniem \u20ac, ta\u010du ar uzkr\u0101jumu pal\u012bdz\u012bbu tas var sasniegt pat neticamus 240 miljonus \u20ac! Ir 13 da\u017e\u0101das laimestu kategorijas, kas noz\u012bm\u0113, ka jums ir vair\u0101kas iesp\u0113jas laim\u0113t, pat ja netr\u0101p\u0101t d\u017eekpotu.<\/p>\n<p>Sp\u0113l\u0113jot EuroMillions Austria, j\u016bs nepievienojaties tikai loterijai \u2013 j\u016bs k\u013c\u016bstat par da\u013cu no sap\u0146ot\u0101ju kopienas, kas visi cer uz to ma\u0123isko br\u012bdi, kad vi\u0146u dz\u012bve main\u012bsies uz visiem laikiem. Neatkar\u012bgi no t\u0101, vai j\u016bs laim\u0113jat maz\u0101ku balvu vai rekordlielu d\u017eekpotu, katra bi\u013cete nes sol\u012bjumu par gai\u0161\u0101ku r\u012btdienu.<\/p>\n<h2>EuroMillions Austria vs EuroMillions UK \u2013 Galven\u0101s at\u0161\u0137ir\u012bbas<\/h2>\n<p><img loading=\"lazy\" decoding=\"async\" class=\"alignleft wp-image-268247\" src=\"https:\/\/lottomat.com\/wp-content\/uploads\/2026\/01\/EuroMillions-Austria-jackpot.webp\" alt=\"EuroMillions Austria d\u017eekpots\" width=\"200\" height=\"200\" srcset=\"https:\/\/lottomat.com\/wp-content\/uploads\/2026\/01\/EuroMillions-Austria-jackpot.webp 400w, https:\/\/lottomat.com\/wp-content\/uploads\/2026\/01\/EuroMillions-Austria-jackpot-300x300.webp 300w, https:\/\/lottomat.com\/wp-content\/uploads\/2026\/01\/EuroMillions-Austria-jackpot-150x150.webp 150w, https:\/\/lottomat.com\/wp-content\/uploads\/2026\/01\/EuroMillions-Austria-jackpot-100x100.webp 100w\" sizes=\"auto, (max-width: 200px) 100vw, 200px\" \/>Lai gan gan Austrija, gan Apvienot\u0101 Karaliste piedal\u0101s EuroMillions loterij\u0101, past\u0101v da\u017eas svar\u012bgas at\u0161\u0137ir\u012bbas, kuras ir v\u0113rts zin\u0101t:<\/p>\n<ol>\n<li><strong>Bi\u013cetes cena<\/strong>: Austrij\u0101 viena <a href=\"https:\/\/lottomat.com\/lv\/spelet\/euromillions-eu\/\">EuroMillions Austria bi\u013cete<\/a> tiek p\u0101rdota par eiro. Apvienotaj\u0101 Karalist\u0113 bi\u013cetes cena tiek noteikta sterli\u0146u m\u0101rci\u0146\u0101s un ir nedaudz augst\u0101ka nek\u0101 Austrij\u0101, jo taj\u0101 ietilpst dal\u012bba sp\u0113l\u0113 UK Millionaire Maker, kas katr\u0101 izloz\u0113 garant\u0113 vismaz vienu britu miljon\u0101ru.<\/li>\n<li><strong>Val\u016bta un laimesti<\/strong>: EuroMillions Austria laimesti tiek izmaks\u0101ti eiro, savuk\u0101rt UK sp\u0113l\u0113t\u0101ji sa\u0146em savus laimestus sterli\u0146u m\u0101rci\u0146\u0101s. Sekund\u0101ro laimestu v\u0113rt\u012bba var nedaudz at\u0161\u0137irties val\u016btas kursu d\u0113\u013c.<\/li>\n<li><strong>Papildu sp\u0113les<\/strong>: Austrijas sp\u0113l\u0113t\u0101ji var piedal\u012bties \u201c\u00d6sterreich Bonus\u201d \u2013 ekskluz\u012bv\u0101 papildu izloz\u0113, kas sniedz v\u0113l vair\u0101k iesp\u0113ju laim\u0113t. Lielbrit\u0101nij\u0101 l\u012bdzv\u0113rt\u012bg\u0101 sp\u0113le ir Millionaire Maker, kas tiek autom\u0101tiski iek\u013cauta ar katru bi\u013ceti.<\/li>\n<li><strong>Nodok\u013ci<\/strong>: Austrij\u0101 loterijas laimesti netiek aplikti ar nodok\u013ciem, t\u0101p\u0113c j\u016bs paturat katru centu no sava laimesta! Apvienotaj\u0101 Karalist\u0113 loterijas laimesti ar\u012b pa\u0161laik netiek aplikti ar nodok\u013ciem, ta\u010du vienm\u0113r ir v\u0113rts p\u0101rbaud\u012bt jaun\u0101kos noteikumus.<\/li>\n<\/ol>\n<h2>K\u0101p\u0113c sp\u0113l\u0113t EuroMillions Austria? Dz\u012bvi maino\u0161o laimestu burv\u012bba<\/h2>\n<p>EuroMillions Austria nav tikai par lielu naudu \u2013 tas ir par cer\u012bbu, aizraut\u012bbu un iesp\u0113ju valdzin\u0101jumu. Katra izloze ir jauna iesp\u0113ja main\u012bt savu dz\u012bvi, iepriecin\u0101t \u0123imeni, atbalst\u012bt labdar\u012bbu vai doties lielos piedz\u012bvojumos, par kuriem vienm\u0113r esat sap\u0146ojis. St\u0101sti par parastiem cilv\u0113kiem, kuri vien\u0101 nakt\u012b k\u013c\u016bst par miljon\u0101riem, ir patiesi un iedvesmojo\u0161i \u2013 n\u0101kamais var\u0113tu b\u016bt tie\u0161i j\u016bs!<img loading=\"lazy\" decoding=\"async\" class=\"alignright wp-image-268278\" src=\"https:\/\/lottomat.com\/wp-content\/uploads\/2026\/01\/EuroMillions-Austria-rules.webp\" alt=\"EuroMillions Austria noteikumi\" width=\"200\" height=\"200\" srcset=\"https:\/\/lottomat.com\/wp-content\/uploads\/2026\/01\/EuroMillions-Austria-rules.webp 400w, https:\/\/lottomat.com\/wp-content\/uploads\/2026\/01\/EuroMillions-Austria-rules-300x300.webp 300w, https:\/\/lottomat.com\/wp-content\/uploads\/2026\/01\/EuroMillions-Austria-rules-150x150.webp 150w, https:\/\/lottomat.com\/wp-content\/uploads\/2026\/01\/EuroMillions-Austria-rules-100x100.webp 100w\" sizes=\"auto, (max-width: 200px) 100vw, 200px\" \/><\/p>\n<p>Ko j\u016bs v\u0113l gaid\u0101t? N\u0101kam\u0101 EuroMillions Austria izloze var\u0113tu b\u016bt j\u016bsu bi\u013cete uz n\u0101kotni, kas piepild\u012bta ar prieku, grezn\u012bbu un neierobe\u017eot\u0101m iesp\u0113j\u0101m. Ieg\u0101d\u0101jieties savu bi\u013ceti, sap\u0146ojiet lielus sap\u0146us un izbaudiet aizraut\u012bbu \u2013 jo ar EuroMillions Austria viss ir iesp\u0113jams!<\/p>\n<p><strong>Pievienojieties aizraut\u012bbai jau \u0161odien \u2013 un \u013caujiet saviem sap\u0146iem pacelties sp\u0101rnos ar EuroMillions Austria! P\u0101rbaudiet <a href=\"https:\/\/lottomat.com\/lv\/rezultati\/euromillions-eu\/\">EuroMillions Austria laim\u0113jo\u0161os skait\u013cus<\/a>.<\/strong><\/p>\n","protected":false},"excerpt":{"rendered":"<p>Atkl\u0101jiet EuroMillions Austria aizraujo\u0161o pasauli \u2013 j\u016bsu v\u0101rti uz dz\u012bvi maino\u0161iem laimestiem! Iedom\u0101jieties, ka r\u012bt pamostaties un saprotat, ka j\u016bsu sap\u0146i beidzot var piepild\u012bties \u2013 grezna m\u0101ja, eksotiski ce\u013cojumi, finansi\u0101la dro\u0161\u012bba j\u016bsu tuviniekiem un br\u012bv\u012bba dz\u012bvot dz\u012bvi p\u0113c saviem noteikumiem. Ar EuroMillions Austria, kas ofici\u0101li paz\u012bstams k\u0101 EuroMillions EU, \u0161is sapnis var k\u013c\u016bt par realit\u0101ti! [&hellip;]<\/p>\n","protected":false},"author":11,"featured_media":0,"parent":6891,"menu_order":0,"comment_status":"closed","ping_status":"closed","template":"euromillions-at-info.php","meta":{"_et_pb_use_builder":"","_et_pb_old_content":"","_et_gb_content_width":"","exclude_from_search":false,"footnotes":""},"class_list":["post-273424","page","type-page","status-publish","hentry"],"yoast_head":"<!-- This site is optimized with the Yoast SEO plugin v23.8 - https:\/\/yoast.com\/wordpress\/plugins\/seo\/ -->\n<title>EuroMillions Austria noteikumi: Laimesti un D\u017eekpots \u2013 Lottomat<\/title>\n<meta name=\"description\" content=\"Uzziniet vair\u0101k par EuroMillions Austria sp\u0113les noteikumiem. \u0160eit varat p\u0101rbaud\u012bt EuroMillions Austria laimestus un d\u017eekpotu. P\u0101rbaudiet savas izredzes.\" \/>\n<meta name=\"robots\" content=\"index, follow, max-snippet:-1, max-image-preview:large, max-video-preview:-1\" \/>\n<link rel=\"canonical\" href=\"https:\/\/lottomat.com\/lv\/informacija\/euromillions-eu\/\" \/>\n<meta property=\"og:locale\" content=\"lv_LV\" \/>\n<meta property=\"og:type\" content=\"article\" \/>\n<meta property=\"og:title\" content=\"EuroMillions Austria noteikumi: Laimesti un D\u017eekpots \u2013 Lottomat\" \/>\n<meta property=\"og:description\" content=\"Uzziniet vair\u0101k par EuroMillions Austria sp\u0113les noteikumiem. \u0160eit varat p\u0101rbaud\u012bt EuroMillions Austria laimestus un d\u017eekpotu. P\u0101rbaudiet savas izredzes.\" \/>\n<meta property=\"og:url\" content=\"https:\/\/lottomat.com\/lv\/informacija\/euromillions-eu\/\" \/>\n<meta property=\"og:site_name\" content=\"Lottomat\" \/>\n<meta property=\"article:modified_time\" content=\"2026-03-12T21:24:54+00:00\" \/>\n<meta property=\"og:image\" content=\"https:\/\/lottomat.com\/wp-content\/uploads\/2026\/01\/Austrian-EuroMillions-prizes.webp\" \/>\n\t<meta property=\"og:image:width\" content=\"400\" \/>\n\t<meta property=\"og:image:height\" content=\"400\" \/>\n\t<meta property=\"og:image:type\" content=\"image\/webp\" \/>\n<meta name=\"twitter:card\" content=\"summary_large_image\" \/>\n<meta name=\"twitter:label1\" content=\"Est. reading time\" \/>\n\t<meta name=\"twitter:data1\" content=\"4 minutes\" \/>\n<script type=\"application\/ld+json\" class=\"yoast-schema-graph\">{\"@context\":\"https:\/\/schema.org\",\"@graph\":[{\"@type\":\"WebPage\",\"@id\":\"https:\/\/lottomat.com\/lv\/informacija\/euromillions-eu\/\",\"url\":\"https:\/\/lottomat.com\/lv\/informacija\/euromillions-eu\/\",\"name\":\"EuroMillions Austria noteikumi: Laimesti un D\u017eekpots \u2013 Lottomat\",\"isPartOf\":{\"@id\":\"https:\/\/lottomat.com\/lv\/#website\"},\"primaryImageOfPage\":{\"@id\":\"https:\/\/lottomat.com\/lv\/informacija\/euromillions-eu\/#primaryimage\"},\"image\":{\"@id\":\"https:\/\/lottomat.com\/lv\/informacija\/euromillions-eu\/#primaryimage\"},\"thumbnailUrl\":\"https:\/\/lottomat.com\/wp-content\/uploads\/2026\/01\/Austrian-EuroMillions-prizes.webp\",\"datePublished\":\"2025-05-18T16:33:53+00:00\",\"dateModified\":\"2026-03-12T21:24:54+00:00\",\"description\":\"Uzziniet vair\u0101k par EuroMillions Austria sp\u0113les noteikumiem. \u0160eit varat p\u0101rbaud\u012bt EuroMillions Austria laimestus un d\u017eekpotu. P\u0101rbaudiet savas izredzes.\",\"breadcrumb\":{\"@id\":\"https:\/\/lottomat.com\/lv\/informacija\/euromillions-eu\/#breadcrumb\"},\"inLanguage\":\"lv-LV\",\"potentialAction\":[{\"@type\":\"ReadAction\",\"target\":[\"https:\/\/lottomat.com\/lv\/informacija\/euromillions-eu\/\"]}]},{\"@type\":\"ImageObject\",\"inLanguage\":\"lv-LV\",\"@id\":\"https:\/\/lottomat.com\/lv\/informacija\/euromillions-eu\/#primaryimage\",\"url\":\"https:\/\/lottomat.com\/wp-content\/uploads\/2026\/01\/Austrian-EuroMillions-prizes.webp\",\"contentUrl\":\"https:\/\/lottomat.com\/wp-content\/uploads\/2026\/01\/Austrian-EuroMillions-prizes.webp\"},{\"@type\":\"BreadcrumbList\",\"@id\":\"https:\/\/lottomat.com\/lv\/informacija\/euromillions-eu\/#breadcrumb\",\"itemListElement\":[{\"@type\":\"ListItem\",\"position\":1,\"name\":\"Home\",\"item\":\"https:\/\/lottomat.com\/lv\/\"},{\"@type\":\"ListItem\",\"position\":2,\"name\":\"Loterijas noteikumi: Laimesti, D\u017eekpots un Izredzes\",\"item\":\"https:\/\/lottomat.com\/lv\/informacija\/\"},{\"@type\":\"ListItem\",\"position\":3,\"name\":\"EuroMillions Austria noteikumi: Laimesti un D\u017eekpots\"}]},{\"@type\":\"WebSite\",\"@id\":\"https:\/\/lottomat.com\/lv\/#website\",\"url\":\"https:\/\/lottomat.com\/lv\/\",\"name\":\"Lottomat\",\"description\":\"\",\"potentialAction\":[{\"@type\":\"SearchAction\",\"target\":{\"@type\":\"EntryPoint\",\"urlTemplate\":\"https:\/\/lottomat.com\/lv\/?s={search_term_string}\"},\"query-input\":{\"@type\":\"PropertyValueSpecification\",\"valueRequired\":true,\"valueName\":\"search_term_string\"}}],\"inLanguage\":\"lv-LV\"}]}<\/script>\n<!-- \/ Yoast SEO plugin. -->","yoast_head_json":{"title":"EuroMillions Austria noteikumi: Laimesti un D\u017eekpots \u2013 Lottomat","description":"Uzziniet vair\u0101k par EuroMillions Austria sp\u0113les noteikumiem. \u0160eit varat p\u0101rbaud\u012bt EuroMillions Austria laimestus un d\u017eekpotu. P\u0101rbaudiet savas izredzes.","robots":{"index":"index","follow":"follow","max-snippet":"max-snippet:-1","max-image-preview":"max-image-preview:large","max-video-preview":"max-video-preview:-1"},"canonical":"https:\/\/lottomat.com\/lv\/informacija\/euromillions-eu\/","og_locale":"lv_LV","og_type":"article","og_title":"EuroMillions Austria noteikumi: Laimesti un D\u017eekpots \u2013 Lottomat","og_description":"Uzziniet vair\u0101k par EuroMillions Austria sp\u0113les noteikumiem. \u0160eit varat p\u0101rbaud\u012bt EuroMillions Austria laimestus un d\u017eekpotu. P\u0101rbaudiet savas izredzes.","og_url":"https:\/\/lottomat.com\/lv\/informacija\/euromillions-eu\/","og_site_name":"Lottomat","article_modified_time":"2026-03-12T21:24:54+00:00","og_image":[{"width":400,"height":400,"url":"https:\/\/lottomat.com\/wp-content\/uploads\/2026\/01\/Austrian-EuroMillions-prizes.webp","type":"image\/webp"}],"twitter_card":"summary_large_image","twitter_misc":{"Est. reading time":"4 minutes"},"schema":{"@context":"https:\/\/schema.org","@graph":[{"@type":"WebPage","@id":"https:\/\/lottomat.com\/lv\/informacija\/euromillions-eu\/","url":"https:\/\/lottomat.com\/lv\/informacija\/euromillions-eu\/","name":"EuroMillions Austria noteikumi: Laimesti un D\u017eekpots \u2013 Lottomat","isPartOf":{"@id":"https:\/\/lottomat.com\/lv\/#website"},"primaryImageOfPage":{"@id":"https:\/\/lottomat.com\/lv\/informacija\/euromillions-eu\/#primaryimage"},"image":{"@id":"https:\/\/lottomat.com\/lv\/informacija\/euromillions-eu\/#primaryimage"},"thumbnailUrl":"https:\/\/lottomat.com\/wp-content\/uploads\/2026\/01\/Austrian-EuroMillions-prizes.webp","datePublished":"2025-05-18T16:33:53+00:00","dateModified":"2026-03-12T21:24:54+00:00","description":"Uzziniet vair\u0101k par EuroMillions Austria sp\u0113les noteikumiem. \u0160eit varat p\u0101rbaud\u012bt EuroMillions Austria laimestus un d\u017eekpotu. P\u0101rbaudiet savas izredzes.","breadcrumb":{"@id":"https:\/\/lottomat.com\/lv\/informacija\/euromillions-eu\/#breadcrumb"},"inLanguage":"lv-LV","potentialAction":[{"@type":"ReadAction","target":["https:\/\/lottomat.com\/lv\/informacija\/euromillions-eu\/"]}]},{"@type":"ImageObject","inLanguage":"lv-LV","@id":"https:\/\/lottomat.com\/lv\/informacija\/euromillions-eu\/#primaryimage","url":"https:\/\/lottomat.com\/wp-content\/uploads\/2026\/01\/Austrian-EuroMillions-prizes.webp","contentUrl":"https:\/\/lottomat.com\/wp-content\/uploads\/2026\/01\/Austrian-EuroMillions-prizes.webp"},{"@type":"BreadcrumbList","@id":"https:\/\/lottomat.com\/lv\/informacija\/euromillions-eu\/#breadcrumb","itemListElement":[{"@type":"ListItem","position":1,"name":"Home","item":"https:\/\/lottomat.com\/lv\/"},{"@type":"ListItem","position":2,"name":"Loterijas noteikumi: Laimesti, D\u017eekpots un Izredzes","item":"https:\/\/lottomat.com\/lv\/informacija\/"},{"@type":"ListItem","position":3,"name":"EuroMillions Austria noteikumi: Laimesti un D\u017eekpots"}]},{"@type":"WebSite","@id":"https:\/\/lottomat.com\/lv\/#website","url":"https:\/\/lottomat.com\/lv\/","name":"Lottomat","description":"","potentialAction":[{"@type":"SearchAction","target":{"@type":"EntryPoint","urlTemplate":"https:\/\/lottomat.com\/lv\/?s={search_term_string}"},"query-input":{"@type":"PropertyValueSpecification","valueRequired":true,"valueName":"search_term_string"}}],"inLanguage":"lv-LV"}]}},"_links":{"self":[{"href":"https:\/\/lottomat.com\/lv\/wp-json\/wp\/v2\/pages\/273424","targetHints":{"allow":["GET"]}}],"collection":[{"href":"https:\/\/lottomat.com\/lv\/wp-json\/wp\/v2\/pages"}],"about":[{"href":"https:\/\/lottomat.com\/lv\/wp-json\/wp\/v2\/types\/page"}],"author":[{"embeddable":true,"href":"https:\/\/lottomat.com\/lv\/wp-json\/wp\/v2\/users\/11"}],"replies":[{"embeddable":true,"href":"https:\/\/lottomat.com\/lv\/wp-json\/wp\/v2\/comments?post=273424"}],"version-history":[{"count":2,"href":"https:\/\/lottomat.com\/lv\/wp-json\/wp\/v2\/pages\/273424\/revisions"}],"predecessor-version":[{"id":273428,"href":"https:\/\/lottomat.com\/lv\/wp-json\/wp\/v2\/pages\/273424\/revisions\/273428"}],"up":[{"embeddable":true,"href":"https:\/\/lottomat.com\/lv\/wp-json\/wp\/v2\/pages\/6891"}],"wp:attachment":[{"href":"https:\/\/lottomat.com\/lv\/wp-json\/wp\/v2\/media?parent=273424"}],"curies":[{"name":"wp","href":"https:\/\/api.w.org\/{rel}","templated":true}]}}