{"id":273423,"date":"2025-05-18T16:34:38","date_gmt":"2025-05-18T16:34:38","guid":{"rendered":"https:\/\/lottomat.com\/?page_id=273423"},"modified":"2026-03-12T21:21:12","modified_gmt":"2026-03-12T21:21:12","slug":"euromillions-eu","status":"publish","type":"page","link":"https:\/\/lottomat.com\/lv\/rezultati\/euromillions-eu\/","title":{"rendered":"EuroMillions Austrija rezult\u0101ti \u2013 EuroMillions ES uzvar\u0113ju\u0161ie skait\u013ci"},"content":{"rendered":"\n\n<div class=\"kk-star-ratings kksr-auto kksr-align-left kksr-valign-top\"\n    data-payload='{&quot;align&quot;:&quot;left&quot;,&quot;id&quot;:&quot;273423&quot;,&quot;slug&quot;:&quot;default&quot;,&quot;valign&quot;:&quot;top&quot;,&quot;ignore&quot;:&quot;&quot;,&quot;reference&quot;:&quot;auto&quot;,&quot;class&quot;:&quot;&quot;,&quot;count&quot;:&quot;0&quot;,&quot;legendonly&quot;:&quot;&quot;,&quot;readonly&quot;:&quot;&quot;,&quot;score&quot;:&quot;0&quot;,&quot;starsonly&quot;:&quot;&quot;,&quot;best&quot;:&quot;5&quot;,&quot;gap&quot;:&quot;5&quot;,&quot;greet&quot;:&quot;Rate this page&quot;,&quot;legend&quot;:&quot;0\\\/5 - (0 votes)&quot;,&quot;size&quot;:&quot;30&quot;,&quot;title&quot;:&quot;EuroMillions Austrija rezult\u0101ti \u2013 EuroMillions ES uzvar\u0113ju\u0161ie skait\u013ci&quot;,&quot;width&quot;:&quot;0&quot;,&quot;_legend&quot;:&quot;{score}\\\/{best} - ({count} {votes})&quot;,&quot;font_factor&quot;:&quot;1.25&quot;}'>\n            \n<div class=\"kksr-stars\">\n    \n<div class=\"kksr-stars-inactive\">\n            <div class=\"kksr-star\" data-star=\"1\" style=\"padding-right: 5px\">\n            \n\n<div class=\"kksr-icon\" style=\"width: 30px; height: 30px;\"><\/div>\n        <\/div>\n            <div class=\"kksr-star\" data-star=\"2\" style=\"padding-right: 5px\">\n            \n\n<div class=\"kksr-icon\" style=\"width: 30px; height: 30px;\"><\/div>\n        <\/div>\n            <div class=\"kksr-star\" data-star=\"3\" style=\"padding-right: 5px\">\n            \n\n<div class=\"kksr-icon\" style=\"width: 30px; height: 30px;\"><\/div>\n        <\/div>\n            <div class=\"kksr-star\" data-star=\"4\" style=\"padding-right: 5px\">\n            \n\n<div class=\"kksr-icon\" style=\"width: 30px; height: 30px;\"><\/div>\n        <\/div>\n            <div class=\"kksr-star\" data-star=\"5\" style=\"padding-right: 5px\">\n            \n\n<div class=\"kksr-icon\" style=\"width: 30px; height: 30px;\"><\/div>\n        <\/div>\n    <\/div>\n    \n<div class=\"kksr-stars-active\" style=\"width: 0px;\">\n            <div class=\"kksr-star\" style=\"padding-right: 5px\">\n            \n\n<div class=\"kksr-icon\" style=\"width: 30px; height: 30px;\"><\/div>\n        <\/div>\n            <div class=\"kksr-star\" style=\"padding-right: 5px\">\n            \n\n<div class=\"kksr-icon\" style=\"width: 30px; height: 30px;\"><\/div>\n        <\/div>\n            <div class=\"kksr-star\" style=\"padding-right: 5px\">\n            \n\n<div class=\"kksr-icon\" style=\"width: 30px; height: 30px;\"><\/div>\n        <\/div>\n            <div class=\"kksr-star\" style=\"padding-right: 5px\">\n            \n\n<div class=\"kksr-icon\" style=\"width: 30px; height: 30px;\"><\/div>\n        <\/div>\n            <div class=\"kksr-star\" style=\"padding-right: 5px\">\n            \n\n<div class=\"kksr-icon\" style=\"width: 30px; height: 30px;\"><\/div>\n        <\/div>\n    <\/div>\n<\/div>\n                \n\n<div class=\"kksr-legend\" style=\"font-size: 24px;\">\n            <span class=\"kksr-muted\">Rate this page<\/span>\n    <\/div>\n    <\/div>\n<h2>Atkl\u0101jiet EuroMillions Austrija rezult\u0101tu aizraujo\u0161o pasauli<img loading=\"lazy\" decoding=\"async\" class=\"alignright wp-image-268309\" src=\"https:\/\/lottomat.com\/wp-content\/uploads\/2026\/01\/Austrian-EuroMillions-draw.webp\" alt=\"EuroMillions izloze Austrij\u0101\" width=\"200\" height=\"200\" srcset=\"https:\/\/lottomat.com\/wp-content\/uploads\/2026\/01\/Austrian-EuroMillions-draw.webp 400w, https:\/\/lottomat.com\/wp-content\/uploads\/2026\/01\/Austrian-EuroMillions-draw-300x300.webp 300w, https:\/\/lottomat.com\/wp-content\/uploads\/2026\/01\/Austrian-EuroMillions-draw-150x150.webp 150w, https:\/\/lottomat.com\/wp-content\/uploads\/2026\/01\/Austrian-EuroMillions-draw-100x100.webp 100w\" sizes=\"auto, (max-width: 200px) 100vw, 200px\" \/><\/h2>\n<p>Ja k\u0101dreiz esat sap\u0146ojis vien\u0101 nakt\u012b main\u012bt savu dz\u012bvi, EuroMillions Austrija ir loterija, kas p\u0101rv\u0113r\u0161 sap\u0146us realit\u0101t\u0113. Ar aizraujo\u0161\u0101m izloz\u0113m, dz\u012bvi maino\u0161iem d\u017eekpotiem un st\u0101stiem par neticamiem uzvar\u0113t\u0101jiem EuroMillions Austrija katru ned\u0113\u013cu aizrauj miljoniem cilv\u0113ku vis\u0101 Eirop\u0101. Neatkar\u012bgi no t\u0101, vai esat pieredz\u0113jis sp\u0113l\u0113t\u0101js vai tikai dom\u0101jat par sava pirm\u0101 bi\u013cetes ieg\u0101di, rezult\u0101tu un iesp\u0113ju izp\u0113te var rad\u012bt saj\u016bsmu un cer\u012bbu. Ienirsim EuroMillions Austrija rezult\u0101tu pasaul\u0113, apl\u016bkosim liel\u0101kos laimestus un noskaidrosim, cik bie\u017ei veiksme uzsmaida laim\u012bgajiem sp\u0113l\u0113t\u0101jiem!<\/p>\n<h2>Rekordlieli laimesti: iepaz\u012bstieties ar liel\u0101kajiem EuroMillions Austrija uzvar\u0113t\u0101jiem<\/h2>\n<p>Run\u0101jot par iespaid\u012bgiem d\u017eekpotiem, EuroMillions Austrija noteikti ir ierakst\u012bjis savu v\u0101rdu v\u0113stur\u0113. \u0160\u012b loterija, kas ir da\u013ca no pla\u0161\u0101k\u0101 EuroMillions konsorcija, regul\u0101ri pied\u0101v\u0101 balvas, kas var sasniegt \u0101rk\u0101rt\u012bgi lielas summas, da\u017ek\u0101rt p\u0101rsniedzot 100 miljonus eiro. Gadu gait\u0101 Austrij\u0101 ir notiku\u0161i vair\u0101ki iev\u0113rojami laimesti, kas uz visiem laikiem main\u012bju\u0161i to cilv\u0113ku dz\u012bvi, kuri tur\u0113ja laim\u012bg\u0101s bi\u013cetes.<img loading=\"lazy\" decoding=\"async\" class=\"alignleft wp-image-268340\" src=\"https:\/\/lottomat.com\/wp-content\/uploads\/2026\/01\/Austrian-EuroMillions-numbers.webp\" alt=\"EuroMillions Austrija skait\u013ci\" width=\"200\" height=\"200\" srcset=\"https:\/\/lottomat.com\/wp-content\/uploads\/2026\/01\/Austrian-EuroMillions-numbers.webp 400w, https:\/\/lottomat.com\/wp-content\/uploads\/2026\/01\/Austrian-EuroMillions-numbers-300x300.webp 300w, https:\/\/lottomat.com\/wp-content\/uploads\/2026\/01\/Austrian-EuroMillions-numbers-150x150.webp 150w, https:\/\/lottomat.com\/wp-content\/uploads\/2026\/01\/Austrian-EuroMillions-numbers-100x100.webp 100w\" sizes=\"auto, (max-width: 200px) 100vw, 200px\" \/><\/p>\n<p>Viens no slaven\u0101kajiem laimestiem Austrij\u0101 notika 2020. gada august\u0101, kad kol\u0113\u0123u grupa no V\u012bnes ieguva neticamus 45 miljonus eiro. Vi\u0146u st\u0101sts k\u013cuva par sens\u0101ciju vis\u0101 valst\u012b \u2013 draugi un \u0123imene svin\u0113ja, un uzvar\u0113t\u0101ji gandr\u012bz nesp\u0113ja notic\u0113t savai veiksmei. T\u0101 nebija viena cilv\u0113ka uzvara, bet gan komandas, kuras dz\u012bve tika kop\u012bgi main\u012bta.<\/p>\n<p>V\u0113l viens neaizmirstams br\u012bdis notika 2018. gad\u0101, kad sp\u0113l\u0113t\u0101js no Zalcburgas tr\u0101p\u012bja visus piecus galvenos skait\u013cus un abas Lucky Stars, nodro\u0161inot sev 30 miljonu eiro d\u017eekpotu. Uzvar\u0113t\u0101js izv\u0113l\u0113j\u0101s palikt anon\u012bms, ta\u010du viet\u0113jie mediji zi\u0146oja par saj\u016bsmas vilni Zalcburg\u0101, kad pils\u0113tu p\u0101r\u0146\u0113ma spekul\u0101cijas un prieks par \u0161o zi\u0146u.<\/p>\n<p>Lai gan tie ir vieni no liel\u0101kajiem laimestiem, tie neb\u016bt nav vien\u012bgie veiksmes st\u0101sti. Vis\u0101 Austrij\u0101 \u2013 no Gr\u0101cas l\u012bdz Insbrukai \u2013 EuroMillions ir rad\u012bjis jaunus miljon\u0101rus, katram ar savu unik\u0101lo st\u0101stu par to, k\u0101 viena bi\u013cete main\u012bja visu.<\/p>\n<h2>Cik bie\u017ei notiek EuroMillions Austrija laimesti?<\/h2>\n<p>Viens no aizraujo\u0161\u0101kajiem EuroMillions Austrija aspektiem ir tas, cik bie\u017ei tiek ieg\u016bti <a href=\"https:\/\/lottomat.com\/lv\/informacija\/euromillion\/\">dz\u012bvi maino\u0161i EuroMillions Austrija laimesti<\/a>. Ar div\u0101m izloz\u0113m katru ned\u0113\u013cu \u2013 otrdien\u0101s un piektdien\u0101s \u2013 iesp\u0113jas laim\u0113t ir daudz. Paties\u012bb\u0101 statistika r\u0101da, ka Austrijas sp\u0113l\u0113t\u0101ji regul\u0101ri ieg\u016bst lielas balvas gan d\u017eekpota l\u012bmen\u012b, gan zem\u0101kaj\u0101s balvu kategorij\u0101s.<\/p>\n<p>Izredzes laim\u0113t jebkuru balvu EuroMillions ir iedro\u0161ino\u0161as \u2013 1 pret 13, kas noz\u012bm\u0113, ka gandr\u012bz katra izloze nes jaunu uzvar\u0113t\u0101ju vilni. Austrij\u0101 katru gadu simtiem t\u016bksto\u0161u sp\u0113l\u0113t\u0101ju sa\u0146em balvas \u2013 s\u0101kot no maz\u0101k\u0101m naudas summ\u0101m l\u012bdz vair\u0101ku miljonu eiro d\u017eekpotiem.<img loading=\"lazy\" decoding=\"async\" class=\"alignright wp-image-268370\" src=\"https:\/\/lottomat.com\/wp-content\/uploads\/2026\/01\/EuroMillions-Austria-draw.webp\" alt=\"EuroMillions Austrija izloze\" width=\"200\" height=\"200\" srcset=\"https:\/\/lottomat.com\/wp-content\/uploads\/2026\/01\/EuroMillions-Austria-draw.webp 400w, https:\/\/lottomat.com\/wp-content\/uploads\/2026\/01\/EuroMillions-Austria-draw-300x300.webp 300w, https:\/\/lottomat.com\/wp-content\/uploads\/2026\/01\/EuroMillions-Austria-draw-150x150.webp 150w, https:\/\/lottomat.com\/wp-content\/uploads\/2026\/01\/EuroMillions-Austria-draw-100x100.webp 100w\" sizes=\"auto, (max-width: 200px) 100vw, 200px\" \/><\/p>\n<p>V\u0113l aizraujo\u0161\u0101k ir tas, ka EuroMillions Austrija bie\u017ei tiek p\u0101rnests, palielinot d\u017eekpotu ar katru izlozi, l\u012bdz k\u0101ds tr\u0101pa visus skait\u013cus. Tas var izrais\u012bt iev\u0113rojamu bi\u013ce\u0161u p\u0101rdo\u0161anas pieaugumu un j\u016btamu gaidu saj\u016btu vis\u0101 valst\u012b, kad d\u017eekpots k\u013c\u016bst arvien liel\u0101ks.<\/p>\n<p>Ne tikai individu\u0101li sp\u0113l\u0113t\u0101ji uzvar. Sindik\u0101ti \u2013 draugu, \u0123ime\u0146u vai kol\u0113\u0123u grupas \u2013 bie\u017ei apvienojas, lai kop\u0101 ieg\u0101d\u0101tos EuroMillions Austrija bi\u013cetes, palielinot savas izredzes laim\u0113t un daudzos gad\u012bjumos daloties priek\u0101 par lielu laimestu.<\/p>\n<h2>EuroMillions laimesta prieks un iesp\u0113jas<\/h2>\n<p>Iedom\u0101jieties, ka pamostaties un atkl\u0101jat, ka esat jaun\u0101kais miljon\u0101rs Austrij\u0101. Iesp\u0113jas ir bezgal\u012bgas: ce\u013cot pa pasauli, ieg\u0101d\u0101ties sap\u0146u m\u0101ju, atbalst\u012bt savus tuviniekus vai ieguld\u012bt projekt\u0101, par kuru vienm\u0113r esat sap\u0146ojis. Daudziem EuroMillions Austrija uzvar\u0113t\u0101jiem lielais laimests realit\u0101t\u0113 ir pat v\u0113l lab\u0101ks, nek\u0101 vi\u0146i bija iedom\u0101ju\u0161ies.<\/p>\n<p>Ir daudz st\u0101stu par uzvar\u0113t\u0101jiem, kuri savu jauno bag\u0101t\u012bbu izmantoju\u0161i, lai rad\u012btu p\u0101rmai\u0146as \u2013 ne tikai sav\u0101 dz\u012bv\u0113, bet ar\u012b sav\u0101s kopien\u0101s. Da\u017ei ziedoju\u0161i viet\u0113j\u0101m labdar\u012bbas organiz\u0101cij\u0101m, izveidoju\u0161i uz\u0146\u0113mumus, kas rad\u012bju\u0161i darba vietas, vai piepild\u012bju\u0161i m\u016b\u017ea sap\u0146us. Neatkar\u012bgi no t\u0101, vai t\u0101 ir spont\u0101na piedz\u012bvojumu ce\u013co\u0161ana vai r\u016bp\u012bgi pl\u0101nota pension\u0113\u0161an\u0101s, br\u012bv\u012bba, ko sniedz EuroMillions laimests, ir patiesi iev\u0113rojama.<\/p>\n<p>Katru otrdienu un piektdienu, kad tiek pazi\u0146oti rezult\u0101ti, t\u016bksto\u0161iem austrie\u0161u izj\u016bt gaidu savi\u013c\u0146ojumu. Skait\u013cu p\u0101rbaude, iedom\u0101\u0161an\u0101s par to, ko j\u016bs dar\u012btu, ja laim\u0113tu, un dal\u012b\u0161an\u0101s priek\u0101 ar draugiem un \u0123imeni \u2013 tas viss ir da\u013ca no burv\u012bbas, kas padara EuroMillions Austrija tik \u012bpa\u0161u.<\/p>\n<h2>EuroMillions Austrija rezult\u0101tu p\u0101rbaude: j\u016bsu pirmais solis uz jaunu dz\u012bvi<\/h2>\n<p><img loading=\"lazy\" decoding=\"async\" class=\"alignleft wp-image-268401\" src=\"https:\/\/lottomat.com\/wp-content\/uploads\/2026\/01\/EuroMillions-Austria-results.webp\" alt=\"EuroMillions Austrija rezult\u0101ti\" width=\"200\" height=\"200\" srcset=\"https:\/\/lottomat.com\/wp-content\/uploads\/2026\/01\/EuroMillions-Austria-results.webp 400w, https:\/\/lottomat.com\/wp-content\/uploads\/2026\/01\/EuroMillions-Austria-results-300x300.webp 300w, https:\/\/lottomat.com\/wp-content\/uploads\/2026\/01\/EuroMillions-Austria-results-150x150.webp 150w, https:\/\/lottomat.com\/wp-content\/uploads\/2026\/01\/EuroMillions-Austria-results-100x100.webp 100w\" sizes=\"auto, (max-width: 200px) 100vw, 200px\" \/>Sekot l\u012bdzi jaun\u0101kajiem EuroMillions Austrija rezult\u0101tiem ir b\u016btiski katram sp\u0113l\u0113t\u0101jam. <a href=\"https:\/\/lottomat.com\/lv\/rezultati\/\">Ofici\u0101lie loterijas rezult\u0101ti<\/a> tiek public\u0113ti neilgi p\u0113c katras izlozes, un to p\u0101rbaud\u012bt nekad nav bijis viegl\u0101k \u2013 tie\u0161saist\u0113, izmantojot ofici\u0101l\u0101s lietotnes vai pie viet\u0113j\u0101 loterijas tirgot\u0101ja. Kad tiek atkl\u0101ti uzvar\u0113ju\u0161ie skait\u013ci, sirdis sitas strauj\u0101k un cer\u012bbas pieaug, jo sp\u0113l\u0113t\u0101ji vis\u0101 Austrij\u0101 gaida, lai uzzin\u0101tu, vai vi\u0146i b\u016bs n\u0101kamie laim\u012bgie uzvar\u0113t\u0101ji.<\/p>\n<p>Ja jums rok\u0101s ir uzvar\u0113ju\u0161a bi\u013cete, process ir vienk\u0101r\u0161s. Lielos laimestus var sa\u0146emt Austrian Lotteries galvenaj\u0101 biroj\u0101 ar pilnu atbalstu katr\u0101 sol\u012b. Pat ja laim\u0113jat maz\u0101ku balvu, savu laimestu varat sa\u0146emt pie autoriz\u0113tiem tirgot\u0101jiem, padarot katru uzvaru pieejamu un dro\u0161u.<\/p>\n<p>Atcerieties \u2013 katra EuroMillions Austrija izloze nes jaunas iesp\u0113jas. Pat ja j\u016bs neieg\u016bstat d\u017eekpotu, ir divpadsmit da\u017e\u0101das balvu kategorijas, kas noz\u012bm\u0113, ka t\u016bksto\u0161iem austrie\u0161u katru ned\u0113\u013cu bauda laimestus \u2013 lielus un mazus.<\/p>\n<hr \/>\n<p>EuroMillions Austrija ir vair\u0101k nek\u0101 tikai sp\u0113le \u2013 tas ir ce\u013c\u0161 uz sap\u0146iem, aizraut\u012bbu un iesp\u0113ju piedz\u012bvot dz\u012bvi pavisam cit\u0101di. Ar katru izlozi tiek rakst\u012bti jauni st\u0101sti, un jauni uzvar\u0113t\u0101ji non\u0101k uzman\u012bbas centr\u0101. Vai j\u016bs b\u016bsiet n\u0101kamais, kas pievienosies vi\u0146u pulkam? <a href=\"https:\/\/lottomat.com\/lv\/spelet\/euromillions-eu\/\">Sp\u0113l\u0113jiet EuroMillions Austrija tie\u0161saist\u0113<\/a>, p\u0101rbaudiet jaun\u0101kos EuroMillions Austrija rezult\u0101tus un uzdro\u0161inieties sap\u0146ot lielus sap\u0146us!<\/p>\n","protected":false},"excerpt":{"rendered":"<p>Atkl\u0101jiet EuroMillions Austrija rezult\u0101tu aizraujo\u0161o pasauli Ja k\u0101dreiz esat sap\u0146ojis vien\u0101 nakt\u012b main\u012bt savu dz\u012bvi, EuroMillions Austrija ir loterija, kas p\u0101rv\u0113r\u0161 sap\u0146us realit\u0101t\u0113. Ar aizraujo\u0161\u0101m izloz\u0113m, dz\u012bvi maino\u0161iem d\u017eekpotiem un st\u0101stiem par neticamiem uzvar\u0113t\u0101jiem EuroMillions Austrija katru ned\u0113\u013cu aizrauj miljoniem cilv\u0113ku vis\u0101 Eirop\u0101. Neatkar\u012bgi no t\u0101, vai esat pieredz\u0113jis sp\u0113l\u0113t\u0101js vai tikai dom\u0101jat par sava [&hellip;]<\/p>\n","protected":false},"author":11,"featured_media":0,"parent":7433,"menu_order":0,"comment_status":"closed","ping_status":"closed","template":"euromillions-results.php","meta":{"_et_pb_use_builder":"","_et_pb_old_content":"","_et_gb_content_width":"","exclude_from_search":false,"footnotes":""},"class_list":["post-273423","page","type-page","status-publish","hentry"],"yoast_head":"<!-- This site is optimized with the Yoast SEO plugin v23.8 - https:\/\/yoast.com\/wordpress\/plugins\/seo\/ -->\n<title>EuroMillions Austrija rezult\u0101ti un uzvar\u0113ju\u0161ie skait\u013ci \u2013 Lottomat<\/title>\n<meta name=\"description\" content=\"P\u0101rbaudiet jaun\u0101kos EuroMillions Austrija rezult\u0101tus un uzvar\u0113ju\u0161os skait\u013cus. Uzziniet vair\u0101k par ofici\u0101lajiem izlozes rezult\u0101tiem. P\u0101rbaudiet, vai esat laim\u0113jis \u0161aj\u0101 loterij\u0101!\" \/>\n<meta name=\"robots\" content=\"index, follow, max-snippet:-1, max-image-preview:large, max-video-preview:-1\" \/>\n<link rel=\"canonical\" href=\"https:\/\/lottomat.com\/lv\/rezultati\/euromillions-eu\/\" \/>\n<meta property=\"og:locale\" content=\"lv_LV\" \/>\n<meta property=\"og:type\" content=\"article\" \/>\n<meta property=\"og:title\" content=\"EuroMillions Austrija rezult\u0101ti un uzvar\u0113ju\u0161ie skait\u013ci \u2013 Lottomat\" \/>\n<meta property=\"og:description\" content=\"P\u0101rbaudiet jaun\u0101kos EuroMillions Austrija rezult\u0101tus un uzvar\u0113ju\u0161os skait\u013cus. Uzziniet vair\u0101k par ofici\u0101lajiem izlozes rezult\u0101tiem. P\u0101rbaudiet, vai esat laim\u0113jis \u0161aj\u0101 loterij\u0101!\" \/>\n<meta property=\"og:url\" content=\"https:\/\/lottomat.com\/lv\/rezultati\/euromillions-eu\/\" \/>\n<meta property=\"og:site_name\" content=\"Lottomat\" \/>\n<meta property=\"article:modified_time\" content=\"2026-03-12T21:21:12+00:00\" \/>\n<meta property=\"og:image\" content=\"https:\/\/lottomat.com\/wp-content\/uploads\/2026\/01\/Austrian-EuroMillions-draw.webp\" \/>\n\t<meta property=\"og:image:width\" content=\"400\" \/>\n\t<meta property=\"og:image:height\" content=\"400\" \/>\n\t<meta property=\"og:image:type\" content=\"image\/webp\" \/>\n<meta name=\"twitter:card\" content=\"summary_large_image\" \/>\n<meta name=\"twitter:label1\" content=\"Est. reading time\" \/>\n\t<meta name=\"twitter:data1\" content=\"5 minutes\" \/>\n<script type=\"application\/ld+json\" class=\"yoast-schema-graph\">{\"@context\":\"https:\/\/schema.org\",\"@graph\":[{\"@type\":\"WebPage\",\"@id\":\"https:\/\/lottomat.com\/lv\/rezultati\/euromillions-eu\/\",\"url\":\"https:\/\/lottomat.com\/lv\/rezultati\/euromillions-eu\/\",\"name\":\"EuroMillions Austrija rezult\u0101ti un uzvar\u0113ju\u0161ie skait\u013ci \u2013 Lottomat\",\"isPartOf\":{\"@id\":\"https:\/\/lottomat.com\/lv\/#website\"},\"primaryImageOfPage\":{\"@id\":\"https:\/\/lottomat.com\/lv\/rezultati\/euromillions-eu\/#primaryimage\"},\"image\":{\"@id\":\"https:\/\/lottomat.com\/lv\/rezultati\/euromillions-eu\/#primaryimage\"},\"thumbnailUrl\":\"https:\/\/lottomat.com\/wp-content\/uploads\/2026\/01\/Austrian-EuroMillions-draw.webp\",\"datePublished\":\"2025-05-18T16:34:38+00:00\",\"dateModified\":\"2026-03-12T21:21:12+00:00\",\"description\":\"P\u0101rbaudiet jaun\u0101kos EuroMillions Austrija rezult\u0101tus un uzvar\u0113ju\u0161os skait\u013cus. Uzziniet vair\u0101k par ofici\u0101lajiem izlozes rezult\u0101tiem. P\u0101rbaudiet, vai esat laim\u0113jis \u0161aj\u0101 loterij\u0101!\",\"breadcrumb\":{\"@id\":\"https:\/\/lottomat.com\/lv\/rezultati\/euromillions-eu\/#breadcrumb\"},\"inLanguage\":\"lv-LV\",\"potentialAction\":[{\"@type\":\"ReadAction\",\"target\":[\"https:\/\/lottomat.com\/lv\/rezultati\/euromillions-eu\/\"]}]},{\"@type\":\"ImageObject\",\"inLanguage\":\"lv-LV\",\"@id\":\"https:\/\/lottomat.com\/lv\/rezultati\/euromillions-eu\/#primaryimage\",\"url\":\"https:\/\/lottomat.com\/wp-content\/uploads\/2026\/01\/Austrian-EuroMillions-draw.webp\",\"contentUrl\":\"https:\/\/lottomat.com\/wp-content\/uploads\/2026\/01\/Austrian-EuroMillions-draw.webp\"},{\"@type\":\"BreadcrumbList\",\"@id\":\"https:\/\/lottomat.com\/lv\/rezultati\/euromillions-eu\/#breadcrumb\",\"itemListElement\":[{\"@type\":\"ListItem\",\"position\":1,\"name\":\"Home\",\"item\":\"https:\/\/lottomat.com\/lv\/\"},{\"@type\":\"ListItem\",\"position\":2,\"name\":\"Jaun\u0101kie loterijas rezult\u0101ti un laim\u012bgie skait\u013ci\",\"item\":\"https:\/\/lottomat.com\/lv\/rezultati\/\"},{\"@type\":\"ListItem\",\"position\":3,\"name\":\"EuroMillions Austrija rezult\u0101ti \u2013 EuroMillions ES uzvar\u0113ju\u0161ie skait\u013ci\"}]},{\"@type\":\"WebSite\",\"@id\":\"https:\/\/lottomat.com\/lv\/#website\",\"url\":\"https:\/\/lottomat.com\/lv\/\",\"name\":\"Lottomat\",\"description\":\"\",\"potentialAction\":[{\"@type\":\"SearchAction\",\"target\":{\"@type\":\"EntryPoint\",\"urlTemplate\":\"https:\/\/lottomat.com\/lv\/?s={search_term_string}\"},\"query-input\":{\"@type\":\"PropertyValueSpecification\",\"valueRequired\":true,\"valueName\":\"search_term_string\"}}],\"inLanguage\":\"lv-LV\"}]}<\/script>\n<!-- \/ Yoast SEO plugin. -->","yoast_head_json":{"title":"EuroMillions Austrija rezult\u0101ti un uzvar\u0113ju\u0161ie skait\u013ci \u2013 Lottomat","description":"P\u0101rbaudiet jaun\u0101kos EuroMillions Austrija rezult\u0101tus un uzvar\u0113ju\u0161os skait\u013cus. Uzziniet vair\u0101k par ofici\u0101lajiem izlozes rezult\u0101tiem. P\u0101rbaudiet, vai esat laim\u0113jis \u0161aj\u0101 loterij\u0101!","robots":{"index":"index","follow":"follow","max-snippet":"max-snippet:-1","max-image-preview":"max-image-preview:large","max-video-preview":"max-video-preview:-1"},"canonical":"https:\/\/lottomat.com\/lv\/rezultati\/euromillions-eu\/","og_locale":"lv_LV","og_type":"article","og_title":"EuroMillions Austrija rezult\u0101ti un uzvar\u0113ju\u0161ie skait\u013ci \u2013 Lottomat","og_description":"P\u0101rbaudiet jaun\u0101kos EuroMillions Austrija rezult\u0101tus un uzvar\u0113ju\u0161os skait\u013cus. Uzziniet vair\u0101k par ofici\u0101lajiem izlozes rezult\u0101tiem. P\u0101rbaudiet, vai esat laim\u0113jis \u0161aj\u0101 loterij\u0101!","og_url":"https:\/\/lottomat.com\/lv\/rezultati\/euromillions-eu\/","og_site_name":"Lottomat","article_modified_time":"2026-03-12T21:21:12+00:00","og_image":[{"width":400,"height":400,"url":"https:\/\/lottomat.com\/wp-content\/uploads\/2026\/01\/Austrian-EuroMillions-draw.webp","type":"image\/webp"}],"twitter_card":"summary_large_image","twitter_misc":{"Est. reading time":"5 minutes"},"schema":{"@context":"https:\/\/schema.org","@graph":[{"@type":"WebPage","@id":"https:\/\/lottomat.com\/lv\/rezultati\/euromillions-eu\/","url":"https:\/\/lottomat.com\/lv\/rezultati\/euromillions-eu\/","name":"EuroMillions Austrija rezult\u0101ti un uzvar\u0113ju\u0161ie skait\u013ci \u2013 Lottomat","isPartOf":{"@id":"https:\/\/lottomat.com\/lv\/#website"},"primaryImageOfPage":{"@id":"https:\/\/lottomat.com\/lv\/rezultati\/euromillions-eu\/#primaryimage"},"image":{"@id":"https:\/\/lottomat.com\/lv\/rezultati\/euromillions-eu\/#primaryimage"},"thumbnailUrl":"https:\/\/lottomat.com\/wp-content\/uploads\/2026\/01\/Austrian-EuroMillions-draw.webp","datePublished":"2025-05-18T16:34:38+00:00","dateModified":"2026-03-12T21:21:12+00:00","description":"P\u0101rbaudiet jaun\u0101kos EuroMillions Austrija rezult\u0101tus un uzvar\u0113ju\u0161os skait\u013cus. Uzziniet vair\u0101k par ofici\u0101lajiem izlozes rezult\u0101tiem. P\u0101rbaudiet, vai esat laim\u0113jis \u0161aj\u0101 loterij\u0101!","breadcrumb":{"@id":"https:\/\/lottomat.com\/lv\/rezultati\/euromillions-eu\/#breadcrumb"},"inLanguage":"lv-LV","potentialAction":[{"@type":"ReadAction","target":["https:\/\/lottomat.com\/lv\/rezultati\/euromillions-eu\/"]}]},{"@type":"ImageObject","inLanguage":"lv-LV","@id":"https:\/\/lottomat.com\/lv\/rezultati\/euromillions-eu\/#primaryimage","url":"https:\/\/lottomat.com\/wp-content\/uploads\/2026\/01\/Austrian-EuroMillions-draw.webp","contentUrl":"https:\/\/lottomat.com\/wp-content\/uploads\/2026\/01\/Austrian-EuroMillions-draw.webp"},{"@type":"BreadcrumbList","@id":"https:\/\/lottomat.com\/lv\/rezultati\/euromillions-eu\/#breadcrumb","itemListElement":[{"@type":"ListItem","position":1,"name":"Home","item":"https:\/\/lottomat.com\/lv\/"},{"@type":"ListItem","position":2,"name":"Jaun\u0101kie loterijas rezult\u0101ti un laim\u012bgie skait\u013ci","item":"https:\/\/lottomat.com\/lv\/rezultati\/"},{"@type":"ListItem","position":3,"name":"EuroMillions Austrija rezult\u0101ti \u2013 EuroMillions ES uzvar\u0113ju\u0161ie skait\u013ci"}]},{"@type":"WebSite","@id":"https:\/\/lottomat.com\/lv\/#website","url":"https:\/\/lottomat.com\/lv\/","name":"Lottomat","description":"","potentialAction":[{"@type":"SearchAction","target":{"@type":"EntryPoint","urlTemplate":"https:\/\/lottomat.com\/lv\/?s={search_term_string}"},"query-input":{"@type":"PropertyValueSpecification","valueRequired":true,"valueName":"search_term_string"}}],"inLanguage":"lv-LV"}]}},"_links":{"self":[{"href":"https:\/\/lottomat.com\/lv\/wp-json\/wp\/v2\/pages\/273423","targetHints":{"allow":["GET"]}}],"collection":[{"href":"https:\/\/lottomat.com\/lv\/wp-json\/wp\/v2\/pages"}],"about":[{"href":"https:\/\/lottomat.com\/lv\/wp-json\/wp\/v2\/types\/page"}],"author":[{"embeddable":true,"href":"https:\/\/lottomat.com\/lv\/wp-json\/wp\/v2\/users\/11"}],"replies":[{"embeddable":true,"href":"https:\/\/lottomat.com\/lv\/wp-json\/wp\/v2\/comments?post=273423"}],"version-history":[{"count":2,"href":"https:\/\/lottomat.com\/lv\/wp-json\/wp\/v2\/pages\/273423\/revisions"}],"predecessor-version":[{"id":273427,"href":"https:\/\/lottomat.com\/lv\/wp-json\/wp\/v2\/pages\/273423\/revisions\/273427"}],"up":[{"embeddable":true,"href":"https:\/\/lottomat.com\/lv\/wp-json\/wp\/v2\/pages\/7433"}],"wp:attachment":[{"href":"https:\/\/lottomat.com\/lv\/wp-json\/wp\/v2\/media?parent=273423"}],"curies":[{"name":"wp","href":"https:\/\/api.w.org\/{rel}","templated":true}]}}