{"id":273420,"date":"2025-05-18T16:39:08","date_gmt":"2025-05-18T16:39:08","guid":{"rendered":"https:\/\/lottomat.com\/?page_id=273420"},"modified":"2026-03-12T21:06:00","modified_gmt":"2026-03-12T21:06:00","slug":"euromillions-eu","status":"publish","type":"page","link":"https:\/\/lottomat.com\/lv\/spelet\/euromillions-eu\/","title":{"rendered":"Euromillions EU tie\u0161saist\u0113 &#8211; EuroMillions Austrija bi\u013cetes"},"content":{"rendered":"\n\n<div class=\"kk-star-ratings kksr-auto kksr-align-left kksr-valign-top\"\n    data-payload='{&quot;align&quot;:&quot;left&quot;,&quot;id&quot;:&quot;273420&quot;,&quot;slug&quot;:&quot;default&quot;,&quot;valign&quot;:&quot;top&quot;,&quot;ignore&quot;:&quot;&quot;,&quot;reference&quot;:&quot;auto&quot;,&quot;class&quot;:&quot;&quot;,&quot;count&quot;:&quot;0&quot;,&quot;legendonly&quot;:&quot;&quot;,&quot;readonly&quot;:&quot;&quot;,&quot;score&quot;:&quot;0&quot;,&quot;starsonly&quot;:&quot;&quot;,&quot;best&quot;:&quot;5&quot;,&quot;gap&quot;:&quot;5&quot;,&quot;greet&quot;:&quot;Rate this page&quot;,&quot;legend&quot;:&quot;0\\\/5 - (0 votes)&quot;,&quot;size&quot;:&quot;30&quot;,&quot;title&quot;:&quot;Euromillions EU tie\u0161saist\u0113 - EuroMillions Austrija bi\u013cetes&quot;,&quot;width&quot;:&quot;0&quot;,&quot;_legend&quot;:&quot;{score}\\\/{best} - ({count} {votes})&quot;,&quot;font_factor&quot;:&quot;1.25&quot;}'>\n            \n<div class=\"kksr-stars\">\n    \n<div class=\"kksr-stars-inactive\">\n            <div class=\"kksr-star\" data-star=\"1\" style=\"padding-right: 5px\">\n            \n\n<div class=\"kksr-icon\" style=\"width: 30px; height: 30px;\"><\/div>\n        <\/div>\n            <div class=\"kksr-star\" data-star=\"2\" style=\"padding-right: 5px\">\n            \n\n<div class=\"kksr-icon\" style=\"width: 30px; height: 30px;\"><\/div>\n        <\/div>\n            <div class=\"kksr-star\" data-star=\"3\" style=\"padding-right: 5px\">\n            \n\n<div class=\"kksr-icon\" style=\"width: 30px; height: 30px;\"><\/div>\n        <\/div>\n            <div class=\"kksr-star\" data-star=\"4\" style=\"padding-right: 5px\">\n            \n\n<div class=\"kksr-icon\" style=\"width: 30px; height: 30px;\"><\/div>\n        <\/div>\n            <div class=\"kksr-star\" data-star=\"5\" style=\"padding-right: 5px\">\n            \n\n<div class=\"kksr-icon\" style=\"width: 30px; height: 30px;\"><\/div>\n        <\/div>\n    <\/div>\n    \n<div class=\"kksr-stars-active\" style=\"width: 0px;\">\n            <div class=\"kksr-star\" style=\"padding-right: 5px\">\n            \n\n<div class=\"kksr-icon\" style=\"width: 30px; height: 30px;\"><\/div>\n        <\/div>\n            <div class=\"kksr-star\" style=\"padding-right: 5px\">\n            \n\n<div class=\"kksr-icon\" style=\"width: 30px; height: 30px;\"><\/div>\n        <\/div>\n            <div class=\"kksr-star\" style=\"padding-right: 5px\">\n            \n\n<div class=\"kksr-icon\" style=\"width: 30px; height: 30px;\"><\/div>\n        <\/div>\n            <div class=\"kksr-star\" style=\"padding-right: 5px\">\n            \n\n<div class=\"kksr-icon\" style=\"width: 30px; height: 30px;\"><\/div>\n        <\/div>\n            <div class=\"kksr-star\" style=\"padding-right: 5px\">\n            \n\n<div class=\"kksr-icon\" style=\"width: 30px; height: 30px;\"><\/div>\n        <\/div>\n    <\/div>\n<\/div>\n                \n\n<div class=\"kksr-legend\" style=\"font-size: 24px;\">\n            <span class=\"kksr-muted\">Rate this page<\/span>\n    <\/div>\n    <\/div>\n<h2>Atkl\u0101jiet Euromillions EU aizraujo\u0161o pasauli &#8211; Austrijas ce\u013c\u0161 uz liel\u0101m laimestiem<\/h2>\n<p><img loading=\"lazy\" decoding=\"async\" class=\"alignright wp-image-268063\" src=\"https:\/\/lottomat.com\/wp-content\/uploads\/2026\/01\/Austrian-EuroMillions.webp\" alt=\"Austrijas EuroMillions\" width=\"200\" height=\"200\" srcset=\"https:\/\/lottomat.com\/wp-content\/uploads\/2026\/01\/Austrian-EuroMillions.webp 400w, https:\/\/lottomat.com\/wp-content\/uploads\/2026\/01\/Austrian-EuroMillions-300x300.webp 300w, https:\/\/lottomat.com\/wp-content\/uploads\/2026\/01\/Austrian-EuroMillions-150x150.webp 150w, https:\/\/lottomat.com\/wp-content\/uploads\/2026\/01\/Austrian-EuroMillions-100x100.webp 100w\" sizes=\"auto, (max-width: 200px) 100vw, 200px\" \/><\/p>\n<p>Iedom\u0101jieties, ka pamostaties dz\u012bv\u0113, kur\u0101 visi j\u016bsu sap\u0146i ir rokas stiepiena att\u0101lum\u0101, kur skait\u013ci, kurus izv\u0113l\u0113j\u0101ties vakar vakar\u0101, uz visiem laikiem ir main\u012bju\u0161i j\u016bsu n\u0101kotni. T\u0101ds ir savi\u013c\u0146ojums, kas sagaida ikvienu <strong>Euromillions EU<\/strong> dal\u012bbnieku, kas paz\u012bstams ar\u012b k\u0101 <strong>EuroMillions Austrija<\/strong>. Ar d\u017eekpotiem, kas rosina izt\u0113li, un miljonu sp\u0113l\u0113t\u0101ju saj\u016bsmu \u0161\u012b loterija ir j\u016bsu bi\u013cete uz iesp\u0113ju pasauli.<\/p>\n<p>Euromillions EU nav tikai v\u0113l viena loterija \u2013 t\u0101 ir pieredze, kas vieno sp\u0113l\u0113t\u0101jus vis\u0101 kontinent\u0101 kop\u012bg\u0101 cer\u012bb\u0101 ieg\u016bt lielo laimestu. Gaid\u012b\u0161ana, izlozes vakara satraukums un iesp\u0113ja pievienoties Eiropas liel\u0101kajiem uzvar\u0113t\u0101jiem \u2013 viss s\u0101kas ar vienu bi\u013ceti.<\/p>\n<h2>Kas padara EuroMillions Austrija unik\u0101lu?<\/h2>\n<p>Ja esat paz\u012bstams ar glob\u0101lo EuroMillions fenomenu, iesp\u0113jams, dom\u0101jat, ar ko EU versija \u2013 \u012bpa\u0161i EuroMillions Austrija \u2013 at\u0161\u0137iras no t\u0101s Lielbrit\u0101nijas versijas. Atbilde sl\u0113pjas deta\u013c\u0101s, un loterijas entuziastiem \u0161\u012bs deta\u013cas ir svar\u012bgas.<\/p>\n<p><img loading=\"lazy\" decoding=\"async\" class=\"alignleft wp-image-268094\" src=\"https:\/\/lottomat.com\/wp-content\/uploads\/2026\/01\/EuroMillions-Austria-online.webp\" alt=\"EuroMillions Austrija tie\u0161saist\u0113\" width=\"200\" height=\"200\" srcset=\"https:\/\/lottomat.com\/wp-content\/uploads\/2026\/01\/EuroMillions-Austria-online.webp 400w, https:\/\/lottomat.com\/wp-content\/uploads\/2026\/01\/EuroMillions-Austria-online-300x300.webp 300w, https:\/\/lottomat.com\/wp-content\/uploads\/2026\/01\/EuroMillions-Austria-online-150x150.webp 150w, https:\/\/lottomat.com\/wp-content\/uploads\/2026\/01\/EuroMillions-Austria-online-100x100.webp 100w\" sizes=\"auto, (max-width: 200px) 100vw, 200px\" \/>Euromillions EU seko <a href=\"https:\/\/lottomat.com\/lv\/informacija\/euromillion\/\">klasiskajam EuroMillions form\u0101tam<\/a>, ta\u010du bi\u013cetes tiek ieg\u0101d\u0101tas un laimesti izmaks\u0101ti saska\u0146\u0101 ar Austrijas noteikumiem un nodok\u013cu sist\u0113mu. Tas bie\u017ei noz\u012bm\u0113 at\u0161\u0137ir\u012bgas izmaksu strukt\u016bras un da\u017ek\u0101rt labv\u0113l\u012bg\u0101kus nodok\u013cu nosac\u012bjumus uzvar\u0113t\u0101jiem atkar\u012bb\u0101 no j\u016bsu dz\u012bvesvietas valsts. At\u0161\u0137ir\u012bb\u0101 no Lielbrit\u0101nijas versijas, kur bi\u013cetes tiek ieg\u0101d\u0101tas m\u0101rci\u0146\u0101s un pak\u013cautas britu loteriju regul\u0113jumam, EuroMillions Austrija darbojas eiro val\u016bt\u0101 un iev\u0113ro Austrijas azartsp\u0113\u013cu likumus. Tas var ietekm\u0113t ne tikai to, k\u0101 j\u016bs sp\u0113l\u0113jat, bet ar\u012b to, cik daudz j\u016bs galu gal\u0101 sa\u0146emsiet, ja uzvar\u0113siet.<\/p>\n<p>V\u0113l viena iev\u0113rojama at\u0161\u0137ir\u012bba ir papildu sp\u0113\u013cu un izlo\u017eu kl\u0101sts, kas da\u017ek\u0101rt pavada EuroMillions UK izlozes, piem\u0113ram, UK Millionaire Maker. Lai gan t\u0101s ir pieejamas tikai Lielbrit\u0101nijas dal\u012bbniekiem, sp\u0113l\u0113jot caur Euromillions EU, j\u016bs k\u013c\u016bstat par da\u013cu no patiesi paneiropiskas loterijas pieredzes, daloties aizraut\u012bb\u0101 ar sp\u0113l\u0113t\u0101jiem no Austrijas, Sp\u0101nijas, Francijas, Portug\u0101les, Be\u013c\u0123ijas, \u012arijas, Luksemburgas un \u0160veices. Kop\u012bbas saj\u016bta un sp\u0113les m\u0113rogs padara katru izlozi par patiesi starptautisku notikumu.<\/p>\n<h2>Aizraujo\u0161ais ritms \u2013 kad notiek izlozes?<\/h2>\n<p>Euromillions EU uztur aizraut\u012bbu ar div\u0101m izloz\u0113m katru ned\u0113\u013cu, kas notiek katru otrdienas un piektdienas vakaru. \u0160is regul\u0101rais ritms noz\u012bm\u0113, ka iesp\u0113ja main\u012bt savu dz\u012bvi nekad nav t\u0101lu \u2013 tikai da\u017eas dienas \u0161\u0137ir katru iesp\u0113ju k\u013c\u016bt par n\u0101kamo lielo Eiropas uzvar\u0113t\u0101ju. Gaid\u012b\u0161ana pieaug ned\u0113\u013cas laik\u0101, un katra izloze ir jauns s\u0101kums, jauna iesp\u0113ja veiksmei, kas var b\u016bt tepat aiz st\u016bra.<\/p>\n<p>Ir kaut kas \u012bpa\u0161s apzi\u0146\u0101, ka divas reizes ned\u0113\u013c\u0101 k\u0101ds, kaut kur Eirop\u0101, redz\u0113s savus skait\u013cus izloz\u0113tus. K\u0101p\u0113c lai tas neb\u016btu j\u016bs? Ar tik bie\u017e\u0101m izloz\u0113m Euromillions EU pied\u0101v\u0101 daudz iesp\u0113ju sp\u0113l\u0113t, sap\u0146ot un uzvar\u0113t.<\/p>\n<h2>K\u0101p\u0113c sp\u0113l\u0113t EuroMillions Austrija? Prieks tiekties p\u0113c lieliem sap\u0146iem<\/h2>\n<p>Euromillions EU patiesais \u0161arms sl\u0113pjas dz\u012bvi maino\u0161aj\u0101s iesp\u0113j\u0101s, ko tas pied\u0101v\u0101. D\u017eekpoti regul\u0101ri sasniedz iespaid\u012bgus apm\u0113rus, da\u017ek\u0101rt p\u0101rsniedzot 200 miljonus eiro. Iedom\u0101jieties, ko j\u016bs var\u0113tu dar\u012bt ar \u0161\u0101du laimestu \u2013 ce\u013cot pa pasauli, ieg\u0101d\u0101ties sap\u0146u m\u0101ju, nodro\u0161in\u0101t savas \u0123imenes n\u0101kotni vai atbalst\u012bt jums tuv\u0101kos m\u0113r\u0137us. Horizonts papla\u0161in\u0101s, un vien\u012bgais ierobe\u017eojums ir j\u016bsu izt\u0113le.<\/p>\n<p>Ta\u010du bez milz\u012bgajiem laimestiem ir ar\u012b kaut kas \u012bpa\u0161i gandar\u012bjuma pilns, k\u013c\u016bstot par da\u013cu no tik le\u0123end\u0101ras loterijas. Katra bi\u013cete ir cer\u012bbas sol\u012bjums, neliels ieguld\u012bjums tic\u012bb\u0101, ka veiksme n\u0101kamreiz var uzsmaid\u012bt tie\u0161i jums. Pats izlozes gaid\u012b\u0161anas br\u012bdis, mirklis, kad tiek pazi\u0146oti j\u016bsu skait\u013ci, un sekojo\u0161ais adrenal\u012bna piepl\u016bdums \u2013 t\u0101 ir pieredze, kas ikdienai pie\u0161\u0137ir aizraut\u012bbu.<img loading=\"lazy\" decoding=\"async\" class=\"alignright wp-image-268125\" src=\"https:\/\/lottomat.com\/wp-content\/uploads\/2026\/01\/EuroMillions-Austria-tickets.webp\" alt=\"EuroMillions Austrija bi\u013cetes\" width=\"200\" height=\"200\" srcset=\"https:\/\/lottomat.com\/wp-content\/uploads\/2026\/01\/EuroMillions-Austria-tickets.webp 400w, https:\/\/lottomat.com\/wp-content\/uploads\/2026\/01\/EuroMillions-Austria-tickets-300x300.webp 300w, https:\/\/lottomat.com\/wp-content\/uploads\/2026\/01\/EuroMillions-Austria-tickets-150x150.webp 150w, https:\/\/lottomat.com\/wp-content\/uploads\/2026\/01\/EuroMillions-Austria-tickets-100x100.webp 100w\" sizes=\"auto, (max-width: 200px) 100vw, 200px\" \/><\/p>\n<p>Lai patiesi izbaud\u012btu loterijas dz\u012bvesveidu, svar\u012bga ir regularit\u0101te. Veiksm\u012bg\u0101kie sp\u0113l\u0113t\u0101ji zina, ka regul\u0101ra sp\u0113l\u0113\u0161ana ir atsl\u0113ga uz liel\u0101k\u0101m izredz\u0113m. Katra izlaista izloze ir zaud\u0113ta iesp\u0113ja, t\u0101p\u0113c padariet to par ieradumu \u2013 ieg\u0101d\u0101jieties bi\u013cetes, izv\u0113lieties savus skait\u013cus, gaidiet <a href=\"https:\/\/lottomat.com\/lv\/spelet\/euromillions\/\">ofici\u0101los EuroMillions Austrija rezult\u0101tus<\/a> un palieciet sp\u0113l\u0113. Galu gal\u0101 j\u016bs nevarat uzvar\u0113t, ja nesp\u0113l\u0113jat, un nekad nevar zin\u0101t, kad pien\u0101ks j\u016bsu laim\u012bg\u0101 diena.<\/p>\n<h2>Vair\u0101k nek\u0101 tikai Euromillions \u2013 pasaule gaida j\u016bs Lottomat<\/h2>\n<p>Lai gan Euromillions EU un t\u0101 Lielbrit\u0101nijas versija ir vienas no <a href=\"https:\/\/lottomat.com\/lv\/spelet\/\">popul\u0101r\u0101kaj\u0101m loterij\u0101m Eirop\u0101<\/a>, t\u0101s ir tikai s\u0101kums tam, ko pied\u0101v\u0101 Lottomat. M\u016bsu platforma sniedz piek\u013cuvi visai loteriju pasaulei \u2013 no varen\u0101 Powerball un <a href=\"https:\/\/lottomat.com\/lv\/spelet\/mega-millions\/\">Mega Millions<\/a> Amerikas Savienotaj\u0101s Valst\u012bs l\u012bdz It\u0101lijas <a href=\"https:\/\/lottomat.com\/lv\/spelet\/supernalotto\/\">SuperEnalotto<\/a>, Sp\u0101nijas El Gordo un daudz\u0101m cit\u0101m. Katra loterija pied\u0101v\u0101 savu unik\u0101lo raksturu, izredzes un d\u017eekpotu lielumus, sniedzot neskait\u0101mus veidus, k\u0101 sp\u0113l\u0113t un uzvar\u0113t.<\/p>\n<p>Sp\u0113l\u0113\u0161ana vair\u0101k\u0101s loterij\u0101s ir strat\u0113\u0123ija, ko izmanto daudzi pieredz\u0113ju\u0161i sp\u0113l\u0113t\u0101ji. Izklied\u0113jot savas likmes da\u017e\u0101d\u0101s sp\u0113l\u0113s, j\u016bs ne tikai papla\u0161in\u0101t savas iesp\u0113jas, bet ar\u012b iev\u0113rojami palielin\u0101t izredzes uz lielu laimestu. Katra bi\u013cete ir jauna iesp\u0113ja, katra izloze \u2013 jauns piedz\u012bvojums. Lottomat platform\u0101 jums ir br\u012bv\u012bba izp\u0113t\u012bt, eksperiment\u0113t un atrast sp\u0113les, kas vislab\u0101k atbilst j\u016bsu aizraut\u012bbai.<\/p>\n<p>Loteriju pasaule ir pilna st\u0101stu \u2013 par parastiem cilv\u0113kiem, kuru dz\u012bves vien\u0101 mirkl\u012b main\u012bj\u0101s, par piepild\u012btiem sap\u0146iem un p\u0101rrakst\u012btiem likte\u0146iem. Ar katru ieg\u0101d\u0101to bi\u013ceti j\u016bs pievienojaties \u0161ai glob\u0101lajai sap\u0146ot\u0101ju un uzvar\u0113t\u0101ju kopienai. N\u0101kamais st\u0101sts var b\u016bt j\u016bsu.<\/p>\n<h2>J\u016bsu ce\u013cojums uz veiksmi s\u0101kas \u0161eit<\/h2>\n<p><img loading=\"lazy\" decoding=\"async\" class=\"alignleft wp-image-268155\" src=\"https:\/\/lottomat.com\/wp-content\/uploads\/2026\/01\/play-EuroMillions-Austria.webp\" alt=\"sp\u0113l\u0113jiet EuroMillions Austrija\" width=\"200\" height=\"200\" srcset=\"https:\/\/lottomat.com\/wp-content\/uploads\/2026\/01\/play-EuroMillions-Austria.webp 400w, https:\/\/lottomat.com\/wp-content\/uploads\/2026\/01\/play-EuroMillions-Austria-300x300.webp 300w, https:\/\/lottomat.com\/wp-content\/uploads\/2026\/01\/play-EuroMillions-Austria-150x150.webp 150w, https:\/\/lottomat.com\/wp-content\/uploads\/2026\/01\/play-EuroMillions-Austria-100x100.webp 100w\" sizes=\"auto, (max-width: 200px) 100vw, 200px\" \/>Euromillions EU ir vair\u0101k nek\u0101 tikai sp\u0113le \u2013 t\u0101 ir v\u0101rteja uz gai\u0161\u0101ku n\u0101kotni. Gaid\u012b\u0161anas aizraut\u012bba, iesp\u0113ju prieks un iesp\u0113ja k\u013c\u016bt par vienu no liel\u0101kajiem Eiropas uzvar\u0113t\u0101jiem ir rokas stiepiena att\u0101lum\u0101. Neatkar\u012bgi no t\u0101, vai sp\u0113l\u0113jat pirmo reizi vai esat pieredz\u0113jis loteriju fans, nav lab\u0101ka br\u012b\u017ea iesaist\u012bties.<\/p>\n<p>Atcerieties, ka uzvaras atsl\u0113ga ir piedal\u012b\u0161an\u0101s. Jo vair\u0101k sp\u0113l\u0113jat, jo liel\u0101kas ir j\u016bsu izredzes pievienoties laim\u012bgo cilv\u0113ku rind\u0101m, kuru dz\u012bvi ir main\u012bjusi viena vien\u012bga bi\u013cete. Nepalaidiet gar\u0101m n\u0101kamo izlozi \u2013 izmantojiet savu iesp\u0113ju, izbaudiet aizraut\u012bbu un \u013caujiet Euromillions EU atv\u0113rt durvis dz\u012bvei, par kuru vienm\u0113r esat sap\u0146ojis.<\/p>\n<p>Un, ja v\u0113laties v\u0113l vair\u0101k palielin\u0101t savas izredzes, izp\u0113tiet pla\u0161o starptautisko loteriju izv\u0113li Lottomat platform\u0101. Katra sp\u0113le ir jauna iesp\u0113ja, jauns horizonts un jauns iemesls tic\u0113t, ka veiksme uzsmaida drosm\u012bgajiem. J\u016bsu piedz\u012bvojums s\u0101kas tagad \u2013 vai esat gatavs sp\u0113l\u0113t?<\/p>\n","protected":false},"excerpt":{"rendered":"<p>Atkl\u0101jiet Euromillions EU aizraujo\u0161o pasauli &#8211; Austrijas ce\u013c\u0161 uz liel\u0101m laimestiem Iedom\u0101jieties, ka pamostaties dz\u012bv\u0113, kur\u0101 visi j\u016bsu sap\u0146i ir rokas stiepiena att\u0101lum\u0101, kur skait\u013ci, kurus izv\u0113l\u0113j\u0101ties vakar vakar\u0101, uz visiem laikiem ir main\u012bju\u0161i j\u016bsu n\u0101kotni. T\u0101ds ir savi\u013c\u0146ojums, kas sagaida ikvienu Euromillions EU dal\u012bbnieku, kas paz\u012bstams ar\u012b k\u0101 EuroMillions Austrija. Ar d\u017eekpotiem, kas rosina [&hellip;]<\/p>\n","protected":false},"author":11,"featured_media":0,"parent":6784,"menu_order":0,"comment_status":"closed","ping_status":"closed","template":"euromillions-at.php","meta":{"_et_pb_use_builder":"","_et_pb_old_content":"","_et_gb_content_width":"","exclude_from_search":false,"footnotes":""},"class_list":["post-273420","page","type-page","status-publish","hentry"],"yoast_head":"<!-- This site is optimized with the Yoast SEO plugin v23.8 - https:\/\/yoast.com\/wordpress\/plugins\/seo\/ -->\n<title>EuroMillions Austrija tie\u0161saist\u0113 - P\u0113rciet bi\u013cetes - Lottomat Latvija<\/title>\n<meta name=\"description\" content=\"Sp\u0113l\u0113jiet EuroMillions Austrija tie\u0161saist\u0113 Lottomat. \u0160eit j\u016bs varat ieg\u0101d\u0101ties EuroMillions Austrija bi\u013cetes tie\u0161saist\u0113 n\u0101kamajai izlozei.\" \/>\n<meta name=\"robots\" content=\"index, follow, max-snippet:-1, max-image-preview:large, max-video-preview:-1\" \/>\n<link rel=\"canonical\" href=\"https:\/\/lottomat.com\/lv\/spelet\/euromillions-eu\/\" \/>\n<meta property=\"og:locale\" content=\"lv_LV\" \/>\n<meta property=\"og:type\" content=\"article\" \/>\n<meta property=\"og:title\" content=\"EuroMillions Austrija tie\u0161saist\u0113 - P\u0113rciet bi\u013cetes - Lottomat Latvija\" \/>\n<meta property=\"og:description\" content=\"Sp\u0113l\u0113jiet EuroMillions Austrija tie\u0161saist\u0113 Lottomat. \u0160eit j\u016bs varat ieg\u0101d\u0101ties EuroMillions Austrija bi\u013cetes tie\u0161saist\u0113 n\u0101kamajai izlozei.\" \/>\n<meta property=\"og:url\" content=\"https:\/\/lottomat.com\/lv\/spelet\/euromillions-eu\/\" \/>\n<meta property=\"og:site_name\" content=\"Lottomat\" \/>\n<meta property=\"article:modified_time\" content=\"2026-03-12T21:06:00+00:00\" \/>\n<meta property=\"og:image\" content=\"https:\/\/lottomat.com\/wp-content\/uploads\/2026\/01\/Austrian-EuroMillions.webp\" \/>\n\t<meta property=\"og:image:width\" content=\"400\" \/>\n\t<meta property=\"og:image:height\" content=\"400\" \/>\n\t<meta property=\"og:image:type\" content=\"image\/webp\" \/>\n<meta name=\"twitter:card\" content=\"summary_large_image\" \/>\n<meta name=\"twitter:label1\" content=\"Est. reading time\" \/>\n\t<meta name=\"twitter:data1\" content=\"5 minutes\" \/>\n<script type=\"application\/ld+json\" class=\"yoast-schema-graph\">{\"@context\":\"https:\/\/schema.org\",\"@graph\":[{\"@type\":\"WebPage\",\"@id\":\"https:\/\/lottomat.com\/lv\/spelet\/euromillions-eu\/\",\"url\":\"https:\/\/lottomat.com\/lv\/spelet\/euromillions-eu\/\",\"name\":\"EuroMillions Austrija tie\u0161saist\u0113 - P\u0113rciet bi\u013cetes - Lottomat Latvija\",\"isPartOf\":{\"@id\":\"https:\/\/lottomat.com\/lv\/#website\"},\"primaryImageOfPage\":{\"@id\":\"https:\/\/lottomat.com\/lv\/spelet\/euromillions-eu\/#primaryimage\"},\"image\":{\"@id\":\"https:\/\/lottomat.com\/lv\/spelet\/euromillions-eu\/#primaryimage\"},\"thumbnailUrl\":\"https:\/\/lottomat.com\/wp-content\/uploads\/2026\/01\/Austrian-EuroMillions.webp\",\"datePublished\":\"2025-05-18T16:39:08+00:00\",\"dateModified\":\"2026-03-12T21:06:00+00:00\",\"description\":\"Sp\u0113l\u0113jiet EuroMillions Austrija tie\u0161saist\u0113 Lottomat. \u0160eit j\u016bs varat ieg\u0101d\u0101ties EuroMillions Austrija bi\u013cetes tie\u0161saist\u0113 n\u0101kamajai izlozei.\",\"breadcrumb\":{\"@id\":\"https:\/\/lottomat.com\/lv\/spelet\/euromillions-eu\/#breadcrumb\"},\"inLanguage\":\"lv-LV\",\"potentialAction\":[{\"@type\":\"ReadAction\",\"target\":[\"https:\/\/lottomat.com\/lv\/spelet\/euromillions-eu\/\"]}]},{\"@type\":\"ImageObject\",\"inLanguage\":\"lv-LV\",\"@id\":\"https:\/\/lottomat.com\/lv\/spelet\/euromillions-eu\/#primaryimage\",\"url\":\"https:\/\/lottomat.com\/wp-content\/uploads\/2026\/01\/Austrian-EuroMillions.webp\",\"contentUrl\":\"https:\/\/lottomat.com\/wp-content\/uploads\/2026\/01\/Austrian-EuroMillions.webp\"},{\"@type\":\"BreadcrumbList\",\"@id\":\"https:\/\/lottomat.com\/lv\/spelet\/euromillions-eu\/#breadcrumb\",\"itemListElement\":[{\"@type\":\"ListItem\",\"position\":1,\"name\":\"Home\",\"item\":\"https:\/\/lottomat.com\/lv\/\"},{\"@type\":\"ListItem\",\"position\":2,\"name\":\"Sp\u0113l\u0113 Loteriju\",\"item\":\"https:\/\/lottomat.com\/lv\/spelet\/\"},{\"@type\":\"ListItem\",\"position\":3,\"name\":\"Euromillions EU tie\u0161saist\u0113 &#8211; EuroMillions Austrija bi\u013cetes\"}]},{\"@type\":\"WebSite\",\"@id\":\"https:\/\/lottomat.com\/lv\/#website\",\"url\":\"https:\/\/lottomat.com\/lv\/\",\"name\":\"Lottomat\",\"description\":\"\",\"potentialAction\":[{\"@type\":\"SearchAction\",\"target\":{\"@type\":\"EntryPoint\",\"urlTemplate\":\"https:\/\/lottomat.com\/lv\/?s={search_term_string}\"},\"query-input\":{\"@type\":\"PropertyValueSpecification\",\"valueRequired\":true,\"valueName\":\"search_term_string\"}}],\"inLanguage\":\"lv-LV\"}]}<\/script>\n<!-- \/ Yoast SEO plugin. -->","yoast_head_json":{"title":"EuroMillions Austrija tie\u0161saist\u0113 - P\u0113rciet bi\u013cetes - Lottomat Latvija","description":"Sp\u0113l\u0113jiet EuroMillions Austrija tie\u0161saist\u0113 Lottomat. \u0160eit j\u016bs varat ieg\u0101d\u0101ties EuroMillions Austrija bi\u013cetes tie\u0161saist\u0113 n\u0101kamajai izlozei.","robots":{"index":"index","follow":"follow","max-snippet":"max-snippet:-1","max-image-preview":"max-image-preview:large","max-video-preview":"max-video-preview:-1"},"canonical":"https:\/\/lottomat.com\/lv\/spelet\/euromillions-eu\/","og_locale":"lv_LV","og_type":"article","og_title":"EuroMillions Austrija tie\u0161saist\u0113 - P\u0113rciet bi\u013cetes - Lottomat Latvija","og_description":"Sp\u0113l\u0113jiet EuroMillions Austrija tie\u0161saist\u0113 Lottomat. \u0160eit j\u016bs varat ieg\u0101d\u0101ties EuroMillions Austrija bi\u013cetes tie\u0161saist\u0113 n\u0101kamajai izlozei.","og_url":"https:\/\/lottomat.com\/lv\/spelet\/euromillions-eu\/","og_site_name":"Lottomat","article_modified_time":"2026-03-12T21:06:00+00:00","og_image":[{"width":400,"height":400,"url":"https:\/\/lottomat.com\/wp-content\/uploads\/2026\/01\/Austrian-EuroMillions.webp","type":"image\/webp"}],"twitter_card":"summary_large_image","twitter_misc":{"Est. reading time":"5 minutes"},"schema":{"@context":"https:\/\/schema.org","@graph":[{"@type":"WebPage","@id":"https:\/\/lottomat.com\/lv\/spelet\/euromillions-eu\/","url":"https:\/\/lottomat.com\/lv\/spelet\/euromillions-eu\/","name":"EuroMillions Austrija tie\u0161saist\u0113 - P\u0113rciet bi\u013cetes - Lottomat Latvija","isPartOf":{"@id":"https:\/\/lottomat.com\/lv\/#website"},"primaryImageOfPage":{"@id":"https:\/\/lottomat.com\/lv\/spelet\/euromillions-eu\/#primaryimage"},"image":{"@id":"https:\/\/lottomat.com\/lv\/spelet\/euromillions-eu\/#primaryimage"},"thumbnailUrl":"https:\/\/lottomat.com\/wp-content\/uploads\/2026\/01\/Austrian-EuroMillions.webp","datePublished":"2025-05-18T16:39:08+00:00","dateModified":"2026-03-12T21:06:00+00:00","description":"Sp\u0113l\u0113jiet EuroMillions Austrija tie\u0161saist\u0113 Lottomat. \u0160eit j\u016bs varat ieg\u0101d\u0101ties EuroMillions Austrija bi\u013cetes tie\u0161saist\u0113 n\u0101kamajai izlozei.","breadcrumb":{"@id":"https:\/\/lottomat.com\/lv\/spelet\/euromillions-eu\/#breadcrumb"},"inLanguage":"lv-LV","potentialAction":[{"@type":"ReadAction","target":["https:\/\/lottomat.com\/lv\/spelet\/euromillions-eu\/"]}]},{"@type":"ImageObject","inLanguage":"lv-LV","@id":"https:\/\/lottomat.com\/lv\/spelet\/euromillions-eu\/#primaryimage","url":"https:\/\/lottomat.com\/wp-content\/uploads\/2026\/01\/Austrian-EuroMillions.webp","contentUrl":"https:\/\/lottomat.com\/wp-content\/uploads\/2026\/01\/Austrian-EuroMillions.webp"},{"@type":"BreadcrumbList","@id":"https:\/\/lottomat.com\/lv\/spelet\/euromillions-eu\/#breadcrumb","itemListElement":[{"@type":"ListItem","position":1,"name":"Home","item":"https:\/\/lottomat.com\/lv\/"},{"@type":"ListItem","position":2,"name":"Sp\u0113l\u0113 Loteriju","item":"https:\/\/lottomat.com\/lv\/spelet\/"},{"@type":"ListItem","position":3,"name":"Euromillions EU tie\u0161saist\u0113 &#8211; EuroMillions Austrija bi\u013cetes"}]},{"@type":"WebSite","@id":"https:\/\/lottomat.com\/lv\/#website","url":"https:\/\/lottomat.com\/lv\/","name":"Lottomat","description":"","potentialAction":[{"@type":"SearchAction","target":{"@type":"EntryPoint","urlTemplate":"https:\/\/lottomat.com\/lv\/?s={search_term_string}"},"query-input":{"@type":"PropertyValueSpecification","valueRequired":true,"valueName":"search_term_string"}}],"inLanguage":"lv-LV"}]}},"_links":{"self":[{"href":"https:\/\/lottomat.com\/lv\/wp-json\/wp\/v2\/pages\/273420","targetHints":{"allow":["GET"]}}],"collection":[{"href":"https:\/\/lottomat.com\/lv\/wp-json\/wp\/v2\/pages"}],"about":[{"href":"https:\/\/lottomat.com\/lv\/wp-json\/wp\/v2\/types\/page"}],"author":[{"embeddable":true,"href":"https:\/\/lottomat.com\/lv\/wp-json\/wp\/v2\/users\/11"}],"replies":[{"embeddable":true,"href":"https:\/\/lottomat.com\/lv\/wp-json\/wp\/v2\/comments?post=273420"}],"version-history":[{"count":1,"href":"https:\/\/lottomat.com\/lv\/wp-json\/wp\/v2\/pages\/273420\/revisions"}],"predecessor-version":[{"id":273421,"href":"https:\/\/lottomat.com\/lv\/wp-json\/wp\/v2\/pages\/273420\/revisions\/273421"}],"up":[{"embeddable":true,"href":"https:\/\/lottomat.com\/lv\/wp-json\/wp\/v2\/pages\/6784"}],"wp:attachment":[{"href":"https:\/\/lottomat.com\/lv\/wp-json\/wp\/v2\/media?parent=273420"}],"curies":[{"name":"wp","href":"https:\/\/api.w.org\/{rel}","templated":true}]}}