{"id":238123,"date":"2025-04-07T19:25:51","date_gmt":"2025-04-07T19:25:51","guid":{"rendered":"https:\/\/lottomat.net\/loterijas-rezultati\/superenalotto-rezultati\/"},"modified":"2026-02-15T04:27:39","modified_gmt":"2026-02-15T04:27:39","slug":"superenalotto","status":"publish","type":"page","link":"https:\/\/lottomat.com\/lv\/rezultati\/superenalotto\/","title":{"rendered":"SuperEnalotto Rezult\u0101ti un Laim\u0113ju\u0161ie Skait\u013ci"},"content":{"rendered":"\n\n<div class=\"kk-star-ratings kksr-auto kksr-align-left kksr-valign-top\"\n    data-payload='{&quot;align&quot;:&quot;left&quot;,&quot;id&quot;:&quot;238123&quot;,&quot;slug&quot;:&quot;default&quot;,&quot;valign&quot;:&quot;top&quot;,&quot;ignore&quot;:&quot;&quot;,&quot;reference&quot;:&quot;auto&quot;,&quot;class&quot;:&quot;&quot;,&quot;count&quot;:&quot;0&quot;,&quot;legendonly&quot;:&quot;&quot;,&quot;readonly&quot;:&quot;&quot;,&quot;score&quot;:&quot;0&quot;,&quot;starsonly&quot;:&quot;&quot;,&quot;best&quot;:&quot;5&quot;,&quot;gap&quot;:&quot;5&quot;,&quot;greet&quot;:&quot;Rate this page&quot;,&quot;legend&quot;:&quot;0\\\/5 - (0 votes)&quot;,&quot;size&quot;:&quot;30&quot;,&quot;title&quot;:&quot;SuperEnalotto Rezult\u0101ti un Laim\u0113ju\u0161ie Skait\u013ci&quot;,&quot;width&quot;:&quot;0&quot;,&quot;_legend&quot;:&quot;{score}\\\/{best} - ({count} {votes})&quot;,&quot;font_factor&quot;:&quot;1.25&quot;}'>\n            \n<div class=\"kksr-stars\">\n    \n<div class=\"kksr-stars-inactive\">\n            <div class=\"kksr-star\" data-star=\"1\" style=\"padding-right: 5px\">\n            \n\n<div class=\"kksr-icon\" style=\"width: 30px; height: 30px;\"><\/div>\n        <\/div>\n            <div class=\"kksr-star\" data-star=\"2\" style=\"padding-right: 5px\">\n            \n\n<div class=\"kksr-icon\" style=\"width: 30px; height: 30px;\"><\/div>\n        <\/div>\n            <div class=\"kksr-star\" data-star=\"3\" style=\"padding-right: 5px\">\n            \n\n<div class=\"kksr-icon\" style=\"width: 30px; height: 30px;\"><\/div>\n        <\/div>\n            <div class=\"kksr-star\" data-star=\"4\" style=\"padding-right: 5px\">\n            \n\n<div class=\"kksr-icon\" style=\"width: 30px; height: 30px;\"><\/div>\n        <\/div>\n            <div class=\"kksr-star\" data-star=\"5\" style=\"padding-right: 5px\">\n            \n\n<div class=\"kksr-icon\" style=\"width: 30px; height: 30px;\"><\/div>\n        <\/div>\n    <\/div>\n    \n<div class=\"kksr-stars-active\" style=\"width: 0px;\">\n            <div class=\"kksr-star\" style=\"padding-right: 5px\">\n            \n\n<div class=\"kksr-icon\" style=\"width: 30px; height: 30px;\"><\/div>\n        <\/div>\n            <div class=\"kksr-star\" style=\"padding-right: 5px\">\n            \n\n<div class=\"kksr-icon\" style=\"width: 30px; height: 30px;\"><\/div>\n        <\/div>\n            <div class=\"kksr-star\" style=\"padding-right: 5px\">\n            \n\n<div class=\"kksr-icon\" style=\"width: 30px; height: 30px;\"><\/div>\n        <\/div>\n            <div class=\"kksr-star\" style=\"padding-right: 5px\">\n            \n\n<div class=\"kksr-icon\" style=\"width: 30px; height: 30px;\"><\/div>\n        <\/div>\n            <div class=\"kksr-star\" style=\"padding-right: 5px\">\n            \n\n<div class=\"kksr-icon\" style=\"width: 30px; height: 30px;\"><\/div>\n        <\/div>\n    <\/div>\n<\/div>\n                \n\n<div class=\"kksr-legend\" style=\"font-size: 24px;\">\n            <span class=\"kksr-muted\">Rate this page<\/span>\n    <\/div>\n    <\/div>\n<p>Uzzin\u0101t SuperEnalotto rezult\u0101tus katram izloz\u0113tajam k\u0101rtam, kur\u0101 piedal\u0101s tavas bi\u013cetes, noteikti b\u016bs aizraujo\u0161i \u2013 \u012bpa\u0161i tad, ja izr\u0101d\u012bsies, ka esi izv\u0113l\u0113jies laim\u012bgos skait\u013cus. \u0100tri un \u0113rti p\u0101rbaudi <a href=\"https:\/\/lottomat.com\/lv\/\">LottoMat vietn\u0113<\/a>, vai esi pievienojies miljon\u0101ru rind\u0101m, jo m\u0113s public\u0113jam rezult\u0101tus t\u016bl\u012bt p\u0113c izlozes, un tie n\u0101k no ofici\u0101l\u0101 SuperEnalotto loterijas r\u012bkot\u0101ja pazi\u0146ojuma. Var\u0113tu teikt, ka <a href=\"https:\/\/lottomat.com\/lv\/rezultati\/\">m\u016bsu loterijas rezult\u0101ti<\/a> vienm\u0113r ir karsti k\u0101 tikko cepta maize.<\/p>\n<h2><img loading=\"lazy\" decoding=\"async\" class=\"wp-image-252676 alignleft\" src=\"https:\/\/lottomat.com\/wp-content\/uploads\/2025\/10\/Italian-lottery-numbers-300x300.webp\" alt=\"it\u0101\u013cu loterijas skait\u013ci\" width=\"200\" height=\"200\" srcset=\"https:\/\/lottomat.com\/wp-content\/uploads\/2025\/10\/Italian-lottery-numbers-300x300.webp 300w, https:\/\/lottomat.com\/wp-content\/uploads\/2025\/10\/Italian-lottery-numbers-150x150.webp 150w, https:\/\/lottomat.com\/wp-content\/uploads\/2025\/10\/Italian-lottery-numbers-100x100.webp 100w, https:\/\/lottomat.com\/wp-content\/uploads\/2025\/10\/Italian-lottery-numbers.webp 400w\" sizes=\"auto, (max-width: 200px) 100vw, 200px\" \/>K\u0101 P\u0101rbaud\u012bt Pa\u0161reiz\u0113jos SuperEnalotto Rezult\u0101tus?<\/h2>\n<p>Tas patie\u0161\u0101m ir viegli k\u0101 nieks un \u013coti \u0101tri. <strong>P\u0113d\u0113j\u0101s izlozes rezult\u0101ti vienm\u0113r atrodas lapas aug\u0161pus\u0113.<\/strong> Tom\u0113r tevi var mulsin\u0101t bonusa skaitlis, t\u0101 sauktais Jolly, kas ir iek\u013cauts rezult\u0101tos \u2013 ta\u010du neuztraucies, m\u0113s sa\u0146emam datus tie\u0161i no r\u012bkot\u0101ja uzreiz p\u0113c izlozes, t\u0101p\u0113c \u0161is nelielais papildu skaitlis, ko It\u0101lij\u0101 var izv\u0113l\u0113ties tikai loterijas birojos, ar\u012b tiek par\u0101d\u012bts. Tas noz\u012bm\u0113, ka tev j\u0101koncentr\u0113jas tikai uz galvenajiem skait\u013ciem, jo tu nepiedalies Jolly izloz\u0113. <strong>Rezult\u0101ti LottoMat vietn\u0113 tiek par\u0101d\u012bti lietot\u0101jam draudz\u012bg\u0101 tabul\u0101, un to las\u012bt ir \u013coti vienk\u0101r\u0161i.<\/strong><\/p>\n<h2>K\u0101 P\u0101rbaud\u012bt Arhiv\u0113tos SuperEnalotto Rezult\u0101tus?<\/h2>\n<p>LottoMat vietn\u0113 m\u0113s pied\u0101v\u0101jam iesp\u0113ju p\u0101rl\u016bkot vec\u0101kus rezult\u0101tus. Tie\u0161i blakus nesen izloz\u0113tajiem skait\u013ciem redzams p\u0113d\u0113j\u0101s izlozes datums. <strong>Ja noklik\u0161\u0137in\u0101si uz \u0161\u012b datuma, par\u0101d\u012bsies kalend\u0101rs ar arhiv\u0113t\u0101m izloz\u0113m.<\/strong> Tev tikai j\u0101izv\u0113las interes\u0113jo\u0161ais datums un j\u0101apl\u016bko iepriek\u0161\u0113j\u0101s SuperEnalotto izlozes rezult\u0101ti. M\u0113s apkopojam datus par p\u0113d\u0113jiem 12 m\u0113ne\u0161iem, un vari b\u016bt dro\u0161s, ka tie ir uzticami un patiesi.<\/p>\n<h2>K\u0101 Izmantot Arhiv\u0113tos SuperEnalotto Laim\u0113ju\u0161os Skait\u013cus?<img loading=\"lazy\" decoding=\"async\" class=\"wp-image-252707 alignright\" src=\"https:\/\/lottomat.com\/wp-content\/uploads\/2025\/10\/Italian-lottery-results-300x300.webp\" alt=\"it\u0101\u013cu loterijas rezult\u0101ti\" width=\"200\" height=\"200\" srcset=\"https:\/\/lottomat.com\/wp-content\/uploads\/2025\/10\/Italian-lottery-results-300x300.webp 300w, https:\/\/lottomat.com\/wp-content\/uploads\/2025\/10\/Italian-lottery-results-150x150.webp 150w, https:\/\/lottomat.com\/wp-content\/uploads\/2025\/10\/Italian-lottery-results-100x100.webp 100w, https:\/\/lottomat.com\/wp-content\/uploads\/2025\/10\/Italian-lottery-results.webp 400w\" sizes=\"auto, (max-width: 200px) 100vw, 200px\" \/><\/h2>\n<p>Zini, k\u0101p\u0113c arhiv\u0113tie rezult\u0101ti ir noder\u012bgi? Paties\u012bb\u0101 ir tr\u012bs galvenie iemesli. <strong>Pirmk\u0101rt, tie \u013cauj tev izveidot savu unik\u0101lo strat\u0113\u0123iju,<\/strong> analiz\u0113jot nesen izloz\u0113tos skait\u013cus un izv\u0113rt\u0113jot iesp\u0113jas uzvar\u0113t. Otrk\u0101rt, tu vari p\u0101rbaud\u012bt, vai k\u0101dreiz ir izkritusi laim\u012bg\u0101 se\u0161inieka kombin\u0101cija, vai b\u016bs d\u017eekpots, k\u0101 ar\u012b uzzin\u0101t, k\u0101da bija p\u0113d\u0113j\u0101 liel\u0101k\u0101 balva, lai apr\u0113\u0137in\u0101tu potenci\u0101lo pe\u013c\u0146u no uzvaras. Tre\u0161k\u0101rt, tu vari redz\u0113t, cik daudz cilv\u0113ku ir laim\u0113ju\u0161i SuperEnalotto un k\u0101das balvas vi\u0146i ieguvu\u0161i, pat ja nav uzmin\u0113ju\u0161i visus skait\u013cus \u2013 un uzvar\u0113t\u0101ju vienm\u0113r ir simtiem t\u016bksto\u0161u! Atliek tikai ieg\u0101d\u0101ties bi\u013cetes un piln\u012bb\u0101 main\u012bt savu dz\u012bvi! Un atceries, katra bi\u013cete tevi tuvina uzvarai <a href=\"https:\/\/lottomat.com\/lv\/spelet\/supernalotto\/\">SuperEnalotto tie\u0161saist\u0113<\/a>.<\/p>\n<h2>Kuri Skait\u013ci SuperEnalotto Visbie\u017e\u0101k Tiek Izloz\u0113ti?<\/h2>\n<p>Saska\u0146\u0101 ar SuperEnalotto izlo\u017eu statistisko anal\u012bzi kop\u0161 1997. gada, <strong>10 visbie\u017e\u0101k izloz\u0113tie skait\u013ci ir 90, 85, 77, 86, 82, 55, 88, 80, 87 un 79.<\/strong> \u0160os skait\u013cus loterijas aprind\u0101s bie\u017ei d\u0113v\u0113 par \u201ckarstajiem skait\u013ciem\u201d, jo tie bie\u017ei par\u0101d\u0101s laim\u0113ju\u0161aj\u0101s kombin\u0101cij\u0101s. Skaitlis 90 ie\u0146em pirmo vietu, jo tas ir izloz\u0113ts simtiem rei\u017eu sp\u0113les v\u0113stur\u0113. Sp\u0113l\u0113t\u0101ji bie\u017ei izmanto \u0161os statistikas datus, lai izstr\u0101d\u0101tu savas skait\u013cu izv\u0113les strat\u0113\u0123ijas, lai gan j\u0101atceras, ka katra izloze ir neatkar\u012bga, un iepriek\u0161\u0113jie rezult\u0101ti neietekm\u0113 n\u0101kamos.<\/p>\n<h2><img loading=\"lazy\" decoding=\"async\" class=\"wp-image-252737 alignleft\" src=\"https:\/\/lottomat.com\/wp-content\/uploads\/2025\/10\/SuperEnalotto-results-300x300.webp\" alt=\"SuperEnalotto rezult\u0101ti\" width=\"200\" height=\"200\" srcset=\"https:\/\/lottomat.com\/wp-content\/uploads\/2025\/10\/SuperEnalotto-results-300x300.webp 300w, https:\/\/lottomat.com\/wp-content\/uploads\/2025\/10\/SuperEnalotto-results-150x150.webp 150w, https:\/\/lottomat.com\/wp-content\/uploads\/2025\/10\/SuperEnalotto-results-100x100.webp 100w, https:\/\/lottomat.com\/wp-content\/uploads\/2025\/10\/SuperEnalotto-results.webp 400w\" sizes=\"auto, (max-width: 200px) 100vw, 200px\" \/>Kuri Skait\u013ci SuperEnalotto Visret\u0101k Tiek Izloz\u0113ti?<\/h2>\n<p>Savuk\u0101rt SuperEnalotto ir vair\u0101ki \u201caukstie skait\u013ci\u201d, kas par\u0101d\u0101s daudz ret\u0101k. <strong>10 visret\u0101k izloz\u0113tie skait\u013ci parasti ir maz\u0101ki, piem\u0113ram, 1, 2, 3, 4, 5, 6, 7, 8, 9 un 10<\/strong>, lai gan tas var at\u0161\u0137irties atkar\u012bb\u0101 no analiz\u0113t\u0101 laika perioda. \u0160ie aukstie skait\u013ci par\u0101d\u0101s uzvar\u0113t\u0101ju kombin\u0101cij\u0101s ret\u0101k nek\u0101 karstie. Da\u017ei loterijas entuziasti uzskata, ka aukstie skait\u013ci \u201cdr\u012bz b\u016bs rind\u0101\u201d, lai tiktu izloz\u0113ti, kam\u0113r citi dod priek\u0161roku tur\u0113ties pie karstajiem, kas pier\u0101d\u012bju\u0161i savu bie\u017eumu. Izprotot karsto un auksto skait\u013cu tendences, sp\u0113l\u0113t\u0101ji var izstr\u0101d\u0101t savas loterijas strat\u0113\u0123ijas.<\/p>\n<h2>Vai SuperEnalotto Rezult\u0101tus Var Prognoz\u0113t?<\/h2>\n<p>Neskatoties uz pla\u0161aj\u0101m statistiskaj\u0101m anal\u012bz\u0113m par SuperEnalotto, ir svar\u012bgi saprast, ka <strong>loterijas rezult\u0101tus nav iesp\u0113jams prec\u012bzi paredz\u0113t.<\/strong> Katrs SuperEnalotto izlozes raunds ir piln\u012bgi nejau\u0161s un neatkar\u012bgs no iepriek\u0161\u0113jiem rezult\u0101tiem. Lai ar\u012b karsto un auksto skait\u013cu izp\u0113te, bie\u017euma diagrammas un v\u0113sturiskie mode\u013ci var b\u016bt interesanti un pal\u012bdz\u0113t izv\u0113l\u0113ties skait\u013cus, \u0161ie dati negarant\u0113 n\u0101kotnes pan\u0101kumus. Loterija izmanto sare\u017e\u0123\u012btas nejau\u0161o skait\u013cu \u0123ener\u0113\u0161anas sist\u0113mas, kas nodro\u0161ina, ka katram skaitlim no 1 l\u012bdz 90 ir vien\u0101das iesp\u0113jas tikt izloz\u0113tam. Matem\u0101tisk\u0101 varb\u016bt\u012bba paliek nemain\u012bga neatkar\u012bgi no iepriek\u0161\u0113jiem rezult\u0101tiem \u2013 to sauc par \u201csp\u0113lma\u0146a k\u013c\u016bdu\u201d, kad cilv\u0113ki k\u013c\u016bdaini uzskata, ka pag\u0101tnes rezult\u0101ti ietekm\u0113 n\u0101kotnes izn\u0101kumu. Profesion\u0101li matem\u0101ti\u0137i un statisti past\u0101v\u012bgi uzsver, ka sp\u0113les, piem\u0113ram, SuperEnalotto, ir t\u012bras veiksmes sp\u0113les. <strong>Lab\u0101k\u0101 pieeja ir sp\u0113l\u0113t atbild\u012bgi, savas roc\u012bbas ietvaros un izklaides nol\u016bkos, nevis k\u0101 ieguld\u012bjumu strat\u0113\u0123iju.<\/strong><\/p>\n<h2>K\u0101 P\u0101rbaud\u012bt Vakar\u0113j\u0101s SuperEnalotto Izlozes Rezult\u0101tus?<img loading=\"lazy\" decoding=\"async\" class=\"wp-image-252767 alignright\" src=\"https:\/\/lottomat.com\/wp-content\/uploads\/2025\/10\/SuperEnalotto-winning-numbers-300x300.webp\" alt=\"SuperEnalotto laim\u0113ju\u0161ie skait\u013ci\" width=\"200\" height=\"200\" srcset=\"https:\/\/lottomat.com\/wp-content\/uploads\/2025\/10\/SuperEnalotto-winning-numbers-300x300.webp 300w, https:\/\/lottomat.com\/wp-content\/uploads\/2025\/10\/SuperEnalotto-winning-numbers-150x150.webp 150w, https:\/\/lottomat.com\/wp-content\/uploads\/2025\/10\/SuperEnalotto-winning-numbers-100x100.webp 100w, https:\/\/lottomat.com\/wp-content\/uploads\/2025\/10\/SuperEnalotto-winning-numbers.webp 400w\" sizes=\"auto, (max-width: 200px) 100vw, 200px\" \/><\/h2>\n<p>P\u0101rbaud\u012bt vakardienas SuperEnalotto rezult\u0101tus LottoMat vietn\u0113 ir vienk\u0101r\u0161i un \u0113rti. M\u016bsu platform\u0101 ir pieejams pilns visu neseno izlo\u017eu arh\u012bvs, t\u0101p\u0113c tu vari viegli piek\u013c\u016bt rezult\u0101tiem no vakardienas, pag\u0101ju\u0161\u0101s ned\u0113\u013cas vai pat pag\u0101ju\u0161\u0101 m\u0113ne\u0161a. <strong>Neatkar\u012bgi no t\u0101, vai mekl\u0113 jaun\u0101kos \u0161odienas rezult\u0101tus vai v\u0113lies p\u0101rbaud\u012bt iepriek\u0161\u0113jo izlo\u017eu numurus, LottoMat sniedz uzticamu un prec\u012bzu inform\u0101ciju par It\u0101lijas loteriju.<\/strong> Vienk\u0101r\u0161i dodies uz m\u016bsu rezult\u0101tu sada\u013cu, kur atrad\u012bsi visu jaun\u0101ko SuperEnalotto izlo\u017eu hronolo\u0123isku sarakstu. Katrs ieraksts ietver se\u0161us galvenos laim\u0113ju\u0161os skait\u013cus, Jolly skaitli un SuperStar skaitli, ja tas ir piem\u0113rojams. Vari noklik\u0161\u0137in\u0101t uz jebkura datuma, lai redz\u0113tu s\u012bk\u0101ku inform\u0101ciju par konkr\u0113to izlozi, tostarp balvu sadal\u012bjumu un uzvar\u0113t\u0101ju statistiku. Atceries, ka LottoMat <strong>nav svar\u012bgi, vai tu mekl\u0113 \u0161odienas rezult\u0101tus, vakardienas skait\u013cus vai izlozes rezult\u0101tus pirms da\u017e\u0101m ned\u0113\u013c\u0101m \u2013 tu vienm\u0113r atrad\u012bsi autentiskus It\u0101lijas loterijas rezult\u0101tus, kuriem vari piln\u012bb\u0101 uztic\u0113ties.<\/strong><\/p>\n<h2>Cik Cilv\u0113ku Uzvar\u0113ja P\u0113d\u0113j\u0101 SuperEnalotto Izloz\u0113?<\/h2>\n<p>Katra SuperEnalotto izloze rada vair\u0101kus uzvar\u0113t\u0101jus da\u017e\u0101d\u0101s <a href=\"https:\/\/lottomat.com\/lv\/informacija\/superenalotto\/\">SuperEnalotto balvu kategorij\u0101s<\/a>, ne tikai d\u017eekpota ieguv\u0113ju. <strong>M\u016bsu detaliz\u0113t\u0101 balvu sadal\u012bjuma tabula sniedz piln\u012bgu inform\u0101ciju par uzvar\u0113t\u0101ju skaitu katr\u0101 balvu l\u012bmen\u012b un summ\u0101m, ko vi\u0146i sa\u0146\u0113mu\u0161i.<\/strong> \u0160ie v\u0113rt\u012bgie dati pal\u012bdz sp\u0113l\u0113t\u0101jiem saprast da\u017e\u0101dus veidus, k\u0101 var laim\u0113t SuperEnalotto, ne tikai uzminot visus se\u0161us skait\u013cus. Parasti <strong>t\u016bksto\u0161iem sp\u0113l\u0113t\u0101ju katr\u0101 SuperEnalotto izloz\u0113 uzvar visos balvu l\u012bme\u0146os<\/strong>, un liel\u0101k\u0101 da\u013ca ieg\u016bst maz\u0101kas balvas par 2\u20133 tr\u0101p\u012bjumiem. \u0160\u012b inform\u0101cija tiek atjaunin\u0101ta uzreiz p\u0113c katras izlozes un nodro\u0161ina p\u0101rskat\u0101m\u012bbu balvu sadal\u0113, pal\u012bdzot sp\u0113l\u0113t\u0101jiem saprast savas potenci\u0101l\u0101s laimesta iesp\u0113jas da\u017e\u0101dos l\u012bme\u0146os.<\/p>\n","protected":false},"excerpt":{"rendered":"<p>Uzzin\u0101t SuperEnalotto rezult\u0101tus katram izloz\u0113tajam k\u0101rtam, kur\u0101 piedal\u0101s tavas bi\u013cetes, noteikti b\u016bs aizraujo\u0161i \u2013 \u012bpa\u0161i tad, ja izr\u0101d\u012bsies, ka esi izv\u0113l\u0113jies laim\u012bgos skait\u013cus. \u0100tri un \u0113rti p\u0101rbaudi LottoMat vietn\u0113, vai esi pievienojies miljon\u0101ru rind\u0101m, jo m\u0113s public\u0113jam rezult\u0101tus t\u016bl\u012bt p\u0113c izlozes, un tie n\u0101k no ofici\u0101l\u0101 SuperEnalotto loterijas r\u012bkot\u0101ja pazi\u0146ojuma. Var\u0113tu teikt, ka m\u016bsu loterijas [&hellip;]<\/p>\n","protected":false},"author":1,"featured_media":0,"parent":7433,"menu_order":5,"comment_status":"closed","ping_status":"closed","template":"superenalotto-results.php","meta":{"_et_pb_use_builder":"","_et_pb_old_content":"","_et_gb_content_width":"","exclude_from_search":false,"footnotes":""},"class_list":["post-238123","page","type-page","status-publish","hentry"],"yoast_head":"<!-- This site is optimized with the Yoast SEO plugin v23.8 - https:\/\/yoast.com\/wordpress\/plugins\/seo\/ -->\n<title>SuperEnalotto Rezult\u0101ti un Laim\u0113ju\u0161ie Skait\u013ci - Lottomat<\/title>\n<meta name=\"description\" content=\"P\u0101rbaudi jaun\u0101kos SuperEnalotto rezult\u0101tus jau tagad! Skaties \u0161odienas laim\u0113ju\u0161os skait\u013cus un uzzini, vai esi laim\u0113jis It\u0101lijas loterij\u0101.\" \/>\n<meta name=\"robots\" content=\"index, follow, max-snippet:-1, max-image-preview:large, max-video-preview:-1\" \/>\n<link rel=\"canonical\" href=\"https:\/\/lottomat.com\/lv\/rezultati\/superenalotto\/\" \/>\n<meta property=\"og:locale\" content=\"lv_LV\" \/>\n<meta property=\"og:type\" content=\"article\" \/>\n<meta property=\"og:title\" content=\"SuperEnalotto Rezult\u0101ti un Laim\u0113ju\u0161ie Skait\u013ci - Lottomat\" \/>\n<meta property=\"og:description\" content=\"P\u0101rbaudi jaun\u0101kos SuperEnalotto rezult\u0101tus jau tagad! Skaties \u0161odienas laim\u0113ju\u0161os skait\u013cus un uzzini, vai esi laim\u0113jis It\u0101lijas loterij\u0101.\" \/>\n<meta property=\"og:url\" content=\"https:\/\/lottomat.com\/lv\/rezultati\/superenalotto\/\" \/>\n<meta property=\"og:site_name\" content=\"Lottomat\" \/>\n<meta property=\"article:modified_time\" content=\"2026-02-15T04:27:39+00:00\" \/>\n<meta property=\"og:image\" content=\"https:\/\/lottomat.com\/wp-content\/uploads\/2025\/10\/Italian-lottery-numbers-300x300.webp\" \/>\n<meta name=\"twitter:card\" content=\"summary_large_image\" \/>\n<meta name=\"twitter:label1\" content=\"Est. reading time\" \/>\n\t<meta name=\"twitter:data1\" content=\"5 minutes\" \/>\n<script type=\"application\/ld+json\" class=\"yoast-schema-graph\">{\"@context\":\"https:\/\/schema.org\",\"@graph\":[{\"@type\":\"WebPage\",\"@id\":\"https:\/\/lottomat.com\/lv\/rezultati\/superenalotto\/\",\"url\":\"https:\/\/lottomat.com\/lv\/rezultati\/superenalotto\/\",\"name\":\"SuperEnalotto Rezult\u0101ti un Laim\u0113ju\u0161ie Skait\u013ci - Lottomat\",\"isPartOf\":{\"@id\":\"https:\/\/lottomat.com\/lv\/#website\"},\"primaryImageOfPage\":{\"@id\":\"https:\/\/lottomat.com\/lv\/rezultati\/superenalotto\/#primaryimage\"},\"image\":{\"@id\":\"https:\/\/lottomat.com\/lv\/rezultati\/superenalotto\/#primaryimage\"},\"thumbnailUrl\":\"https:\/\/lottomat.com\/wp-content\/uploads\/2025\/10\/Italian-lottery-numbers-300x300.webp\",\"datePublished\":\"2025-04-07T19:25:51+00:00\",\"dateModified\":\"2026-02-15T04:27:39+00:00\",\"description\":\"P\u0101rbaudi jaun\u0101kos SuperEnalotto rezult\u0101tus jau tagad! Skaties \u0161odienas laim\u0113ju\u0161os skait\u013cus un uzzini, vai esi laim\u0113jis It\u0101lijas loterij\u0101.\",\"breadcrumb\":{\"@id\":\"https:\/\/lottomat.com\/lv\/rezultati\/superenalotto\/#breadcrumb\"},\"inLanguage\":\"lv-LV\",\"potentialAction\":[{\"@type\":\"ReadAction\",\"target\":[\"https:\/\/lottomat.com\/lv\/rezultati\/superenalotto\/\"]}]},{\"@type\":\"ImageObject\",\"inLanguage\":\"lv-LV\",\"@id\":\"https:\/\/lottomat.com\/lv\/rezultati\/superenalotto\/#primaryimage\",\"url\":\"https:\/\/lottomat.com\/wp-content\/uploads\/2025\/10\/Italian-lottery-numbers-300x300.webp\",\"contentUrl\":\"https:\/\/lottomat.com\/wp-content\/uploads\/2025\/10\/Italian-lottery-numbers-300x300.webp\"},{\"@type\":\"BreadcrumbList\",\"@id\":\"https:\/\/lottomat.com\/lv\/rezultati\/superenalotto\/#breadcrumb\",\"itemListElement\":[{\"@type\":\"ListItem\",\"position\":1,\"name\":\"Home\",\"item\":\"https:\/\/lottomat.com\/lv\/\"},{\"@type\":\"ListItem\",\"position\":2,\"name\":\"Jaun\u0101kie loterijas rezult\u0101ti un laim\u012bgie skait\u013ci\",\"item\":\"https:\/\/lottomat.com\/lv\/rezultati\/\"},{\"@type\":\"ListItem\",\"position\":3,\"name\":\"SuperEnalotto Rezult\u0101ti un Laim\u0113ju\u0161ie Skait\u013ci\"}]},{\"@type\":\"WebSite\",\"@id\":\"https:\/\/lottomat.com\/lv\/#website\",\"url\":\"https:\/\/lottomat.com\/lv\/\",\"name\":\"Lottomat\",\"description\":\"\",\"potentialAction\":[{\"@type\":\"SearchAction\",\"target\":{\"@type\":\"EntryPoint\",\"urlTemplate\":\"https:\/\/lottomat.com\/lv\/?s={search_term_string}\"},\"query-input\":{\"@type\":\"PropertyValueSpecification\",\"valueRequired\":true,\"valueName\":\"search_term_string\"}}],\"inLanguage\":\"lv-LV\"}]}<\/script>\n<!-- \/ Yoast SEO plugin. -->","yoast_head_json":{"title":"SuperEnalotto Rezult\u0101ti un Laim\u0113ju\u0161ie Skait\u013ci - Lottomat","description":"P\u0101rbaudi jaun\u0101kos SuperEnalotto rezult\u0101tus jau tagad! Skaties \u0161odienas laim\u0113ju\u0161os skait\u013cus un uzzini, vai esi laim\u0113jis It\u0101lijas loterij\u0101.","robots":{"index":"index","follow":"follow","max-snippet":"max-snippet:-1","max-image-preview":"max-image-preview:large","max-video-preview":"max-video-preview:-1"},"canonical":"https:\/\/lottomat.com\/lv\/rezultati\/superenalotto\/","og_locale":"lv_LV","og_type":"article","og_title":"SuperEnalotto Rezult\u0101ti un Laim\u0113ju\u0161ie Skait\u013ci - Lottomat","og_description":"P\u0101rbaudi jaun\u0101kos SuperEnalotto rezult\u0101tus jau tagad! Skaties \u0161odienas laim\u0113ju\u0161os skait\u013cus un uzzini, vai esi laim\u0113jis It\u0101lijas loterij\u0101.","og_url":"https:\/\/lottomat.com\/lv\/rezultati\/superenalotto\/","og_site_name":"Lottomat","article_modified_time":"2026-02-15T04:27:39+00:00","og_image":[{"url":"https:\/\/lottomat.com\/wp-content\/uploads\/2025\/10\/Italian-lottery-numbers-300x300.webp"}],"twitter_card":"summary_large_image","twitter_misc":{"Est. reading time":"5 minutes"},"schema":{"@context":"https:\/\/schema.org","@graph":[{"@type":"WebPage","@id":"https:\/\/lottomat.com\/lv\/rezultati\/superenalotto\/","url":"https:\/\/lottomat.com\/lv\/rezultati\/superenalotto\/","name":"SuperEnalotto Rezult\u0101ti un Laim\u0113ju\u0161ie Skait\u013ci - Lottomat","isPartOf":{"@id":"https:\/\/lottomat.com\/lv\/#website"},"primaryImageOfPage":{"@id":"https:\/\/lottomat.com\/lv\/rezultati\/superenalotto\/#primaryimage"},"image":{"@id":"https:\/\/lottomat.com\/lv\/rezultati\/superenalotto\/#primaryimage"},"thumbnailUrl":"https:\/\/lottomat.com\/wp-content\/uploads\/2025\/10\/Italian-lottery-numbers-300x300.webp","datePublished":"2025-04-07T19:25:51+00:00","dateModified":"2026-02-15T04:27:39+00:00","description":"P\u0101rbaudi jaun\u0101kos SuperEnalotto rezult\u0101tus jau tagad! Skaties \u0161odienas laim\u0113ju\u0161os skait\u013cus un uzzini, vai esi laim\u0113jis It\u0101lijas loterij\u0101.","breadcrumb":{"@id":"https:\/\/lottomat.com\/lv\/rezultati\/superenalotto\/#breadcrumb"},"inLanguage":"lv-LV","potentialAction":[{"@type":"ReadAction","target":["https:\/\/lottomat.com\/lv\/rezultati\/superenalotto\/"]}]},{"@type":"ImageObject","inLanguage":"lv-LV","@id":"https:\/\/lottomat.com\/lv\/rezultati\/superenalotto\/#primaryimage","url":"https:\/\/lottomat.com\/wp-content\/uploads\/2025\/10\/Italian-lottery-numbers-300x300.webp","contentUrl":"https:\/\/lottomat.com\/wp-content\/uploads\/2025\/10\/Italian-lottery-numbers-300x300.webp"},{"@type":"BreadcrumbList","@id":"https:\/\/lottomat.com\/lv\/rezultati\/superenalotto\/#breadcrumb","itemListElement":[{"@type":"ListItem","position":1,"name":"Home","item":"https:\/\/lottomat.com\/lv\/"},{"@type":"ListItem","position":2,"name":"Jaun\u0101kie loterijas rezult\u0101ti un laim\u012bgie skait\u013ci","item":"https:\/\/lottomat.com\/lv\/rezultati\/"},{"@type":"ListItem","position":3,"name":"SuperEnalotto Rezult\u0101ti un Laim\u0113ju\u0161ie Skait\u013ci"}]},{"@type":"WebSite","@id":"https:\/\/lottomat.com\/lv\/#website","url":"https:\/\/lottomat.com\/lv\/","name":"Lottomat","description":"","potentialAction":[{"@type":"SearchAction","target":{"@type":"EntryPoint","urlTemplate":"https:\/\/lottomat.com\/lv\/?s={search_term_string}"},"query-input":{"@type":"PropertyValueSpecification","valueRequired":true,"valueName":"search_term_string"}}],"inLanguage":"lv-LV"}]}},"_links":{"self":[{"href":"https:\/\/lottomat.com\/lv\/wp-json\/wp\/v2\/pages\/238123","targetHints":{"allow":["GET"]}}],"collection":[{"href":"https:\/\/lottomat.com\/lv\/wp-json\/wp\/v2\/pages"}],"about":[{"href":"https:\/\/lottomat.com\/lv\/wp-json\/wp\/v2\/types\/page"}],"author":[{"embeddable":true,"href":"https:\/\/lottomat.com\/lv\/wp-json\/wp\/v2\/users\/1"}],"replies":[{"embeddable":true,"href":"https:\/\/lottomat.com\/lv\/wp-json\/wp\/v2\/comments?post=238123"}],"version-history":[{"count":3,"href":"https:\/\/lottomat.com\/lv\/wp-json\/wp\/v2\/pages\/238123\/revisions"}],"predecessor-version":[{"id":271087,"href":"https:\/\/lottomat.com\/lv\/wp-json\/wp\/v2\/pages\/238123\/revisions\/271087"}],"up":[{"embeddable":true,"href":"https:\/\/lottomat.com\/lv\/wp-json\/wp\/v2\/pages\/7433"}],"wp:attachment":[{"href":"https:\/\/lottomat.com\/lv\/wp-json\/wp\/v2\/media?parent=238123"}],"curies":[{"name":"wp","href":"https:\/\/api.w.org\/{rel}","templated":true}]}}