{"id":237811,"date":"2025-04-07T19:24:29","date_gmt":"2025-04-07T19:24:29","guid":{"rendered":"https:\/\/lottomat.net\/loterijas-rezultati\/mega-millions-rezultati\/"},"modified":"2025-11-11T16:38:11","modified_gmt":"2025-11-11T16:38:11","slug":"mega-millions","status":"publish","type":"page","link":"https:\/\/lottomat.com\/lv\/rezultati\/mega-millions\/","title":{"rendered":"Mega Millions Rezult\u0101ti un Uzvar\u0113t\u0101ju Skait\u013ci"},"content":{"rendered":"\n\n<div class=\"kk-star-ratings kksr-auto kksr-align-left kksr-valign-top\"\n    data-payload='{&quot;align&quot;:&quot;left&quot;,&quot;id&quot;:&quot;237811&quot;,&quot;slug&quot;:&quot;default&quot;,&quot;valign&quot;:&quot;top&quot;,&quot;ignore&quot;:&quot;&quot;,&quot;reference&quot;:&quot;auto&quot;,&quot;class&quot;:&quot;&quot;,&quot;count&quot;:&quot;0&quot;,&quot;legendonly&quot;:&quot;&quot;,&quot;readonly&quot;:&quot;&quot;,&quot;score&quot;:&quot;0&quot;,&quot;starsonly&quot;:&quot;&quot;,&quot;best&quot;:&quot;5&quot;,&quot;gap&quot;:&quot;5&quot;,&quot;greet&quot;:&quot;Rate this page&quot;,&quot;legend&quot;:&quot;0\\\/5 - (0 votes)&quot;,&quot;size&quot;:&quot;30&quot;,&quot;title&quot;:&quot;Mega Millions Rezult\u0101ti un Uzvar\u0113t\u0101ju Skait\u013ci&quot;,&quot;width&quot;:&quot;0&quot;,&quot;_legend&quot;:&quot;{score}\\\/{best} - ({count} {votes})&quot;,&quot;font_factor&quot;:&quot;1.25&quot;}'>\n            \n<div class=\"kksr-stars\">\n    \n<div class=\"kksr-stars-inactive\">\n            <div class=\"kksr-star\" data-star=\"1\" style=\"padding-right: 5px\">\n            \n\n<div class=\"kksr-icon\" style=\"width: 30px; height: 30px;\"><\/div>\n        <\/div>\n            <div class=\"kksr-star\" data-star=\"2\" style=\"padding-right: 5px\">\n            \n\n<div class=\"kksr-icon\" style=\"width: 30px; height: 30px;\"><\/div>\n        <\/div>\n            <div class=\"kksr-star\" data-star=\"3\" style=\"padding-right: 5px\">\n            \n\n<div class=\"kksr-icon\" style=\"width: 30px; height: 30px;\"><\/div>\n        <\/div>\n            <div class=\"kksr-star\" data-star=\"4\" style=\"padding-right: 5px\">\n            \n\n<div class=\"kksr-icon\" style=\"width: 30px; height: 30px;\"><\/div>\n        <\/div>\n            <div class=\"kksr-star\" data-star=\"5\" style=\"padding-right: 5px\">\n            \n\n<div class=\"kksr-icon\" style=\"width: 30px; height: 30px;\"><\/div>\n        <\/div>\n    <\/div>\n    \n<div class=\"kksr-stars-active\" style=\"width: 0px;\">\n            <div class=\"kksr-star\" style=\"padding-right: 5px\">\n            \n\n<div class=\"kksr-icon\" style=\"width: 30px; height: 30px;\"><\/div>\n        <\/div>\n            <div class=\"kksr-star\" style=\"padding-right: 5px\">\n            \n\n<div class=\"kksr-icon\" style=\"width: 30px; height: 30px;\"><\/div>\n        <\/div>\n            <div class=\"kksr-star\" style=\"padding-right: 5px\">\n            \n\n<div class=\"kksr-icon\" style=\"width: 30px; height: 30px;\"><\/div>\n        <\/div>\n            <div class=\"kksr-star\" style=\"padding-right: 5px\">\n            \n\n<div class=\"kksr-icon\" style=\"width: 30px; height: 30px;\"><\/div>\n        <\/div>\n            <div class=\"kksr-star\" style=\"padding-right: 5px\">\n            \n\n<div class=\"kksr-icon\" style=\"width: 30px; height: 30px;\"><\/div>\n        <\/div>\n    <\/div>\n<\/div>\n                \n\n<div class=\"kksr-legend\" style=\"font-size: 24px;\">\n            <span class=\"kksr-muted\">Rate this page<\/span>\n    <\/div>\n    <\/div>\n<p>Mega Millions bi\u013cetes tiek ieg\u0101d\u0101tas, Mega Millions uzvar\u0113t\u0101ju skait\u013ci tiek izv\u0113l\u0113ti, un j\u016bs koncentr\u0113jaties tikai uz laim\u012bgiem pl\u0101niem un sap\u0146iem, kas var piepild\u012bties, ja pievienosieties miljon\u0101ru klubam. Taj\u0101 nav nek\u0101 slikta \u2013 mums visiem ir savi sap\u0146i. Iesp\u0113jams, katra sp\u0113l\u0113t\u0101ja domas pirms Mega Millions izlozes rezult\u0101tu p\u0101rbaudes ri\u0146\u0137o ap iesp\u0113jamu laimestu, un <strong>Mega Millions ir sp\u0113le, kas patie\u0161\u0101m var daudz dot<\/strong>.<\/p>\n<h2>Vai Ir Iesp\u0113jams Uzvar\u0113t ar Mega Millions Skait\u013ciem?<img loading=\"lazy\" decoding=\"async\" class=\"alignright wp-image-251955\" src=\"https:\/\/lottomat.com\/wp-content\/uploads\/2025\/10\/Mega-Millions-winning-numbers.webp\" alt=\"Uzvar\u0113t\u0101ju skait\u013ci Mega Millions\" width=\"200\" height=\"200\" srcset=\"https:\/\/lottomat.com\/wp-content\/uploads\/2025\/10\/Mega-Millions-winning-numbers.webp 400w, https:\/\/lottomat.com\/wp-content\/uploads\/2025\/10\/Mega-Millions-winning-numbers-300x300.webp 300w, https:\/\/lottomat.com\/wp-content\/uploads\/2025\/10\/Mega-Millions-winning-numbers-150x150.webp 150w, https:\/\/lottomat.com\/wp-content\/uploads\/2025\/10\/Mega-Millions-winning-numbers-100x100.webp 100w\" sizes=\"auto, (max-width: 200px) 100vw, 200px\" \/><\/h2>\n<p>L\u012bdz br\u012bdim, kad <a href=\"https:\/\/lottomat.com\/lv\/rezultati\/\">p\u0101rbaud\u012bsiet pa\u0161reiz\u0113jos izlozes rezult\u0101tus<\/a>, j\u016bs varat sap\u0146ot, ta\u010du tikai j\u016bsu izv\u0113l\u0113to skait\u013cu izloze var \u0161o skaisto sapni p\u0101rv\u0113rst realit\u0101t\u0113. T\u0101p\u0113c nav j\u0113gas gaid\u012bt \u2013 vienk\u0101r\u0161i sp\u0113l\u0113jiet un p\u0101rbaudiet. Viss, kas jums j\u0101dara p\u0113c izlozes, ir <a href=\"https:\/\/lottomat.com\/lv\/\">apmekl\u0113t Lottomat vietni<\/a> ar Mega Millions rezult\u0101tiem un noskaidrot, kuri skait\u013ci ir uzvar\u0113ju\u0161i konkr\u0113taj\u0101 izloz\u0113. Ja tie sakr\u012bt ar j\u016bsu bi\u013ceti, tas noz\u012bm\u0113, ka esat starp <a href=\"https:\/\/lottomat.com\/lv\/informacija\/mega-millions\/\">Mega Millions balvu un d\u017eekpota<\/a> uzvar\u0113t\u0101jiem. <strong>Mega Millions izloze notiek regul\u0101ri divas reizes ned\u0113\u013c\u0101 \u2013 katru tre\u0161dienu un sestdienu plkst. 03:00 UTC<\/strong>. M\u0113s public\u0113jam aktu\u0101los Mega Millions rezult\u0101tus tie\u0161saist\u0113 t\u016bl\u012bt p\u0113c izlozes, un tie n\u0101k no ofici\u0101liem loterijas avotiem, t\u0101p\u0113c tie ir 100% p\u0101rbaud\u012bti un uzticami. Vien\u012bgais, kas j\u0101atceras, ir piel\u0101got laiku savam viet\u0113jam laika joslas laikam.<\/p>\n<h2>K\u0101 P\u0101rbaud\u012bt \u0160odienas Mega Millions Rezult\u0101tus?<\/h2>\n<p><strong>Pa\u0161reiz\u0113jie Mega Millions rezult\u0101ti ir pieejami vietn\u0113 Lottomat t\u016bl\u012bt p\u0113c katras izlozes<\/strong>. Visi public\u0113tie rezult\u0101ti n\u0101k tie\u0161i no ofici\u0101liem loterijas avotiem, nodro\u0161inot piln\u012bgu precizit\u0101ti un uzticam\u012bbu. Jaun\u0101kos uzvar\u0113t\u0101ju skait\u013cus varat apskat\u012bt, apmekl\u0113jot m\u016bsu \u012bpa\u0161o Mega Millions rezult\u0101tu lapu. Rezult\u0101ti tiek atjaunin\u0101ti re\u0101llaik\u0101 p\u0113c katras izlozes, t\u0101p\u0113c jums vienm\u0113r b\u016bs pieejama visjaun\u0101k\u0101 inform\u0101cija. Vienk\u0101r\u0161i dodieties uz rezult\u0101tu sada\u013cu, lai uzzin\u0101tu, vai j\u016bsu skait\u013ci j\u016bs ir padar\u012bju\u0161i par n\u0101kamo Mega Millions uzvar\u0113t\u0101ju.<\/p>\n<h2><img loading=\"lazy\" decoding=\"async\" class=\"alignleft wp-image-251985\" src=\"https:\/\/lottomat.com\/wp-content\/uploads\/2025\/10\/Mega-Millions-results.webp\" alt=\"Mega Millions rezult\u0101ti\" width=\"200\" height=\"200\" srcset=\"https:\/\/lottomat.com\/wp-content\/uploads\/2025\/10\/Mega-Millions-results.webp 400w, https:\/\/lottomat.com\/wp-content\/uploads\/2025\/10\/Mega-Millions-results-300x300.webp 300w, https:\/\/lottomat.com\/wp-content\/uploads\/2025\/10\/Mega-Millions-results-150x150.webp 150w, https:\/\/lottomat.com\/wp-content\/uploads\/2025\/10\/Mega-Millions-results-100x100.webp 100w\" sizes=\"auto, (max-width: 200px) 100vw, 200px\" \/>K\u0101 P\u0101rbaud\u012bt V\u0113sturiskos Mega Millions Rezult\u0101tus un Uzvar\u0113t\u0101ju Skait\u013cus?<\/h2>\n<p>M\u0113s zin\u0101m, cik svar\u012bgi daudziem no mums ir arhiv\u0113tie loterijas rezult\u0101ti, jo da\u017ei no jums balsta savu strat\u0113\u0123iju n\u0101kamaj\u0101m izloz\u0113m tie\u0161i uz tiem. Lai tos izmantotu, vienk\u0101r\u0161i dodieties uz m\u016bsu rezult\u0101tu kalend\u0101ru. Tas ir pieejams aug\u0161pus\u0113 labaj\u0101 pus\u0113. P\u0113c datuma izv\u0113les varat br\u012bvi p\u0101riet uz citiem periodiem. <strong>Tur j\u016bs varat p\u0101rbaud\u012bt p\u0113d\u0113jo ned\u0113\u013cu laik\u0101 izloz\u0113tos Mega Millions uzvar\u0113t\u0101ju skait\u013cus un redz\u0113t, cik svar\u012bga ir daudzveid\u012bga skait\u013cu izv\u0113le bi\u013cet\u0113s<\/strong>.<\/p>\n<h2>K\u0101 Izmantot Mega Millions Uzvar\u0113t\u0101ju Skait\u013cu Arh\u012bvu?<\/h2>\n<p>V\u0113sturiskais Mega Millions rezult\u0101tu arh\u012bvs ir v\u0113rt\u012bgs r\u012bks sp\u0113l\u0113t\u0101jiem, kuri v\u0113las analiz\u0113t mode\u013cus un izstr\u0101d\u0101t savas sp\u0113les strat\u0113\u0123ijas. Analiz\u0113jot iepriek\u0161\u0113j\u0101s izlozes, varat noteikt skait\u013cu bie\u017euma tendences un pie\u0146emt p\u0101rdom\u0101t\u0101kus l\u0113mumus par to izv\u0113li. <strong>Arh\u012bvs \u013cauj izsekot, kuri skait\u013ci bie\u017ei par\u0101d\u0101s kop\u0101, pal\u012bdzot izprast sp\u0113les likumsakar\u012bbas laika gait\u0101<\/strong>. Daudzi veiksm\u012bgi sp\u0113l\u0113t\u0101ji izmanto \u0161os v\u0113sturiskos datus, lai izveidotu sistem\u0101tisku pieeju savu skait\u013cu izv\u0113lei, lai gan j\u0101atceras, ka katra izloze ir neatkar\u012bga un nejau\u0161a. Arh\u012bvs sniedz ieskatu skait\u013cu kombin\u0101cij\u0101s, kas ir izloz\u0113tas vair\u0101kk\u0101rt, sniedzot pamatu j\u016bsu pa\u0161u izv\u0113les metodolo\u0123ijas izveidei. Tom\u0113r pag\u0101tnes rezult\u0101ti negarant\u0113 n\u0101kotnes pan\u0101kumus loterijas sp\u0113l\u0113s.<\/p>\n<h2>Kuri Ir Visbie\u017e\u0101k Izloz\u0113tie Skait\u013ci Mega Millions?<img loading=\"lazy\" decoding=\"async\" class=\"alignright wp-image-252015\" src=\"https:\/\/lottomat.com\/wp-content\/uploads\/2025\/10\/drawing-results.webp\" alt=\"izlozes rezult\u0101ti\" width=\"200\" height=\"200\" srcset=\"https:\/\/lottomat.com\/wp-content\/uploads\/2025\/10\/drawing-results.webp 400w, https:\/\/lottomat.com\/wp-content\/uploads\/2025\/10\/drawing-results-300x300.webp 300w, https:\/\/lottomat.com\/wp-content\/uploads\/2025\/10\/drawing-results-150x150.webp 150w, https:\/\/lottomat.com\/wp-content\/uploads\/2025\/10\/drawing-results-100x100.webp 100w\" sizes=\"auto, (max-width: 200px) 100vw, 200px\" \/><\/h2>\n<p>M\u0113s jau piemin\u0113j\u0101m labas strat\u0113\u0123ijas sagatavo\u0161anu, izmantojot iepriek\u0161 izloz\u0113tos skait\u013cus, ta\u010du tikpat noder\u012bga ir statistika par konkr\u0113tu skait\u013cu izloz\u0113m. Izr\u0101d\u0101s, ka ir skait\u013ci, kas tiek izloz\u0113ti daudz bie\u017e\u0101k nek\u0101 citi. Vietn\u0113 Lottomat atrad\u012bsiet visu \u0161o inform\u0101ciju par katru loteriju. <strong>Visbie\u017e\u0101k izloz\u0113tie Mega Millions skait\u013ci ir: 29, 4, 48 un 36<\/strong>. Skaitlis 48 ir izloz\u0113ts jau 80 reizes kop\u0161 2005. gada. <strong>Attiec\u012bb\u0101 uz Mega Ball visbie\u017e\u0101k izloz\u0113tie skait\u013ci ir 35, 9, 36 un 7<\/strong>. Nov\u0113lam jums tikai visienes\u012bg\u0101kos Mega Millions rezult\u0101tus!<\/p>\n<h2>Kuri Ir Visret\u0101k Izloz\u0113tie Skait\u013ci Mega Millions?<\/h2>\n<p>Kam\u0113r da\u017ei skait\u013ci bie\u017ei par\u0101d\u0101s Mega Millions izloz\u0113s, citi tiek izloz\u0113ti ret\u0101k \u2013 tos sp\u0113l\u0113t\u0101ji sauc par \u201caukstajiem\u201d skait\u013ciem. <strong>\u0160ie ret\u0101k izloz\u0113tie skait\u013ci var b\u016bt tikpat noder\u012bgi, veidojot l\u012bdzsvarotu strat\u0113\u0123iju<\/strong>. Da\u017ei sp\u0113l\u0113t\u0101ji dod priek\u0161roku iek\u013caut \u0161os ret\u0101kos skait\u013cus sav\u0101 izv\u0113l\u0113, uzskatot, ka \u201cvi\u0146u laiks ir pien\u0101cis\u201d. <strong>Visret\u0101k izloz\u0113tie galvenie skait\u013ci Mega Millions v\u0113stur\u0113 ir: 50, 51, 65, 66 un 67<\/strong>. \u0160ie skait\u013ci ir izloz\u0113ti iev\u0113rojami ret\u0101k nek\u0101 bie\u017e\u0101kie skait\u013ci, da\u017ei tikai 66\u201384 reizes vis\u0101 sp\u0113les v\u0113stur\u0113. Starp Mega Ball skait\u013ciem da\u017ei, piem\u0113ram, 15 un liel\u0101kie skait\u013ci, parasti par\u0101d\u0101s ret\u0101k p\u0113d\u0113j\u0101s izloz\u0113s. Visret\u0101k izloz\u0113tie galvenie skait\u013ci v\u0113sturiski ietver vair\u0101kus liel\u0101kus skait\u013cus no pieejam\u0101 diapazona, lai gan konkr\u0113tie skait\u013ci main\u0101s laika gait\u0101, kad tiek veikts vair\u0101k izlo\u017eu. <strong>Skaitlis 50 izce\u013cas k\u0101 viens no \u201caukst\u0101kajiem\u201d skait\u013ciem, jo tas kop\u0161 sp\u0113les s\u0101kuma ir izloz\u0113ts tikai 66 reizes<\/strong>. Ir v\u0113rts atz\u012bm\u0113t, ka patiesi nejau\u0161\u0101 sist\u0113m\u0101 visiem skait\u013ciem ir vien\u0101da iesp\u0113ja tikt izloz\u0113tiem jebkur\u0101 izloz\u0113 neatkar\u012bgi no to v\u0113sturisk\u0101s bie\u017euma.<\/p>\n<h2><img loading=\"lazy\" decoding=\"async\" class=\"alignleft wp-image-252045\" src=\"https:\/\/lottomat.com\/wp-content\/uploads\/2025\/10\/Mega-Millions-draw.webp\" alt=\"Mega Millions izloze\" width=\"200\" height=\"200\" srcset=\"https:\/\/lottomat.com\/wp-content\/uploads\/2025\/10\/Mega-Millions-draw.webp 400w, https:\/\/lottomat.com\/wp-content\/uploads\/2025\/10\/Mega-Millions-draw-300x300.webp 300w, https:\/\/lottomat.com\/wp-content\/uploads\/2025\/10\/Mega-Millions-draw-150x150.webp 150w, https:\/\/lottomat.com\/wp-content\/uploads\/2025\/10\/Mega-Millions-draw-100x100.webp 100w\" sizes=\"auto, (max-width: 200px) 100vw, 200px\" \/>Vai Mega Millions Rezult\u0101tus Var Paredz\u0113t?<\/h2>\n<p>Jaut\u0101jums par to, vai loterijas rezult\u0101tus var paredz\u0113t, ir aizr\u0101vis sp\u0113l\u0113t\u0101jus jau paaudz\u0113m. <strong>Mega Millions izlozes tiek veiktas, izmantojot sertific\u0113tas nejau\u0161o skait\u013cu \u0123ener\u0113\u0161anas metodes, t\u0101p\u0113c \u012bsta prognoz\u0113\u0161ana ir matem\u0101tiski neiesp\u0113jama<\/strong>. Katram bumbi\u0146ai ir vien\u0101da iesp\u0113ja tikt izv\u0113l\u0113tai katr\u0101 izloz\u0113, neatkar\u012bgi no t\u0101, kad t\u0101 p\u0113d\u0113jo reizi tika izloz\u0113ta. Lai gan statistisk\u0101 iepriek\u0161\u0113jo rezult\u0101tu anal\u012bze var atkl\u0101t interesantus mode\u013cus un bie\u017eumus, \u0161ie mode\u013ci nevar uzticami paredz\u0113t n\u0101kotnes rezult\u0101tus. Nejau\u0161ais izlozes raksturs noz\u012bm\u0113, ka jebkurai skait\u013cu kombin\u0101cijai ir vien\u0101da iesp\u0113ja uzvar\u0113t k\u0101 jebkurai citai, neatkar\u012bgi no t\u0101, vai t\u0101 ir sec\u012bba 1-2-3-4-5 vai \u0161\u0137ietami nejau\u0161s skait\u013cu sajaukums. <strong>Lab\u0101k\u0101 pieeja ir <a href=\"https:\/\/lottomat.com\/lv\/spelet\/mega-millions\/\">sp\u0113l\u0113t Mega Millions tie\u0161saist\u0113<\/a> atbild\u012bgi un atcer\u0113ties, ka loterijas ir veidotas k\u0101 veiksmes sp\u0113les, nevis prasmes vai prognoz\u0113\u0161anas sp\u0113les<\/strong>.<\/p>\n","protected":false},"excerpt":{"rendered":"<p>Mega Millions bi\u013cetes tiek ieg\u0101d\u0101tas, Mega Millions uzvar\u0113t\u0101ju skait\u013ci tiek izv\u0113l\u0113ti, un j\u016bs koncentr\u0113jaties tikai uz laim\u012bgiem pl\u0101niem un sap\u0146iem, kas var piepild\u012bties, ja pievienosieties miljon\u0101ru klubam. Taj\u0101 nav nek\u0101 slikta \u2013 mums visiem ir savi sap\u0146i. Iesp\u0113jams, katra sp\u0113l\u0113t\u0101ja domas pirms Mega Millions izlozes rezult\u0101tu p\u0101rbaudes ri\u0146\u0137o ap iesp\u0113jamu laimestu, un Mega Millions ir [&hellip;]<\/p>\n","protected":false},"author":1,"featured_media":0,"parent":7433,"menu_order":2,"comment_status":"closed","ping_status":"closed","template":"megamillion-results.php","meta":{"_et_pb_use_builder":"","_et_pb_old_content":"","_et_gb_content_width":"","exclude_from_search":false,"footnotes":""},"class_list":["post-237811","page","type-page","status-publish","hentry"],"yoast_head":"<!-- This site is optimized with the Yoast SEO plugin v23.8 - https:\/\/yoast.com\/wordpress\/plugins\/seo\/ -->\n<title>Mega Millions Rezult\u0101ti un Uzvar\u0113t\u0101ju Skait\u013ci - LottoMat<\/title>\n<meta name=\"description\" content=\"P\u0101rbaudiet \u0161eit jaun\u0101kos Mega Millions rezult\u0101tus un uzvar\u0113t\u0101ju skait\u013cus. Uzziniet, kuri skait\u013ci tika izloz\u0113ti p\u0113d\u0113j\u0101 Mega Millions izloz\u0113.\" \/>\n<meta name=\"robots\" content=\"index, follow, max-snippet:-1, max-image-preview:large, max-video-preview:-1\" \/>\n<link rel=\"canonical\" href=\"https:\/\/lottomat.com\/lv\/rezultati\/mega-millions\/\" \/>\n<meta property=\"og:locale\" content=\"lv_LV\" \/>\n<meta property=\"og:type\" content=\"article\" \/>\n<meta property=\"og:title\" content=\"Mega Millions Rezult\u0101ti un Uzvar\u0113t\u0101ju Skait\u013ci - LottoMat\" \/>\n<meta property=\"og:description\" content=\"P\u0101rbaudiet \u0161eit jaun\u0101kos Mega Millions rezult\u0101tus un uzvar\u0113t\u0101ju skait\u013cus. Uzziniet, kuri skait\u013ci tika izloz\u0113ti p\u0113d\u0113j\u0101 Mega Millions izloz\u0113.\" \/>\n<meta property=\"og:url\" content=\"https:\/\/lottomat.com\/lv\/rezultati\/mega-millions\/\" \/>\n<meta property=\"og:site_name\" content=\"Lottomat\" \/>\n<meta property=\"article:modified_time\" content=\"2025-11-11T16:38:11+00:00\" \/>\n<meta property=\"og:image\" content=\"https:\/\/lottomat.com\/wp-content\/uploads\/2025\/10\/Mega-Millions-winning-numbers.webp\" \/>\n<meta name=\"twitter:card\" content=\"summary_large_image\" \/>\n<meta name=\"twitter:label1\" content=\"Est. reading time\" \/>\n\t<meta name=\"twitter:data1\" content=\"5 minutes\" \/>\n<script type=\"application\/ld+json\" class=\"yoast-schema-graph\">{\"@context\":\"https:\/\/schema.org\",\"@graph\":[{\"@type\":\"WebPage\",\"@id\":\"https:\/\/lottomat.com\/lv\/rezultati\/mega-millions\/\",\"url\":\"https:\/\/lottomat.com\/lv\/rezultati\/mega-millions\/\",\"name\":\"Mega Millions Rezult\u0101ti un Uzvar\u0113t\u0101ju Skait\u013ci - LottoMat\",\"isPartOf\":{\"@id\":\"https:\/\/lottomat.com\/lv\/#website\"},\"primaryImageOfPage\":{\"@id\":\"https:\/\/lottomat.com\/lv\/rezultati\/mega-millions\/#primaryimage\"},\"image\":{\"@id\":\"https:\/\/lottomat.com\/lv\/rezultati\/mega-millions\/#primaryimage\"},\"thumbnailUrl\":\"https:\/\/lottomat.com\/wp-content\/uploads\/2025\/10\/Mega-Millions-winning-numbers.webp\",\"datePublished\":\"2025-04-07T19:24:29+00:00\",\"dateModified\":\"2025-11-11T16:38:11+00:00\",\"description\":\"P\u0101rbaudiet \u0161eit jaun\u0101kos Mega Millions rezult\u0101tus un uzvar\u0113t\u0101ju skait\u013cus. Uzziniet, kuri skait\u013ci tika izloz\u0113ti p\u0113d\u0113j\u0101 Mega Millions izloz\u0113.\",\"breadcrumb\":{\"@id\":\"https:\/\/lottomat.com\/lv\/rezultati\/mega-millions\/#breadcrumb\"},\"inLanguage\":\"lv-LV\",\"potentialAction\":[{\"@type\":\"ReadAction\",\"target\":[\"https:\/\/lottomat.com\/lv\/rezultati\/mega-millions\/\"]}]},{\"@type\":\"ImageObject\",\"inLanguage\":\"lv-LV\",\"@id\":\"https:\/\/lottomat.com\/lv\/rezultati\/mega-millions\/#primaryimage\",\"url\":\"https:\/\/lottomat.com\/wp-content\/uploads\/2025\/10\/Mega-Millions-winning-numbers.webp\",\"contentUrl\":\"https:\/\/lottomat.com\/wp-content\/uploads\/2025\/10\/Mega-Millions-winning-numbers.webp\"},{\"@type\":\"BreadcrumbList\",\"@id\":\"https:\/\/lottomat.com\/lv\/rezultati\/mega-millions\/#breadcrumb\",\"itemListElement\":[{\"@type\":\"ListItem\",\"position\":1,\"name\":\"Home\",\"item\":\"https:\/\/lottomat.com\/lv\/\"},{\"@type\":\"ListItem\",\"position\":2,\"name\":\"Jaun\u0101kie loterijas rezult\u0101ti un laim\u012bgie skait\u013ci\",\"item\":\"https:\/\/lottomat.com\/lv\/rezultati\/\"},{\"@type\":\"ListItem\",\"position\":3,\"name\":\"Mega Millions Rezult\u0101ti un Uzvar\u0113t\u0101ju Skait\u013ci\"}]},{\"@type\":\"WebSite\",\"@id\":\"https:\/\/lottomat.com\/lv\/#website\",\"url\":\"https:\/\/lottomat.com\/lv\/\",\"name\":\"Lottomat\",\"description\":\"\",\"potentialAction\":[{\"@type\":\"SearchAction\",\"target\":{\"@type\":\"EntryPoint\",\"urlTemplate\":\"https:\/\/lottomat.com\/lv\/?s={search_term_string}\"},\"query-input\":{\"@type\":\"PropertyValueSpecification\",\"valueRequired\":true,\"valueName\":\"search_term_string\"}}],\"inLanguage\":\"lv-LV\"}]}<\/script>\n<!-- \/ Yoast SEO plugin. -->","yoast_head_json":{"title":"Mega Millions Rezult\u0101ti un Uzvar\u0113t\u0101ju Skait\u013ci - LottoMat","description":"P\u0101rbaudiet \u0161eit jaun\u0101kos Mega Millions rezult\u0101tus un uzvar\u0113t\u0101ju skait\u013cus. Uzziniet, kuri skait\u013ci tika izloz\u0113ti p\u0113d\u0113j\u0101 Mega Millions izloz\u0113.","robots":{"index":"index","follow":"follow","max-snippet":"max-snippet:-1","max-image-preview":"max-image-preview:large","max-video-preview":"max-video-preview:-1"},"canonical":"https:\/\/lottomat.com\/lv\/rezultati\/mega-millions\/","og_locale":"lv_LV","og_type":"article","og_title":"Mega Millions Rezult\u0101ti un Uzvar\u0113t\u0101ju Skait\u013ci - LottoMat","og_description":"P\u0101rbaudiet \u0161eit jaun\u0101kos Mega Millions rezult\u0101tus un uzvar\u0113t\u0101ju skait\u013cus. Uzziniet, kuri skait\u013ci tika izloz\u0113ti p\u0113d\u0113j\u0101 Mega Millions izloz\u0113.","og_url":"https:\/\/lottomat.com\/lv\/rezultati\/mega-millions\/","og_site_name":"Lottomat","article_modified_time":"2025-11-11T16:38:11+00:00","og_image":[{"url":"https:\/\/lottomat.com\/wp-content\/uploads\/2025\/10\/Mega-Millions-winning-numbers.webp"}],"twitter_card":"summary_large_image","twitter_misc":{"Est. reading time":"5 minutes"},"schema":{"@context":"https:\/\/schema.org","@graph":[{"@type":"WebPage","@id":"https:\/\/lottomat.com\/lv\/rezultati\/mega-millions\/","url":"https:\/\/lottomat.com\/lv\/rezultati\/mega-millions\/","name":"Mega Millions Rezult\u0101ti un Uzvar\u0113t\u0101ju Skait\u013ci - LottoMat","isPartOf":{"@id":"https:\/\/lottomat.com\/lv\/#website"},"primaryImageOfPage":{"@id":"https:\/\/lottomat.com\/lv\/rezultati\/mega-millions\/#primaryimage"},"image":{"@id":"https:\/\/lottomat.com\/lv\/rezultati\/mega-millions\/#primaryimage"},"thumbnailUrl":"https:\/\/lottomat.com\/wp-content\/uploads\/2025\/10\/Mega-Millions-winning-numbers.webp","datePublished":"2025-04-07T19:24:29+00:00","dateModified":"2025-11-11T16:38:11+00:00","description":"P\u0101rbaudiet \u0161eit jaun\u0101kos Mega Millions rezult\u0101tus un uzvar\u0113t\u0101ju skait\u013cus. Uzziniet, kuri skait\u013ci tika izloz\u0113ti p\u0113d\u0113j\u0101 Mega Millions izloz\u0113.","breadcrumb":{"@id":"https:\/\/lottomat.com\/lv\/rezultati\/mega-millions\/#breadcrumb"},"inLanguage":"lv-LV","potentialAction":[{"@type":"ReadAction","target":["https:\/\/lottomat.com\/lv\/rezultati\/mega-millions\/"]}]},{"@type":"ImageObject","inLanguage":"lv-LV","@id":"https:\/\/lottomat.com\/lv\/rezultati\/mega-millions\/#primaryimage","url":"https:\/\/lottomat.com\/wp-content\/uploads\/2025\/10\/Mega-Millions-winning-numbers.webp","contentUrl":"https:\/\/lottomat.com\/wp-content\/uploads\/2025\/10\/Mega-Millions-winning-numbers.webp"},{"@type":"BreadcrumbList","@id":"https:\/\/lottomat.com\/lv\/rezultati\/mega-millions\/#breadcrumb","itemListElement":[{"@type":"ListItem","position":1,"name":"Home","item":"https:\/\/lottomat.com\/lv\/"},{"@type":"ListItem","position":2,"name":"Jaun\u0101kie loterijas rezult\u0101ti un laim\u012bgie skait\u013ci","item":"https:\/\/lottomat.com\/lv\/rezultati\/"},{"@type":"ListItem","position":3,"name":"Mega Millions Rezult\u0101ti un Uzvar\u0113t\u0101ju Skait\u013ci"}]},{"@type":"WebSite","@id":"https:\/\/lottomat.com\/lv\/#website","url":"https:\/\/lottomat.com\/lv\/","name":"Lottomat","description":"","potentialAction":[{"@type":"SearchAction","target":{"@type":"EntryPoint","urlTemplate":"https:\/\/lottomat.com\/lv\/?s={search_term_string}"},"query-input":{"@type":"PropertyValueSpecification","valueRequired":true,"valueName":"search_term_string"}}],"inLanguage":"lv-LV"}]}},"_links":{"self":[{"href":"https:\/\/lottomat.com\/lv\/wp-json\/wp\/v2\/pages\/237811","targetHints":{"allow":["GET"]}}],"collection":[{"href":"https:\/\/lottomat.com\/lv\/wp-json\/wp\/v2\/pages"}],"about":[{"href":"https:\/\/lottomat.com\/lv\/wp-json\/wp\/v2\/types\/page"}],"author":[{"embeddable":true,"href":"https:\/\/lottomat.com\/lv\/wp-json\/wp\/v2\/users\/1"}],"replies":[{"embeddable":true,"href":"https:\/\/lottomat.com\/lv\/wp-json\/wp\/v2\/comments?post=237811"}],"version-history":[{"count":2,"href":"https:\/\/lottomat.com\/lv\/wp-json\/wp\/v2\/pages\/237811\/revisions"}],"predecessor-version":[{"id":257212,"href":"https:\/\/lottomat.com\/lv\/wp-json\/wp\/v2\/pages\/237811\/revisions\/257212"}],"up":[{"embeddable":true,"href":"https:\/\/lottomat.com\/lv\/wp-json\/wp\/v2\/pages\/7433"}],"wp:attachment":[{"href":"https:\/\/lottomat.com\/lv\/wp-json\/wp\/v2\/media?parent=237811"}],"curies":[{"name":"wp","href":"https:\/\/api.w.org\/{rel}","templated":true}]}}