{"id":237752,"date":"2025-04-07T19:23:03","date_gmt":"2025-04-07T19:23:03","guid":{"rendered":"https:\/\/lottomat.net\/loterijas-rezultati\/powerball-rezultati\/"},"modified":"2025-11-16T10:19:21","modified_gmt":"2025-11-16T10:19:21","slug":"powerball","status":"publish","type":"page","link":"https:\/\/lottomat.com\/lv\/rezultati\/powerball\/","title":{"rendered":"Powerball Rezult\u0101ti un Laim\u0113ju\u0161ie Skait\u013ci"},"content":{"rendered":"\n\n<div class=\"kk-star-ratings kksr-auto kksr-align-left kksr-valign-top\"\n    data-payload='{&quot;align&quot;:&quot;left&quot;,&quot;id&quot;:&quot;237752&quot;,&quot;slug&quot;:&quot;default&quot;,&quot;valign&quot;:&quot;top&quot;,&quot;ignore&quot;:&quot;&quot;,&quot;reference&quot;:&quot;auto&quot;,&quot;class&quot;:&quot;&quot;,&quot;count&quot;:&quot;0&quot;,&quot;legendonly&quot;:&quot;&quot;,&quot;readonly&quot;:&quot;&quot;,&quot;score&quot;:&quot;0&quot;,&quot;starsonly&quot;:&quot;&quot;,&quot;best&quot;:&quot;5&quot;,&quot;gap&quot;:&quot;5&quot;,&quot;greet&quot;:&quot;Rate this page&quot;,&quot;legend&quot;:&quot;0\\\/5 - (0 votes)&quot;,&quot;size&quot;:&quot;30&quot;,&quot;title&quot;:&quot;Powerball Rezult\u0101ti un Laim\u0113ju\u0161ie Skait\u013ci&quot;,&quot;width&quot;:&quot;0&quot;,&quot;_legend&quot;:&quot;{score}\\\/{best} - ({count} {votes})&quot;,&quot;font_factor&quot;:&quot;1.25&quot;}'>\n            \n<div class=\"kksr-stars\">\n    \n<div class=\"kksr-stars-inactive\">\n            <div class=\"kksr-star\" data-star=\"1\" style=\"padding-right: 5px\">\n            \n\n<div class=\"kksr-icon\" style=\"width: 30px; height: 30px;\"><\/div>\n        <\/div>\n            <div class=\"kksr-star\" data-star=\"2\" style=\"padding-right: 5px\">\n            \n\n<div class=\"kksr-icon\" style=\"width: 30px; height: 30px;\"><\/div>\n        <\/div>\n            <div class=\"kksr-star\" data-star=\"3\" style=\"padding-right: 5px\">\n            \n\n<div class=\"kksr-icon\" style=\"width: 30px; height: 30px;\"><\/div>\n        <\/div>\n            <div class=\"kksr-star\" data-star=\"4\" style=\"padding-right: 5px\">\n            \n\n<div class=\"kksr-icon\" style=\"width: 30px; height: 30px;\"><\/div>\n        <\/div>\n            <div class=\"kksr-star\" data-star=\"5\" style=\"padding-right: 5px\">\n            \n\n<div class=\"kksr-icon\" style=\"width: 30px; height: 30px;\"><\/div>\n        <\/div>\n    <\/div>\n    \n<div class=\"kksr-stars-active\" style=\"width: 0px;\">\n            <div class=\"kksr-star\" style=\"padding-right: 5px\">\n            \n\n<div class=\"kksr-icon\" style=\"width: 30px; height: 30px;\"><\/div>\n        <\/div>\n            <div class=\"kksr-star\" style=\"padding-right: 5px\">\n            \n\n<div class=\"kksr-icon\" style=\"width: 30px; height: 30px;\"><\/div>\n        <\/div>\n            <div class=\"kksr-star\" style=\"padding-right: 5px\">\n            \n\n<div class=\"kksr-icon\" style=\"width: 30px; height: 30px;\"><\/div>\n        <\/div>\n            <div class=\"kksr-star\" style=\"padding-right: 5px\">\n            \n\n<div class=\"kksr-icon\" style=\"width: 30px; height: 30px;\"><\/div>\n        <\/div>\n            <div class=\"kksr-star\" style=\"padding-right: 5px\">\n            \n\n<div class=\"kksr-icon\" style=\"width: 30px; height: 30px;\"><\/div>\n        <\/div>\n    <\/div>\n<\/div>\n                \n\n<div class=\"kksr-legend\" style=\"font-size: 24px;\">\n            <span class=\"kksr-muted\">Rate this page<\/span>\n    <\/div>\n    <\/div>\n<p>P\u0113c bi\u013ce\u0161u ieg\u0101des, izv\u0113loties piecus galvenos skait\u013cus un vienu bonusu skaitli Powerball, tev atliek tikai paciet\u012bgi gaid\u012bt izlozes rezult\u0101tus, kas par\u0101d\u012bsies ziben\u012bgi <a href=\"https:\/\/lottomat.com\/lv\/\"><strong>LottoMat vietn\u0113<\/strong><\/a>. Visa inform\u0101cija par izloz\u0113tajiem skait\u013ciem, ko public\u0113jam, n\u0101k tie\u0161i no izlozes r\u012bkot\u0101ja, t\u0101p\u0113c tu vari b\u016bt dro\u0161s, ka <strong>Powerball rezult\u0101ti ir 100% prec\u012bzi un atbilst ofici\u0101lajai izlozei<\/strong>.<img loading=\"lazy\" decoding=\"async\" class=\"alignleft wp-image-252294\" src=\"https:\/\/lottomat.com\/wp-content\/uploads\/2025\/10\/jackpot-and-prizes-300x300.webp\" alt=\"d\u017eekpots un balvas\" width=\"200\" height=\"200\" srcset=\"https:\/\/lottomat.com\/wp-content\/uploads\/2025\/10\/jackpot-and-prizes-300x300.webp 300w, https:\/\/lottomat.com\/wp-content\/uploads\/2025\/10\/jackpot-and-prizes-150x150.webp 150w, https:\/\/lottomat.com\/wp-content\/uploads\/2025\/10\/jackpot-and-prizes-100x100.webp 100w, https:\/\/lottomat.com\/wp-content\/uploads\/2025\/10\/jackpot-and-prizes.webp 400w\" sizes=\"auto, (max-width: 200px) 100vw, 200px\" \/><\/p>\n<h2>K\u0101 p\u0101rbaud\u012bt pa\u0161reiz\u0113jos Powerball rezult\u0101tus?<\/h2>\n<p>Vietn\u0113 LottoMat tu vienm\u0113r atrad\u012bsi <strong>jaun\u0101kos Powerball loterijas rezult\u0101tus<\/strong>, tikko p\u0113c izlozes. M\u0113s atjaunojam Powerball rezult\u0101tus uzreiz p\u0113c izlozes, un tie n\u0101k no ofici\u0101liem avotiem \u2014 no loterijas r\u012bkot\u0101ja, t\u0101p\u0113c tie ir <strong>piln\u012bgi uzticami<\/strong>. Kad apmekl\u0113 Powerball rezult\u0101tu lapu, tev tikai j\u0101sal\u012bdzina bi\u013cetes skait\u013ci ar tiem, kas redzami rezult\u0101tu tabul\u0101. Ja tav\u0101 bi\u013cet\u0113 ir visi se\u0161i izloz\u0113tie skait\u013ci \u2014 apsveicam, <strong>tu esi k\u013cuvis par miljon\u0101ru!<\/strong> Ja ne, nav iemesla satraukumam, jo Powerball pied\u0101v\u0101 <strong>devi\u0146us garant\u0113tu laimestu l\u012bme\u0146us<\/strong>. Tas noz\u012bm\u0113, ka tev nav j\u0101uzmin visi se\u0161i skait\u013ci, lai laim\u0113tu naudas balvu, bet tev ir j\u0101 <a href=\"https:\/\/lottomat.com\/lv\/spelet\/powerball\/\">ieg\u0101d\u0101jas Powerball bi\u013cete tie\u0161saist\u0113<\/a>!<\/p>\n<h2>K\u0101 p\u0101rbaud\u012bt Powerball rezult\u0101tus par vakardienu?<img loading=\"lazy\" decoding=\"async\" class=\"wp-image-252354 alignright\" src=\"https:\/\/lottomat.com\/wp-content\/uploads\/2025\/10\/Powerball-Numbers-300x300.webp\" alt=\"Powerball skait\u013ci\" width=\"200\" height=\"200\" srcset=\"https:\/\/lottomat.com\/wp-content\/uploads\/2025\/10\/Powerball-Numbers-300x300.webp 300w, https:\/\/lottomat.com\/wp-content\/uploads\/2025\/10\/Powerball-Numbers-150x150.webp 150w, https:\/\/lottomat.com\/wp-content\/uploads\/2025\/10\/Powerball-Numbers-100x100.webp 100w, https:\/\/lottomat.com\/wp-content\/uploads\/2025\/10\/Powerball-Numbers.webp 400w\" sizes=\"auto, (max-width: 200px) 100vw, 200px\" \/><\/h2>\n<p>Neatkar\u012bgi no t\u0101, vai mekl\u0113 \u0161odienas rezult\u0101tus, vakardienas numurus vai pag\u0101ju\u0161\u0101s ned\u0113\u013cas izlozes \u2014 <strong>visus Powerball rezult\u0101tus viegli atrad\u012bsi vietn\u0113 LottoMat<\/strong>. M\u016bsu pla\u0161\u0101 rezult\u0101tu datub\u0101ze \u013cauj \u0101tri un \u0113rti piek\u013c\u016bt jebkuras izlozes inform\u0101cijai. Vienk\u0101r\u0161i dodies uz rezult\u0101tu sada\u013cu un izv\u0113lies datumu, kuru v\u0113lies p\u0101rbaud\u012bt. \u0160\u012b \u0113rt\u0101 funkcija nodro\u0161ina, ka <strong>tu nekad nepalaid\u012bsi gar\u0101m iesp\u0113ju p\u0101rbaud\u012bt savu bi\u013ceti<\/strong>, neatkar\u012bgi no t\u0101, kad notika izloze.<\/p>\n<h2>K\u0101 izmantot Powerball arhiv\u0113tos izlo\u017eu rezult\u0101tus?<\/h2>\n<p>Vietne LottoMat pied\u0101v\u0101 ar\u012b <strong>Powerball arhiv\u0113tos izlo\u017eu rezult\u0101tus<\/strong>. Ja v\u0113lies tos apskat\u012bt, vienk\u0101r\u0161i izmanto m\u016bsu rezult\u0101tu kalend\u0101ru, kas atrodas labaj\u0101 pus\u0113 no pa\u0161reiz\u0113jiem izloz\u0113tajiem skait\u013ciem. P\u0113c saraksta atv\u0113r\u0161anas vari apskat\u012bt iepriek\u0161\u0113j\u0101s izlozes l\u012bdz pat <strong>divpadsmit m\u0113ne\u0161iem atpaka\u013c<\/strong>.<\/p>\n<h3><img loading=\"lazy\" decoding=\"async\" class=\"alignleft wp-image-252324\" src=\"https:\/\/lottomat.com\/wp-content\/uploads\/2025\/10\/Powerball-Draw-300x300.webp\" alt=\"Powerball izloze\" width=\"200\" height=\"200\" srcset=\"https:\/\/lottomat.com\/wp-content\/uploads\/2025\/10\/Powerball-Draw-300x300.webp 300w, https:\/\/lottomat.com\/wp-content\/uploads\/2025\/10\/Powerball-Draw-150x150.webp 150w, https:\/\/lottomat.com\/wp-content\/uploads\/2025\/10\/Powerball-Draw-100x100.webp 100w, https:\/\/lottomat.com\/wp-content\/uploads\/2025\/10\/Powerball-Draw.webp 400w\" sizes=\"auto, (max-width: 200px) 100vw, 200px\" \/>K\u0101di ir Powerball arhiv\u0113to rezult\u0101tu izmanto\u0161anas ieguvumi?<\/h3>\n<p>K\u0101p\u0113c tev vajadz\u012bgi arhiv\u0113tie loterijas rezult\u0101ti? Ir vair\u0101ki iemesli. Pirmk\u0101rt, tie var pal\u012bdz\u0113t <strong>izveidot savu pa\u0161a strat\u0113\u0123iju skait\u013cu izv\u0113lei<\/strong>, aizpildot jaunas bi\u013cetes, lai n\u0101kam\u0101s sp\u0113les b\u016btu veiksm\u012bg\u0101kas. Tu vari ar\u012b <a href=\"https:\/\/lottomat.com\/lv\/rezultati\/\">izmantot arhiv\u0113tos loterijas rezult\u0101tus<\/a>, lai redz\u0113tu, kuri skait\u013ci p\u0113d\u0113j\u0101 laik\u0101 par\u0101d\u012bju\u0161ies visbie\u017e\u0101k un kuri nav izloz\u0113ti vair\u0101kas ned\u0113\u013cas. Tu redz\u0113si, cik svar\u012bgi ir izv\u0113l\u0113ties da\u017e\u0101dus skait\u013cus no da\u017e\u0101diem interv\u0101liem. Jau sen zin\u0101ms, ka, aizpildot bi\u013cetes, nevajadz\u0113tu sevi ierobe\u017eot. Katrs skaitlis loterijas kop\u0113j\u0101 basein\u0101 ir svar\u012bgs, bet daudzi sp\u0113l\u0113t\u0101ji izv\u0113las fiks\u0113tu numuru kopumu, balstoties uz dzim\u0161anas dien\u0101m, kas b\u016btiski samazina iesp\u0113jas uzvar\u0113t Powerball. Arhiv\u0113tie rezult\u0101ti ietver ar\u012b inform\u0101ciju par p\u0113d\u0113jiem d\u017eekpotiem, balvu apm\u0113riem un to uzvar\u0113t\u0101ju skaitu, kuri laim\u0113ju\u0161i Powerball d\u017eekpotu.<\/p>\n<h2>Kuri ir visbie\u017e\u0101k izloz\u0113tie Powerball skait\u013ci?<\/h2>\n<p>Vietn\u0113 LottoMat tu atrad\u012bsi visu svar\u012bgo inform\u0101ciju par loterij\u0101m. Ne tikai rezult\u0101tus, bet ar\u012b Powerball noteikumus, interesantus faktus, lieto\u0161anas nosac\u012bjumus un daudz noder\u012bgu padomu, kas pal\u012bdz\u0113s tev sp\u0113l\u0113t veiksm\u012bg\u0101k. M\u0113s esam sagatavoju\u0161i <strong>lielisku un aizraujo\u0161u ce\u013cvedi<\/strong>, kur\u0101 nor\u0101d\u012bts, kuri skait\u013ci Powerball ir izloz\u0113ti visbie\u017e\u0101k un kuri visret\u0101k. Tas pal\u012bdz\u0113s tev pl\u0101not jaunu bi\u013ce\u0161u skait\u013cu izv\u0113li, jo statistika skaidri r\u0101da, kuri skait\u013ci tiek izloz\u0113ti bie\u017e\u0101k. Izmanto \u0161os datus un atceries, ka Powerball numurs tiek izloz\u0113ts no atsevi\u0161\u0137a skait\u013cu diapazona, t\u0101p\u0113c tas pats skaitlis var tikt izloz\u0113ts gan starp galvenajiem skait\u013ciem, gan k\u0101 Powerball bonuss. Vairs nav j\u0101mekl\u0113 vecie rezult\u0101ti \u2014 viss ir tev priek\u0161\u0101. <strong>Visbie\u017e\u0101k izloz\u0113tie Powerball skait\u013ci ir: 8, 26, 22, 23 un 36<\/strong>. Izveido savu strat\u0113\u0123iju, izv\u0113loties tev noz\u012bm\u012bgus skait\u013cus, bet piev\u0113rs uzman\u012bbu ar\u012b tiem, ko iesak\u0101m m\u0113s, jo <strong>statistika nekad nemelo<\/strong>.<\/p>\n<h2>Kuri Powerball skait\u013ci tiek izloz\u0113ti visret\u0101k?<img loading=\"lazy\" decoding=\"async\" class=\"alignright wp-image-252384\" src=\"https:\/\/lottomat.com\/wp-content\/uploads\/2025\/10\/Powerball-Results-300x300.webp\" alt=\"Powerball rezult\u0101ti\" width=\"200\" height=\"200\" srcset=\"https:\/\/lottomat.com\/wp-content\/uploads\/2025\/10\/Powerball-Results-300x300.webp 300w, https:\/\/lottomat.com\/wp-content\/uploads\/2025\/10\/Powerball-Results-150x150.webp 150w, https:\/\/lottomat.com\/wp-content\/uploads\/2025\/10\/Powerball-Results-100x100.webp 100w, https:\/\/lottomat.com\/wp-content\/uploads\/2025\/10\/Powerball-Results.webp 400w\" sizes=\"auto, (max-width: 200px) 100vw, 200px\" \/><\/h2>\n<p>Izpratne par to, kuri skait\u013ci Powerball izloz\u0113s par\u0101d\u0101s visret\u0101k, var b\u016bt tikpat v\u0113rt\u012bga k\u0101 zin\u0101\u0161anas par tiem, kas izkr\u012bt visbie\u017e\u0101k. Statistisk\u0101 anal\u012bze r\u0101da, ka da\u017ei skait\u013ci <strong>past\u0101v\u012bgi ir maz\u0101k p\u0101rst\u0101v\u0113ti iepriek\u0161\u0113j\u0101s izloz\u0113s<\/strong>. Visret\u0101k izloz\u0113tie skait\u013ci ir: 15, 51, 37, 47, 12, 4 un 24. Da\u017ei sp\u0113l\u0113t\u0101ji uzskata, ka \u0161ie \u201caukstie\u201d skait\u013ci ir \u201cgatavi atgriezties\u201d un iek\u013cauj tos sav\u0101 skait\u013cu izv\u0113les strat\u0113\u0123ij\u0101. Lai gan iepriek\u0161\u0113jie rezult\u0101ti negarant\u0113 n\u0101kotnes izn\u0101kumus, \u0161o mode\u013cu anal\u012bze var pal\u012bdz\u0113t pie\u0146emt p\u0101rdom\u0101t\u0101kus l\u0113mumus, izv\u0113loties Powerball skait\u013cus n\u0101kamaj\u0101m izloz\u0113m.<\/p>\n<h2>Cik sp\u0113l\u0113t\u0101ju laim\u0113ja un cik p\u0113d\u0113j\u0101 Powerball izloz\u0113?<\/h2>\n<p>Katrs Powerball \u017e\u0113l\u0113jums rada <strong>t\u016bksto\u0161iem uzvar\u0113t\u0101ju visos balvu l\u012bme\u0146os<\/strong>, padarot to par vienu no ienes\u012bg\u0101kaj\u0101m loterij\u0101m pasaul\u0113. Balvu sadal\u012bjums parasti ietver vienu d\u017eekpota uzvar\u0113t\u0101ju vai vair\u0101kus, kas sadala galveno balvu, vair\u0101kus miljon\u0101rus, kuri uzmin\u0113ja piecus galvenos skait\u013cus, un simtiem t\u016bksto\u0161u maz\u0101ku uzvar\u0113t\u0101ju. Balvu apm\u0113rs main\u0101s atkar\u012bb\u0101 no uzvar\u0113t\u0101ju skaita katr\u0101 kategorij\u0101 un kop\u0113j\u0101 p\u0101rdoto bi\u013ce\u0161u skaita \u0161ai izlozei. Vietn\u0113 LottoMat tu vari atrast <strong>detaliz\u0113tu uzvar\u0113t\u0101ju un balvu sadal\u012bjumu<\/strong> katr\u0101 l\u012bmen\u012b uzreiz p\u0113c katras izlozes. \u0160\u012b inform\u0101cija pal\u012bdz saprast iesp\u0113jas un potenci\u0101los laimestus da\u017e\u0101d\u0101m kombin\u0101cij\u0101m. Ja v\u0113lies uzzin\u0101t vair\u0101k par n\u0101kam\u0101s izlozes balv\u0101m, <a href=\"https:\/\/lottomat.com\/lv\/informacija\/powerball\/\">lasi par Powerball balv\u0101m un d\u017eekpotiem<\/a>.<\/p>\n<h2><img loading=\"lazy\" decoding=\"async\" class=\"alignleft wp-image-252414\" src=\"https:\/\/lottomat.com\/wp-content\/uploads\/2025\/10\/Powerball-Winning-Numbers-300x300.webp\" alt=\"Powerball laim\u0113ju\u0161ie skait\u013ci\" width=\"200\" height=\"200\" srcset=\"https:\/\/lottomat.com\/wp-content\/uploads\/2025\/10\/Powerball-Winning-Numbers-300x300.webp 300w, https:\/\/lottomat.com\/wp-content\/uploads\/2025\/10\/Powerball-Winning-Numbers-150x150.webp 150w, https:\/\/lottomat.com\/wp-content\/uploads\/2025\/10\/Powerball-Winning-Numbers-100x100.webp 100w, https:\/\/lottomat.com\/wp-content\/uploads\/2025\/10\/Powerball-Winning-Numbers.webp 400w\" sizes=\"auto, (max-width: 200px) 100vw, 200px\" \/><\/h2>\n<h2>K\u0101 paredz\u0113t Powerball rezult\u0101tus un laim\u0113ju\u0161os skait\u013cus?<\/h2>\n<p>Lai gan Powerball ir veiksmes sp\u0113le un <strong>neviena metode nevar garant\u0113t laim\u0113ju\u0161os skait\u013cus<\/strong>, daudzi sp\u0113l\u0113t\u0101ji izmanto da\u017e\u0101das strat\u0113\u0123ijas, lai uzlabotu savu izv\u0113li. Da\u017ei analiz\u0113 bie\u017euma diagrammas, lai noteiktu \u201ckarstos\u201d un \u201caukstos\u201d numurus, bet citi izmanto matem\u0101tiskas sist\u0113mas, piem\u0113ram, \u201cwheeling\u201d vai delta numuru anal\u012bzi. Nejau\u0161o skait\u013cu \u0123eneratori pal\u012bdz nov\u0113rst cilv\u0113ka aizspriedumus skait\u013cu izv\u0113l\u0113. Atceries, ka katra izloze ir neatkar\u012bga, un katrai kombin\u0101cijai ir vien\u0101das iesp\u0113jas tikt izloz\u0113tai. Galvenais ir <strong>sp\u0113l\u0113t konsekventi ar skait\u013ciem, kuros j\u016bties p\u0101rliecin\u0101ts<\/strong> \u2014 vai tie b\u016btu balst\u012bti uz statistiku, person\u012bgo noz\u012bmi vai intu\u012bciju. Vissvar\u012bg\u0101k \u2014 sp\u0113l\u0113 atbild\u012bgi un savas finansi\u0101l\u0101s iesp\u0113jas robe\u017e\u0101s. Tagad tu zini, vai iesp\u0113jams paredz\u0113t Powerball rezult\u0101tus. Viena lieta ir dro\u0161a \u2014 lai uzvar\u0113tu, ir j\u0101sp\u0113l\u0113. T\u0101p\u0113c <a href=\"https:\/\/lottomat.com\/lv\/spelet\/\">ieg\u0101d\u0101jies bi\u013ceti jebkurai loterijai<\/a> un gaidi rezult\u0101tus, kas tev nes\u012bs prieku.<\/p>\n","protected":false},"excerpt":{"rendered":"<p>P\u0113c bi\u013ce\u0161u ieg\u0101des, izv\u0113loties piecus galvenos skait\u013cus un vienu bonusu skaitli Powerball, tev atliek tikai paciet\u012bgi gaid\u012bt izlozes rezult\u0101tus, kas par\u0101d\u012bsies ziben\u012bgi LottoMat vietn\u0113. Visa inform\u0101cija par izloz\u0113tajiem skait\u013ciem, ko public\u0113jam, n\u0101k tie\u0161i no izlozes r\u012bkot\u0101ja, t\u0101p\u0113c tu vari b\u016bt dro\u0161s, ka Powerball rezult\u0101ti ir 100% prec\u012bzi un atbilst ofici\u0101lajai izlozei. K\u0101 p\u0101rbaud\u012bt pa\u0161reiz\u0113jos Powerball [&hellip;]<\/p>\n","protected":false},"author":1,"featured_media":0,"parent":7433,"menu_order":1,"comment_status":"closed","ping_status":"closed","template":"powerball-usa-results.php","meta":{"_et_pb_use_builder":"","_et_pb_old_content":"","_et_gb_content_width":"","exclude_from_search":false,"footnotes":""},"class_list":["post-237752","page","type-page","status-publish","hentry"],"yoast_head":"<!-- This site is optimized with the Yoast SEO plugin v23.8 - https:\/\/yoast.com\/wordpress\/plugins\/seo\/ -->\n<title>Powerball Rezult\u0101ti un Laim\u0113ju\u0161ie Skait\u013ci - LottoMat LATVIJA<\/title>\n<meta name=\"description\" content=\"P\u0101rbaudi jaun\u0101kos Powerball rezult\u0101tus un laim\u0113ju\u0161os skait\u013cus vietn\u0113 LottoMat. Sal\u012bdzini savus skait\u013cus ar ofici\u0101lajiem izlozes rezult\u0101tiem.\" \/>\n<meta name=\"robots\" content=\"index, follow, max-snippet:-1, max-image-preview:large, max-video-preview:-1\" \/>\n<link rel=\"canonical\" href=\"https:\/\/lottomat.com\/lv\/rezultati\/powerball\/\" \/>\n<meta property=\"og:locale\" content=\"lv_LV\" \/>\n<meta property=\"og:type\" content=\"article\" \/>\n<meta property=\"og:title\" content=\"Powerball Rezult\u0101ti un Laim\u0113ju\u0161ie Skait\u013ci - LottoMat LATVIJA\" \/>\n<meta property=\"og:description\" content=\"P\u0101rbaudi jaun\u0101kos Powerball rezult\u0101tus un laim\u0113ju\u0161os skait\u013cus vietn\u0113 LottoMat. Sal\u012bdzini savus skait\u013cus ar ofici\u0101lajiem izlozes rezult\u0101tiem.\" \/>\n<meta property=\"og:url\" content=\"https:\/\/lottomat.com\/lv\/rezultati\/powerball\/\" \/>\n<meta property=\"og:site_name\" content=\"Lottomat\" \/>\n<meta property=\"article:modified_time\" content=\"2025-11-16T10:19:21+00:00\" \/>\n<meta property=\"og:image\" content=\"https:\/\/lottomat.com\/wp-content\/uploads\/2025\/10\/jackpot-and-prizes-300x300.webp\" \/>\n<meta name=\"twitter:card\" content=\"summary_large_image\" \/>\n<meta name=\"twitter:label1\" content=\"Est. reading time\" \/>\n\t<meta name=\"twitter:data1\" content=\"5 minutes\" \/>\n<script type=\"application\/ld+json\" class=\"yoast-schema-graph\">{\"@context\":\"https:\/\/schema.org\",\"@graph\":[{\"@type\":\"WebPage\",\"@id\":\"https:\/\/lottomat.com\/lv\/rezultati\/powerball\/\",\"url\":\"https:\/\/lottomat.com\/lv\/rezultati\/powerball\/\",\"name\":\"Powerball Rezult\u0101ti un Laim\u0113ju\u0161ie Skait\u013ci - LottoMat LATVIJA\",\"isPartOf\":{\"@id\":\"https:\/\/lottomat.com\/lv\/#website\"},\"primaryImageOfPage\":{\"@id\":\"https:\/\/lottomat.com\/lv\/rezultati\/powerball\/#primaryimage\"},\"image\":{\"@id\":\"https:\/\/lottomat.com\/lv\/rezultati\/powerball\/#primaryimage\"},\"thumbnailUrl\":\"https:\/\/lottomat.com\/wp-content\/uploads\/2025\/10\/jackpot-and-prizes-300x300.webp\",\"datePublished\":\"2025-04-07T19:23:03+00:00\",\"dateModified\":\"2025-11-16T10:19:21+00:00\",\"description\":\"P\u0101rbaudi jaun\u0101kos Powerball rezult\u0101tus un laim\u0113ju\u0161os skait\u013cus vietn\u0113 LottoMat. Sal\u012bdzini savus skait\u013cus ar ofici\u0101lajiem izlozes rezult\u0101tiem.\",\"breadcrumb\":{\"@id\":\"https:\/\/lottomat.com\/lv\/rezultati\/powerball\/#breadcrumb\"},\"inLanguage\":\"lv-LV\",\"potentialAction\":[{\"@type\":\"ReadAction\",\"target\":[\"https:\/\/lottomat.com\/lv\/rezultati\/powerball\/\"]}]},{\"@type\":\"ImageObject\",\"inLanguage\":\"lv-LV\",\"@id\":\"https:\/\/lottomat.com\/lv\/rezultati\/powerball\/#primaryimage\",\"url\":\"https:\/\/lottomat.com\/wp-content\/uploads\/2025\/10\/jackpot-and-prizes-300x300.webp\",\"contentUrl\":\"https:\/\/lottomat.com\/wp-content\/uploads\/2025\/10\/jackpot-and-prizes-300x300.webp\"},{\"@type\":\"BreadcrumbList\",\"@id\":\"https:\/\/lottomat.com\/lv\/rezultati\/powerball\/#breadcrumb\",\"itemListElement\":[{\"@type\":\"ListItem\",\"position\":1,\"name\":\"Home\",\"item\":\"https:\/\/lottomat.com\/lv\/\"},{\"@type\":\"ListItem\",\"position\":2,\"name\":\"Jaun\u0101kie loterijas rezult\u0101ti un laim\u012bgie skait\u013ci\",\"item\":\"https:\/\/lottomat.com\/lv\/rezultati\/\"},{\"@type\":\"ListItem\",\"position\":3,\"name\":\"Powerball Rezult\u0101ti un Laim\u0113ju\u0161ie Skait\u013ci\"}]},{\"@type\":\"WebSite\",\"@id\":\"https:\/\/lottomat.com\/lv\/#website\",\"url\":\"https:\/\/lottomat.com\/lv\/\",\"name\":\"Lottomat\",\"description\":\"\",\"potentialAction\":[{\"@type\":\"SearchAction\",\"target\":{\"@type\":\"EntryPoint\",\"urlTemplate\":\"https:\/\/lottomat.com\/lv\/?s={search_term_string}\"},\"query-input\":{\"@type\":\"PropertyValueSpecification\",\"valueRequired\":true,\"valueName\":\"search_term_string\"}}],\"inLanguage\":\"lv-LV\"}]}<\/script>\n<!-- \/ Yoast SEO plugin. -->","yoast_head_json":{"title":"Powerball Rezult\u0101ti un Laim\u0113ju\u0161ie Skait\u013ci - LottoMat LATVIJA","description":"P\u0101rbaudi jaun\u0101kos Powerball rezult\u0101tus un laim\u0113ju\u0161os skait\u013cus vietn\u0113 LottoMat. Sal\u012bdzini savus skait\u013cus ar ofici\u0101lajiem izlozes rezult\u0101tiem.","robots":{"index":"index","follow":"follow","max-snippet":"max-snippet:-1","max-image-preview":"max-image-preview:large","max-video-preview":"max-video-preview:-1"},"canonical":"https:\/\/lottomat.com\/lv\/rezultati\/powerball\/","og_locale":"lv_LV","og_type":"article","og_title":"Powerball Rezult\u0101ti un Laim\u0113ju\u0161ie Skait\u013ci - LottoMat LATVIJA","og_description":"P\u0101rbaudi jaun\u0101kos Powerball rezult\u0101tus un laim\u0113ju\u0161os skait\u013cus vietn\u0113 LottoMat. Sal\u012bdzini savus skait\u013cus ar ofici\u0101lajiem izlozes rezult\u0101tiem.","og_url":"https:\/\/lottomat.com\/lv\/rezultati\/powerball\/","og_site_name":"Lottomat","article_modified_time":"2025-11-16T10:19:21+00:00","og_image":[{"url":"https:\/\/lottomat.com\/wp-content\/uploads\/2025\/10\/jackpot-and-prizes-300x300.webp"}],"twitter_card":"summary_large_image","twitter_misc":{"Est. reading time":"5 minutes"},"schema":{"@context":"https:\/\/schema.org","@graph":[{"@type":"WebPage","@id":"https:\/\/lottomat.com\/lv\/rezultati\/powerball\/","url":"https:\/\/lottomat.com\/lv\/rezultati\/powerball\/","name":"Powerball Rezult\u0101ti un Laim\u0113ju\u0161ie Skait\u013ci - LottoMat LATVIJA","isPartOf":{"@id":"https:\/\/lottomat.com\/lv\/#website"},"primaryImageOfPage":{"@id":"https:\/\/lottomat.com\/lv\/rezultati\/powerball\/#primaryimage"},"image":{"@id":"https:\/\/lottomat.com\/lv\/rezultati\/powerball\/#primaryimage"},"thumbnailUrl":"https:\/\/lottomat.com\/wp-content\/uploads\/2025\/10\/jackpot-and-prizes-300x300.webp","datePublished":"2025-04-07T19:23:03+00:00","dateModified":"2025-11-16T10:19:21+00:00","description":"P\u0101rbaudi jaun\u0101kos Powerball rezult\u0101tus un laim\u0113ju\u0161os skait\u013cus vietn\u0113 LottoMat. Sal\u012bdzini savus skait\u013cus ar ofici\u0101lajiem izlozes rezult\u0101tiem.","breadcrumb":{"@id":"https:\/\/lottomat.com\/lv\/rezultati\/powerball\/#breadcrumb"},"inLanguage":"lv-LV","potentialAction":[{"@type":"ReadAction","target":["https:\/\/lottomat.com\/lv\/rezultati\/powerball\/"]}]},{"@type":"ImageObject","inLanguage":"lv-LV","@id":"https:\/\/lottomat.com\/lv\/rezultati\/powerball\/#primaryimage","url":"https:\/\/lottomat.com\/wp-content\/uploads\/2025\/10\/jackpot-and-prizes-300x300.webp","contentUrl":"https:\/\/lottomat.com\/wp-content\/uploads\/2025\/10\/jackpot-and-prizes-300x300.webp"},{"@type":"BreadcrumbList","@id":"https:\/\/lottomat.com\/lv\/rezultati\/powerball\/#breadcrumb","itemListElement":[{"@type":"ListItem","position":1,"name":"Home","item":"https:\/\/lottomat.com\/lv\/"},{"@type":"ListItem","position":2,"name":"Jaun\u0101kie loterijas rezult\u0101ti un laim\u012bgie skait\u013ci","item":"https:\/\/lottomat.com\/lv\/rezultati\/"},{"@type":"ListItem","position":3,"name":"Powerball Rezult\u0101ti un Laim\u0113ju\u0161ie Skait\u013ci"}]},{"@type":"WebSite","@id":"https:\/\/lottomat.com\/lv\/#website","url":"https:\/\/lottomat.com\/lv\/","name":"Lottomat","description":"","potentialAction":[{"@type":"SearchAction","target":{"@type":"EntryPoint","urlTemplate":"https:\/\/lottomat.com\/lv\/?s={search_term_string}"},"query-input":{"@type":"PropertyValueSpecification","valueRequired":true,"valueName":"search_term_string"}}],"inLanguage":"lv-LV"}]}},"_links":{"self":[{"href":"https:\/\/lottomat.com\/lv\/wp-json\/wp\/v2\/pages\/237752","targetHints":{"allow":["GET"]}}],"collection":[{"href":"https:\/\/lottomat.com\/lv\/wp-json\/wp\/v2\/pages"}],"about":[{"href":"https:\/\/lottomat.com\/lv\/wp-json\/wp\/v2\/types\/page"}],"author":[{"embeddable":true,"href":"https:\/\/lottomat.com\/lv\/wp-json\/wp\/v2\/users\/1"}],"replies":[{"embeddable":true,"href":"https:\/\/lottomat.com\/lv\/wp-json\/wp\/v2\/comments?post=237752"}],"version-history":[{"count":2,"href":"https:\/\/lottomat.com\/lv\/wp-json\/wp\/v2\/pages\/237752\/revisions"}],"predecessor-version":[{"id":257487,"href":"https:\/\/lottomat.com\/lv\/wp-json\/wp\/v2\/pages\/237752\/revisions\/257487"}],"up":[{"embeddable":true,"href":"https:\/\/lottomat.com\/lv\/wp-json\/wp\/v2\/pages\/7433"}],"wp:attachment":[{"href":"https:\/\/lottomat.com\/lv\/wp-json\/wp\/v2\/media?parent=237752"}],"curies":[{"name":"wp","href":"https:\/\/api.w.org\/{rel}","templated":true}]}}