{"id":232631,"date":"2025-03-27T10:35:32","date_gmt":"2025-03-27T10:35:32","guid":{"rendered":"https:\/\/lottomat.net\/loterijas-rezultati\/eurojackpot-rezultati\/"},"modified":"2026-02-15T04:34:50","modified_gmt":"2026-02-15T04:34:50","slug":"eurojackpot","status":"publish","type":"page","link":"https:\/\/lottomat.com\/lv\/rezultati\/eurojackpot\/","title":{"rendered":"Eurojackpot rezult\u0101ti un Laim\u012bgie Skait\u013ci"},"content":{"rendered":"\n\n<div class=\"kk-star-ratings kksr-auto kksr-align-left kksr-valign-top\"\n    data-payload='{&quot;align&quot;:&quot;left&quot;,&quot;id&quot;:&quot;232631&quot;,&quot;slug&quot;:&quot;default&quot;,&quot;valign&quot;:&quot;top&quot;,&quot;ignore&quot;:&quot;&quot;,&quot;reference&quot;:&quot;auto&quot;,&quot;class&quot;:&quot;&quot;,&quot;count&quot;:&quot;0&quot;,&quot;legendonly&quot;:&quot;&quot;,&quot;readonly&quot;:&quot;&quot;,&quot;score&quot;:&quot;0&quot;,&quot;starsonly&quot;:&quot;&quot;,&quot;best&quot;:&quot;5&quot;,&quot;gap&quot;:&quot;5&quot;,&quot;greet&quot;:&quot;Rate this page&quot;,&quot;legend&quot;:&quot;0\\\/5 - (0 votes)&quot;,&quot;size&quot;:&quot;30&quot;,&quot;title&quot;:&quot;Eurojackpot rezult\u0101ti un Laim\u012bgie Skait\u013ci&quot;,&quot;width&quot;:&quot;0&quot;,&quot;_legend&quot;:&quot;{score}\\\/{best} - ({count} {votes})&quot;,&quot;font_factor&quot;:&quot;1.25&quot;}'>\n            \n<div class=\"kksr-stars\">\n    \n<div class=\"kksr-stars-inactive\">\n            <div class=\"kksr-star\" data-star=\"1\" style=\"padding-right: 5px\">\n            \n\n<div class=\"kksr-icon\" style=\"width: 30px; height: 30px;\"><\/div>\n        <\/div>\n            <div class=\"kksr-star\" data-star=\"2\" style=\"padding-right: 5px\">\n            \n\n<div class=\"kksr-icon\" style=\"width: 30px; height: 30px;\"><\/div>\n        <\/div>\n            <div class=\"kksr-star\" data-star=\"3\" style=\"padding-right: 5px\">\n            \n\n<div class=\"kksr-icon\" style=\"width: 30px; height: 30px;\"><\/div>\n        <\/div>\n            <div class=\"kksr-star\" data-star=\"4\" style=\"padding-right: 5px\">\n            \n\n<div class=\"kksr-icon\" style=\"width: 30px; height: 30px;\"><\/div>\n        <\/div>\n            <div class=\"kksr-star\" data-star=\"5\" style=\"padding-right: 5px\">\n            \n\n<div class=\"kksr-icon\" style=\"width: 30px; height: 30px;\"><\/div>\n        <\/div>\n    <\/div>\n    \n<div class=\"kksr-stars-active\" style=\"width: 0px;\">\n            <div class=\"kksr-star\" style=\"padding-right: 5px\">\n            \n\n<div class=\"kksr-icon\" style=\"width: 30px; height: 30px;\"><\/div>\n        <\/div>\n            <div class=\"kksr-star\" style=\"padding-right: 5px\">\n            \n\n<div class=\"kksr-icon\" style=\"width: 30px; height: 30px;\"><\/div>\n        <\/div>\n            <div class=\"kksr-star\" style=\"padding-right: 5px\">\n            \n\n<div class=\"kksr-icon\" style=\"width: 30px; height: 30px;\"><\/div>\n        <\/div>\n            <div class=\"kksr-star\" style=\"padding-right: 5px\">\n            \n\n<div class=\"kksr-icon\" style=\"width: 30px; height: 30px;\"><\/div>\n        <\/div>\n            <div class=\"kksr-star\" style=\"padding-right: 5px\">\n            \n\n<div class=\"kksr-icon\" style=\"width: 30px; height: 30px;\"><\/div>\n        <\/div>\n    <\/div>\n<\/div>\n                \n\n<div class=\"kksr-legend\" style=\"font-size: 24px;\">\n            <span class=\"kksr-muted\">Rate this page<\/span>\n    <\/div>\n    <\/div>\n<p>Vai esi ieg\u0101d\u0101jies Eurojackpot bi\u013cetes un dom\u0101, vai esi laim\u0113jis? L\u012bdz br\u012bdim, kad uzzini izloz\u0113tos skait\u013cus, viss ir iesp\u0113jams, un tu vari apskat\u012bt <a href=\"https:\/\/lottomat.com\/lv\/rezultati\/\">loterijas rezult\u0101tus \u0161aj\u0101 vietn\u0113<\/a>. M\u0113s tos public\u0113jam \u012bpa\u0161i \u0101tri uzreiz p\u0113c inform\u0101cijas sa\u0146em\u0161anas no Eurojackpot r\u012bkot\u0101ja vietnes, t\u0101p\u0113c vari b\u016bt dro\u0161s, ka tie ir uzticami apstiprin\u0101ti un 100% patiesi. Analiz\u0113 Eurojackpot rezult\u0101tus un laim\u012bgos skait\u013cus jau tagad!<\/p>\n<h2>K\u0101 p\u0101rbaud\u012bt \u0161odienas Eurojackpot rezult\u0101tus?<img loading=\"lazy\" decoding=\"async\" class=\"alignright wp-image-257716\" src=\"https:\/\/lottomat.com\/wp-content\/uploads\/2025\/11\/Eurojackpot-online-1.webp\" alt=\"Eurojackpot tie\u0161saist\u0113\" width=\"200\" height=\"200\" srcset=\"https:\/\/lottomat.com\/wp-content\/uploads\/2025\/11\/Eurojackpot-online-1.webp 400w, https:\/\/lottomat.com\/wp-content\/uploads\/2025\/11\/Eurojackpot-online-1-300x300.webp 300w, https:\/\/lottomat.com\/wp-content\/uploads\/2025\/11\/Eurojackpot-online-1-150x150.webp 150w, https:\/\/lottomat.com\/wp-content\/uploads\/2025\/11\/Eurojackpot-online-1-100x100.webp 100w\" sizes=\"auto, (max-width: 200px) 100vw, 200px\" \/><\/h2>\n<p>Vienk\u0101r\u0161\u0101kais veids, k\u0101 p\u0101rbaud\u012bt jaun\u0101kos Eurojackpot rezult\u0101tus, ir m\u016bsu vietn\u0113. M\u0113s nodro\u0161in\u0101m <strong>100% uzticamus izlo\u017eu rezult\u0101tus<\/strong>, kuriem vari piln\u012bb\u0101 uztic\u0113ties. M\u016bsu platforma garant\u0113, ka visi Eurojackpot laim\u012bgie skait\u013ci tiek <strong>atjaunin\u0101ti uzreiz p\u0113c katras ofici\u0101l\u0101s izlozes<\/strong>. Neatkar\u012bgi no t\u0101, vai p\u0101rbaudi laim\u012bg\u0101s kombin\u0101cijas, laimestu sadal\u012bjumu vai d\u017eekpota apm\u0113ru, \u0161eit atrad\u012bsi prec\u012bzu un aktu\u0101lu inform\u0101ciju. M\u0113s saprotam, cik svar\u012bgi loteriju sp\u0113l\u0113t\u0101jiem ir \u0101tri sa\u0146emt apstiprin\u0101tus rezult\u0101tus, t\u0101p\u0113c priek\u0161pl\u0101n\u0101 izvirz\u0101m <strong>\u0101trumu un precizit\u0101ti<\/strong> Eurojackpot rezult\u0101tu nodro\u0161in\u0101\u0161an\u0101.<\/p>\n<h2>K\u0101 p\u0101rbaud\u012bt vakardienas Eurojackpot rezult\u0101tus?<\/h2>\n<p>Tu vari ar\u012b p\u0101rbaud\u012bt vakardienas Eurojackpot rezult\u0101tus <a href=\"https:\/\/lottomat.com\/lv\/\">m\u016bsu Lottomat vietn\u0113<\/a>, jo m\u0113s pied\u0101v\u0101jam ne tikai aktu\u0101los rezult\u0101tus, bet ar\u012b <strong>v\u0113sturiskos datus no iepriek\u0161\u0113j\u0101m izloz\u0113m<\/strong>. M\u016bsu visaptvero\u0161\u0101 datub\u0101ze ietver <strong>\u0161odienas rezult\u0101tus, vakardienas izlozes un rezult\u0101tus no iepriek\u0161\u0113j\u0101m ned\u0113\u013c\u0101m, m\u0113ne\u0161iem vai pat gadiem<\/strong>. \u0160is pla\u0161ais arh\u012bvs \u013cauj sekot l\u012bdzi tendenc\u0113m, analiz\u0113t mode\u013cus un p\u0101rskat\u012bt jebkuru izlozi, kas tevi interes\u0113. Neatkar\u012bgi no t\u0101, vai vakar aizmirs\u0101t p\u0101rbaud\u012bt savas bi\u013cetes vai v\u0113lies apstiprin\u0101t iepriek\u0161\u0113jos laim\u012bgos skait\u013cus, m\u016bsu platforma nodro\u0161ina \u0113rtu piek\u013cuvi visiem Eurojackpot v\u0113sturiskajiem rezult\u0101tiem ar <strong>piln\u012bgu precizit\u0101ti un uzticam\u012bbu<\/strong>.<\/p>\n<h2>K\u0101 p\u0101rbaud\u012bt arhiv\u0113tos Eurojackpot rezult\u0101tus?<\/h2>\n<p>Lai apskat\u012btu arhiv\u0113tos Eurojackpot rezult\u0101tus, tev tikai j\u0101izmanto rezult\u0101tu kalend\u0101rs Lottomat vietn\u0113. Tas atrodas zem jaun\u0101k\u0101s izlozes datuma. Atliek vien izv\u0113l\u0113ties datumu, kas tevi visvair\u0101k interes\u0113, un apskat\u012bt l\u012bdz\u0161in\u0113jos sp\u0113les rezult\u0101tus.<\/p>\n<h2><img loading=\"lazy\" decoding=\"async\" class=\"alignleft wp-image-257746\" src=\"https:\/\/lottomat.com\/wp-content\/uploads\/2025\/11\/Eurojackpot-tickets-1.webp\" alt=\"Eurojackpot bi\u013cetes\" width=\"200\" height=\"200\" srcset=\"https:\/\/lottomat.com\/wp-content\/uploads\/2025\/11\/Eurojackpot-tickets-1.webp 400w, https:\/\/lottomat.com\/wp-content\/uploads\/2025\/11\/Eurojackpot-tickets-1-300x300.webp 300w, https:\/\/lottomat.com\/wp-content\/uploads\/2025\/11\/Eurojackpot-tickets-1-150x150.webp 150w, https:\/\/lottomat.com\/wp-content\/uploads\/2025\/11\/Eurojackpot-tickets-1-100x100.webp 100w\" sizes=\"auto, (max-width: 200px) 100vw, 200px\" \/>K\u0101 izmantot arhiv\u0113tos izlo\u017eu rezult\u0101tus un Eurojackpot laim\u012bgos skait\u013cus?<\/h2>\n<p>Jaun\u0101kie un arhiv\u0113tie loteriju rezult\u0101ti \u013cauj p\u0101rbaud\u012bt, kuri skait\u013ci tika izloz\u0113ti iepriek\u0161\u0113j\u0101s izloz\u0113s, cik bie\u017ei konkr\u0113taj\u0101 loterij\u0101 notiek uzkr\u0101jums, cik daudz ir laim\u0113t\u0101ju un k\u0101di ir rekordlaimesti. Tas viss pal\u012bdz izveidot Eurojackpot sp\u0113les strat\u0113\u0123iju un att\u012bst\u012bt savu skait\u013cu izv\u0113les metodi. Savuk\u0101rt, ja v\u0113lies izv\u0113l\u0113ties skait\u013cus \u0101tr\u0101k, bet joproj\u0101m izmantot statistiku, vari izmantot m\u016bsu padomus par visbie\u017e\u0101k un visret\u0101k izloz\u0113tajiem skait\u013ciem Eurojackpot loterij\u0101s. Visi nepiecie\u0161amie dati un inform\u0101cija ir pieejami Lottomat vietn\u0113. Atceries \u2013 neierobe\u017eo sevi tikai ar iepriek\u0161\u0113j\u0101m izloz\u0113m. T\u0101p\u0113c, veicot likmi, ir ieteicams izv\u0113l\u0113ties no visa pieejamo skait\u013cu kopuma, jo tas palielina tavas iesp\u0113jas laim\u0113t galveno balvu.<\/p>\n<h2>Kuri skait\u013ci Eurojackpot tiek izloz\u0113ti visbie\u017e\u0101k?<\/h2>\n<p>Pamatojoties uz statistisko anal\u012bzi par Eurojackpot izloz\u0113m kop\u0161 loterijas s\u0101kuma 2012. gad\u0101, visbie\u017e\u0101k izloz\u0113tie pamat\u00adskait\u013ci ir <strong>14, 16, 18, 19, 25, 33 un 40<\/strong>. \u0160ie \u201ckarstie skait\u013ci\u201d ir par\u0101d\u012bju\u0161ies bie\u017e\u0101k nek\u0101 citi loterijas v\u0113stur\u0113. Run\u0101jot par papildu Euro skait\u013ciem, <strong>5 un 8 ir izloz\u0113ti visbie\u017e\u0101k \u2013 katrs 83 reizes<\/strong>. Daudzi loteriju sp\u0113l\u0113t\u0101ji izmanto \u0161o karsto skait\u013cu statistiku, lai veidotu savu skait\u013cu izv\u0113les strat\u0113\u0123iju. Lai gan teor\u0113tiski katram skaitlim ir vien\u0101da iesp\u0113ja tikt izloz\u0113tam, da\u017ei sp\u0113l\u0113t\u0101ji dod priek\u0161roku tie\u0161i \u0161iem bie\u017e\u0101k izloz\u0113tajiem skait\u013ciem, veidojot savas Eurojackpot kombin\u0101cijas. J\u0101\u0146em v\u0113r\u0101, ka <strong>pag\u0101tnes bie\u017eums negarant\u0113 n\u0101kotnes rezult\u0101tus<\/strong>, ta\u010du \u0161\u012b statistika var sniegt interesantu ieskatu loteriju entuziastiem.<\/p>\n<h2>Kuri skait\u013ci Eurojackpot tiek izloz\u0113ti visret\u0101k?<\/h2>\n<p>Pret\u0113j\u0101 spektra gal\u0101 atrodas skait\u013ci, kas Eurojackpot izloz\u0113s par\u0101d\u0101s ret\u0101k un tiek d\u0113v\u0113ti par \u201caukstajiem skait\u013ciem\u201d. Visret\u0101k izloz\u0113tie Eurojackpot skait\u013ci ir: <strong>48, 2, 36, 50, k\u0101 ar\u012b vien\u0101di \u2013 24, 27 un 31<\/strong>. Visret\u0101k izloz\u0113tie Euro skait\u013ci ir <strong>9 un 10<\/strong>. Da\u017ei sp\u0113l\u0113t\u0101ji uzskata, ka \u0161iem aukstajiem skait\u013ciem \u201cdr\u012bz vajadz\u0113tu par\u0101d\u012bties\u201d, ta\u010du ir svar\u012bgi saprast, ka <strong>katra izloze ir piln\u012bb\u0101 nejau\u0161a un neatkar\u012bga<\/strong>. Lai gan loterijas t\u0101 nedarbojas \u2013 katra izloze ir piln\u012bgi nejau\u0161a un nav saist\u012bta ar iepriek\u0161\u0113jo \u2013, joproj\u0101m ir interesanti noskaidrot, kuri skait\u013ci ir par\u0101d\u012bju\u0161ies visret\u0101k. Neatkar\u012bgi no t\u0101, vai izv\u0113lies karstos skait\u013cus, aukstos skait\u013cus vai to kombin\u0101ciju, atceries, ka <strong>loterijas rezult\u0101ti galu gal\u0101 ir atkar\u012bgi no veiksmes<\/strong>.<\/p>\n<h2>Cik cilv\u0113ku laim\u0113ja jaun\u0101kaj\u0101 Eurojackpot izloz\u0113?<img loading=\"lazy\" decoding=\"async\" class=\"alignright wp-image-257777\" src=\"https:\/\/lottomat.com\/wp-content\/uploads\/2025\/11\/play-Eurojackpot-1.webp\" alt=\"sp\u0113l\u0113t Eurojackpot\" width=\"200\" height=\"200\" srcset=\"https:\/\/lottomat.com\/wp-content\/uploads\/2025\/11\/play-Eurojackpot-1.webp 400w, https:\/\/lottomat.com\/wp-content\/uploads\/2025\/11\/play-Eurojackpot-1-300x300.webp 300w, https:\/\/lottomat.com\/wp-content\/uploads\/2025\/11\/play-Eurojackpot-1-150x150.webp 150w, https:\/\/lottomat.com\/wp-content\/uploads\/2025\/11\/play-Eurojackpot-1-100x100.webp 100w\" sizes=\"auto, (max-width: 200px) 100vw, 200px\" \/><\/h2>\n<p>M\u016bsu vietn\u0113 atrad\u012bsi detaliz\u0113tu tabulu ar visaptvero\u0161u inform\u0101ciju par jaun\u0101k\u0101s Eurojackpot izlozes rezult\u0101tiem, tostarp <strong>laim\u0113t\u0101ju skaitu katr\u0101 laimestu kategorij\u0101<\/strong> un <strong>katra laimesta prec\u012bzu summu eiro<\/strong>. \u0160is sadal\u012bjums par\u0101da laim\u0113t\u0101jus vis\u0101s <strong>divpadsmit laimestu kategorij\u0101s<\/strong> \u2013 no d\u017eekpota ieguv\u0113ja l\u012bdz tiem, kuri tr\u0101p\u012bja minim\u0101lo laim\u012bgo kombin\u0101ciju. Iepaz\u012bstoties ar \u0161o inform\u0101ciju, vari redz\u0113t, ka <strong>sp\u0113l\u0113t\u0101ji patie\u0161\u0101m regul\u0101ri laim\u0113 Eurojackpot<\/strong> visos laimestu l\u012bme\u0146os. Laimestu sadal\u012bjums par\u0101da loterijas pievilc\u012bbu, pied\u0101v\u0101jot <strong>vair\u0101kus veidus, k\u0101 laim\u0113t, un iev\u0113rojamus laimestus<\/strong> pat zem\u0101kaj\u0101s kategorij\u0101s. \u0160\u012b caursp\u012bd\u012bba pal\u012bdz sp\u0113l\u0113t\u0101jiem saprast savas iesp\u0113jas un redz\u0113t Eurojackpot izlo\u017eu re\u0101lo ietekmi uz laim\u0113t\u0101jiem iesaist\u012btaj\u0101s valst\u012bs. Vai esi gatavs pievienoties lab\u0101kajai izklaidei? <a href=\"https:\/\/lottomat.com\/lv\/spelet\/eurojackpot\/\">Sp\u0113l\u0113 Eurojackpot tie\u0161saist\u0113<\/a> Lottomat un laim\u0113 lielas summas.<\/p>\n<h2>Kas notiek, ja neviens neieg\u016bst d\u017eekpotu?<\/h2>\n<p>Ja neviens sp\u0113l\u0113t\u0101js nesakr\u012bt ar visiem pieciem pamat\u00adskait\u013ciem un abiem Euro skait\u013ciem, d\u017eekpota summa <strong>tiek p\u0101rnesta uz n\u0101kamo izlozi<\/strong>, veidojot t\u0101 saukto uzkr\u0101jumu. Tas noz\u012bm\u0113, ka <strong>balvu fonds nep\u0101rtraukti pieaug<\/strong>, l\u012bdz k\u0101ds ieg\u016bst galveno balvu, padarot n\u0101kam\u0101s izlozes v\u0113l aizraujo\u0161\u0101kas. Uzkr\u0101juma meh\u0101nisms \u013cauj d\u017eekpotam sasniegt iespaid\u012bgas summas, un <strong>maksim\u0101lais d\u017eekpota limits ir noteikts 120 miljonu eiro apm\u0113r\u0101<\/strong>. Kad \u0161is maksim\u0101lais apjoms ir sasniegts, visi papildu l\u012bdzek\u013ci, kas b\u016btu j\u0101pievieno d\u017eekpotam, tiek sadal\u012bti n\u0101kam\u0101s laimestu kategorijas uzvar\u0113t\u0101jiem. \u0160\u012b sist\u0113ma \u013cauj laika gait\u0101 uzkr\u0101t milz\u012bgus laimestus, radot iesp\u0113ju dz\u012bvi maino\u0161\u0101m uzvar\u0101m un piesaistot miljoniem sp\u0113l\u0113t\u0101ju vis\u0101 Eirop\u0101. Uzzini vair\u0101k par <a href=\"https:\/\/lottomat.com\/lv\/informacija\/eurojackpot-informacija\/\">Eurojackpot laimestiem un d\u017eekpotu<\/a> m\u016bsu vietn\u0113.<\/p>\n<h2><img loading=\"lazy\" decoding=\"async\" class=\"alignleft wp-image-257807\" src=\"https:\/\/lottomat.com\/wp-content\/uploads\/2025\/11\/tickets-online.webp\" alt=\"bi\u013cetes tie\u0161saist\u0113\" width=\"200\" height=\"200\" srcset=\"https:\/\/lottomat.com\/wp-content\/uploads\/2025\/11\/tickets-online.webp 400w, https:\/\/lottomat.com\/wp-content\/uploads\/2025\/11\/tickets-online-300x300.webp 300w, https:\/\/lottomat.com\/wp-content\/uploads\/2025\/11\/tickets-online-150x150.webp 150w, https:\/\/lottomat.com\/wp-content\/uploads\/2025\/11\/tickets-online-100x100.webp 100w\" sizes=\"auto, (max-width: 200px) 100vw, 200px\" \/>Vai Eurojackpot izlo\u017eu rezult\u0101tus var paredz\u0113t?<\/h2>\n<p><strong>N\u0113, Eurojackpot izlo\u017eu rezult\u0101tus nav iesp\u0113jams paredz\u0113t<\/strong> ar jebk\u0101du p\u0101rliec\u012bbas pak\u0101pi. Loterij\u0101 tiek izmantota <strong>piln\u012bb\u0101 nejau\u0161a izlozes sist\u0113ma<\/strong>, kur\u0101 katrai skait\u013cu kombin\u0101cijai ir tie\u0161i vien\u0101da matem\u0101tisk\u0101 iesp\u0113jam\u012bba tikt izv\u0113l\u0113tai katr\u0101 izloz\u0113. Lai gan statistisk\u0101 anal\u012bze var par\u0101d\u012bt, kuri skait\u013ci pag\u0101tn\u0113 ir izloz\u0113ti bie\u017e\u0101k vai ret\u0101k, \u0161iem v\u0113sturiskajiem datiem <strong>nav nek\u0101das ietekmes uz n\u0101kamaj\u0101m izloz\u0113m<\/strong>. Katra Eurojackpot izloze ir <strong>neatkar\u012bgs notikums<\/strong>, kas noz\u012bm\u0113, ka iepriek\u0161\u0113jie rezult\u0101ti neietekm\u0113 n\u0101kamos. Jebkura sist\u0113ma vai strat\u0113\u0123ija, kas apgalvo, ka sp\u0113j paredz\u0113t loterijas skait\u013cus, ir b\u016btiski k\u013c\u016bdaina, jo <strong>patiesu nejau\u0161\u012bbu nav iesp\u0113jams paredz\u0113t<\/strong> vai manipul\u0113t ar anal\u012bzes vai mode\u013cu pal\u012bdz\u012bbu. Ko tu v\u0113l gaidi? Bi\u013cetes ir l\u0113tas, un izredzes ir augstas, t\u0101p\u0113c sagatavojies izv\u0113l\u0113ties savus skait\u013cus un redz\u0113t, kas notiks t\u0101l\u0101k. <strong>Vari ar\u012b <a href=\"https:\/\/lottomat.com\/lv\/spelet\/\">apskat\u012bt pilnu m\u016bsu tie\u0161saistes loteriju sarakstu<\/a> ar liel\u0101kajiem d\u017eekpotiem!<\/strong><\/p>\n","protected":false},"excerpt":{"rendered":"<p>Vai esi ieg\u0101d\u0101jies Eurojackpot bi\u013cetes un dom\u0101, vai esi laim\u0113jis? L\u012bdz br\u012bdim, kad uzzini izloz\u0113tos skait\u013cus, viss ir iesp\u0113jams, un tu vari apskat\u012bt loterijas rezult\u0101tus \u0161aj\u0101 vietn\u0113. M\u0113s tos public\u0113jam \u012bpa\u0161i \u0101tri uzreiz p\u0113c inform\u0101cijas sa\u0146em\u0161anas no Eurojackpot r\u012bkot\u0101ja vietnes, t\u0101p\u0113c vari b\u016bt dro\u0161s, ka tie ir uzticami apstiprin\u0101ti un 100% patiesi. Analiz\u0113 Eurojackpot rezult\u0101tus [&hellip;]<\/p>\n","protected":false},"author":1,"featured_media":0,"parent":7433,"menu_order":4,"comment_status":"closed","ping_status":"closed","template":"eurojackpot-results.php","meta":{"_et_pb_use_builder":"","_et_pb_old_content":"","_et_gb_content_width":"","exclude_from_search":false,"footnotes":""},"class_list":["post-232631","page","type-page","status-publish","hentry"],"yoast_head":"<!-- This site is optimized with the Yoast SEO plugin v23.8 - https:\/\/yoast.com\/wordpress\/plugins\/seo\/ -->\n<title>Eurojackpot rezult\u0101ti \u2013 Eurojackpot laim\u012bgie skait\u013ci \u2013 LottoMat<\/title>\n<meta name=\"description\" content=\"P\u0101rbaudi jaun\u0101kos Eurojackpot rezult\u0101tus. \u0160eit vari sal\u012bdzin\u0101t savus skait\u013cus ar ofici\u0101lajiem Eurojackpot laim\u012bgajiem skait\u013ciem. Nepalaid gar\u0101m izlozi!\" \/>\n<meta name=\"robots\" content=\"index, follow, max-snippet:-1, max-image-preview:large, max-video-preview:-1\" \/>\n<link rel=\"canonical\" href=\"https:\/\/lottomat.com\/lv\/rezultati\/eurojackpot\/\" \/>\n<meta property=\"og:locale\" content=\"lv_LV\" \/>\n<meta property=\"og:type\" content=\"article\" \/>\n<meta property=\"og:title\" content=\"Eurojackpot rezult\u0101ti \u2013 Eurojackpot laim\u012bgie skait\u013ci \u2013 LottoMat\" \/>\n<meta property=\"og:description\" content=\"P\u0101rbaudi jaun\u0101kos Eurojackpot rezult\u0101tus. \u0160eit vari sal\u012bdzin\u0101t savus skait\u013cus ar ofici\u0101lajiem Eurojackpot laim\u012bgajiem skait\u013ciem. Nepalaid gar\u0101m izlozi!\" \/>\n<meta property=\"og:url\" content=\"https:\/\/lottomat.com\/lv\/rezultati\/eurojackpot\/\" \/>\n<meta property=\"og:site_name\" content=\"Lottomat\" \/>\n<meta property=\"article:modified_time\" content=\"2026-02-15T04:34:50+00:00\" \/>\n<meta property=\"og:image\" content=\"https:\/\/lottomat.com\/wp-content\/uploads\/2025\/11\/Eurojackpot-online-1.webp\" \/>\n<meta name=\"twitter:card\" content=\"summary_large_image\" \/>\n<script type=\"application\/ld+json\" class=\"yoast-schema-graph\">{\"@context\":\"https:\/\/schema.org\",\"@graph\":[{\"@type\":\"WebPage\",\"@id\":\"https:\/\/lottomat.com\/lv\/rezultati\/eurojackpot\/\",\"url\":\"https:\/\/lottomat.com\/lv\/rezultati\/eurojackpot\/\",\"name\":\"Eurojackpot rezult\u0101ti \u2013 Eurojackpot laim\u012bgie skait\u013ci \u2013 LottoMat\",\"isPartOf\":{\"@id\":\"https:\/\/lottomat.com\/lv\/#website\"},\"primaryImageOfPage\":{\"@id\":\"https:\/\/lottomat.com\/lv\/rezultati\/eurojackpot\/#primaryimage\"},\"image\":{\"@id\":\"https:\/\/lottomat.com\/lv\/rezultati\/eurojackpot\/#primaryimage\"},\"thumbnailUrl\":\"https:\/\/lottomat.com\/wp-content\/uploads\/2025\/11\/Eurojackpot-online-1.webp\",\"datePublished\":\"2025-03-27T10:35:32+00:00\",\"dateModified\":\"2026-02-15T04:34:50+00:00\",\"description\":\"P\u0101rbaudi jaun\u0101kos Eurojackpot rezult\u0101tus. \u0160eit vari sal\u012bdzin\u0101t savus skait\u013cus ar ofici\u0101lajiem Eurojackpot laim\u012bgajiem skait\u013ciem. Nepalaid gar\u0101m izlozi!\",\"breadcrumb\":{\"@id\":\"https:\/\/lottomat.com\/lv\/rezultati\/eurojackpot\/#breadcrumb\"},\"inLanguage\":\"lv-LV\",\"potentialAction\":[{\"@type\":\"ReadAction\",\"target\":[\"https:\/\/lottomat.com\/lv\/rezultati\/eurojackpot\/\"]}]},{\"@type\":\"ImageObject\",\"inLanguage\":\"lv-LV\",\"@id\":\"https:\/\/lottomat.com\/lv\/rezultati\/eurojackpot\/#primaryimage\",\"url\":\"https:\/\/lottomat.com\/wp-content\/uploads\/2025\/11\/Eurojackpot-online-1.webp\",\"contentUrl\":\"https:\/\/lottomat.com\/wp-content\/uploads\/2025\/11\/Eurojackpot-online-1.webp\"},{\"@type\":\"BreadcrumbList\",\"@id\":\"https:\/\/lottomat.com\/lv\/rezultati\/eurojackpot\/#breadcrumb\",\"itemListElement\":[{\"@type\":\"ListItem\",\"position\":1,\"name\":\"Home\",\"item\":\"https:\/\/lottomat.com\/lv\/\"},{\"@type\":\"ListItem\",\"position\":2,\"name\":\"Jaun\u0101kie loterijas rezult\u0101ti un laim\u012bgie skait\u013ci\",\"item\":\"https:\/\/lottomat.com\/lv\/rezultati\/\"},{\"@type\":\"ListItem\",\"position\":3,\"name\":\"Eurojackpot rezult\u0101ti un Laim\u012bgie Skait\u013ci\"}]},{\"@type\":\"WebSite\",\"@id\":\"https:\/\/lottomat.com\/lv\/#website\",\"url\":\"https:\/\/lottomat.com\/lv\/\",\"name\":\"Lottomat\",\"description\":\"\",\"potentialAction\":[{\"@type\":\"SearchAction\",\"target\":{\"@type\":\"EntryPoint\",\"urlTemplate\":\"https:\/\/lottomat.com\/lv\/?s={search_term_string}\"},\"query-input\":{\"@type\":\"PropertyValueSpecification\",\"valueRequired\":true,\"valueName\":\"search_term_string\"}}],\"inLanguage\":\"lv-LV\"}]}<\/script>\n<!-- \/ Yoast SEO plugin. -->","yoast_head_json":{"title":"Eurojackpot rezult\u0101ti \u2013 Eurojackpot laim\u012bgie skait\u013ci \u2013 LottoMat","description":"P\u0101rbaudi jaun\u0101kos Eurojackpot rezult\u0101tus. \u0160eit vari sal\u012bdzin\u0101t savus skait\u013cus ar ofici\u0101lajiem Eurojackpot laim\u012bgajiem skait\u013ciem. Nepalaid gar\u0101m izlozi!","robots":{"index":"index","follow":"follow","max-snippet":"max-snippet:-1","max-image-preview":"max-image-preview:large","max-video-preview":"max-video-preview:-1"},"canonical":"https:\/\/lottomat.com\/lv\/rezultati\/eurojackpot\/","og_locale":"lv_LV","og_type":"article","og_title":"Eurojackpot rezult\u0101ti \u2013 Eurojackpot laim\u012bgie skait\u013ci \u2013 LottoMat","og_description":"P\u0101rbaudi jaun\u0101kos Eurojackpot rezult\u0101tus. \u0160eit vari sal\u012bdzin\u0101t savus skait\u013cus ar ofici\u0101lajiem Eurojackpot laim\u012bgajiem skait\u013ciem. Nepalaid gar\u0101m izlozi!","og_url":"https:\/\/lottomat.com\/lv\/rezultati\/eurojackpot\/","og_site_name":"Lottomat","article_modified_time":"2026-02-15T04:34:50+00:00","og_image":[{"url":"https:\/\/lottomat.com\/wp-content\/uploads\/2025\/11\/Eurojackpot-online-1.webp"}],"twitter_card":"summary_large_image","schema":{"@context":"https:\/\/schema.org","@graph":[{"@type":"WebPage","@id":"https:\/\/lottomat.com\/lv\/rezultati\/eurojackpot\/","url":"https:\/\/lottomat.com\/lv\/rezultati\/eurojackpot\/","name":"Eurojackpot rezult\u0101ti \u2013 Eurojackpot laim\u012bgie skait\u013ci \u2013 LottoMat","isPartOf":{"@id":"https:\/\/lottomat.com\/lv\/#website"},"primaryImageOfPage":{"@id":"https:\/\/lottomat.com\/lv\/rezultati\/eurojackpot\/#primaryimage"},"image":{"@id":"https:\/\/lottomat.com\/lv\/rezultati\/eurojackpot\/#primaryimage"},"thumbnailUrl":"https:\/\/lottomat.com\/wp-content\/uploads\/2025\/11\/Eurojackpot-online-1.webp","datePublished":"2025-03-27T10:35:32+00:00","dateModified":"2026-02-15T04:34:50+00:00","description":"P\u0101rbaudi jaun\u0101kos Eurojackpot rezult\u0101tus. \u0160eit vari sal\u012bdzin\u0101t savus skait\u013cus ar ofici\u0101lajiem Eurojackpot laim\u012bgajiem skait\u013ciem. Nepalaid gar\u0101m izlozi!","breadcrumb":{"@id":"https:\/\/lottomat.com\/lv\/rezultati\/eurojackpot\/#breadcrumb"},"inLanguage":"lv-LV","potentialAction":[{"@type":"ReadAction","target":["https:\/\/lottomat.com\/lv\/rezultati\/eurojackpot\/"]}]},{"@type":"ImageObject","inLanguage":"lv-LV","@id":"https:\/\/lottomat.com\/lv\/rezultati\/eurojackpot\/#primaryimage","url":"https:\/\/lottomat.com\/wp-content\/uploads\/2025\/11\/Eurojackpot-online-1.webp","contentUrl":"https:\/\/lottomat.com\/wp-content\/uploads\/2025\/11\/Eurojackpot-online-1.webp"},{"@type":"BreadcrumbList","@id":"https:\/\/lottomat.com\/lv\/rezultati\/eurojackpot\/#breadcrumb","itemListElement":[{"@type":"ListItem","position":1,"name":"Home","item":"https:\/\/lottomat.com\/lv\/"},{"@type":"ListItem","position":2,"name":"Jaun\u0101kie loterijas rezult\u0101ti un laim\u012bgie skait\u013ci","item":"https:\/\/lottomat.com\/lv\/rezultati\/"},{"@type":"ListItem","position":3,"name":"Eurojackpot rezult\u0101ti un Laim\u012bgie Skait\u013ci"}]},{"@type":"WebSite","@id":"https:\/\/lottomat.com\/lv\/#website","url":"https:\/\/lottomat.com\/lv\/","name":"Lottomat","description":"","potentialAction":[{"@type":"SearchAction","target":{"@type":"EntryPoint","urlTemplate":"https:\/\/lottomat.com\/lv\/?s={search_term_string}"},"query-input":{"@type":"PropertyValueSpecification","valueRequired":true,"valueName":"search_term_string"}}],"inLanguage":"lv-LV"}]}},"_links":{"self":[{"href":"https:\/\/lottomat.com\/lv\/wp-json\/wp\/v2\/pages\/232631","targetHints":{"allow":["GET"]}}],"collection":[{"href":"https:\/\/lottomat.com\/lv\/wp-json\/wp\/v2\/pages"}],"about":[{"href":"https:\/\/lottomat.com\/lv\/wp-json\/wp\/v2\/types\/page"}],"author":[{"embeddable":true,"href":"https:\/\/lottomat.com\/lv\/wp-json\/wp\/v2\/users\/1"}],"replies":[{"embeddable":true,"href":"https:\/\/lottomat.com\/lv\/wp-json\/wp\/v2\/comments?post=232631"}],"version-history":[{"count":2,"href":"https:\/\/lottomat.com\/lv\/wp-json\/wp\/v2\/pages\/232631\/revisions"}],"predecessor-version":[{"id":271092,"href":"https:\/\/lottomat.com\/lv\/wp-json\/wp\/v2\/pages\/232631\/revisions\/271092"}],"up":[{"embeddable":true,"href":"https:\/\/lottomat.com\/lv\/wp-json\/wp\/v2\/pages\/7433"}],"wp:attachment":[{"href":"https:\/\/lottomat.com\/lv\/wp-json\/wp\/v2\/media?parent=232631"}],"curies":[{"name":"wp","href":"https:\/\/api.w.org\/{rel}","templated":true}]}}