{"id":10619,"date":"2025-03-26T10:16:37","date_gmt":"2025-03-26T10:16:37","guid":{"rendered":"https:\/\/lottomat.net\/loterija-informacija\/powerball-informacija\/"},"modified":"2025-11-16T11:03:24","modified_gmt":"2025-11-16T11:03:24","slug":"powerball","status":"publish","type":"page","link":"https:\/\/lottomat.com\/lv\/informacija\/powerball\/","title":{"rendered":"Powerball Balvas, Noteikumi un D\u017eekpots"},"content":{"rendered":"\n\n<div class=\"kk-star-ratings kksr-auto kksr-align-left kksr-valign-top\"\n    data-payload='{&quot;align&quot;:&quot;left&quot;,&quot;id&quot;:&quot;10619&quot;,&quot;slug&quot;:&quot;default&quot;,&quot;valign&quot;:&quot;top&quot;,&quot;ignore&quot;:&quot;&quot;,&quot;reference&quot;:&quot;auto&quot;,&quot;class&quot;:&quot;&quot;,&quot;count&quot;:&quot;0&quot;,&quot;legendonly&quot;:&quot;&quot;,&quot;readonly&quot;:&quot;&quot;,&quot;score&quot;:&quot;0&quot;,&quot;starsonly&quot;:&quot;&quot;,&quot;best&quot;:&quot;5&quot;,&quot;gap&quot;:&quot;5&quot;,&quot;greet&quot;:&quot;Rate this page&quot;,&quot;legend&quot;:&quot;0\\\/5 - (0 votes)&quot;,&quot;size&quot;:&quot;30&quot;,&quot;title&quot;:&quot;Powerball Balvas, Noteikumi un D\u017eekpots&quot;,&quot;width&quot;:&quot;0&quot;,&quot;_legend&quot;:&quot;{score}\\\/{best} - ({count} {votes})&quot;,&quot;font_factor&quot;:&quot;1.25&quot;}'>\n            \n<div class=\"kksr-stars\">\n    \n<div class=\"kksr-stars-inactive\">\n            <div class=\"kksr-star\" data-star=\"1\" style=\"padding-right: 5px\">\n            \n\n<div class=\"kksr-icon\" style=\"width: 30px; height: 30px;\"><\/div>\n        <\/div>\n            <div class=\"kksr-star\" data-star=\"2\" style=\"padding-right: 5px\">\n            \n\n<div class=\"kksr-icon\" style=\"width: 30px; height: 30px;\"><\/div>\n        <\/div>\n            <div class=\"kksr-star\" data-star=\"3\" style=\"padding-right: 5px\">\n            \n\n<div class=\"kksr-icon\" style=\"width: 30px; height: 30px;\"><\/div>\n        <\/div>\n            <div class=\"kksr-star\" data-star=\"4\" style=\"padding-right: 5px\">\n            \n\n<div class=\"kksr-icon\" style=\"width: 30px; height: 30px;\"><\/div>\n        <\/div>\n            <div class=\"kksr-star\" data-star=\"5\" style=\"padding-right: 5px\">\n            \n\n<div class=\"kksr-icon\" style=\"width: 30px; height: 30px;\"><\/div>\n        <\/div>\n    <\/div>\n    \n<div class=\"kksr-stars-active\" style=\"width: 0px;\">\n            <div class=\"kksr-star\" style=\"padding-right: 5px\">\n            \n\n<div class=\"kksr-icon\" style=\"width: 30px; height: 30px;\"><\/div>\n        <\/div>\n            <div class=\"kksr-star\" style=\"padding-right: 5px\">\n            \n\n<div class=\"kksr-icon\" style=\"width: 30px; height: 30px;\"><\/div>\n        <\/div>\n            <div class=\"kksr-star\" style=\"padding-right: 5px\">\n            \n\n<div class=\"kksr-icon\" style=\"width: 30px; height: 30px;\"><\/div>\n        <\/div>\n            <div class=\"kksr-star\" style=\"padding-right: 5px\">\n            \n\n<div class=\"kksr-icon\" style=\"width: 30px; height: 30px;\"><\/div>\n        <\/div>\n            <div class=\"kksr-star\" style=\"padding-right: 5px\">\n            \n\n<div class=\"kksr-icon\" style=\"width: 30px; height: 30px;\"><\/div>\n        <\/div>\n    <\/div>\n<\/div>\n                \n\n<div class=\"kksr-legend\" style=\"font-size: 24px;\">\n            <span class=\"kksr-muted\">Rate this page<\/span>\n    <\/div>\n    <\/div>\n<p>Uzziniet vair\u0101k par Powerball balv\u0101m, d\u017eekpotu un sp\u0113les noteikumiem. Powerball Lotto \u2013 veiksmes sp\u0113le jeb loterija ir viena no popul\u0101r\u0101kaj\u0101m azartsp\u0113\u013cu izklaides form\u0101m pasaul\u0113. Liel\u0101k\u0101 da\u013ca no mums vismaz reizi ir piedal\u012bju\u0161ies loterijas izloz\u0113. Loterijas ir \u013coti vienk\u0101r\u0161as un aizraujo\u0161as sp\u0113les ar skaidriem noteikumiem. Taj\u0101s nav nek\u0101 sare\u017e\u0123\u012bta, un ikviens var \u013coti \u0101tri apg\u016bt jebkuras loterijas noteikumus. Ja esat ciparu sp\u0113\u013cu entuziasts un joproj\u0101m mekl\u0113jat jaunu un interesantu loteriju, ko izm\u0113\u0123in\u0101t, jums vajadz\u0113tu izlas\u012bt \u0161o rakstu. M\u0113s past\u0101st\u012bsim, kas ir pasaul\u0113 slaven\u0101k\u0101 Powerball lotto, k\u0101 darbojas sp\u0113le, k\u0101das ir izredzes un riski, k\u0101 ar\u012b cik daudz var laim\u0113t (Powerball balvas un d\u017eekpots).<\/p>\n<h2><img loading=\"lazy\" decoding=\"async\" class=\"alignleft wp-image-252449\" src=\"https:\/\/lottomat.com\/wp-content\/uploads\/2025\/10\/Powerball-jackpot-300x300.webp\" alt=\"Powerball d\u017eekpots\" width=\"200\" height=\"200\" srcset=\"https:\/\/lottomat.com\/wp-content\/uploads\/2025\/10\/Powerball-jackpot-300x300.webp 300w, https:\/\/lottomat.com\/wp-content\/uploads\/2025\/10\/Powerball-jackpot-150x150.webp 150w, https:\/\/lottomat.com\/wp-content\/uploads\/2025\/10\/Powerball-jackpot-100x100.webp 100w, https:\/\/lottomat.com\/wp-content\/uploads\/2025\/10\/Powerball-jackpot.webp 400w\" sizes=\"auto, (max-width: 200px) 100vw, 200px\" \/>Kas ir Powerball loterija?<\/h2>\n<p>Powerball ir Amerikas loterija, kas darbojas kop\u0161 <strong>1988. gada<\/strong>. S\u0101kotn\u0113ji to sauca par Lotto America, bet <strong>1992. gad\u0101<\/strong> nosaukums tika main\u012bts uz Powerball. Amerikas Powerball ir viena no <a href=\"https:\/\/lottomat.com\/lv\/\">popul\u0101r\u0101kaj\u0101m loterij\u0101m pasaul\u0113<\/a>; tai ir biroji ASV <strong>45 \u0161tatos<\/strong>, k\u0101 ar\u012b Kolumbijas apgabal\u0101, Puertoriko un Vird\u017e\u012bnu sal\u0101s. Ir v\u0113rts atz\u012bm\u0113t, ka \u0161\u012b loterija bija pioniere divu bungu izloz\u0113, kas \u013c\u0101va palielin\u0101t laimestus. Powerball lotto izlozes notiek katru <strong>pirmdienu, tre\u0161dienu un sestdienu plkst. 22:59 EST<\/strong>. Parasti t\u0101s notiek Florida Lottery studij\u0101. Ja j\u016bs nedz\u012bvojat vai neatrodaties Amerikas Savienotaj\u0101s Valst\u012bs un nevarat <a href=\"https:\/\/lottomat.com\/lv\/spelet\/powerball\/\">ieg\u0101d\u0101ties Powerball lotto ticket tie\u0161saist\u0113<\/a>, jums tikai j\u0101izmanto m\u016bsu <strong>LottoMat vietne<\/strong>. \u0160eit j\u016bs varat sp\u0113l\u0113t Powerball lotto internet\u0101, las\u012bt interesantus rakstus un <a href=\"https:\/\/lottomat.com\/lv\/rezultati\/powerball\/\">p\u0101rbaud\u012bt jaun\u0101kos Powerball izlozes rezult\u0101tus<\/a>.<\/p>\n<h2>K\u0101di ir Powerball sp\u0113les noteikumi?<\/h2>\n<p>Kop\u0161 loterijas izveides noteikumi vair\u0101kk\u0101rt ir main\u012bti; tie tika moderniz\u0113ti, lai sp\u0113l\u0113t\u0101jiem dotu iesp\u0113ju laim\u0113t liel\u0101kas Powerball balvas. S\u0101kum\u0101 bija j\u0101izv\u0113las septi\u0146i skait\u013ci no 40. Tad tika pievienots otra bonusa skait\u013ca izv\u0113les posms no maz\u0101ka kopuma. Kopuma lielums main\u012bj\u0101s vair\u0101kas reizes, l\u012bdz tika nolemts, ka j\u0101izv\u0113las <strong>pieci skait\u013ci no 69 un viens no 26<\/strong> t\u0101 saucamajiem Powerballs. \u0160ie noteikumi ir sp\u0113k\u0101 joproj\u0101m. Skaitlis no galven\u0101s izlozes var b\u016bt identisks ar otro.<\/p>\n<h2>K\u0101di ir riski un izredzes laim\u0113t Powerball balvas?<\/h2>\n<p>\u012asum\u0101 \u2013 tie ir lieli. Pirm\u0101 l\u012bme\u0146a balvas laim\u0113\u0161anas iesp\u0113ja ir <strong>1:292 miljoni<\/strong>. Otr\u0101 l\u012bme\u0146a balvas iesp\u0113ja ir tikai <strong>1:11,5 miljoni<\/strong>, kas ir milz\u012bga at\u0161\u0137ir\u012bba, un t\u0101l\u0101k izredzes k\u013c\u016bst v\u0113l maz\u0101kas. Sal\u012bdzin\u0101jumam \u2013 Polijas Lotto galven\u0101s balvas izredzes ir 1:14 miljoni. Powerball lotto <strong>1 no katriem 25 ies\u016bt\u012btajiem tickets laim\u0113<\/strong>. T\u0101tad risks nav mazs, bet ar\u012b laimesti nav mazi; paties\u012bb\u0101 tie ir vieni no liel\u0101kajiem pasaul\u0113. T\u0101p\u0113c, neskatoties uz tik zem\u0101m iesp\u0113j\u0101m, interese par Powerball nemazin\u0101s, bet katru gadu turpina pieaugt. Minim\u0101l\u0101 Powerball likme ir <strong>5 dol\u0101ri<\/strong>, kas ir \u013coti pievilc\u012bgi liel\u0101kajai da\u013cai sp\u0113l\u0113t\u0101ju, \u0146emot v\u0113r\u0101 augstos laimestus.<\/p>\n<h2><img loading=\"lazy\" decoding=\"async\" class=\"wp-image-252479 alignright\" src=\"https:\/\/lottomat.com\/wp-content\/uploads\/2025\/10\/Powerball-prizes-300x300.webp\" alt=\"Powerball balvas\" width=\"200\" height=\"200\" srcset=\"https:\/\/lottomat.com\/wp-content\/uploads\/2025\/10\/Powerball-prizes-300x300.webp 300w, https:\/\/lottomat.com\/wp-content\/uploads\/2025\/10\/Powerball-prizes-150x150.webp 150w, https:\/\/lottomat.com\/wp-content\/uploads\/2025\/10\/Powerball-prizes-100x100.webp 100w, https:\/\/lottomat.com\/wp-content\/uploads\/2025\/10\/Powerball-prizes.webp 400w\" sizes=\"auto, (max-width: 200px) 100vw, 200px\" \/><\/h2>\n<h2>K\u0101das ir Powerball balvas \u2013 cik daudz var laim\u0113t?<\/h2>\n<p>Teikt, ka Powerball pied\u0101v\u0101 \u013coti lielus laimestus, noz\u012bm\u0113 nepateikt neko. M\u0113s run\u0101jam par milz\u012bg\u0101m summ\u0101m; gr\u016bti pat iedom\u0101ties, ko dar\u012bt ar tik lielu laimestu. Ja j\u016bs laim\u0113jat, j\u016bsu b\u0113rniem, mazb\u0113rniem, mazmazb\u0113rniem un vi\u0146u b\u0113rniem nekad vairs neb\u016bs j\u0101str\u0101d\u0101. Zem\u0101kais garant\u0113tais laimests Powerball ir <strong>20 miljoni dol\u0101ru<\/strong>. Turkl\u0101t vid\u0113jais laimests ir apm\u0113ram 110\u2013120 miljoni dol\u0101ru. Otr\u0101 l\u012bme\u0146a balvas izskat\u0101s pietic\u012bg\u0101k \u2013 tie ir \u201ctikai\u201d <strong>viens miljons dol\u0101ru<\/strong>. Tom\u0113r pietiek izv\u0113l\u0113ties piecus pareizos skait\u013cus, lai k\u013c\u016btu par laim\u012bgo \u012bpa\u0161nieku. Tom\u0113r viss main\u0101s, kad notiek rollover. Ak, j\u0101! Rollover d\u017eekpots Powerball ir t\u012bra nepr\u0101t\u012bba.<\/p>\n<h2>K\u0101di ir Powerball Rollovers?<\/h2>\n<p>Tas, kas Powerball at\u0161\u0137ir no, piem\u0113ram, Polijas Lotto, ir milz\u012bgie rollovers, kas liek sirdij sisties strauj\u0101k, un d\u017eekpoti, kas ar tiem n\u0101k, ir \u0161ok\u0113jo\u0161i lieli. K\u0101 gan emocij\u0101m neuzlidot debes\u012bs, ja Powerball <strong>nav aug\u0161\u0113j\u0101s rollover robe\u017eas<\/strong>? Tas noz\u012bm\u0113, ka, ja vair\u0101kk\u0101rt neviens neuzvar galveno balvu, balvu fonds uzkr\u0101jas, l\u012bdz tiek izloz\u0113ti pareizie skait\u013ci. Rollover d\u017eekpots parasti tiek sadal\u012bts starp vair\u0101kiem sp\u0113l\u0113t\u0101jiem, kas noz\u012bm\u0113, ka balva tiek sadal\u012bta proporcion\u0101li. Bet Powerball v\u0113stur\u0113 ir biju\u0161i gad\u012bjumi, kad tikai viens cilv\u0113ks ir uzmin\u0113jis izloz\u0113tos skait\u013cus un ieguvis visu d\u017eekpotu tikai sev.<\/p>\n<h2>K\u0101ds bija Powerball rekordliel\u0101kais laimests?<img loading=\"lazy\" decoding=\"async\" class=\"wp-image-252509 alignleft\" src=\"https:\/\/lottomat.com\/wp-content\/uploads\/2025\/10\/Powerball-rules-300x300.webp\" alt=\"Powerball noteikumi\" width=\"200\" height=\"200\" srcset=\"https:\/\/lottomat.com\/wp-content\/uploads\/2025\/10\/Powerball-rules-300x300.webp 300w, https:\/\/lottomat.com\/wp-content\/uploads\/2025\/10\/Powerball-rules-150x150.webp 150w, https:\/\/lottomat.com\/wp-content\/uploads\/2025\/10\/Powerball-rules-100x100.webp 100w, https:\/\/lottomat.com\/wp-content\/uploads\/2025\/10\/Powerball-rules.webp 400w\" sizes=\"auto, (max-width: 200px) 100vw, 200px\" \/><\/h2>\n<p>Rekordliel\u0101kais d\u017eekpots Powerball v\u0113stur\u0113 tika laim\u0113ts <strong>2022. gada 7. novembr\u012b<\/strong> un sasniedza neticamus <strong>2,04 miljardus dol\u0101ru<\/strong> ar naudas v\u0113rt\u012bbu <strong>997,6 miljonus dol\u0101ru<\/strong>. \u0160is joproj\u0101m ir liel\u0101kais loterijas d\u017eekpots, k\u0101ds jebkad laim\u0113ts pasaul\u0113. Laim\u012bgais ticket tika p\u0101rdots Kalifornij\u0101, un balvu sa\u0146\u0113ma viens uzvar\u0113t\u0101js. Otrs liel\u0101kais Powerball d\u017eekpots bija <strong>1,787 miljardi dol\u0101ru<\/strong>, kas tika laim\u0113ts 2025. gada septembr\u012b ar tickets, kas p\u0101rdoti Mis\u016bri un Teksas\u0101.<\/p>\n<h2>Kas var sp\u0113l\u0113t Powerball un laim\u0113t Powerball balvas?<\/h2>\n<p>Ikviens var sp\u0113l\u0113t, ja vien ir pilngad\u012bgs. V\u0113l nesen Powerball bija pieejams tikai amerik\u0101\u0146iem vai tiem, kas atrad\u0101s Amerikas Savienoto Valstu teritorij\u0101 un var\u0113ja izmantot loterijas biroju. Tagad viss ir main\u012bjies. Un tas viss pateicoties interneta loterij\u0101m un m\u016bsu <a href=\"https:\/\/lottomat.com\/lv\/\"><strong>LottoMat vietnei<\/strong><\/a>. Nav svar\u012bgi, vai dz\u012bvojat \u0100frik\u0101, \u0100zij\u0101 vai Eirop\u0101. Vai s\u0113\u017eat pie galda, gu\u013cat gult\u0101, skrienat vai atp\u016b\u0161aties pagalm\u0101. J\u016bs varat sp\u0113l\u0113t Powerball un laim\u0113t Powerball d\u017eekpot jebkur. Tie\u0161saistes loterijas ir k\u013cuvu\u0161as neticami popul\u0101ras; liel\u0101k\u0101 da\u013ca sp\u0113l\u0113t\u0101ju izmanto \u0161o risin\u0101jumu, jo tas ir \u0113rti. Viss, kas jums nepiecie\u0161ams, ir <strong>interneta piek\u013cuve<\/strong>. Tas dod sp\u0113l\u0113t\u0101jiem daudz br\u012bv\u012bbas vis\u0101 pasaul\u0113.<\/p>\n<h2>K\u0101 sp\u0113l\u0113t Powerball internet\u0101?<\/h2>\n<p>Viss, kas jums j\u0101dara, ir j\u0101piesak\u0101s <strong>LottoMat vietn\u0113<\/strong> un j\u0101aizpilda ticket ar saviem iecien\u012bt\u0101kajiem skait\u013ciem. Tas ar\u012b viss. Tad j\u0101gaida izloze un j\u0101p\u0101rbauda Powerball rezult\u0101ti. Tos ar\u012b viegli var atrast m\u016bsu vietn\u0113. Sp\u0113l\u0113t Powerball internet\u0101 ir neticami vienk\u0101r\u0161i un sniedz daudz emociju.<\/p>\n<h2>Kad notiek Powerball Lotto izlozes?<\/h2>\n<p>Powerball izlozes notiek <strong>tr\u012bs reizes ned\u0113\u013c\u0101 \u2013 pirmdien\u0101s, tre\u0161dien\u0101s un sestdien\u0101s<\/strong>. Mekl\u0113jat sp\u0113c\u012bgas emocijas un fantastiskus laimestus? Sp\u0113l\u0113jiet Powerball lotto tie\u0161saist\u0113 \u2013 \u0101tri, \u0113rti un neatst\u0101jot m\u0101jas. Veiksmi!<\/p>\n<h2>Powerball Balvu un Izred\u017eu Tabula<\/h2>\n","protected":false},"excerpt":{"rendered":"<p>Uzziniet vair\u0101k par Powerball balv\u0101m, d\u017eekpotu un sp\u0113les noteikumiem. Powerball Lotto \u2013 veiksmes sp\u0113le jeb loterija ir viena no popul\u0101r\u0101kaj\u0101m azartsp\u0113\u013cu izklaides form\u0101m pasaul\u0113. Liel\u0101k\u0101 da\u013ca no mums vismaz reizi ir piedal\u012bju\u0161ies loterijas izloz\u0113. Loterijas ir \u013coti vienk\u0101r\u0161as un aizraujo\u0161as sp\u0113les ar skaidriem noteikumiem. Taj\u0101s nav nek\u0101 sare\u017e\u0123\u012bta, un ikviens var \u013coti \u0101tri apg\u016bt jebkuras [&hellip;]<\/p>\n","protected":false},"author":1,"featured_media":0,"parent":6891,"menu_order":1,"comment_status":"closed","ping_status":"closed","template":"powerball-usa-info.php","meta":{"_et_pb_use_builder":"","_et_pb_old_content":"","_et_gb_content_width":"","exclude_from_search":false,"footnotes":""},"class_list":["post-10619","page","type-page","status-publish","hentry"],"yoast_head":"<!-- This site is optimized with the Yoast SEO plugin v23.8 - https:\/\/yoast.com\/wordpress\/plugins\/seo\/ -->\n<title>Powerball Balvas, Noteikumi un D\u017eekpots - LottoMat LATVIJA<\/title>\n<meta name=\"description\" content=\"P\u0101rbaudiet Powerball balvas, d\u017eekpotu un sp\u0113les noteikumus. Uzziniet vair\u0101k par sav\u0101m izredz\u0113m laim\u0113t \u0161aj\u0101 Amerikas loterij\u0101.\" \/>\n<meta name=\"robots\" content=\"index, follow, max-snippet:-1, max-image-preview:large, max-video-preview:-1\" \/>\n<link rel=\"canonical\" href=\"https:\/\/lottomat.com\/lv\/informacija\/powerball\/\" \/>\n<meta property=\"og:locale\" content=\"lv_LV\" \/>\n<meta property=\"og:type\" content=\"article\" \/>\n<meta property=\"og:title\" content=\"Powerball Balvas, Noteikumi un D\u017eekpots - LottoMat LATVIJA\" \/>\n<meta property=\"og:description\" content=\"P\u0101rbaudiet Powerball balvas, d\u017eekpotu un sp\u0113les noteikumus. Uzziniet vair\u0101k par sav\u0101m izredz\u0113m laim\u0113t \u0161aj\u0101 Amerikas loterij\u0101.\" \/>\n<meta property=\"og:url\" content=\"https:\/\/lottomat.com\/lv\/informacija\/powerball\/\" \/>\n<meta property=\"og:site_name\" content=\"Lottomat\" \/>\n<meta property=\"article:modified_time\" content=\"2025-11-16T11:03:24+00:00\" \/>\n<meta property=\"og:image\" content=\"https:\/\/lottomat.com\/wp-content\/uploads\/2025\/10\/Powerball-jackpot-300x300.webp\" \/>\n<meta name=\"twitter:card\" content=\"summary_large_image\" \/>\n<meta name=\"twitter:label1\" content=\"Est. reading time\" \/>\n\t<meta name=\"twitter:data1\" content=\"5 minutes\" \/>\n<script type=\"application\/ld+json\" class=\"yoast-schema-graph\">{\"@context\":\"https:\/\/schema.org\",\"@graph\":[{\"@type\":\"WebPage\",\"@id\":\"https:\/\/lottomat.com\/lv\/informacija\/powerball\/\",\"url\":\"https:\/\/lottomat.com\/lv\/informacija\/powerball\/\",\"name\":\"Powerball Balvas, Noteikumi un D\u017eekpots - LottoMat LATVIJA\",\"isPartOf\":{\"@id\":\"https:\/\/lottomat.com\/lv\/#website\"},\"primaryImageOfPage\":{\"@id\":\"https:\/\/lottomat.com\/lv\/informacija\/powerball\/#primaryimage\"},\"image\":{\"@id\":\"https:\/\/lottomat.com\/lv\/informacija\/powerball\/#primaryimage\"},\"thumbnailUrl\":\"https:\/\/lottomat.com\/wp-content\/uploads\/2025\/10\/Powerball-jackpot-300x300.webp\",\"datePublished\":\"2025-03-26T10:16:37+00:00\",\"dateModified\":\"2025-11-16T11:03:24+00:00\",\"description\":\"P\u0101rbaudiet Powerball balvas, d\u017eekpotu un sp\u0113les noteikumus. Uzziniet vair\u0101k par sav\u0101m izredz\u0113m laim\u0113t \u0161aj\u0101 Amerikas loterij\u0101.\",\"breadcrumb\":{\"@id\":\"https:\/\/lottomat.com\/lv\/informacija\/powerball\/#breadcrumb\"},\"inLanguage\":\"lv-LV\",\"potentialAction\":[{\"@type\":\"ReadAction\",\"target\":[\"https:\/\/lottomat.com\/lv\/informacija\/powerball\/\"]}]},{\"@type\":\"ImageObject\",\"inLanguage\":\"lv-LV\",\"@id\":\"https:\/\/lottomat.com\/lv\/informacija\/powerball\/#primaryimage\",\"url\":\"https:\/\/lottomat.com\/wp-content\/uploads\/2025\/10\/Powerball-jackpot-300x300.webp\",\"contentUrl\":\"https:\/\/lottomat.com\/wp-content\/uploads\/2025\/10\/Powerball-jackpot-300x300.webp\"},{\"@type\":\"BreadcrumbList\",\"@id\":\"https:\/\/lottomat.com\/lv\/informacija\/powerball\/#breadcrumb\",\"itemListElement\":[{\"@type\":\"ListItem\",\"position\":1,\"name\":\"Home\",\"item\":\"https:\/\/lottomat.com\/lv\/\"},{\"@type\":\"ListItem\",\"position\":2,\"name\":\"Loterijas noteikumi: Laimesti, D\u017eekpots un Izredzes\",\"item\":\"https:\/\/lottomat.com\/lv\/informacija\/\"},{\"@type\":\"ListItem\",\"position\":3,\"name\":\"Powerball Balvas, Noteikumi un D\u017eekpots\"}]},{\"@type\":\"WebSite\",\"@id\":\"https:\/\/lottomat.com\/lv\/#website\",\"url\":\"https:\/\/lottomat.com\/lv\/\",\"name\":\"Lottomat\",\"description\":\"\",\"potentialAction\":[{\"@type\":\"SearchAction\",\"target\":{\"@type\":\"EntryPoint\",\"urlTemplate\":\"https:\/\/lottomat.com\/lv\/?s={search_term_string}\"},\"query-input\":{\"@type\":\"PropertyValueSpecification\",\"valueRequired\":true,\"valueName\":\"search_term_string\"}}],\"inLanguage\":\"lv-LV\"}]}<\/script>\n<!-- \/ Yoast SEO plugin. -->","yoast_head_json":{"title":"Powerball Balvas, Noteikumi un D\u017eekpots - LottoMat LATVIJA","description":"P\u0101rbaudiet Powerball balvas, d\u017eekpotu un sp\u0113les noteikumus. Uzziniet vair\u0101k par sav\u0101m izredz\u0113m laim\u0113t \u0161aj\u0101 Amerikas loterij\u0101.","robots":{"index":"index","follow":"follow","max-snippet":"max-snippet:-1","max-image-preview":"max-image-preview:large","max-video-preview":"max-video-preview:-1"},"canonical":"https:\/\/lottomat.com\/lv\/informacija\/powerball\/","og_locale":"lv_LV","og_type":"article","og_title":"Powerball Balvas, Noteikumi un D\u017eekpots - LottoMat LATVIJA","og_description":"P\u0101rbaudiet Powerball balvas, d\u017eekpotu un sp\u0113les noteikumus. Uzziniet vair\u0101k par sav\u0101m izredz\u0113m laim\u0113t \u0161aj\u0101 Amerikas loterij\u0101.","og_url":"https:\/\/lottomat.com\/lv\/informacija\/powerball\/","og_site_name":"Lottomat","article_modified_time":"2025-11-16T11:03:24+00:00","og_image":[{"url":"https:\/\/lottomat.com\/wp-content\/uploads\/2025\/10\/Powerball-jackpot-300x300.webp"}],"twitter_card":"summary_large_image","twitter_misc":{"Est. reading time":"5 minutes"},"schema":{"@context":"https:\/\/schema.org","@graph":[{"@type":"WebPage","@id":"https:\/\/lottomat.com\/lv\/informacija\/powerball\/","url":"https:\/\/lottomat.com\/lv\/informacija\/powerball\/","name":"Powerball Balvas, Noteikumi un D\u017eekpots - LottoMat LATVIJA","isPartOf":{"@id":"https:\/\/lottomat.com\/lv\/#website"},"primaryImageOfPage":{"@id":"https:\/\/lottomat.com\/lv\/informacija\/powerball\/#primaryimage"},"image":{"@id":"https:\/\/lottomat.com\/lv\/informacija\/powerball\/#primaryimage"},"thumbnailUrl":"https:\/\/lottomat.com\/wp-content\/uploads\/2025\/10\/Powerball-jackpot-300x300.webp","datePublished":"2025-03-26T10:16:37+00:00","dateModified":"2025-11-16T11:03:24+00:00","description":"P\u0101rbaudiet Powerball balvas, d\u017eekpotu un sp\u0113les noteikumus. Uzziniet vair\u0101k par sav\u0101m izredz\u0113m laim\u0113t \u0161aj\u0101 Amerikas loterij\u0101.","breadcrumb":{"@id":"https:\/\/lottomat.com\/lv\/informacija\/powerball\/#breadcrumb"},"inLanguage":"lv-LV","potentialAction":[{"@type":"ReadAction","target":["https:\/\/lottomat.com\/lv\/informacija\/powerball\/"]}]},{"@type":"ImageObject","inLanguage":"lv-LV","@id":"https:\/\/lottomat.com\/lv\/informacija\/powerball\/#primaryimage","url":"https:\/\/lottomat.com\/wp-content\/uploads\/2025\/10\/Powerball-jackpot-300x300.webp","contentUrl":"https:\/\/lottomat.com\/wp-content\/uploads\/2025\/10\/Powerball-jackpot-300x300.webp"},{"@type":"BreadcrumbList","@id":"https:\/\/lottomat.com\/lv\/informacija\/powerball\/#breadcrumb","itemListElement":[{"@type":"ListItem","position":1,"name":"Home","item":"https:\/\/lottomat.com\/lv\/"},{"@type":"ListItem","position":2,"name":"Loterijas noteikumi: Laimesti, D\u017eekpots un Izredzes","item":"https:\/\/lottomat.com\/lv\/informacija\/"},{"@type":"ListItem","position":3,"name":"Powerball Balvas, Noteikumi un D\u017eekpots"}]},{"@type":"WebSite","@id":"https:\/\/lottomat.com\/lv\/#website","url":"https:\/\/lottomat.com\/lv\/","name":"Lottomat","description":"","potentialAction":[{"@type":"SearchAction","target":{"@type":"EntryPoint","urlTemplate":"https:\/\/lottomat.com\/lv\/?s={search_term_string}"},"query-input":{"@type":"PropertyValueSpecification","valueRequired":true,"valueName":"search_term_string"}}],"inLanguage":"lv-LV"}]}},"_links":{"self":[{"href":"https:\/\/lottomat.com\/lv\/wp-json\/wp\/v2\/pages\/10619","targetHints":{"allow":["GET"]}}],"collection":[{"href":"https:\/\/lottomat.com\/lv\/wp-json\/wp\/v2\/pages"}],"about":[{"href":"https:\/\/lottomat.com\/lv\/wp-json\/wp\/v2\/types\/page"}],"author":[{"embeddable":true,"href":"https:\/\/lottomat.com\/lv\/wp-json\/wp\/v2\/users\/1"}],"replies":[{"embeddable":true,"href":"https:\/\/lottomat.com\/lv\/wp-json\/wp\/v2\/comments?post=10619"}],"version-history":[{"count":1,"href":"https:\/\/lottomat.com\/lv\/wp-json\/wp\/v2\/pages\/10619\/revisions"}],"predecessor-version":[{"id":257503,"href":"https:\/\/lottomat.com\/lv\/wp-json\/wp\/v2\/pages\/10619\/revisions\/257503"}],"up":[{"embeddable":true,"href":"https:\/\/lottomat.com\/lv\/wp-json\/wp\/v2\/pages\/6891"}],"wp:attachment":[{"href":"https:\/\/lottomat.com\/lv\/wp-json\/wp\/v2\/media?parent=10619"}],"curies":[{"name":"wp","href":"https:\/\/api.w.org\/{rel}","templated":true}]}}