{"id":10152,"date":"2025-03-26T13:41:46","date_gmt":"2025-03-26T13:41:46","guid":{"rendered":"https:\/\/lottomat.net\/loterija-informacija\/mega-millions-informacija\/"},"modified":"2026-02-26T20:34:04","modified_gmt":"2026-02-26T20:34:04","slug":"mega-millions","status":"publish","type":"page","link":"https:\/\/lottomat.com\/lv\/informacija\/mega-millions\/","title":{"rendered":"Mega Millions Laimesti, Noteikumi un D\u017eekpots"},"content":{"rendered":"\n\n<div class=\"kk-star-ratings kksr-auto kksr-align-left kksr-valign-top\"\n    data-payload='{&quot;align&quot;:&quot;left&quot;,&quot;id&quot;:&quot;10152&quot;,&quot;slug&quot;:&quot;default&quot;,&quot;valign&quot;:&quot;top&quot;,&quot;ignore&quot;:&quot;&quot;,&quot;reference&quot;:&quot;auto&quot;,&quot;class&quot;:&quot;&quot;,&quot;count&quot;:&quot;0&quot;,&quot;legendonly&quot;:&quot;&quot;,&quot;readonly&quot;:&quot;&quot;,&quot;score&quot;:&quot;0&quot;,&quot;starsonly&quot;:&quot;&quot;,&quot;best&quot;:&quot;5&quot;,&quot;gap&quot;:&quot;5&quot;,&quot;greet&quot;:&quot;Rate this page&quot;,&quot;legend&quot;:&quot;0\\\/5 - (0 votes)&quot;,&quot;size&quot;:&quot;30&quot;,&quot;title&quot;:&quot;Mega Millions Laimesti, Noteikumi un D\u017eekpots&quot;,&quot;width&quot;:&quot;0&quot;,&quot;_legend&quot;:&quot;{score}\\\/{best} - ({count} {votes})&quot;,&quot;font_factor&quot;:&quot;1.25&quot;}'>\n            \n<div class=\"kksr-stars\">\n    \n<div class=\"kksr-stars-inactive\">\n            <div class=\"kksr-star\" data-star=\"1\" style=\"padding-right: 5px\">\n            \n\n<div class=\"kksr-icon\" style=\"width: 30px; height: 30px;\"><\/div>\n        <\/div>\n            <div class=\"kksr-star\" data-star=\"2\" style=\"padding-right: 5px\">\n            \n\n<div class=\"kksr-icon\" style=\"width: 30px; height: 30px;\"><\/div>\n        <\/div>\n            <div class=\"kksr-star\" data-star=\"3\" style=\"padding-right: 5px\">\n            \n\n<div class=\"kksr-icon\" style=\"width: 30px; height: 30px;\"><\/div>\n        <\/div>\n            <div class=\"kksr-star\" data-star=\"4\" style=\"padding-right: 5px\">\n            \n\n<div class=\"kksr-icon\" style=\"width: 30px; height: 30px;\"><\/div>\n        <\/div>\n            <div class=\"kksr-star\" data-star=\"5\" style=\"padding-right: 5px\">\n            \n\n<div class=\"kksr-icon\" style=\"width: 30px; height: 30px;\"><\/div>\n        <\/div>\n    <\/div>\n    \n<div class=\"kksr-stars-active\" style=\"width: 0px;\">\n            <div class=\"kksr-star\" style=\"padding-right: 5px\">\n            \n\n<div class=\"kksr-icon\" style=\"width: 30px; height: 30px;\"><\/div>\n        <\/div>\n            <div class=\"kksr-star\" style=\"padding-right: 5px\">\n            \n\n<div class=\"kksr-icon\" style=\"width: 30px; height: 30px;\"><\/div>\n        <\/div>\n            <div class=\"kksr-star\" style=\"padding-right: 5px\">\n            \n\n<div class=\"kksr-icon\" style=\"width: 30px; height: 30px;\"><\/div>\n        <\/div>\n            <div class=\"kksr-star\" style=\"padding-right: 5px\">\n            \n\n<div class=\"kksr-icon\" style=\"width: 30px; height: 30px;\"><\/div>\n        <\/div>\n            <div class=\"kksr-star\" style=\"padding-right: 5px\">\n            \n\n<div class=\"kksr-icon\" style=\"width: 30px; height: 30px;\"><\/div>\n        <\/div>\n    <\/div>\n<\/div>\n                \n\n<div class=\"kksr-legend\" style=\"font-size: 24px;\">\n            <span class=\"kksr-muted\">Rate this page<\/span>\n    <\/div>\n    <\/div>\n<p><strong>Vai v\u0113lies laim\u0113t Mega Millions balvas un d\u017eekpotus?<\/strong> Sp\u0113l\u0113t\u0101ji no visas pasaules nemit\u012bgi dom\u0101 par to, k\u0101 uzmin\u0113t sist\u0113mu skait\u013cu sp\u0113l\u0113s, uz kuru loteriju likt likmes, vai sp\u0113l\u0113t kombin\u0101cijas vai pietur\u0113ties tikai pie vienas sp\u0113les. Diem\u017e\u0113l uz \u0161o jaut\u0101jumu nav vienas pareizas atbildes. Katram pieredz\u0113ju\u0161am loterijas sp\u0113l\u0113t\u0101jam ir savas teorijas, p\u0101rliec\u012bbas un ieradumi. To, ko vari dar\u012bt, vispirms \u2013 ir uzzin\u0101t p\u0113c iesp\u0113jas vair\u0101k par da\u017e\u0101d\u0101m tie\u0161saistes loterij\u0101m, lai pie\u0146emtu p\u0101rdom\u0101tu l\u0113mumu, kur sp\u0113l\u0113t. Visu, kas j\u0101zina par lab\u0101kaj\u0101m un popul\u0101r\u0101kaj\u0101m tie\u0161saistes azartsp\u0113l\u0113m, atrad\u012bsi LottoMat vietn\u0113. Tur tu vari ar\u012b sp\u0113l\u0113t savu iecien\u012bto loteriju vai <a href=\"https:\/\/lottomat.com\/lv\/rezultati\/\">p\u0101rbaud\u012bt jaun\u0101kos izlo\u017eu rezult\u0101tus<\/a>. Rakst\u0101 zem\u0101k m\u0113s piev\u0113rs\u012bsimies Mega Millions balv\u0101m, noteikumiem un svar\u012bg\u0101kajai inform\u0101cijai.<\/p>\n<h2>Kas ir Mega Millions loterija?<img loading=\"lazy\" decoding=\"async\" class=\"alignright wp-image-253136\" src=\"https:\/\/lottomat.com\/wp-content\/uploads\/2025\/10\/prizes-and-jackpot.webp\" alt=\"balvas un d\u017eekpots\" width=\"200\" height=\"200\" srcset=\"https:\/\/lottomat.com\/wp-content\/uploads\/2025\/10\/prizes-and-jackpot.webp 400w, https:\/\/lottomat.com\/wp-content\/uploads\/2025\/10\/prizes-and-jackpot-300x300.webp 300w, https:\/\/lottomat.com\/wp-content\/uploads\/2025\/10\/prizes-and-jackpot-150x150.webp 150w, https:\/\/lottomat.com\/wp-content\/uploads\/2025\/10\/prizes-and-jackpot-100x100.webp 100w\" sizes=\"auto, (max-width: 200px) 100vw, 200px\" \/><\/h2>\n<p>Mega Millions tie\u0161saist\u0113, kop\u0101 ar Powerball sp\u0113li, ir popul\u0101r\u0101k\u0101 Amerikas skait\u013cu loterija. T\u0101 k\u013cuva popul\u0101ra, pateicoties vienk\u0101r\u0161ajiem noteikumiem, vieglajai sp\u0113lei, astronomiskajiem laimestiem un, galvenok\u0101rt, neticamaj\u0101m izredz\u0113m uzvar\u0113t. Nepieredz\u0113tas emocijas pavada katru izlozi, un, kad par\u0101d\u0101s Mega Millions d\u017eekpots, nepr\u0101t\u0101 ir ne tikai sp\u0113l\u0113t\u0101ji, bet ar\u012b tie, kas nemaz nepiedal\u0101s sp\u0113l\u0113. Gandr\u012bz katrs amerik\u0101nis p\u0113rk bi\u013cetes \u0161ai loterijai, pat tie, kuri parasti neinteres\u0113jas par azartsp\u0113l\u0113m. D\u017eekpoti saj\u016bsmina ne tikai amerik\u0101\u0146us \u2013 sp\u0113le ir popul\u0101ra vis\u0101 pasaul\u0113. Pateicoties iesp\u0113jai <a href=\"https:\/\/lottomat.com\/lv\/spelet\/mega-millions\/\">sp\u0113l\u0113t Mega Millions tie\u0161saist\u0113<\/a>, katrs pieaugu\u0161ais var piedal\u012bties \u0161aj\u0101 p\u0101rsteidzo\u0161aj\u0101 loterij\u0101 no jebkuras vietas pasaul\u0113.<\/p>\n<h2>K\u0101da ir Mega Millions v\u0113sture?<\/h2>\n<p>\u0160\u012b loterija tika dibin\u0101ta 1996. gad\u0101, un s\u0101kotn\u0113ji to sauca The Big Game. Se\u0161us gadus v\u0113l\u0101k t\u0101 tika p\u0101rd\u0113v\u0113ta par Mega Millions, k\u0101 m\u0113s to paz\u012bstam \u0161odien. S\u0101kotn\u0113ji t\u0101 bija pieejama tikai se\u0161os \u0161tatos: D\u017eord\u017eij\u0101, M\u0113rilend\u0101, Ilinois\u0101, Masa\u010d\u016bsets\u0101, Vird\u017e\u012bnij\u0101 un Mi\u010digan\u0101. Pa\u0161laik Mega Millions darbojas <strong>45 \u0161tatos, Kolumbijas apgabal\u0101 un ASV Vird\u017e\u012bnu sal\u0101s<\/strong>. Mega Millions izlozes notiek katru <strong>tre\u0161dienu un sestdienu plkst. 03:00 p\u0113c UTC<\/strong>, ieskaitot sv\u0113tkus, kurus iev\u0113ro D\u017eord\u017eijas loterija. Galveno Mega Millions balvu un d\u017eekpota izlozes notiek Atlant\u0101, D\u017eord\u017eijas \u0161tat\u0101.<\/p>\n<h2><img loading=\"lazy\" decoding=\"async\" class=\"alignleft wp-image-253166\" src=\"https:\/\/lottomat.com\/wp-content\/uploads\/2025\/10\/Mega-Millions-jackpot.webp\" alt=\"Mega Millions d\u017eekpots\" width=\"200\" height=\"200\" srcset=\"https:\/\/lottomat.com\/wp-content\/uploads\/2025\/10\/Mega-Millions-jackpot.webp 400w, https:\/\/lottomat.com\/wp-content\/uploads\/2025\/10\/Mega-Millions-jackpot-300x300.webp 300w, https:\/\/lottomat.com\/wp-content\/uploads\/2025\/10\/Mega-Millions-jackpot-150x150.webp 150w, https:\/\/lottomat.com\/wp-content\/uploads\/2025\/10\/Mega-Millions-jackpot-100x100.webp 100w\" sizes=\"auto, (max-width: 200px) 100vw, 200px\" \/>K\u0101di ir Mega Millions noteikumi?<\/h2>\n<p>Pa\u0161reiz\u0113jie Mega Millions noteikumi ir vienk\u0101r\u0161i un l\u012bdz\u012bgi citu loteriju noteikumiem. Lai sp\u0113l\u0113tu, tev j\u0101izv\u0113las <strong>pieci skait\u013ci no 70<\/strong> un viens papildu skaitlis (saukts par Mega Ball) no <strong>24 zelta bumbi\u0146\u0101m<\/strong>. Papildu skaitlis, Mega Ball, tiek izloz\u0113ts no otr\u0101 skait\u013cu kopuma, t\u0101p\u0113c tas var sakrist ar k\u0101du no galvenajiem skait\u013ciem.<\/p>\n<h3>Galven\u0101s izmai\u0146as 2025. gad\u0101<\/h3>\n<ul class=\"list\">\n<li><strong>Bi\u013cetes cena:<\/strong> Tagad maks\u0101 5 USD par sp\u0113li (palielin\u0101ta no 2 USD)<\/li>\n<li><strong>Ieb\u016bv\u0113ts reizin\u0101t\u0101js:<\/strong> Katram bi\u013cetei autom\u0101tiski ir reizin\u0101t\u0101js (2X, 3X, 4X, 5X vai 10X)<\/li>\n<li><strong>S\u0101kuma d\u017eekpots:<\/strong> Palielin\u0101ts no 20 miljoniem USD l\u012bdz 50 miljoniem USD<\/li>\n<li><strong>Lab\u0101kas izredzes:<\/strong> D\u017eekpota izredzes uzlaboju\u0161\u0101s no 1 pret 302 575 350 l\u012bdz 1 pret 290 472 336<\/li>\n<li><strong>Mega Ball kopums:<\/strong> Samazin\u0101ts no 25 l\u012bdz 24 skait\u013ciem<\/li>\n<\/ul>\n<p><strong>Pareizi uzminot visus se\u0161us skait\u013cus<\/strong>, tu laim\u0113 galveno balvu. <strong>Otr\u0101 l\u012bme\u0146a balvas sv\u0101rst\u0101s no 2 miljoniem l\u012bdz 10 miljoniem USD<\/strong> (atkar\u012bb\u0101 no reizin\u0101t\u0101ja), un sp\u0113l\u0113t\u0101ji var laim\u0113t, uzminot piecus pamata skait\u013cus no liel\u0101k\u0101 kopuma. <strong>Milz\u012bgas at\u0161\u0137ir\u012bbas \u0161\u0137ir<\/strong> pirmo un otro Mega Millions balvu l\u012bmeni! Ja p\u0113c izlozes neviens neuzmin visus skait\u013cus, notiek uzkr\u0101\u0161an\u0101s. Mega Millions d\u017eekpota uzkr\u0101\u0161an\u0101s var sasniegt neticami lielas summas. T\u0101p\u0113c ir v\u0113rts ieg\u0101d\u0101ties Mega Millions bi\u013cetes tie\u0161saist\u0113 uzkr\u0101\u0161an\u0101s laik\u0101.<\/p>\n<h2>K\u0101di ir liel\u0101kie Mega Millions d\u017eekpoti v\u0113stur\u0113?<img loading=\"lazy\" decoding=\"async\" class=\"alignright wp-image-253196\" src=\"https:\/\/lottomat.com\/wp-content\/uploads\/2025\/10\/rules-of-playing.webp\" alt=\"sp\u0113les noteikumi\" width=\"200\" height=\"200\" srcset=\"https:\/\/lottomat.com\/wp-content\/uploads\/2025\/10\/rules-of-playing.webp 400w, https:\/\/lottomat.com\/wp-content\/uploads\/2025\/10\/rules-of-playing-300x300.webp 300w, https:\/\/lottomat.com\/wp-content\/uploads\/2025\/10\/rules-of-playing-150x150.webp 150w, https:\/\/lottomat.com\/wp-content\/uploads\/2025\/10\/rules-of-playing-100x100.webp 100w\" sizes=\"auto, (max-width: 200px) 100vw, 200px\" \/><\/h2>\n<p>Pieci liel\u0101kie Mega Millions d\u017eekpoti v\u0113stur\u0113:<\/p>\n<ol class=\"list\">\n<li><strong>1,602 miljardi USD<\/strong> (2023. gada 8. augusts) \u2013 laim\u0113ts Florid\u0101<\/li>\n<li><strong>1,537 miljardi USD<\/strong> (2018. gada 23. oktobris) \u2013 laim\u0113ts Dienvidkarol\u012bn\u0101<\/li>\n<li><strong>1,35 miljardi USD<\/strong> (2023. gada 13. janv\u0101ris) \u2013 laim\u0113ts Mein\u0101<\/li>\n<li><strong>1,337 miljardi USD<\/strong> (2022. gada 29. j\u016blijs) \u2013 laim\u0113ts Ilinois\u0101<\/li>\n<li><strong>1,22 miljardi USD<\/strong> (2024. gada 27. decembris) \u2013 laim\u0113ts Kalifornij\u0101<\/li>\n<\/ol>\n<p>\u0160ie rekordlielie d\u017eekpoti pier\u0101da neticamo Mega Millions potenci\u0101lu un par\u0101da, ka \u0161\u012b sp\u0113le ir devusi da\u017eus no liel\u0101kajiem laimestiem pasaules loteriju v\u0113stur\u0113.<\/p>\n<h2>K\u0101ds ir risks sp\u0113l\u0113jot Mega Millions?<\/h2>\n<p>Bie\u017ei saka, ka \u201cnav jautr\u012bbas bez riska\u201d \u2013 un tas ir taisn\u012bba. Attiec\u012bb\u0101 uz Mega Millions \u0161is teiciens ieg\u016bst \u012bpa\u0161u noz\u012bmi. Un diem\u017e\u0113l risks ir milz\u012bgs. Iesp\u0113ja laim\u0113t Mega Millions d\u017eekpotu un uzmin\u0113t visus se\u0161us skait\u013cus ir <strong>1 pret 290 472 336<\/strong> (uz 2025. gadu). Tik maza varb\u016bt\u012bba var attur\u0113t daudzus sp\u0113l\u0113t\u0101jus, ta\u010du Mega Millions ir savi past\u0101v\u012bgie entuziasti. Risks, bez \u0161aub\u0101m, ir augsts, ta\u010du, uz\u0146emoties to, var ieg\u016bt lielu pe\u013c\u0146u. Mega Millions ir sp\u0113le drosm\u012bgiem sp\u0113l\u0113t\u0101jiem, kuri sp\u0113l\u0113 ar ap\u0146\u0113m\u012bbu un v\u0113las laim\u0113t miljonus. Tie, kuri dod priek\u0161roku dro\u0161\u0101kai sp\u0113lei un zemam riskam, visticam\u0101k, neb\u016bs ieinteres\u0113ti Mega Millions. Par laimi, <a href=\"https:\/\/lottomat.com\/lv\/\">LottoMat vietn\u0113<\/a> ikviens var atrast sev piem\u0113rot\u0101ko tie\u0161saistes loteriju.<\/p>\n<h2><img loading=\"lazy\" decoding=\"async\" class=\"alignleft wp-image-253226\" src=\"https:\/\/lottomat.com\/wp-content\/uploads\/2025\/10\/Mega-Millions-rules.webp\" alt=\"Mega Millions noteikumi\" width=\"200\" height=\"200\" srcset=\"https:\/\/lottomat.com\/wp-content\/uploads\/2025\/10\/Mega-Millions-rules.webp 400w, https:\/\/lottomat.com\/wp-content\/uploads\/2025\/10\/Mega-Millions-rules-300x300.webp 300w, https:\/\/lottomat.com\/wp-content\/uploads\/2025\/10\/Mega-Millions-rules-150x150.webp 150w, https:\/\/lottomat.com\/wp-content\/uploads\/2025\/10\/Mega-Millions-rules-100x100.webp 100w\" sizes=\"auto, (max-width: 200px) 100vw, 200px\" \/>K\u0101das ir Mega Millions balvas un cik daudz vari laim\u0113t?<\/h2>\n<p>Garant\u0113t\u0101 pirm\u0101 l\u012bme\u0146a balvas v\u0113rt\u012bba tagad ir <strong>50 miljoni USD<\/strong> k\u0101 s\u0101kuma d\u017eekpots, iev\u0113rojami palielin\u0101ts no iepriek\u0161\u0113jiem 15 miljonu un v\u0113l\u0101k 20 miljonu USD sliek\u0161\u0146iem. \u0160\u012bs izmai\u0146as padar\u012bja sp\u0113li v\u0113l intens\u012bv\u0101ku un pievilc\u012bg\u0101ku sp\u0113l\u0113t\u0101jiem. Mega Millions pied\u0101v\u0101 devi\u0146us da\u017e\u0101dus balvu l\u012bme\u0146us \u2013 no viena Mega Ball l\u012bdz pilnam d\u017eekpotam. 2025. gada form\u0101ts ietver <strong>ieb\u016bv\u0113tu reizin\u0101t\u0101ja funkciju<\/strong>, kas var palielin\u0101t balvas, kas nav d\u017eekpoti, 2, 3, 4, 5 vai 10 reizes. Tas noz\u012bm\u0113, ka pat maz\u0101ki laimesti var k\u013c\u016bt par iev\u0113rojam\u0101m balv\u0101m. Otr\u0101 l\u012bme\u0146a balva (pieci galvenie skait\u013ci bez Mega Ball) tagad var b\u016bt no <strong>2 miljoniem l\u012bdz 10 miljoniem USD<\/strong>, atkar\u012bb\u0101 no izloz\u0113t\u0101 reizin\u0101t\u0101ja. Ar\u012b visi p\u0101r\u0113jie balvu l\u012bme\u0146i g\u016bst labumu no \u0161\u012bs autom\u0101tisk\u0101s reizin\u0101\u0161anas funkcijas, padarot katru bi\u013ceti potenci\u0101li v\u0113rt\u012bg\u0101ku nek\u0101 agr\u0101k.<\/p>\n<h2>Kas var sp\u0113l\u0113t Mega Millions un laim\u0113t?<\/h2>\n<p>Ja tu atrodies ASV, vari ieg\u0101d\u0101ties bi\u013ceti stacion\u0101r\u0101 loterijas biroj\u0101. Ja esi \u0101rpus ASV, vari izmantot LottoMat vietni, kas pied\u0101v\u0101 bi\u013ce\u0161u ieg\u0101di. Vienk\u0101r\u0161i sakot, Mega Millions var sp\u0113l\u0113t <strong>jebkur\u0161 pilngad\u012bgs cilv\u0113ks ar interneta piek\u013cuvi<\/strong>, tas ir, vec\u0101ks par 18 gadiem. Pa\u0161laik sp\u0113l\u0113t\u0101ji vis\u0101 pasaul\u0113 var nos\u016bt\u012bt bi\u013cetes jebkurai loterijai ar vienu klik\u0161\u0137i, aizpild\u012bt tik, cik v\u0113las, un to dar\u012bt no jebkuras vietas pasaul\u0113. Bez rind\u0101m, bez mekl\u0113\u0161anas, mier\u012bgi, bez stresa un steigas izv\u0113loties skait\u013cus. LottoMat vietn\u0113 tev ir iesp\u0113ja ne tikai sp\u0113l\u0113t Mega Millions, bet ar\u012b uzzin\u0101t par izloz\u0113m, sp\u0113les strat\u0113\u0123ij\u0101m un <a href=\"https:\/\/lottomat.com\/lv\/rezultati\/mega-millions\/\">p\u0101rbaud\u012bt jaun\u0101kos Mega Millions rezult\u0101tus<\/a>.<\/p>\n<h2>K\u0101das ir tavas izredzes laim\u0113t Mega Millions?<img loading=\"lazy\" decoding=\"async\" class=\"alignright wp-image-253256\" src=\"https:\/\/lottomat.com\/wp-content\/uploads\/2025\/10\/Mega-Millions-prizes.webp\" alt=\"Mega Millions balvas\" width=\"200\" height=\"200\" srcset=\"https:\/\/lottomat.com\/wp-content\/uploads\/2025\/10\/Mega-Millions-prizes.webp 400w, https:\/\/lottomat.com\/wp-content\/uploads\/2025\/10\/Mega-Millions-prizes-300x300.webp 300w, https:\/\/lottomat.com\/wp-content\/uploads\/2025\/10\/Mega-Millions-prizes-150x150.webp 150w, https:\/\/lottomat.com\/wp-content\/uploads\/2025\/10\/Mega-Millions-prizes-100x100.webp 100w\" sizes=\"auto, (max-width: 200px) 100vw, 200px\" \/><\/h2>\n<p>Kop\u0113j\u0101 iesp\u0113jam\u012bba laim\u0113t jebkuru balvu Mega Millions ir <strong>1 pret 23<\/strong> (uzlabota no 1 pret 24 2025. gad\u0101). Lai gan d\u017eekpota izredzes ir astronomiskas, past\u0101v vair\u0101ki balvu l\u012bme\u0146i ar lab\u0101k\u0101m iesp\u0113j\u0101m ieg\u016bt maz\u0101kas balvas. <strong>Atceries:<\/strong> Katra izloze ir nejau\u0161a, un katrai skait\u013cu kombin\u0101cijai ir vien\u0101das iesp\u0113jas tikt izloz\u0113tai. Ieb\u016bv\u0113t\u0101 reizin\u0101t\u0101ja funkcija 2025. gad\u0101 nodro\u0161ina, ka ar\u012b ne-d\u017eekpota balvas var b\u016bt iev\u0113rojamas \u2013 ar iesp\u0113ju laim\u0113t l\u012bdz pat <strong>10 reiz\u0113m<\/strong> vair\u0101k nek\u0101 pamatsumma. D\u017eekpoti, kas regul\u0101ri p\u0101rsniedz simtiem miljonu un da\u017ek\u0101rt sasniedz miljardu dol\u0101ru robe\u017eu, turpina sniegt sp\u0113l\u0113t\u0101jiem vis\u0101 pasaul\u0113 sapni par t\u016bl\u012bt\u0113ju bag\u0101t\u012bbu.<\/p>\n<h2>Mega Millions balvu un izred\u017eu tabula<\/h2>\n","protected":false},"excerpt":{"rendered":"<p>Vai v\u0113lies laim\u0113t Mega Millions balvas un d\u017eekpotus? Sp\u0113l\u0113t\u0101ji no visas pasaules nemit\u012bgi dom\u0101 par to, k\u0101 uzmin\u0113t sist\u0113mu skait\u013cu sp\u0113l\u0113s, uz kuru loteriju likt likmes, vai sp\u0113l\u0113t kombin\u0101cijas vai pietur\u0113ties tikai pie vienas sp\u0113les. Diem\u017e\u0113l uz \u0161o jaut\u0101jumu nav vienas pareizas atbildes. Katram pieredz\u0113ju\u0161am loterijas sp\u0113l\u0113t\u0101jam ir savas teorijas, p\u0101rliec\u012bbas un ieradumi. To, ko [&hellip;]<\/p>\n","protected":false},"author":2,"featured_media":0,"parent":6891,"menu_order":2,"comment_status":"closed","ping_status":"closed","template":"megamillion-info.php","meta":{"_et_pb_use_builder":"","_et_pb_old_content":"","_et_gb_content_width":"","exclude_from_search":false,"footnotes":""},"class_list":["post-10152","page","type-page","status-publish","hentry"],"yoast_head":"<!-- This site is optimized with the Yoast SEO plugin v23.8 - https:\/\/yoast.com\/wordpress\/plugins\/seo\/ -->\n<title>Mega Millions balvas un d\u017eekpots [5\/70 + 1\/25] - LottoMat<\/title>\n<meta name=\"description\" content=\"Jums ir iesp\u0113ja laim\u0113t Mega Millions balvas un d\u017eekpotu. Mega Millions ir neticama loterija, kur\u0101 d\u017eekpoti aug nepr\u0101t\u012bgi.\" \/>\n<meta name=\"robots\" content=\"index, follow, max-snippet:-1, max-image-preview:large, max-video-preview:-1\" \/>\n<link rel=\"canonical\" href=\"https:\/\/lottomat.com\/lv\/informacija\/mega-millions\/\" \/>\n<meta property=\"og:locale\" content=\"lv_LV\" \/>\n<meta property=\"og:type\" content=\"article\" \/>\n<meta property=\"og:title\" content=\"Mega Millions balvas un d\u017eekpots [5\/70 + 1\/25] - LottoMat\" \/>\n<meta property=\"og:description\" content=\"Jums ir iesp\u0113ja laim\u0113t Mega Millions balvas un d\u017eekpotu. Mega Millions ir neticama loterija, kur\u0101 d\u017eekpoti aug nepr\u0101t\u012bgi.\" \/>\n<meta property=\"og:url\" content=\"https:\/\/lottomat.com\/lv\/informacija\/mega-millions\/\" \/>\n<meta property=\"og:site_name\" content=\"Lottomat\" \/>\n<meta property=\"article:modified_time\" content=\"2026-02-26T20:34:04+00:00\" \/>\n<meta property=\"og:image\" content=\"https:\/\/lottomat.com\/wp-content\/uploads\/2025\/10\/prizes-and-jackpot.webp\" \/>\n\t<meta property=\"og:image:width\" content=\"400\" \/>\n\t<meta property=\"og:image:height\" content=\"400\" \/>\n\t<meta property=\"og:image:type\" content=\"image\/webp\" \/>\n<meta name=\"twitter:card\" content=\"summary_large_image\" \/>\n<meta name=\"twitter:label1\" content=\"Est. reading time\" \/>\n\t<meta name=\"twitter:data1\" content=\"6 minutes\" \/>\n<script type=\"application\/ld+json\" class=\"yoast-schema-graph\">{\"@context\":\"https:\/\/schema.org\",\"@graph\":[{\"@type\":\"WebPage\",\"@id\":\"https:\/\/lottomat.com\/lv\/informacija\/mega-millions\/\",\"url\":\"https:\/\/lottomat.com\/lv\/informacija\/mega-millions\/\",\"name\":\"Mega Millions balvas un d\u017eekpots [5\/70 + 1\/25] - LottoMat\",\"isPartOf\":{\"@id\":\"https:\/\/lottomat.com\/lv\/#website\"},\"primaryImageOfPage\":{\"@id\":\"https:\/\/lottomat.com\/lv\/informacija\/mega-millions\/#primaryimage\"},\"image\":{\"@id\":\"https:\/\/lottomat.com\/lv\/informacija\/mega-millions\/#primaryimage\"},\"thumbnailUrl\":\"https:\/\/lottomat.com\/wp-content\/uploads\/2025\/10\/prizes-and-jackpot.webp\",\"datePublished\":\"2025-03-26T13:41:46+00:00\",\"dateModified\":\"2026-02-26T20:34:04+00:00\",\"description\":\"Jums ir iesp\u0113ja laim\u0113t Mega Millions balvas un d\u017eekpotu. Mega Millions ir neticama loterija, kur\u0101 d\u017eekpoti aug nepr\u0101t\u012bgi.\",\"breadcrumb\":{\"@id\":\"https:\/\/lottomat.com\/lv\/informacija\/mega-millions\/#breadcrumb\"},\"inLanguage\":\"lv-LV\",\"potentialAction\":[{\"@type\":\"ReadAction\",\"target\":[\"https:\/\/lottomat.com\/lv\/informacija\/mega-millions\/\"]}]},{\"@type\":\"ImageObject\",\"inLanguage\":\"lv-LV\",\"@id\":\"https:\/\/lottomat.com\/lv\/informacija\/mega-millions\/#primaryimage\",\"url\":\"https:\/\/lottomat.com\/wp-content\/uploads\/2025\/10\/prizes-and-jackpot.webp\",\"contentUrl\":\"https:\/\/lottomat.com\/wp-content\/uploads\/2025\/10\/prizes-and-jackpot.webp\"},{\"@type\":\"BreadcrumbList\",\"@id\":\"https:\/\/lottomat.com\/lv\/informacija\/mega-millions\/#breadcrumb\",\"itemListElement\":[{\"@type\":\"ListItem\",\"position\":1,\"name\":\"Home\",\"item\":\"https:\/\/lottomat.com\/lv\/\"},{\"@type\":\"ListItem\",\"position\":2,\"name\":\"Loterijas noteikumi: Laimesti, D\u017eekpots un Izredzes\",\"item\":\"https:\/\/lottomat.com\/lv\/informacija\/\"},{\"@type\":\"ListItem\",\"position\":3,\"name\":\"Mega Millions Laimesti, Noteikumi un D\u017eekpots\"}]},{\"@type\":\"WebSite\",\"@id\":\"https:\/\/lottomat.com\/lv\/#website\",\"url\":\"https:\/\/lottomat.com\/lv\/\",\"name\":\"Lottomat\",\"description\":\"\",\"potentialAction\":[{\"@type\":\"SearchAction\",\"target\":{\"@type\":\"EntryPoint\",\"urlTemplate\":\"https:\/\/lottomat.com\/lv\/?s={search_term_string}\"},\"query-input\":{\"@type\":\"PropertyValueSpecification\",\"valueRequired\":true,\"valueName\":\"search_term_string\"}}],\"inLanguage\":\"lv-LV\"}]}<\/script>\n<!-- \/ Yoast SEO plugin. -->","yoast_head_json":{"title":"Mega Millions balvas un d\u017eekpots [5\/70 + 1\/25] - LottoMat","description":"Jums ir iesp\u0113ja laim\u0113t Mega Millions balvas un d\u017eekpotu. Mega Millions ir neticama loterija, kur\u0101 d\u017eekpoti aug nepr\u0101t\u012bgi.","robots":{"index":"index","follow":"follow","max-snippet":"max-snippet:-1","max-image-preview":"max-image-preview:large","max-video-preview":"max-video-preview:-1"},"canonical":"https:\/\/lottomat.com\/lv\/informacija\/mega-millions\/","og_locale":"lv_LV","og_type":"article","og_title":"Mega Millions balvas un d\u017eekpots [5\/70 + 1\/25] - LottoMat","og_description":"Jums ir iesp\u0113ja laim\u0113t Mega Millions balvas un d\u017eekpotu. Mega Millions ir neticama loterija, kur\u0101 d\u017eekpoti aug nepr\u0101t\u012bgi.","og_url":"https:\/\/lottomat.com\/lv\/informacija\/mega-millions\/","og_site_name":"Lottomat","article_modified_time":"2026-02-26T20:34:04+00:00","og_image":[{"width":400,"height":400,"url":"https:\/\/lottomat.com\/wp-content\/uploads\/2025\/10\/prizes-and-jackpot.webp","type":"image\/webp"}],"twitter_card":"summary_large_image","twitter_misc":{"Est. reading time":"6 minutes"},"schema":{"@context":"https:\/\/schema.org","@graph":[{"@type":"WebPage","@id":"https:\/\/lottomat.com\/lv\/informacija\/mega-millions\/","url":"https:\/\/lottomat.com\/lv\/informacija\/mega-millions\/","name":"Mega Millions balvas un d\u017eekpots [5\/70 + 1\/25] - LottoMat","isPartOf":{"@id":"https:\/\/lottomat.com\/lv\/#website"},"primaryImageOfPage":{"@id":"https:\/\/lottomat.com\/lv\/informacija\/mega-millions\/#primaryimage"},"image":{"@id":"https:\/\/lottomat.com\/lv\/informacija\/mega-millions\/#primaryimage"},"thumbnailUrl":"https:\/\/lottomat.com\/wp-content\/uploads\/2025\/10\/prizes-and-jackpot.webp","datePublished":"2025-03-26T13:41:46+00:00","dateModified":"2026-02-26T20:34:04+00:00","description":"Jums ir iesp\u0113ja laim\u0113t Mega Millions balvas un d\u017eekpotu. Mega Millions ir neticama loterija, kur\u0101 d\u017eekpoti aug nepr\u0101t\u012bgi.","breadcrumb":{"@id":"https:\/\/lottomat.com\/lv\/informacija\/mega-millions\/#breadcrumb"},"inLanguage":"lv-LV","potentialAction":[{"@type":"ReadAction","target":["https:\/\/lottomat.com\/lv\/informacija\/mega-millions\/"]}]},{"@type":"ImageObject","inLanguage":"lv-LV","@id":"https:\/\/lottomat.com\/lv\/informacija\/mega-millions\/#primaryimage","url":"https:\/\/lottomat.com\/wp-content\/uploads\/2025\/10\/prizes-and-jackpot.webp","contentUrl":"https:\/\/lottomat.com\/wp-content\/uploads\/2025\/10\/prizes-and-jackpot.webp"},{"@type":"BreadcrumbList","@id":"https:\/\/lottomat.com\/lv\/informacija\/mega-millions\/#breadcrumb","itemListElement":[{"@type":"ListItem","position":1,"name":"Home","item":"https:\/\/lottomat.com\/lv\/"},{"@type":"ListItem","position":2,"name":"Loterijas noteikumi: Laimesti, D\u017eekpots un Izredzes","item":"https:\/\/lottomat.com\/lv\/informacija\/"},{"@type":"ListItem","position":3,"name":"Mega Millions Laimesti, Noteikumi un D\u017eekpots"}]},{"@type":"WebSite","@id":"https:\/\/lottomat.com\/lv\/#website","url":"https:\/\/lottomat.com\/lv\/","name":"Lottomat","description":"","potentialAction":[{"@type":"SearchAction","target":{"@type":"EntryPoint","urlTemplate":"https:\/\/lottomat.com\/lv\/?s={search_term_string}"},"query-input":{"@type":"PropertyValueSpecification","valueRequired":true,"valueName":"search_term_string"}}],"inLanguage":"lv-LV"}]}},"_links":{"self":[{"href":"https:\/\/lottomat.com\/lv\/wp-json\/wp\/v2\/pages\/10152","targetHints":{"allow":["GET"]}}],"collection":[{"href":"https:\/\/lottomat.com\/lv\/wp-json\/wp\/v2\/pages"}],"about":[{"href":"https:\/\/lottomat.com\/lv\/wp-json\/wp\/v2\/types\/page"}],"author":[{"embeddable":true,"href":"https:\/\/lottomat.com\/lv\/wp-json\/wp\/v2\/users\/2"}],"replies":[{"embeddable":true,"href":"https:\/\/lottomat.com\/lv\/wp-json\/wp\/v2\/comments?post=10152"}],"version-history":[{"count":3,"href":"https:\/\/lottomat.com\/lv\/wp-json\/wp\/v2\/pages\/10152\/revisions"}],"predecessor-version":[{"id":272051,"href":"https:\/\/lottomat.com\/lv\/wp-json\/wp\/v2\/pages\/10152\/revisions\/272051"}],"up":[{"embeddable":true,"href":"https:\/\/lottomat.com\/lv\/wp-json\/wp\/v2\/pages\/6891"}],"wp:attachment":[{"href":"https:\/\/lottomat.com\/lv\/wp-json\/wp\/v2\/media?parent=10152"}],"curies":[{"name":"wp","href":"https:\/\/api.w.org\/{rel}","templated":true}]}}