{"id":9224,"date":"2025-03-26T08:35:10","date_gmt":"2025-03-26T08:35:10","guid":{"rendered":"https:\/\/lottomat.net\/zaisti-loterijos\/zaisti-superenalotto-internete\/"},"modified":"2026-03-11T13:10:57","modified_gmt":"2026-03-11T13:10:57","slug":"superenalotto","status":"publish","type":"page","link":"https:\/\/lottomat.com\/lt\/zaisti\/superenalotto\/","title":{"rendered":"SuperEnalotto internetu &#8211; SuperEnalotto bilietai"},"content":{"rendered":"\n\n<div class=\"kk-star-ratings kksr-auto kksr-align-left kksr-valign-top\"\n    data-payload='{&quot;align&quot;:&quot;left&quot;,&quot;id&quot;:&quot;9224&quot;,&quot;slug&quot;:&quot;default&quot;,&quot;valign&quot;:&quot;top&quot;,&quot;ignore&quot;:&quot;&quot;,&quot;reference&quot;:&quot;auto&quot;,&quot;class&quot;:&quot;&quot;,&quot;count&quot;:&quot;0&quot;,&quot;legendonly&quot;:&quot;&quot;,&quot;readonly&quot;:&quot;&quot;,&quot;score&quot;:&quot;0&quot;,&quot;starsonly&quot;:&quot;&quot;,&quot;best&quot;:&quot;5&quot;,&quot;gap&quot;:&quot;5&quot;,&quot;greet&quot;:&quot;Rate this page&quot;,&quot;legend&quot;:&quot;0\\\/5 - (0 votes)&quot;,&quot;size&quot;:&quot;30&quot;,&quot;title&quot;:&quot;SuperEnalotto internetu - SuperEnalotto bilietai&quot;,&quot;width&quot;:&quot;0&quot;,&quot;_legend&quot;:&quot;{score}\\\/{best} - ({count} {votes})&quot;,&quot;font_factor&quot;:&quot;1.25&quot;}'>\n            \n<div class=\"kksr-stars\">\n    \n<div class=\"kksr-stars-inactive\">\n            <div class=\"kksr-star\" data-star=\"1\" style=\"padding-right: 5px\">\n            \n\n<div class=\"kksr-icon\" style=\"width: 30px; height: 30px;\"><\/div>\n        <\/div>\n            <div class=\"kksr-star\" data-star=\"2\" style=\"padding-right: 5px\">\n            \n\n<div class=\"kksr-icon\" style=\"width: 30px; height: 30px;\"><\/div>\n        <\/div>\n            <div class=\"kksr-star\" data-star=\"3\" style=\"padding-right: 5px\">\n            \n\n<div class=\"kksr-icon\" style=\"width: 30px; height: 30px;\"><\/div>\n        <\/div>\n            <div class=\"kksr-star\" data-star=\"4\" style=\"padding-right: 5px\">\n            \n\n<div class=\"kksr-icon\" style=\"width: 30px; height: 30px;\"><\/div>\n        <\/div>\n            <div class=\"kksr-star\" data-star=\"5\" style=\"padding-right: 5px\">\n            \n\n<div class=\"kksr-icon\" style=\"width: 30px; height: 30px;\"><\/div>\n        <\/div>\n    <\/div>\n    \n<div class=\"kksr-stars-active\" style=\"width: 0px;\">\n            <div class=\"kksr-star\" style=\"padding-right: 5px\">\n            \n\n<div class=\"kksr-icon\" style=\"width: 30px; height: 30px;\"><\/div>\n        <\/div>\n            <div class=\"kksr-star\" style=\"padding-right: 5px\">\n            \n\n<div class=\"kksr-icon\" style=\"width: 30px; height: 30px;\"><\/div>\n        <\/div>\n            <div class=\"kksr-star\" style=\"padding-right: 5px\">\n            \n\n<div class=\"kksr-icon\" style=\"width: 30px; height: 30px;\"><\/div>\n        <\/div>\n            <div class=\"kksr-star\" style=\"padding-right: 5px\">\n            \n\n<div class=\"kksr-icon\" style=\"width: 30px; height: 30px;\"><\/div>\n        <\/div>\n            <div class=\"kksr-star\" style=\"padding-right: 5px\">\n            \n\n<div class=\"kksr-icon\" style=\"width: 30px; height: 30px;\"><\/div>\n        <\/div>\n    <\/div>\n<\/div>\n                \n\n<div class=\"kksr-legend\" style=\"font-size: 24px;\">\n            <span class=\"kksr-muted\">Rate this page<\/span>\n    <\/div>\n    <\/div>\n<h2><img loading=\"lazy\" decoding=\"async\" class=\"alignleft wp-image-252554\" src=\"https:\/\/lottomat.com\/wp-content\/uploads\/2025\/10\/Italian-lottery-online-300x300.webp\" alt=\"Italijos loterija internetu\" width=\"200\" height=\"200\" srcset=\"https:\/\/lottomat.com\/wp-content\/uploads\/2025\/10\/Italian-lottery-online-300x300.webp 300w, https:\/\/lottomat.com\/wp-content\/uploads\/2025\/10\/Italian-lottery-online-150x150.webp 150w, https:\/\/lottomat.com\/wp-content\/uploads\/2025\/10\/Italian-lottery-online-100x100.webp 100w, https:\/\/lottomat.com\/wp-content\/uploads\/2025\/10\/Italian-lottery-online.webp 400w\" sizes=\"auto, (max-width: 200px) 100vw, 200px\" \/>Kas yra SuperEnalotto?<\/h2>\n<p><strong>SuperEnalotto \u2013 tai populiariausias ir presti\u017ei\u0161kiausias loterijos \u017eaidimas Italijoje<\/strong>, gars\u0117jantis tuo, kad si\u016blo vienus did\u017eiausi\u0173 d\u017eekpot\u0173 Europos loterijos istorijoje. \u0160is ikoni\u0161kas Italijos loterijos \u017eaidimas nuo 1997 met\u0173 \u017eavi \u017eaid\u0117jus savo unikaliu formatu ir i\u0161skirtin\u0117mis laim\u0117jim\u0173 galimyb\u0117mis. <strong>SuperEnalotto traukimai vyksta tris kartus per savait\u0119<\/strong> \u2013 antradieniais, ketvirtadieniais ir \u0161e\u0161tadieniais \u2013 suteikiant \u017eaid\u0117jams daugyb\u0119 galimybi\u0173 laim\u0117ti gyvenim\u0105 kei\u010dian\u010dias sumas. \u0160i\u0105 Italijos loterij\u0105 i\u0161skiria tai, kad d\u017eekpotui n\u0117ra nustatyto vir\u0161utinio limito \u2013 prizai gali kauptis neribot\u0105 laik\u0105, kol kas nors laimi, da\u017enai pasiekdami astronominius skai\u010dius ir sulaukdami tarptautinio d\u0117mesio. Norite \u017eaisti SuperEnalotto internetu? Su\u017einokime daugiau!<\/p>\n<h2><img loading=\"lazy\" decoding=\"async\" class=\"alignright wp-image-252584\" src=\"https:\/\/lottomat.com\/wp-content\/uploads\/2025\/10\/play-SuperEnalotto-300x300.webp\" alt=\"\u017eaisti SuperEnalotto\" width=\"200\" height=\"200\" srcset=\"https:\/\/lottomat.com\/wp-content\/uploads\/2025\/10\/play-SuperEnalotto-300x300.webp 300w, https:\/\/lottomat.com\/wp-content\/uploads\/2025\/10\/play-SuperEnalotto-150x150.webp 150w, https:\/\/lottomat.com\/wp-content\/uploads\/2025\/10\/play-SuperEnalotto-100x100.webp 100w, https:\/\/lottomat.com\/wp-content\/uploads\/2025\/10\/play-SuperEnalotto.webp 400w\" sizes=\"auto, (max-width: 200px) 100vw, 200px\" \/>Kaip \u017eaisti SuperEnalotto internetu?<\/h2>\n<p><strong>\u017daisti SuperEnalotto internetu per Lottomat yra nepaprastai patogu ir prieinama i\u0161 bet kurios pasaulio vietos bei bet kuriuo metu<\/strong>. Procesas paprastas ir patogus naudotojui \u2013 tiesiog u\u017esiregistruokite <a href=\"https:\/\/lottomat.com\/lt\/\">Lottomat svetain\u0117je<\/a>, pasirinkite savo laiminguosius skai\u010dius ir \u012fsigykite bilietus internetu nei\u0161einant i\u0161 nam\u0173. <strong>Skai\u010dius galite rinktis rankiniu b\u016bdu pagal savo asmenin\u0119 strategij\u0105 arba pasinaudoti Greito pasirinkimo funkcija atsitiktiniam skai\u010di\u0173 parinkimui<\/strong>. Toks lankstumas leid\u017eia tiek strategi\u0161kai m\u0105stantiems \u017eaid\u0117jams, tiek tiems, kurie mieliau pasikliauja likimo valia, m\u0117gautis Italijos pirmaujan\u010dios loterijos jauduliu. \u017daidimas internetu panaikina geografines kli\u016btis, leid\u017eiant tarptautiniams \u017eaid\u0117jams dalyvauti viename \u012fdomiausi\u0173 Europos loterijos \u017eaidim\u0173.<\/p>\n<h2>Kaip \u012fsigyti SuperEnalotto bilietus internetu?<\/h2>\n<p><strong>Norint \u012fsigyti SuperEnalotto bilietus internetu, reikia naudoti pasirinkt\u0105 mok\u0117jimo metod\u0105 per saugi\u0105 Lottomat platform\u0105<\/strong>. Visi bilietai yra lengvai prieinami Lottomat svetain\u0117je, tod\u0117l niekada nepraleiskite n\u0117 vieno traukimo. <strong>Garantuojame j\u016bs\u0173 dalyvavimo autenti\u0161kum\u0105 \u2013 m\u016bs\u0173 licencijuoti agentai nuskaito originalius bilietus, \u012fsigytus tiesiogiai Italijoje<\/strong>. \u0160is procesas u\u017etikrina, kad j\u016bs\u0173 <a href=\"https:\/\/lottomat.com\/lt\/zaisti\/\">loterijos bilietai internetu<\/a> b\u016bt\u0173 pagr\u012fsti tikrais, fiziniais loterijos bilietais, \u012fsigytais i\u0161 \u012fgaliot\u0173 Italijos pardav\u0117j\u0173. Skaitmenin\u0117s j\u016bs\u0173 biliet\u0173 kopijos saugiai saugomos j\u016bs\u0173 paskyroje, u\u017etikrinant visi\u0161k\u0105 skaidrum\u0105 ir apsaug\u0105 j\u016bs\u0173 loterijos investicijoms. \u0160i sistema sujungia internetu \u017eaidimo patogum\u0105 su tradicinio biliet\u0173 \u012fsigijimo patikimumu.<\/p>\n<h2><img loading=\"lazy\" decoding=\"async\" class=\"wp-image-252614 alignleft\" src=\"https:\/\/lottomat.com\/wp-content\/uploads\/2025\/10\/SuperEnalotto-online-300x300.webp\" alt=\"SuperEnalotto internetu\" width=\"200\" height=\"200\" srcset=\"https:\/\/lottomat.com\/wp-content\/uploads\/2025\/10\/SuperEnalotto-online-300x300.webp 300w, https:\/\/lottomat.com\/wp-content\/uploads\/2025\/10\/SuperEnalotto-online-150x150.webp 150w, https:\/\/lottomat.com\/wp-content\/uploads\/2025\/10\/SuperEnalotto-online-100x100.webp 100w, https:\/\/lottomat.com\/wp-content\/uploads\/2025\/10\/SuperEnalotto-online.webp 400w\" sizes=\"auto, (max-width: 200px) 100vw, 200px\" \/>Ar galima \u012fsigyti kelis SuperEnalotto bilietus?<\/h2>\n<p><strong>Taip, vienu sandoriu \u012fsigydami kelis SuperEnalotto bilietus galite gerokai padidinti savo laim\u0117jimo tikimyb\u0119<\/strong>. Lottomat si\u016blo patogi\u0105 funkcij\u0105 \u201edaugiau eilu\u010di\u0173&#8221;, leid\u017eian\u010di\u0105 i\u0161 karto \u012fsigyti iki 20 SuperEnalotto biliet\u0173. \u0160i funkcija puikiai tinka \u017eaid\u0117jams, norintiems kuo labiau padidinti savo laim\u0117jimo galimybes, arba loterijos sindikato nariams, norintiems sujungti savo resursus. <strong>Keli\u0173 biliet\u0173 \u012fsigijimas ne tik pagerina j\u016bs\u0173 \u0161ansus, bet ir leid\u017eia patogiau tvarkyti savo loterijos dalyvavim\u0105<\/strong> vienu paprastu sandoriu.<\/p>\n<h2>Ar galima \u012fsigyti SuperEnalotto bilietus keliems traukimams?<\/h2>\n<p><strong>\u017dinoma! Lottomat leid\u017eia jums \u012fsigyti SuperEnalotto bilietus iki 8 i\u0161 eil\u0117s vyksian\u010di\u0173 traukim\u0173<\/strong>, tod\u0117l niekada nepraleiskite galimyb\u0117s laim\u0117ti. \u0160i i\u0161ankstinio pirkimo galimyb\u0117 idealiai tinka u\u017eimtiems \u017eaid\u0117jams, norintiems nuolatos dalyvauti neatsimindami kiekvien\u0105 kart\u0105 \u012fsigyti biliet\u0105 prie\u0161 traukim\u0105. <strong>\u017daidimas keliuose traukimuose tais pa\u010diais skai\u010diais gali b\u016bti ilgalaik\u0117s loterijos strategijos dalis<\/strong>, ir daugelis \u017eaid\u0117j\u0173 renkasi \u0161\u012f metod\u0105 d\u0117l jo patogumo ir nuoseklumo.<\/p>\n<h2>Kiek kainuoja SuperEnalotto bilietai internetu?<img loading=\"lazy\" decoding=\"async\" class=\"alignright wp-image-252644\" src=\"https:\/\/lottomat.com\/wp-content\/uploads\/2025\/10\/SuperEnalotto-tickets-300x300.webp\" alt=\"SuperEnalotto bilietai\" width=\"200\" height=\"200\" srcset=\"https:\/\/lottomat.com\/wp-content\/uploads\/2025\/10\/SuperEnalotto-tickets-300x300.webp 300w, https:\/\/lottomat.com\/wp-content\/uploads\/2025\/10\/SuperEnalotto-tickets-150x150.webp 150w, https:\/\/lottomat.com\/wp-content\/uploads\/2025\/10\/SuperEnalotto-tickets-100x100.webp 100w, https:\/\/lottomat.com\/wp-content\/uploads\/2025\/10\/SuperEnalotto-tickets.webp 400w\" sizes=\"auto, (max-width: 200px) 100vw, 200px\" \/><\/h2>\n<p><strong>Pasirink\u0119 norim\u0105 eilu\u010di\u0173 skai\u010di\u0173 Lottomat, m\u016bs\u0173 automatinis skai\u010diuotuvas i\u0161 karto apskai\u010diuos bendr\u0105 j\u016bs\u0173 SuperEnalotto biliet\u0173 kain\u0105<\/strong>. Kainos skaidrios ir ai\u0161kiai rodomos prie\u0161 u\u017ebaigiant pirkim\u0105, tod\u0117l n\u0117ra joki\u0173 pasl\u0117pt\u0173 mokes\u010di\u0173 ar netik\u0117tum\u0173. <strong>M\u016bs\u0173 kain\u0173 sistema atsi\u017evelgia \u012f eilu\u010di\u0173 skai\u010di\u0173, traukimus ir visas papildomai pasirinktas parinktis<\/strong>, pateikdama i\u0161sam\u0173 j\u016bs\u0173 loterijos investicij\u0173 suskirstym\u0105. \u0160i automatinio skai\u010diavimo funkcija leid\u017eia paprastai ir patogiai planuoti savo loterijos i\u0161laidas.<\/p>\n<h2>Kokie geriausi patarimai \u017eaid\u017eiant SuperEnalotto internetu?<\/h2>\n<p><strong>S\u0117kmingas SuperEnalotto \u017eaidimas derina strategij\u0105 su atsakingo \u017eaidimo principais<\/strong>. Apsvarstykite galimyb\u0119 naudoti da\u017enai traukiam\u0173 \u201ekar\u0161t\u0173&#8221; ir re\u010diau pasitaikan\u010di\u0173 \u201e\u0161alt\u0173&#8221; skai\u010di\u0173 derin\u012f, ta\u010diau atminkite, kad kiekvienas traukimas yra nepriklausomas ir atsitiktinis. <strong>Sisteminiai \u012fra\u0161ai gali padidinti j\u016bs\u0173 laim\u0117jimo \u0161ansus apr\u0117piant daugiau skai\u010di\u0173 kombinacij\u0173<\/strong>, o nuoseklus \u017eaidimas tais pa\u010diais skai\u010diais patinka daugeliui atsidavusi\u0173 \u017eaid\u0117j\u0173. Nustatykite sau priimtin\u0105 biud\u017eet\u0105 ir jo laikykit\u0117s, \u017ei\u016br\u0117dami \u012f loterijos \u017eaidim\u0105 kaip \u012f pramog\u0105, o ne investicin\u0119 strategij\u0105. <strong>Pasinaudokite keli\u0173 traukim\u0173 galimyb\u0117mis, kad i\u0161laikytum\u0117te nuoseklum\u0105<\/strong>, ir apsvarstykite galimyb\u0119 prisijungti prie sindikato arba j\u012f \u012fkurti, kad sujungtum\u0117te i\u0161teklius ir padidintum\u0117te grup\u0117s kolektyvines galimybes. Daugelis s\u0117kming\u0173 \u017eaid\u0117j\u0173 stebi <a href=\"https:\/\/lottomat.com\/lt\/rezultatai\/superenalotto\/\">SuperEnalotto traukim\u0173 rezultatus<\/a> ir d\u0117sningumus, nors svarbu nepamir\u0161ti, kad loterijos \u017eaidimai galiausiai grind\u017eiami atsitiktinumu. <strong>Svarbiausia \u2013 \u017eaisti atsakingai ir kuo labiau m\u0117gautis \u0161iuo \u012fdomiu Italijos loterijos \u017eaidimu<\/strong>.<\/p>\n<h2>Ar verta \u017eaisti SuperEnalotto internetu?<\/h2>\n<p><strong>\u017daidimas SuperEnalotto internetu suteikia i\u0161skirtin\u0119 vert\u0119 loterijos m\u0117g\u0117jams, siekiantiems did\u017eiausi\u0173 galim\u0173 d\u017eekpot\u0173 Europoje<\/strong>. \u017daidimo internetu patogumas kartu su SuperEnalotto neribotu d\u017eekpoto potencialu daro j\u012f patrauklia galimybe rimtiems loterijos \u017eaid\u0117jams. <strong>Galimyb\u0117 dalyvauti i\u0161 bet kurios pasaulio vietos ir bet kuriuo metu be geografini\u0173 apribojim\u0173 suteikia did\u017eiul\u0119 vert\u0119<\/strong>. Vykstant trims traukimams per savait\u0119 ir esant vienoms did\u017eiausi\u0173 priz\u0173 fond\u0173 loterijos istorijoje, SuperEnalotto suteikia daugiau galimybi\u0173 ir didesnes potencialias laim\u0117jim\u0173 sumas nei daugelis kit\u0173 Europos loterij\u0173. <strong>Prieinamumo, saugumo ir did\u017eiulio priz\u0173 potencialo derinys daro SuperEnalotto \u017eaidim\u0105 internetu vertingu pasirinkimu atsidavusiems loterijos \u017eaid\u0117jams<\/strong>. Skaitykite daugiau apie <a href=\"https:\/\/lottomat.com\/lt\/loterija\/superenalotto\/\">SuperEnalotto prizus ir d\u017eekpot\u0105<\/a> m\u016bs\u0173 svetain\u0117je.<\/p>\n<h2>Ar SuperEnalotto bilietai, \u012fsigyti internetu per Lottomat, yra saug\u016bs?<\/h2>\n<p><strong>Taip, SuperEnalotto bilietai, \u012fsigyti per Lottomat, yra visi\u0161kai saug\u016bs ir patikimi<\/strong>. Garantuojame saug\u0173 vis\u0173 j\u016bs\u0173 loterijos biliet\u0173 saugojim\u0105 ir valdym\u0105 naudodami pa\u017eangi\u0105 skaitmenin\u0119 sistem\u0105. <strong>Kiekvienas bilietas profesionaliai nuskanuojamas ir saugomas j\u016bs\u0173 asmenin\u0117je paskyroje<\/strong>, suteikiant nuolatin\u0119 prieig\u0105 prie j\u016bs\u0173 dalyvavimo \u012fra\u0161\u0173 ir pa\u0161alinant bet koki\u0105 fizini\u0173 biliet\u0173 praradimo ar sugadinimo rizik\u0105. M\u016bs\u0173 licencijuoti agentai \u012fsigyja originalius bilietus tiesiogiai i\u0161 \u012fgaliot\u0173 Italijos pardav\u0117j\u0173, u\u017etikrindami visi\u0161k\u0105 autenti\u0161kum\u0105 ir teis\u0117tum\u0105. <strong>Lottomat saugumo priemon\u0117s apima \u0161ifruotus sandorius, saug\u0173 duomen\u0173 saugojim\u0105 ir visi\u0161k\u0105 atitikt\u012f reglamentams<\/strong>, tod\u0117l galite b\u016bti ram\u016bs, kad j\u016bs\u0173 loterijos investicijos yra apsaugotos. J\u016bs\u0173 laim\u0117jimai garantuoti ir automati\u0161kai \u012fskaitomi \u012f j\u016bs\u0173 s\u0105skait\u0105, tod\u0117l visas procesas yra skaidrus ir patikimas.<\/p>\n","protected":false},"excerpt":{"rendered":"<p>Kas yra SuperEnalotto? SuperEnalotto \u2013 tai populiariausias ir presti\u017ei\u0161kiausias loterijos \u017eaidimas Italijoje, gars\u0117jantis tuo, kad si\u016blo vienus did\u017eiausi\u0173 d\u017eekpot\u0173 Europos loterijos istorijoje. \u0160is ikoni\u0161kas Italijos loterijos \u017eaidimas nuo 1997 met\u0173 \u017eavi \u017eaid\u0117jus savo unikaliu formatu ir i\u0161skirtin\u0117mis laim\u0117jim\u0173 galimyb\u0117mis. SuperEnalotto traukimai vyksta tris kartus per savait\u0119 \u2013 antradieniais, ketvirtadieniais ir \u0161e\u0161tadieniais \u2013 suteikiant \u017eaid\u0117jams daugyb\u0119 [&hellip;]<\/p>\n","protected":false},"author":1,"featured_media":0,"parent":6782,"menu_order":5,"comment_status":"closed","ping_status":"closed","template":"superenalotto.php","meta":{"_et_pb_use_builder":"","_et_pb_old_content":"","_et_gb_content_width":"","exclude_from_search":false,"footnotes":""},"class_list":["post-9224","page","type-page","status-publish","hentry"],"yoast_head":"<!-- This site is optimized with the Yoast SEO plugin v23.8 - https:\/\/yoast.com\/wordpress\/plugins\/seo\/ -->\n<title>SuperEnalotto internetu - SuperEnalotto bilietai - LottoMat<\/title>\n<meta name=\"description\" content=\"\u017daiskite itali\u0161ko SuperEnalotto loterijoje internetu ir laim\u0117kite nema\u017e\u0105 sum\u0105! \u012esigykite SuperEnalotto bilietus Lottomat ir dalyvaukite kitame Italijos loterijos traukime.\" \/>\n<meta name=\"robots\" content=\"index, follow, max-snippet:-1, max-image-preview:large, max-video-preview:-1\" \/>\n<link rel=\"canonical\" href=\"https:\/\/lottomat.com\/lt\/zaisti\/superenalotto\/\" \/>\n<meta property=\"og:locale\" content=\"lt_LT\" \/>\n<meta property=\"og:type\" content=\"article\" \/>\n<meta property=\"og:title\" content=\"SuperEnalotto internetu - SuperEnalotto bilietai - LottoMat\" \/>\n<meta property=\"og:description\" content=\"\u017daiskite itali\u0161ko SuperEnalotto loterijoje internetu ir laim\u0117kite nema\u017e\u0105 sum\u0105! \u012esigykite SuperEnalotto bilietus Lottomat ir dalyvaukite kitame Italijos loterijos traukime.\" \/>\n<meta property=\"og:url\" content=\"https:\/\/lottomat.com\/lt\/zaisti\/superenalotto\/\" \/>\n<meta property=\"og:site_name\" content=\"Lottomat\" \/>\n<meta property=\"article:modified_time\" content=\"2026-03-11T13:10:57+00:00\" \/>\n<meta property=\"og:image\" content=\"https:\/\/lottomat.com\/wp-content\/uploads\/2025\/10\/Italian-lottery-online.webp\" \/>\n\t<meta property=\"og:image:width\" content=\"400\" \/>\n\t<meta property=\"og:image:height\" content=\"400\" \/>\n\t<meta property=\"og:image:type\" content=\"image\/webp\" \/>\n<meta name=\"twitter:card\" content=\"summary_large_image\" \/>\n<meta name=\"twitter:label1\" content=\"Est. reading time\" \/>\n\t<meta name=\"twitter:data1\" content=\"5 minut\u0117s\" \/>\n<script type=\"application\/ld+json\" class=\"yoast-schema-graph\">{\"@context\":\"https:\/\/schema.org\",\"@graph\":[{\"@type\":\"WebPage\",\"@id\":\"https:\/\/lottomat.com\/lt\/zaisti\/superenalotto\/\",\"url\":\"https:\/\/lottomat.com\/lt\/zaisti\/superenalotto\/\",\"name\":\"SuperEnalotto internetu - SuperEnalotto bilietai - LottoMat\",\"isPartOf\":{\"@id\":\"https:\/\/lottomat.com\/lt\/#website\"},\"primaryImageOfPage\":{\"@id\":\"https:\/\/lottomat.com\/lt\/zaisti\/superenalotto\/#primaryimage\"},\"image\":{\"@id\":\"https:\/\/lottomat.com\/lt\/zaisti\/superenalotto\/#primaryimage\"},\"thumbnailUrl\":\"https:\/\/lottomat.com\/wp-content\/uploads\/2025\/10\/Italian-lottery-online-300x300.webp\",\"datePublished\":\"2025-03-26T08:35:10+00:00\",\"dateModified\":\"2026-03-11T13:10:57+00:00\",\"description\":\"\u017daiskite itali\u0161ko SuperEnalotto loterijoje internetu ir laim\u0117kite nema\u017e\u0105 sum\u0105! \u012esigykite SuperEnalotto bilietus Lottomat ir dalyvaukite kitame Italijos loterijos traukime.\",\"breadcrumb\":{\"@id\":\"https:\/\/lottomat.com\/lt\/zaisti\/superenalotto\/#breadcrumb\"},\"inLanguage\":\"lt-LT\",\"potentialAction\":[{\"@type\":\"ReadAction\",\"target\":[\"https:\/\/lottomat.com\/lt\/zaisti\/superenalotto\/\"]}]},{\"@type\":\"ImageObject\",\"inLanguage\":\"lt-LT\",\"@id\":\"https:\/\/lottomat.com\/lt\/zaisti\/superenalotto\/#primaryimage\",\"url\":\"https:\/\/lottomat.com\/wp-content\/uploads\/2025\/10\/Italian-lottery-online-300x300.webp\",\"contentUrl\":\"https:\/\/lottomat.com\/wp-content\/uploads\/2025\/10\/Italian-lottery-online-300x300.webp\"},{\"@type\":\"BreadcrumbList\",\"@id\":\"https:\/\/lottomat.com\/lt\/zaisti\/superenalotto\/#breadcrumb\",\"itemListElement\":[{\"@type\":\"ListItem\",\"position\":1,\"name\":\"Home\",\"item\":\"https:\/\/lottomat.com\/lt\/\"},{\"@type\":\"ListItem\",\"position\":2,\"name\":\"\u017daisti loterij\u0105\",\"item\":\"https:\/\/lottomat.com\/lt\/zaisti\/\"},{\"@type\":\"ListItem\",\"position\":3,\"name\":\"SuperEnalotto internetu &#8211; SuperEnalotto bilietai\"}]},{\"@type\":\"WebSite\",\"@id\":\"https:\/\/lottomat.com\/lt\/#website\",\"url\":\"https:\/\/lottomat.com\/lt\/\",\"name\":\"Lottomat\",\"description\":\"\",\"potentialAction\":[{\"@type\":\"SearchAction\",\"target\":{\"@type\":\"EntryPoint\",\"urlTemplate\":\"https:\/\/lottomat.com\/lt\/?s={search_term_string}\"},\"query-input\":{\"@type\":\"PropertyValueSpecification\",\"valueRequired\":true,\"valueName\":\"search_term_string\"}}],\"inLanguage\":\"lt-LT\"}]}<\/script>\n<!-- \/ Yoast SEO plugin. -->","yoast_head_json":{"title":"SuperEnalotto internetu - SuperEnalotto bilietai - LottoMat","description":"\u017daiskite itali\u0161ko SuperEnalotto loterijoje internetu ir laim\u0117kite nema\u017e\u0105 sum\u0105! \u012esigykite SuperEnalotto bilietus Lottomat ir dalyvaukite kitame Italijos loterijos traukime.","robots":{"index":"index","follow":"follow","max-snippet":"max-snippet:-1","max-image-preview":"max-image-preview:large","max-video-preview":"max-video-preview:-1"},"canonical":"https:\/\/lottomat.com\/lt\/zaisti\/superenalotto\/","og_locale":"lt_LT","og_type":"article","og_title":"SuperEnalotto internetu - SuperEnalotto bilietai - LottoMat","og_description":"\u017daiskite itali\u0161ko SuperEnalotto loterijoje internetu ir laim\u0117kite nema\u017e\u0105 sum\u0105! \u012esigykite SuperEnalotto bilietus Lottomat ir dalyvaukite kitame Italijos loterijos traukime.","og_url":"https:\/\/lottomat.com\/lt\/zaisti\/superenalotto\/","og_site_name":"Lottomat","article_modified_time":"2026-03-11T13:10:57+00:00","og_image":[{"width":400,"height":400,"url":"https:\/\/lottomat.com\/wp-content\/uploads\/2025\/10\/Italian-lottery-online.webp","type":"image\/webp"}],"twitter_card":"summary_large_image","twitter_misc":{"Est. reading time":"5 minut\u0117s"},"schema":{"@context":"https:\/\/schema.org","@graph":[{"@type":"WebPage","@id":"https:\/\/lottomat.com\/lt\/zaisti\/superenalotto\/","url":"https:\/\/lottomat.com\/lt\/zaisti\/superenalotto\/","name":"SuperEnalotto internetu - SuperEnalotto bilietai - LottoMat","isPartOf":{"@id":"https:\/\/lottomat.com\/lt\/#website"},"primaryImageOfPage":{"@id":"https:\/\/lottomat.com\/lt\/zaisti\/superenalotto\/#primaryimage"},"image":{"@id":"https:\/\/lottomat.com\/lt\/zaisti\/superenalotto\/#primaryimage"},"thumbnailUrl":"https:\/\/lottomat.com\/wp-content\/uploads\/2025\/10\/Italian-lottery-online-300x300.webp","datePublished":"2025-03-26T08:35:10+00:00","dateModified":"2026-03-11T13:10:57+00:00","description":"\u017daiskite itali\u0161ko SuperEnalotto loterijoje internetu ir laim\u0117kite nema\u017e\u0105 sum\u0105! \u012esigykite SuperEnalotto bilietus Lottomat ir dalyvaukite kitame Italijos loterijos traukime.","breadcrumb":{"@id":"https:\/\/lottomat.com\/lt\/zaisti\/superenalotto\/#breadcrumb"},"inLanguage":"lt-LT","potentialAction":[{"@type":"ReadAction","target":["https:\/\/lottomat.com\/lt\/zaisti\/superenalotto\/"]}]},{"@type":"ImageObject","inLanguage":"lt-LT","@id":"https:\/\/lottomat.com\/lt\/zaisti\/superenalotto\/#primaryimage","url":"https:\/\/lottomat.com\/wp-content\/uploads\/2025\/10\/Italian-lottery-online-300x300.webp","contentUrl":"https:\/\/lottomat.com\/wp-content\/uploads\/2025\/10\/Italian-lottery-online-300x300.webp"},{"@type":"BreadcrumbList","@id":"https:\/\/lottomat.com\/lt\/zaisti\/superenalotto\/#breadcrumb","itemListElement":[{"@type":"ListItem","position":1,"name":"Home","item":"https:\/\/lottomat.com\/lt\/"},{"@type":"ListItem","position":2,"name":"\u017daisti loterij\u0105","item":"https:\/\/lottomat.com\/lt\/zaisti\/"},{"@type":"ListItem","position":3,"name":"SuperEnalotto internetu &#8211; SuperEnalotto bilietai"}]},{"@type":"WebSite","@id":"https:\/\/lottomat.com\/lt\/#website","url":"https:\/\/lottomat.com\/lt\/","name":"Lottomat","description":"","potentialAction":[{"@type":"SearchAction","target":{"@type":"EntryPoint","urlTemplate":"https:\/\/lottomat.com\/lt\/?s={search_term_string}"},"query-input":{"@type":"PropertyValueSpecification","valueRequired":true,"valueName":"search_term_string"}}],"inLanguage":"lt-LT"}]}},"_links":{"self":[{"href":"https:\/\/lottomat.com\/lt\/wp-json\/wp\/v2\/pages\/9224","targetHints":{"allow":["GET"]}}],"collection":[{"href":"https:\/\/lottomat.com\/lt\/wp-json\/wp\/v2\/pages"}],"about":[{"href":"https:\/\/lottomat.com\/lt\/wp-json\/wp\/v2\/types\/page"}],"author":[{"embeddable":true,"href":"https:\/\/lottomat.com\/lt\/wp-json\/wp\/v2\/users\/1"}],"replies":[{"embeddable":true,"href":"https:\/\/lottomat.com\/lt\/wp-json\/wp\/v2\/comments?post=9224"}],"version-history":[{"count":3,"href":"https:\/\/lottomat.com\/lt\/wp-json\/wp\/v2\/pages\/9224\/revisions"}],"predecessor-version":[{"id":273257,"href":"https:\/\/lottomat.com\/lt\/wp-json\/wp\/v2\/pages\/9224\/revisions\/273257"}],"up":[{"embeddable":true,"href":"https:\/\/lottomat.com\/lt\/wp-json\/wp\/v2\/pages\/6782"}],"wp:attachment":[{"href":"https:\/\/lottomat.com\/lt\/wp-json\/wp\/v2\/media?parent=9224"}],"curies":[{"name":"wp","href":"https:\/\/api.w.org\/{rel}","templated":true}]}}