{"id":8640,"date":"2025-03-26T07:54:05","date_gmt":"2025-03-26T07:54:05","guid":{"rendered":"https:\/\/lottomat.net\/zaisti-loterijos\/zaisti-mega-millions-internete\/"},"modified":"2026-03-11T12:36:29","modified_gmt":"2026-03-11T12:36:29","slug":"mega-millions","status":"publish","type":"page","link":"https:\/\/lottomat.com\/lt\/zaisti\/mega-millions\/","title":{"rendered":"\u017daiskite Mega Millions internetu \u2013 Mega Millions bilietai"},"content":{"rendered":"\n\n<div class=\"kk-star-ratings kksr-auto kksr-align-left kksr-valign-top\"\n    data-payload='{&quot;align&quot;:&quot;left&quot;,&quot;id&quot;:&quot;8640&quot;,&quot;slug&quot;:&quot;default&quot;,&quot;valign&quot;:&quot;top&quot;,&quot;ignore&quot;:&quot;&quot;,&quot;reference&quot;:&quot;auto&quot;,&quot;class&quot;:&quot;&quot;,&quot;count&quot;:&quot;0&quot;,&quot;legendonly&quot;:&quot;&quot;,&quot;readonly&quot;:&quot;&quot;,&quot;score&quot;:&quot;0&quot;,&quot;starsonly&quot;:&quot;&quot;,&quot;best&quot;:&quot;5&quot;,&quot;gap&quot;:&quot;5&quot;,&quot;greet&quot;:&quot;Rate this page&quot;,&quot;legend&quot;:&quot;0\\\/5 - (0 votes)&quot;,&quot;size&quot;:&quot;30&quot;,&quot;title&quot;:&quot;\u017daiskite Mega Millions internetu \u2013 Mega Millions bilietai&quot;,&quot;width&quot;:&quot;0&quot;,&quot;_legend&quot;:&quot;{score}\\\/{best} - ({count} {votes})&quot;,&quot;font_factor&quot;:&quot;1.25&quot;}'>\n            \n<div class=\"kksr-stars\">\n    \n<div class=\"kksr-stars-inactive\">\n            <div class=\"kksr-star\" data-star=\"1\" style=\"padding-right: 5px\">\n            \n\n<div class=\"kksr-icon\" style=\"width: 30px; height: 30px;\"><\/div>\n        <\/div>\n            <div class=\"kksr-star\" data-star=\"2\" style=\"padding-right: 5px\">\n            \n\n<div class=\"kksr-icon\" style=\"width: 30px; height: 30px;\"><\/div>\n        <\/div>\n            <div class=\"kksr-star\" data-star=\"3\" style=\"padding-right: 5px\">\n            \n\n<div class=\"kksr-icon\" style=\"width: 30px; height: 30px;\"><\/div>\n        <\/div>\n            <div class=\"kksr-star\" data-star=\"4\" style=\"padding-right: 5px\">\n            \n\n<div class=\"kksr-icon\" style=\"width: 30px; height: 30px;\"><\/div>\n        <\/div>\n            <div class=\"kksr-star\" data-star=\"5\" style=\"padding-right: 5px\">\n            \n\n<div class=\"kksr-icon\" style=\"width: 30px; height: 30px;\"><\/div>\n        <\/div>\n    <\/div>\n    \n<div class=\"kksr-stars-active\" style=\"width: 0px;\">\n            <div class=\"kksr-star\" style=\"padding-right: 5px\">\n            \n\n<div class=\"kksr-icon\" style=\"width: 30px; height: 30px;\"><\/div>\n        <\/div>\n            <div class=\"kksr-star\" style=\"padding-right: 5px\">\n            \n\n<div class=\"kksr-icon\" style=\"width: 30px; height: 30px;\"><\/div>\n        <\/div>\n            <div class=\"kksr-star\" style=\"padding-right: 5px\">\n            \n\n<div class=\"kksr-icon\" style=\"width: 30px; height: 30px;\"><\/div>\n        <\/div>\n            <div class=\"kksr-star\" style=\"padding-right: 5px\">\n            \n\n<div class=\"kksr-icon\" style=\"width: 30px; height: 30px;\"><\/div>\n        <\/div>\n            <div class=\"kksr-star\" style=\"padding-right: 5px\">\n            \n\n<div class=\"kksr-icon\" style=\"width: 30px; height: 30px;\"><\/div>\n        <\/div>\n    <\/div>\n<\/div>\n                \n\n<div class=\"kksr-legend\" style=\"font-size: 24px;\">\n            <span class=\"kksr-muted\">Rate this page<\/span>\n    <\/div>\n    <\/div>\n<h2>Kaip veikia Mega Millions loterija?<\/h2>\n<p>Mega Millions internetin\u0117 loterija \u2013 tai paprastas skai\u010di\u0173 \u017eaidimas, kurio taisykl\u0117s lengvai \u012fsimenamos. Kiekvieno \u017eaid\u0117jo u\u017eduotis \u2013 pasirinkti penkis pagrindinius skai\u010dius nuo 1 iki 70 ir vien\u0105 \u201eMega Ball&#8221; \u2013 ypating\u0105 papildom\u0105 skai\u010di\u0173 nuo 1 iki 24. Pagrindin\u0117 premija skiriama laim\u0117tojui, kurio biliete yra visi \u0161e\u0161i i\u0161traukti skai\u010diai: penki pagrindiniai ir vienas papildomas. Verta pamin\u0117ti, kad <strong>Mega Millions loterija turi net devynias priz\u0173 pakopas<\/strong>, kuriose kiekvienas \u017eaid\u0117jas gali gauti pinigin\u012f priz\u0105. Be to, Mega Millions bilietas, kuriame teisingai atsp\u0117tas tik \u201eMega Ball&#8221;, taip pat laimi. Kaip min\u0117jome anks\u010diau, Mega Millions \u2013 tai loterija, suteikianti tikrai dideles galimybes laim\u0117ti milijonus doleri\u0173. Skaitykite <a href=\"https:\/\/lottomat.com\/lt\/loterija\/mega-millions\/\">daugiau apie Mega Millions taisykles<\/a> m\u016bs\u0173 svetain\u0117je ir su\u017einokite daugiau.<\/p>\n<h2><img loading=\"lazy\" decoding=\"async\" class=\"alignleft wp-image-251833\" src=\"https:\/\/lottomat.com\/wp-content\/uploads\/2025\/10\/play-Mega-Millions.webp\" alt=\"\u017eaisti Mega Millions\" width=\"200\" height=\"200\" srcset=\"https:\/\/lottomat.com\/wp-content\/uploads\/2025\/10\/play-Mega-Millions.webp 400w, https:\/\/lottomat.com\/wp-content\/uploads\/2025\/10\/play-Mega-Millions-300x300.webp 300w, https:\/\/lottomat.com\/wp-content\/uploads\/2025\/10\/play-Mega-Millions-150x150.webp 150w, https:\/\/lottomat.com\/wp-content\/uploads\/2025\/10\/play-Mega-Millions-100x100.webp 100w\" sizes=\"auto, (max-width: 200px) 100vw, 200px\" \/>Kiek galima laim\u0117ti \u017eaid\u017eiant Mega Millions internetu?<\/h2>\n<p>Teisingai atsp\u0117jus visus i\u0161trauktus skai\u010dius, garantuojamas pagrindinis prizas arba jo dalis, jei laim\u0117toj\u0173 yra daugiau nei vienas. Jei keli \u017eaid\u0117jai atsp\u0117s visus i\u0161trauktus loterijos skai\u010dius, pagrindinis piniginis prizas bus padalytas proporcingai visiems laim\u0117tojams. Jei atsp\u0117site penkis pagrindinius skai\u010dius, bet nepataikysite \u012f \u201eMega Ball&#8221;, gausite <strong>garantuot\u0105 1 000 000 USD priz\u0105<\/strong> (taip, jums nesivaidena \u2013 kalbame apie milijon\u0105 doleri\u0173 u\u017e penkis teisingai atsp\u0117tus skai\u010dius!). Mega Millions \u2013 tai loterija su da\u017enais d\u017eekpotais, kurie gali i\u0161augti iki ne\u012fsivaizduojam\u0173 sum\u0173, tod\u0117l \u0161ios loterijos laim\u0117tojai gauna labai dideles pajamas. Mega Millions si\u016blo \u017eaid\u0117jams dvi \u012fdomias galimybes. Deja, \u0161ios papildomos galimyb\u0117s \u2013 pigesnio bilieto tik d\u017eekpotui pirkimas ir ma\u017eesni\u0173 priz\u0173 pakopos laim\u0117jim\u0173 dauginimas \u2013 prieinamos tik tam tikr\u0173 JAV valstij\u0173 pilie\u010diams, ta\u010diau pagrindinis prizas ir \u017eemesn\u0117s jo pakopos yra prieinamos visiems kitiems \u017eaid\u0117jams.<\/p>\n<h2>Kiek kainuoja Mega Millions internetin\u0117s loterijos bilietas?<\/h2>\n<p>Nor\u0117dami su\u017einoti vieno bilieto ar didesnio kiekio kain\u0105, naudokit\u0117s \u201eLottoMat&#8221; svetaine ir pasirinkite laiman\u010di\u0173 skai\u010di\u0173 parinkt\u012f. U\u017epild\u017eius biliet\u0105, jo kaina bus rodoma po bilietais. <strong>Skai\u010diuotuvas automati\u0161kai apskai\u010diuos mok\u0117jimo sum\u0105<\/strong> pagal pasirinkt\u0173 Mega Millions internetini\u0173 biliet\u0173 skai\u010di\u0173. Bilieto kaina apima paties bilieto kain\u0105 bei visus taikytinus komisini\u0173 mokes\u010dius ir yra galutin\u0117. Jums nereikia niekuo kito r\u016bpintis \u2013 tiesiog laukite <a href=\"https:\/\/lottomat.com\/lt\/rezultatai\/mega-millions\/\">Mega Millions dabartinio traukimo rezultat\u0173<\/a>.<\/p>\n<h2>Kaip \u012fsigyti Mega Millions biliet\u0105 internetu?<img loading=\"lazy\" decoding=\"async\" class=\"alignright wp-image-251863\" src=\"https:\/\/lottomat.com\/wp-content\/uploads\/2025\/10\/Mega-Millions-tickets.webp\" alt=\"Mega Millions bilietai\" width=\"200\" height=\"200\" srcset=\"https:\/\/lottomat.com\/wp-content\/uploads\/2025\/10\/Mega-Millions-tickets.webp 400w, https:\/\/lottomat.com\/wp-content\/uploads\/2025\/10\/Mega-Millions-tickets-300x300.webp 300w, https:\/\/lottomat.com\/wp-content\/uploads\/2025\/10\/Mega-Millions-tickets-150x150.webp 150w, https:\/\/lottomat.com\/wp-content\/uploads\/2025\/10\/Mega-Millions-tickets-100x100.webp 100w\" sizes=\"auto, (max-width: 200px) 100vw, 200px\" \/><\/h2>\n<p>Dalyvauti Mega Millions priz\u0173 traukimuose neb\u016btina gyventi Jungtin\u0117se Valstijose, ta\u010diau <strong>vienintel\u0117 galimyb\u0117 \u2013 \u012fsigyti Mega Millions biliet\u0105 internetu<\/strong>. Stacionar\u016bs loterijos biurai yra tik JAV. Tereikia u\u017epildyti biliet\u0105 \u201eLottoMat&#8221; svetain\u0117je ir apmok\u0117ti (galima rinktis i\u0161 keli\u0173 patogi\u0173 mok\u0117jimo b\u016bd\u0173). Milijonai doleri\u0173 \u2013 pasiekiami nei\u0161einant i\u0161 nam\u0173, 24 valandas per par\u0105, 7 dienas per savait\u0119. \u0160iomis dienomis Mega Millions loterija internetu galima \u017eaisti patogiai \u012fsitaisius savo k\u0117d\u0117je. Internetin\u0117s loterijos \u0161iandien yra pagrindinis \u0161ios verslo srities pagrindas.<\/p>\n<h3>Traukim\u0173 grafikas ir rezultatai<\/h3>\n<p>J\u016bs\u0173 bilietas dalyvaus Amerikos loterijoje, o laim\u0117jus prizas bus i\u0161si\u0173stas visa suma arba dalimis, priklausomai nuo pasirinktos galimyb\u0117s. <strong>Traukimai vyksta tre\u010diadieniais ir \u0161e\u0161tadieniais<\/strong>, o <a href=\"https:\/\/lottomat.com\/lt\/rezultatai\/\">dabartinius loterijos traukim\u0173 rezultatus<\/a> galima rasti \u201eLottoMat&#8221; svetain\u0117je. Pasirinkite \u017eaidimo parinkt\u012f ir \u012fsitikinkite, kaip lengva pirkti loterijos biliet\u0105 internetu. Laim\u0117ti tereikia s\u0117km\u0117s!<\/p>\n<h2>Kaip \u017eaisti Mega Millions loterij\u0105 internetu?<\/h2>\n<p>M\u016bs\u0173 svetain\u0117s d\u0117ka jums nereikia vykti \u012f JAV, kad \u012fsigytum\u0117te Mega Millions loterijos biliet\u0105. Tereikia pasirinkti penkis pagrindinius skai\u010dius nuo 1 iki 70 ir vien\u0105 papildom\u0105 \u201eMega Ball&#8221; skai\u010di\u0173 nuo 1 iki 24. Taip pat galite naudoti atsitiktin\u0117s atrankos parinkt\u012f, kurioje skai\u010diai parenkami automati\u0161kai. Norint laim\u0117ti pagrindin\u012f priz\u0105, reikia teisingai atsp\u0117ti visus pasirod\u017eiusius skai\u010dius. Kuo ma\u017eiau skai\u010di\u0173 atsp\u0117site, tuo ma\u017eesnis bus j\u016bs\u0173 laim\u0117jimas. <strong>Pasirinkite penkis pagrindinius skai\u010dius nuo 1 iki 70 ir vien\u0105 unikal\u0173 skai\u010di\u0173 \u2013 \u201eMega Ball&#8221; \u2013 nuo 1 iki 24.<\/strong> Rinkit\u0117s savo skai\u010dius ir \u0161iandien \u017eaiskite d\u0117l milijon\u0173!<\/p>\n<h2><img loading=\"lazy\" decoding=\"async\" class=\"alignleft wp-image-251893\" src=\"https:\/\/lottomat.com\/wp-content\/uploads\/2025\/10\/buy-Mega-Millions-tickets.webp\" alt=\"pirkti Mega Millions bilietus\" width=\"200\" height=\"200\" srcset=\"https:\/\/lottomat.com\/wp-content\/uploads\/2025\/10\/buy-Mega-Millions-tickets.webp 400w, https:\/\/lottomat.com\/wp-content\/uploads\/2025\/10\/buy-Mega-Millions-tickets-300x300.webp 300w, https:\/\/lottomat.com\/wp-content\/uploads\/2025\/10\/buy-Mega-Millions-tickets-150x150.webp 150w, https:\/\/lottomat.com\/wp-content\/uploads\/2025\/10\/buy-Mega-Millions-tickets-100x100.webp 100w\" sizes=\"auto, (max-width: 200px) 100vw, 200px\" \/>Geriausi patarimai, kaip \u017eaisti Mega Millions internetu ir laim\u0117ti?<\/h2>\n<p>Protingas \u017eaidimas \u2013 tai raktas \u012f maksimali\u0105 loterijos patirt\u012f efektyviai valdant biud\u017eet\u0105. \u0160tai kelios patikrintos strategijos, galin\u010dios padidinti j\u016bs\u0173 laim\u0117jimo galimybes.<\/p>\n<h3>Grupinio \u017eaidimo strategija<\/h3>\n<p>Kaip galima i\u0161vengti dideli\u0173 i\u0161laid\u0173 \u017eaidimui ir kartu dalyvauti loterijoje su nema\u017eu skai\u010diumi biliet\u0173? Atsakymas paprastas \u2013 <strong>\u017eaiskite tik tada, kai vyksta perk\u0117limas, ir pakvieskite \u017eaisti draugus ar \u0161eim\u0105<\/strong>. Tai geriausias b\u016bdas laim\u0117ti \u2013 Mega Millions biliet\u0173 i\u0161laidas pasidalijant tarp \u0161eimos \u017eaidimo dalyvi\u0173. Atminkite, kad laim\u0117jimo galimyb\u0117s auga kartu su \u012fsigyjam\u0173 biliet\u0173 skai\u010diumi.<\/p>\n<h3>Skai\u010di\u0173 pasirinkimo metodai<\/h3>\n<p>Skai\u010di\u0173 pasirinkimo b\u016bdas priklauso tik nuo j\u016bs\u0173. Galite naudoti atsitiktin\u0117s atrankos parinkt\u012f ir u\u017epildyti Mega Millions biliet\u0105 atsitiktiniais skai\u010diais arba rinktis savo laiminguosius skai\u010dius. Jei norite \u2013 taip pat galite per\u017ei\u016br\u0117ti ankstesni\u0173 loterijos traukim\u0173 rezultatus, kad nustatytum\u0117te da\u017eniausiai ir re\u010diausiai i\u0161traukiamus Mega Millions skai\u010dius bei sukurtum\u0117te savo skai\u010di\u0173 \u017eaidimo strategij\u0105. J\u016bs <a href=\"https:\/\/lottomat.com\/lt\/zaisti\/\">perkate loterijos biliet\u0105<\/a>, o mes linkime jums s\u0117km\u0117s!<\/p>\n<h2>Ar galima pirkti daugiau Mega Millions biliet\u0173 internetu?<\/h2>\n<p>Taip, pasinaudokite <strong>\u201eDaugiau eilu\u010di\u0173&#8221; parinktimi ir pasirinkite tiek eilu\u010di\u0173, kiek jums reikia<\/strong>. \u0160i funkcija leid\u017eia padidinti laim\u0117jimo galimybes perkant kelis bilietus vienos operacijos metu. Kuo daugiau eilu\u010di\u0173 \u017eaid\u017eiate, tuo didesn\u0117 tikimyb\u0117 pataikyti \u012f laiman\u010di\u0105 kombinacij\u0105.<\/p>\n<h2>Ar galima pirkti Mega Millions bilietus internetu keliems traukimams?<img loading=\"lazy\" decoding=\"async\" class=\"alignright wp-image-251923\" src=\"https:\/\/lottomat.com\/wp-content\/uploads\/2025\/10\/Mega-Millions-online.webp\" alt=\"Mega Millions internetu\" width=\"200\" height=\"200\" srcset=\"https:\/\/lottomat.com\/wp-content\/uploads\/2025\/10\/Mega-Millions-online.webp 400w, https:\/\/lottomat.com\/wp-content\/uploads\/2025\/10\/Mega-Millions-online-300x300.webp 300w, https:\/\/lottomat.com\/wp-content\/uploads\/2025\/10\/Mega-Millions-online-150x150.webp 150w, https:\/\/lottomat.com\/wp-content\/uploads\/2025\/10\/Mega-Millions-online-100x100.webp 100w\" sizes=\"auto, (max-width: 200px) 100vw, 200px\" \/><\/h2>\n<p>Taip, \u201eLottoMat&#8221; svetain\u0117je galite <strong>pirkti bilietus iki 8 traukim\u0173 i\u0161 anksto<\/strong>. \u0160i patogi funkcija rei\u0161kia, kad nereikia prisiminti pirkti biliet\u0173 prie\u0161 kiekvien\u0105 traukim\u0105 atskirai. Galite vien\u0105 kart\u0105 nustatyti savo skai\u010dius ir leisti jiems automati\u0161kai dalyvauti vienas po kito vykstan\u010diuose traukimuose. \u0160i i\u0161ankstinio pirkimo galimyb\u0117 puikiai tinka \u017eaid\u0117jams, turintiems m\u0117gstamus skai\u010dius ir norintiems u\u017etikrinti, kad nepraleist\u0173 n\u0117 vieno traukimo.<\/p>\n<h2>Ar saugu \u017eaisti Mega Millions internetu?<\/h2>\n<p>\u017daidimas \u201eLottoMat&#8221; svetain\u0117je yra <strong>visi\u0161kai saugus ir patikimas<\/strong>. Mes nuskaitome visus bilietus ir labai r\u016bpinam\u0117s savo klientais, u\u017etikrindami, kad j\u016bs\u0173 asmenin\u0117 ir finansin\u0117 informacija b\u016bt\u0173 apsaugota auk\u0161\u010diausiais saugumo standartais. M\u016bs\u0173 platforma naudoja pa\u017eangi\u0105 \u0161ifravimo technologij\u0105, saugan\u010di\u0105 visas operacijas ir biliet\u0173 pirkimus. Ta\u010diau svarbu prisiminti, kad <strong>Mega Millions \u017eaidimas tur\u0117t\u0173 b\u016bti traktuojamas kaip pramoga ir linksmyb\u0117<\/strong>. Niekada nerizikuokite pinigais, kuri\u0173 negalite sau leisti prarasti. Visada \u017eaiskite atsakingai ir pagal savo galimybes, traktuodami loterijos bilietus kaip pramogos form\u0105, o ne investavimo strategij\u0105.<\/p>\n","protected":false},"excerpt":{"rendered":"<p>Kaip veikia Mega Millions loterija? Mega Millions internetin\u0117 loterija \u2013 tai paprastas skai\u010di\u0173 \u017eaidimas, kurio taisykl\u0117s lengvai \u012fsimenamos. Kiekvieno \u017eaid\u0117jo u\u017eduotis \u2013 pasirinkti penkis pagrindinius skai\u010dius nuo 1 iki 70 ir vien\u0105 \u201eMega Ball&#8221; \u2013 ypating\u0105 papildom\u0105 skai\u010di\u0173 nuo 1 iki 24. Pagrindin\u0117 premija skiriama laim\u0117tojui, kurio biliete yra visi \u0161e\u0161i i\u0161traukti skai\u010diai: penki pagrindiniai [&hellip;]<\/p>\n","protected":false},"author":1,"featured_media":0,"parent":6782,"menu_order":2,"comment_status":"closed","ping_status":"closed","template":"megamillion.php","meta":{"_et_pb_use_builder":"","_et_pb_old_content":"","_et_gb_content_width":"","exclude_from_search":false,"footnotes":""},"class_list":["post-8640","page","type-page","status-publish","hentry"],"yoast_head":"<!-- This site is optimized with the Yoast SEO plugin v23.8 - https:\/\/yoast.com\/wordpress\/plugins\/seo\/ -->\n<title>Mega Millions loterijos bilietai \u2013 \u017daiskite Mega Millions \u2013 Lottomat<\/title>\n<meta name=\"description\" content=\"\u017daiskite Mega Millions internetin\u0119 loterij\u0105 \u201eLottomat&quot; ir laim\u0117kite milijonus! Pirkite Mega Millions bilietus internetu jau \u0161iandien \u2013 prisijunkite prie \u017eaidimo!\" \/>\n<meta name=\"robots\" content=\"index, follow, max-snippet:-1, max-image-preview:large, max-video-preview:-1\" \/>\n<link rel=\"canonical\" href=\"https:\/\/lottomat.com\/lt\/zaisti\/mega-millions\/\" \/>\n<meta property=\"og:locale\" content=\"lt_LT\" \/>\n<meta property=\"og:type\" content=\"article\" \/>\n<meta property=\"og:title\" content=\"Mega Millions loterijos bilietai \u2013 \u017daiskite Mega Millions \u2013 Lottomat\" \/>\n<meta property=\"og:description\" content=\"\u017daiskite Mega Millions internetin\u0119 loterij\u0105 \u201eLottomat&quot; ir laim\u0117kite milijonus! Pirkite Mega Millions bilietus internetu jau \u0161iandien \u2013 prisijunkite prie \u017eaidimo!\" \/>\n<meta property=\"og:url\" content=\"https:\/\/lottomat.com\/lt\/zaisti\/mega-millions\/\" \/>\n<meta property=\"og:site_name\" content=\"Lottomat\" \/>\n<meta property=\"article:modified_time\" content=\"2026-03-11T12:36:29+00:00\" \/>\n<meta property=\"og:image\" content=\"https:\/\/lottomat.com\/wp-content\/uploads\/2025\/10\/play-Mega-Millions.webp\" \/>\n\t<meta property=\"og:image:width\" content=\"400\" \/>\n\t<meta property=\"og:image:height\" content=\"400\" \/>\n\t<meta property=\"og:image:type\" content=\"image\/webp\" \/>\n<meta name=\"twitter:card\" content=\"summary_large_image\" \/>\n<meta name=\"twitter:label1\" content=\"Est. reading time\" \/>\n\t<meta name=\"twitter:data1\" content=\"5 minut\u0117s\" \/>\n<script type=\"application\/ld+json\" class=\"yoast-schema-graph\">{\"@context\":\"https:\/\/schema.org\",\"@graph\":[{\"@type\":\"WebPage\",\"@id\":\"https:\/\/lottomat.com\/lt\/zaisti\/mega-millions\/\",\"url\":\"https:\/\/lottomat.com\/lt\/zaisti\/mega-millions\/\",\"name\":\"Mega Millions loterijos bilietai \u2013 \u017daiskite Mega Millions \u2013 Lottomat\",\"isPartOf\":{\"@id\":\"https:\/\/lottomat.com\/lt\/#website\"},\"primaryImageOfPage\":{\"@id\":\"https:\/\/lottomat.com\/lt\/zaisti\/mega-millions\/#primaryimage\"},\"image\":{\"@id\":\"https:\/\/lottomat.com\/lt\/zaisti\/mega-millions\/#primaryimage\"},\"thumbnailUrl\":\"https:\/\/lottomat.com\/wp-content\/uploads\/2025\/10\/play-Mega-Millions.webp\",\"datePublished\":\"2025-03-26T07:54:05+00:00\",\"dateModified\":\"2026-03-11T12:36:29+00:00\",\"description\":\"\u017daiskite Mega Millions internetin\u0119 loterij\u0105 \u201eLottomat\\\" ir laim\u0117kite milijonus! Pirkite Mega Millions bilietus internetu jau \u0161iandien \u2013 prisijunkite prie \u017eaidimo!\",\"breadcrumb\":{\"@id\":\"https:\/\/lottomat.com\/lt\/zaisti\/mega-millions\/#breadcrumb\"},\"inLanguage\":\"lt-LT\",\"potentialAction\":[{\"@type\":\"ReadAction\",\"target\":[\"https:\/\/lottomat.com\/lt\/zaisti\/mega-millions\/\"]}]},{\"@type\":\"ImageObject\",\"inLanguage\":\"lt-LT\",\"@id\":\"https:\/\/lottomat.com\/lt\/zaisti\/mega-millions\/#primaryimage\",\"url\":\"https:\/\/lottomat.com\/wp-content\/uploads\/2025\/10\/play-Mega-Millions.webp\",\"contentUrl\":\"https:\/\/lottomat.com\/wp-content\/uploads\/2025\/10\/play-Mega-Millions.webp\"},{\"@type\":\"BreadcrumbList\",\"@id\":\"https:\/\/lottomat.com\/lt\/zaisti\/mega-millions\/#breadcrumb\",\"itemListElement\":[{\"@type\":\"ListItem\",\"position\":1,\"name\":\"Home\",\"item\":\"https:\/\/lottomat.com\/lt\/\"},{\"@type\":\"ListItem\",\"position\":2,\"name\":\"\u017daisti loterij\u0105\",\"item\":\"https:\/\/lottomat.com\/lt\/zaisti\/\"},{\"@type\":\"ListItem\",\"position\":3,\"name\":\"\u017daiskite Mega Millions internetu \u2013 Mega Millions bilietai\"}]},{\"@type\":\"WebSite\",\"@id\":\"https:\/\/lottomat.com\/lt\/#website\",\"url\":\"https:\/\/lottomat.com\/lt\/\",\"name\":\"Lottomat\",\"description\":\"\",\"potentialAction\":[{\"@type\":\"SearchAction\",\"target\":{\"@type\":\"EntryPoint\",\"urlTemplate\":\"https:\/\/lottomat.com\/lt\/?s={search_term_string}\"},\"query-input\":{\"@type\":\"PropertyValueSpecification\",\"valueRequired\":true,\"valueName\":\"search_term_string\"}}],\"inLanguage\":\"lt-LT\"}]}<\/script>\n<!-- \/ Yoast SEO plugin. -->","yoast_head_json":{"title":"Mega Millions loterijos bilietai \u2013 \u017daiskite Mega Millions \u2013 Lottomat","description":"\u017daiskite Mega Millions internetin\u0119 loterij\u0105 \u201eLottomat\" ir laim\u0117kite milijonus! Pirkite Mega Millions bilietus internetu jau \u0161iandien \u2013 prisijunkite prie \u017eaidimo!","robots":{"index":"index","follow":"follow","max-snippet":"max-snippet:-1","max-image-preview":"max-image-preview:large","max-video-preview":"max-video-preview:-1"},"canonical":"https:\/\/lottomat.com\/lt\/zaisti\/mega-millions\/","og_locale":"lt_LT","og_type":"article","og_title":"Mega Millions loterijos bilietai \u2013 \u017daiskite Mega Millions \u2013 Lottomat","og_description":"\u017daiskite Mega Millions internetin\u0119 loterij\u0105 \u201eLottomat\" ir laim\u0117kite milijonus! Pirkite Mega Millions bilietus internetu jau \u0161iandien \u2013 prisijunkite prie \u017eaidimo!","og_url":"https:\/\/lottomat.com\/lt\/zaisti\/mega-millions\/","og_site_name":"Lottomat","article_modified_time":"2026-03-11T12:36:29+00:00","og_image":[{"width":400,"height":400,"url":"https:\/\/lottomat.com\/wp-content\/uploads\/2025\/10\/play-Mega-Millions.webp","type":"image\/webp"}],"twitter_card":"summary_large_image","twitter_misc":{"Est. reading time":"5 minut\u0117s"},"schema":{"@context":"https:\/\/schema.org","@graph":[{"@type":"WebPage","@id":"https:\/\/lottomat.com\/lt\/zaisti\/mega-millions\/","url":"https:\/\/lottomat.com\/lt\/zaisti\/mega-millions\/","name":"Mega Millions loterijos bilietai \u2013 \u017daiskite Mega Millions \u2013 Lottomat","isPartOf":{"@id":"https:\/\/lottomat.com\/lt\/#website"},"primaryImageOfPage":{"@id":"https:\/\/lottomat.com\/lt\/zaisti\/mega-millions\/#primaryimage"},"image":{"@id":"https:\/\/lottomat.com\/lt\/zaisti\/mega-millions\/#primaryimage"},"thumbnailUrl":"https:\/\/lottomat.com\/wp-content\/uploads\/2025\/10\/play-Mega-Millions.webp","datePublished":"2025-03-26T07:54:05+00:00","dateModified":"2026-03-11T12:36:29+00:00","description":"\u017daiskite Mega Millions internetin\u0119 loterij\u0105 \u201eLottomat\" ir laim\u0117kite milijonus! Pirkite Mega Millions bilietus internetu jau \u0161iandien \u2013 prisijunkite prie \u017eaidimo!","breadcrumb":{"@id":"https:\/\/lottomat.com\/lt\/zaisti\/mega-millions\/#breadcrumb"},"inLanguage":"lt-LT","potentialAction":[{"@type":"ReadAction","target":["https:\/\/lottomat.com\/lt\/zaisti\/mega-millions\/"]}]},{"@type":"ImageObject","inLanguage":"lt-LT","@id":"https:\/\/lottomat.com\/lt\/zaisti\/mega-millions\/#primaryimage","url":"https:\/\/lottomat.com\/wp-content\/uploads\/2025\/10\/play-Mega-Millions.webp","contentUrl":"https:\/\/lottomat.com\/wp-content\/uploads\/2025\/10\/play-Mega-Millions.webp"},{"@type":"BreadcrumbList","@id":"https:\/\/lottomat.com\/lt\/zaisti\/mega-millions\/#breadcrumb","itemListElement":[{"@type":"ListItem","position":1,"name":"Home","item":"https:\/\/lottomat.com\/lt\/"},{"@type":"ListItem","position":2,"name":"\u017daisti loterij\u0105","item":"https:\/\/lottomat.com\/lt\/zaisti\/"},{"@type":"ListItem","position":3,"name":"\u017daiskite Mega Millions internetu \u2013 Mega Millions bilietai"}]},{"@type":"WebSite","@id":"https:\/\/lottomat.com\/lt\/#website","url":"https:\/\/lottomat.com\/lt\/","name":"Lottomat","description":"","potentialAction":[{"@type":"SearchAction","target":{"@type":"EntryPoint","urlTemplate":"https:\/\/lottomat.com\/lt\/?s={search_term_string}"},"query-input":{"@type":"PropertyValueSpecification","valueRequired":true,"valueName":"search_term_string"}}],"inLanguage":"lt-LT"}]}},"_links":{"self":[{"href":"https:\/\/lottomat.com\/lt\/wp-json\/wp\/v2\/pages\/8640","targetHints":{"allow":["GET"]}}],"collection":[{"href":"https:\/\/lottomat.com\/lt\/wp-json\/wp\/v2\/pages"}],"about":[{"href":"https:\/\/lottomat.com\/lt\/wp-json\/wp\/v2\/types\/page"}],"author":[{"embeddable":true,"href":"https:\/\/lottomat.com\/lt\/wp-json\/wp\/v2\/users\/1"}],"replies":[{"embeddable":true,"href":"https:\/\/lottomat.com\/lt\/wp-json\/wp\/v2\/comments?post=8640"}],"version-history":[{"count":3,"href":"https:\/\/lottomat.com\/lt\/wp-json\/wp\/v2\/pages\/8640\/revisions"}],"predecessor-version":[{"id":273233,"href":"https:\/\/lottomat.com\/lt\/wp-json\/wp\/v2\/pages\/8640\/revisions\/273233"}],"up":[{"embeddable":true,"href":"https:\/\/lottomat.com\/lt\/wp-json\/wp\/v2\/pages\/6782"}],"wp:attachment":[{"href":"https:\/\/lottomat.com\/lt\/wp-json\/wp\/v2\/media?parent=8640"}],"curies":[{"name":"wp","href":"https:\/\/api.w.org\/{rel}","templated":true}]}}