{"id":8402,"date":"2025-03-26T07:52:23","date_gmt":"2025-03-26T07:52:23","guid":{"rendered":"https:\/\/lottomat.net\/zaisti-loterijos\/zaisti-powerball-internete\/"},"modified":"2026-03-11T12:47:33","modified_gmt":"2026-03-11T12:47:33","slug":"powerball","status":"publish","type":"page","link":"https:\/\/lottomat.com\/lt\/zaisti\/powerball\/","title":{"rendered":"\u017daiskite Powerball Internetu &#8211; Powerball Bilietai"},"content":{"rendered":"\n\n<div class=\"kk-star-ratings kksr-auto kksr-align-left kksr-valign-top\"\n    data-payload='{&quot;align&quot;:&quot;left&quot;,&quot;id&quot;:&quot;8402&quot;,&quot;slug&quot;:&quot;default&quot;,&quot;valign&quot;:&quot;top&quot;,&quot;ignore&quot;:&quot;&quot;,&quot;reference&quot;:&quot;auto&quot;,&quot;class&quot;:&quot;&quot;,&quot;count&quot;:&quot;0&quot;,&quot;legendonly&quot;:&quot;&quot;,&quot;readonly&quot;:&quot;&quot;,&quot;score&quot;:&quot;0&quot;,&quot;starsonly&quot;:&quot;&quot;,&quot;best&quot;:&quot;5&quot;,&quot;gap&quot;:&quot;5&quot;,&quot;greet&quot;:&quot;Rate this page&quot;,&quot;legend&quot;:&quot;0\\\/5 - (0 votes)&quot;,&quot;size&quot;:&quot;30&quot;,&quot;title&quot;:&quot;\u017daiskite Powerball Internetu - Powerball Bilietai&quot;,&quot;width&quot;:&quot;0&quot;,&quot;_legend&quot;:&quot;{score}\\\/{best} - ({count} {votes})&quot;,&quot;font_factor&quot;:&quot;1.25&quot;}'>\n            \n<div class=\"kksr-stars\">\n    \n<div class=\"kksr-stars-inactive\">\n            <div class=\"kksr-star\" data-star=\"1\" style=\"padding-right: 5px\">\n            \n\n<div class=\"kksr-icon\" style=\"width: 30px; height: 30px;\"><\/div>\n        <\/div>\n            <div class=\"kksr-star\" data-star=\"2\" style=\"padding-right: 5px\">\n            \n\n<div class=\"kksr-icon\" style=\"width: 30px; height: 30px;\"><\/div>\n        <\/div>\n            <div class=\"kksr-star\" data-star=\"3\" style=\"padding-right: 5px\">\n            \n\n<div class=\"kksr-icon\" style=\"width: 30px; height: 30px;\"><\/div>\n        <\/div>\n            <div class=\"kksr-star\" data-star=\"4\" style=\"padding-right: 5px\">\n            \n\n<div class=\"kksr-icon\" style=\"width: 30px; height: 30px;\"><\/div>\n        <\/div>\n            <div class=\"kksr-star\" data-star=\"5\" style=\"padding-right: 5px\">\n            \n\n<div class=\"kksr-icon\" style=\"width: 30px; height: 30px;\"><\/div>\n        <\/div>\n    <\/div>\n    \n<div class=\"kksr-stars-active\" style=\"width: 0px;\">\n            <div class=\"kksr-star\" style=\"padding-right: 5px\">\n            \n\n<div class=\"kksr-icon\" style=\"width: 30px; height: 30px;\"><\/div>\n        <\/div>\n            <div class=\"kksr-star\" style=\"padding-right: 5px\">\n            \n\n<div class=\"kksr-icon\" style=\"width: 30px; height: 30px;\"><\/div>\n        <\/div>\n            <div class=\"kksr-star\" style=\"padding-right: 5px\">\n            \n\n<div class=\"kksr-icon\" style=\"width: 30px; height: 30px;\"><\/div>\n        <\/div>\n            <div class=\"kksr-star\" style=\"padding-right: 5px\">\n            \n\n<div class=\"kksr-icon\" style=\"width: 30px; height: 30px;\"><\/div>\n        <\/div>\n            <div class=\"kksr-star\" style=\"padding-right: 5px\">\n            \n\n<div class=\"kksr-icon\" style=\"width: 30px; height: 30px;\"><\/div>\n        <\/div>\n    <\/div>\n<\/div>\n                \n\n<div class=\"kksr-legend\" style=\"font-size: 24px;\">\n            <span class=\"kksr-muted\">Rate this page<\/span>\n    <\/div>\n    <\/div>\n<h2><img loading=\"lazy\" decoding=\"async\" class=\"alignleft wp-image-252142\" src=\"https:\/\/lottomat.com\/wp-content\/uploads\/2025\/10\/play-Powerball-150x150.webp\" alt=\"\u017eaisti Powerball\" width=\"200\" height=\"200\" srcset=\"https:\/\/lottomat.com\/wp-content\/uploads\/2025\/10\/play-Powerball-150x150.webp 150w, https:\/\/lottomat.com\/wp-content\/uploads\/2025\/10\/play-Powerball-300x300.webp 300w, https:\/\/lottomat.com\/wp-content\/uploads\/2025\/10\/play-Powerball-100x100.webp 100w, https:\/\/lottomat.com\/wp-content\/uploads\/2025\/10\/play-Powerball.webp 400w\" sizes=\"auto, (max-width: 200px) 100vw, 200px\" \/>Kas yra Powerball Loterija?<\/h2>\n<p>Prad\u0117kime nuo garsiausios loterijos taisykli\u0173, kurios yra labai paprastos, ir j\u016bs neabejotinai greitai i\u0161moksite, kaip \u017eaisti Powerball internetu. \u017daidimas susideda i\u0161 penki\u0173 skai\u010di\u0173 pasirinkimo i\u0161 1 iki 69 intervalo ir 1 papildomo skai\u010diaus, vadinamo Power Ball, i\u0161 skai\u010di\u0173 rinkinio nuo 1 iki 26. Jei visi laimintys loto numeriai atrenkami teisingai, \u017eaid\u0117jas laimi garantuot\u0105 pagrindin\u012f priz\u0105, ta\u010diau atminkite, kad yra <strong>9 laim\u0117jim\u0173 lygiai<\/strong>. Priz\u0105 taip pat laimi \u017eaid\u0117jas, kuris teisingai pasirenka tik papildom\u0105 Power Ball, t. y. bonusin\u012f skai\u010di\u0173. Powerball internetin\u0117je loterijoje taip pat yra \u012fdomus sprendimas \u017eaid\u0117jams. Jis vadinamas <strong>Power Play<\/strong> ir yra papildoma parinktis, leid\u017eianti dauginti laim\u0117jimus, i\u0161skyrus pagrindin\u012f priz\u0105. Ta\u010diau ji prieinama tik Jungtini\u0173 Amerikos Valstij\u0173 teritorijoje, perkant biliet\u0105 asmeni\u0161kai Powerball biure. \u017daid\u0117jas, kuris atsp\u0117ja visus i\u0161trauktus loto numerius, laimi pagrindin\u012f priz\u0105, ta\u010diau jei jis neatrenka teisingo Powerball bonusinio skai\u010diaus, gauna garantuot\u0105 <strong>1 000 000 doleri\u0173<\/strong> priz\u0105. Kitaip tariant, tas, kas atsp\u0117ja 5 pagrindinius skai\u010dius, gauna milijon\u0105 doleri\u0173. Spauskite ir skaitykite <a href=\"https:\/\/lottomat.com\/lt\/loterija\/powerball\/\">daugiau apie Powerball taisykles ir prizus<\/a> m\u016bs\u0173 svetain\u0117je. \u017dinoma, kaip ir kitose <a href=\"https:\/\/lottomat.com\/lt\/\">geriausi\u0173 pasaulio loterij\u0173<\/a> atveju, nesant laim\u0117tojo vyksta jackpoto kaupimas, o tai suteikia galimyb\u0119 laim\u0117ti did\u017eiules sumas doleriais. Powerball i\u0161gars\u0117jo laimingais bilietais, virsdavusiais milijonais doleri\u0173. Did\u017eiausias laim\u0117jimas per vis\u0105 Amerikos loterijos istorij\u0105 \u012fvyko <strong>2022 m. lapkri\u010dio 7 d.<\/strong> ir siek\u0117 <strong>2,04 mlrd. JAV doleri\u0173<\/strong>, o grynoji vert\u0117 sudar\u0117 <strong>997,6 mln. doleri\u0173<\/strong>.<\/p>\n<h2>Kaip Nusipirkti Powerball Bilietus?<img loading=\"lazy\" decoding=\"async\" class=\"alignright wp-image-252172\" src=\"https:\/\/lottomat.com\/wp-content\/uploads\/2025\/10\/Powerball-lottery-tickets-300x300.webp\" alt=\"Powerball loterijos bilietai\" width=\"200\" height=\"200\" srcset=\"https:\/\/lottomat.com\/wp-content\/uploads\/2025\/10\/Powerball-lottery-tickets-300x300.webp 300w, https:\/\/lottomat.com\/wp-content\/uploads\/2025\/10\/Powerball-lottery-tickets-150x150.webp 150w, https:\/\/lottomat.com\/wp-content\/uploads\/2025\/10\/Powerball-lottery-tickets-100x100.webp 100w, https:\/\/lottomat.com\/wp-content\/uploads\/2025\/10\/Powerball-lottery-tickets.webp 400w\" sizes=\"auto, (max-width: 200px) 100vw, 200px\" \/><\/h2>\n<p>D\u0117l pasikeitusi\u0173 Powerball \u017eaidimo taisykli\u0173 jums nebereikia b\u016bti Jungtini\u0173 Amerikos Valstij\u0173 pilie\u010diu ar b\u016bti jos teritorijoje. Galite dalyvauti <strong>Powerball loterijoje internetu naudodamiesi LottoMat svetaine<\/strong>. Tai labai patogu, be to, Powerball bilietus galite pirkti bet kuriuo paros metu, septynias dienas per savait\u0119. Tereikia pasirinkti \u017eaidimo parinkt\u012f LottoMat svetain\u0117je ir u\u017epildyti reikiam\u0105 biliet\u0173 skai\u010di\u0173. Tada reikia kantryb\u0117s ir reikia laukti loterij\u0173 traukimo, kuris vyksta kiekvien\u0105 <strong>antradien\u012f, ketvirtadien\u012f ir sekmadien\u012f 02:59 UTC<\/strong>. LottoMat svetain\u0117 garantuoja, kad loterijos bilietas yra galiojantis ir dalyvauja Powerball priz\u0173 traukime. Pirkin\u012f galite atlikti naudodami kompiuter\u012f ar mobil\u0173j\u012f telefon\u0105 i\u0161 <strong>bet kurios pasaulio vietos ir bet kuriuo metu<\/strong>. Tereikia susikurti saugi\u0105 vartotojo paskyr\u0105, nusipirkti biliet\u0105 ir laukti laim\u0117jimo!<\/p>\n<h2>Kokia Powerball Internetin\u0117s Loterijos Bilieto Kaina?<\/h2>\n<p>Norint apskai\u010diuoti bilieto kain\u0105, tereikia u\u017epildyti vien\u0105 ar kelis bilietus LottoMat svetain\u0117je. Pasirinkus skai\u010dius, <strong>kaina bus matoma po visais bilietais<\/strong>. U\u017epild\u017eius daugiau nei vien\u0105 biliet\u0105, skai\u010diuotuvas apskai\u010diuos mok\u0117tin\u0105 sum\u0105, kuri yra galutin\u0117 kaina. Ji apima vis\u0173 Powerball biliet\u0173 kain\u0105 ir komisini\u0173 mok\u0117jimus.<\/p>\n<h2><img loading=\"lazy\" decoding=\"async\" class=\"alignleft wp-image-252202\" src=\"https:\/\/lottomat.com\/wp-content\/uploads\/2025\/10\/Powerball-online-tickets-300x300.webp\" alt=\"Powerball bilietai internetu\" width=\"200\" height=\"200\" srcset=\"https:\/\/lottomat.com\/wp-content\/uploads\/2025\/10\/Powerball-online-tickets-300x300.webp 300w, https:\/\/lottomat.com\/wp-content\/uploads\/2025\/10\/Powerball-online-tickets-150x150.webp 150w, https:\/\/lottomat.com\/wp-content\/uploads\/2025\/10\/Powerball-online-tickets-100x100.webp 100w, https:\/\/lottomat.com\/wp-content\/uploads\/2025\/10\/Powerball-online-tickets.webp 400w\" sizes=\"auto, (max-width: 200px) 100vw, 200px\" \/><\/h2>\n<h2>Kaip \u017daisti Powerball Internetu?<\/h2>\n<p>D\u0117l m\u016bs\u0173 svetain\u0117s populiariausia pasaulyje loterija dabar prieinama nei\u0161einant i\u0161 nam\u0173. Nor\u0117dami \u017eaisti Powerball internetu, pasirinkite <strong>penkis pagrindinius skai\u010dius nuo 1 iki 69 ir papildom\u0105 Power Ball skai\u010di\u0173 nuo 1 iki 26<\/strong>. Skai\u010dius galite rinktis rankiniu b\u016bdu arba naudoti <strong>Greito Parinkimo parinkt\u012f atsitiktinei atrankai<\/strong>. Viskas taip paprasta! \u017daidimas su LottoMat yra visi\u0161kai saugus ir patikimas. <strong>Mes nuskanuojame visus \u012fsigytus bilietus, kad u\u017etikrintume j\u0173 galiojim\u0105 ir j\u016bs\u0173 ramyb\u0119.<\/strong> Su LottoMat galite \u017eaisti Powerball internetu i\u0161 bet kurios pasaulio vietos \u2013 jums tereikia <strong>interneto ry\u0161io ir galimyb\u0117s atlikti mok\u0117jimus internetu.<\/strong> Toks pasaulinis prieinamumas leid\u017eia lengviau nei bet kada dalyvauti vienoje \u012fdomiausi\u0173 pasaulio loterij\u0173.<\/p>\n<h2>Ar Galiu Nusipirkti Daugiau Powerball Biliet\u0173 Internetu?<\/h2>\n<p><strong>Taip, \u017einoma, galite \u012fsigyti kelis Powerball bilietus internetu<\/strong>, kad padidintum\u0117te savo laim\u0117jimo galimybes. Tiesiog \u017eaidimo metu pasirinkite parinkt\u012f <strong>\u201edaugiau eilu\u010di\u0173&#8221;<\/strong> ir pasirinkite tiek eilu\u010di\u0173, kiek norite \u017eaisti. Kiekviena papildoma eilut\u0117 yra dar viena galimyb\u0117 laim\u0117ti jackpot\u0105 ar vien\u0105 i\u0161 antrini\u0173 priz\u0173. Kuo daugiau biliet\u0173 perkate, tuo didesn\u0117 tikimyb\u0117 sutapti su laimingais skai\u010diais.<\/p>\n<h2>Ar Galiu Pirkti Powerball Bilietus Internetu Keliems Traukimams?<\/h2>\n<h2><img loading=\"lazy\" decoding=\"async\" class=\"alignright wp-image-252232\" src=\"https:\/\/lottomat.com\/wp-content\/uploads\/2025\/10\/Powerball-online-300x300.webp\" alt=\"Powerball internetu\" width=\"200\" height=\"200\" srcset=\"https:\/\/lottomat.com\/wp-content\/uploads\/2025\/10\/Powerball-online-300x300.webp 300w, https:\/\/lottomat.com\/wp-content\/uploads\/2025\/10\/Powerball-online-150x150.webp 150w, https:\/\/lottomat.com\/wp-content\/uploads\/2025\/10\/Powerball-online-100x100.webp 100w, https:\/\/lottomat.com\/wp-content\/uploads\/2025\/10\/Powerball-online.webp 400w\" sizes=\"auto, (max-width: 200px) 100vw, 200px\" \/><\/h2>\n<p>\u017dinoma! LottoMat galite <strong>\u012fsigyti Powerball bilietus i\u0161 anksto iki 8 i\u0161 eil\u0117s einantiems traukimams<\/strong>. \u0160i patogi funkcija rei\u0161kia, kad jums nereikia prisiminti pirkti biliet\u0173 kiekvienam atskiram traukimui \u2013 j\u016bs\u0173 numeriai automati\u0161kai bus \u012ftraukti \u012f kelis b\u016bsimus traukimus. \u0160i i\u0161ankstinio pirkimo galimyb\u0117 u\u017etikrina, kad <strong>niekada nepraleistum\u0117te traukimo<\/strong>, ir suteikia galimyb\u0119 nuolat dalyvauti loterijoje kelias savaites i\u0161 eil\u0117s.<\/p>\n<h2>Kaip Patikrinti Powerball Internetin\u0117s Loterijos Rezultatus?<\/h2>\n<p>Galite lengvai patikrinti tiek <a href=\"https:\/\/lottomat.com\/lt\/rezultatai\/powerball\/\">naujausius, tiek archyvinius Powerball rezultatus<\/a> tiesiogiai LottoMat svetain\u0117je. M\u016bs\u0173 rezultat\u0173 puslapis atnaujinamas i\u0161 karto po kiekvieno traukimo, pateikiant <strong>tikslius ir naujausius laimingus skai\u010dius.<\/strong> Nesvarbu, ar norite patikrinti paskutinius traukimus, ar per\u017evelgti istorinius rezultatus \u2013 visa informacija visada po ranka. \u0160i patogi funkcija leid\u017eia greitai patikrinti, ar j\u016bs\u0173 numeriai laim\u0117jo, nereikiant ie\u0161koti keliais \u0161altiniais.<\/p>\n<h2><img loading=\"lazy\" decoding=\"async\" class=\"alignleft wp-image-252262\" src=\"https:\/\/lottomat.com\/wp-content\/uploads\/2025\/10\/Powerball-tickets-300x300.webp\" alt=\"Powerball bilietai\" width=\"200\" height=\"200\" srcset=\"https:\/\/lottomat.com\/wp-content\/uploads\/2025\/10\/Powerball-tickets-300x300.webp 300w, https:\/\/lottomat.com\/wp-content\/uploads\/2025\/10\/Powerball-tickets-150x150.webp 150w, https:\/\/lottomat.com\/wp-content\/uploads\/2025\/10\/Powerball-tickets-100x100.webp 100w, https:\/\/lottomat.com\/wp-content\/uploads\/2025\/10\/Powerball-tickets.webp 400w\" sizes=\"auto, (max-width: 200px) 100vw, 200px\" \/>Ar LottoMat Nuskaituoja Powerball Bilietus Internetu?<\/h2>\n<p><strong>Taip, be abejo!<\/strong> M\u016bs\u0173 \u012fgalioti agentai fizi\u0161kai perka Powerball bilietus j\u016bs\u0173 vardu oficialiose, licencijuotose ma\u017emenin\u0117se pardavimo vietose. <strong>Mes nuskanuojame ir saugiai laikome originalius bilietus<\/strong>, kad u\u017etikrintume visi\u0161k\u0105 skaidrum\u0105 ir saugum\u0105 m\u016bs\u0173 \u017eaid\u0117jams. Tai rei\u0161kia, kad turite bilieto pirkimo \u012frodym\u0105 ir galite b\u016bti tikri, kad j\u016bs\u0173 dalyvavimas oficialiniame Powerball traukime yra galiojantis. Original\u016bs bilietai saugomi m\u016bs\u0173 saugiuose objektuose, suteikdami jums ramyb\u0119 d\u0117l j\u016bs\u0173 investicijos.<\/p>\n<h2>Kokie Yra Geriausi Powerball Interneto Patarimai?<\/h2>\n<p>\u017daiskite, ypa\u010d kai vyksta jackpoto kaupimas. <strong>Powerball turi did\u017eiausius jackpotus pasaulyje<\/strong>, ir net su vienu bilietu turite galimyb\u0119 laim\u0117ti. Did\u017eiausias jackpotas siek\u0117 net <strong>2,04 mlrd. doleri\u0173!<\/strong> Taip pat galite naudoti da\u017eniausiai traukiamus skai\u010dius, kuriuos rasite <a href=\"https:\/\/lottomat.com\/lt\/rezultatai\/\">loterijos traukim\u0173 rezultat\u0173 puslapyje<\/a>. Jame pateikti tiek dabartiniai traukim\u0173 rezultatai, tiek archyviniai. Atminkite, kad <strong>Powerball \u017eaidimas internetu tur\u0117t\u0173 b\u016bti pramogos forma<\/strong>, tod\u0117l svarbu \u017eaisti atsakingai ir i\u0161laikyti sveik\u0105 prot\u0105. Nustatykite sau biud\u017eet\u0105 ir jo laikykit\u0117s, loterijos bilietus traktuodami kaip maloni\u0105 veikl\u0105, o ne investavimo strategij\u0105.<\/p>\n<h3>Patarimai, Galintys Pad\u0117ti Padidinti J\u016bs\u0173 Laim\u0117jimo Galimybes<\/h3>\n<p>Perkant daugiau nei vien\u0105 Powerball biliet\u0105, kiekvienas papildomas bilietas padidina galimybes atsp\u0117ti i\u0161trauktus numerius. Pasir\u016bpinkite, kad j\u016bs\u0173 pasirinkti skai\u010diai b\u016bt\u0173 \u012fvair\u016bs, nes skai\u010di\u0173 rinkinys yra didelis \u2013 neapribokite sav\u0119s tokiais dalykais kaip gimimo datos, kurios \u017eymiai susiaurina j\u016bs\u0173 pasirinkimo ribas. Nor\u0117dami suma\u017einti <a href=\"https:\/\/lottomat.com\/lt\/zaisti\/\">loterijos biliet\u0173 pirkimo internetu<\/a> i\u0161laidas, galite pakviesti artimuosius \u017eaisti kartu, o tai garantuoja didesnes laim\u0117jimo galimybes. Biliet\u0173 i\u0161laidas galima padalinti tarp didesnio skai\u010diaus \u017emoni\u0173, tod\u0117l tai tampa prieinamesnis malonumas kiekvienam. \u017daiskite tada, kai vyksta <a href=\"https:\/\/lottomat.com\/lt\/loterija\/\">did\u017eiausi loterijos jackpotai<\/a>, nes visas Powerball \u017eaidimas paremtas laim\u0117jimo galimybe! <strong>Laiming\u0105 biliet\u0105 galite nusipirkti bet kuriuo metu ir tapti milijonieriumi!<\/strong><\/p>\n","protected":false},"excerpt":{"rendered":"<p>Kas yra Powerball Loterija? Prad\u0117kime nuo garsiausios loterijos taisykli\u0173, kurios yra labai paprastos, ir j\u016bs neabejotinai greitai i\u0161moksite, kaip \u017eaisti Powerball internetu. \u017daidimas susideda i\u0161 penki\u0173 skai\u010di\u0173 pasirinkimo i\u0161 1 iki 69 intervalo ir 1 papildomo skai\u010diaus, vadinamo Power Ball, i\u0161 skai\u010di\u0173 rinkinio nuo 1 iki 26. Jei visi laimintys loto numeriai atrenkami teisingai, \u017eaid\u0117jas [&hellip;]<\/p>\n","protected":false},"author":1,"featured_media":0,"parent":6782,"menu_order":1,"comment_status":"closed","ping_status":"closed","template":"powerball-usa.php","meta":{"_et_pb_use_builder":"","_et_pb_old_content":"","_et_gb_content_width":"","exclude_from_search":false,"footnotes":""},"class_list":["post-8402","page","type-page","status-publish","hentry"],"yoast_head":"<!-- This site is optimized with the Yoast SEO plugin v23.8 - https:\/\/yoast.com\/wordpress\/plugins\/seo\/ -->\n<title>\u017daiskite Powerball Internetu - Powerball Bilietai - LottoMat<\/title>\n<meta name=\"description\" content=\"Su\u017einokite, kaip \u017eaisti Powerball ir tapkite milijonieriumi! Pirkite Powerball bilietus internetu bet kuriuo metu!\" \/>\n<meta name=\"robots\" content=\"index, follow, max-snippet:-1, max-image-preview:large, max-video-preview:-1\" \/>\n<link rel=\"canonical\" href=\"https:\/\/lottomat.com\/lt\/zaisti\/powerball\/\" \/>\n<meta property=\"og:locale\" content=\"lt_LT\" \/>\n<meta property=\"og:type\" content=\"article\" \/>\n<meta property=\"og:title\" content=\"\u017daiskite Powerball Internetu - Powerball Bilietai - LottoMat\" \/>\n<meta property=\"og:description\" content=\"Su\u017einokite, kaip \u017eaisti Powerball ir tapkite milijonieriumi! Pirkite Powerball bilietus internetu bet kuriuo metu!\" \/>\n<meta property=\"og:url\" content=\"https:\/\/lottomat.com\/lt\/zaisti\/powerball\/\" \/>\n<meta property=\"og:site_name\" content=\"Lottomat\" \/>\n<meta property=\"article:modified_time\" content=\"2026-03-11T12:47:33+00:00\" \/>\n<meta property=\"og:image\" content=\"https:\/\/lottomat.com\/wp-content\/uploads\/2025\/10\/play-Powerball.webp\" \/>\n\t<meta property=\"og:image:width\" content=\"400\" \/>\n\t<meta property=\"og:image:height\" content=\"400\" \/>\n\t<meta property=\"og:image:type\" content=\"image\/webp\" \/>\n<meta name=\"twitter:card\" content=\"summary_large_image\" \/>\n<meta name=\"twitter:label1\" content=\"Est. reading time\" \/>\n\t<meta name=\"twitter:data1\" content=\"6 minut\u0117s\" \/>\n<script type=\"application\/ld+json\" class=\"yoast-schema-graph\">{\"@context\":\"https:\/\/schema.org\",\"@graph\":[{\"@type\":\"WebPage\",\"@id\":\"https:\/\/lottomat.com\/lt\/zaisti\/powerball\/\",\"url\":\"https:\/\/lottomat.com\/lt\/zaisti\/powerball\/\",\"name\":\"\u017daiskite Powerball Internetu - Powerball Bilietai - LottoMat\",\"isPartOf\":{\"@id\":\"https:\/\/lottomat.com\/lt\/#website\"},\"primaryImageOfPage\":{\"@id\":\"https:\/\/lottomat.com\/lt\/zaisti\/powerball\/#primaryimage\"},\"image\":{\"@id\":\"https:\/\/lottomat.com\/lt\/zaisti\/powerball\/#primaryimage\"},\"thumbnailUrl\":\"https:\/\/lottomat.com\/wp-content\/uploads\/2025\/10\/play-Powerball-150x150.webp\",\"datePublished\":\"2025-03-26T07:52:23+00:00\",\"dateModified\":\"2026-03-11T12:47:33+00:00\",\"description\":\"Su\u017einokite, kaip \u017eaisti Powerball ir tapkite milijonieriumi! Pirkite Powerball bilietus internetu bet kuriuo metu!\",\"breadcrumb\":{\"@id\":\"https:\/\/lottomat.com\/lt\/zaisti\/powerball\/#breadcrumb\"},\"inLanguage\":\"lt-LT\",\"potentialAction\":[{\"@type\":\"ReadAction\",\"target\":[\"https:\/\/lottomat.com\/lt\/zaisti\/powerball\/\"]}]},{\"@type\":\"ImageObject\",\"inLanguage\":\"lt-LT\",\"@id\":\"https:\/\/lottomat.com\/lt\/zaisti\/powerball\/#primaryimage\",\"url\":\"https:\/\/lottomat.com\/wp-content\/uploads\/2025\/10\/play-Powerball-150x150.webp\",\"contentUrl\":\"https:\/\/lottomat.com\/wp-content\/uploads\/2025\/10\/play-Powerball-150x150.webp\"},{\"@type\":\"BreadcrumbList\",\"@id\":\"https:\/\/lottomat.com\/lt\/zaisti\/powerball\/#breadcrumb\",\"itemListElement\":[{\"@type\":\"ListItem\",\"position\":1,\"name\":\"Home\",\"item\":\"https:\/\/lottomat.com\/lt\/\"},{\"@type\":\"ListItem\",\"position\":2,\"name\":\"\u017daisti loterij\u0105\",\"item\":\"https:\/\/lottomat.com\/lt\/zaisti\/\"},{\"@type\":\"ListItem\",\"position\":3,\"name\":\"\u017daiskite Powerball Internetu &#8211; Powerball Bilietai\"}]},{\"@type\":\"WebSite\",\"@id\":\"https:\/\/lottomat.com\/lt\/#website\",\"url\":\"https:\/\/lottomat.com\/lt\/\",\"name\":\"Lottomat\",\"description\":\"\",\"potentialAction\":[{\"@type\":\"SearchAction\",\"target\":{\"@type\":\"EntryPoint\",\"urlTemplate\":\"https:\/\/lottomat.com\/lt\/?s={search_term_string}\"},\"query-input\":{\"@type\":\"PropertyValueSpecification\",\"valueRequired\":true,\"valueName\":\"search_term_string\"}}],\"inLanguage\":\"lt-LT\"}]}<\/script>\n<!-- \/ Yoast SEO plugin. -->","yoast_head_json":{"title":"\u017daiskite Powerball Internetu - Powerball Bilietai - LottoMat","description":"Su\u017einokite, kaip \u017eaisti Powerball ir tapkite milijonieriumi! Pirkite Powerball bilietus internetu bet kuriuo metu!","robots":{"index":"index","follow":"follow","max-snippet":"max-snippet:-1","max-image-preview":"max-image-preview:large","max-video-preview":"max-video-preview:-1"},"canonical":"https:\/\/lottomat.com\/lt\/zaisti\/powerball\/","og_locale":"lt_LT","og_type":"article","og_title":"\u017daiskite Powerball Internetu - Powerball Bilietai - LottoMat","og_description":"Su\u017einokite, kaip \u017eaisti Powerball ir tapkite milijonieriumi! Pirkite Powerball bilietus internetu bet kuriuo metu!","og_url":"https:\/\/lottomat.com\/lt\/zaisti\/powerball\/","og_site_name":"Lottomat","article_modified_time":"2026-03-11T12:47:33+00:00","og_image":[{"width":400,"height":400,"url":"https:\/\/lottomat.com\/wp-content\/uploads\/2025\/10\/play-Powerball.webp","type":"image\/webp"}],"twitter_card":"summary_large_image","twitter_misc":{"Est. reading time":"6 minut\u0117s"},"schema":{"@context":"https:\/\/schema.org","@graph":[{"@type":"WebPage","@id":"https:\/\/lottomat.com\/lt\/zaisti\/powerball\/","url":"https:\/\/lottomat.com\/lt\/zaisti\/powerball\/","name":"\u017daiskite Powerball Internetu - Powerball Bilietai - LottoMat","isPartOf":{"@id":"https:\/\/lottomat.com\/lt\/#website"},"primaryImageOfPage":{"@id":"https:\/\/lottomat.com\/lt\/zaisti\/powerball\/#primaryimage"},"image":{"@id":"https:\/\/lottomat.com\/lt\/zaisti\/powerball\/#primaryimage"},"thumbnailUrl":"https:\/\/lottomat.com\/wp-content\/uploads\/2025\/10\/play-Powerball-150x150.webp","datePublished":"2025-03-26T07:52:23+00:00","dateModified":"2026-03-11T12:47:33+00:00","description":"Su\u017einokite, kaip \u017eaisti Powerball ir tapkite milijonieriumi! Pirkite Powerball bilietus internetu bet kuriuo metu!","breadcrumb":{"@id":"https:\/\/lottomat.com\/lt\/zaisti\/powerball\/#breadcrumb"},"inLanguage":"lt-LT","potentialAction":[{"@type":"ReadAction","target":["https:\/\/lottomat.com\/lt\/zaisti\/powerball\/"]}]},{"@type":"ImageObject","inLanguage":"lt-LT","@id":"https:\/\/lottomat.com\/lt\/zaisti\/powerball\/#primaryimage","url":"https:\/\/lottomat.com\/wp-content\/uploads\/2025\/10\/play-Powerball-150x150.webp","contentUrl":"https:\/\/lottomat.com\/wp-content\/uploads\/2025\/10\/play-Powerball-150x150.webp"},{"@type":"BreadcrumbList","@id":"https:\/\/lottomat.com\/lt\/zaisti\/powerball\/#breadcrumb","itemListElement":[{"@type":"ListItem","position":1,"name":"Home","item":"https:\/\/lottomat.com\/lt\/"},{"@type":"ListItem","position":2,"name":"\u017daisti loterij\u0105","item":"https:\/\/lottomat.com\/lt\/zaisti\/"},{"@type":"ListItem","position":3,"name":"\u017daiskite Powerball Internetu &#8211; Powerball Bilietai"}]},{"@type":"WebSite","@id":"https:\/\/lottomat.com\/lt\/#website","url":"https:\/\/lottomat.com\/lt\/","name":"Lottomat","description":"","potentialAction":[{"@type":"SearchAction","target":{"@type":"EntryPoint","urlTemplate":"https:\/\/lottomat.com\/lt\/?s={search_term_string}"},"query-input":{"@type":"PropertyValueSpecification","valueRequired":true,"valueName":"search_term_string"}}],"inLanguage":"lt-LT"}]}},"_links":{"self":[{"href":"https:\/\/lottomat.com\/lt\/wp-json\/wp\/v2\/pages\/8402","targetHints":{"allow":["GET"]}}],"collection":[{"href":"https:\/\/lottomat.com\/lt\/wp-json\/wp\/v2\/pages"}],"about":[{"href":"https:\/\/lottomat.com\/lt\/wp-json\/wp\/v2\/types\/page"}],"author":[{"embeddable":true,"href":"https:\/\/lottomat.com\/lt\/wp-json\/wp\/v2\/users\/1"}],"replies":[{"embeddable":true,"href":"https:\/\/lottomat.com\/lt\/wp-json\/wp\/v2\/comments?post=8402"}],"version-history":[{"count":3,"href":"https:\/\/lottomat.com\/lt\/wp-json\/wp\/v2\/pages\/8402\/revisions"}],"predecessor-version":[{"id":273241,"href":"https:\/\/lottomat.com\/lt\/wp-json\/wp\/v2\/pages\/8402\/revisions\/273241"}],"up":[{"embeddable":true,"href":"https:\/\/lottomat.com\/lt\/wp-json\/wp\/v2\/pages\/6782"}],"wp:attachment":[{"href":"https:\/\/lottomat.com\/lt\/wp-json\/wp\/v2\/media?parent=8402"}],"curies":[{"name":"wp","href":"https:\/\/api.w.org\/{rel}","templated":true}]}}