{"id":6403,"date":"2025-03-26T07:12:15","date_gmt":"2025-03-26T07:12:15","guid":{"rendered":"https:\/\/lottomat.net\/pradzia-didziausios-pasaulio-loterijos-vienoje-vietoje\/"},"modified":"2026-02-13T11:37:08","modified_gmt":"2026-02-13T11:37:08","slug":"pradzia-didziausios-pasaulio-loterijos-vienoje-vietoje","status":"publish","type":"page","link":"https:\/\/lottomat.com\/lt\/","title":{"rendered":"Lottomat &#8211; did\u017eiausios pasaulio loterijos vienoje vietoje"},"content":{"rendered":"\n\n<div class=\"kk-star-ratings kksr-auto kksr-align-left kksr-valign-top\"\n    data-payload='{&quot;align&quot;:&quot;left&quot;,&quot;id&quot;:&quot;6403&quot;,&quot;slug&quot;:&quot;default&quot;,&quot;valign&quot;:&quot;top&quot;,&quot;ignore&quot;:&quot;&quot;,&quot;reference&quot;:&quot;auto&quot;,&quot;class&quot;:&quot;&quot;,&quot;count&quot;:&quot;0&quot;,&quot;legendonly&quot;:&quot;&quot;,&quot;readonly&quot;:&quot;&quot;,&quot;score&quot;:&quot;0&quot;,&quot;starsonly&quot;:&quot;&quot;,&quot;best&quot;:&quot;5&quot;,&quot;gap&quot;:&quot;5&quot;,&quot;greet&quot;:&quot;Rate this page&quot;,&quot;legend&quot;:&quot;0\\\/5 - (0 votes)&quot;,&quot;size&quot;:&quot;30&quot;,&quot;title&quot;:&quot;Lottomat - did\u017eiausios pasaulio loterijos vienoje vietoje&quot;,&quot;width&quot;:&quot;0&quot;,&quot;_legend&quot;:&quot;{score}\\\/{best} - ({count} {votes})&quot;,&quot;font_factor&quot;:&quot;1.25&quot;}'>\n            \n<div class=\"kksr-stars\">\n    \n<div class=\"kksr-stars-inactive\">\n            <div class=\"kksr-star\" data-star=\"1\" style=\"padding-right: 5px\">\n            \n\n<div class=\"kksr-icon\" style=\"width: 30px; height: 30px;\"><\/div>\n        <\/div>\n            <div class=\"kksr-star\" data-star=\"2\" style=\"padding-right: 5px\">\n            \n\n<div class=\"kksr-icon\" style=\"width: 30px; height: 30px;\"><\/div>\n        <\/div>\n            <div class=\"kksr-star\" data-star=\"3\" style=\"padding-right: 5px\">\n            \n\n<div class=\"kksr-icon\" style=\"width: 30px; height: 30px;\"><\/div>\n        <\/div>\n            <div class=\"kksr-star\" data-star=\"4\" style=\"padding-right: 5px\">\n            \n\n<div class=\"kksr-icon\" style=\"width: 30px; height: 30px;\"><\/div>\n        <\/div>\n            <div class=\"kksr-star\" data-star=\"5\" style=\"padding-right: 5px\">\n            \n\n<div class=\"kksr-icon\" style=\"width: 30px; height: 30px;\"><\/div>\n        <\/div>\n    <\/div>\n    \n<div class=\"kksr-stars-active\" style=\"width: 0px;\">\n            <div class=\"kksr-star\" style=\"padding-right: 5px\">\n            \n\n<div class=\"kksr-icon\" style=\"width: 30px; height: 30px;\"><\/div>\n        <\/div>\n            <div class=\"kksr-star\" style=\"padding-right: 5px\">\n            \n\n<div class=\"kksr-icon\" style=\"width: 30px; height: 30px;\"><\/div>\n        <\/div>\n            <div class=\"kksr-star\" style=\"padding-right: 5px\">\n            \n\n<div class=\"kksr-icon\" style=\"width: 30px; height: 30px;\"><\/div>\n        <\/div>\n            <div class=\"kksr-star\" style=\"padding-right: 5px\">\n            \n\n<div class=\"kksr-icon\" style=\"width: 30px; height: 30px;\"><\/div>\n        <\/div>\n            <div class=\"kksr-star\" style=\"padding-right: 5px\">\n            \n\n<div class=\"kksr-icon\" style=\"width: 30px; height: 30px;\"><\/div>\n        <\/div>\n    <\/div>\n<\/div>\n                \n\n<div class=\"kksr-legend\" style=\"font-size: 24px;\">\n            <span class=\"kksr-muted\">Rate this page<\/span>\n    <\/div>\n    <\/div>\n<h2 style=\"text-align: left;\"><img loading=\"lazy\" decoding=\"async\" class=\"alignleft wp-image-1091\" src=\"https:\/\/lottomat.com\/wp-content\/uploads\/2025\/03\/play-lotteries-available-in-other-countries-300x300.png\" alt=\"\u017eaisti kitose \u0161alyse prieinam\u0173 loterij\u0173\" width=\"130\" height=\"130\" srcset=\"https:\/\/lottomat.com\/wp-content\/uploads\/2025\/03\/play-lotteries-available-in-other-countries-300x300.png 300w, https:\/\/lottomat.com\/wp-content\/uploads\/2025\/03\/play-lotteries-available-in-other-countries-150x150.png 150w, https:\/\/lottomat.com\/wp-content\/uploads\/2025\/03\/play-lotteries-available-in-other-countries-100x100.png 100w, https:\/\/lottomat.com\/wp-content\/uploads\/2025\/03\/play-lotteries-available-in-other-countries.png 400w\" sizes=\"auto, (max-width: 130px) 100vw, 130px\" \/>Ar galiu \u017eaisti kitose \u0161alyse prieinam\u0173 loterij\u0173?<\/h2>\n<p>Taip, taip, taip! Atsakymas \u012f da\u017eniausiai m\u016bs\u0173 \u017eaid\u0117j\u0173 u\u017eduodam\u0105 klausim\u0105 yra taip &#8211; galite \u017eaisti did\u017eiausias pasaulio loterijas nepriklausomai nuo j\u016bs\u0173 gyvenamosios \u0161alies. Lottomat svetain\u0117je did\u017eiausios loterijos yra prieinamos jums be poreikio lankytis bet kurioje loterijos \u012fstaigoje, \u012fskaitant artimiausi\u0105 j\u016bs\u0173 gyvenamojoje \u0161alyje. Lottomat rasite loterijas, kurios garantuoja did\u017eiausius laim\u0117jimus, tarp j\u0173 SuperEnalotto, kurioje norint laim\u0117ti pagrindin\u012f priz\u0105, turite teisingai atsp\u0117ti 6 skai\u010dius i\u0161 90. Taip pat yra Eurojackpot ir EuroMillions, kurios yra reik\u0161mingiausios Europos loterijos; norint laim\u0117ti, tereikia pasirinkti penkis skai\u010dius i\u0161 50. Su mumis taip pat galite \u017eaisti French Lotto, UK Lotto arba dvi fantasti\u0161kas ispan\u0173 loterijas El Gordo ir La Primitiva, si\u016blan\u010dias didel\u0119 laim\u0117jimo galimyb\u0119. M\u016bs\u0173 portfelyje taip pat rasite did\u017eiausias amerikie\u010di\u0173 loterijas, \u012fskaitant Powerball, Mega Millions ir daugel\u012f kit\u0173 patraukli\u0173 variant\u0173, kurie suteikia jums galimyb\u0119 padidinti savo laim\u0117jimo \u0161ansus.<\/p>\n<hr \/>\n<h2><img loading=\"lazy\" decoding=\"async\" class=\"alignleft wp-image-21538 lazy loaded\" src=\"https:\/\/lottomat.net\/wp-content\/uploads\/2020\/06\/euro-jackpot-2.png\" alt=\"euro jackpot\" width=\"130\" height=\"130\" data-src=\"https:\/\/lottomat.net\/wp-content\/uploads\/2020\/06\/euro-jackpot-2.png\" data-was-processed=\"true\" srcset=\"https:\/\/lottomat.com\/wp-content\/uploads\/2020\/06\/euro-jackpot-2.png 400w, https:\/\/lottomat.com\/wp-content\/uploads\/2020\/06\/euro-jackpot-2-300x300.png 300w, https:\/\/lottomat.com\/wp-content\/uploads\/2020\/06\/euro-jackpot-2-150x150.png 150w, https:\/\/lottomat.com\/wp-content\/uploads\/2020\/06\/euro-jackpot-2-100x100.png 100w\" sizes=\"auto, (max-width: 130px) 100vw, 130px\" \/>Kaip galiu nusipirkti bilietus?<\/h2>\n<p>Loterijos biliet\u0173 pirkimas internetu yra nepaprastai paprastas, greitas ir, svarbiausia, saugus. Visa, k\u0105 turite padaryti, tai pasirinkti loterij\u0105, pasirinkti skai\u010dius, u\u017epildyti paprast\u0105 registracij\u0105, apmok\u0117ti kupon\u0105 ir patikrinti, ar teisingai pasirinkote po traukimo.<\/p>\n<hr \/>\n<h2><img loading=\"lazy\" decoding=\"async\" class=\"alignleft wp-image-21566 lazy loaded\" src=\"https:\/\/lottomat.net\/wp-content\/uploads\/2020\/06\/Euro-Million.png\" alt=\"Euro Million\" width=\"130\" height=\"130\" data-src=\"https:\/\/lottomat.net\/wp-content\/uploads\/2020\/06\/Euro-Million.png\" data-was-processed=\"true\" srcset=\"https:\/\/lottomat.com\/wp-content\/uploads\/2020\/06\/Euro-Million.png 400w, https:\/\/lottomat.com\/wp-content\/uploads\/2020\/06\/Euro-Million-300x300.png 300w, https:\/\/lottomat.com\/wp-content\/uploads\/2020\/06\/Euro-Million-150x150.png 150w, https:\/\/lottomat.com\/wp-content\/uploads\/2020\/06\/Euro-Million-100x100.png 100w\" sizes=\"auto, (max-width: 130px) 100vw, 130px\" \/>Kas nutinka po to, kai u\u017esakau kupon\u0105 internetu?<\/h2>\n<p>Vienas i\u0161 m\u016bs\u0173 atstov\u0173 nupirks oficial\u0173 kupon\u0105 j\u016bs\u0173 vardu pagal j\u016bs\u0173 pasirinktus skai\u010dius. J\u016bs\u0173 kuponas bus pad\u0117tas \u012f seif\u0105 iki traukimo, o j\u016bs\u0173 pasirinkti skai\u010diai bus j\u016bs\u0173 vartotojo paskyroje m\u016bs\u0173 svetain\u0117je. Be to, kai perkate, Lottomat taip pat prane\u0161 jums el. pa\u0161tu apie sum\u0105, i\u0161leist\u0105 biliet\u0173 pirkimui, mok\u0117jimo b\u016bd\u0105 ir j\u016bs\u0173 pasirinktus skai\u010dius. Be to, nupirkto kupono nuskaitymas bus patalpintas \u012f j\u016bs\u0173 paskyr\u0105.<\/p>\n<hr \/>\n<h2><img loading=\"lazy\" decoding=\"async\" class=\"alignleft wp-image-21594 lazy loaded\" src=\"https:\/\/lottomat.net\/wp-content\/uploads\/2020\/06\/Euro-Millions.png\" alt=\"Euro Millions\" width=\"122\" height=\"122\" data-src=\"https:\/\/lottomat.net\/wp-content\/uploads\/2020\/06\/Euro-Millions.png\" data-was-processed=\"true\" srcset=\"https:\/\/lottomat.com\/wp-content\/uploads\/2020\/06\/Euro-Millions.png 400w, https:\/\/lottomat.com\/wp-content\/uploads\/2020\/06\/Euro-Millions-300x300.png 300w, https:\/\/lottomat.com\/wp-content\/uploads\/2020\/06\/Euro-Millions-150x150.png 150w, https:\/\/lottomat.com\/wp-content\/uploads\/2020\/06\/Euro-Millions-100x100.png 100w\" sizes=\"auto, (max-width: 122px) 100vw, 122px\" \/>Kaip nepraleisti jackpot\u0173?<\/h2>\n<p>Lottomat informuos jus apie art\u0117jan\u010dius jackpotus. Gausite el. lai\u0161k\u0105 i\u0161 anksto, kuris primins apie art\u0117jant\u012f traukim\u0105, ir gal\u0117site suplanuoti savo \u017eaidimo tvarkara\u0161t\u012f naudodami prenumeratos parinkt\u012f.<\/p>\n<p>&nbsp;<\/p>\n<hr \/>\n<h2><img loading=\"lazy\" decoding=\"async\" class=\"alignleft wp-image-21622 lazy loaded\" src=\"https:\/\/lottomat.net\/wp-content\/uploads\/2020\/06\/mega-millions.png\" alt=\"mega millions\" width=\"130\" height=\"130\" data-src=\"https:\/\/lottomat.net\/wp-content\/uploads\/2020\/06\/mega-millions.png\" data-was-processed=\"true\" srcset=\"https:\/\/lottomat.com\/wp-content\/uploads\/2020\/06\/mega-millions.png 400w, https:\/\/lottomat.com\/wp-content\/uploads\/2020\/06\/mega-millions-300x300.png 300w, https:\/\/lottomat.com\/wp-content\/uploads\/2020\/06\/mega-millions-150x150.png 150w, https:\/\/lottomat.com\/wp-content\/uploads\/2020\/06\/mega-millions-100x100.png 100w\" sizes=\"auto, (max-width: 130px) 100vw, 130px\" \/>Kas bus, jei laim\u0117siu?<\/h2>\n<p>Taip pat \u0161iuo metu Lottomat jums palengvina laim\u0117jim\u0173 atsi\u0117mim\u0105. Visi j\u016bs\u0173 laim\u0117jimai iki 2 500 EUR automati\u0161kai \u012fskaitomi \u012f j\u016bs\u0173 paskyr\u0105 m\u016bs\u0173 sistemoje i\u0161 karto po traukimo ir gali b\u016bti panaudoti j\u016bs\u0173 paskesniems pirkimams arba pra\u0161omi kaip i\u0161\u0117mimas i\u0161 j\u016bs\u0173 paskyros. Visa tai darote internetu &#8211; patogiai ir saugiai. Reik\u0161ming\u0173 priz\u0173 atveju Lottomet pad\u0117s jums pasirinkti patogiausi\u0105 prizo gavimo form\u0105. Dideli prizai paprastai pervedimai \u012f j\u016bs\u0173 nurodyt\u0105 banko s\u0105skait\u0105 ir kai kuriais atvejais gali reikalauti j\u016bs\u0173 buvimo, kad gal\u0117tum\u0117te atsiimti laim\u0117jim\u0105. Mes taip pat tai suorganizuosime, kad gal\u0117tum\u0117te visapusi\u0161kai m\u0117gautis laim\u0117jimais, kaip ir daugelis m\u016bs\u0173 dabartini\u0173 laim\u0117toj\u0173.<\/p>\n<hr \/>\n<h2><img loading=\"lazy\" decoding=\"async\" class=\"alignleft wp-image-21650 lazy loaded\" src=\"https:\/\/lottomat.net\/wp-content\/uploads\/2020\/06\/online-lotto.png\" alt=\"internetin\u0117 loterija\" width=\"130\" height=\"130\" data-src=\"https:\/\/lottomat.net\/wp-content\/uploads\/2020\/06\/online-lotto.png\" data-was-processed=\"true\" srcset=\"https:\/\/lottomat.com\/wp-content\/uploads\/2020\/06\/online-lotto.png 400w, https:\/\/lottomat.com\/wp-content\/uploads\/2020\/06\/online-lotto-300x300.png 300w, https:\/\/lottomat.com\/wp-content\/uploads\/2020\/06\/online-lotto-150x150.png 150w, https:\/\/lottomat.com\/wp-content\/uploads\/2020\/06\/online-lotto-100x100.png 100w\" sizes=\"auto, (max-width: 130px) 100vw, 130px\" \/>Ar yra koki\u0173 nors b\u016bd\u0173 laim\u0117ti?<\/h2>\n<p>Norime jus u\u017etikrinti, kad toki\u0173 b\u016bd\u0173 ne\u017einome. Loterijos, kaip ir dauguma skai\u010di\u0173 \u017eaidim\u0173, yra grind\u017eiamos atsitiktinumu. Tikriausiai gird\u0117jote, kad kas nors atrado sistem\u0105 Loto \u017eaidimui ar kitam azartiniam \u017eaidimui. Nepaisant \u012frodym\u0173, kad tam tikri skai\u010diai i\u0161traukiami da\u017eniau nei kiti, ekspertai sutinka, kad \u012frodytos sistemos n\u0117ra. Tai yra Loto paradoksas. \u010cia visi turi vienodas galimybes, tod\u0117l galb\u016bt b\u016btent \u0161iandien j\u016bs\u0173 skai\u010di\u0173 rinkinys laim\u0117s. Taigi \u017eaiskime sistemingai, nes likimas gali nusi\u0161ypsoti bet kuriuo metu. M\u016bs\u0173 dabartiniai laim\u0117tojai si\u016blo, kad reguliarumas ir nuoseklus \u017eaidimas yra raktai \u012f laim\u0117jim\u0105.<\/p>\n<hr \/>\n<h2 style=\"text-align: center;\"><span style=\"color: #00b3ff;\">Su mumis galite \u017eaisti 24\/7, 365 dienas per metus.<\/span><\/h2>\n","protected":false},"excerpt":{"rendered":"<p>Ar galiu \u017eaisti kitose \u0161alyse prieinam\u0173 loterij\u0173? Taip, taip, taip! Atsakymas \u012f da\u017eniausiai m\u016bs\u0173 \u017eaid\u0117j\u0173 u\u017eduodam\u0105 klausim\u0105 yra taip &#8211; galite \u017eaisti did\u017eiausias pasaulio loterijas nepriklausomai nuo j\u016bs\u0173 gyvenamosios \u0161alies. Lottomat svetain\u0117je did\u017eiausios loterijos yra prieinamos jums be poreikio lankytis bet kurioje loterijos \u012fstaigoje, \u012fskaitant artimiausi\u0105 j\u016bs\u0173 gyvenamojoje \u0161alyje. Lottomat rasite loterijas, kurios garantuoja did\u017eiausius [&hellip;]<\/p>\n","protected":false},"author":1,"featured_media":0,"parent":0,"menu_order":1,"comment_status":"closed","ping_status":"closed","template":"lotto.php","meta":{"_et_pb_use_builder":"","_et_pb_old_content":"","_et_gb_content_width":"","exclude_from_search":false,"footnotes":""},"class_list":["post-6403","page","type-page","status-publish","hentry"],"yoast_head":"<!-- This site is optimized with the Yoast SEO plugin v23.8 - https:\/\/yoast.com\/wordpress\/plugins\/seo\/ -->\n<title>Lotto internetu - pirkti loterijos bilietus internetu - Lottomat.com<\/title>\n<meta name=\"description\" content=\"Lottomat si\u016blo did\u017eiausias pasaulio loterijas su geriausiais aukso puodais. \u017daiskite internetu ir laim\u0117kite daug! Pirkite bilietus ir patikrinkite rezultatus.\" \/>\n<meta name=\"robots\" content=\"index, follow, max-snippet:-1, max-image-preview:large, max-video-preview:-1\" \/>\n<link rel=\"canonical\" href=\"https:\/\/lottomat.com\/lt\/\" \/>\n<meta property=\"og:locale\" content=\"lt_LT\" \/>\n<meta property=\"og:type\" content=\"article\" \/>\n<meta property=\"og:title\" content=\"Lotto internetu - pirkti loterijos bilietus internetu - Lottomat.com\" \/>\n<meta property=\"og:description\" content=\"Lottomat si\u016blo did\u017eiausias pasaulio loterijas su geriausiais aukso puodais. \u017daiskite internetu ir laim\u0117kite daug! Pirkite bilietus ir patikrinkite rezultatus.\" \/>\n<meta property=\"og:url\" content=\"https:\/\/lottomat.com\/lt\/\" \/>\n<meta property=\"og:site_name\" content=\"Lottomat\" \/>\n<meta property=\"article:modified_time\" content=\"2026-02-13T11:37:08+00:00\" \/>\n<meta property=\"og:image\" content=\"https:\/\/lottomat.com\/wp-content\/uploads\/2025\/03\/play-lotteries-available-in-other-countries-300x300.png\" \/>\n<meta name=\"twitter:card\" content=\"summary_large_image\" \/>\n<meta name=\"twitter:label1\" content=\"Est. reading time\" \/>\n\t<meta name=\"twitter:data1\" content=\"4 minut\u0117s\" \/>\n<script type=\"application\/ld+json\" class=\"yoast-schema-graph\">{\"@context\":\"https:\/\/schema.org\",\"@graph\":[{\"@type\":\"WebPage\",\"@id\":\"https:\/\/lottomat.com\/lt\/\",\"url\":\"https:\/\/lottomat.com\/lt\/\",\"name\":\"Lotto internetu - pirkti loterijos bilietus internetu - Lottomat.com\",\"isPartOf\":{\"@id\":\"https:\/\/lottomat.com\/lt\/#website\"},\"primaryImageOfPage\":{\"@id\":\"https:\/\/lottomat.com\/lt\/#primaryimage\"},\"image\":{\"@id\":\"https:\/\/lottomat.com\/lt\/#primaryimage\"},\"thumbnailUrl\":\"https:\/\/lottomat.com\/wp-content\/uploads\/2025\/03\/play-lotteries-available-in-other-countries-300x300.png\",\"datePublished\":\"2025-03-26T07:12:15+00:00\",\"dateModified\":\"2026-02-13T11:37:08+00:00\",\"description\":\"Lottomat si\u016blo did\u017eiausias pasaulio loterijas su geriausiais aukso puodais. \u017daiskite internetu ir laim\u0117kite daug! Pirkite bilietus ir patikrinkite rezultatus.\",\"breadcrumb\":{\"@id\":\"https:\/\/lottomat.com\/lt\/#breadcrumb\"},\"inLanguage\":\"lt-LT\",\"potentialAction\":[{\"@type\":\"ReadAction\",\"target\":[\"https:\/\/lottomat.com\/lt\/\"]}]},{\"@type\":\"ImageObject\",\"inLanguage\":\"lt-LT\",\"@id\":\"https:\/\/lottomat.com\/lt\/#primaryimage\",\"url\":\"https:\/\/lottomat.com\/wp-content\/uploads\/2025\/03\/play-lotteries-available-in-other-countries-300x300.png\",\"contentUrl\":\"https:\/\/lottomat.com\/wp-content\/uploads\/2025\/03\/play-lotteries-available-in-other-countries-300x300.png\"},{\"@type\":\"BreadcrumbList\",\"@id\":\"https:\/\/lottomat.com\/lt\/#breadcrumb\",\"itemListElement\":[{\"@type\":\"ListItem\",\"position\":1,\"name\":\"Home\",\"item\":\"https:\/\/lottomat.com\/lt\/\"},{\"@type\":\"ListItem\",\"position\":2,\"name\":\"Lottomat &#8211; did\u017eiausios pasaulio loterijos vienoje vietoje\"}]},{\"@type\":\"WebSite\",\"@id\":\"https:\/\/lottomat.com\/lt\/#website\",\"url\":\"https:\/\/lottomat.com\/lt\/\",\"name\":\"Lottomat\",\"description\":\"\",\"potentialAction\":[{\"@type\":\"SearchAction\",\"target\":{\"@type\":\"EntryPoint\",\"urlTemplate\":\"https:\/\/lottomat.com\/lt\/?s={search_term_string}\"},\"query-input\":{\"@type\":\"PropertyValueSpecification\",\"valueRequired\":true,\"valueName\":\"search_term_string\"}}],\"inLanguage\":\"lt-LT\"}]}<\/script>\n<!-- \/ Yoast SEO plugin. -->","yoast_head_json":{"title":"Lotto internetu - pirkti loterijos bilietus internetu - Lottomat.com","description":"Lottomat si\u016blo did\u017eiausias pasaulio loterijas su geriausiais aukso puodais. \u017daiskite internetu ir laim\u0117kite daug! Pirkite bilietus ir patikrinkite rezultatus.","robots":{"index":"index","follow":"follow","max-snippet":"max-snippet:-1","max-image-preview":"max-image-preview:large","max-video-preview":"max-video-preview:-1"},"canonical":"https:\/\/lottomat.com\/lt\/","og_locale":"lt_LT","og_type":"article","og_title":"Lotto internetu - pirkti loterijos bilietus internetu - Lottomat.com","og_description":"Lottomat si\u016blo did\u017eiausias pasaulio loterijas su geriausiais aukso puodais. \u017daiskite internetu ir laim\u0117kite daug! Pirkite bilietus ir patikrinkite rezultatus.","og_url":"https:\/\/lottomat.com\/lt\/","og_site_name":"Lottomat","article_modified_time":"2026-02-13T11:37:08+00:00","og_image":[{"url":"https:\/\/lottomat.com\/wp-content\/uploads\/2025\/03\/play-lotteries-available-in-other-countries-300x300.png"}],"twitter_card":"summary_large_image","twitter_misc":{"Est. reading time":"4 minut\u0117s"},"schema":{"@context":"https:\/\/schema.org","@graph":[{"@type":"WebPage","@id":"https:\/\/lottomat.com\/lt\/","url":"https:\/\/lottomat.com\/lt\/","name":"Lotto internetu - pirkti loterijos bilietus internetu - Lottomat.com","isPartOf":{"@id":"https:\/\/lottomat.com\/lt\/#website"},"primaryImageOfPage":{"@id":"https:\/\/lottomat.com\/lt\/#primaryimage"},"image":{"@id":"https:\/\/lottomat.com\/lt\/#primaryimage"},"thumbnailUrl":"https:\/\/lottomat.com\/wp-content\/uploads\/2025\/03\/play-lotteries-available-in-other-countries-300x300.png","datePublished":"2025-03-26T07:12:15+00:00","dateModified":"2026-02-13T11:37:08+00:00","description":"Lottomat si\u016blo did\u017eiausias pasaulio loterijas su geriausiais aukso puodais. \u017daiskite internetu ir laim\u0117kite daug! Pirkite bilietus ir patikrinkite rezultatus.","breadcrumb":{"@id":"https:\/\/lottomat.com\/lt\/#breadcrumb"},"inLanguage":"lt-LT","potentialAction":[{"@type":"ReadAction","target":["https:\/\/lottomat.com\/lt\/"]}]},{"@type":"ImageObject","inLanguage":"lt-LT","@id":"https:\/\/lottomat.com\/lt\/#primaryimage","url":"https:\/\/lottomat.com\/wp-content\/uploads\/2025\/03\/play-lotteries-available-in-other-countries-300x300.png","contentUrl":"https:\/\/lottomat.com\/wp-content\/uploads\/2025\/03\/play-lotteries-available-in-other-countries-300x300.png"},{"@type":"BreadcrumbList","@id":"https:\/\/lottomat.com\/lt\/#breadcrumb","itemListElement":[{"@type":"ListItem","position":1,"name":"Home","item":"https:\/\/lottomat.com\/lt\/"},{"@type":"ListItem","position":2,"name":"Lottomat &#8211; did\u017eiausios pasaulio loterijos vienoje vietoje"}]},{"@type":"WebSite","@id":"https:\/\/lottomat.com\/lt\/#website","url":"https:\/\/lottomat.com\/lt\/","name":"Lottomat","description":"","potentialAction":[{"@type":"SearchAction","target":{"@type":"EntryPoint","urlTemplate":"https:\/\/lottomat.com\/lt\/?s={search_term_string}"},"query-input":{"@type":"PropertyValueSpecification","valueRequired":true,"valueName":"search_term_string"}}],"inLanguage":"lt-LT"}]}},"_links":{"self":[{"href":"https:\/\/lottomat.com\/lt\/wp-json\/wp\/v2\/pages\/6403","targetHints":{"allow":["GET"]}}],"collection":[{"href":"https:\/\/lottomat.com\/lt\/wp-json\/wp\/v2\/pages"}],"about":[{"href":"https:\/\/lottomat.com\/lt\/wp-json\/wp\/v2\/types\/page"}],"author":[{"embeddable":true,"href":"https:\/\/lottomat.com\/lt\/wp-json\/wp\/v2\/users\/1"}],"replies":[{"embeddable":true,"href":"https:\/\/lottomat.com\/lt\/wp-json\/wp\/v2\/comments?post=6403"}],"version-history":[{"count":1,"href":"https:\/\/lottomat.com\/lt\/wp-json\/wp\/v2\/pages\/6403\/revisions"}],"predecessor-version":[{"id":270984,"href":"https:\/\/lottomat.com\/lt\/wp-json\/wp\/v2\/pages\/6403\/revisions\/270984"}],"wp:attachment":[{"href":"https:\/\/lottomat.com\/lt\/wp-json\/wp\/v2\/media?parent=6403"}],"curies":[{"name":"wp","href":"https:\/\/api.w.org\/{rel}","templated":true}]}}