{"id":273340,"date":"2025-05-18T16:33:53","date_gmt":"2025-05-18T16:33:53","guid":{"rendered":"https:\/\/lottomat.com\/?page_id=273340"},"modified":"2026-03-11T16:11:22","modified_gmt":"2026-03-11T16:11:22","slug":"euromillions-austrija-taisykles-prizai-ir-dzekpotas","status":"publish","type":"page","link":"https:\/\/lottomat.com\/lt\/loterija\/euromillions-austrija-taisykles-prizai-ir-dzekpotas\/","title":{"rendered":"Euromillions Austrija taisykl\u0117s: Prizai ir D\u017eekpotas"},"content":{"rendered":"\n\n<div class=\"kk-star-ratings kksr-auto kksr-align-left kksr-valign-top\"\n    data-payload='{&quot;align&quot;:&quot;left&quot;,&quot;id&quot;:&quot;273340&quot;,&quot;slug&quot;:&quot;default&quot;,&quot;valign&quot;:&quot;top&quot;,&quot;ignore&quot;:&quot;&quot;,&quot;reference&quot;:&quot;auto&quot;,&quot;class&quot;:&quot;&quot;,&quot;count&quot;:&quot;0&quot;,&quot;legendonly&quot;:&quot;&quot;,&quot;readonly&quot;:&quot;&quot;,&quot;score&quot;:&quot;0&quot;,&quot;starsonly&quot;:&quot;&quot;,&quot;best&quot;:&quot;5&quot;,&quot;gap&quot;:&quot;5&quot;,&quot;greet&quot;:&quot;Rate this page&quot;,&quot;legend&quot;:&quot;0\\\/5 - (0 votes)&quot;,&quot;size&quot;:&quot;30&quot;,&quot;title&quot;:&quot;Euromillions Austrija taisykl\u0117s: Prizai ir D\u017eekpotas&quot;,&quot;width&quot;:&quot;0&quot;,&quot;_legend&quot;:&quot;{score}\\\/{best} - ({count} {votes})&quot;,&quot;font_factor&quot;:&quot;1.25&quot;}'>\n            \n<div class=\"kksr-stars\">\n    \n<div class=\"kksr-stars-inactive\">\n            <div class=\"kksr-star\" data-star=\"1\" style=\"padding-right: 5px\">\n            \n\n<div class=\"kksr-icon\" style=\"width: 30px; height: 30px;\"><\/div>\n        <\/div>\n            <div class=\"kksr-star\" data-star=\"2\" style=\"padding-right: 5px\">\n            \n\n<div class=\"kksr-icon\" style=\"width: 30px; height: 30px;\"><\/div>\n        <\/div>\n            <div class=\"kksr-star\" data-star=\"3\" style=\"padding-right: 5px\">\n            \n\n<div class=\"kksr-icon\" style=\"width: 30px; height: 30px;\"><\/div>\n        <\/div>\n            <div class=\"kksr-star\" data-star=\"4\" style=\"padding-right: 5px\">\n            \n\n<div class=\"kksr-icon\" style=\"width: 30px; height: 30px;\"><\/div>\n        <\/div>\n            <div class=\"kksr-star\" data-star=\"5\" style=\"padding-right: 5px\">\n            \n\n<div class=\"kksr-icon\" style=\"width: 30px; height: 30px;\"><\/div>\n        <\/div>\n    <\/div>\n    \n<div class=\"kksr-stars-active\" style=\"width: 0px;\">\n            <div class=\"kksr-star\" style=\"padding-right: 5px\">\n            \n\n<div class=\"kksr-icon\" style=\"width: 30px; height: 30px;\"><\/div>\n        <\/div>\n            <div class=\"kksr-star\" style=\"padding-right: 5px\">\n            \n\n<div class=\"kksr-icon\" style=\"width: 30px; height: 30px;\"><\/div>\n        <\/div>\n            <div class=\"kksr-star\" style=\"padding-right: 5px\">\n            \n\n<div class=\"kksr-icon\" style=\"width: 30px; height: 30px;\"><\/div>\n        <\/div>\n            <div class=\"kksr-star\" style=\"padding-right: 5px\">\n            \n\n<div class=\"kksr-icon\" style=\"width: 30px; height: 30px;\"><\/div>\n        <\/div>\n            <div class=\"kksr-star\" style=\"padding-right: 5px\">\n            \n\n<div class=\"kksr-icon\" style=\"width: 30px; height: 30px;\"><\/div>\n        <\/div>\n    <\/div>\n<\/div>\n                \n\n<div class=\"kksr-legend\" style=\"font-size: 24px;\">\n            <span class=\"kksr-muted\">Rate this page<\/span>\n    <\/div>\n    <\/div>\n<h2>Atraskite EuroMillions Austrija jaudul\u012f \u2013 savo keli\u0105 \u012f gyvenim\u0105 pakeitusias laim\u0117jimus!<\/h2>\n<p><img loading=\"lazy\" decoding=\"async\" class=\"alignleft wp-image-268187\" src=\"https:\/\/lottomat.com\/wp-content\/uploads\/2026\/01\/Austrian-EuroMillions-prizes.webp\" alt=\"Austrijos EuroMillions prizai\" width=\"200\" height=\"200\" srcset=\"https:\/\/lottomat.com\/wp-content\/uploads\/2026\/01\/Austrian-EuroMillions-prizes.webp 400w, https:\/\/lottomat.com\/wp-content\/uploads\/2026\/01\/Austrian-EuroMillions-prizes-300x300.webp 300w, https:\/\/lottomat.com\/wp-content\/uploads\/2026\/01\/Austrian-EuroMillions-prizes-150x150.webp 150w, https:\/\/lottomat.com\/wp-content\/uploads\/2026\/01\/Austrian-EuroMillions-prizes-100x100.webp 100w\" sizes=\"auto, (max-width: 200px) 100vw, 200px\" \/>\u012esivaizduokite, kad rytoj pabustate ir suprantate, jog j\u016bs\u0173 svajon\u0117s pagaliau gali i\u0161sipildyti \u2013 prabang\u016bs namai, egzoti\u0161kos atostogos, finansinis saugumas j\u016bs\u0173 artimiesiems ir laisv\u0117 gyventi savo s\u0105lygomis. Su EuroMillions Austrija, oficialiai \u017einoma kaip EuroMillions EU, \u0161i svajon\u0117 gali tapti j\u016bs\u0173 realybe! Kaip viena populiariausi\u0173 ir jaudinan\u010diausi\u0173 Europos loterij\u0173, EuroMillions Austrija suteikia jums unikali\u0105 galimyb\u0119 laim\u0117ti stulbinan\u010dius d\u017eekpotus ir tapti dalimi \u012fsp\u016bdingos, gyvenim\u0105 kei\u010dian\u010dios patirties. Panagrin\u0117kime visk\u0105, k\u0105 reikia \u017einoti apie \u0161i\u0105 nepaprast\u0105 loterij\u0105 ir kas i\u0161skiria j\u0105 i\u0161 jos JK atitikmens. Su\u017einokite daugiau apie EuroMillions Austrija taisykles, o tada&#8230; <a href=\"https:\/\/lottomat.com\/lt\/zaisti\/euromillions-eu-online-euromillions-austria-bilietai\/\">\u017eaiskite EuroMillions Austrija internete<\/a> per Lottomat!<\/p>\n<h2>Kas yra EuroMillions Austrija (EuroMillions EU)?<\/h2>\n<p>EuroMillions Austrija \u2013 tai Austrijos dalyvavimas garsiojoje EuroMillions loterijoje, tarpvalstybin\u0117je Europos loterijoje, kuri vienija \u017eaid\u0117jus i\u0161 Austrijos, Ispanijos, Pranc\u016bzijos, Belgijos, Airijos, Liuksemburgo, Portugalijos ir \u0160veicarijos. Prad\u0117ta 2004 metais, EuroMillions greitai tapo sensacija visame \u017eemyne d\u0117l savo did\u017eiuli\u0173 d\u017eekpot\u0173 ir paprasto, \u012ftraukian\u010dio \u017eaidimo.<\/p>\n<p>Nor\u0117dami \u017eaisti EuroMillions Austrija, dalyviai pasirenka penkis pagrindinius skai\u010dius nuo 1 iki 50 ir du Laimingosios \u017dvaig\u017ed\u0117s skai\u010dius nuo 1 iki 12. Traukimai vyksta kiekvien\u0105 antradien\u012f ir penktadien\u012f vakare Pary\u017eiuje, o jaudulys tiesiog tvenkiasi ore, nes milijonai europie\u010di\u0173 sulaiko kvap\u0105 tik\u0117damiesi i\u0161vysti savo skai\u010dius!<\/p>\n<h2>Kaip veikia EuroMillions Austrija? EuroMillions Austrija taisykl\u0117s<img loading=\"lazy\" decoding=\"async\" class=\"alignright wp-image-268217\" src=\"https:\/\/lottomat.com\/wp-content\/uploads\/2026\/01\/Austrian-EuroMillions-rules.webp\" alt=\"Austrijos EuroMillions taisykl\u0117s\" width=\"200\" height=\"200\" srcset=\"https:\/\/lottomat.com\/wp-content\/uploads\/2026\/01\/Austrian-EuroMillions-rules.webp 400w, https:\/\/lottomat.com\/wp-content\/uploads\/2026\/01\/Austrian-EuroMillions-rules-300x300.webp 300w, https:\/\/lottomat.com\/wp-content\/uploads\/2026\/01\/Austrian-EuroMillions-rules-150x150.webp 150w, https:\/\/lottomat.com\/wp-content\/uploads\/2026\/01\/Austrian-EuroMillions-rules-100x100.webp 100w\" sizes=\"auto, (max-width: 200px) 100vw, 200px\" \/><\/h2>\n<p>Prad\u0117ti \u017eaisti paprasta ir prieinama kiekvienam. <a href=\"https:\/\/lottomat.com\/lt\/zaisti\/\">Galite \u012fsigyti loterijos bilietus<\/a> \u012fgaliotuose pardavimo vietose visoje Austrijoje arba \u017eaisti internetu i\u0161 savo nam\u0173 patogumo. Minimalus d\u017eekpotas prasideda nuo \u012fsp\u016bding\u0173 17 milijon\u0173 eur\u0173, ta\u010diau su perk\u0117limais jis gali pakilti iki stulbinan\u010di\u0173 240 milijon\u0173 eur\u0173! Yra 13 skirting\u0173 priz\u0173 kategorij\u0173, o tai rei\u0161kia, kad turite daug galimybi\u0173 laim\u0117ti net ir nepataik\u0119 \u012f d\u017eekpot\u0105.<\/p>\n<p>\u017daisdami EuroMillions Austrija, ne tik dalyvaujate loterijoje \u2013 tampate svajotoj\u0173 bendruomen\u0117s dalimi, kuri tikisi to stebuklingo momento, kai j\u0173 gyvenimas pasikeis visiems laikams. Nesvarbu, ar laim\u0117site ma\u017eesn\u012f priz\u0105, ar pataikysite \u012f rekordin\u012f d\u017eekpot\u0105 \u2013 kiekvienas bilietas \u017eada \u0161viesesn\u0119 rytdien\u0105.<\/p>\n<h2>EuroMillions Austrija prie\u0161 EuroMillions UK \u2013 pagrindiniai skirtumai<\/h2>\n<p><img loading=\"lazy\" decoding=\"async\" class=\"alignleft wp-image-268247\" src=\"https:\/\/lottomat.com\/wp-content\/uploads\/2026\/01\/EuroMillions-Austria-jackpot.webp\" alt=\"EuroMillions Austrija d\u017eekpotas\" width=\"200\" height=\"200\" srcset=\"https:\/\/lottomat.com\/wp-content\/uploads\/2026\/01\/EuroMillions-Austria-jackpot.webp 400w, https:\/\/lottomat.com\/wp-content\/uploads\/2026\/01\/EuroMillions-Austria-jackpot-300x300.webp 300w, https:\/\/lottomat.com\/wp-content\/uploads\/2026\/01\/EuroMillions-Austria-jackpot-150x150.webp 150w, https:\/\/lottomat.com\/wp-content\/uploads\/2026\/01\/EuroMillions-Austria-jackpot-100x100.webp 100w\" sizes=\"auto, (max-width: 200px) 100vw, 200px\" \/>Nors tiek Austrija, tiek JK dalyvauja EuroMillions, yra keletas svarbi\u0173 skirtum\u0173, \u012f kuriuos verta atkreipti d\u0117mes\u012f:<\/p>\n<ol>\n<li><strong>Biliet\u0173 kaina<\/strong>: Austrijoje vieno <a href=\"https:\/\/lottomat.com\/lt\/zaisti\/euromillions-eu-online-euromillions-austria-bilietai\/\">EuroMillions Austrija bilieto<\/a> kaina nurodyta eurais. JK biliet\u0173 kaina skai\u010diuojama svarais sterling\u0173 ir yra \u0161iek tiek didesn\u0117 nei Austrijoje, nes apima dalyvavim\u0105 UK Millionaire Maker \u017eaidime, kuris kiekvienoje traukime garantuoja bent vien\u0105 brit\u0173 milijonieri\u0173.<\/li>\n<li><strong>Valiuta ir prizai<\/strong>: EuroMillions Austrija prizai i\u0161mokami eurais, o JK \u017eaid\u0117jai laim\u0117jimus gauna svarais sterling\u0173. Antrini\u0173 priz\u0173 vert\u0117 gali \u0161iek tiek skirtis d\u0117l valiut\u0173 kurs\u0173.<\/li>\n<li><strong>Papildomi \u017eaidimai<\/strong>: Austrijos \u017eaid\u0117jai gali dalyvauti \u201e\u00d6sterreich Bonus&#8221; \u2013 i\u0161skirtiniame papildomame traukime, suteikian\u010diame dar daugiau galimybi\u0173 laim\u0117ti. JK atitikmuo yra Millionaire Maker, kuris automati\u0161kai \u012ftraukiamas su kiekvienu bilietu.<\/li>\n<li><strong>Apmokestinimas<\/strong>: Austrijoje loterijos laim\u0117jimai neapmokestinami, taigi galite pasilikti kiekvien\u0105 savo prizo cent\u0105! JK loterijos laim\u0117jimai taip pat \u0161iuo metu neapmokestinami, ta\u010diau visada patikrinkite naujausius teis\u0117s aktus.<\/li>\n<\/ol>\n<h2>Kod\u0117l verta \u017eaisti EuroMillions Austrija? Gyvenim\u0105 kei\u010dian\u010di\u0173 laim\u0117jim\u0173 magija<\/h2>\n<p>EuroMillions Austrija \u2013 tai ne tik dideli pinigai, bet ir viltis, jaudulys bei galimybi\u0173 jausmas. Kiekvienas traukimas yra nauja proga pakeisti savo gyvenim\u0105, padovanoti \u0161eimai, paremti labdar\u0105 ar leistis \u012f dideles keliones, apie kurias visada svajojote. Istorijos apie paprastus \u017emones, per nakt\u012f tapusius milijonieriais, yra tikros ir \u012fkvepian\u010dios \u2013 galb\u016bt kitas b\u016bsite j\u016bs!<img loading=\"lazy\" decoding=\"async\" class=\"alignright wp-image-268278\" src=\"https:\/\/lottomat.com\/wp-content\/uploads\/2026\/01\/EuroMillions-Austria-rules.webp\" alt=\"EuroMillions Austrija taisykl\u0117s\" width=\"200\" height=\"200\" srcset=\"https:\/\/lottomat.com\/wp-content\/uploads\/2026\/01\/EuroMillions-Austria-rules.webp 400w, https:\/\/lottomat.com\/wp-content\/uploads\/2026\/01\/EuroMillions-Austria-rules-300x300.webp 300w, https:\/\/lottomat.com\/wp-content\/uploads\/2026\/01\/EuroMillions-Austria-rules-150x150.webp 150w, https:\/\/lottomat.com\/wp-content\/uploads\/2026\/01\/EuroMillions-Austria-rules-100x100.webp 100w\" sizes=\"auto, (max-width: 200px) 100vw, 200px\" \/><\/p>\n<p>Ko laukiate? Kitas EuroMillions Austrija traukimas gali tapti j\u016bs\u0173 bilietu \u012f ateit\u012f, piln\u0105 juoko, prabangos ir beribi\u0173 galimybi\u0173. \u012esigykite biliet\u0105, svajokite pla\u010diai ir m\u0117gaukit\u0117s jauduliu \u2013 nes su EuroMillions Austrija viskas \u012fmanoma!<\/p>\n<p><strong>Prisijunkite prie jaudulio jau \u0161iandien \u2013 ir leiskite savo svajon\u0117ms i\u0161skleisti sparnus su EuroMillions Austrija! Patikrinkite <a href=\"https:\/\/lottomat.com\/lt\/rezultatai\/euromillions-austria-rezultatai-euromillions-eu-laimantys-skaiciai\/\">EuroMillions Austrija laim\u0117jusius skai\u010dius<\/a>.<\/strong><\/p>\n","protected":false},"excerpt":{"rendered":"<p>Atraskite EuroMillions Austrija jaudul\u012f \u2013 savo keli\u0105 \u012f gyvenim\u0105 pakeitusias laim\u0117jimus! \u012esivaizduokite, kad rytoj pabustate ir suprantate, jog j\u016bs\u0173 svajon\u0117s pagaliau gali i\u0161sipildyti \u2013 prabang\u016bs namai, egzoti\u0161kos atostogos, finansinis saugumas j\u016bs\u0173 artimiesiems ir laisv\u0117 gyventi savo s\u0105lygomis. Su EuroMillions Austrija, oficialiai \u017einoma kaip EuroMillions EU, \u0161i svajon\u0117 gali tapti j\u016bs\u0173 realybe! Kaip viena populiariausi\u0173 ir [&hellip;]<\/p>\n","protected":false},"author":2,"featured_media":0,"parent":6894,"menu_order":0,"comment_status":"closed","ping_status":"closed","template":"euromillions-at-info.php","meta":{"_et_pb_use_builder":"","_et_pb_old_content":"","_et_gb_content_width":"","exclude_from_search":false,"footnotes":""},"class_list":["post-273340","page","type-page","status-publish","hentry"],"yoast_head":"<!-- This site is optimized with the Yoast SEO plugin v23.8 - https:\/\/yoast.com\/wordpress\/plugins\/seo\/ -->\n<title>Euromillions Austrija taisykl\u0117s: Prizai ir D\u017eekpotas \u2013 Lottomat<\/title>\n<meta name=\"description\" content=\"Su\u017einokite daugiau apie EuroMillions Austrija \u017eaidimo taisykles. \u010cia galite patikrinti EuroMillions Austrija prizus ir d\u017eekpot\u0105.\" \/>\n<meta name=\"robots\" content=\"index, follow, max-snippet:-1, max-image-preview:large, max-video-preview:-1\" \/>\n<link rel=\"canonical\" href=\"https:\/\/lottomat.com\/lt\/loterija\/euromillions-austrija-taisykles-prizai-ir-dzekpotas\/\" \/>\n<meta property=\"og:locale\" content=\"lt_LT\" \/>\n<meta property=\"og:type\" content=\"article\" \/>\n<meta property=\"og:title\" content=\"Euromillions Austrija taisykl\u0117s: Prizai ir D\u017eekpotas \u2013 Lottomat\" \/>\n<meta property=\"og:description\" content=\"Su\u017einokite daugiau apie EuroMillions Austrija \u017eaidimo taisykles. \u010cia galite patikrinti EuroMillions Austrija prizus ir d\u017eekpot\u0105.\" \/>\n<meta property=\"og:url\" content=\"https:\/\/lottomat.com\/lt\/loterija\/euromillions-austrija-taisykles-prizai-ir-dzekpotas\/\" \/>\n<meta property=\"og:site_name\" content=\"Lottomat\" \/>\n<meta property=\"article:modified_time\" content=\"2026-03-11T16:11:22+00:00\" \/>\n<meta property=\"og:image\" content=\"https:\/\/lottomat.com\/wp-content\/uploads\/2026\/01\/Austrian-EuroMillions-prizes.webp\" \/>\n\t<meta property=\"og:image:width\" content=\"400\" \/>\n\t<meta property=\"og:image:height\" content=\"400\" \/>\n\t<meta property=\"og:image:type\" content=\"image\/webp\" \/>\n<meta name=\"twitter:card\" content=\"summary_large_image\" \/>\n<meta name=\"twitter:label1\" content=\"Est. reading time\" \/>\n\t<meta name=\"twitter:data1\" content=\"4 minut\u0117s\" \/>\n<script type=\"application\/ld+json\" class=\"yoast-schema-graph\">{\"@context\":\"https:\/\/schema.org\",\"@graph\":[{\"@type\":\"WebPage\",\"@id\":\"https:\/\/lottomat.com\/lt\/loterija\/euromillions-austrija-taisykles-prizai-ir-dzekpotas\/\",\"url\":\"https:\/\/lottomat.com\/lt\/loterija\/euromillions-austrija-taisykles-prizai-ir-dzekpotas\/\",\"name\":\"Euromillions Austrija taisykl\u0117s: Prizai ir D\u017eekpotas \u2013 Lottomat\",\"isPartOf\":{\"@id\":\"https:\/\/lottomat.com\/lt\/#website\"},\"primaryImageOfPage\":{\"@id\":\"https:\/\/lottomat.com\/lt\/loterija\/euromillions-austrija-taisykles-prizai-ir-dzekpotas\/#primaryimage\"},\"image\":{\"@id\":\"https:\/\/lottomat.com\/lt\/loterija\/euromillions-austrija-taisykles-prizai-ir-dzekpotas\/#primaryimage\"},\"thumbnailUrl\":\"https:\/\/lottomat.com\/wp-content\/uploads\/2026\/01\/Austrian-EuroMillions-prizes.webp\",\"datePublished\":\"2025-05-18T16:33:53+00:00\",\"dateModified\":\"2026-03-11T16:11:22+00:00\",\"description\":\"Su\u017einokite daugiau apie EuroMillions Austrija \u017eaidimo taisykles. \u010cia galite patikrinti EuroMillions Austrija prizus ir d\u017eekpot\u0105.\",\"breadcrumb\":{\"@id\":\"https:\/\/lottomat.com\/lt\/loterija\/euromillions-austrija-taisykles-prizai-ir-dzekpotas\/#breadcrumb\"},\"inLanguage\":\"lt-LT\",\"potentialAction\":[{\"@type\":\"ReadAction\",\"target\":[\"https:\/\/lottomat.com\/lt\/loterija\/euromillions-austrija-taisykles-prizai-ir-dzekpotas\/\"]}]},{\"@type\":\"ImageObject\",\"inLanguage\":\"lt-LT\",\"@id\":\"https:\/\/lottomat.com\/lt\/loterija\/euromillions-austrija-taisykles-prizai-ir-dzekpotas\/#primaryimage\",\"url\":\"https:\/\/lottomat.com\/wp-content\/uploads\/2026\/01\/Austrian-EuroMillions-prizes.webp\",\"contentUrl\":\"https:\/\/lottomat.com\/wp-content\/uploads\/2026\/01\/Austrian-EuroMillions-prizes.webp\"},{\"@type\":\"BreadcrumbList\",\"@id\":\"https:\/\/lottomat.com\/lt\/loterija\/euromillions-austrija-taisykles-prizai-ir-dzekpotas\/#breadcrumb\",\"itemListElement\":[{\"@type\":\"ListItem\",\"position\":1,\"name\":\"Home\",\"item\":\"https:\/\/lottomat.com\/lt\/\"},{\"@type\":\"ListItem\",\"position\":2,\"name\":\"Loterijos taisykl\u0117s: prizai, d\u017eekpotas ir galimyb\u0117s laim\u0117ti\",\"item\":\"https:\/\/lottomat.com\/lt\/loterija\/\"},{\"@type\":\"ListItem\",\"position\":3,\"name\":\"Euromillions Austrija taisykl\u0117s: Prizai ir D\u017eekpotas\"}]},{\"@type\":\"WebSite\",\"@id\":\"https:\/\/lottomat.com\/lt\/#website\",\"url\":\"https:\/\/lottomat.com\/lt\/\",\"name\":\"Lottomat\",\"description\":\"\",\"potentialAction\":[{\"@type\":\"SearchAction\",\"target\":{\"@type\":\"EntryPoint\",\"urlTemplate\":\"https:\/\/lottomat.com\/lt\/?s={search_term_string}\"},\"query-input\":{\"@type\":\"PropertyValueSpecification\",\"valueRequired\":true,\"valueName\":\"search_term_string\"}}],\"inLanguage\":\"lt-LT\"}]}<\/script>\n<!-- \/ Yoast SEO plugin. -->","yoast_head_json":{"title":"Euromillions Austrija taisykl\u0117s: Prizai ir D\u017eekpotas \u2013 Lottomat","description":"Su\u017einokite daugiau apie EuroMillions Austrija \u017eaidimo taisykles. \u010cia galite patikrinti EuroMillions Austrija prizus ir d\u017eekpot\u0105.","robots":{"index":"index","follow":"follow","max-snippet":"max-snippet:-1","max-image-preview":"max-image-preview:large","max-video-preview":"max-video-preview:-1"},"canonical":"https:\/\/lottomat.com\/lt\/loterija\/euromillions-austrija-taisykles-prizai-ir-dzekpotas\/","og_locale":"lt_LT","og_type":"article","og_title":"Euromillions Austrija taisykl\u0117s: Prizai ir D\u017eekpotas \u2013 Lottomat","og_description":"Su\u017einokite daugiau apie EuroMillions Austrija \u017eaidimo taisykles. \u010cia galite patikrinti EuroMillions Austrija prizus ir d\u017eekpot\u0105.","og_url":"https:\/\/lottomat.com\/lt\/loterija\/euromillions-austrija-taisykles-prizai-ir-dzekpotas\/","og_site_name":"Lottomat","article_modified_time":"2026-03-11T16:11:22+00:00","og_image":[{"width":400,"height":400,"url":"https:\/\/lottomat.com\/wp-content\/uploads\/2026\/01\/Austrian-EuroMillions-prizes.webp","type":"image\/webp"}],"twitter_card":"summary_large_image","twitter_misc":{"Est. reading time":"4 minut\u0117s"},"schema":{"@context":"https:\/\/schema.org","@graph":[{"@type":"WebPage","@id":"https:\/\/lottomat.com\/lt\/loterija\/euromillions-austrija-taisykles-prizai-ir-dzekpotas\/","url":"https:\/\/lottomat.com\/lt\/loterija\/euromillions-austrija-taisykles-prizai-ir-dzekpotas\/","name":"Euromillions Austrija taisykl\u0117s: Prizai ir D\u017eekpotas \u2013 Lottomat","isPartOf":{"@id":"https:\/\/lottomat.com\/lt\/#website"},"primaryImageOfPage":{"@id":"https:\/\/lottomat.com\/lt\/loterija\/euromillions-austrija-taisykles-prizai-ir-dzekpotas\/#primaryimage"},"image":{"@id":"https:\/\/lottomat.com\/lt\/loterija\/euromillions-austrija-taisykles-prizai-ir-dzekpotas\/#primaryimage"},"thumbnailUrl":"https:\/\/lottomat.com\/wp-content\/uploads\/2026\/01\/Austrian-EuroMillions-prizes.webp","datePublished":"2025-05-18T16:33:53+00:00","dateModified":"2026-03-11T16:11:22+00:00","description":"Su\u017einokite daugiau apie EuroMillions Austrija \u017eaidimo taisykles. \u010cia galite patikrinti EuroMillions Austrija prizus ir d\u017eekpot\u0105.","breadcrumb":{"@id":"https:\/\/lottomat.com\/lt\/loterija\/euromillions-austrija-taisykles-prizai-ir-dzekpotas\/#breadcrumb"},"inLanguage":"lt-LT","potentialAction":[{"@type":"ReadAction","target":["https:\/\/lottomat.com\/lt\/loterija\/euromillions-austrija-taisykles-prizai-ir-dzekpotas\/"]}]},{"@type":"ImageObject","inLanguage":"lt-LT","@id":"https:\/\/lottomat.com\/lt\/loterija\/euromillions-austrija-taisykles-prizai-ir-dzekpotas\/#primaryimage","url":"https:\/\/lottomat.com\/wp-content\/uploads\/2026\/01\/Austrian-EuroMillions-prizes.webp","contentUrl":"https:\/\/lottomat.com\/wp-content\/uploads\/2026\/01\/Austrian-EuroMillions-prizes.webp"},{"@type":"BreadcrumbList","@id":"https:\/\/lottomat.com\/lt\/loterija\/euromillions-austrija-taisykles-prizai-ir-dzekpotas\/#breadcrumb","itemListElement":[{"@type":"ListItem","position":1,"name":"Home","item":"https:\/\/lottomat.com\/lt\/"},{"@type":"ListItem","position":2,"name":"Loterijos taisykl\u0117s: prizai, d\u017eekpotas ir galimyb\u0117s laim\u0117ti","item":"https:\/\/lottomat.com\/lt\/loterija\/"},{"@type":"ListItem","position":3,"name":"Euromillions Austrija taisykl\u0117s: Prizai ir D\u017eekpotas"}]},{"@type":"WebSite","@id":"https:\/\/lottomat.com\/lt\/#website","url":"https:\/\/lottomat.com\/lt\/","name":"Lottomat","description":"","potentialAction":[{"@type":"SearchAction","target":{"@type":"EntryPoint","urlTemplate":"https:\/\/lottomat.com\/lt\/?s={search_term_string}"},"query-input":{"@type":"PropertyValueSpecification","valueRequired":true,"valueName":"search_term_string"}}],"inLanguage":"lt-LT"}]}},"_links":{"self":[{"href":"https:\/\/lottomat.com\/lt\/wp-json\/wp\/v2\/pages\/273340","targetHints":{"allow":["GET"]}}],"collection":[{"href":"https:\/\/lottomat.com\/lt\/wp-json\/wp\/v2\/pages"}],"about":[{"href":"https:\/\/lottomat.com\/lt\/wp-json\/wp\/v2\/types\/page"}],"author":[{"embeddable":true,"href":"https:\/\/lottomat.com\/lt\/wp-json\/wp\/v2\/users\/2"}],"replies":[{"embeddable":true,"href":"https:\/\/lottomat.com\/lt\/wp-json\/wp\/v2\/comments?post=273340"}],"version-history":[{"count":3,"href":"https:\/\/lottomat.com\/lt\/wp-json\/wp\/v2\/pages\/273340\/revisions"}],"predecessor-version":[{"id":273343,"href":"https:\/\/lottomat.com\/lt\/wp-json\/wp\/v2\/pages\/273340\/revisions\/273343"}],"up":[{"embeddable":true,"href":"https:\/\/lottomat.com\/lt\/wp-json\/wp\/v2\/pages\/6894"}],"wp:attachment":[{"href":"https:\/\/lottomat.com\/lt\/wp-json\/wp\/v2\/media?parent=273340"}],"curies":[{"name":"wp","href":"https:\/\/api.w.org\/{rel}","templated":true}]}}