{"id":273336,"date":"2025-05-18T16:34:38","date_gmt":"2025-05-18T16:34:38","guid":{"rendered":"https:\/\/lottomat.com\/?page_id=273336"},"modified":"2026-03-11T15:45:20","modified_gmt":"2026-03-11T15:45:20","slug":"euromillions-austria-rezultatai-euromillions-eu-laimantys-skaiciai","status":"publish","type":"page","link":"https:\/\/lottomat.com\/lt\/rezultatai\/euromillions-austria-rezultatai-euromillions-eu-laimantys-skaiciai\/","title":{"rendered":"Euromillions Austria Rezultatai &#8211; Euromillions EU Laimantys Skai\u010diai"},"content":{"rendered":"\n\n<div class=\"kk-star-ratings kksr-auto kksr-align-left kksr-valign-top\"\n    data-payload='{&quot;align&quot;:&quot;left&quot;,&quot;id&quot;:&quot;273336&quot;,&quot;slug&quot;:&quot;default&quot;,&quot;valign&quot;:&quot;top&quot;,&quot;ignore&quot;:&quot;&quot;,&quot;reference&quot;:&quot;auto&quot;,&quot;class&quot;:&quot;&quot;,&quot;count&quot;:&quot;0&quot;,&quot;legendonly&quot;:&quot;&quot;,&quot;readonly&quot;:&quot;&quot;,&quot;score&quot;:&quot;0&quot;,&quot;starsonly&quot;:&quot;&quot;,&quot;best&quot;:&quot;5&quot;,&quot;gap&quot;:&quot;5&quot;,&quot;greet&quot;:&quot;Rate this page&quot;,&quot;legend&quot;:&quot;0\\\/5 - (0 votes)&quot;,&quot;size&quot;:&quot;30&quot;,&quot;title&quot;:&quot;Euromillions Austria Rezultatai - Euromillions EU Laimantys Skai\u010diai&quot;,&quot;width&quot;:&quot;0&quot;,&quot;_legend&quot;:&quot;{score}\\\/{best} - ({count} {votes})&quot;,&quot;font_factor&quot;:&quot;1.25&quot;}'>\n            \n<div class=\"kksr-stars\">\n    \n<div class=\"kksr-stars-inactive\">\n            <div class=\"kksr-star\" data-star=\"1\" style=\"padding-right: 5px\">\n            \n\n<div class=\"kksr-icon\" style=\"width: 30px; height: 30px;\"><\/div>\n        <\/div>\n            <div class=\"kksr-star\" data-star=\"2\" style=\"padding-right: 5px\">\n            \n\n<div class=\"kksr-icon\" style=\"width: 30px; height: 30px;\"><\/div>\n        <\/div>\n            <div class=\"kksr-star\" data-star=\"3\" style=\"padding-right: 5px\">\n            \n\n<div class=\"kksr-icon\" style=\"width: 30px; height: 30px;\"><\/div>\n        <\/div>\n            <div class=\"kksr-star\" data-star=\"4\" style=\"padding-right: 5px\">\n            \n\n<div class=\"kksr-icon\" style=\"width: 30px; height: 30px;\"><\/div>\n        <\/div>\n            <div class=\"kksr-star\" data-star=\"5\" style=\"padding-right: 5px\">\n            \n\n<div class=\"kksr-icon\" style=\"width: 30px; height: 30px;\"><\/div>\n        <\/div>\n    <\/div>\n    \n<div class=\"kksr-stars-active\" style=\"width: 0px;\">\n            <div class=\"kksr-star\" style=\"padding-right: 5px\">\n            \n\n<div class=\"kksr-icon\" style=\"width: 30px; height: 30px;\"><\/div>\n        <\/div>\n            <div class=\"kksr-star\" style=\"padding-right: 5px\">\n            \n\n<div class=\"kksr-icon\" style=\"width: 30px; height: 30px;\"><\/div>\n        <\/div>\n            <div class=\"kksr-star\" style=\"padding-right: 5px\">\n            \n\n<div class=\"kksr-icon\" style=\"width: 30px; height: 30px;\"><\/div>\n        <\/div>\n            <div class=\"kksr-star\" style=\"padding-right: 5px\">\n            \n\n<div class=\"kksr-icon\" style=\"width: 30px; height: 30px;\"><\/div>\n        <\/div>\n            <div class=\"kksr-star\" style=\"padding-right: 5px\">\n            \n\n<div class=\"kksr-icon\" style=\"width: 30px; height: 30px;\"><\/div>\n        <\/div>\n    <\/div>\n<\/div>\n                \n\n<div class=\"kksr-legend\" style=\"font-size: 24px;\">\n            <span class=\"kksr-muted\">Rate this page<\/span>\n    <\/div>\n    <\/div>\n<h2>Atraskite EuroMillions Austria Rezultat\u0173 Jaudul\u012f<img loading=\"lazy\" decoding=\"async\" class=\"alignright wp-image-268309\" src=\"https:\/\/lottomat.com\/wp-content\/uploads\/2026\/01\/Austrian-EuroMillions-draw.webp\" alt=\"Austrijos EuroMillions traukimas\" width=\"200\" height=\"200\" srcset=\"https:\/\/lottomat.com\/wp-content\/uploads\/2026\/01\/Austrian-EuroMillions-draw.webp 400w, https:\/\/lottomat.com\/wp-content\/uploads\/2026\/01\/Austrian-EuroMillions-draw-300x300.webp 300w, https:\/\/lottomat.com\/wp-content\/uploads\/2026\/01\/Austrian-EuroMillions-draw-150x150.webp 150w, https:\/\/lottomat.com\/wp-content\/uploads\/2026\/01\/Austrian-EuroMillions-draw-100x100.webp 100w\" sizes=\"auto, (max-width: 200px) 100vw, 200px\" \/><\/h2>\n<p>Jei kada nors svajojote pakeisti savo gyvenim\u0105 per vien\u0105 nakt\u012f, EuroMillions Austria yra loterija, kuri svajones paver\u010dia tikrove. Su jaudinan\u010diais traukimais, gyvenim\u0105 kei\u010dian\u010diais jackpotais ir nuostabi\u0173 laim\u0117toj\u0173 istorijomis, EuroMillions Austria kiekvien\u0105 savait\u0119 \u017eavi milijon\u0173 \u017emoni\u0173 vaizduot\u0119 visoje Europoje. Nesvarbu, ar esate patyr\u0119s \u017eaid\u0117jas, ar tik galvojate \u012fsigyti pirm\u0105j\u012f biliet\u0105 \u2013 rezultat\u0173 ir galimybi\u0173 skaitymas gali u\u017edegti jaudulio ir vilties kibirk\u0161t\u012f. Panirkime \u012f EuroMillions Austria rezultat\u0173 pasaul\u012f, pa\u017evelkime \u012f did\u017eiausius laim\u0117jimus ir pamatykime, kaip da\u017enai laim\u0117 \u0161ypsosi s\u0117kmingiems \u017eaid\u0117jams!<\/p>\n<h2>Rekordiniai Laim\u0117jimai: Susipa\u017einkite su Did\u017eiausiais EuroMillions Austria Laim\u0117tojais<\/h2>\n<p>Kalbant apie stulbinan\u010dius jackpotus, EuroMillions Austria tikrai \u012fra\u0161\u0117 save \u012f istorij\u0105. Loterija, kaip didesnio EuroMillions konsorciumo dalis, reguliariai si\u016blo prizus, galin\u010dius pasiekti nepaprastas sumas \u2013 kartais vir\u0161ijan\u010dias 100 milijon\u0173 eur\u0173. B\u0117gant metams Austrijoje \u012fvyko keli i\u0161skirtiniai laim\u0117jimai, am\u017eiams pakeit\u0119 t\u0173, kuriems atiteko laimingieji bilietai, gyvenimus.<img loading=\"lazy\" decoding=\"async\" class=\"alignleft wp-image-268340\" src=\"https:\/\/lottomat.com\/wp-content\/uploads\/2026\/01\/Austrian-EuroMillions-numbers.webp\" alt=\"Austrijos EuroMillions skai\u010diai\" width=\"200\" height=\"200\" srcset=\"https:\/\/lottomat.com\/wp-content\/uploads\/2026\/01\/Austrian-EuroMillions-numbers.webp 400w, https:\/\/lottomat.com\/wp-content\/uploads\/2026\/01\/Austrian-EuroMillions-numbers-300x300.webp 300w, https:\/\/lottomat.com\/wp-content\/uploads\/2026\/01\/Austrian-EuroMillions-numbers-150x150.webp 150w, https:\/\/lottomat.com\/wp-content\/uploads\/2026\/01\/Austrian-EuroMillions-numbers-100x100.webp 100w\" sizes=\"auto, (max-width: 200px) 100vw, 200px\" \/><\/p>\n<p>Vienas garsiausi\u0173 laim\u0117jim\u0173 Austrijoje \u012fvyko 2020 met\u0173 rugpj\u016bt\u012f, kai Vienos koleg\u0173 grup\u0117 laim\u0117jo ne\u012ftik\u0117tinus 45 milijonus eur\u0173. J\u0173 istorija tapo sensacija visoje \u0161alyje \u2013 draugai ir \u0161eimos nariai \u0161vent\u0117, o laim\u0117tojai vos gal\u0117jo patik\u0117ti savo laime. Tai buvo ne tik vieno \u017emogaus laim\u0117jimas, bet visos komandos, kuri\u0173 gyvenimas pasikeit\u0117 bendrai.<\/p>\n<p>Kitas nepamir\u0161tamas momentas \u012fvyko 2018 metais, kai Zalcburgo \u017eaid\u0117jas atitiko visus penkis pagrindinius skai\u010dius ir abu Lucky Stars, laim\u0117damas 30 milijon\u0173 eur\u0173 jackpot\u0105. Laim\u0117tojas pasirinko likti anonimi\u0161kas, ta\u010diau vietin\u0117 \u017einiasklaida prane\u0161\u0117 apie jaudulio bang\u0105 Zalcburge, kai miestas kunkuliavo sp\u0117lion\u0117mis ir d\u017eiaugsmu d\u0117l \u0161ios naujienos.<\/p>\n<p>Nors tai vieni did\u017eiausi\u0173, jie toli gra\u017eu ne vienintel\u0117s s\u0117km\u0117s istorijos. Visoje Austrijoje \u2013 nuo Graco iki Insbruko \u2013 EuroMillions suk\u016br\u0117 nauj\u0173 milijonieri\u0173, kuri\u0173 kiekvienas turi sav\u0105 unikali\u0105 istorij\u0105 apie tai, kaip vienas bilietas pakeit\u0117 visk\u0105.<\/p>\n<h2>Kaip Da\u017enai Pasitaiko EuroMillions Austria Laim\u0117jimai?<\/h2>\n<p>Vienas jaudinan\u010diausi\u0173 EuroMillions Austria aspekt\u0173 \u2013 da\u017enumas, kuriuo laimimos <a href=\"https:\/\/lottomat.com\/lt\/loterija\/euromillions\/\">gyvenim\u0105 kei\u010dian\u010dios EuroMillions Austria premijos<\/a>. Su dviem traukimais kiekvien\u0105 savait\u0119 \u2013 antradien\u012f ir penktadien\u012f \u2013 galimybi\u0173 laim\u0117ti yra daugiau nei pakankamai. Statistika rodo, kad Austrijos \u017eaid\u0117jai reguliariai laimi did\u017eiulius prizus tiek jackpoto, tiek antrini\u0173 priz\u0173 lygiuose.<\/p>\n<p>Tikimyb\u0117 laim\u0117ti kok\u012f nors priz\u0105 EuroMillions yra skatinanti \u2013 1 i\u0161 13, tai rei\u0161kia, kad beveik kiekvienas traukimas atne\u0161a nauj\u0105 laim\u0117toj\u0173 bang\u0105. Austrijoje \u0161imtai t\u016bkstan\u010di\u0173 \u017eaid\u0117j\u0173 kasmet gauna prizus \u2013 nuo ma\u017eesni\u0173 pinigini\u0173 apdovanojim\u0173 iki keli\u0173 milijon\u0173 eur\u0173 jackpot\u0173.<img loading=\"lazy\" decoding=\"async\" class=\"alignright wp-image-268370\" src=\"https:\/\/lottomat.com\/wp-content\/uploads\/2026\/01\/EuroMillions-Austria-draw.webp\" alt=\"EuroMillions Austria traukimas\" width=\"200\" height=\"200\" srcset=\"https:\/\/lottomat.com\/wp-content\/uploads\/2026\/01\/EuroMillions-Austria-draw.webp 400w, https:\/\/lottomat.com\/wp-content\/uploads\/2026\/01\/EuroMillions-Austria-draw-300x300.webp 300w, https:\/\/lottomat.com\/wp-content\/uploads\/2026\/01\/EuroMillions-Austria-draw-150x150.webp 150w, https:\/\/lottomat.com\/wp-content\/uploads\/2026\/01\/EuroMillions-Austria-draw-100x100.webp 100w\" sizes=\"auto, (max-width: 200px) 100vw, 200px\" \/><\/p>\n<p>Dar jaudinan\u010diau tai, kad EuroMillions Austria jackpotas da\u017enai kaupiasi, did\u0117damas su kiekvienu traukimu, kol ka\u017ekas atitinka visus skai\u010dius. Tai gali lemti staig\u0173 biliet\u0173 pardavimo \u0161uol\u012f ir ap\u010diuopiam\u0105 laukimo jausm\u0105 visoje \u0161alyje, jackpotui kylant vis auk\u0161\u010diau.<\/p>\n<p>Laiminti ne tik pavieniai \u017eaid\u0117jai. Sindikatai \u2013 draug\u0173, \u0161eim\u0173 ar koleg\u0173 grup\u0117s \u2013 reguliariai jungiasi kartu pirkdami EuroMillions Austria bilietus, taip didindami savo laim\u0117jimo \u0161ansus ir, daugeliu atvej\u0173, dalijasi didelio laim\u0117jimo d\u017eiaugsmu.<\/p>\n<h2>EuroMillions Laim\u0117jimo D\u017eiaugsmas ir Galimyb\u0117s<\/h2>\n<p>\u012esivaizduokite, kaip prabundate ir su\u017einote, kad esate naujausias Austrijos milijonierius. Galimyb\u0117s yra berib\u0117s: keliauti po pasaul\u012f, nusipirkti svajoni\u0173 namus, paremti artimuosius ar investuoti \u012f aistros projekt\u0105, apie kur\u012f visada svajojote. Daugeliui EuroMillions Austria laim\u0117toj\u0173 didelio laim\u0117jimo tikrov\u0117 pasirodo dar geresn\u0117, nei jie \u012fsivaizdavo.<\/p>\n<p>Gausu istorij\u0173 apie laim\u0117tojus, panaudojusius naujai \u012fgyt\u0105 turt\u0105 poky\u010diams \u2013 ne tik savo gyvenime, bet ir bendruomen\u0117se. Vieni paaukojo vietin\u0117ms labdaros organizacijoms, kiti \u012fk\u016br\u0117 darbo vietas kurian\u010dias \u012fmones ar i\u0161pild\u0117 senas svajon\u0117s. Nesvarbu, ar tai spontani\u0161kas nuotykis, ar kruop\u0161\u010diai suplanuota pensija \u2013 laisv\u0117, kuri\u0105 suteikia EuroMillions laim\u0117jimas, yra tikrai nuostabi.<\/p>\n<p>Kiekvien\u0105 antradien\u012f ir penktadien\u012f, skelbiant rezultatus, t\u016bkstan\u010diai austri\u0173 patiria laukimo jaudul\u012f. Tikrinti savo skai\u010dius, \u012fsivaizduoti, k\u0105 darytum\u0117te laim\u0117j\u0119, ir dalytis jauduliu su draugais bei \u0161eima \u2013 visa tai yra ta magija, d\u0117l kurios EuroMillions Austria yra tokia ypatinga.<\/p>\n<h2>EuroMillions Austria Rezultat\u0173 Tikrinimas: Pirmasis \u017dingsnis \u012f Nauj\u0105 Gyvenim\u0105<\/h2>\n<p><img loading=\"lazy\" decoding=\"async\" class=\"alignleft wp-image-268401\" src=\"https:\/\/lottomat.com\/wp-content\/uploads\/2026\/01\/EuroMillions-Austria-results.webp\" alt=\"EuroMillions Austria rezultatai\" width=\"200\" height=\"200\" srcset=\"https:\/\/lottomat.com\/wp-content\/uploads\/2026\/01\/EuroMillions-Austria-results.webp 400w, https:\/\/lottomat.com\/wp-content\/uploads\/2026\/01\/EuroMillions-Austria-results-300x300.webp 300w, https:\/\/lottomat.com\/wp-content\/uploads\/2026\/01\/EuroMillions-Austria-results-150x150.webp 150w, https:\/\/lottomat.com\/wp-content\/uploads\/2026\/01\/EuroMillions-Austria-results-100x100.webp 100w\" sizes=\"auto, (max-width: 200px) 100vw, 200px\" \/>Sekti naujausius EuroMillions Austria rezultatus yra b\u016btina kiekvienam \u017eaid\u0117jui. <a href=\"https:\/\/lottomat.com\/lt\/rezultatai\/\">Oficial\u016bs loterijos rezultatai<\/a> skelbiami netrukus po kiekvieno traukimo, o juos patikrinti dar niekada nebuvo taip paprasta \u2013 internetu, per oficialias program\u0117les ar pas vietin\u012f loterijos platintoj\u0105. Kai atskleid\u017eiami laimantys skai\u010diai, \u0161irdys dau\u017eosi grei\u010diau, o viltys kyla auk\u0161tyn, \u017eaid\u0117jams visoje Austrijoje laukiant, ar jie bus kitas laimingas laim\u0117tojas.<\/p>\n<p>Jei pastebite, kad laikote laimant\u012f biliet\u0105, procesas yra paprastas. Did\u017eiulius prizus galima atsiimti Austrijos loterij\u0173 b\u016bstin\u0117je, kur teikiama visapusi\u0161ka pagalba kiekviename \u017eingsnyje. Net jei laimite ma\u017eesn\u012f priz\u0105, galite jo atsiimti pas \u012fgaliotus platintojus, tod\u0117l kiekvienas laim\u0117jimas yra prieinamas ir saugus.<\/p>\n<p>Atminkite, kad kiekvienas EuroMillions Austria traukimas atne\u0161a nauj\u0173 galimybi\u0173. Net jei nelaim\u0117jote jackpoto, yra dvylika skirting\u0173 priz\u0173 kategorij\u0173, tai rei\u0161kia, kad t\u016bkstan\u010diai austri\u0173 kiekvien\u0105 savait\u0119 d\u017eiaugiasi laim\u0117jimais \u2013 dideliais ir ma\u017eais.<\/p>\n<hr \/>\n<p>EuroMillions Austria yra daugiau nei tik \u017eaidimas \u2013 tai vartai \u012f svajones, jaudul\u012f ir galimyb\u0119 patirti gyvenim\u0105 visi\u0161kai nauju b\u016bdu. Su kiekvienu traukimu ra\u0161omos naujos istorijos ir nauji laim\u0117tojai \u017eengia \u012f \u0161vies\u0105. Ar j\u016bs b\u016bsite kitas, prisijung\u0119s prie j\u0173 gretos? <a href=\"https:\/\/lottomat.com\/lt\/zaisti\/euromillions-eu-online-euromillions-austria-bilietai\/\">\u017daiskite EuroMillions Austria internetu<\/a>, patikrinkite naujausius EuroMillions Austria rezultatus ir dr\u0105siai svajokite!<\/p>\n","protected":false},"excerpt":{"rendered":"<p>Atraskite EuroMillions Austria Rezultat\u0173 Jaudul\u012f Jei kada nors svajojote pakeisti savo gyvenim\u0105 per vien\u0105 nakt\u012f, EuroMillions Austria yra loterija, kuri svajones paver\u010dia tikrove. Su jaudinan\u010diais traukimais, gyvenim\u0105 kei\u010dian\u010diais jackpotais ir nuostabi\u0173 laim\u0117toj\u0173 istorijomis, EuroMillions Austria kiekvien\u0105 savait\u0119 \u017eavi milijon\u0173 \u017emoni\u0173 vaizduot\u0119 visoje Europoje. Nesvarbu, ar esate patyr\u0119s \u017eaid\u0117jas, ar tik galvojate \u012fsigyti pirm\u0105j\u012f biliet\u0105 \u2013 [&hellip;]<\/p>\n","protected":false},"author":2,"featured_media":0,"parent":7436,"menu_order":0,"comment_status":"closed","ping_status":"closed","template":"euromillions-results.php","meta":{"_et_pb_use_builder":"","_et_pb_old_content":"","_et_gb_content_width":"","exclude_from_search":false,"footnotes":""},"class_list":["post-273336","page","type-page","status-publish","hentry"],"yoast_head":"<!-- This site is optimized with the Yoast SEO plugin v23.8 - https:\/\/yoast.com\/wordpress\/plugins\/seo\/ -->\n<title>Euromillions Austria Rezultatai - Euromillions EU Laimantys Skai\u010diai - Lottomat<\/title>\n<meta name=\"description\" content=\"Patikrinkite naujausius EuroMillions Austria rezultatus ir laiman\u010dius skai\u010dius. Su\u017einokite daugiau apie oficialius traukimo rezultatus.\" \/>\n<meta name=\"robots\" content=\"index, follow, max-snippet:-1, max-image-preview:large, max-video-preview:-1\" \/>\n<link rel=\"canonical\" href=\"https:\/\/lottomat.com\/lt\/rezultatai\/euromillions-austria-rezultatai-euromillions-eu-laimantys-skaiciai\/\" \/>\n<meta property=\"og:locale\" content=\"lt_LT\" \/>\n<meta property=\"og:type\" content=\"article\" \/>\n<meta property=\"og:title\" content=\"Euromillions Austria Rezultatai - Euromillions EU Laimantys Skai\u010diai - Lottomat\" \/>\n<meta property=\"og:description\" content=\"Patikrinkite naujausius EuroMillions Austria rezultatus ir laiman\u010dius skai\u010dius. Su\u017einokite daugiau apie oficialius traukimo rezultatus.\" \/>\n<meta property=\"og:url\" content=\"https:\/\/lottomat.com\/lt\/rezultatai\/euromillions-austria-rezultatai-euromillions-eu-laimantys-skaiciai\/\" \/>\n<meta property=\"og:site_name\" content=\"Lottomat\" \/>\n<meta property=\"article:modified_time\" content=\"2026-03-11T15:45:20+00:00\" \/>\n<meta property=\"og:image\" content=\"https:\/\/lottomat.com\/wp-content\/uploads\/2026\/01\/Austrian-EuroMillions-draw.webp\" \/>\n\t<meta property=\"og:image:width\" content=\"400\" \/>\n\t<meta property=\"og:image:height\" content=\"400\" \/>\n\t<meta property=\"og:image:type\" content=\"image\/webp\" \/>\n<meta name=\"twitter:card\" content=\"summary_large_image\" \/>\n<meta name=\"twitter:label1\" content=\"Est. reading time\" \/>\n\t<meta name=\"twitter:data1\" content=\"4 minut\u0117s\" \/>\n<script type=\"application\/ld+json\" class=\"yoast-schema-graph\">{\"@context\":\"https:\/\/schema.org\",\"@graph\":[{\"@type\":\"WebPage\",\"@id\":\"https:\/\/lottomat.com\/lt\/rezultatai\/euromillions-austria-rezultatai-euromillions-eu-laimantys-skaiciai\/\",\"url\":\"https:\/\/lottomat.com\/lt\/rezultatai\/euromillions-austria-rezultatai-euromillions-eu-laimantys-skaiciai\/\",\"name\":\"Euromillions Austria Rezultatai - Euromillions EU Laimantys Skai\u010diai - Lottomat\",\"isPartOf\":{\"@id\":\"https:\/\/lottomat.com\/lt\/#website\"},\"primaryImageOfPage\":{\"@id\":\"https:\/\/lottomat.com\/lt\/rezultatai\/euromillions-austria-rezultatai-euromillions-eu-laimantys-skaiciai\/#primaryimage\"},\"image\":{\"@id\":\"https:\/\/lottomat.com\/lt\/rezultatai\/euromillions-austria-rezultatai-euromillions-eu-laimantys-skaiciai\/#primaryimage\"},\"thumbnailUrl\":\"https:\/\/lottomat.com\/wp-content\/uploads\/2026\/01\/Austrian-EuroMillions-draw.webp\",\"datePublished\":\"2025-05-18T16:34:38+00:00\",\"dateModified\":\"2026-03-11T15:45:20+00:00\",\"description\":\"Patikrinkite naujausius EuroMillions Austria rezultatus ir laiman\u010dius skai\u010dius. Su\u017einokite daugiau apie oficialius traukimo rezultatus.\",\"breadcrumb\":{\"@id\":\"https:\/\/lottomat.com\/lt\/rezultatai\/euromillions-austria-rezultatai-euromillions-eu-laimantys-skaiciai\/#breadcrumb\"},\"inLanguage\":\"lt-LT\",\"potentialAction\":[{\"@type\":\"ReadAction\",\"target\":[\"https:\/\/lottomat.com\/lt\/rezultatai\/euromillions-austria-rezultatai-euromillions-eu-laimantys-skaiciai\/\"]}]},{\"@type\":\"ImageObject\",\"inLanguage\":\"lt-LT\",\"@id\":\"https:\/\/lottomat.com\/lt\/rezultatai\/euromillions-austria-rezultatai-euromillions-eu-laimantys-skaiciai\/#primaryimage\",\"url\":\"https:\/\/lottomat.com\/wp-content\/uploads\/2026\/01\/Austrian-EuroMillions-draw.webp\",\"contentUrl\":\"https:\/\/lottomat.com\/wp-content\/uploads\/2026\/01\/Austrian-EuroMillions-draw.webp\"},{\"@type\":\"BreadcrumbList\",\"@id\":\"https:\/\/lottomat.com\/lt\/rezultatai\/euromillions-austria-rezultatai-euromillions-eu-laimantys-skaiciai\/#breadcrumb\",\"itemListElement\":[{\"@type\":\"ListItem\",\"position\":1,\"name\":\"Home\",\"item\":\"https:\/\/lottomat.com\/lt\/\"},{\"@type\":\"ListItem\",\"position\":2,\"name\":\"Naujausi loterijos rezultatai ir laim\u0117j\u0119 numeriai\",\"item\":\"https:\/\/lottomat.com\/lt\/rezultatai\/\"},{\"@type\":\"ListItem\",\"position\":3,\"name\":\"Euromillions Austria Rezultatai &#8211; Euromillions EU Laimantys Skai\u010diai\"}]},{\"@type\":\"WebSite\",\"@id\":\"https:\/\/lottomat.com\/lt\/#website\",\"url\":\"https:\/\/lottomat.com\/lt\/\",\"name\":\"Lottomat\",\"description\":\"\",\"potentialAction\":[{\"@type\":\"SearchAction\",\"target\":{\"@type\":\"EntryPoint\",\"urlTemplate\":\"https:\/\/lottomat.com\/lt\/?s={search_term_string}\"},\"query-input\":{\"@type\":\"PropertyValueSpecification\",\"valueRequired\":true,\"valueName\":\"search_term_string\"}}],\"inLanguage\":\"lt-LT\"}]}<\/script>\n<!-- \/ Yoast SEO plugin. -->","yoast_head_json":{"title":"Euromillions Austria Rezultatai - Euromillions EU Laimantys Skai\u010diai - Lottomat","description":"Patikrinkite naujausius EuroMillions Austria rezultatus ir laiman\u010dius skai\u010dius. Su\u017einokite daugiau apie oficialius traukimo rezultatus.","robots":{"index":"index","follow":"follow","max-snippet":"max-snippet:-1","max-image-preview":"max-image-preview:large","max-video-preview":"max-video-preview:-1"},"canonical":"https:\/\/lottomat.com\/lt\/rezultatai\/euromillions-austria-rezultatai-euromillions-eu-laimantys-skaiciai\/","og_locale":"lt_LT","og_type":"article","og_title":"Euromillions Austria Rezultatai - Euromillions EU Laimantys Skai\u010diai - Lottomat","og_description":"Patikrinkite naujausius EuroMillions Austria rezultatus ir laiman\u010dius skai\u010dius. Su\u017einokite daugiau apie oficialius traukimo rezultatus.","og_url":"https:\/\/lottomat.com\/lt\/rezultatai\/euromillions-austria-rezultatai-euromillions-eu-laimantys-skaiciai\/","og_site_name":"Lottomat","article_modified_time":"2026-03-11T15:45:20+00:00","og_image":[{"width":400,"height":400,"url":"https:\/\/lottomat.com\/wp-content\/uploads\/2026\/01\/Austrian-EuroMillions-draw.webp","type":"image\/webp"}],"twitter_card":"summary_large_image","twitter_misc":{"Est. reading time":"4 minut\u0117s"},"schema":{"@context":"https:\/\/schema.org","@graph":[{"@type":"WebPage","@id":"https:\/\/lottomat.com\/lt\/rezultatai\/euromillions-austria-rezultatai-euromillions-eu-laimantys-skaiciai\/","url":"https:\/\/lottomat.com\/lt\/rezultatai\/euromillions-austria-rezultatai-euromillions-eu-laimantys-skaiciai\/","name":"Euromillions Austria Rezultatai - Euromillions EU Laimantys Skai\u010diai - Lottomat","isPartOf":{"@id":"https:\/\/lottomat.com\/lt\/#website"},"primaryImageOfPage":{"@id":"https:\/\/lottomat.com\/lt\/rezultatai\/euromillions-austria-rezultatai-euromillions-eu-laimantys-skaiciai\/#primaryimage"},"image":{"@id":"https:\/\/lottomat.com\/lt\/rezultatai\/euromillions-austria-rezultatai-euromillions-eu-laimantys-skaiciai\/#primaryimage"},"thumbnailUrl":"https:\/\/lottomat.com\/wp-content\/uploads\/2026\/01\/Austrian-EuroMillions-draw.webp","datePublished":"2025-05-18T16:34:38+00:00","dateModified":"2026-03-11T15:45:20+00:00","description":"Patikrinkite naujausius EuroMillions Austria rezultatus ir laiman\u010dius skai\u010dius. Su\u017einokite daugiau apie oficialius traukimo rezultatus.","breadcrumb":{"@id":"https:\/\/lottomat.com\/lt\/rezultatai\/euromillions-austria-rezultatai-euromillions-eu-laimantys-skaiciai\/#breadcrumb"},"inLanguage":"lt-LT","potentialAction":[{"@type":"ReadAction","target":["https:\/\/lottomat.com\/lt\/rezultatai\/euromillions-austria-rezultatai-euromillions-eu-laimantys-skaiciai\/"]}]},{"@type":"ImageObject","inLanguage":"lt-LT","@id":"https:\/\/lottomat.com\/lt\/rezultatai\/euromillions-austria-rezultatai-euromillions-eu-laimantys-skaiciai\/#primaryimage","url":"https:\/\/lottomat.com\/wp-content\/uploads\/2026\/01\/Austrian-EuroMillions-draw.webp","contentUrl":"https:\/\/lottomat.com\/wp-content\/uploads\/2026\/01\/Austrian-EuroMillions-draw.webp"},{"@type":"BreadcrumbList","@id":"https:\/\/lottomat.com\/lt\/rezultatai\/euromillions-austria-rezultatai-euromillions-eu-laimantys-skaiciai\/#breadcrumb","itemListElement":[{"@type":"ListItem","position":1,"name":"Home","item":"https:\/\/lottomat.com\/lt\/"},{"@type":"ListItem","position":2,"name":"Naujausi loterijos rezultatai ir laim\u0117j\u0119 numeriai","item":"https:\/\/lottomat.com\/lt\/rezultatai\/"},{"@type":"ListItem","position":3,"name":"Euromillions Austria Rezultatai &#8211; Euromillions EU Laimantys Skai\u010diai"}]},{"@type":"WebSite","@id":"https:\/\/lottomat.com\/lt\/#website","url":"https:\/\/lottomat.com\/lt\/","name":"Lottomat","description":"","potentialAction":[{"@type":"SearchAction","target":{"@type":"EntryPoint","urlTemplate":"https:\/\/lottomat.com\/lt\/?s={search_term_string}"},"query-input":{"@type":"PropertyValueSpecification","valueRequired":true,"valueName":"search_term_string"}}],"inLanguage":"lt-LT"}]}},"_links":{"self":[{"href":"https:\/\/lottomat.com\/lt\/wp-json\/wp\/v2\/pages\/273336","targetHints":{"allow":["GET"]}}],"collection":[{"href":"https:\/\/lottomat.com\/lt\/wp-json\/wp\/v2\/pages"}],"about":[{"href":"https:\/\/lottomat.com\/lt\/wp-json\/wp\/v2\/types\/page"}],"author":[{"embeddable":true,"href":"https:\/\/lottomat.com\/lt\/wp-json\/wp\/v2\/users\/2"}],"replies":[{"embeddable":true,"href":"https:\/\/lottomat.com\/lt\/wp-json\/wp\/v2\/comments?post=273336"}],"version-history":[{"count":2,"href":"https:\/\/lottomat.com\/lt\/wp-json\/wp\/v2\/pages\/273336\/revisions"}],"predecessor-version":[{"id":273338,"href":"https:\/\/lottomat.com\/lt\/wp-json\/wp\/v2\/pages\/273336\/revisions\/273338"}],"up":[{"embeddable":true,"href":"https:\/\/lottomat.com\/lt\/wp-json\/wp\/v2\/pages\/7436"}],"wp:attachment":[{"href":"https:\/\/lottomat.com\/lt\/wp-json\/wp\/v2\/media?parent=273336"}],"curies":[{"name":"wp","href":"https:\/\/api.w.org\/{rel}","templated":true}]}}