{"id":273333,"date":"2025-05-18T16:39:08","date_gmt":"2025-05-18T16:39:08","guid":{"rendered":"https:\/\/lottomat.com\/?page_id=273333"},"modified":"2026-03-11T15:33:12","modified_gmt":"2026-03-11T15:33:12","slug":"euromillions-eu-online-euromillions-austria-bilietai","status":"publish","type":"page","link":"https:\/\/lottomat.com\/lt\/zaisti\/euromillions-eu-online-euromillions-austria-bilietai\/","title":{"rendered":"Euromillions EU Online &#8211; Euromillions Austria Bilietai"},"content":{"rendered":"\n\n<div class=\"kk-star-ratings kksr-auto kksr-align-left kksr-valign-top\"\n    data-payload='{&quot;align&quot;:&quot;left&quot;,&quot;id&quot;:&quot;273333&quot;,&quot;slug&quot;:&quot;default&quot;,&quot;valign&quot;:&quot;top&quot;,&quot;ignore&quot;:&quot;&quot;,&quot;reference&quot;:&quot;auto&quot;,&quot;class&quot;:&quot;&quot;,&quot;count&quot;:&quot;0&quot;,&quot;legendonly&quot;:&quot;&quot;,&quot;readonly&quot;:&quot;&quot;,&quot;score&quot;:&quot;0&quot;,&quot;starsonly&quot;:&quot;&quot;,&quot;best&quot;:&quot;5&quot;,&quot;gap&quot;:&quot;5&quot;,&quot;greet&quot;:&quot;Rate this page&quot;,&quot;legend&quot;:&quot;0\\\/5 - (0 votes)&quot;,&quot;size&quot;:&quot;30&quot;,&quot;title&quot;:&quot;Euromillions EU Online - Euromillions Austria Bilietai&quot;,&quot;width&quot;:&quot;0&quot;,&quot;_legend&quot;:&quot;{score}\\\/{best} - ({count} {votes})&quot;,&quot;font_factor&quot;:&quot;1.25&quot;}'>\n            \n<div class=\"kksr-stars\">\n    \n<div class=\"kksr-stars-inactive\">\n            <div class=\"kksr-star\" data-star=\"1\" style=\"padding-right: 5px\">\n            \n\n<div class=\"kksr-icon\" style=\"width: 30px; height: 30px;\"><\/div>\n        <\/div>\n            <div class=\"kksr-star\" data-star=\"2\" style=\"padding-right: 5px\">\n            \n\n<div class=\"kksr-icon\" style=\"width: 30px; height: 30px;\"><\/div>\n        <\/div>\n            <div class=\"kksr-star\" data-star=\"3\" style=\"padding-right: 5px\">\n            \n\n<div class=\"kksr-icon\" style=\"width: 30px; height: 30px;\"><\/div>\n        <\/div>\n            <div class=\"kksr-star\" data-star=\"4\" style=\"padding-right: 5px\">\n            \n\n<div class=\"kksr-icon\" style=\"width: 30px; height: 30px;\"><\/div>\n        <\/div>\n            <div class=\"kksr-star\" data-star=\"5\" style=\"padding-right: 5px\">\n            \n\n<div class=\"kksr-icon\" style=\"width: 30px; height: 30px;\"><\/div>\n        <\/div>\n    <\/div>\n    \n<div class=\"kksr-stars-active\" style=\"width: 0px;\">\n            <div class=\"kksr-star\" style=\"padding-right: 5px\">\n            \n\n<div class=\"kksr-icon\" style=\"width: 30px; height: 30px;\"><\/div>\n        <\/div>\n            <div class=\"kksr-star\" style=\"padding-right: 5px\">\n            \n\n<div class=\"kksr-icon\" style=\"width: 30px; height: 30px;\"><\/div>\n        <\/div>\n            <div class=\"kksr-star\" style=\"padding-right: 5px\">\n            \n\n<div class=\"kksr-icon\" style=\"width: 30px; height: 30px;\"><\/div>\n        <\/div>\n            <div class=\"kksr-star\" style=\"padding-right: 5px\">\n            \n\n<div class=\"kksr-icon\" style=\"width: 30px; height: 30px;\"><\/div>\n        <\/div>\n            <div class=\"kksr-star\" style=\"padding-right: 5px\">\n            \n\n<div class=\"kksr-icon\" style=\"width: 30px; height: 30px;\"><\/div>\n        <\/div>\n    <\/div>\n<\/div>\n                \n\n<div class=\"kksr-legend\" style=\"font-size: 24px;\">\n            <span class=\"kksr-muted\">Rate this page<\/span>\n    <\/div>\n    <\/div>\n<h2>Atraskite Euromillions EU Jaudul\u012f \u2013 Austri\u0161kas Kelias \u012f Didelius Laim\u0117jimus<\/h2>\n<p><img loading=\"lazy\" decoding=\"async\" class=\"alignright wp-image-268063\" src=\"https:\/\/lottomat.com\/wp-content\/uploads\/2026\/01\/Austrian-EuroMillions.webp\" alt=\"Austrijos EuroMillions\" width=\"200\" height=\"200\" srcset=\"https:\/\/lottomat.com\/wp-content\/uploads\/2026\/01\/Austrian-EuroMillions.webp 400w, https:\/\/lottomat.com\/wp-content\/uploads\/2026\/01\/Austrian-EuroMillions-300x300.webp 300w, https:\/\/lottomat.com\/wp-content\/uploads\/2026\/01\/Austrian-EuroMillions-150x150.webp 150w, https:\/\/lottomat.com\/wp-content\/uploads\/2026\/01\/Austrian-EuroMillions-100x100.webp 100w\" sizes=\"auto, (max-width: 200px) 100vw, 200px\" \/><\/p>\n<p>\u012esivaizduokite, kaip prabundate gyvenime, kuriame visos j\u016bs\u0173 svajon\u0117s yra pasiekiamos, o vakar vakare pasirinkti skai\u010diai am\u017eiams pakeit\u0117 j\u016bs\u0173 ateit\u012f. Tai jaudulys, kuris laukia kiekvieno <strong>Euromillions EU<\/strong>, dar \u017einomo kaip <strong>Euromillions Austria<\/strong>, dalyvio. Su jackpotais, \u017eadinan\u010diais vaizduot\u0119, ir milijon\u0173 \u017emoni\u0173 susijaudinimu, \u0161i loterija yra j\u016bs\u0173 bilietas \u012f galimybi\u0173 pasaul\u012f.<\/p>\n<p>Euromillions EU \u2013 tai ne tik dar viena loterija, tai patirtis, vienijanti \u017eaid\u0117jus visame \u017eemyne, kuriant bendr\u0105 vilt\u012f praturt\u0117ti. Laukimas, traukimo nakties jaudulys ir galimyb\u0117 prisijungti prie Europos did\u017eiausi\u0173 laim\u0117toj\u0173 \u2013 viskas prasideda nuo vieno bilieto.<\/p>\n<h2>Kas Daro Euromillions Austria Ypating\u0105?<\/h2>\n<p>Jei esate susipa\u017ein\u0119 su pasauliniu Euromillions fenomenu, galb\u016bt svarstote, kuo ES versija \u2013 ypa\u010d Euromillions Austria \u2013 skiriasi nuo JK atitikmens. Atsakymas slypi detal\u0117se, o loterijos entuziastams tos detal\u0117s yra svarbios.<\/p>\n<p><img loading=\"lazy\" decoding=\"async\" class=\"alignleft wp-image-268094\" src=\"https:\/\/lottomat.com\/wp-content\/uploads\/2026\/01\/EuroMillions-Austria-online.webp\" alt=\"EuroMillions Austria internetu\" width=\"200\" height=\"200\" srcset=\"https:\/\/lottomat.com\/wp-content\/uploads\/2026\/01\/EuroMillions-Austria-online.webp 400w, https:\/\/lottomat.com\/wp-content\/uploads\/2026\/01\/EuroMillions-Austria-online-300x300.webp 300w, https:\/\/lottomat.com\/wp-content\/uploads\/2026\/01\/EuroMillions-Austria-online-150x150.webp 150w, https:\/\/lottomat.com\/wp-content\/uploads\/2026\/01\/EuroMillions-Austria-online-100x100.webp 100w\" sizes=\"auto, (max-width: 200px) 100vw, 200px\" \/>Euromillions EU laikosi <a href=\"https:\/\/lottomat.com\/lt\/loterija\/euromillions\/\">klasikinio Euromillions formato<\/a>, ta\u010diau bilietai perkami ir laim\u0117jimai i\u0161mokami pagal Austrijos taisykles ir apmokestinim\u0105. Tai da\u017enai rei\u0161kia skirtingas i\u0161mok\u0173 strukt\u016bras ir kartais palankesnes mokestines s\u0105lygas laim\u0117tojams, priklausomai nuo j\u016bs\u0173 gyvenamosios \u0161alies. Skirtingai nei JK versijoje, kur bilietai perkami svarais ir taikomi Britanijos loterijos reglamentai, Euromillions Austria veikia eurais ir laikosi Austrijos azartini\u0173 lo\u0161im\u0173 \u012fstatym\u0173. Tai gali tur\u0117ti \u012ftakos ne tik tam, kaip \u017eaid\u017eiate, bet ir tam, kiek gal\u0173 gale gaunate laim\u0117j\u0119.<\/p>\n<p>Kitas pastebimas skirtumas \u2013 papildom\u0173 \u017eaidim\u0173 ir rafeli\u0173, kurie kartais lydi Euromillions UK traukimus, pavyzd\u017eiui, UK Millionaire Maker, asortimentas. Nors jie skirti tik JK dalyviams, \u017eaid\u017eiant per Euromillions EU tampate tikros visos Europos loterijos patirties dalimi, dalydamiesi jauduliu su \u017eaid\u0117jais i\u0161 Austrijos, Ispanijos, Pranc\u016bzijos, Portugalijos, Belgijos, Airijos, Liuksemburgo ir \u0160veicarijos. Bendruomeni\u0161kumas ir \u017eaidimo mastas kiekvien\u0105 traukim\u0105 paver\u010dia tikrai tarptautiniu \u012fvykiu.<\/p>\n<h2>Jaudulio Ritmas \u2013 Kada Vyksta Traukimai?<\/h2>\n<p>Euromillions EU palaiko jaudul\u012f dviem traukimais per savait\u0119 \u2013 kiekvien\u0105 antradienio ir penktadienio vakar\u0105. Toks reguliarus ritmas rei\u0161kia, kad galimyb\u0117 pakeisti savo gyvenim\u0105 visada yra \u010dia pat \u2013 kiekvien\u0105 kart\u0105 iki kito \u0161anso tapti kitu dideliu Europos laim\u0117toju t\u0117ra keletas dien\u0173. Laukimas auga vis\u0105 savait\u0119, o kiekvienas traukimas yra naujas prad\u017eios ta\u0161kas, \u0161vie\u017eia galimyb\u0117 laimei, kuri gali pasirodyti visai netik\u0117tai.<\/p>\n<p>Yra ypatingos magijos \u017einojime, kad du kartus per savait\u0119 ka\u017ekas ka\u017ekur Europoje i\u0161vys savo skai\u010dius. Kod\u0117l tai negal\u0117tum\u0117te b\u016bti j\u016bs? Su tokiais da\u017enais traukimais Euromillions EU si\u016blo daugyb\u0119 galimybi\u0173 \u017eaisti, svajoti ir laim\u0117ti.<\/p>\n<h2>Kod\u0117l Verta \u017daisti Euromillions Austria? D\u017eiaugsmas Siekiant Dideli\u0173 Svajoni\u0173<\/h2>\n<p>Tikrasis Euromillions EU \u017eavesys slypi gyvenim\u0105 kei\u010dian\u010diose galimyb\u0117se, kurias ji si\u016blo. Jackpotai reguliariai pasiekia svaigstan\u010dias auk\u0161tumas, kartais vir\u0161ydami 200 milijon\u0173 eur\u0173. \u012esivaizduokite, k\u0105 gal\u0117tum\u0117te padaryti su tokiu laim\u0117jimu \u2013 ar tai b\u016bt\u0173 kelion\u0117s po pasaul\u012f, svajoni\u0173 nam\u0173 pirkimas, \u0161eimos ateities u\u017etikrinimas ar paramos teikimas jums svarbiausiems tikslams. Horizontas ple\u010diasi, o vienintel\u0117 riba yra j\u016bs\u0173 vaizduot\u0117.<\/p>\n<p>Ta\u010diau be did\u017eiuli\u0173 i\u0161mok\u0173, yra ka\u017ekas giliai vertinga b\u016bti tokios legendin\u0117s loterijos dalimi. Kiekvienas bilietas yra vilties pa\u017eadas, nedidel\u0117 investicija \u012f tik\u0117jim\u0105, kad laim\u0117 gali nusi\u0161ypsoti b\u016btent jums. Did\u017eiulis laukimas prie\u0161 traukim\u0105, akimirka, kai paskelbiami j\u016bs\u0173 skai\u010diai, ir adrenalino antpl\u016bdis \u2013 tai patirtis, \u012fne\u0161anti jaudulio \u012f kasdien\u012f gyvenim\u0105.<img loading=\"lazy\" decoding=\"async\" class=\"alignright wp-image-268125\" src=\"https:\/\/lottomat.com\/wp-content\/uploads\/2026\/01\/EuroMillions-Austria-tickets.webp\" alt=\"EuroMillions Austria bilietai\" width=\"200\" height=\"200\" srcset=\"https:\/\/lottomat.com\/wp-content\/uploads\/2026\/01\/EuroMillions-Austria-tickets.webp 400w, https:\/\/lottomat.com\/wp-content\/uploads\/2026\/01\/EuroMillions-Austria-tickets-300x300.webp 300w, https:\/\/lottomat.com\/wp-content\/uploads\/2026\/01\/EuroMillions-Austria-tickets-150x150.webp 150w, https:\/\/lottomat.com\/wp-content\/uploads\/2026\/01\/EuroMillions-Austria-tickets-100x100.webp 100w\" sizes=\"auto, (max-width: 200px) 100vw, 200px\" \/><\/p>\n<p>Norint tikrai priimti loterijos gyvenimo b\u016bd\u0105, nuoseklumas yra raktas. S\u0117kmingiausi loterijos \u017eaid\u0117jai \u017eino, kad reguliarus \u017eaidimas yra pagrindinis j\u016bs\u0173 \u0161ans\u0173 didinimo b\u016bdas. Kiekvienas praleistas traukimas yra prarasta galimyb\u0117, tod\u0117l padarykite tai \u012fpro\u010diu \u2013 pirkite bilietus, rinkit\u0117s skai\u010dius, laukite <a href=\"https:\/\/lottomat.com\/lt\/zaisti\/euromillions\/\">oficiali\u0173 EuroMillions Austria rezultat\u0173<\/a> ir i\u0161likite \u017eaidime. Juk nelaim\u0117site, jei ne\u017eaisite, o niekada ne\u017einote, kada ateis j\u016bs\u0173 laimingoji diena.<\/p>\n<h2>Daugiau nei Tik Euromillions \u2013 Lottomat Atveria Vis\u0105 Pasaul\u012f<\/h2>\n<p>Nors Euromillions EU ir jos JK atitikmuo yra tarp <a href=\"https:\/\/lottomat.com\/lt\/zaisti\/\">populiariausi\u0173 Europos loterij\u0173<\/a>, tai tik prad\u017eia to, kas \u012fmanoma Lottomat platformoje. M\u016bs\u0173 platforma pristato vis\u0105 loterijos pasaul\u012f jums po ranka \u2013 nuo galingojo Powerball ir <a href=\"https:\/\/lottomat.com\/lt\/zaisti\/mega-millions\/\">Mega Millions<\/a> Jungtin\u0117se Valstijose iki Italijos <a href=\"https:\/\/lottomat.com\/lt\/zaisti\/superenalotto\/\">SuperEnalotto<\/a>, Ispanijos El Gordo ir daugelio kit\u0173. Kiekviena loterija si\u016blo savo unikal\u0173 skon\u012f, \u0161ansus ir jackpot\u0173 dyd\u017eius, suteikdama jums begal\u0119 b\u016bd\u0173 \u017eaisti ir laim\u0117ti.<\/p>\n<p>\u017daidimas keliose loterijose yra strategija, kuri\u0105 taiko daugelis patyrusi\u0173 \u017eaid\u0117j\u0173. Paskirstydami statymus skirtinguose \u017eaidimuose, ne tik ple\u010diate savo akirat\u012f, bet ir \u017eymiai didinate savo galimybes laim\u0117ti didel\u012f priz\u0105. Kiekvienas bilietas yra nauja galimyb\u0117, kiekvienas traukimas yra naujas nuotykis. Lottomat platformoje turite laisv\u0119 tyrin\u0117ti, eksperimentuoti ir rasti \u017eaidimus, kurie atitinka j\u016bs\u0173 jaudulio poj\u016bt\u012f.<\/p>\n<p>Loterij\u0173 pasaulis kupinas istorij\u0173 \u2013 apie paprastus \u017emones, kuri\u0173 gyvenimas pasikeit\u0117 per akimirk\u0105, apie i\u0161sipild\u017eiusias svajones ir perra\u0161ytas likim\u0173 istorijas. Su kiekvienu bilietu, kur\u012f perkate, prisijungiate prie \u0161ios globalios svajotoj\u0173 ir laim\u0117toj\u0173 bendruomen\u0117s. Kita istorija gali b\u016bti j\u016bs\u0173.<\/p>\n<h2>J\u016bs\u0173 Kelion\u0117 \u012f S\u0117km\u0119 Prasideda \u010cia<\/h2>\n<p><img loading=\"lazy\" decoding=\"async\" class=\"alignleft wp-image-268155\" src=\"https:\/\/lottomat.com\/wp-content\/uploads\/2026\/01\/play-EuroMillions-Austria.webp\" alt=\"\u017eaisti EuroMillions Austria\" width=\"200\" height=\"200\" srcset=\"https:\/\/lottomat.com\/wp-content\/uploads\/2026\/01\/play-EuroMillions-Austria.webp 400w, https:\/\/lottomat.com\/wp-content\/uploads\/2026\/01\/play-EuroMillions-Austria-300x300.webp 300w, https:\/\/lottomat.com\/wp-content\/uploads\/2026\/01\/play-EuroMillions-Austria-150x150.webp 150w, https:\/\/lottomat.com\/wp-content\/uploads\/2026\/01\/play-EuroMillions-Austria-100x100.webp 100w\" sizes=\"auto, (max-width: 200px) 100vw, 200px\" \/>Euromillions EU yra daugiau nei tik \u017eaidimas \u2013 tai vartai \u012f \u0161viesesn\u0119 ateit\u012f. Laukimo jaudulys, galimybi\u0173 d\u017eiaugsmas ir \u0161ansas tapti vienu i\u0161 did\u017eiausi\u0173 Europos laim\u0117toj\u0173 yra j\u016bs\u0173 pasiekiami. Nesvarbu, ar \u017eaid\u017eiate pirm\u0105 kart\u0105, ar esate patyr\u0119s loterijos entuziastas, n\u0117ra geresnio laiko \u012fsitraukti.<\/p>\n<p>Atminkite, kad laim\u0117jimo raktas yra dalyvavimas. Kuo daugiau \u017eaid\u017eiate, tuo didesn\u0117s j\u016bs\u0173 galimyb\u0117s prisijungti prie t\u0173 laiming\u0173j\u0173, kuri\u0173 gyvenimas pasikeit\u0117 d\u0117l vieno bilieto. Neleiskite praeiti dar vienam traukimui pro \u0161al\u012f \u2013 pasinaudokite savo \u0161ansu, priimkite jaudul\u012f ir leiskite Euromillions EU atverti duris \u012f gyvenim\u0105, apie kur\u012f visada svajojote.<\/p>\n<p>O jei ie\u0161kote dar daugiau b\u016bd\u0173 padidinti savo \u0161ansus, i\u0161tyrin\u0117kite turting\u0105 tarptautini\u0173 loterij\u0173 pasirinkim\u0105 Lottomat platformoje. Kiekvienas \u017eaidimas yra nauja galimyb\u0117, naujas horizontas ir nauja prie\u017eastis tik\u0117ti, kad laim\u0117 \u0161ypsosi dr\u0105suoliams. J\u016bs\u0173 nuotykis prasideda dabar \u2013 ar esate pasiruo\u0161\u0119 \u017eaisti?<\/p>\n","protected":false},"excerpt":{"rendered":"<p>Atraskite Euromillions EU Jaudul\u012f \u2013 Austri\u0161kas Kelias \u012f Didelius Laim\u0117jimus \u012esivaizduokite, kaip prabundate gyvenime, kuriame visos j\u016bs\u0173 svajon\u0117s yra pasiekiamos, o vakar vakare pasirinkti skai\u010diai am\u017eiams pakeit\u0117 j\u016bs\u0173 ateit\u012f. Tai jaudulys, kuris laukia kiekvieno Euromillions EU, dar \u017einomo kaip Euromillions Austria, dalyvio. Su jackpotais, \u017eadinan\u010diais vaizduot\u0119, ir milijon\u0173 \u017emoni\u0173 susijaudinimu, \u0161i loterija yra j\u016bs\u0173 bilietas [&hellip;]<\/p>\n","protected":false},"author":2,"featured_media":0,"parent":6782,"menu_order":0,"comment_status":"closed","ping_status":"closed","template":"euromillions-at.php","meta":{"_et_pb_use_builder":"","_et_pb_old_content":"","_et_gb_content_width":"","exclude_from_search":false,"footnotes":""},"class_list":["post-273333","page","type-page","status-publish","hentry"],"yoast_head":"<!-- This site is optimized with the Yoast SEO plugin v23.8 - https:\/\/yoast.com\/wordpress\/plugins\/seo\/ -->\n<title>Euromillions EU Online - Euromillions Austria Bilietai - Lottomat<\/title>\n<meta name=\"description\" content=\"\u017daiskite EuroMillions Austria internetu Lottomat platformoje. \u010cia galite pirkti EuroMillions Austria bilietus internetu art\u0117jan\u010diam traukimui.\" \/>\n<meta name=\"robots\" content=\"index, follow, max-snippet:-1, max-image-preview:large, max-video-preview:-1\" \/>\n<link rel=\"canonical\" href=\"https:\/\/lottomat.com\/lt\/zaisti\/euromillions-eu-online-euromillions-austria-bilietai\/\" \/>\n<meta property=\"og:locale\" content=\"lt_LT\" \/>\n<meta property=\"og:type\" content=\"article\" \/>\n<meta property=\"og:title\" content=\"Euromillions EU Online - Euromillions Austria Bilietai - Lottomat\" \/>\n<meta property=\"og:description\" content=\"\u017daiskite EuroMillions Austria internetu Lottomat platformoje. \u010cia galite pirkti EuroMillions Austria bilietus internetu art\u0117jan\u010diam traukimui.\" \/>\n<meta property=\"og:url\" content=\"https:\/\/lottomat.com\/lt\/zaisti\/euromillions-eu-online-euromillions-austria-bilietai\/\" \/>\n<meta property=\"og:site_name\" content=\"Lottomat\" \/>\n<meta property=\"article:modified_time\" content=\"2026-03-11T15:33:12+00:00\" \/>\n<meta property=\"og:image\" content=\"https:\/\/lottomat.com\/wp-content\/uploads\/2026\/01\/Austrian-EuroMillions.webp\" \/>\n\t<meta property=\"og:image:width\" content=\"400\" \/>\n\t<meta property=\"og:image:height\" content=\"400\" \/>\n\t<meta property=\"og:image:type\" content=\"image\/webp\" \/>\n<meta name=\"twitter:card\" content=\"summary_large_image\" \/>\n<meta name=\"twitter:label1\" content=\"Est. reading time\" \/>\n\t<meta name=\"twitter:data1\" content=\"5 minut\u0117s\" \/>\n<script type=\"application\/ld+json\" class=\"yoast-schema-graph\">{\"@context\":\"https:\/\/schema.org\",\"@graph\":[{\"@type\":\"WebPage\",\"@id\":\"https:\/\/lottomat.com\/lt\/zaisti\/euromillions-eu-online-euromillions-austria-bilietai\/\",\"url\":\"https:\/\/lottomat.com\/lt\/zaisti\/euromillions-eu-online-euromillions-austria-bilietai\/\",\"name\":\"Euromillions EU Online - Euromillions Austria Bilietai - Lottomat\",\"isPartOf\":{\"@id\":\"https:\/\/lottomat.com\/lt\/#website\"},\"primaryImageOfPage\":{\"@id\":\"https:\/\/lottomat.com\/lt\/zaisti\/euromillions-eu-online-euromillions-austria-bilietai\/#primaryimage\"},\"image\":{\"@id\":\"https:\/\/lottomat.com\/lt\/zaisti\/euromillions-eu-online-euromillions-austria-bilietai\/#primaryimage\"},\"thumbnailUrl\":\"https:\/\/lottomat.com\/wp-content\/uploads\/2026\/01\/Austrian-EuroMillions.webp\",\"datePublished\":\"2025-05-18T16:39:08+00:00\",\"dateModified\":\"2026-03-11T15:33:12+00:00\",\"description\":\"\u017daiskite EuroMillions Austria internetu Lottomat platformoje. \u010cia galite pirkti EuroMillions Austria bilietus internetu art\u0117jan\u010diam traukimui.\",\"breadcrumb\":{\"@id\":\"https:\/\/lottomat.com\/lt\/zaisti\/euromillions-eu-online-euromillions-austria-bilietai\/#breadcrumb\"},\"inLanguage\":\"lt-LT\",\"potentialAction\":[{\"@type\":\"ReadAction\",\"target\":[\"https:\/\/lottomat.com\/lt\/zaisti\/euromillions-eu-online-euromillions-austria-bilietai\/\"]}]},{\"@type\":\"ImageObject\",\"inLanguage\":\"lt-LT\",\"@id\":\"https:\/\/lottomat.com\/lt\/zaisti\/euromillions-eu-online-euromillions-austria-bilietai\/#primaryimage\",\"url\":\"https:\/\/lottomat.com\/wp-content\/uploads\/2026\/01\/Austrian-EuroMillions.webp\",\"contentUrl\":\"https:\/\/lottomat.com\/wp-content\/uploads\/2026\/01\/Austrian-EuroMillions.webp\"},{\"@type\":\"BreadcrumbList\",\"@id\":\"https:\/\/lottomat.com\/lt\/zaisti\/euromillions-eu-online-euromillions-austria-bilietai\/#breadcrumb\",\"itemListElement\":[{\"@type\":\"ListItem\",\"position\":1,\"name\":\"Home\",\"item\":\"https:\/\/lottomat.com\/lt\/\"},{\"@type\":\"ListItem\",\"position\":2,\"name\":\"\u017daisti loterij\u0105\",\"item\":\"https:\/\/lottomat.com\/lt\/zaisti\/\"},{\"@type\":\"ListItem\",\"position\":3,\"name\":\"Euromillions EU Online &#8211; Euromillions Austria Bilietai\"}]},{\"@type\":\"WebSite\",\"@id\":\"https:\/\/lottomat.com\/lt\/#website\",\"url\":\"https:\/\/lottomat.com\/lt\/\",\"name\":\"Lottomat\",\"description\":\"\",\"potentialAction\":[{\"@type\":\"SearchAction\",\"target\":{\"@type\":\"EntryPoint\",\"urlTemplate\":\"https:\/\/lottomat.com\/lt\/?s={search_term_string}\"},\"query-input\":{\"@type\":\"PropertyValueSpecification\",\"valueRequired\":true,\"valueName\":\"search_term_string\"}}],\"inLanguage\":\"lt-LT\"}]}<\/script>\n<!-- \/ Yoast SEO plugin. -->","yoast_head_json":{"title":"Euromillions EU Online - Euromillions Austria Bilietai - Lottomat","description":"\u017daiskite EuroMillions Austria internetu Lottomat platformoje. \u010cia galite pirkti EuroMillions Austria bilietus internetu art\u0117jan\u010diam traukimui.","robots":{"index":"index","follow":"follow","max-snippet":"max-snippet:-1","max-image-preview":"max-image-preview:large","max-video-preview":"max-video-preview:-1"},"canonical":"https:\/\/lottomat.com\/lt\/zaisti\/euromillions-eu-online-euromillions-austria-bilietai\/","og_locale":"lt_LT","og_type":"article","og_title":"Euromillions EU Online - Euromillions Austria Bilietai - Lottomat","og_description":"\u017daiskite EuroMillions Austria internetu Lottomat platformoje. \u010cia galite pirkti EuroMillions Austria bilietus internetu art\u0117jan\u010diam traukimui.","og_url":"https:\/\/lottomat.com\/lt\/zaisti\/euromillions-eu-online-euromillions-austria-bilietai\/","og_site_name":"Lottomat","article_modified_time":"2026-03-11T15:33:12+00:00","og_image":[{"width":400,"height":400,"url":"https:\/\/lottomat.com\/wp-content\/uploads\/2026\/01\/Austrian-EuroMillions.webp","type":"image\/webp"}],"twitter_card":"summary_large_image","twitter_misc":{"Est. reading time":"5 minut\u0117s"},"schema":{"@context":"https:\/\/schema.org","@graph":[{"@type":"WebPage","@id":"https:\/\/lottomat.com\/lt\/zaisti\/euromillions-eu-online-euromillions-austria-bilietai\/","url":"https:\/\/lottomat.com\/lt\/zaisti\/euromillions-eu-online-euromillions-austria-bilietai\/","name":"Euromillions EU Online - Euromillions Austria Bilietai - Lottomat","isPartOf":{"@id":"https:\/\/lottomat.com\/lt\/#website"},"primaryImageOfPage":{"@id":"https:\/\/lottomat.com\/lt\/zaisti\/euromillions-eu-online-euromillions-austria-bilietai\/#primaryimage"},"image":{"@id":"https:\/\/lottomat.com\/lt\/zaisti\/euromillions-eu-online-euromillions-austria-bilietai\/#primaryimage"},"thumbnailUrl":"https:\/\/lottomat.com\/wp-content\/uploads\/2026\/01\/Austrian-EuroMillions.webp","datePublished":"2025-05-18T16:39:08+00:00","dateModified":"2026-03-11T15:33:12+00:00","description":"\u017daiskite EuroMillions Austria internetu Lottomat platformoje. \u010cia galite pirkti EuroMillions Austria bilietus internetu art\u0117jan\u010diam traukimui.","breadcrumb":{"@id":"https:\/\/lottomat.com\/lt\/zaisti\/euromillions-eu-online-euromillions-austria-bilietai\/#breadcrumb"},"inLanguage":"lt-LT","potentialAction":[{"@type":"ReadAction","target":["https:\/\/lottomat.com\/lt\/zaisti\/euromillions-eu-online-euromillions-austria-bilietai\/"]}]},{"@type":"ImageObject","inLanguage":"lt-LT","@id":"https:\/\/lottomat.com\/lt\/zaisti\/euromillions-eu-online-euromillions-austria-bilietai\/#primaryimage","url":"https:\/\/lottomat.com\/wp-content\/uploads\/2026\/01\/Austrian-EuroMillions.webp","contentUrl":"https:\/\/lottomat.com\/wp-content\/uploads\/2026\/01\/Austrian-EuroMillions.webp"},{"@type":"BreadcrumbList","@id":"https:\/\/lottomat.com\/lt\/zaisti\/euromillions-eu-online-euromillions-austria-bilietai\/#breadcrumb","itemListElement":[{"@type":"ListItem","position":1,"name":"Home","item":"https:\/\/lottomat.com\/lt\/"},{"@type":"ListItem","position":2,"name":"\u017daisti loterij\u0105","item":"https:\/\/lottomat.com\/lt\/zaisti\/"},{"@type":"ListItem","position":3,"name":"Euromillions EU Online &#8211; Euromillions Austria Bilietai"}]},{"@type":"WebSite","@id":"https:\/\/lottomat.com\/lt\/#website","url":"https:\/\/lottomat.com\/lt\/","name":"Lottomat","description":"","potentialAction":[{"@type":"SearchAction","target":{"@type":"EntryPoint","urlTemplate":"https:\/\/lottomat.com\/lt\/?s={search_term_string}"},"query-input":{"@type":"PropertyValueSpecification","valueRequired":true,"valueName":"search_term_string"}}],"inLanguage":"lt-LT"}]}},"_links":{"self":[{"href":"https:\/\/lottomat.com\/lt\/wp-json\/wp\/v2\/pages\/273333","targetHints":{"allow":["GET"]}}],"collection":[{"href":"https:\/\/lottomat.com\/lt\/wp-json\/wp\/v2\/pages"}],"about":[{"href":"https:\/\/lottomat.com\/lt\/wp-json\/wp\/v2\/types\/page"}],"author":[{"embeddable":true,"href":"https:\/\/lottomat.com\/lt\/wp-json\/wp\/v2\/users\/2"}],"replies":[{"embeddable":true,"href":"https:\/\/lottomat.com\/lt\/wp-json\/wp\/v2\/comments?post=273333"}],"version-history":[{"count":2,"href":"https:\/\/lottomat.com\/lt\/wp-json\/wp\/v2\/pages\/273333\/revisions"}],"predecessor-version":[{"id":273335,"href":"https:\/\/lottomat.com\/lt\/wp-json\/wp\/v2\/pages\/273333\/revisions\/273335"}],"up":[{"embeddable":true,"href":"https:\/\/lottomat.com\/lt\/wp-json\/wp\/v2\/pages\/6782"}],"wp:attachment":[{"href":"https:\/\/lottomat.com\/lt\/wp-json\/wp\/v2\/media?parent=273333"}],"curies":[{"name":"wp","href":"https:\/\/api.w.org\/{rel}","templated":true}]}}