{"id":238130,"date":"2025-04-07T19:25:51","date_gmt":"2025-04-07T19:25:51","guid":{"rendered":"https:\/\/lottomat.net\/loterijos-rezultatai\/superenalotto-rezultatai\/"},"modified":"2026-03-11T13:14:22","modified_gmt":"2026-03-11T13:14:22","slug":"superenalotto","status":"publish","type":"page","link":"https:\/\/lottomat.com\/lt\/rezultatai\/superenalotto\/","title":{"rendered":"SuperEnalotto rezultatai ir laimingieji skai\u010diai"},"content":{"rendered":"\n\n<div class=\"kk-star-ratings kksr-auto kksr-align-left kksr-valign-top\"\n    data-payload='{&quot;align&quot;:&quot;left&quot;,&quot;id&quot;:&quot;238130&quot;,&quot;slug&quot;:&quot;default&quot;,&quot;valign&quot;:&quot;top&quot;,&quot;ignore&quot;:&quot;&quot;,&quot;reference&quot;:&quot;auto&quot;,&quot;class&quot;:&quot;&quot;,&quot;count&quot;:&quot;0&quot;,&quot;legendonly&quot;:&quot;&quot;,&quot;readonly&quot;:&quot;&quot;,&quot;score&quot;:&quot;0&quot;,&quot;starsonly&quot;:&quot;&quot;,&quot;best&quot;:&quot;5&quot;,&quot;gap&quot;:&quot;5&quot;,&quot;greet&quot;:&quot;Rate this page&quot;,&quot;legend&quot;:&quot;0\\\/5 - (0 votes)&quot;,&quot;size&quot;:&quot;30&quot;,&quot;title&quot;:&quot;SuperEnalotto rezultatai ir laimingieji skai\u010diai&quot;,&quot;width&quot;:&quot;0&quot;,&quot;_legend&quot;:&quot;{score}\\\/{best} - ({count} {votes})&quot;,&quot;font_factor&quot;:&quot;1.25&quot;}'>\n            \n<div class=\"kksr-stars\">\n    \n<div class=\"kksr-stars-inactive\">\n            <div class=\"kksr-star\" data-star=\"1\" style=\"padding-right: 5px\">\n            \n\n<div class=\"kksr-icon\" style=\"width: 30px; height: 30px;\"><\/div>\n        <\/div>\n            <div class=\"kksr-star\" data-star=\"2\" style=\"padding-right: 5px\">\n            \n\n<div class=\"kksr-icon\" style=\"width: 30px; height: 30px;\"><\/div>\n        <\/div>\n            <div class=\"kksr-star\" data-star=\"3\" style=\"padding-right: 5px\">\n            \n\n<div class=\"kksr-icon\" style=\"width: 30px; height: 30px;\"><\/div>\n        <\/div>\n            <div class=\"kksr-star\" data-star=\"4\" style=\"padding-right: 5px\">\n            \n\n<div class=\"kksr-icon\" style=\"width: 30px; height: 30px;\"><\/div>\n        <\/div>\n            <div class=\"kksr-star\" data-star=\"5\" style=\"padding-right: 5px\">\n            \n\n<div class=\"kksr-icon\" style=\"width: 30px; height: 30px;\"><\/div>\n        <\/div>\n    <\/div>\n    \n<div class=\"kksr-stars-active\" style=\"width: 0px;\">\n            <div class=\"kksr-star\" style=\"padding-right: 5px\">\n            \n\n<div class=\"kksr-icon\" style=\"width: 30px; height: 30px;\"><\/div>\n        <\/div>\n            <div class=\"kksr-star\" style=\"padding-right: 5px\">\n            \n\n<div class=\"kksr-icon\" style=\"width: 30px; height: 30px;\"><\/div>\n        <\/div>\n            <div class=\"kksr-star\" style=\"padding-right: 5px\">\n            \n\n<div class=\"kksr-icon\" style=\"width: 30px; height: 30px;\"><\/div>\n        <\/div>\n            <div class=\"kksr-star\" style=\"padding-right: 5px\">\n            \n\n<div class=\"kksr-icon\" style=\"width: 30px; height: 30px;\"><\/div>\n        <\/div>\n            <div class=\"kksr-star\" style=\"padding-right: 5px\">\n            \n\n<div class=\"kksr-icon\" style=\"width: 30px; height: 30px;\"><\/div>\n        <\/div>\n    <\/div>\n<\/div>\n                \n\n<div class=\"kksr-legend\" style=\"font-size: 24px;\">\n            <span class=\"kksr-muted\">Rate this page<\/span>\n    <\/div>\n    <\/div>\n<p>Su\u017einoti kiekvieno traukimo, kuriame dalyvavo j\u016bs\u0173 bilietai, SuperEnalotto rezultatus tikrai bus labai \u012fdomu, ypa\u010d kai paai\u0161k\u0117s, kad pasirinkote laiminguosius skai\u010dius. Greitai ir patogiai <a href=\"https:\/\/lottomat.com\/lt\/\">Lottomat svetain\u0117je<\/a> patikrinkite, ar jums pavyko prisijungti prie milijonieri\u0173 gret\u0173 \u2013 rezultatus skelbiame i\u0161 karto po traukimo, o jie gaunami tiesiogiai i\u0161 oficialaus SuperEnalotto loterijos organizatoriaus prane\u0161imo. Galima dr\u0105siai sakyti, kad <a href=\"https:\/\/lottomat.com\/lt\/rezultatai\/\">m\u016bs\u0173 loterijos rezultatai<\/a> visada kar\u0161ti kaip k\u0105 tik i\u0161 orkait\u0117s i\u0161traukta duona.<\/p>\n<h2><img loading=\"lazy\" decoding=\"async\" class=\"wp-image-252676 alignleft\" src=\"https:\/\/lottomat.com\/wp-content\/uploads\/2025\/10\/Italian-lottery-numbers-300x300.webp\" alt=\"Italijos loterijos skai\u010diai\" width=\"200\" height=\"200\" srcset=\"https:\/\/lottomat.com\/wp-content\/uploads\/2025\/10\/Italian-lottery-numbers-300x300.webp 300w, https:\/\/lottomat.com\/wp-content\/uploads\/2025\/10\/Italian-lottery-numbers-150x150.webp 150w, https:\/\/lottomat.com\/wp-content\/uploads\/2025\/10\/Italian-lottery-numbers-100x100.webp 100w, https:\/\/lottomat.com\/wp-content\/uploads\/2025\/10\/Italian-lottery-numbers.webp 400w\" sizes=\"auto, (max-width: 200px) 100vw, 200px\" \/>Kaip patikrinti naujausius SuperEnalotto rezultatus?<\/h2>\n<p>Tai tikrai paprasta kaip du kart du ir ne\u012ftik\u0117tinai greita. <strong>Paskutinio traukimo rezultatai visada rodomi puslapio vir\u0161uje.<\/strong> Ta\u010diau rezultatuose galite pasteb\u0117ti bonusin\u012f skai\u010di\u0173 \u2013 vadinam\u0105j\u012f Jolly \u2013 ir tai gali suklaidinti, ta\u010diau rezultatus gauname tiesiai i\u0161 organizatoriaus i\u0161 karto po traukimo, tod\u0117l \u0161is papildomas skai\u010dius, kur\u012f gali pasirinkti tik italai loterijos punktuose visoje \u0161alyje, taip pat ten yra. Tai rei\u0161kia, kad jums tereikia atkreipti d\u0117mes\u012f \u012f pagrindini\u0173 skai\u010di\u0173 traukimo rezultatus, nes Jolly traukime nedalyvaujate. <strong>Lottomat svetain\u0117je rezultatai rodomi patogiai naudoti lentel\u0117je \u2013 skaityti j\u0105 labai paprasta.<\/strong><\/p>\n<h2>Kaip patikrinti archyvinius SuperEnalotto rezultatus?<\/h2>\n<p>Lottomat svetain\u0117je suteikiame jums galimyb\u0119 nar\u0161yti senesnius rezultatus. \u0160alia neseniai i\u0161traukt\u0173 skai\u010di\u0173 nurodyta paskutinio traukimo data. <strong>Paspaudus t\u0105 dat\u0105, atsivers kalendorius su archyviniais traukimais.<\/strong> Tereikia pasirinkti jus dominan\u010di\u0105 dat\u0105 ir per\u017ei\u016br\u0117ti ankstesnio SuperEnalotto traukimo rezultatus. Kaupame duomenis u\u017e paskutinius 12 m\u0117nesi\u0173 \u2013 galite mumis pasitik\u0117ti, nes jie tvarkomi patikimai ir, svarbiausia, yra tiksl\u016bs.<\/p>\n<h2>Kaip naudoti archyvinius SuperEnalotto laiminguosius skai\u010dius?<img loading=\"lazy\" decoding=\"async\" class=\"wp-image-252707 alignright\" src=\"https:\/\/lottomat.com\/wp-content\/uploads\/2025\/10\/Italian-lottery-results-300x300.webp\" alt=\"Italijos loterijos rezultatai\" width=\"200\" height=\"200\" srcset=\"https:\/\/lottomat.com\/wp-content\/uploads\/2025\/10\/Italian-lottery-results-300x300.webp 300w, https:\/\/lottomat.com\/wp-content\/uploads\/2025\/10\/Italian-lottery-results-150x150.webp 150w, https:\/\/lottomat.com\/wp-content\/uploads\/2025\/10\/Italian-lottery-results-100x100.webp 100w, https:\/\/lottomat.com\/wp-content\/uploads\/2025\/10\/Italian-lottery-results.webp 400w\" sizes=\"auto, (max-width: 200px) 100vw, 200px\" \/><\/h2>\n<p>Ar \u017einote, kod\u0117l archyviniai traukimai yra naudingi? I\u0161 ties\u0173 yra trys pagrindin\u0117s prie\u017eastys. <strong>Vis\u0173 pirma, jie leid\u017eia jums sukurti savo unikali\u0105 strategij\u0105<\/strong>, kurioje tikrinate neseniai i\u0161trauktus skai\u010dius ir apskai\u010diuojate laim\u0117jimo traukime tikimyb\u0119. Antra, galite patikrinti, ar loterija jau tur\u0117jo laiming\u0105j\u0105 \u0161e\u0161et\u0105, ar bus d\u017eekpotas, ir, be to, koks buvo did\u017eiausias prizo fondas neseniai, kad gal\u0117tum\u0117te apskai\u010diuoti galim\u0105 peln\u0105 laim\u0117jus loterij\u0105. Tre\u010dia, galite matyti, kiek laim\u0117toj\u0173 turi SuperEnalotto ir kokius prizus jie laimi, net jei nepasirenka vis\u0173 i\u0161traukt\u0173 skai\u010di\u0173 \u2013 o laim\u0117toj\u0173 visada yra \u0161imtai t\u016bkstan\u010di\u0173! Belieka tik \u012fsigyti bilietus ir kardinaliai pakeisti savo gyvenim\u0105! Ir nepamir\u0161kite \u2013 kiekvienas bilietas priartina jus prie laim\u0117jimo <a href=\"https:\/\/lottomat.com\/lt\/zaisti\/superenalotto\/\">SuperEnalotto internetu<\/a>.<\/p>\n<h2>Kokie skai\u010diai traukiami da\u017eniausiai SuperEnalotto?<\/h2>\n<p>Remiantis SuperEnalotto traukim\u0173 statistine analize nuo 1997 met\u0173, <strong>10 da\u017eniausiai traukiam\u0173 skai\u010di\u0173 yra 90, 85, 77, 86, 82, 55, 88, 80, 87 ir 79.<\/strong> Loterijos entuziast\u0173 sluoksniuose \u0161ie skai\u010diai da\u017enai vadinami \u201ekar\u0161taisiais skai\u010diais&#8221; d\u0117l da\u017eno pasirodymo laimingose kombinacijose. Skai\u010dius 90 u\u017eima pirm\u0105j\u0105 viet\u0105 \u2013 per vis\u0105 \u017eaidimo istorij\u0105 jis buvo i\u0161trauktas \u0161imtus kart\u0173. \u017daid\u0117jai da\u017enai naudoja \u0161iuos statistinius duomenis, nor\u0117dami pagr\u012fsti savo skai\u010di\u0173 pasirinkimo strategijas, nors svarbu prisiminti, kad kiekvienas traukimas yra nepriklausomas ir praeities rezultatai neturi \u012ftakos b\u016bsimiems.<\/p>\n<h2><img loading=\"lazy\" decoding=\"async\" class=\"wp-image-252737 alignleft\" src=\"https:\/\/lottomat.com\/wp-content\/uploads\/2025\/10\/SuperEnalotto-results-300x300.webp\" alt=\"SuperEnalotto rezultatai\" width=\"200\" height=\"200\" srcset=\"https:\/\/lottomat.com\/wp-content\/uploads\/2025\/10\/SuperEnalotto-results-300x300.webp 300w, https:\/\/lottomat.com\/wp-content\/uploads\/2025\/10\/SuperEnalotto-results-150x150.webp 150w, https:\/\/lottomat.com\/wp-content\/uploads\/2025\/10\/SuperEnalotto-results-100x100.webp 100w, https:\/\/lottomat.com\/wp-content\/uploads\/2025\/10\/SuperEnalotto-results.webp 400w\" sizes=\"auto, (max-width: 200px) 100vw, 200px\" \/>Kokie skai\u010diai traukiami re\u010diausiai SuperEnalotto?<\/h2>\n<p>Prie\u0161ingoje spektro pus\u0117je SuperEnalotto turi kelis \u201e\u0161altuosius skai\u010dius&#8221;, kurie traukimuose pasirodo re\u010diau. <strong>10 re\u010diausiai traukiam\u0173 skai\u010di\u0173 paprastai apima \u017eemesnius skai\u010dius, tokius kaip 1, 2, 3, 4, 5, 6, 7, 8, 9 ir 10<\/strong>, nors tai gali skirtis priklausomai nuo analizuojamo laikotarpio. \u0160ie \u0161altieji skai\u010diai laimingose kombinacijose pasirod\u0117 re\u010diau, palyginti su savo kar\u0161taisiais atitikmenimis. Kai kurie loterijos entuziastai mano, kad \u0161altieji skai\u010diai jau \u201elaukia eil\u0117s&#8221; b\u016bti i\u0161traukti, o kiti teikia pirmenyb\u0119 kar\u0161tesiems skai\u010diams, kurie jau \u012frod\u0117 savo da\u017enum\u0105. Supratimas apie kar\u0161t\u0173j\u0173 ir \u0161alt\u0173j\u0173 skai\u010di\u0173 d\u0117sningumus gali pad\u0117ti \u017eaid\u0117jams sukurti savo asmenin\u0119 loterijos strategij\u0105.<\/p>\n<h2>Ar galima numatyti SuperEnalotto rezultatus?<\/h2>\n<p>Nepaisant i\u0161samios SuperEnalotto statistin\u0117s analiz\u0117s, itin svarbu suprasti, kad <strong>loterijos rezultat\u0173 tiksliai numatyti ne\u012fmanoma.<\/strong> Kiekvienas SuperEnalotto traukimas yra visi\u0161kai atsitiktinis ir nepriklauso nuo ankstesni\u0173 rezultat\u0173. Nors kar\u0161t\u0173j\u0173 ir \u0161alt\u0173j\u0173 skai\u010di\u0173, da\u017enumo diagram\u0173 ir istorini\u0173 d\u0117sningum\u0173 studijavimas gali b\u016bti \u012fdomus ir pad\u0117ti formuoti skai\u010di\u0173 pasirinkimo strategij\u0105, \u0161ie statistiniai duomenys nesaugo ateities s\u0117km\u0117s. Loterija naudoja sud\u0117tingas atsitiktinio skai\u010di\u0173 generavimo sistemas, kurios u\u017etikrina, kad kiekvienas skai\u010dius nuo 1 iki 90 kiekviename traukime turi lygias tikimybes b\u016bti i\u0161trauktas. Matematin\u0117 tikimyb\u0117 i\u0161lieka pastovi nepriklausomai nuo praeities rezultat\u0173 \u2013 tai \u017einoma kaip \u201elo\u0161\u0117jo klaida&#8221;, kai \u017emon\u0117s klaidingai tiki, kad praeities rezultatai turi \u012ftakos b\u016bsimiems. Profesional\u016bs matematikai ir statistikai nuolat pabr\u0117\u017eia, kad loterijos \u017eaidimai, tokie kaip SuperEnalotto, yra gryno atsitiktinumo \u017eaidimai. <strong>Geriausia \u017eaisti atsakingai, pagal savo galimybes ir d\u0117l pramogos, o ne kaip investicin\u0119 strategij\u0105.<\/strong><\/p>\n<h2>Kaip patikrinti vakaryk\u0161\u010dio SuperEnalotto traukimo rezultatus?<img loading=\"lazy\" decoding=\"async\" class=\"wp-image-252767 alignright\" src=\"https:\/\/lottomat.com\/wp-content\/uploads\/2025\/10\/SuperEnalotto-winning-numbers-300x300.webp\" alt=\"SuperEnalotto laimingieji skai\u010diai\" width=\"200\" height=\"200\" srcset=\"https:\/\/lottomat.com\/wp-content\/uploads\/2025\/10\/SuperEnalotto-winning-numbers-300x300.webp 300w, https:\/\/lottomat.com\/wp-content\/uploads\/2025\/10\/SuperEnalotto-winning-numbers-150x150.webp 150w, https:\/\/lottomat.com\/wp-content\/uploads\/2025\/10\/SuperEnalotto-winning-numbers-100x100.webp 100w, https:\/\/lottomat.com\/wp-content\/uploads\/2025\/10\/SuperEnalotto-winning-numbers.webp 400w\" sizes=\"auto, (max-width: 200px) 100vw, 200px\" \/><\/h2>\n<p>Vakaryk\u0161\u010di\u0173 SuperEnalotto rezultat\u0173 patikrinimas Lottomat svetain\u0117je yra paprastas ir patogus. M\u016bs\u0173 platforma saugo i\u0161samius vis\u0173 neseni\u0173 loterijos traukim\u0173 archyvus, tod\u0117l lengva rasti vakaryk\u0161\u010dius, pra\u0117jusios savait\u0117s ar net pra\u0117jusio m\u0117nesio rezultatus. <strong>Nesvarbu, ar ie\u0161kote naujausi\u0173 \u0161iandienos rezultat\u0173, ar norite patikrinti ankstesni\u0173 traukim\u0173 skai\u010dius \u2013 Lottomat pateikia patikim\u0105 ir tiksli\u0105 informacij\u0105 apie Italijos loterij\u0105.<\/strong> Tiesiog eikite \u012f m\u016bs\u0173 rezultat\u0173 skyri\u0173, kuriame rasite chronologin\u012f vis\u0173 neseni\u0173 SuperEnalotto traukim\u0173 s\u0105ra\u0161\u0105. Kiekvienas rezultat\u0173 \u012fra\u0161as apima \u0161e\u0161is pagrindinius laiminguosius skai\u010dius, Jolly skai\u010di\u0173 ir, jei taikoma, SuperStar skai\u010di\u0173. Galite spustel\u0117ti bet kuri\u0105 konkre\u010di\u0105 dat\u0105 ir per\u017ei\u016br\u0117ti i\u0161sami\u0105 informacij\u0105 apie t\u0105 traukim\u0105, \u012fskaitant priz\u0173 suskirstym\u0105 ir laim\u0117toj\u0173 statistik\u0105. Atminkite, kad Lottomat <strong>nesvarbu, ar ie\u0161kote \u0161iandienos rezultat\u0173, vakaryk\u0161\u010di\u0173 skai\u010di\u0173, ar rezultat\u0173 i\u0161 keli\u0173 savai\u010di\u0173 atgal \u2013 visada rasite autenti\u0161kus Italijos loterijos rezultatus<\/strong>, kuriais galite visi\u0161kai pasitik\u0117ti.<\/p>\n<h2>Kiek \u017emoni\u0173 laim\u0117jo paskutiniame SuperEnalotto traukime?<\/h2>\n<p>Kiekviename SuperEnalotto traukime laimi keli \u017eaid\u0117jai skirtinguose <a href=\"https:\/\/lottomat.com\/lt\/loterija\/superenalotto\/\">SuperEnalotto priz\u0173 lygiuose<\/a>, ne tik d\u017eekpoto laim\u0117tojas. <strong>M\u016bs\u0173 i\u0161sami priz\u0173 suskirstymo lentel\u0117 pateikia detali\u0105 informacij\u0105 apie laim\u0117toj\u0173 skai\u010di\u0173 kiekviename priz\u0173 lygyje ir atitinkamas j\u0173 gautas priz\u0173 sumas.<\/strong> \u0160ie vertingi duomenys padeda \u017eaid\u0117jams suprasti \u012fvairius SuperEnalotto laim\u0117jimo b\u016bdus, ne vien tik suderinus visus \u0161e\u0161is skai\u010dius. Paprastai <strong>kiekviename SuperEnalotto traukime prizus laimi t\u016bkstan\u010diai \u017eaid\u0117j\u0173 visuose priz\u0173 lygiuose<\/strong>, o dauguma i\u0161 j\u0173 gauna ma\u017eesnes sumas u\u017e 2\u20133 skai\u010di\u0173 sutapim\u0105. \u0160i informacija atnaujinama i\u0161 karto po kiekvieno traukimo ir u\u017etikrina skaidrum\u0105 apie loterijos priz\u0173 paskirstym\u0105, pad\u0117dama \u017eaid\u0117jams suprasti galimus laim\u0117jimus skirtinguose sutapim\u0173 lygiuose.<\/p>\n","protected":false},"excerpt":{"rendered":"<p>Su\u017einoti kiekvieno traukimo, kuriame dalyvavo j\u016bs\u0173 bilietai, SuperEnalotto rezultatus tikrai bus labai \u012fdomu, ypa\u010d kai paai\u0161k\u0117s, kad pasirinkote laiminguosius skai\u010dius. Greitai ir patogiai Lottomat svetain\u0117je patikrinkite, ar jums pavyko prisijungti prie milijonieri\u0173 gret\u0173 \u2013 rezultatus skelbiame i\u0161 karto po traukimo, o jie gaunami tiesiogiai i\u0161 oficialaus SuperEnalotto loterijos organizatoriaus prane\u0161imo. Galima dr\u0105siai sakyti, kad m\u016bs\u0173 [&hellip;]<\/p>\n","protected":false},"author":1,"featured_media":0,"parent":7436,"menu_order":5,"comment_status":"closed","ping_status":"closed","template":"superenalotto-results.php","meta":{"_et_pb_use_builder":"","_et_pb_old_content":"","_et_gb_content_width":"","exclude_from_search":false,"footnotes":""},"class_list":["post-238130","page","type-page","status-publish","hentry"],"yoast_head":"<!-- This site is optimized with the Yoast SEO plugin v23.8 - https:\/\/yoast.com\/wordpress\/plugins\/seo\/ -->\n<title>SuperEnalotto rezultatai ir laimingieji skai\u010diai - LottoMat<\/title>\n<meta name=\"description\" content=\"Per\u017ei\u016br\u0117kite naujausius SuperEnalotto rezultatus dabar! Su\u017einokite \u0161iandienos laiminguosius skai\u010dius ir patikrinkite, ar laim\u0117jote Italijos loterijos traukime.\" \/>\n<meta name=\"robots\" content=\"index, follow, max-snippet:-1, max-image-preview:large, max-video-preview:-1\" \/>\n<link rel=\"canonical\" href=\"https:\/\/lottomat.com\/lt\/rezultatai\/superenalotto\/\" \/>\n<meta property=\"og:locale\" content=\"lt_LT\" \/>\n<meta property=\"og:type\" content=\"article\" \/>\n<meta property=\"og:title\" content=\"SuperEnalotto rezultatai ir laimingieji skai\u010diai - LottoMat\" \/>\n<meta property=\"og:description\" content=\"Per\u017ei\u016br\u0117kite naujausius SuperEnalotto rezultatus dabar! Su\u017einokite \u0161iandienos laiminguosius skai\u010dius ir patikrinkite, ar laim\u0117jote Italijos loterijos traukime.\" \/>\n<meta property=\"og:url\" content=\"https:\/\/lottomat.com\/lt\/rezultatai\/superenalotto\/\" \/>\n<meta property=\"og:site_name\" content=\"Lottomat\" \/>\n<meta property=\"article:modified_time\" content=\"2026-03-11T13:14:22+00:00\" \/>\n<meta property=\"og:image\" content=\"https:\/\/lottomat.com\/wp-content\/uploads\/2025\/10\/Italian-lottery-numbers.webp\" \/>\n\t<meta property=\"og:image:width\" content=\"400\" \/>\n\t<meta property=\"og:image:height\" content=\"400\" \/>\n\t<meta property=\"og:image:type\" content=\"image\/webp\" \/>\n<meta name=\"twitter:card\" content=\"summary_large_image\" \/>\n<meta name=\"twitter:label1\" content=\"Est. reading time\" \/>\n\t<meta name=\"twitter:data1\" content=\"5 minut\u0117s\" \/>\n<script type=\"application\/ld+json\" class=\"yoast-schema-graph\">{\"@context\":\"https:\/\/schema.org\",\"@graph\":[{\"@type\":\"WebPage\",\"@id\":\"https:\/\/lottomat.com\/lt\/rezultatai\/superenalotto\/\",\"url\":\"https:\/\/lottomat.com\/lt\/rezultatai\/superenalotto\/\",\"name\":\"SuperEnalotto rezultatai ir laimingieji skai\u010diai - LottoMat\",\"isPartOf\":{\"@id\":\"https:\/\/lottomat.com\/lt\/#website\"},\"primaryImageOfPage\":{\"@id\":\"https:\/\/lottomat.com\/lt\/rezultatai\/superenalotto\/#primaryimage\"},\"image\":{\"@id\":\"https:\/\/lottomat.com\/lt\/rezultatai\/superenalotto\/#primaryimage\"},\"thumbnailUrl\":\"https:\/\/lottomat.com\/wp-content\/uploads\/2025\/10\/Italian-lottery-numbers-300x300.webp\",\"datePublished\":\"2025-04-07T19:25:51+00:00\",\"dateModified\":\"2026-03-11T13:14:22+00:00\",\"description\":\"Per\u017ei\u016br\u0117kite naujausius SuperEnalotto rezultatus dabar! Su\u017einokite \u0161iandienos laiminguosius skai\u010dius ir patikrinkite, ar laim\u0117jote Italijos loterijos traukime.\",\"breadcrumb\":{\"@id\":\"https:\/\/lottomat.com\/lt\/rezultatai\/superenalotto\/#breadcrumb\"},\"inLanguage\":\"lt-LT\",\"potentialAction\":[{\"@type\":\"ReadAction\",\"target\":[\"https:\/\/lottomat.com\/lt\/rezultatai\/superenalotto\/\"]}]},{\"@type\":\"ImageObject\",\"inLanguage\":\"lt-LT\",\"@id\":\"https:\/\/lottomat.com\/lt\/rezultatai\/superenalotto\/#primaryimage\",\"url\":\"https:\/\/lottomat.com\/wp-content\/uploads\/2025\/10\/Italian-lottery-numbers-300x300.webp\",\"contentUrl\":\"https:\/\/lottomat.com\/wp-content\/uploads\/2025\/10\/Italian-lottery-numbers-300x300.webp\"},{\"@type\":\"BreadcrumbList\",\"@id\":\"https:\/\/lottomat.com\/lt\/rezultatai\/superenalotto\/#breadcrumb\",\"itemListElement\":[{\"@type\":\"ListItem\",\"position\":1,\"name\":\"Home\",\"item\":\"https:\/\/lottomat.com\/lt\/\"},{\"@type\":\"ListItem\",\"position\":2,\"name\":\"Naujausi loterijos rezultatai ir laim\u0117j\u0119 numeriai\",\"item\":\"https:\/\/lottomat.com\/lt\/rezultatai\/\"},{\"@type\":\"ListItem\",\"position\":3,\"name\":\"SuperEnalotto rezultatai ir laimingieji skai\u010diai\"}]},{\"@type\":\"WebSite\",\"@id\":\"https:\/\/lottomat.com\/lt\/#website\",\"url\":\"https:\/\/lottomat.com\/lt\/\",\"name\":\"Lottomat\",\"description\":\"\",\"potentialAction\":[{\"@type\":\"SearchAction\",\"target\":{\"@type\":\"EntryPoint\",\"urlTemplate\":\"https:\/\/lottomat.com\/lt\/?s={search_term_string}\"},\"query-input\":{\"@type\":\"PropertyValueSpecification\",\"valueRequired\":true,\"valueName\":\"search_term_string\"}}],\"inLanguage\":\"lt-LT\"}]}<\/script>\n<!-- \/ Yoast SEO plugin. -->","yoast_head_json":{"title":"SuperEnalotto rezultatai ir laimingieji skai\u010diai - LottoMat","description":"Per\u017ei\u016br\u0117kite naujausius SuperEnalotto rezultatus dabar! Su\u017einokite \u0161iandienos laiminguosius skai\u010dius ir patikrinkite, ar laim\u0117jote Italijos loterijos traukime.","robots":{"index":"index","follow":"follow","max-snippet":"max-snippet:-1","max-image-preview":"max-image-preview:large","max-video-preview":"max-video-preview:-1"},"canonical":"https:\/\/lottomat.com\/lt\/rezultatai\/superenalotto\/","og_locale":"lt_LT","og_type":"article","og_title":"SuperEnalotto rezultatai ir laimingieji skai\u010diai - LottoMat","og_description":"Per\u017ei\u016br\u0117kite naujausius SuperEnalotto rezultatus dabar! Su\u017einokite \u0161iandienos laiminguosius skai\u010dius ir patikrinkite, ar laim\u0117jote Italijos loterijos traukime.","og_url":"https:\/\/lottomat.com\/lt\/rezultatai\/superenalotto\/","og_site_name":"Lottomat","article_modified_time":"2026-03-11T13:14:22+00:00","og_image":[{"width":400,"height":400,"url":"https:\/\/lottomat.com\/wp-content\/uploads\/2025\/10\/Italian-lottery-numbers.webp","type":"image\/webp"}],"twitter_card":"summary_large_image","twitter_misc":{"Est. reading time":"5 minut\u0117s"},"schema":{"@context":"https:\/\/schema.org","@graph":[{"@type":"WebPage","@id":"https:\/\/lottomat.com\/lt\/rezultatai\/superenalotto\/","url":"https:\/\/lottomat.com\/lt\/rezultatai\/superenalotto\/","name":"SuperEnalotto rezultatai ir laimingieji skai\u010diai - LottoMat","isPartOf":{"@id":"https:\/\/lottomat.com\/lt\/#website"},"primaryImageOfPage":{"@id":"https:\/\/lottomat.com\/lt\/rezultatai\/superenalotto\/#primaryimage"},"image":{"@id":"https:\/\/lottomat.com\/lt\/rezultatai\/superenalotto\/#primaryimage"},"thumbnailUrl":"https:\/\/lottomat.com\/wp-content\/uploads\/2025\/10\/Italian-lottery-numbers-300x300.webp","datePublished":"2025-04-07T19:25:51+00:00","dateModified":"2026-03-11T13:14:22+00:00","description":"Per\u017ei\u016br\u0117kite naujausius SuperEnalotto rezultatus dabar! Su\u017einokite \u0161iandienos laiminguosius skai\u010dius ir patikrinkite, ar laim\u0117jote Italijos loterijos traukime.","breadcrumb":{"@id":"https:\/\/lottomat.com\/lt\/rezultatai\/superenalotto\/#breadcrumb"},"inLanguage":"lt-LT","potentialAction":[{"@type":"ReadAction","target":["https:\/\/lottomat.com\/lt\/rezultatai\/superenalotto\/"]}]},{"@type":"ImageObject","inLanguage":"lt-LT","@id":"https:\/\/lottomat.com\/lt\/rezultatai\/superenalotto\/#primaryimage","url":"https:\/\/lottomat.com\/wp-content\/uploads\/2025\/10\/Italian-lottery-numbers-300x300.webp","contentUrl":"https:\/\/lottomat.com\/wp-content\/uploads\/2025\/10\/Italian-lottery-numbers-300x300.webp"},{"@type":"BreadcrumbList","@id":"https:\/\/lottomat.com\/lt\/rezultatai\/superenalotto\/#breadcrumb","itemListElement":[{"@type":"ListItem","position":1,"name":"Home","item":"https:\/\/lottomat.com\/lt\/"},{"@type":"ListItem","position":2,"name":"Naujausi loterijos rezultatai ir laim\u0117j\u0119 numeriai","item":"https:\/\/lottomat.com\/lt\/rezultatai\/"},{"@type":"ListItem","position":3,"name":"SuperEnalotto rezultatai ir laimingieji skai\u010diai"}]},{"@type":"WebSite","@id":"https:\/\/lottomat.com\/lt\/#website","url":"https:\/\/lottomat.com\/lt\/","name":"Lottomat","description":"","potentialAction":[{"@type":"SearchAction","target":{"@type":"EntryPoint","urlTemplate":"https:\/\/lottomat.com\/lt\/?s={search_term_string}"},"query-input":{"@type":"PropertyValueSpecification","valueRequired":true,"valueName":"search_term_string"}}],"inLanguage":"lt-LT"}]}},"_links":{"self":[{"href":"https:\/\/lottomat.com\/lt\/wp-json\/wp\/v2\/pages\/238130","targetHints":{"allow":["GET"]}}],"collection":[{"href":"https:\/\/lottomat.com\/lt\/wp-json\/wp\/v2\/pages"}],"about":[{"href":"https:\/\/lottomat.com\/lt\/wp-json\/wp\/v2\/types\/page"}],"author":[{"embeddable":true,"href":"https:\/\/lottomat.com\/lt\/wp-json\/wp\/v2\/users\/1"}],"replies":[{"embeddable":true,"href":"https:\/\/lottomat.com\/lt\/wp-json\/wp\/v2\/comments?post=238130"}],"version-history":[{"count":3,"href":"https:\/\/lottomat.com\/lt\/wp-json\/wp\/v2\/pages\/238130\/revisions"}],"predecessor-version":[{"id":273260,"href":"https:\/\/lottomat.com\/lt\/wp-json\/wp\/v2\/pages\/238130\/revisions\/273260"}],"up":[{"embeddable":true,"href":"https:\/\/lottomat.com\/lt\/wp-json\/wp\/v2\/pages\/7436"}],"wp:attachment":[{"href":"https:\/\/lottomat.com\/lt\/wp-json\/wp\/v2\/media?parent=238130"}],"curies":[{"name":"wp","href":"https:\/\/api.w.org\/{rel}","templated":true}]}}