{"id":237813,"date":"2025-04-07T19:24:29","date_gmt":"2025-04-07T19:24:29","guid":{"rendered":"https:\/\/lottomat.net\/loterijos-rezultatai\/mega-millions-rezultatai\/"},"modified":"2026-03-11T12:39:25","modified_gmt":"2026-03-11T12:39:25","slug":"mega-millions","status":"publish","type":"page","link":"https:\/\/lottomat.com\/lt\/rezultatai\/mega-millions\/","title":{"rendered":"Mega Millions rezultatai ir laimantys skai\u010diai"},"content":{"rendered":"\n\n<div class=\"kk-star-ratings kksr-auto kksr-align-left kksr-valign-top\"\n    data-payload='{&quot;align&quot;:&quot;left&quot;,&quot;id&quot;:&quot;237813&quot;,&quot;slug&quot;:&quot;default&quot;,&quot;valign&quot;:&quot;top&quot;,&quot;ignore&quot;:&quot;&quot;,&quot;reference&quot;:&quot;auto&quot;,&quot;class&quot;:&quot;&quot;,&quot;count&quot;:&quot;0&quot;,&quot;legendonly&quot;:&quot;&quot;,&quot;readonly&quot;:&quot;&quot;,&quot;score&quot;:&quot;0&quot;,&quot;starsonly&quot;:&quot;&quot;,&quot;best&quot;:&quot;5&quot;,&quot;gap&quot;:&quot;5&quot;,&quot;greet&quot;:&quot;Rate this page&quot;,&quot;legend&quot;:&quot;0\\\/5 - (0 votes)&quot;,&quot;size&quot;:&quot;30&quot;,&quot;title&quot;:&quot;Mega Millions rezultatai ir laimantys skai\u010diai&quot;,&quot;width&quot;:&quot;0&quot;,&quot;_legend&quot;:&quot;{score}\\\/{best} - ({count} {votes})&quot;,&quot;font_factor&quot;:&quot;1.25&quot;}'>\n            \n<div class=\"kksr-stars\">\n    \n<div class=\"kksr-stars-inactive\">\n            <div class=\"kksr-star\" data-star=\"1\" style=\"padding-right: 5px\">\n            \n\n<div class=\"kksr-icon\" style=\"width: 30px; height: 30px;\"><\/div>\n        <\/div>\n            <div class=\"kksr-star\" data-star=\"2\" style=\"padding-right: 5px\">\n            \n\n<div class=\"kksr-icon\" style=\"width: 30px; height: 30px;\"><\/div>\n        <\/div>\n            <div class=\"kksr-star\" data-star=\"3\" style=\"padding-right: 5px\">\n            \n\n<div class=\"kksr-icon\" style=\"width: 30px; height: 30px;\"><\/div>\n        <\/div>\n            <div class=\"kksr-star\" data-star=\"4\" style=\"padding-right: 5px\">\n            \n\n<div class=\"kksr-icon\" style=\"width: 30px; height: 30px;\"><\/div>\n        <\/div>\n            <div class=\"kksr-star\" data-star=\"5\" style=\"padding-right: 5px\">\n            \n\n<div class=\"kksr-icon\" style=\"width: 30px; height: 30px;\"><\/div>\n        <\/div>\n    <\/div>\n    \n<div class=\"kksr-stars-active\" style=\"width: 0px;\">\n            <div class=\"kksr-star\" style=\"padding-right: 5px\">\n            \n\n<div class=\"kksr-icon\" style=\"width: 30px; height: 30px;\"><\/div>\n        <\/div>\n            <div class=\"kksr-star\" style=\"padding-right: 5px\">\n            \n\n<div class=\"kksr-icon\" style=\"width: 30px; height: 30px;\"><\/div>\n        <\/div>\n            <div class=\"kksr-star\" style=\"padding-right: 5px\">\n            \n\n<div class=\"kksr-icon\" style=\"width: 30px; height: 30px;\"><\/div>\n        <\/div>\n            <div class=\"kksr-star\" style=\"padding-right: 5px\">\n            \n\n<div class=\"kksr-icon\" style=\"width: 30px; height: 30px;\"><\/div>\n        <\/div>\n            <div class=\"kksr-star\" style=\"padding-right: 5px\">\n            \n\n<div class=\"kksr-icon\" style=\"width: 30px; height: 30px;\"><\/div>\n        <\/div>\n    <\/div>\n<\/div>\n                \n\n<div class=\"kksr-legend\" style=\"font-size: 24px;\">\n            <span class=\"kksr-muted\">Rate this page<\/span>\n    <\/div>\n    <\/div>\n<p>Mega Millions loterijos bilietai nupirkti, Mega Millions laimantys skai\u010diai pasirinkti, o j\u016bs tiesiog m\u0117gaujat\u0117s planais ir svajon\u0117mis, kurios i\u0161sipildys, jei tik prisijungsite prie milijonieri\u0173 b\u016brio. Tame n\u0117ra nieko blogo \u2013 visi turime savo svajones. Grei\u010diausiai kiekvieno \u017eaid\u0117jo mintys prie\u0161 su\u017einant Mega Millions traukimo rezultatus sukasi apie laim\u0117jim\u0105, o <strong>Mega Millions \u2013 tai \u017eaidimas, galintis tikrai daug duoti<\/strong>.<\/p>\n<h2>Ar \u012fmanoma laim\u0117ti su Mega Millions skai\u010diais?<img loading=\"lazy\" decoding=\"async\" class=\"alignright wp-image-251955\" src=\"https:\/\/lottomat.com\/wp-content\/uploads\/2025\/10\/Mega-Millions-winning-numbers.webp\" alt=\"Mega Millions laimantys skai\u010diai\" width=\"200\" height=\"200\" srcset=\"https:\/\/lottomat.com\/wp-content\/uploads\/2025\/10\/Mega-Millions-winning-numbers.webp 400w, https:\/\/lottomat.com\/wp-content\/uploads\/2025\/10\/Mega-Millions-winning-numbers-300x300.webp 300w, https:\/\/lottomat.com\/wp-content\/uploads\/2025\/10\/Mega-Millions-winning-numbers-150x150.webp 150w, https:\/\/lottomat.com\/wp-content\/uploads\/2025\/10\/Mega-Millions-winning-numbers-100x100.webp 100w\" sizes=\"auto, (max-width: 200px) 100vw, 200px\" \/><\/h2>\n<p>Kol <a href=\"https:\/\/lottomat.com\/lt\/rezultatai\/\">nepatikrino dabartini\u0173 loterijos traukimo rezultat\u0173<\/a>, galite svajoti, ta\u010diau tik i\u0161traukti j\u016bs\u0173 pasirinkti skai\u010diai gali \u0161i\u0105 gra\u017ei\u0105 svajon\u0119 paversti tikrove \u2013 tod\u0117l n\u0117ra prasm\u0117s laukti, tiesiog \u017eaiskite ir tikrinkite. Viskas, k\u0105 reikia padaryti po traukimo \u2013 <a href=\"https:\/\/lottomat.com\/lt\/\">apsilankyti \u201eLottoMat&#8221; svetain\u0117je<\/a> ir per\u017ei\u016br\u0117ti Mega Millions rezultat\u0173 puslap\u012f, kad su\u017einotum\u0117te, kurie skai\u010diai laim\u0117jo \u0161iame konkre\u010diame traukime. Jei jie sutampa su j\u016bs\u0173 bilietu, vadinasi, esate tarp <a href=\"https:\/\/lottomat.com\/lt\/loterija\/mega-millions\/\">Mega Millions priz\u0173 ir d\u017eekpoto<\/a> laim\u0117toj\u0173. <strong>Mega Millions loterijos traukimas vyksta reguliariai du kartus per savait\u0119 \u2013 kiekvien\u0105 tre\u010diadien\u012f ir \u0161e\u0161tadien\u012f 03:00 UTC<\/strong>. Dabartiniai Mega Millions rezultatai skelbiami internetu i\u0161 karto po traukimo pabaigos ir gaunami i\u0161 oficiali\u0173 loterijos organizatoriaus \u0161altini\u0173, tod\u0117l yra 100% patikrinti ir patikimi. Vienintelis dalykas, kur\u012f reikia tur\u0117ti omenyje \u2013 pakeisti laiko juost\u0105 \u012f savo vietin\u0119.<\/p>\n<h2>Kaip patikrinti \u0161iandienos Mega Millions rezultatus?<\/h2>\n<p><strong>Dabartiniai Mega Millions rezultatai \u201eLottoMat&#8221; svetain\u0117je pasiekiami i\u0161 karto po kiekvieno traukimo pabaigos<\/strong>. Visi skelbiami rezultatai gaunami tiesiogiai i\u0161 oficiali\u0173 loterijos \u0161altini\u0173, u\u017etikrinant visi\u0161k\u0105 tikslum\u0105 ir patikimum\u0105. Naujausius laiman\u010dius skai\u010dius galite rasti apsilank\u0119 m\u016bs\u0173 specialiame Mega Millions rezultat\u0173 puslapyje. Rezultatai atnaujinami realiuoju laiku po kiekvieno traukimo, tod\u0117l visada tur\u0117site prieig\u0105 prie naujausios informacijos. Tiesiog eikite \u012f m\u016bs\u0173 rezultat\u0173 skyri\u0173 ir su\u017einokite, ar j\u016bs\u0173 skai\u010diai pavert\u0117 jus kitu Mega Millions laim\u0117toju.<\/p>\n<h2><img loading=\"lazy\" decoding=\"async\" class=\"alignleft wp-image-251985\" src=\"https:\/\/lottomat.com\/wp-content\/uploads\/2025\/10\/Mega-Millions-results.webp\" alt=\"Mega Millions rezultatai\" width=\"200\" height=\"200\" srcset=\"https:\/\/lottomat.com\/wp-content\/uploads\/2025\/10\/Mega-Millions-results.webp 400w, https:\/\/lottomat.com\/wp-content\/uploads\/2025\/10\/Mega-Millions-results-300x300.webp 300w, https:\/\/lottomat.com\/wp-content\/uploads\/2025\/10\/Mega-Millions-results-150x150.webp 150w, https:\/\/lottomat.com\/wp-content\/uploads\/2025\/10\/Mega-Millions-results-100x100.webp 100w\" sizes=\"auto, (max-width: 200px) 100vw, 200px\" \/>Kaip patikrinti istorinius Mega Millions rezultatus ir laiman\u010dius skai\u010dius?<\/h2>\n<p>\u017dinome, kaip svarbu daugeliui i\u0161 m\u016bs\u0173 tur\u0117ti prieig\u0105 prie archyvini\u0173 loterijos rezultat\u0173 \u2013 kai kurie i\u0161 j\u016bs\u0173 grind\u017eia savo strategij\u0105 b\u016bsimiems traukimams b\u016btent jais. Nor\u0117dami jais pasinaudoti, tereikia atidaryti m\u016bs\u0173 rezultat\u0173 kalendori\u0173. Jis yra de\u0161in\u0117je pus\u0117je, vir\u0161uje. Paspaud\u0119 dat\u0105, galite laisvai perjungti \u012f kitus laikotarpius. <strong>Ten galite patikrinti Mega Millions laiman\u010dius skai\u010dius, i\u0161trauktus per pastar\u0105sias savaites, ir \u012fsitikinti, kaip svarbu bilietuose rinktis \u012fvairius skai\u010dius<\/strong>.<\/p>\n<h2>Kaip naudotis Mega Millions laiman\u010di\u0173 skai\u010di\u0173 archyvu?<\/h2>\n<p>Istorinis Mega Millions rezultat\u0173 archyvas yra vertinga priemon\u0117 \u017eaid\u0117jams, norintiems analizuoti d\u0117sningumus ir kurti savo \u017eaidimo strategijas. Nagrin\u0117dami ankstesnius traukimus, galite nustatyti skai\u010di\u0173 da\u017enumo tendencijas ir priimti labiau apgalvotus sprendimus renkantis skai\u010dius. <strong>Archyvas leid\u017eia steb\u0117ti, kurie skai\u010diai da\u017enai pasirodo kartu, pad\u0117damas suprasti \u017eaidimo d\u0117sningumus b\u0117gant laikui<\/strong>. Daugelis s\u0117kming\u0173 \u017eaid\u0117j\u0173 naudoja \u0161iuos istorinius duomenis kurdami sistemingus skai\u010di\u0173 pasirinkimo metodus, nors svarbu prisiminti, kad kiekvienas traukimas yra nepriklausomas ir atsitiktinis. Archyvas suteikia \u012f\u017evalg\u0173 apie skai\u010di\u0173 kombinacijas, kurios buvo i\u0161trauktos kelis kartus, suteikdamas pagrind\u0105 sukurti savo pasirinkimo metodik\u0105. Ta\u010diau praeities rezultatai negarantuoja b\u016bsim\u0173 rezultat\u0173 loterijos \u017eaidimuose.<\/p>\n<h2>Kurie skai\u010diai da\u017eniausiai i\u0161traukiami Mega Millions?<img loading=\"lazy\" decoding=\"async\" class=\"alignright wp-image-252015\" src=\"https:\/\/lottomat.com\/wp-content\/uploads\/2025\/10\/drawing-results.webp\" alt=\"traukimo rezultatai\" width=\"200\" height=\"200\" srcset=\"https:\/\/lottomat.com\/wp-content\/uploads\/2025\/10\/drawing-results.webp 400w, https:\/\/lottomat.com\/wp-content\/uploads\/2025\/10\/drawing-results-300x300.webp 300w, https:\/\/lottomat.com\/wp-content\/uploads\/2025\/10\/drawing-results-150x150.webp 150w, https:\/\/lottomat.com\/wp-content\/uploads\/2025\/10\/drawing-results-100x100.webp 100w\" sizes=\"auto, (max-width: 200px) 100vw, 200px\" \/><\/h2>\n<p>Jau min\u0117jome, kad gera strategija gali b\u016bti kuriama remiantis anks\u010diau i\u0161trauktais skai\u010diais, ta\u010diau yra ir kita naudinga pagalba \u2013 statistika apie da\u017eniausiai traukiamus konkre\u010dius skai\u010dius. Pasirodo, yra skai\u010di\u0173, kurie i\u0161traukiami daug da\u017eniau nei kiti. \u201eLottoMat&#8221; svetain\u0117je rasite vis\u0105 \u0161i\u0105 informacij\u0105 kiekvienai loterijai. <strong>Da\u017eniausiai traukiami Mega Millions skai\u010diai yra: 29, 4, 48 ir 36<\/strong>. Skai\u010dius 48 nuo 2005 met\u0173 jau buvo i\u0161trauktas 80 kart\u0173. <strong>Kalbant apie \u201eMega Ball&#8221;, da\u017eniausiai traukiami skai\u010diai yra 35, 9, 36 ir 7<\/strong>. Linkime jums pelningiausi\u0173 Mega Millions rezultat\u0173!<\/p>\n<h2>Kurie skai\u010diai re\u010diausiai i\u0161traukiami Mega Millions?<\/h2>\n<p>Nors kai kurie skai\u010diai Mega Millions traukimuose pasirodo da\u017enai, kiti i\u0161traukiami re\u010diau \u2013 \u017eaid\u0117jai tokius vadina \u201e\u0161altaisiais&#8221; skai\u010diais. <strong>\u0160ie re\u010diau traukiami skai\u010diai gali b\u016bti lygiai tokie pat vertingi kuriant subalansuot\u0105 loterijos strategij\u0105<\/strong>. Kai kurie \u017eaid\u0117jai mieliau \u012ftraukia \u0161iuos retai traukiamus skai\u010dius \u012f savo pasirinkimus, manydami, kad jiems jau \u201eat\u0117jo laikas&#8221; pasirodyti. <strong>Re\u010diausiai traukiami pagrindiniai skai\u010diai Mega Millions istorijoje yra 50, 51, 65, 66 ir 67<\/strong>. \u0160ie skai\u010diai buvo i\u0161traukti \u017eymiai ma\u017eiau kart\u0173, palyginti su da\u017eniausiai traukiamais \u2013 kai kurie per vis\u0105 \u017eaidimo istorij\u0105 pasirod\u0117 tik 66\u201384 kartus. Tarp \u201eMega Ball&#8221; skai\u010di\u0173 tam tikri numeriai, pavyzd\u017eiui, 15 ir auk\u0161tesni, pastaraisiais traukimais link\u0119 pasirodyti re\u010diau. Istori\u0161kai re\u010diausiai traukiami pagrindiniai skai\u010diai apima kelis auk\u0161tesnius skai\u010dius i\u0161 galimo rinkinio, nors konkret\u016bs skai\u010diai laikui b\u0117gant kei\u010diasi, vykstant vis daugiau traukim\u0173. <strong>Skai\u010dius 50 i\u0161siskiria kaip vienas \u201e\u0161al\u010diausi\u0173&#8221; skai\u010di\u0173 \u2013 nuo \u017eaidimo prad\u017eios jis buvo i\u0161trauktas tik 66 kartus<\/strong>. Verta pamin\u0117ti, kad tikrai atsitiktin\u0117je sistemoje visi skai\u010diai turi vienod\u0105 tikimyb\u0119 b\u016bti i\u0161traukti kiekviename traukime, nepriklausomai nuo j\u0173 istorinio da\u017enumo.<\/p>\n<h2><img loading=\"lazy\" decoding=\"async\" class=\"alignleft wp-image-252045\" src=\"https:\/\/lottomat.com\/wp-content\/uploads\/2025\/10\/Mega-Millions-draw.webp\" alt=\"Mega Millions traukimas\" width=\"200\" height=\"200\" srcset=\"https:\/\/lottomat.com\/wp-content\/uploads\/2025\/10\/Mega-Millions-draw.webp 400w, https:\/\/lottomat.com\/wp-content\/uploads\/2025\/10\/Mega-Millions-draw-300x300.webp 300w, https:\/\/lottomat.com\/wp-content\/uploads\/2025\/10\/Mega-Millions-draw-150x150.webp 150w, https:\/\/lottomat.com\/wp-content\/uploads\/2025\/10\/Mega-Millions-draw-100x100.webp 100w\" sizes=\"auto, (max-width: 200px) 100vw, 200px\" \/>Ar galima nusp\u0117ti Mega Millions rezultatus?<\/h2>\n<p>Klausimas, ar loterijos rezultatus galima nusp\u0117ti, \u017eaid\u0117jus \u017eavi jau ne vien\u0105 kart\u0105. <strong>Mega Millions traukimai vykdomi naudojant sertifikuotus atsitiktini\u0173 skai\u010di\u0173 generavimo metodus, tod\u0117l tikras sp\u0117jimas matematiniu po\u017ei\u016briu yra ne\u012fmanomas<\/strong>. Kiekvienas kamuolys turi vienod\u0105 galimyb\u0119 b\u016bti pasirinktas kiekviename traukime, nepriklausomai nuo to, kada jis buvo i\u0161trauktas paskutin\u012f kart\u0105. Nors statistin\u0117 praeities rezultat\u0173 analiz\u0117 gali atskleisti \u012fdomi\u0173 d\u0117sningum\u0173 ir da\u017enum\u0173, \u0161ie d\u0117sningumai negali patikimai numatyti b\u016bsim\u0173 rezultat\u0173. Atsitiktinis loterijos traukim\u0173 pob\u016bdis rei\u0161kia, kad bet kokia skai\u010di\u0173 kombinacija turi vienod\u0105 laim\u0117jimo tikimyb\u0119 kaip ir bet kuri kita \u2013 tiek seka 1-2-3-4-5, tiek bet koks kitas skai\u010di\u0173 derinys. <strong>Geriausias po\u017ei\u016bris \u2013 <a href=\"https:\/\/lottomat.com\/lt\/zaisti\/mega-millions\/\">\u017eaisti Mega Millions internetu<\/a> atsakingai ir prisiminti, kad loterijos \u017eaidimai skirti atsitiktinumui, o ne \u012fg\u016bd\u017eiams ar sp\u0117jimui<\/strong>.<\/p>\n","protected":false},"excerpt":{"rendered":"<p>Mega Millions loterijos bilietai nupirkti, Mega Millions laimantys skai\u010diai pasirinkti, o j\u016bs tiesiog m\u0117gaujat\u0117s planais ir svajon\u0117mis, kurios i\u0161sipildys, jei tik prisijungsite prie milijonieri\u0173 b\u016brio. Tame n\u0117ra nieko blogo \u2013 visi turime savo svajones. Grei\u010diausiai kiekvieno \u017eaid\u0117jo mintys prie\u0161 su\u017einant Mega Millions traukimo rezultatus sukasi apie laim\u0117jim\u0105, o Mega Millions \u2013 tai \u017eaidimas, galintis tikrai [&hellip;]<\/p>\n","protected":false},"author":1,"featured_media":0,"parent":7436,"menu_order":2,"comment_status":"closed","ping_status":"closed","template":"megamillion-results.php","meta":{"_et_pb_use_builder":"","_et_pb_old_content":"","_et_gb_content_width":"","exclude_from_search":false,"footnotes":""},"class_list":["post-237813","page","type-page","status-publish","hentry"],"yoast_head":"<!-- This site is optimized with the Yoast SEO plugin v23.8 - https:\/\/yoast.com\/wordpress\/plugins\/seo\/ -->\n<title>Mega Millions rezultatai ir laimantys skai\u010diai \u2013 Lottomat<\/title>\n<meta name=\"description\" content=\"Patikrinkite naujausius Mega Millions rezultatus ir laiman\u010dius skai\u010dius \u010dia. Su\u017einokite, kurie skai\u010diai buvo i\u0161traukti paskutiniame Mega Millions loterijos traukime.\" \/>\n<meta name=\"robots\" content=\"index, follow, max-snippet:-1, max-image-preview:large, max-video-preview:-1\" \/>\n<link rel=\"canonical\" href=\"https:\/\/lottomat.com\/lt\/rezultatai\/mega-millions\/\" \/>\n<meta property=\"og:locale\" content=\"lt_LT\" \/>\n<meta property=\"og:type\" content=\"article\" \/>\n<meta property=\"og:title\" content=\"Mega Millions rezultatai ir laimantys skai\u010diai \u2013 Lottomat\" \/>\n<meta property=\"og:description\" content=\"Patikrinkite naujausius Mega Millions rezultatus ir laiman\u010dius skai\u010dius \u010dia. Su\u017einokite, kurie skai\u010diai buvo i\u0161traukti paskutiniame Mega Millions loterijos traukime.\" \/>\n<meta property=\"og:url\" content=\"https:\/\/lottomat.com\/lt\/rezultatai\/mega-millions\/\" \/>\n<meta property=\"og:site_name\" content=\"Lottomat\" \/>\n<meta property=\"article:modified_time\" content=\"2026-03-11T12:39:25+00:00\" \/>\n<meta property=\"og:image\" content=\"https:\/\/lottomat.com\/wp-content\/uploads\/2025\/10\/Mega-Millions-winning-numbers.webp\" \/>\n\t<meta property=\"og:image:width\" content=\"400\" \/>\n\t<meta property=\"og:image:height\" content=\"400\" \/>\n\t<meta property=\"og:image:type\" content=\"image\/webp\" \/>\n<meta name=\"twitter:card\" content=\"summary_large_image\" \/>\n<meta name=\"twitter:label1\" content=\"Est. reading time\" \/>\n\t<meta name=\"twitter:data1\" content=\"5 minut\u0117s\" \/>\n<script type=\"application\/ld+json\" class=\"yoast-schema-graph\">{\"@context\":\"https:\/\/schema.org\",\"@graph\":[{\"@type\":\"WebPage\",\"@id\":\"https:\/\/lottomat.com\/lt\/rezultatai\/mega-millions\/\",\"url\":\"https:\/\/lottomat.com\/lt\/rezultatai\/mega-millions\/\",\"name\":\"Mega Millions rezultatai ir laimantys skai\u010diai \u2013 Lottomat\",\"isPartOf\":{\"@id\":\"https:\/\/lottomat.com\/lt\/#website\"},\"primaryImageOfPage\":{\"@id\":\"https:\/\/lottomat.com\/lt\/rezultatai\/mega-millions\/#primaryimage\"},\"image\":{\"@id\":\"https:\/\/lottomat.com\/lt\/rezultatai\/mega-millions\/#primaryimage\"},\"thumbnailUrl\":\"https:\/\/lottomat.com\/wp-content\/uploads\/2025\/10\/Mega-Millions-winning-numbers.webp\",\"datePublished\":\"2025-04-07T19:24:29+00:00\",\"dateModified\":\"2026-03-11T12:39:25+00:00\",\"description\":\"Patikrinkite naujausius Mega Millions rezultatus ir laiman\u010dius skai\u010dius \u010dia. Su\u017einokite, kurie skai\u010diai buvo i\u0161traukti paskutiniame Mega Millions loterijos traukime.\",\"breadcrumb\":{\"@id\":\"https:\/\/lottomat.com\/lt\/rezultatai\/mega-millions\/#breadcrumb\"},\"inLanguage\":\"lt-LT\",\"potentialAction\":[{\"@type\":\"ReadAction\",\"target\":[\"https:\/\/lottomat.com\/lt\/rezultatai\/mega-millions\/\"]}]},{\"@type\":\"ImageObject\",\"inLanguage\":\"lt-LT\",\"@id\":\"https:\/\/lottomat.com\/lt\/rezultatai\/mega-millions\/#primaryimage\",\"url\":\"https:\/\/lottomat.com\/wp-content\/uploads\/2025\/10\/Mega-Millions-winning-numbers.webp\",\"contentUrl\":\"https:\/\/lottomat.com\/wp-content\/uploads\/2025\/10\/Mega-Millions-winning-numbers.webp\"},{\"@type\":\"BreadcrumbList\",\"@id\":\"https:\/\/lottomat.com\/lt\/rezultatai\/mega-millions\/#breadcrumb\",\"itemListElement\":[{\"@type\":\"ListItem\",\"position\":1,\"name\":\"Home\",\"item\":\"https:\/\/lottomat.com\/lt\/\"},{\"@type\":\"ListItem\",\"position\":2,\"name\":\"Naujausi loterijos rezultatai ir laim\u0117j\u0119 numeriai\",\"item\":\"https:\/\/lottomat.com\/lt\/rezultatai\/\"},{\"@type\":\"ListItem\",\"position\":3,\"name\":\"Mega Millions rezultatai ir laimantys skai\u010diai\"}]},{\"@type\":\"WebSite\",\"@id\":\"https:\/\/lottomat.com\/lt\/#website\",\"url\":\"https:\/\/lottomat.com\/lt\/\",\"name\":\"Lottomat\",\"description\":\"\",\"potentialAction\":[{\"@type\":\"SearchAction\",\"target\":{\"@type\":\"EntryPoint\",\"urlTemplate\":\"https:\/\/lottomat.com\/lt\/?s={search_term_string}\"},\"query-input\":{\"@type\":\"PropertyValueSpecification\",\"valueRequired\":true,\"valueName\":\"search_term_string\"}}],\"inLanguage\":\"lt-LT\"}]}<\/script>\n<!-- \/ Yoast SEO plugin. -->","yoast_head_json":{"title":"Mega Millions rezultatai ir laimantys skai\u010diai \u2013 Lottomat","description":"Patikrinkite naujausius Mega Millions rezultatus ir laiman\u010dius skai\u010dius \u010dia. Su\u017einokite, kurie skai\u010diai buvo i\u0161traukti paskutiniame Mega Millions loterijos traukime.","robots":{"index":"index","follow":"follow","max-snippet":"max-snippet:-1","max-image-preview":"max-image-preview:large","max-video-preview":"max-video-preview:-1"},"canonical":"https:\/\/lottomat.com\/lt\/rezultatai\/mega-millions\/","og_locale":"lt_LT","og_type":"article","og_title":"Mega Millions rezultatai ir laimantys skai\u010diai \u2013 Lottomat","og_description":"Patikrinkite naujausius Mega Millions rezultatus ir laiman\u010dius skai\u010dius \u010dia. Su\u017einokite, kurie skai\u010diai buvo i\u0161traukti paskutiniame Mega Millions loterijos traukime.","og_url":"https:\/\/lottomat.com\/lt\/rezultatai\/mega-millions\/","og_site_name":"Lottomat","article_modified_time":"2026-03-11T12:39:25+00:00","og_image":[{"width":400,"height":400,"url":"https:\/\/lottomat.com\/wp-content\/uploads\/2025\/10\/Mega-Millions-winning-numbers.webp","type":"image\/webp"}],"twitter_card":"summary_large_image","twitter_misc":{"Est. reading time":"5 minut\u0117s"},"schema":{"@context":"https:\/\/schema.org","@graph":[{"@type":"WebPage","@id":"https:\/\/lottomat.com\/lt\/rezultatai\/mega-millions\/","url":"https:\/\/lottomat.com\/lt\/rezultatai\/mega-millions\/","name":"Mega Millions rezultatai ir laimantys skai\u010diai \u2013 Lottomat","isPartOf":{"@id":"https:\/\/lottomat.com\/lt\/#website"},"primaryImageOfPage":{"@id":"https:\/\/lottomat.com\/lt\/rezultatai\/mega-millions\/#primaryimage"},"image":{"@id":"https:\/\/lottomat.com\/lt\/rezultatai\/mega-millions\/#primaryimage"},"thumbnailUrl":"https:\/\/lottomat.com\/wp-content\/uploads\/2025\/10\/Mega-Millions-winning-numbers.webp","datePublished":"2025-04-07T19:24:29+00:00","dateModified":"2026-03-11T12:39:25+00:00","description":"Patikrinkite naujausius Mega Millions rezultatus ir laiman\u010dius skai\u010dius \u010dia. Su\u017einokite, kurie skai\u010diai buvo i\u0161traukti paskutiniame Mega Millions loterijos traukime.","breadcrumb":{"@id":"https:\/\/lottomat.com\/lt\/rezultatai\/mega-millions\/#breadcrumb"},"inLanguage":"lt-LT","potentialAction":[{"@type":"ReadAction","target":["https:\/\/lottomat.com\/lt\/rezultatai\/mega-millions\/"]}]},{"@type":"ImageObject","inLanguage":"lt-LT","@id":"https:\/\/lottomat.com\/lt\/rezultatai\/mega-millions\/#primaryimage","url":"https:\/\/lottomat.com\/wp-content\/uploads\/2025\/10\/Mega-Millions-winning-numbers.webp","contentUrl":"https:\/\/lottomat.com\/wp-content\/uploads\/2025\/10\/Mega-Millions-winning-numbers.webp"},{"@type":"BreadcrumbList","@id":"https:\/\/lottomat.com\/lt\/rezultatai\/mega-millions\/#breadcrumb","itemListElement":[{"@type":"ListItem","position":1,"name":"Home","item":"https:\/\/lottomat.com\/lt\/"},{"@type":"ListItem","position":2,"name":"Naujausi loterijos rezultatai ir laim\u0117j\u0119 numeriai","item":"https:\/\/lottomat.com\/lt\/rezultatai\/"},{"@type":"ListItem","position":3,"name":"Mega Millions rezultatai ir laimantys skai\u010diai"}]},{"@type":"WebSite","@id":"https:\/\/lottomat.com\/lt\/#website","url":"https:\/\/lottomat.com\/lt\/","name":"Lottomat","description":"","potentialAction":[{"@type":"SearchAction","target":{"@type":"EntryPoint","urlTemplate":"https:\/\/lottomat.com\/lt\/?s={search_term_string}"},"query-input":{"@type":"PropertyValueSpecification","valueRequired":true,"valueName":"search_term_string"}}],"inLanguage":"lt-LT"}]}},"_links":{"self":[{"href":"https:\/\/lottomat.com\/lt\/wp-json\/wp\/v2\/pages\/237813","targetHints":{"allow":["GET"]}}],"collection":[{"href":"https:\/\/lottomat.com\/lt\/wp-json\/wp\/v2\/pages"}],"about":[{"href":"https:\/\/lottomat.com\/lt\/wp-json\/wp\/v2\/types\/page"}],"author":[{"embeddable":true,"href":"https:\/\/lottomat.com\/lt\/wp-json\/wp\/v2\/users\/1"}],"replies":[{"embeddable":true,"href":"https:\/\/lottomat.com\/lt\/wp-json\/wp\/v2\/comments?post=237813"}],"version-history":[{"count":2,"href":"https:\/\/lottomat.com\/lt\/wp-json\/wp\/v2\/pages\/237813\/revisions"}],"predecessor-version":[{"id":273235,"href":"https:\/\/lottomat.com\/lt\/wp-json\/wp\/v2\/pages\/237813\/revisions\/273235"}],"up":[{"embeddable":true,"href":"https:\/\/lottomat.com\/lt\/wp-json\/wp\/v2\/pages\/7436"}],"wp:attachment":[{"href":"https:\/\/lottomat.com\/lt\/wp-json\/wp\/v2\/media?parent=237813"}],"curies":[{"name":"wp","href":"https:\/\/api.w.org\/{rel}","templated":true}]}}