{"id":237751,"date":"2025-04-07T19:23:03","date_gmt":"2025-04-07T19:23:03","guid":{"rendered":"https:\/\/lottomat.net\/loterijos-rezultatai\/powerball-rezultatai\/"},"modified":"2026-03-11T12:51:04","modified_gmt":"2026-03-11T12:51:04","slug":"powerball","status":"publish","type":"page","link":"https:\/\/lottomat.com\/lt\/rezultatai\/powerball\/","title":{"rendered":"Powerball Rezultatai ir Laim\u0117j\u0119 Numeriai"},"content":{"rendered":"\n\n<div class=\"kk-star-ratings kksr-auto kksr-align-left kksr-valign-top\"\n    data-payload='{&quot;align&quot;:&quot;left&quot;,&quot;id&quot;:&quot;237751&quot;,&quot;slug&quot;:&quot;default&quot;,&quot;valign&quot;:&quot;top&quot;,&quot;ignore&quot;:&quot;&quot;,&quot;reference&quot;:&quot;auto&quot;,&quot;class&quot;:&quot;&quot;,&quot;count&quot;:&quot;0&quot;,&quot;legendonly&quot;:&quot;&quot;,&quot;readonly&quot;:&quot;&quot;,&quot;score&quot;:&quot;0&quot;,&quot;starsonly&quot;:&quot;&quot;,&quot;best&quot;:&quot;5&quot;,&quot;gap&quot;:&quot;5&quot;,&quot;greet&quot;:&quot;Rate this page&quot;,&quot;legend&quot;:&quot;0\\\/5 - (0 votes)&quot;,&quot;size&quot;:&quot;30&quot;,&quot;title&quot;:&quot;Powerball Rezultatai ir Laim\u0117j\u0119 Numeriai&quot;,&quot;width&quot;:&quot;0&quot;,&quot;_legend&quot;:&quot;{score}\\\/{best} - ({count} {votes})&quot;,&quot;font_factor&quot;:&quot;1.25&quot;}'>\n            \n<div class=\"kksr-stars\">\n    \n<div class=\"kksr-stars-inactive\">\n            <div class=\"kksr-star\" data-star=\"1\" style=\"padding-right: 5px\">\n            \n\n<div class=\"kksr-icon\" style=\"width: 30px; height: 30px;\"><\/div>\n        <\/div>\n            <div class=\"kksr-star\" data-star=\"2\" style=\"padding-right: 5px\">\n            \n\n<div class=\"kksr-icon\" style=\"width: 30px; height: 30px;\"><\/div>\n        <\/div>\n            <div class=\"kksr-star\" data-star=\"3\" style=\"padding-right: 5px\">\n            \n\n<div class=\"kksr-icon\" style=\"width: 30px; height: 30px;\"><\/div>\n        <\/div>\n            <div class=\"kksr-star\" data-star=\"4\" style=\"padding-right: 5px\">\n            \n\n<div class=\"kksr-icon\" style=\"width: 30px; height: 30px;\"><\/div>\n        <\/div>\n            <div class=\"kksr-star\" data-star=\"5\" style=\"padding-right: 5px\">\n            \n\n<div class=\"kksr-icon\" style=\"width: 30px; height: 30px;\"><\/div>\n        <\/div>\n    <\/div>\n    \n<div class=\"kksr-stars-active\" style=\"width: 0px;\">\n            <div class=\"kksr-star\" style=\"padding-right: 5px\">\n            \n\n<div class=\"kksr-icon\" style=\"width: 30px; height: 30px;\"><\/div>\n        <\/div>\n            <div class=\"kksr-star\" style=\"padding-right: 5px\">\n            \n\n<div class=\"kksr-icon\" style=\"width: 30px; height: 30px;\"><\/div>\n        <\/div>\n            <div class=\"kksr-star\" style=\"padding-right: 5px\">\n            \n\n<div class=\"kksr-icon\" style=\"width: 30px; height: 30px;\"><\/div>\n        <\/div>\n            <div class=\"kksr-star\" style=\"padding-right: 5px\">\n            \n\n<div class=\"kksr-icon\" style=\"width: 30px; height: 30px;\"><\/div>\n        <\/div>\n            <div class=\"kksr-star\" style=\"padding-right: 5px\">\n            \n\n<div class=\"kksr-icon\" style=\"width: 30px; height: 30px;\"><\/div>\n        <\/div>\n    <\/div>\n<\/div>\n                \n\n<div class=\"kksr-legend\" style=\"font-size: 24px;\">\n            <span class=\"kksr-muted\">Rate this page<\/span>\n    <\/div>\n    <\/div>\n<p>\u012esigij\u0119 bilietus, pasirink\u0119 penkis pagrindinius skai\u010dius ir vien\u0105 bonusin\u012f Powerball skai\u010di\u0173, jums belieka kantriai laukti traukimo rezultat\u0173, kurie \u017eaibo grei\u010diu pasirodys <a href=\"https:\/\/lottomat.com\/lt\/\"><strong>LottoMat svetain\u0117je<\/strong><\/a>. Visa informacija, kuri\u0105 skelbiame apie i\u0161trauktus skai\u010dius, gaunama tiesiogiai i\u0161 traukimo organizatoriaus, tod\u0117l galite b\u016bti tikri, kad <strong>Powerball rezultatai 100% atitinka traukim\u0105<\/strong>.<img loading=\"lazy\" decoding=\"async\" class=\"alignleft wp-image-252294\" src=\"https:\/\/lottomat.com\/wp-content\/uploads\/2025\/10\/jackpot-and-prizes-300x300.webp\" alt=\"jackpotas ir prizai\" width=\"200\" height=\"200\" srcset=\"https:\/\/lottomat.com\/wp-content\/uploads\/2025\/10\/jackpot-and-prizes-300x300.webp 300w, https:\/\/lottomat.com\/wp-content\/uploads\/2025\/10\/jackpot-and-prizes-150x150.webp 150w, https:\/\/lottomat.com\/wp-content\/uploads\/2025\/10\/jackpot-and-prizes-100x100.webp 100w, https:\/\/lottomat.com\/wp-content\/uploads\/2025\/10\/jackpot-and-prizes.webp 400w\" sizes=\"auto, (max-width: 200px) 100vw, 200px\" \/><\/p>\n<h2>Kaip Patikrinti Naujausius Powerball Rezultatus?<\/h2>\n<p>LottoMat svetain\u0117je visada rasite <strong>naujausius Powerball loterijos rezultatus<\/strong>, dar kar\u0161tus. Powerball rezultatus atnaujiname i\u0161 karto po traukimo \u2013 jie gaunami i\u0161 oficiali\u0173 \u0161altini\u0173, t. y. loterijos organizatoriaus, ir yra <strong>\u0161imtu procent\u0173 patikimi<\/strong>. Apsilank\u0119 Powerball loterijos rezultat\u0173 puslapyje, turite palyginti bilieto numerius su rezultat\u0173 lentel\u0117s skai\u010diais. Jei j\u016bs\u0173 biliet\u0435 yra \u0161e\u0161i i\u0161traukti numeriai \u2013 sveikiname, <strong>k\u0105 tik tapote milijonieriumi!<\/strong> Jei ne \u2013 n\u0117ra ko nerimauti, nes Powerball turi net <strong>devynis laim\u0117jim\u0173 lygius su garantuotais prizais<\/strong>. Tai rei\u0161kia, kad norint laim\u0117ti pinigin\u012f priz\u0105 nereikia atsp\u0117ti vis\u0173 \u0161e\u0161i\u0173 skai\u010di\u0173, ta\u010diau reikia <a href=\"https:\/\/lottomat.com\/lt\/zaisti\/powerball\/\">nusipirkti Powerball biliet\u0105 internetu<\/a>!<\/p>\n<h2>Kaip Patikrinti Vakaryk\u0161\u010dius Pow<img loading=\"lazy\" decoding=\"async\" class=\"wp-image-252354 alignright\" src=\"https:\/\/lottomat.com\/wp-content\/uploads\/2025\/10\/Powerball-Numbers-300x300.webp\" alt=\"Powerball Numeriai\" width=\"200\" height=\"200\" srcset=\"https:\/\/lottomat.com\/wp-content\/uploads\/2025\/10\/Powerball-Numbers-300x300.webp 300w, https:\/\/lottomat.com\/wp-content\/uploads\/2025\/10\/Powerball-Numbers-150x150.webp 150w, https:\/\/lottomat.com\/wp-content\/uploads\/2025\/10\/Powerball-Numbers-100x100.webp 100w, https:\/\/lottomat.com\/wp-content\/uploads\/2025\/10\/Powerball-Numbers.webp 400w\" sizes=\"auto, (max-width: 200px) 100vw, 200px\" \/>erball Rezultatus?<\/h2>\n<p>Nesvarbu, ar ie\u0161kote \u0161iandienos rezultat\u0173, vakaryk\u0161\u010di\u0173 skai\u010di\u0173, ar pra\u0117jusios savait\u0117s traukim\u0173 \u2013 <strong>visus Powerball rezultatus lengvai rasite LottoMat<\/strong>. M\u016bs\u0173 i\u0161sami rezultat\u0173 duomen\u0173 baz\u0117 leid\u017eia greitai ir efektyviai pasiekti bet kurio traukimo informacij\u0105. Tiesiog eikite \u012f rezultat\u0173 skilt\u012f ir pasirinkite konkre\u010di\u0105 dat\u0105, kuri\u0105 norite patikrinti. \u0160i patogi funkcija u\u017etikrina, kad <strong>niekada nepraleistum\u0117te biliet\u0173 patikrinimo<\/strong>, nepriklausomai nuo to, kada vyko traukimas.<\/p>\n<h2>Kaip Naudotis Archyviniais Powerball Traukim\u0173 Rezultatais?<\/h2>\n<p>LottoMat svetain\u0117 taip pat suteikia jums prieig\u0105 prie <strong>archyvini\u0173 Powerball traukim\u0173 rezultat\u0173<\/strong>. Jei norite juos per\u017ei\u016br\u0117ti, tereikia pasinaudoti m\u016bs\u0173 rezultat\u0173 kalendoriumi. J\u012f rasite de\u0161in\u0117je pus\u0117je, \u0161alia \u0161iuo metu rodom\u0173 i\u0161traukt\u0173 skai\u010di\u0173. I\u0161skleid\u0119 s\u0105ra\u0161\u0105, galite per\u017ei\u016br\u0117ti ankstesnius traukimus, siekian\u010dius <strong>dvylika m\u0117nesi\u0173<\/strong> atgal.<\/p>\n<h3><img loading=\"lazy\" decoding=\"async\" class=\"alignleft wp-image-252324\" src=\"https:\/\/lottomat.com\/wp-content\/uploads\/2025\/10\/Powerball-Draw-300x300.webp\" alt=\"Powerball Traukimas\" width=\"200\" height=\"200\" srcset=\"https:\/\/lottomat.com\/wp-content\/uploads\/2025\/10\/Powerball-Draw-300x300.webp 300w, https:\/\/lottomat.com\/wp-content\/uploads\/2025\/10\/Powerball-Draw-150x150.webp 150w, https:\/\/lottomat.com\/wp-content\/uploads\/2025\/10\/Powerball-Draw-100x100.webp 100w, https:\/\/lottomat.com\/wp-content\/uploads\/2025\/10\/Powerball-Draw.webp 400w\" sizes=\"auto, (max-width: 200px) 100vw, 200px\" \/>Kokia Archyvini\u0173 Powerball Rezultat\u0173 Nauda?<\/h3>\n<p>Kam jums reikalingi archyviniai loto traukim\u0173 rezultatai? I\u0161 ties\u0173, keliems tikslams. Vis\u0173 pirma, jie gali pad\u0117ti jums <strong>sukurti savo skai\u010di\u0173 pasirinkimo strategij\u0105<\/strong> pildant naujus bilietus, kad v\u0117lesni \u017eaidimai b\u016bt\u0173 s\u0117kmingi. Taip pat galite <a href=\"https:\/\/lottomat.com\/lt\/rezultatai\/\">naudotis archyviniais loterijos rezultatais<\/a>, nor\u0117dami su\u017einoti, kurie skai\u010diai buvo neseniai traukiami da\u017eniausiai, kurie nepasirod\u0117 jau kelias savaites, ir suprasite, kaip svarbu rinktis \u012fvairius skai\u010dius i\u0161 skirting\u0173 interval\u0173. Jau seniai \u017einoma, kad pildant bilietus nereik\u0117t\u0173 sav\u0119s riboti. Kiekvienas skai\u010dius i\u0161 galimo rinkinio yra svarbus, ta\u010diau daugelis \u017eaid\u0117j\u0173 pasirenka sau fiksuot\u0105 skai\u010di\u0173 rinkin\u012f, paremt\u0105 gimtadieniais \u2013 m\u0117nesiu ar gimimo diena, \u2013 o tai labai susiaurina naudojam\u0105 rinkin\u012f ir kartu ma\u017eina Powerball loterijos laim\u0117jimo galimybes. Archyviniai traukim\u0173 rezultatai taip pat apima informacij\u0105 apie naujausius sukauptus jackpotus, priz\u0173 vert\u0119 ir laim\u0117toj\u0173, atsp\u0117jusi\u0173 Powerball jackpot\u0105, skai\u010di\u0173.<\/p>\n<h2>Kokie Skai\u010diai Powerball Loterijoje Traukiami Da\u017eniausiai?<\/h2>\n<p>LottoMat svetain\u0117je rasite vis\u0105 pagrindin\u0119 su loterijomis susijusi\u0105 informacij\u0105. Tai ne tik rezultatai, bet ir Powerball taisykli\u0173 s\u0105ra\u0161as bei \u012fdom\u016bs faktai, naudojimo s\u0105lygos ir gausyb\u0117 patarim\u0173, kurie pad\u0117s lengviau laim\u0117ti loterijose. Mes pareng\u0117me jums <strong>i\u0161sam\u0173 ir \u012fdom\u0173 ap\u017evalgos lap\u0105<\/strong>, kuriame nurodome, kurie skai\u010diai Powerball loterijoje buvo traukiami da\u017eniausiai, o kurie \u2013 re\u010diausiai. Tai pad\u0117s planuoti skai\u010di\u0173 pasirinkim\u0105 naujiems bilietams, nes statistika ai\u0161kiai rodo, kurie skai\u010diai link\u0119 trauktis da\u017eniau nei kiti. Pasinaudokite jais ir atminkite: Powerball skai\u010dius traukiamas i\u0161 atskiro skai\u010di\u0173 intervalo, tod\u0117l tas pats skai\u010dius gali b\u016bti i\u0161trauktas tiek tarp pagrindini\u0173, tiek kaip bonusinis Powerball skai\u010dius. Jums nebereikia ie\u0161koti ir ra\u0161ytis sen\u0173 rezultat\u0173 \u2013 viskas patiekta ant l\u0117k\u0161tut\u0117s. <strong>Da\u017eniausiai Powerball loterijoje traukiami skai\u010diai yra: 8, 26, 22, 23 ir 36<\/strong>. Kurkite savo strategij\u0105 rinkdamiesi skai\u010dius, kurie jums patinka, ta\u010diau taip pat naudokit\u0117s m\u016bs\u0173 si\u016blomais, nes <strong>statistika nemeluoja<\/strong>.<\/p>\n<h2>Kokie Powerball Laim\u0117jimo Numeriai Traukiami Re\u010diausiai?<img loading=\"lazy\" decoding=\"async\" class=\"alignright wp-image-252384\" src=\"https:\/\/lottomat.com\/wp-content\/uploads\/2025\/10\/Powerball-Results-300x300.webp\" alt=\"Powerball Rezultatai\" width=\"200\" height=\"200\" srcset=\"https:\/\/lottomat.com\/wp-content\/uploads\/2025\/10\/Powerball-Results-300x300.webp 300w, https:\/\/lottomat.com\/wp-content\/uploads\/2025\/10\/Powerball-Results-150x150.webp 150w, https:\/\/lottomat.com\/wp-content\/uploads\/2025\/10\/Powerball-Results-100x100.webp 100w, https:\/\/lottomat.com\/wp-content\/uploads\/2025\/10\/Powerball-Results.webp 400w\" sizes=\"auto, (max-width: 200px) 100vw, 200px\" \/><\/h2>\n<p>\u017dinoti, kurie skai\u010diai Powerball traukimuose pasirodo re\u010diau, gali b\u016bti lygiai taip pat vertinga, kaip \u017einoti da\u017eniausiai traukiamus. Statistin\u0117 analiz\u0117 atskleid\u017eia, kad tam tikri skai\u010diai <strong>nuosekliai pasirodo re\u010diau ankstesniuose traukimuose<\/strong>. Re\u010diausiai traukiami skai\u010diai yra: 15, 51, 37, 47, 12, 4 ir 24. Kai kurie \u017eaid\u0117jai mano, kad \u0161ie \u201e\u0161altieji&#8221; skai\u010diai jau laukia savo eil\u0117s sugr\u012f\u017eti, ir \u012ftraukia juos \u012f savo skai\u010di\u0173 pasirinkimo strategij\u0105. Nors pra\u0117j\u0119 rezultatai negarantuoja b\u016bsim\u0173 rezultat\u0173, \u0161i\u0173 d\u0117sningum\u0173 analiz\u0117 gali pad\u0117ti priimti labiau apgalvotus sprendimus renkantis Powerball numerius b\u016bsimiems traukimams.<\/p>\n<h2>Kiek \u017daid\u0117j\u0173 Laim\u0117jo ir Kiek \u2013 Paskutiniame Powerball Traukime?<\/h2>\n<p>Kiekvienas Powerball traukimas sukuria <strong>t\u016bkstan\u010dius laim\u0117toj\u0173 visuose priz\u0173 lygiuose<\/strong>, tod\u0117l tai yra viena i\u0161 labiausiai dosni\u0173 loterij\u0173 pasaulyje. Priz\u0173 paskirstymas paprastai apima vien\u0105 jackpoto laim\u0117toj\u0105 arba kelis laim\u0117tojus, pasidalijan\u010dius pagrindin\u012f priz\u0105, kelis milijonierius, atsp\u0117jusius penkis pagrindinius skai\u010dius, ir \u0161imtus t\u016bkstan\u010di\u0173 ma\u017eesni\u0173 priz\u0173 laim\u0117toj\u0173. Priz\u0173 sumos skiriasi priklausomai nuo laim\u0117toj\u0173 skai\u010diaus kiekvienoje kategorijoje ir bendros to traukimo biliet\u0173 pardavimo apimties. <strong>I\u0161sam\u0173 laim\u0117toj\u0173 skai\u010diaus ir priz\u0173 sum\u0173 suskirstym\u0105<\/strong> pagal kiekvien\u0105 lyg\u012f galite rasti i\u0161 karto po kiekvieno traukimo LottoMat svetain\u0117je. \u0160i informacija padeda suprasti skirting\u0173 laim\u0117jim\u0173 kombinacij\u0173 tikimybes ir galimas i\u0161mokas. Jei norite su\u017einoti daugiau apie prizus b\u016bsimam traukimui, <a href=\"https:\/\/lottomat.com\/lt\/loterija\/powerball\/\">skaitykite apie Powerball prizus ir jackpot\u0105<\/a>.<\/p>\n<h2><img loading=\"lazy\" decoding=\"async\" class=\"alignleft wp-image-252414\" src=\"https:\/\/lottomat.com\/wp-content\/uploads\/2025\/10\/Powerball-Winning-Numbers-300x300.webp\" alt=\"Powerball Laimintys Numeriai\" width=\"200\" height=\"200\" srcset=\"https:\/\/lottomat.com\/wp-content\/uploads\/2025\/10\/Powerball-Winning-Numbers-300x300.webp 300w, https:\/\/lottomat.com\/wp-content\/uploads\/2025\/10\/Powerball-Winning-Numbers-150x150.webp 150w, https:\/\/lottomat.com\/wp-content\/uploads\/2025\/10\/Powerball-Winning-Numbers-100x100.webp 100w, https:\/\/lottomat.com\/wp-content\/uploads\/2025\/10\/Powerball-Winning-Numbers.webp 400w\" sizes=\"auto, (max-width: 200px) 100vw, 200px\" \/><\/h2>\n<h2>Kaip Numatyti Powerball Rezultatus ir Laim\u0117jusius Numerius?<\/h2>\n<p>Nors Powerball yra atsitiktinumo \u017eaidimas ir <strong>n\u0117 vienas metodas negali garantuoti laim\u0117jusi\u0173 skai\u010di\u0173<\/strong>, daugelis \u017eaid\u0117j\u0173 taiko \u012fvairias strategijas, kad pagerint\u0173 savo pasirinkimo proces\u0105. Vieni analizuoja da\u017enumo lenteles, nor\u0117dami nustatyti \u201ekar\u0161tuosius&#8221; ir \u201e\u0161altuosius&#8221; skai\u010dius, kiti naudoja matematinius sistemas, tokias kaip skai\u010di\u0173 apipynimo arba delta skai\u010di\u0173 analiz\u0117. Atsitiktini\u0173 skai\u010di\u0173 generatoriai gali pad\u0117ti pa\u0161alinti \u017emogi\u0161k\u0105j\u012f \u0161ali\u0161kum\u0105 renkantis skai\u010dius. Atminkite, kad kiekvienas traukimas yra nepriklausomas ir kiekviena skai\u010di\u0173 kombinacija turi vienodas galimybes b\u016bti i\u0161traukta. Svarbiausia \u2013 <strong>\u017eaisti nuosekliai su skai\u010diais, kuriais pasitikite<\/strong>, nesvarbu, ar jie grind\u017eiami statistine analize, asmenine reik\u0161me ar gryna intuicija. Svarbiausia \u2013 visada \u017eaiskite atsakingai, nepa\u017eeisdami savo biud\u017eeto rib\u0173. Dabar \u017einote, ar \u012fmanoma numatyti Powerball rezultatus. Vienas dalykas yra tikras \u2013 norint laim\u0117ti, reikia \u017eaisti. Tod\u0117l <a href=\"https:\/\/lottomat.com\/lt\/zaisti\/\">nusipirkite biliet\u0105 bet kuriai loterijai<\/a> ir laukite rezultat\u0173, kurie jus nud\u017eiugins.<\/p>\n","protected":false},"excerpt":{"rendered":"<p>\u012esigij\u0119 bilietus, pasirink\u0119 penkis pagrindinius skai\u010dius ir vien\u0105 bonusin\u012f Powerball skai\u010di\u0173, jums belieka kantriai laukti traukimo rezultat\u0173, kurie \u017eaibo grei\u010diu pasirodys LottoMat svetain\u0117je. Visa informacija, kuri\u0105 skelbiame apie i\u0161trauktus skai\u010dius, gaunama tiesiogiai i\u0161 traukimo organizatoriaus, tod\u0117l galite b\u016bti tikri, kad Powerball rezultatai 100% atitinka traukim\u0105. Kaip Patikrinti Naujausius Powerball Rezultatus? LottoMat svetain\u0117je visada rasite naujausius [&hellip;]<\/p>\n","protected":false},"author":1,"featured_media":0,"parent":7436,"menu_order":1,"comment_status":"closed","ping_status":"closed","template":"powerball-usa-results.php","meta":{"_et_pb_use_builder":"","_et_pb_old_content":"","_et_gb_content_width":"","exclude_from_search":false,"footnotes":""},"class_list":["post-237751","page","type-page","status-publish","hentry"],"yoast_head":"<!-- This site is optimized with the Yoast SEO plugin v23.8 - https:\/\/yoast.com\/wordpress\/plugins\/seo\/ -->\n<title>Powerball Rezultatai ir Laim\u0117j\u0119 Numeriai - LottoMat<\/title>\n<meta name=\"description\" content=\"Patikrinkite naujausius Powerball rezultatus ir laim\u0117jusius numerius LottoMat. Palyginkite savo numerius su oficialiais traukimo rezultatais ir su\u017einokite, ar laim\u0117jote!\" \/>\n<meta name=\"robots\" content=\"index, follow, max-snippet:-1, max-image-preview:large, max-video-preview:-1\" \/>\n<link rel=\"canonical\" href=\"https:\/\/lottomat.com\/lt\/rezultatai\/powerball\/\" \/>\n<meta property=\"og:locale\" content=\"lt_LT\" \/>\n<meta property=\"og:type\" content=\"article\" \/>\n<meta property=\"og:title\" content=\"Powerball Rezultatai ir Laim\u0117j\u0119 Numeriai - LottoMat\" \/>\n<meta property=\"og:description\" content=\"Patikrinkite naujausius Powerball rezultatus ir laim\u0117jusius numerius LottoMat. Palyginkite savo numerius su oficialiais traukimo rezultatais ir su\u017einokite, ar laim\u0117jote!\" \/>\n<meta property=\"og:url\" content=\"https:\/\/lottomat.com\/lt\/rezultatai\/powerball\/\" \/>\n<meta property=\"og:site_name\" content=\"Lottomat\" \/>\n<meta property=\"article:modified_time\" content=\"2026-03-11T12:51:04+00:00\" \/>\n<meta property=\"og:image\" content=\"https:\/\/lottomat.com\/wp-content\/uploads\/2025\/10\/jackpot-and-prizes.webp\" \/>\n\t<meta property=\"og:image:width\" content=\"400\" \/>\n\t<meta property=\"og:image:height\" content=\"400\" \/>\n\t<meta property=\"og:image:type\" content=\"image\/webp\" \/>\n<meta name=\"twitter:card\" content=\"summary_large_image\" \/>\n<meta name=\"twitter:label1\" content=\"Est. reading time\" \/>\n\t<meta name=\"twitter:data1\" content=\"5 minut\u0117s\" \/>\n<script type=\"application\/ld+json\" class=\"yoast-schema-graph\">{\"@context\":\"https:\/\/schema.org\",\"@graph\":[{\"@type\":\"WebPage\",\"@id\":\"https:\/\/lottomat.com\/lt\/rezultatai\/powerball\/\",\"url\":\"https:\/\/lottomat.com\/lt\/rezultatai\/powerball\/\",\"name\":\"Powerball Rezultatai ir Laim\u0117j\u0119 Numeriai - LottoMat\",\"isPartOf\":{\"@id\":\"https:\/\/lottomat.com\/lt\/#website\"},\"primaryImageOfPage\":{\"@id\":\"https:\/\/lottomat.com\/lt\/rezultatai\/powerball\/#primaryimage\"},\"image\":{\"@id\":\"https:\/\/lottomat.com\/lt\/rezultatai\/powerball\/#primaryimage\"},\"thumbnailUrl\":\"https:\/\/lottomat.com\/wp-content\/uploads\/2025\/10\/jackpot-and-prizes-300x300.webp\",\"datePublished\":\"2025-04-07T19:23:03+00:00\",\"dateModified\":\"2026-03-11T12:51:04+00:00\",\"description\":\"Patikrinkite naujausius Powerball rezultatus ir laim\u0117jusius numerius LottoMat. Palyginkite savo numerius su oficialiais traukimo rezultatais ir su\u017einokite, ar laim\u0117jote!\",\"breadcrumb\":{\"@id\":\"https:\/\/lottomat.com\/lt\/rezultatai\/powerball\/#breadcrumb\"},\"inLanguage\":\"lt-LT\",\"potentialAction\":[{\"@type\":\"ReadAction\",\"target\":[\"https:\/\/lottomat.com\/lt\/rezultatai\/powerball\/\"]}]},{\"@type\":\"ImageObject\",\"inLanguage\":\"lt-LT\",\"@id\":\"https:\/\/lottomat.com\/lt\/rezultatai\/powerball\/#primaryimage\",\"url\":\"https:\/\/lottomat.com\/wp-content\/uploads\/2025\/10\/jackpot-and-prizes-300x300.webp\",\"contentUrl\":\"https:\/\/lottomat.com\/wp-content\/uploads\/2025\/10\/jackpot-and-prizes-300x300.webp\"},{\"@type\":\"BreadcrumbList\",\"@id\":\"https:\/\/lottomat.com\/lt\/rezultatai\/powerball\/#breadcrumb\",\"itemListElement\":[{\"@type\":\"ListItem\",\"position\":1,\"name\":\"Home\",\"item\":\"https:\/\/lottomat.com\/lt\/\"},{\"@type\":\"ListItem\",\"position\":2,\"name\":\"Naujausi loterijos rezultatai ir laim\u0117j\u0119 numeriai\",\"item\":\"https:\/\/lottomat.com\/lt\/rezultatai\/\"},{\"@type\":\"ListItem\",\"position\":3,\"name\":\"Powerball Rezultatai ir Laim\u0117j\u0119 Numeriai\"}]},{\"@type\":\"WebSite\",\"@id\":\"https:\/\/lottomat.com\/lt\/#website\",\"url\":\"https:\/\/lottomat.com\/lt\/\",\"name\":\"Lottomat\",\"description\":\"\",\"potentialAction\":[{\"@type\":\"SearchAction\",\"target\":{\"@type\":\"EntryPoint\",\"urlTemplate\":\"https:\/\/lottomat.com\/lt\/?s={search_term_string}\"},\"query-input\":{\"@type\":\"PropertyValueSpecification\",\"valueRequired\":true,\"valueName\":\"search_term_string\"}}],\"inLanguage\":\"lt-LT\"}]}<\/script>\n<!-- \/ Yoast SEO plugin. -->","yoast_head_json":{"title":"Powerball Rezultatai ir Laim\u0117j\u0119 Numeriai - LottoMat","description":"Patikrinkite naujausius Powerball rezultatus ir laim\u0117jusius numerius LottoMat. Palyginkite savo numerius su oficialiais traukimo rezultatais ir su\u017einokite, ar laim\u0117jote!","robots":{"index":"index","follow":"follow","max-snippet":"max-snippet:-1","max-image-preview":"max-image-preview:large","max-video-preview":"max-video-preview:-1"},"canonical":"https:\/\/lottomat.com\/lt\/rezultatai\/powerball\/","og_locale":"lt_LT","og_type":"article","og_title":"Powerball Rezultatai ir Laim\u0117j\u0119 Numeriai - LottoMat","og_description":"Patikrinkite naujausius Powerball rezultatus ir laim\u0117jusius numerius LottoMat. Palyginkite savo numerius su oficialiais traukimo rezultatais ir su\u017einokite, ar laim\u0117jote!","og_url":"https:\/\/lottomat.com\/lt\/rezultatai\/powerball\/","og_site_name":"Lottomat","article_modified_time":"2026-03-11T12:51:04+00:00","og_image":[{"width":400,"height":400,"url":"https:\/\/lottomat.com\/wp-content\/uploads\/2025\/10\/jackpot-and-prizes.webp","type":"image\/webp"}],"twitter_card":"summary_large_image","twitter_misc":{"Est. reading time":"5 minut\u0117s"},"schema":{"@context":"https:\/\/schema.org","@graph":[{"@type":"WebPage","@id":"https:\/\/lottomat.com\/lt\/rezultatai\/powerball\/","url":"https:\/\/lottomat.com\/lt\/rezultatai\/powerball\/","name":"Powerball Rezultatai ir Laim\u0117j\u0119 Numeriai - LottoMat","isPartOf":{"@id":"https:\/\/lottomat.com\/lt\/#website"},"primaryImageOfPage":{"@id":"https:\/\/lottomat.com\/lt\/rezultatai\/powerball\/#primaryimage"},"image":{"@id":"https:\/\/lottomat.com\/lt\/rezultatai\/powerball\/#primaryimage"},"thumbnailUrl":"https:\/\/lottomat.com\/wp-content\/uploads\/2025\/10\/jackpot-and-prizes-300x300.webp","datePublished":"2025-04-07T19:23:03+00:00","dateModified":"2026-03-11T12:51:04+00:00","description":"Patikrinkite naujausius Powerball rezultatus ir laim\u0117jusius numerius LottoMat. Palyginkite savo numerius su oficialiais traukimo rezultatais ir su\u017einokite, ar laim\u0117jote!","breadcrumb":{"@id":"https:\/\/lottomat.com\/lt\/rezultatai\/powerball\/#breadcrumb"},"inLanguage":"lt-LT","potentialAction":[{"@type":"ReadAction","target":["https:\/\/lottomat.com\/lt\/rezultatai\/powerball\/"]}]},{"@type":"ImageObject","inLanguage":"lt-LT","@id":"https:\/\/lottomat.com\/lt\/rezultatai\/powerball\/#primaryimage","url":"https:\/\/lottomat.com\/wp-content\/uploads\/2025\/10\/jackpot-and-prizes-300x300.webp","contentUrl":"https:\/\/lottomat.com\/wp-content\/uploads\/2025\/10\/jackpot-and-prizes-300x300.webp"},{"@type":"BreadcrumbList","@id":"https:\/\/lottomat.com\/lt\/rezultatai\/powerball\/#breadcrumb","itemListElement":[{"@type":"ListItem","position":1,"name":"Home","item":"https:\/\/lottomat.com\/lt\/"},{"@type":"ListItem","position":2,"name":"Naujausi loterijos rezultatai ir laim\u0117j\u0119 numeriai","item":"https:\/\/lottomat.com\/lt\/rezultatai\/"},{"@type":"ListItem","position":3,"name":"Powerball Rezultatai ir Laim\u0117j\u0119 Numeriai"}]},{"@type":"WebSite","@id":"https:\/\/lottomat.com\/lt\/#website","url":"https:\/\/lottomat.com\/lt\/","name":"Lottomat","description":"","potentialAction":[{"@type":"SearchAction","target":{"@type":"EntryPoint","urlTemplate":"https:\/\/lottomat.com\/lt\/?s={search_term_string}"},"query-input":{"@type":"PropertyValueSpecification","valueRequired":true,"valueName":"search_term_string"}}],"inLanguage":"lt-LT"}]}},"_links":{"self":[{"href":"https:\/\/lottomat.com\/lt\/wp-json\/wp\/v2\/pages\/237751","targetHints":{"allow":["GET"]}}],"collection":[{"href":"https:\/\/lottomat.com\/lt\/wp-json\/wp\/v2\/pages"}],"about":[{"href":"https:\/\/lottomat.com\/lt\/wp-json\/wp\/v2\/types\/page"}],"author":[{"embeddable":true,"href":"https:\/\/lottomat.com\/lt\/wp-json\/wp\/v2\/users\/1"}],"replies":[{"embeddable":true,"href":"https:\/\/lottomat.com\/lt\/wp-json\/wp\/v2\/comments?post=237751"}],"version-history":[{"count":2,"href":"https:\/\/lottomat.com\/lt\/wp-json\/wp\/v2\/pages\/237751\/revisions"}],"predecessor-version":[{"id":273243,"href":"https:\/\/lottomat.com\/lt\/wp-json\/wp\/v2\/pages\/237751\/revisions\/273243"}],"up":[{"embeddable":true,"href":"https:\/\/lottomat.com\/lt\/wp-json\/wp\/v2\/pages\/7436"}],"wp:attachment":[{"href":"https:\/\/lottomat.com\/lt\/wp-json\/wp\/v2\/media?parent=237751"}],"curies":[{"name":"wp","href":"https:\/\/api.w.org\/{rel}","templated":true}]}}