{"id":232632,"date":"2025-03-27T10:35:32","date_gmt":"2025-03-27T10:35:32","guid":{"rendered":"https:\/\/lottomat.net\/loterijos-rezultatai\/eurojackpot-rezultatai\/"},"modified":"2026-03-11T13:02:20","modified_gmt":"2026-03-11T13:02:20","slug":"eurojackpot","status":"publish","type":"page","link":"https:\/\/lottomat.com\/lt\/rezultatai\/eurojackpot\/","title":{"rendered":"Eurojackpot rezultatai ir laim\u0117j\u0119 skai\u010diai"},"content":{"rendered":"\n\n<div class=\"kk-star-ratings kksr-auto kksr-align-left kksr-valign-top\"\n    data-payload='{&quot;align&quot;:&quot;left&quot;,&quot;id&quot;:&quot;232632&quot;,&quot;slug&quot;:&quot;default&quot;,&quot;valign&quot;:&quot;top&quot;,&quot;ignore&quot;:&quot;&quot;,&quot;reference&quot;:&quot;auto&quot;,&quot;class&quot;:&quot;&quot;,&quot;count&quot;:&quot;0&quot;,&quot;legendonly&quot;:&quot;&quot;,&quot;readonly&quot;:&quot;&quot;,&quot;score&quot;:&quot;0&quot;,&quot;starsonly&quot;:&quot;&quot;,&quot;best&quot;:&quot;5&quot;,&quot;gap&quot;:&quot;5&quot;,&quot;greet&quot;:&quot;Rate this page&quot;,&quot;legend&quot;:&quot;0\\\/5 - (0 votes)&quot;,&quot;size&quot;:&quot;30&quot;,&quot;title&quot;:&quot;Eurojackpot rezultatai ir laim\u0117j\u0119 skai\u010diai&quot;,&quot;width&quot;:&quot;0&quot;,&quot;_legend&quot;:&quot;{score}\\\/{best} - ({count} {votes})&quot;,&quot;font_factor&quot;:&quot;1.25&quot;}'>\n            \n<div class=\"kksr-stars\">\n    \n<div class=\"kksr-stars-inactive\">\n            <div class=\"kksr-star\" data-star=\"1\" style=\"padding-right: 5px\">\n            \n\n<div class=\"kksr-icon\" style=\"width: 30px; height: 30px;\"><\/div>\n        <\/div>\n            <div class=\"kksr-star\" data-star=\"2\" style=\"padding-right: 5px\">\n            \n\n<div class=\"kksr-icon\" style=\"width: 30px; height: 30px;\"><\/div>\n        <\/div>\n            <div class=\"kksr-star\" data-star=\"3\" style=\"padding-right: 5px\">\n            \n\n<div class=\"kksr-icon\" style=\"width: 30px; height: 30px;\"><\/div>\n        <\/div>\n            <div class=\"kksr-star\" data-star=\"4\" style=\"padding-right: 5px\">\n            \n\n<div class=\"kksr-icon\" style=\"width: 30px; height: 30px;\"><\/div>\n        <\/div>\n            <div class=\"kksr-star\" data-star=\"5\" style=\"padding-right: 5px\">\n            \n\n<div class=\"kksr-icon\" style=\"width: 30px; height: 30px;\"><\/div>\n        <\/div>\n    <\/div>\n    \n<div class=\"kksr-stars-active\" style=\"width: 0px;\">\n            <div class=\"kksr-star\" style=\"padding-right: 5px\">\n            \n\n<div class=\"kksr-icon\" style=\"width: 30px; height: 30px;\"><\/div>\n        <\/div>\n            <div class=\"kksr-star\" style=\"padding-right: 5px\">\n            \n\n<div class=\"kksr-icon\" style=\"width: 30px; height: 30px;\"><\/div>\n        <\/div>\n            <div class=\"kksr-star\" style=\"padding-right: 5px\">\n            \n\n<div class=\"kksr-icon\" style=\"width: 30px; height: 30px;\"><\/div>\n        <\/div>\n            <div class=\"kksr-star\" style=\"padding-right: 5px\">\n            \n\n<div class=\"kksr-icon\" style=\"width: 30px; height: 30px;\"><\/div>\n        <\/div>\n            <div class=\"kksr-star\" style=\"padding-right: 5px\">\n            \n\n<div class=\"kksr-icon\" style=\"width: 30px; height: 30px;\"><\/div>\n        <\/div>\n    <\/div>\n<\/div>\n                \n\n<div class=\"kksr-legend\" style=\"font-size: 24px;\">\n            <span class=\"kksr-muted\">Rate this page<\/span>\n    <\/div>\n    <\/div>\n<p>Ar \u012fsigijote Eurojackpot bilietus ir svarstote, ar laim\u0117jote? Kol ne\u017einote i\u0161traukt\u0173 skai\u010di\u0173, gali nutikti viskas \u2013 o <a href=\"https:\/\/lottomat.com\/lt\/rezultatai\/\">loterijos rezultatus galite per\u017ei\u016br\u0117ti \u0161ioje svetain\u0117je<\/a>. Mes juos skelbiame itin greitai \u2013 i\u0161 karto gav\u0119 prane\u0161im\u0105 i\u0161 Eurojackpot organizatoriaus svetain\u0117s, tod\u0117l galite b\u016bti tikri, kad informacija patikimai patvirtinta ir 100% tikra. Analizuokite Eurojackpot rezultatus ir laim\u0117jusius skai\u010dius jau dabar!<\/p>\n<h2>Kaip patikrinti \u0161iandienos Eurojackpot rezultatus?<img loading=\"lazy\" decoding=\"async\" class=\"alignright wp-image-257716\" src=\"https:\/\/lottomat.com\/wp-content\/uploads\/2025\/11\/Eurojackpot-online-1.webp\" alt=\"Eurojackpot internetu\" width=\"200\" height=\"200\" srcset=\"https:\/\/lottomat.com\/wp-content\/uploads\/2025\/11\/Eurojackpot-online-1.webp 400w, https:\/\/lottomat.com\/wp-content\/uploads\/2025\/11\/Eurojackpot-online-1-300x300.webp 300w, https:\/\/lottomat.com\/wp-content\/uploads\/2025\/11\/Eurojackpot-online-1-150x150.webp 150w, https:\/\/lottomat.com\/wp-content\/uploads\/2025\/11\/Eurojackpot-online-1-100x100.webp 100w\" sizes=\"auto, (max-width: 200px) 100vw, 200px\" \/><\/h2>\n<p>Papras\u010diausias b\u016bdas patikrinti naujausius Eurojackpot rezultatus \u2013 apsilankyti m\u016bs\u0173 svetain\u0117je. Mes teikiame <strong>100% patikimus loterijos lo\u0161im\u0173 rezultatus<\/strong>, kuriais galite visi\u0161kai pasitik\u0117ti. M\u016bs\u0173 platforma u\u017etikrina, kad visi Eurojackpot laim\u0117j\u0119 skai\u010diai yra <strong>atnaujinami i\u0161 karto po kiekvieno oficialaus lo\u0161imo<\/strong>. Nesvarbu, ar ie\u0161kote laiming\u0173 derini\u0173, priz\u0173 pasiskirstymo ar d\u017eekpoto sumos \u2013 \u010dia rasite tiksli\u0105 ir naujausi\u0105 informacij\u0105. Suprantame, kaip svarbu loterijos \u017eaid\u0117jams greitai gauti patikrintus rezultatus, tod\u0117l teikdami Eurojackpot rezultatus m\u016bs\u0173 naudotojams, pirmenyb\u0119 skiriame <strong>grei\u010diui ir tikslumui<\/strong>.<\/p>\n<h2>Kaip patikrinti vakaryk\u0161\u010dius Eurojackpot rezultatus?<\/h2>\n<p>Vakaryk\u0161\u010dius Eurojackpot rezultatus taip pat galite patikrinti <a href=\"https:\/\/lottomat.com\/lt\/\">m\u016bs\u0173 Lottomat svetain\u0117je<\/a>, nes pateikiame ne tik esamus rezultatus, bet ir <strong>istorinius ankstesni\u0173 lo\u0161im\u0173 duomenis<\/strong>. M\u016bs\u0173 i\u0161sami duomen\u0173 baz\u0117 apima <strong>\u0161iandienos rezultatus, vakaryk\u0161\u010dius lo\u0161imus ir rezultatus i\u0161 savai\u010di\u0173, m\u0117nesi\u0173 ar net met\u0173 senumo<\/strong>. \u0160is platus archyvas leid\u017eia sekti d\u0117sningumus, analizuoti tendencijas ir per\u017ei\u016br\u0117ti bet kur\u012f jus dominant\u012f lo\u0161im\u0105. Nesvarbu, ar vakar pamir\u0161ote patikrinti savo bilietus, ar norite patvirtinti pra\u0117jusius laim\u0117jusius skai\u010dius \u2013 m\u016bs\u0173 platforma suteikia patogi\u0105 prieig\u0105 prie vis\u0173 istorini\u0173 Eurojackpot rezultat\u0173, u\u017etikrindama <strong>visi\u0161k\u0105 tikslum\u0105 ir patikimum\u0105<\/strong>.<\/p>\n<h2>Kaip patikrinti archyvuotus Eurojackpot rezultatus?<\/h2>\n<p>Nor\u0117dami per\u017ei\u016br\u0117ti archyvuotus Eurojackpot rezultatus, tereikia pasinaudoti Lottomat svetain\u0117je esan\u010diu rezultat\u0173 kalendoriumi. Jis yra patalpintas po paskutinio lo\u0161imo data. Belieka pasirinkti jus dominan\u010di\u0105 dat\u0105 ir per\u017ei\u016br\u0117ti iki \u0161iol buvusius \u017eaidimo rezultatus.<\/p>\n<h2><img loading=\"lazy\" decoding=\"async\" class=\"alignleft wp-image-257746\" src=\"https:\/\/lottomat.com\/wp-content\/uploads\/2025\/11\/Eurojackpot-tickets-1.webp\" alt=\"Eurojackpot bilietai\" width=\"200\" height=\"200\" srcset=\"https:\/\/lottomat.com\/wp-content\/uploads\/2025\/11\/Eurojackpot-tickets-1.webp 400w, https:\/\/lottomat.com\/wp-content\/uploads\/2025\/11\/Eurojackpot-tickets-1-300x300.webp 300w, https:\/\/lottomat.com\/wp-content\/uploads\/2025\/11\/Eurojackpot-tickets-1-150x150.webp 150w, https:\/\/lottomat.com\/wp-content\/uploads\/2025\/11\/Eurojackpot-tickets-1-100x100.webp 100w\" sizes=\"auto, (max-width: 200px) 100vw, 200px\" \/>Kaip naudotis archyvuot\u0173 lo\u0161im\u0173 rezultatais ir Eurojackpot laim\u0117jusiais skai\u010diais?<\/h2>\n<p>Naujausi ir archyvuoti loto rezultatai leid\u017eia patikrinti, kokie skai\u010diai buvo i\u0161traukti ankstesniuose lo\u0161imuose, kokia tam tikros loterijos d\u017eekpoto kaupimosi da\u017enio istorija, laim\u0117toj\u0173 skai\u010dius bei rekordiniai laim\u0117jimai. Visa tai padeda jums sukurti Eurojackpot \u017eaidimo strategij\u0105 ir i\u0161pl\u0117toti savo metod\u0105 skai\u010diams parinkti. Kita vertus, jei norite skai\u010dius pasirinkti grei\u010diau, bet vis tiek remiantis statistika, galite laisvai pasinaudoti m\u016bs\u0173 patarimais apie da\u017eniausiai ir re\u010diausiai traukiamus Eurojackpot loterijos skai\u010dius. Visus reikiamus duomenis ir informacij\u0105 rasite Lottomat svetain\u0117je. Nepamir\u0161kite neapsiriboti vien loterijomis. Tod\u0117l rekomenduojame statyti skai\u010dius i\u0161 viso galim\u0173 skai\u010di\u0173 fondo \u2013 tai didina j\u016bs\u0173 pagrindinio prizo laim\u0117jimo tikimyb\u0119.<\/p>\n<h2>Kurie skai\u010diai Eurojackpot traukiami da\u017eniausiai?<\/h2>\n<p>Remiantis statistine Eurojackpot lo\u0161im\u0173 analize nuo loterijos prad\u017eios 2012 m., da\u017eniausiai traukiami pagrindiniai skai\u010diai yra <strong>14, 16, 18, 19, 25, 33 ir 40<\/strong>. \u0160ie \u201ekar\u0161ti&#8221; skai\u010diai loterijos istorijoje pasirod\u0117 da\u017eniau nei kiti. \u017dvelgiant \u012f bonusinius Euro skai\u010dius, <strong>5 ir 8 buvo traukti da\u017eniausiai \u2013 po 83 kartus kiekvienas<\/strong>. Daugelis loterijos \u017eaid\u0117j\u0173 naudojasi \u0161ia \u201ekar\u0161t\u0173&#8221; skai\u010di\u0173 statistika sudarydami savo skai\u010di\u0173 parinkimo strategij\u0105. Nors teori\u0161kai kiekvienas skai\u010dius turi vienod\u0105 tikimyb\u0119 b\u016bti i\u0161trauktas, kai kurie \u017eaid\u0117jai teikia pirmenyb\u0119 \u0161iems da\u017enai pasirei\u0161kiantiems skai\u010diams rinkdamiesi Eurojackpot kombinacijas. Verta pamin\u0117ti, kad <strong>ankstesnio da\u017enumo rodikliai negarantuoja b\u016bsim\u0173 rezultat\u0173<\/strong>, ta\u010diau \u0161i statistika gali suteikti \u012fdomi\u0173 \u012f\u017evalg\u0173 loterijos entuziastams.<\/p>\n<h2>Kurie skai\u010diai Eurojackpot traukiami re\u010diausiai?<\/h2>\n<p>Prie\u0161ingame spektro gale \u2013 tam tikri skai\u010diai Eurojackpot lo\u0161imuose pasirodo re\u010diau, tod\u0117l jie vadinami \u201e\u0161altaisiais skai\u010diais&#8221;. Re\u010diausiai traukiami Eurojackpot skai\u010diai yra: <strong>48, 2, 36, 50 ir lygiomis \u2013 24, 27 bei 31<\/strong>. Re\u010diausiai traukiami Euro skai\u010diai yra <strong>9 ir 10<\/strong>. Kai kurie loterijos \u017eaid\u0117jai mano, kad \u0161ie \u201e\u0161altieji&#8221; skai\u010diai \u201ejau laikas&#8221; pasirodyti, nors svarbu suprasti, kad <strong>kiekvienas lo\u0161imas yra visi\u0161kai atsitiktinis ir nepriklausomas<\/strong>. Nors loterijos lo\u0161imai taip neveikia \u2013 kiekvienas lo\u0161imas yra visi\u0161kai atsitiktinis ir nesusij\u0119s su ankstesniais lo\u0161imais \u2013 vis tiek smalsu su\u017einoti, kurie skai\u010diai pasirod\u0117 re\u010diausiai. Nesvarbu, ar renkit\u0117s \u201ekar\u0161tus&#8221; skai\u010dius, \u201e\u0161altuosius&#8221;, ar j\u0173 derin\u012f \u2013 atminkite, kad <strong>loterijos rezultatai galiausiai priklauso nuo atsitiktinumo<\/strong>.<\/p>\n<h2>Kiek \u017emoni\u0173 laim\u0117jo paskutiniame Eurojackpot lo\u0161ime?<img loading=\"lazy\" decoding=\"async\" class=\"alignright wp-image-257777\" src=\"https:\/\/lottomat.com\/wp-content\/uploads\/2025\/11\/play-Eurojackpot-1.webp\" alt=\"\u017eaisti Eurojackpot\" width=\"200\" height=\"200\" srcset=\"https:\/\/lottomat.com\/wp-content\/uploads\/2025\/11\/play-Eurojackpot-1.webp 400w, https:\/\/lottomat.com\/wp-content\/uploads\/2025\/11\/play-Eurojackpot-1-300x300.webp 300w, https:\/\/lottomat.com\/wp-content\/uploads\/2025\/11\/play-Eurojackpot-1-150x150.webp 150w, https:\/\/lottomat.com\/wp-content\/uploads\/2025\/11\/play-Eurojackpot-1-100x100.webp 100w\" sizes=\"auto, (max-width: 200px) 100vw, 200px\" \/><\/h2>\n<p>M\u016bs\u0173 svetain\u0117je rasite i\u0161sami\u0105 lentel\u0119 su visa informacija apie paskutinio Eurojackpot lo\u0161imo rezultatus, \u012fskaitant <strong>\u017emoni\u0173, laim\u0117jusi\u0173 prizus kiekvienoje priz\u0173 kategorijoje, skai\u010di\u0173<\/strong> ir <strong>tiksli\u0105 kiekvieno prizo vert\u0119 eurais<\/strong>. \u0160is suskirstymas rodo laim\u0117tojus visose <strong>dvylikoje priz\u0173 kategorij\u0173<\/strong> \u2013 nuo d\u017eekpoto laim\u0117tojo iki t\u0173, kurie surinko minimali\u0105 laim\u0117jimo kombinacij\u0105. Per\u017ei\u016br\u0117j\u0119 \u0161i\u0105 informacij\u0105 gal\u0117site \u012fsitikinti, kad <strong>Eurojackpot \u017eaid\u0117jai i\u0161 tikr\u0173j\u0173 reguliariai laimi<\/strong> visose priz\u0173 kategorijose. Priz\u0173 pasiskirstymas atskleid\u017eia loterijos patrauklum\u0105 \u2013 <strong>daugyb\u0117 laim\u0117jimo b\u016bd\u0173 ir solid\u016bs prizai<\/strong> net ir \u017eemesni\u0173 kategorij\u0173 atveju. Toks skaidrumas padeda \u017eaid\u0117jams suprasti savo \u0161ansus ir pamatyti real\u0173 Eurojackpot lo\u0161im\u0173 poveik\u012f laim\u0117tojams visose dalyvaujan\u010diose \u0161alyse. Ar esate pasiruo\u0161\u0119 prisijungti prie geriausios pramogos? <a href=\"https:\/\/lottomat.com\/lt\/zaisti\/eurojackpot\/\">\u017daiskite Eurojackpot internetu<\/a> Lottomat ir laim\u0117kite dideles sumas.<\/p>\n<h2>Kas nutinka, kai n\u0117 vienas \u017eaid\u0117jas nelaimi d\u017eekpoto?<\/h2>\n<p>Kai n\u0117 vienas \u017eaid\u0117jas nesutapdina vis\u0173 penki\u0173 pagrindini\u0173 skai\u010di\u0173 ir abiej\u0173 Euro skai\u010di\u0173, d\u017eekpoto suma <strong>perkeliama \u012f kit\u0105 lo\u0161im\u0105<\/strong> \u2013 tai vadinama pervedimu arba kaupimu. \u0160is procesas rei\u0161kia, kad <strong>priz\u0173 fondas nuolat auga<\/strong>, kol kas nors laimi pagrindin\u012f priz\u0105, tod\u0117l kiekvienas tolesnis lo\u0161imas \u017eaid\u0117jams tampa dar \u012fdomesnis. Pervedimo mechanizmas leid\u017eia d\u017eekpotams pasiekti dideles sumas, o <strong>did\u017eiausia d\u017eekpoto riba nustatyta 120 milijon\u0173 eur\u0173<\/strong>. Pasiekus \u0161i\u0105 maksimali\u0105 sum\u0105, visos papildomos l\u0117\u0161os, kurios b\u016bt\u0173 buvusios prid\u0117tos prie d\u017eekpoto, vietoj to paskirstomos laim\u0117tojams kitoje priz\u0173 kategorijoje. \u0160i sistema u\u017etikrina, kad laikui b\u0117gant gali kauptis did\u017eiuliai prizai, sukurdama galimyb\u0119 laim\u0117ti gyvenim\u0105 kei\u010dian\u010dias sumas ir pritraukdama milijonus \u017eaid\u0117j\u0173 visoje Europoje. Daugiau skaitykite apie <a href=\"https:\/\/lottomat.com\/lt\/loterija\/eurojackpot\/\">Eurojackpot prizus ir d\u017eekpot\u0105<\/a> m\u016bs\u0173 svetain\u0117je.<\/p>\n<h2><img loading=\"lazy\" decoding=\"async\" class=\"alignleft wp-image-257807\" src=\"https:\/\/lottomat.com\/wp-content\/uploads\/2025\/11\/tickets-online.webp\" alt=\"bilietai internetu\" width=\"200\" height=\"200\" srcset=\"https:\/\/lottomat.com\/wp-content\/uploads\/2025\/11\/tickets-online.webp 400w, https:\/\/lottomat.com\/wp-content\/uploads\/2025\/11\/tickets-online-300x300.webp 300w, https:\/\/lottomat.com\/wp-content\/uploads\/2025\/11\/tickets-online-150x150.webp 150w, https:\/\/lottomat.com\/wp-content\/uploads\/2025\/11\/tickets-online-100x100.webp 100w\" sizes=\"auto, (max-width: 200px) 100vw, 200px\" \/>Ar galima nusp\u0117ti Eurojackpot lo\u0161imo rezultatus?<\/h2>\n<p><strong>Ne, Eurojackpot lo\u0161imo rezultat\u0173 nusp\u0117ti ne\u012fmanoma<\/strong> su jokiu pagr\u012fstu tikrumu. Loterijoje naudojama <strong>visi\u0161kai atsitiktin\u0117 traukimo sistema<\/strong>, kurioje kiekvienas skai\u010di\u0173 derinys turi lygiai toki\u0105 pa\u010di\u0105 matematin\u0119 tikimyb\u0119 b\u016bti i\u0161rinktas kiekviename lo\u0161ime. Nors statistin\u0117 analiz\u0117 gali parodyti, kurie skai\u010diai praeityje buvo traukiami da\u017eniau ar re\u010diau, \u0161ie istoriniai duomenys <strong>neturi \u012ftakos b\u016bsimiems lo\u0161imams<\/strong>. Kiekvienas Eurojackpot lo\u0161imas yra <strong>nepriklausomas \u012fvykis<\/strong>, tai rei\u0161kia, kad ankstesni rezultatai nedaro \u012ftakos b\u016bsimiems lo\u0161imams. Bet kuri sistema ar strategija, teigianti galinti nusp\u0117ti loterijos skai\u010dius, i\u0161 esm\u0117s yra nepagr\u012fsta, nes <strong>tikro atsitiktinumo nusp\u0117ti<\/strong> ar valdyti analiz\u0117s ar d\u0117sningum\u0173 pagalba ne\u012fmanoma. Ko laukiate? Bilietai pig\u016bs, o \u0161ansai \u2013 dideli, tad ruo\u0161kit\u0117s pasirinkti savo skai\u010dius ir su\u017einokite, kas bus toliau. <strong>Taip pat galite <a href=\"https:\/\/lottomat.com\/lt\/zaisti\/\">per\u017ei\u016br\u0117ti vis\u0105 m\u016bs\u0173 internetini\u0173 loterij\u0173 s\u0105ra\u0161\u0105<\/a> su did\u017eiausiais d\u017eekpotais!<\/strong><\/p>\n","protected":false},"excerpt":{"rendered":"<p>Ar \u012fsigijote Eurojackpot bilietus ir svarstote, ar laim\u0117jote? Kol ne\u017einote i\u0161traukt\u0173 skai\u010di\u0173, gali nutikti viskas \u2013 o loterijos rezultatus galite per\u017ei\u016br\u0117ti \u0161ioje svetain\u0117je. Mes juos skelbiame itin greitai \u2013 i\u0161 karto gav\u0119 prane\u0161im\u0105 i\u0161 Eurojackpot organizatoriaus svetain\u0117s, tod\u0117l galite b\u016bti tikri, kad informacija patikimai patvirtinta ir 100% tikra. Analizuokite Eurojackpot rezultatus ir laim\u0117jusius skai\u010dius jau [&hellip;]<\/p>\n","protected":false},"author":1,"featured_media":0,"parent":7436,"menu_order":4,"comment_status":"closed","ping_status":"closed","template":"eurojackpot-results.php","meta":{"_et_pb_use_builder":"","_et_pb_old_content":"","_et_gb_content_width":"","exclude_from_search":false,"footnotes":""},"class_list":["post-232632","page","type-page","status-publish","hentry"],"yoast_head":"<!-- This site is optimized with the Yoast SEO plugin v23.8 - https:\/\/yoast.com\/wordpress\/plugins\/seo\/ -->\n<title>Eurojackpot rezultatai - Eurojackpot laim\u0117j\u0119 skai\u010diai - LottoMat<\/title>\n<meta name=\"description\" content=\"Patikrinkite naujausius Eurojackpot rezultatus. \u010cia galite palyginti savo skai\u010dius su oficialiais Eurojackpot laim\u0117jusiais skai\u010diais.\" \/>\n<meta name=\"robots\" content=\"index, follow, max-snippet:-1, max-image-preview:large, max-video-preview:-1\" \/>\n<link rel=\"canonical\" href=\"https:\/\/lottomat.com\/lt\/rezultatai\/eurojackpot\/\" \/>\n<meta property=\"og:locale\" content=\"lt_LT\" \/>\n<meta property=\"og:type\" content=\"article\" \/>\n<meta property=\"og:title\" content=\"Eurojackpot rezultatai - Eurojackpot laim\u0117j\u0119 skai\u010diai - LottoMat\" \/>\n<meta property=\"og:description\" content=\"Patikrinkite naujausius Eurojackpot rezultatus. \u010cia galite palyginti savo skai\u010dius su oficialiais Eurojackpot laim\u0117jusiais skai\u010diais.\" \/>\n<meta property=\"og:url\" content=\"https:\/\/lottomat.com\/lt\/rezultatai\/eurojackpot\/\" \/>\n<meta property=\"og:site_name\" content=\"Lottomat\" \/>\n<meta property=\"article:modified_time\" content=\"2026-03-11T13:02:20+00:00\" \/>\n<meta property=\"og:image\" content=\"https:\/\/lottomat.com\/wp-content\/uploads\/2025\/11\/Eurojackpot-online-1.webp\" \/>\n\t<meta property=\"og:image:width\" content=\"400\" \/>\n\t<meta property=\"og:image:height\" content=\"400\" \/>\n\t<meta property=\"og:image:type\" content=\"image\/webp\" \/>\n<meta name=\"twitter:card\" content=\"summary_large_image\" \/>\n<meta name=\"twitter:label1\" content=\"Est. reading time\" \/>\n\t<meta name=\"twitter:data1\" content=\"5 minut\u0117s\" \/>\n<script type=\"application\/ld+json\" class=\"yoast-schema-graph\">{\"@context\":\"https:\/\/schema.org\",\"@graph\":[{\"@type\":\"WebPage\",\"@id\":\"https:\/\/lottomat.com\/lt\/rezultatai\/eurojackpot\/\",\"url\":\"https:\/\/lottomat.com\/lt\/rezultatai\/eurojackpot\/\",\"name\":\"Eurojackpot rezultatai - Eurojackpot laim\u0117j\u0119 skai\u010diai - LottoMat\",\"isPartOf\":{\"@id\":\"https:\/\/lottomat.com\/lt\/#website\"},\"primaryImageOfPage\":{\"@id\":\"https:\/\/lottomat.com\/lt\/rezultatai\/eurojackpot\/#primaryimage\"},\"image\":{\"@id\":\"https:\/\/lottomat.com\/lt\/rezultatai\/eurojackpot\/#primaryimage\"},\"thumbnailUrl\":\"https:\/\/lottomat.com\/wp-content\/uploads\/2025\/11\/Eurojackpot-online-1.webp\",\"datePublished\":\"2025-03-27T10:35:32+00:00\",\"dateModified\":\"2026-03-11T13:02:20+00:00\",\"description\":\"Patikrinkite naujausius Eurojackpot rezultatus. \u010cia galite palyginti savo skai\u010dius su oficialiais Eurojackpot laim\u0117jusiais skai\u010diais.\",\"breadcrumb\":{\"@id\":\"https:\/\/lottomat.com\/lt\/rezultatai\/eurojackpot\/#breadcrumb\"},\"inLanguage\":\"lt-LT\",\"potentialAction\":[{\"@type\":\"ReadAction\",\"target\":[\"https:\/\/lottomat.com\/lt\/rezultatai\/eurojackpot\/\"]}]},{\"@type\":\"ImageObject\",\"inLanguage\":\"lt-LT\",\"@id\":\"https:\/\/lottomat.com\/lt\/rezultatai\/eurojackpot\/#primaryimage\",\"url\":\"https:\/\/lottomat.com\/wp-content\/uploads\/2025\/11\/Eurojackpot-online-1.webp\",\"contentUrl\":\"https:\/\/lottomat.com\/wp-content\/uploads\/2025\/11\/Eurojackpot-online-1.webp\"},{\"@type\":\"BreadcrumbList\",\"@id\":\"https:\/\/lottomat.com\/lt\/rezultatai\/eurojackpot\/#breadcrumb\",\"itemListElement\":[{\"@type\":\"ListItem\",\"position\":1,\"name\":\"Home\",\"item\":\"https:\/\/lottomat.com\/lt\/\"},{\"@type\":\"ListItem\",\"position\":2,\"name\":\"Naujausi loterijos rezultatai ir laim\u0117j\u0119 numeriai\",\"item\":\"https:\/\/lottomat.com\/lt\/rezultatai\/\"},{\"@type\":\"ListItem\",\"position\":3,\"name\":\"Eurojackpot rezultatai ir laim\u0117j\u0119 skai\u010diai\"}]},{\"@type\":\"WebSite\",\"@id\":\"https:\/\/lottomat.com\/lt\/#website\",\"url\":\"https:\/\/lottomat.com\/lt\/\",\"name\":\"Lottomat\",\"description\":\"\",\"potentialAction\":[{\"@type\":\"SearchAction\",\"target\":{\"@type\":\"EntryPoint\",\"urlTemplate\":\"https:\/\/lottomat.com\/lt\/?s={search_term_string}\"},\"query-input\":{\"@type\":\"PropertyValueSpecification\",\"valueRequired\":true,\"valueName\":\"search_term_string\"}}],\"inLanguage\":\"lt-LT\"}]}<\/script>\n<!-- \/ Yoast SEO plugin. -->","yoast_head_json":{"title":"Eurojackpot rezultatai - Eurojackpot laim\u0117j\u0119 skai\u010diai - LottoMat","description":"Patikrinkite naujausius Eurojackpot rezultatus. \u010cia galite palyginti savo skai\u010dius su oficialiais Eurojackpot laim\u0117jusiais skai\u010diais.","robots":{"index":"index","follow":"follow","max-snippet":"max-snippet:-1","max-image-preview":"max-image-preview:large","max-video-preview":"max-video-preview:-1"},"canonical":"https:\/\/lottomat.com\/lt\/rezultatai\/eurojackpot\/","og_locale":"lt_LT","og_type":"article","og_title":"Eurojackpot rezultatai - Eurojackpot laim\u0117j\u0119 skai\u010diai - LottoMat","og_description":"Patikrinkite naujausius Eurojackpot rezultatus. \u010cia galite palyginti savo skai\u010dius su oficialiais Eurojackpot laim\u0117jusiais skai\u010diais.","og_url":"https:\/\/lottomat.com\/lt\/rezultatai\/eurojackpot\/","og_site_name":"Lottomat","article_modified_time":"2026-03-11T13:02:20+00:00","og_image":[{"width":400,"height":400,"url":"https:\/\/lottomat.com\/wp-content\/uploads\/2025\/11\/Eurojackpot-online-1.webp","type":"image\/webp"}],"twitter_card":"summary_large_image","twitter_misc":{"Est. reading time":"5 minut\u0117s"},"schema":{"@context":"https:\/\/schema.org","@graph":[{"@type":"WebPage","@id":"https:\/\/lottomat.com\/lt\/rezultatai\/eurojackpot\/","url":"https:\/\/lottomat.com\/lt\/rezultatai\/eurojackpot\/","name":"Eurojackpot rezultatai - Eurojackpot laim\u0117j\u0119 skai\u010diai - LottoMat","isPartOf":{"@id":"https:\/\/lottomat.com\/lt\/#website"},"primaryImageOfPage":{"@id":"https:\/\/lottomat.com\/lt\/rezultatai\/eurojackpot\/#primaryimage"},"image":{"@id":"https:\/\/lottomat.com\/lt\/rezultatai\/eurojackpot\/#primaryimage"},"thumbnailUrl":"https:\/\/lottomat.com\/wp-content\/uploads\/2025\/11\/Eurojackpot-online-1.webp","datePublished":"2025-03-27T10:35:32+00:00","dateModified":"2026-03-11T13:02:20+00:00","description":"Patikrinkite naujausius Eurojackpot rezultatus. \u010cia galite palyginti savo skai\u010dius su oficialiais Eurojackpot laim\u0117jusiais skai\u010diais.","breadcrumb":{"@id":"https:\/\/lottomat.com\/lt\/rezultatai\/eurojackpot\/#breadcrumb"},"inLanguage":"lt-LT","potentialAction":[{"@type":"ReadAction","target":["https:\/\/lottomat.com\/lt\/rezultatai\/eurojackpot\/"]}]},{"@type":"ImageObject","inLanguage":"lt-LT","@id":"https:\/\/lottomat.com\/lt\/rezultatai\/eurojackpot\/#primaryimage","url":"https:\/\/lottomat.com\/wp-content\/uploads\/2025\/11\/Eurojackpot-online-1.webp","contentUrl":"https:\/\/lottomat.com\/wp-content\/uploads\/2025\/11\/Eurojackpot-online-1.webp"},{"@type":"BreadcrumbList","@id":"https:\/\/lottomat.com\/lt\/rezultatai\/eurojackpot\/#breadcrumb","itemListElement":[{"@type":"ListItem","position":1,"name":"Home","item":"https:\/\/lottomat.com\/lt\/"},{"@type":"ListItem","position":2,"name":"Naujausi loterijos rezultatai ir laim\u0117j\u0119 numeriai","item":"https:\/\/lottomat.com\/lt\/rezultatai\/"},{"@type":"ListItem","position":3,"name":"Eurojackpot rezultatai ir laim\u0117j\u0119 skai\u010diai"}]},{"@type":"WebSite","@id":"https:\/\/lottomat.com\/lt\/#website","url":"https:\/\/lottomat.com\/lt\/","name":"Lottomat","description":"","potentialAction":[{"@type":"SearchAction","target":{"@type":"EntryPoint","urlTemplate":"https:\/\/lottomat.com\/lt\/?s={search_term_string}"},"query-input":{"@type":"PropertyValueSpecification","valueRequired":true,"valueName":"search_term_string"}}],"inLanguage":"lt-LT"}]}},"_links":{"self":[{"href":"https:\/\/lottomat.com\/lt\/wp-json\/wp\/v2\/pages\/232632","targetHints":{"allow":["GET"]}}],"collection":[{"href":"https:\/\/lottomat.com\/lt\/wp-json\/wp\/v2\/pages"}],"about":[{"href":"https:\/\/lottomat.com\/lt\/wp-json\/wp\/v2\/types\/page"}],"author":[{"embeddable":true,"href":"https:\/\/lottomat.com\/lt\/wp-json\/wp\/v2\/users\/1"}],"replies":[{"embeddable":true,"href":"https:\/\/lottomat.com\/lt\/wp-json\/wp\/v2\/comments?post=232632"}],"version-history":[{"count":3,"href":"https:\/\/lottomat.com\/lt\/wp-json\/wp\/v2\/pages\/232632\/revisions"}],"predecessor-version":[{"id":273252,"href":"https:\/\/lottomat.com\/lt\/wp-json\/wp\/v2\/pages\/232632\/revisions\/273252"}],"up":[{"embeddable":true,"href":"https:\/\/lottomat.com\/lt\/wp-json\/wp\/v2\/pages\/7436"}],"wp:attachment":[{"href":"https:\/\/lottomat.com\/lt\/wp-json\/wp\/v2\/media?parent=232632"}],"curies":[{"name":"wp","href":"https:\/\/api.w.org\/{rel}","templated":true}]}}