{"id":10620,"date":"2025-03-26T10:16:37","date_gmt":"2025-03-26T10:16:37","guid":{"rendered":"https:\/\/lottomat.net\/loterijos-informacija\/powerball-informacija\/"},"modified":"2026-03-11T12:54:30","modified_gmt":"2026-03-11T12:54:30","slug":"powerball","status":"publish","type":"page","link":"https:\/\/lottomat.com\/lt\/loterija\/powerball\/","title":{"rendered":"Powerball Prizai, Taisykl\u0117s ir Jackpotas"},"content":{"rendered":"\n\n<div class=\"kk-star-ratings kksr-auto kksr-align-left kksr-valign-top\"\n    data-payload='{&quot;align&quot;:&quot;left&quot;,&quot;id&quot;:&quot;10620&quot;,&quot;slug&quot;:&quot;default&quot;,&quot;valign&quot;:&quot;top&quot;,&quot;ignore&quot;:&quot;&quot;,&quot;reference&quot;:&quot;auto&quot;,&quot;class&quot;:&quot;&quot;,&quot;count&quot;:&quot;0&quot;,&quot;legendonly&quot;:&quot;&quot;,&quot;readonly&quot;:&quot;&quot;,&quot;score&quot;:&quot;0&quot;,&quot;starsonly&quot;:&quot;&quot;,&quot;best&quot;:&quot;5&quot;,&quot;gap&quot;:&quot;5&quot;,&quot;greet&quot;:&quot;Rate this page&quot;,&quot;legend&quot;:&quot;0\\\/5 - (0 votes)&quot;,&quot;size&quot;:&quot;30&quot;,&quot;title&quot;:&quot;Powerball Prizai, Taisykl\u0117s ir Jackpotas&quot;,&quot;width&quot;:&quot;0&quot;,&quot;_legend&quot;:&quot;{score}\\\/{best} - ({count} {votes})&quot;,&quot;font_factor&quot;:&quot;1.25&quot;}'>\n            \n<div class=\"kksr-stars\">\n    \n<div class=\"kksr-stars-inactive\">\n            <div class=\"kksr-star\" data-star=\"1\" style=\"padding-right: 5px\">\n            \n\n<div class=\"kksr-icon\" style=\"width: 30px; height: 30px;\"><\/div>\n        <\/div>\n            <div class=\"kksr-star\" data-star=\"2\" style=\"padding-right: 5px\">\n            \n\n<div class=\"kksr-icon\" style=\"width: 30px; height: 30px;\"><\/div>\n        <\/div>\n            <div class=\"kksr-star\" data-star=\"3\" style=\"padding-right: 5px\">\n            \n\n<div class=\"kksr-icon\" style=\"width: 30px; height: 30px;\"><\/div>\n        <\/div>\n            <div class=\"kksr-star\" data-star=\"4\" style=\"padding-right: 5px\">\n            \n\n<div class=\"kksr-icon\" style=\"width: 30px; height: 30px;\"><\/div>\n        <\/div>\n            <div class=\"kksr-star\" data-star=\"5\" style=\"padding-right: 5px\">\n            \n\n<div class=\"kksr-icon\" style=\"width: 30px; height: 30px;\"><\/div>\n        <\/div>\n    <\/div>\n    \n<div class=\"kksr-stars-active\" style=\"width: 0px;\">\n            <div class=\"kksr-star\" style=\"padding-right: 5px\">\n            \n\n<div class=\"kksr-icon\" style=\"width: 30px; height: 30px;\"><\/div>\n        <\/div>\n            <div class=\"kksr-star\" style=\"padding-right: 5px\">\n            \n\n<div class=\"kksr-icon\" style=\"width: 30px; height: 30px;\"><\/div>\n        <\/div>\n            <div class=\"kksr-star\" style=\"padding-right: 5px\">\n            \n\n<div class=\"kksr-icon\" style=\"width: 30px; height: 30px;\"><\/div>\n        <\/div>\n            <div class=\"kksr-star\" style=\"padding-right: 5px\">\n            \n\n<div class=\"kksr-icon\" style=\"width: 30px; height: 30px;\"><\/div>\n        <\/div>\n            <div class=\"kksr-star\" style=\"padding-right: 5px\">\n            \n\n<div class=\"kksr-icon\" style=\"width: 30px; height: 30px;\"><\/div>\n        <\/div>\n    <\/div>\n<\/div>\n                \n\n<div class=\"kksr-legend\" style=\"font-size: 24px;\">\n            <span class=\"kksr-muted\">Rate this page<\/span>\n    <\/div>\n    <\/div>\n<p>Su\u017einokite daugiau apie Powerball prizus, jackpot\u0105 ir \u017eaidimo taisykles. Powerball Loto \u2013 atsitiktinumo \u017eaidimas arba loterija yra viena i\u0161 populiariausi\u0173 lo\u0161im\u0173 pramog\u0173 form\u0173 visame pasaulyje. Dauguma i\u0161 m\u016bs\u0173 bent kart\u0105 yra dalyvav\u0119 loterijos traukime. Loterijose \u017eaid\u017eiama pagal labai paprastas ir ai\u0161kias taisykles, tod\u0117l jos yra \u012fdomios ir jaudinan\u010dios. Jose n\u0117ra absoliu\u010diai nieko sud\u0117tingo, ir kiekvienas gali labai greitai i\u0161mokti bet kurios loterijos taisykles. Jei esate skai\u010di\u0173 \u017eaidim\u0173 entuziastas ir vis dar ie\u0161kote naujos bei \u012fdomios loterijos i\u0161bandyti, tur\u0117tum\u0117te skaityti \u0161\u012f straipsn\u012f toliau. Mes papasakosime jums, kas yra garsiausias pasaulyje Powerball loto, kaip veikia \u017eaidimas, kokios galimyb\u0117s ir rizikos, ir kiek galima laim\u0117ti (Powerball prizai ir jackpotas).<\/p>\n<h2><img loading=\"lazy\" decoding=\"async\" class=\"alignleft wp-image-252449\" src=\"https:\/\/lottomat.com\/wp-content\/uploads\/2025\/10\/Powerball-jackpot-300x300.webp\" alt=\"Powerball jackpotas\" width=\"200\" height=\"200\" srcset=\"https:\/\/lottomat.com\/wp-content\/uploads\/2025\/10\/Powerball-jackpot-300x300.webp 300w, https:\/\/lottomat.com\/wp-content\/uploads\/2025\/10\/Powerball-jackpot-150x150.webp 150w, https:\/\/lottomat.com\/wp-content\/uploads\/2025\/10\/Powerball-jackpot-100x100.webp 100w, https:\/\/lottomat.com\/wp-content\/uploads\/2025\/10\/Powerball-jackpot.webp 400w\" sizes=\"auto, (max-width: 200px) 100vw, 200px\" \/>Kas Yra Powerball Loterija?<\/h2>\n<p>Powerball yra Amerikos loterija, veikianti nuo <strong>1988<\/strong> met\u0173. Anks\u010diau ji buvo \u017einoma kaip Lotto America, ta\u010diau <strong>1992<\/strong> metais pavadinimas buvo pakeistas \u012f dabartin\u012f Powerball. Amerikos Powerball yra viena i\u0161 <a href=\"https:\/\/lottomat.com\/lt\/\">populiariausi\u0173 loterij\u0173 pasaulyje<\/a>; ji turi loterijos biurus JAV net <strong>45 valstijose<\/strong>, taip pat Kolumbijos apygardoje, Puerto Rike ir Mergeli\u0173 salose. Verta pamin\u0117ti, kad \u0161i loterija buvo pirmtak\u0117, prad\u0117jusi traukti skai\u010dius i\u0161 dviej\u0173 b\u016bgn\u0173, leid\u017eian\u010di\u0173 laim\u0117ti didesnes sumas. Powerball loto traukimai vyksta kiekvien\u0105 <strong>pirmadien\u012f, tre\u010diadien\u012f ir \u0161e\u0161tadien\u012f 22:59 EST<\/strong>. Traukimas paprastai vyksta Floridos loterijos studijoje. Jei negyvate ar nesate Jungtin\u0117se Valstijose ir neturite galimyb\u0117s <a href=\"https:\/\/lottomat.com\/lt\/zaisti\/powerball\/\">\u012fsigyti Powerball loto bilieto internetu<\/a>, tereikia pasinaudoti m\u016bs\u0173 <strong>LottoMat svetaine<\/strong>. \u010cia galite \u017eaisti Powerball loto internetu, skaityti \u012fdomius straipsnius ir <a href=\"https:\/\/lottomat.com\/lt\/rezultatai\/powerball\/\">tikrinti naujausius Powerball traukim\u0173 rezultatus<\/a>.<\/p>\n<h2>Kokios Yra Powerball Loterijos \u017daidimo Taisykl\u0117s?<\/h2>\n<p>Nuo loterijos suk\u016brimo taisykl\u0117s keit\u0117si kelet\u0105 kart\u0173; paprastai jos buvo modernizuojamos siekiant suteikti \u017eaid\u0117jams galimyb\u0119 laim\u0117ti didesnius pinig\u0173 Powerball prizus. I\u0161 prad\u017ei\u0173 reik\u0117jo pasirinkti septynis skai\u010dius i\u0161 40. V\u0117liau buvo prid\u0117tas antrojo bonusinio skai\u010diaus pasirinkimas i\u0161 ma\u017eesnio skai\u010di\u0173 rinkinio. Rinkinio dydis keit\u0117si kelet\u0105 kart\u0173, kol galiausiai buvo sutarta rinktis <strong>penkis skai\u010dius i\u0161 69 ir vien\u0105 i\u0161 26<\/strong> vadinam\u0173j\u0173 Powerball skai\u010di\u0173. \u0160ios taisykl\u0117s galioja iki \u0161iol. Pagrindinio traukimo skai\u010dius gali sutapti su antruoju.<\/p>\n<h2>Kokia Rizika ir Kokios Galimyb\u0117s Laim\u0117ti Powerball Prizus?<\/h2>\n<p>Trumpai tariant, rizika yra didel\u0117. Pirmojo lygio laim\u0117jimo tikimyb\u0117 yra <strong>1:292 milijonai<\/strong>. Antrojo lygio laim\u0117jimo tikimyb\u0117 yra tik <strong>1:11,5 milijono<\/strong>, o tai yra mil\u017eini\u0161kas skirtumas, ir galimyb\u0117s tampa nepalyginamai didesn\u0117s. Palyginimui, lenk\u0173 Loto pagrindinio prizo laim\u0117jimo galimyb\u0117 yra 1:14 milijon\u0173. Powerball loto <strong>1 i\u0161 kiekvieno 25 nusi\u0173st\u0173 biliet\u0173 laimi<\/strong>. Taigi rizika n\u0117ra ma\u017ea, ta\u010diau laim\u0117jimai taip pat n\u0117ra ma\u017ei \u2013 jie i\u0161 ties\u0173 yra vieni did\u017eiausi\u0173 pasaulyje. \u0160tai kod\u0117l, nepaisant toki\u0173 ma\u017e\u0173 tikimybi\u0173, Powerball besidomin\u010di\u0173 \u017emoni\u0173 skai\u010dius ne tik nema\u017e\u0117ja, bet ir kasmet nuolat auga. Minimalus Powerball statymas yra <strong>5 doleriai<\/strong>, kas daugumai \u017eaid\u0117j\u0173 yra labai patrauklu, ypa\u010d atsi\u017evelgiant \u012f didelius laim\u0117jimus.<\/p>\n<h2><img loading=\"lazy\" decoding=\"async\" class=\"wp-image-252479 alignright\" src=\"https:\/\/lottomat.com\/wp-content\/uploads\/2025\/10\/Powerball-prizes-300x300.webp\" alt=\"Powerball prizai\" width=\"200\" height=\"200\" srcset=\"https:\/\/lottomat.com\/wp-content\/uploads\/2025\/10\/Powerball-prizes-300x300.webp 300w, https:\/\/lottomat.com\/wp-content\/uploads\/2025\/10\/Powerball-prizes-150x150.webp 150w, https:\/\/lottomat.com\/wp-content\/uploads\/2025\/10\/Powerball-prizes-100x100.webp 100w, https:\/\/lottomat.com\/wp-content\/uploads\/2025\/10\/Powerball-prizes.webp 400w\" sizes=\"auto, (max-width: 200px) 100vw, 200px\" \/><\/h2>\n<h2>Kokie Yra Powerball Prizai \u2013 Kiek Galima Laim\u0117ti?<\/h2>\n<p>Sakyti, kad Powerball si\u016blo labai didelius laim\u0117jimus \u2013 tai nepasakyti nieko. Kalbame apie astronomines sumas; sunku \u012fsivaizduoti, k\u0105 daryti su tokiu mil\u017eini\u0161ku prizu. Jei laim\u0117site, j\u016bs\u0173 vaikai, an\u016bkai, proan\u016bkiai ir proproan\u016bkiai niekada nebegal\u0117s dirbti. Ma\u017eiausias garantuotas Powerball laim\u0117jimas yra <strong>20 milijon\u0173 doleri\u0173<\/strong>. Nekalbant apie tai, kad vidutinis laim\u0117jimas siekia apie 110\u2013120 milijon\u0173 doleri\u0173. Antrojo lygio laim\u0117jimas atrodo kukliau. Tai \u201etik&#8221; <strong>vienas milijonas doleri\u0173<\/strong>. Ta\u010diau norint tapti laimingu jo savininku, pakanka atsp\u0117ti penkis teisingus skai\u010dius. Viskas kei\u010diasi, kai \u012fvyksta jackpoto kaupimas. O taip! Sukauptas jackpotas Powerball \u2013 tai gryna ir nesuvaidinta beprotyb\u0117.<\/p>\n<h2>Kaip Atrodo Powerball Jackpoto Kaupimas?<\/h2>\n<p>Tai, kas pirmiausia i\u0161skiria Powerball nuo, pavyzd\u017eiui, lenk\u0173 Loto loterijos, yra mil\u017eini\u0161ki jackpoto kaupimo etapai, nuo kuri\u0173 \u0161irdis plaka grei\u010diau, o juos lydintys jackpotai yra \u0161okiruojamai dideli. Kaip emocijos tur\u0117t\u0173 neu\u017evirti, kai Powerball <strong>neturi jokios vir\u0161utin\u0117s jackpoto kaupimo ribos<\/strong>? Tai rei\u0161kia, kad jei \u017eaid\u0117jams nesiseka ir kelis kartus i\u0161 eil\u0117s niekas nelaimi pagrindinio prizo, fondas kaupiamas tol, kol atrenkami teisingi numeriai. Sukauptas loto jackpotas paprastai padalijamas tarp keli\u0173 \u017eaid\u0117j\u0173, tai yra prizas paskirstomas jiems proporcingai. Ta\u010diau Powerball istorijoje ne kart\u0105 nutiko taip, kad tik vienas \u017emogus atrinko i\u0161trauktus numerius ir laim\u0117jo vis\u0105 jackpot\u0105 vien sau.<\/p>\n<h2>Koks Buvo Rekordinis Laim\u0117jimas Powerball Loterijoje?<img loading=\"lazy\" decoding=\"async\" class=\"wp-image-252509 alignleft\" src=\"https:\/\/lottomat.com\/wp-content\/uploads\/2025\/10\/Powerball-rules-300x300.webp\" alt=\"Powerball taisykl\u0117s\" width=\"200\" height=\"200\" srcset=\"https:\/\/lottomat.com\/wp-content\/uploads\/2025\/10\/Powerball-rules-300x300.webp 300w, https:\/\/lottomat.com\/wp-content\/uploads\/2025\/10\/Powerball-rules-150x150.webp 150w, https:\/\/lottomat.com\/wp-content\/uploads\/2025\/10\/Powerball-rules-100x100.webp 100w, https:\/\/lottomat.com\/wp-content\/uploads\/2025\/10\/Powerball-rules.webp 400w\" sizes=\"auto, (max-width: 200px) 100vw, 200px\" \/><\/h2>\n<p>Rekordinis jackpotas Powerball istorijoje buvo laim\u0117tas <strong>2022 m. lapkri\u010dio 7 d.<\/strong>, pasiekdamas ne\u012ftik\u0117tin\u0105 <strong>2,04 mlrd. doleri\u0173<\/strong> sum\u0105, o grynoji vert\u0117 sudar\u0117 <strong>997,6 mln. doleri\u0173<\/strong>. Tai i\u0161lieka did\u017eiausias kada nors laim\u0117tas loterijos jackpotas visame pasaulyje. Laimintis bilietas buvo parduotas Kalifornijoje, o priz\u0105 atsi\u0117m\u0117 vienas laim\u0117tojas. Antrasis pagal dyd\u012f Powerball jackpotas siek\u0117 <strong>1,787 mlrd. doleri\u0173<\/strong> ir buvo laim\u0117tas 2025 m. rugs\u0117j\u012f, bilietams parduotiems Mis\u016bryje ir Teksase.<\/p>\n<h2>Kas Gali \u017daisti Powerball ir Laim\u0117ti Powerball Prizus?<\/h2>\n<p>Kiekvienas turi galimyb\u0119 \u017eaisti, jei tik yra pilnametis. Dar visai neseniai Powerball buvo prieinamas tik amerikie\u010diams arba bet kam, esan\u010diam Jungtini\u0173 Valstij\u0173 teritorijoje ir gal\u0117jusiam pasinaudoti loterijos biuru. Dabar viskas pasikeit\u0117. Ir visa tai \u2013 interneto loterij\u0173 ir m\u016bs\u0173 <a href=\"https:\/\/lottomat.com\/lt\/\"><strong>LottoMat svetain\u0117s<\/strong><\/a> d\u0117ka. Nesvarbu, ar gyvenate Afrikoje, Azijoje ar Europoje. Ar s\u0117dite prie stalo, gulite lovoje, b\u0117giojate ar ilsit\u0117s kieme. Powerball galite \u017eaisti ir laim\u0117ti Powerball jackpot\u0105 i\u0161 bet kurios vietos. Internetin\u0117s loterijose tapo nepaprastai populiarios; dauguma \u017eaid\u0117j\u0173 naudojasi \u0161iuo sprendimu, nes tai patogu. Jums tereikia <strong>interneto ry\u0161io<\/strong>. Tai suteikia \u017eaid\u0117jams daug laisv\u0117s visame pasaulyje.<\/p>\n<h2>Kaip \u017daisti Powerball Internetu?<\/h2>\n<p>Tereikia prisijungti prie <strong>LottoMat svetain\u0117s<\/strong> ir u\u017epildyti biliet\u0105 su m\u0117gstamais skai\u010diais. Viskas. Tada laukiate traukimo ir tikrinate Powerball rezultatus. Juos taip pat lengva rasti m\u016bs\u0173 svetain\u0117je. \u017daisti Powerball internetu yra nepaprastai paprasta, ir tai teikia tiek daug jaudulio.<\/p>\n<h2>Kada Vyksta Powerball Loto Traukimai?<\/h2>\n<p>Powerball traukimai vyksta <strong>tris kartus per savait\u0119 \u2013 pirmadien\u012f, tre\u010diadien\u012f ir \u0161e\u0161tadien\u012f<\/strong>. Ie\u0161kote stipri\u0173 emocij\u0173 ir fantasti\u0161k\u0173 laim\u0117jim\u0173? \u017daiskite Powerball loto internetu \u2013 greitai, patogiai ir nei\u0161einant i\u0161 nam\u0173. S\u0117km\u0117s!<\/p>\n<h2>Powerball Priz\u0173 ir Laim\u0117jimo Galimybi\u0173 Lentel\u0117<\/h2>\n","protected":false},"excerpt":{"rendered":"<p>Su\u017einokite daugiau apie Powerball prizus, jackpot\u0105 ir \u017eaidimo taisykles. Powerball Loto \u2013 atsitiktinumo \u017eaidimas arba loterija yra viena i\u0161 populiariausi\u0173 lo\u0161im\u0173 pramog\u0173 form\u0173 visame pasaulyje. Dauguma i\u0161 m\u016bs\u0173 bent kart\u0105 yra dalyvav\u0119 loterijos traukime. Loterijose \u017eaid\u017eiama pagal labai paprastas ir ai\u0161kias taisykles, tod\u0117l jos yra \u012fdomios ir jaudinan\u010dios. Jose n\u0117ra absoliu\u010diai nieko sud\u0117tingo, ir kiekvienas [&hellip;]<\/p>\n","protected":false},"author":1,"featured_media":0,"parent":6894,"menu_order":1,"comment_status":"closed","ping_status":"closed","template":"powerball-usa-info.php","meta":{"_et_pb_use_builder":"","_et_pb_old_content":"","_et_gb_content_width":"","exclude_from_search":false,"footnotes":""},"class_list":["post-10620","page","type-page","status-publish","hentry"],"yoast_head":"<!-- This site is optimized with the Yoast SEO plugin v23.8 - https:\/\/yoast.com\/wordpress\/plugins\/seo\/ -->\n<title>Powerball Prizai, Taisykl\u0117s ir Jackpotas - Lottomat<\/title>\n<meta name=\"description\" content=\"Patikrinkite Powerball prizus, jackpot\u0105 ir Powerball \u017eaidimo taisykles. Su\u017einokite daugiau apie savo galimybes laim\u0117ti \u0161i\u0105 Amerikos loterij\u0105.\" \/>\n<meta name=\"robots\" content=\"index, follow, max-snippet:-1, max-image-preview:large, max-video-preview:-1\" \/>\n<link rel=\"canonical\" href=\"https:\/\/lottomat.com\/lt\/loterija\/powerball\/\" \/>\n<meta property=\"og:locale\" content=\"lt_LT\" \/>\n<meta property=\"og:type\" content=\"article\" \/>\n<meta property=\"og:title\" content=\"Powerball Prizai, Taisykl\u0117s ir Jackpotas - Lottomat\" \/>\n<meta property=\"og:description\" content=\"Patikrinkite Powerball prizus, jackpot\u0105 ir Powerball \u017eaidimo taisykles. Su\u017einokite daugiau apie savo galimybes laim\u0117ti \u0161i\u0105 Amerikos loterij\u0105.\" \/>\n<meta property=\"og:url\" content=\"https:\/\/lottomat.com\/lt\/loterija\/powerball\/\" \/>\n<meta property=\"og:site_name\" content=\"Lottomat\" \/>\n<meta property=\"article:modified_time\" content=\"2026-03-11T12:54:30+00:00\" \/>\n<meta property=\"og:image\" content=\"https:\/\/lottomat.com\/wp-content\/uploads\/2025\/10\/Powerball-jackpot.webp\" \/>\n\t<meta property=\"og:image:width\" content=\"400\" \/>\n\t<meta property=\"og:image:height\" content=\"400\" \/>\n\t<meta property=\"og:image:type\" content=\"image\/webp\" \/>\n<meta name=\"twitter:card\" content=\"summary_large_image\" \/>\n<meta name=\"twitter:label1\" content=\"Est. reading time\" \/>\n\t<meta name=\"twitter:data1\" content=\"5 minut\u0117s\" \/>\n<script type=\"application\/ld+json\" class=\"yoast-schema-graph\">{\"@context\":\"https:\/\/schema.org\",\"@graph\":[{\"@type\":\"WebPage\",\"@id\":\"https:\/\/lottomat.com\/lt\/loterija\/powerball\/\",\"url\":\"https:\/\/lottomat.com\/lt\/loterija\/powerball\/\",\"name\":\"Powerball Prizai, Taisykl\u0117s ir Jackpotas - Lottomat\",\"isPartOf\":{\"@id\":\"https:\/\/lottomat.com\/lt\/#website\"},\"primaryImageOfPage\":{\"@id\":\"https:\/\/lottomat.com\/lt\/loterija\/powerball\/#primaryimage\"},\"image\":{\"@id\":\"https:\/\/lottomat.com\/lt\/loterija\/powerball\/#primaryimage\"},\"thumbnailUrl\":\"https:\/\/lottomat.com\/wp-content\/uploads\/2025\/10\/Powerball-jackpot-300x300.webp\",\"datePublished\":\"2025-03-26T10:16:37+00:00\",\"dateModified\":\"2026-03-11T12:54:30+00:00\",\"description\":\"Patikrinkite Powerball prizus, jackpot\u0105 ir Powerball \u017eaidimo taisykles. Su\u017einokite daugiau apie savo galimybes laim\u0117ti \u0161i\u0105 Amerikos loterij\u0105.\",\"breadcrumb\":{\"@id\":\"https:\/\/lottomat.com\/lt\/loterija\/powerball\/#breadcrumb\"},\"inLanguage\":\"lt-LT\",\"potentialAction\":[{\"@type\":\"ReadAction\",\"target\":[\"https:\/\/lottomat.com\/lt\/loterija\/powerball\/\"]}]},{\"@type\":\"ImageObject\",\"inLanguage\":\"lt-LT\",\"@id\":\"https:\/\/lottomat.com\/lt\/loterija\/powerball\/#primaryimage\",\"url\":\"https:\/\/lottomat.com\/wp-content\/uploads\/2025\/10\/Powerball-jackpot-300x300.webp\",\"contentUrl\":\"https:\/\/lottomat.com\/wp-content\/uploads\/2025\/10\/Powerball-jackpot-300x300.webp\"},{\"@type\":\"BreadcrumbList\",\"@id\":\"https:\/\/lottomat.com\/lt\/loterija\/powerball\/#breadcrumb\",\"itemListElement\":[{\"@type\":\"ListItem\",\"position\":1,\"name\":\"Home\",\"item\":\"https:\/\/lottomat.com\/lt\/\"},{\"@type\":\"ListItem\",\"position\":2,\"name\":\"Loterijos taisykl\u0117s: prizai, d\u017eekpotas ir galimyb\u0117s laim\u0117ti\",\"item\":\"https:\/\/lottomat.com\/lt\/loterija\/\"},{\"@type\":\"ListItem\",\"position\":3,\"name\":\"Powerball Prizai, Taisykl\u0117s ir Jackpotas\"}]},{\"@type\":\"WebSite\",\"@id\":\"https:\/\/lottomat.com\/lt\/#website\",\"url\":\"https:\/\/lottomat.com\/lt\/\",\"name\":\"Lottomat\",\"description\":\"\",\"potentialAction\":[{\"@type\":\"SearchAction\",\"target\":{\"@type\":\"EntryPoint\",\"urlTemplate\":\"https:\/\/lottomat.com\/lt\/?s={search_term_string}\"},\"query-input\":{\"@type\":\"PropertyValueSpecification\",\"valueRequired\":true,\"valueName\":\"search_term_string\"}}],\"inLanguage\":\"lt-LT\"}]}<\/script>\n<!-- \/ Yoast SEO plugin. -->","yoast_head_json":{"title":"Powerball Prizai, Taisykl\u0117s ir Jackpotas - Lottomat","description":"Patikrinkite Powerball prizus, jackpot\u0105 ir Powerball \u017eaidimo taisykles. Su\u017einokite daugiau apie savo galimybes laim\u0117ti \u0161i\u0105 Amerikos loterij\u0105.","robots":{"index":"index","follow":"follow","max-snippet":"max-snippet:-1","max-image-preview":"max-image-preview:large","max-video-preview":"max-video-preview:-1"},"canonical":"https:\/\/lottomat.com\/lt\/loterija\/powerball\/","og_locale":"lt_LT","og_type":"article","og_title":"Powerball Prizai, Taisykl\u0117s ir Jackpotas - Lottomat","og_description":"Patikrinkite Powerball prizus, jackpot\u0105 ir Powerball \u017eaidimo taisykles. Su\u017einokite daugiau apie savo galimybes laim\u0117ti \u0161i\u0105 Amerikos loterij\u0105.","og_url":"https:\/\/lottomat.com\/lt\/loterija\/powerball\/","og_site_name":"Lottomat","article_modified_time":"2026-03-11T12:54:30+00:00","og_image":[{"width":400,"height":400,"url":"https:\/\/lottomat.com\/wp-content\/uploads\/2025\/10\/Powerball-jackpot.webp","type":"image\/webp"}],"twitter_card":"summary_large_image","twitter_misc":{"Est. reading time":"5 minut\u0117s"},"schema":{"@context":"https:\/\/schema.org","@graph":[{"@type":"WebPage","@id":"https:\/\/lottomat.com\/lt\/loterija\/powerball\/","url":"https:\/\/lottomat.com\/lt\/loterija\/powerball\/","name":"Powerball Prizai, Taisykl\u0117s ir Jackpotas - Lottomat","isPartOf":{"@id":"https:\/\/lottomat.com\/lt\/#website"},"primaryImageOfPage":{"@id":"https:\/\/lottomat.com\/lt\/loterija\/powerball\/#primaryimage"},"image":{"@id":"https:\/\/lottomat.com\/lt\/loterija\/powerball\/#primaryimage"},"thumbnailUrl":"https:\/\/lottomat.com\/wp-content\/uploads\/2025\/10\/Powerball-jackpot-300x300.webp","datePublished":"2025-03-26T10:16:37+00:00","dateModified":"2026-03-11T12:54:30+00:00","description":"Patikrinkite Powerball prizus, jackpot\u0105 ir Powerball \u017eaidimo taisykles. Su\u017einokite daugiau apie savo galimybes laim\u0117ti \u0161i\u0105 Amerikos loterij\u0105.","breadcrumb":{"@id":"https:\/\/lottomat.com\/lt\/loterija\/powerball\/#breadcrumb"},"inLanguage":"lt-LT","potentialAction":[{"@type":"ReadAction","target":["https:\/\/lottomat.com\/lt\/loterija\/powerball\/"]}]},{"@type":"ImageObject","inLanguage":"lt-LT","@id":"https:\/\/lottomat.com\/lt\/loterija\/powerball\/#primaryimage","url":"https:\/\/lottomat.com\/wp-content\/uploads\/2025\/10\/Powerball-jackpot-300x300.webp","contentUrl":"https:\/\/lottomat.com\/wp-content\/uploads\/2025\/10\/Powerball-jackpot-300x300.webp"},{"@type":"BreadcrumbList","@id":"https:\/\/lottomat.com\/lt\/loterija\/powerball\/#breadcrumb","itemListElement":[{"@type":"ListItem","position":1,"name":"Home","item":"https:\/\/lottomat.com\/lt\/"},{"@type":"ListItem","position":2,"name":"Loterijos taisykl\u0117s: prizai, d\u017eekpotas ir galimyb\u0117s laim\u0117ti","item":"https:\/\/lottomat.com\/lt\/loterija\/"},{"@type":"ListItem","position":3,"name":"Powerball Prizai, Taisykl\u0117s ir Jackpotas"}]},{"@type":"WebSite","@id":"https:\/\/lottomat.com\/lt\/#website","url":"https:\/\/lottomat.com\/lt\/","name":"Lottomat","description":"","potentialAction":[{"@type":"SearchAction","target":{"@type":"EntryPoint","urlTemplate":"https:\/\/lottomat.com\/lt\/?s={search_term_string}"},"query-input":{"@type":"PropertyValueSpecification","valueRequired":true,"valueName":"search_term_string"}}],"inLanguage":"lt-LT"}]}},"_links":{"self":[{"href":"https:\/\/lottomat.com\/lt\/wp-json\/wp\/v2\/pages\/10620","targetHints":{"allow":["GET"]}}],"collection":[{"href":"https:\/\/lottomat.com\/lt\/wp-json\/wp\/v2\/pages"}],"about":[{"href":"https:\/\/lottomat.com\/lt\/wp-json\/wp\/v2\/types\/page"}],"author":[{"embeddable":true,"href":"https:\/\/lottomat.com\/lt\/wp-json\/wp\/v2\/users\/1"}],"replies":[{"embeddable":true,"href":"https:\/\/lottomat.com\/lt\/wp-json\/wp\/v2\/comments?post=10620"}],"version-history":[{"count":3,"href":"https:\/\/lottomat.com\/lt\/wp-json\/wp\/v2\/pages\/10620\/revisions"}],"predecessor-version":[{"id":273246,"href":"https:\/\/lottomat.com\/lt\/wp-json\/wp\/v2\/pages\/10620\/revisions\/273246"}],"up":[{"embeddable":true,"href":"https:\/\/lottomat.com\/lt\/wp-json\/wp\/v2\/pages\/6894"}],"wp:attachment":[{"href":"https:\/\/lottomat.com\/lt\/wp-json\/wp\/v2\/media?parent=10620"}],"curies":[{"name":"wp","href":"https:\/\/api.w.org\/{rel}","templated":true}]}}