{"id":10432,"date":"2025-03-26T13:41:46","date_gmt":"2025-03-26T13:41:46","guid":{"rendered":"https:\/\/lottomat.net\/loterijos-informacija\/mega-millions-informacija\/"},"modified":"2026-03-11T12:42:59","modified_gmt":"2026-03-11T12:42:59","slug":"mega-millions","status":"publish","type":"page","link":"https:\/\/lottomat.com\/lt\/loterija\/mega-millions\/","title":{"rendered":"Mega Millions prizai, taisykl\u0117s ir d\u017eekpotas"},"content":{"rendered":"\n\n<div class=\"kk-star-ratings kksr-auto kksr-align-left kksr-valign-top\"\n    data-payload='{&quot;align&quot;:&quot;left&quot;,&quot;id&quot;:&quot;10432&quot;,&quot;slug&quot;:&quot;default&quot;,&quot;valign&quot;:&quot;top&quot;,&quot;ignore&quot;:&quot;&quot;,&quot;reference&quot;:&quot;auto&quot;,&quot;class&quot;:&quot;&quot;,&quot;count&quot;:&quot;0&quot;,&quot;legendonly&quot;:&quot;&quot;,&quot;readonly&quot;:&quot;&quot;,&quot;score&quot;:&quot;0&quot;,&quot;starsonly&quot;:&quot;&quot;,&quot;best&quot;:&quot;5&quot;,&quot;gap&quot;:&quot;5&quot;,&quot;greet&quot;:&quot;Rate this page&quot;,&quot;legend&quot;:&quot;0\\\/5 - (0 votes)&quot;,&quot;size&quot;:&quot;30&quot;,&quot;title&quot;:&quot;Mega Millions prizai, taisykl\u0117s ir d\u017eekpotas&quot;,&quot;width&quot;:&quot;0&quot;,&quot;_legend&quot;:&quot;{score}\\\/{best} - ({count} {votes})&quot;,&quot;font_factor&quot;:&quot;1.25&quot;}'>\n            \n<div class=\"kksr-stars\">\n    \n<div class=\"kksr-stars-inactive\">\n            <div class=\"kksr-star\" data-star=\"1\" style=\"padding-right: 5px\">\n            \n\n<div class=\"kksr-icon\" style=\"width: 30px; height: 30px;\"><\/div>\n        <\/div>\n            <div class=\"kksr-star\" data-star=\"2\" style=\"padding-right: 5px\">\n            \n\n<div class=\"kksr-icon\" style=\"width: 30px; height: 30px;\"><\/div>\n        <\/div>\n            <div class=\"kksr-star\" data-star=\"3\" style=\"padding-right: 5px\">\n            \n\n<div class=\"kksr-icon\" style=\"width: 30px; height: 30px;\"><\/div>\n        <\/div>\n            <div class=\"kksr-star\" data-star=\"4\" style=\"padding-right: 5px\">\n            \n\n<div class=\"kksr-icon\" style=\"width: 30px; height: 30px;\"><\/div>\n        <\/div>\n            <div class=\"kksr-star\" data-star=\"5\" style=\"padding-right: 5px\">\n            \n\n<div class=\"kksr-icon\" style=\"width: 30px; height: 30px;\"><\/div>\n        <\/div>\n    <\/div>\n    \n<div class=\"kksr-stars-active\" style=\"width: 0px;\">\n            <div class=\"kksr-star\" style=\"padding-right: 5px\">\n            \n\n<div class=\"kksr-icon\" style=\"width: 30px; height: 30px;\"><\/div>\n        <\/div>\n            <div class=\"kksr-star\" style=\"padding-right: 5px\">\n            \n\n<div class=\"kksr-icon\" style=\"width: 30px; height: 30px;\"><\/div>\n        <\/div>\n            <div class=\"kksr-star\" style=\"padding-right: 5px\">\n            \n\n<div class=\"kksr-icon\" style=\"width: 30px; height: 30px;\"><\/div>\n        <\/div>\n            <div class=\"kksr-star\" style=\"padding-right: 5px\">\n            \n\n<div class=\"kksr-icon\" style=\"width: 30px; height: 30px;\"><\/div>\n        <\/div>\n            <div class=\"kksr-star\" style=\"padding-right: 5px\">\n            \n\n<div class=\"kksr-icon\" style=\"width: 30px; height: 30px;\"><\/div>\n        <\/div>\n    <\/div>\n<\/div>\n                \n\n<div class=\"kksr-legend\" style=\"font-size: 24px;\">\n            <span class=\"kksr-muted\">Rate this page<\/span>\n    <\/div>\n    <\/div>\n<p><strong>Ar norite laim\u0117ti Mega Millions prizus ir d\u017eekpotus?<\/strong> \u017daid\u0117jai i\u0161 viso pasaulio nuolat svarsto, kaip \u012fminti skai\u010di\u0173 \u017eaidim\u0173 paslapt\u012f, \u012f kuri\u0105 loterij\u0105 statyti, ar \u017eaisti kombinacijomis, ar nuosekliai laikytis vieno \u017eaidimo. Deja, \u012f \u0161\u012f klausim\u0105 n\u0117ra vieno universalaus atsakymo. Kiekvienas patyr\u0119s loterijos \u017eaid\u0117jas turi sav\u0173 teorij\u0173, \u012fsitikinim\u0173 ir \u012fpro\u010di\u0173. Pirmiausia galima padaryti vien\u0105 dalyk\u0105 \u2013 kuo geriau susipa\u017einti su \u012fvairiomis internetin\u0117mis loterijomis, kad gal\u0117tum\u0117te priimti apgalvot\u0105 sprendim\u0105, k\u0105 \u017eaisti. Visk\u0105, k\u0105 reikia \u017einoti apie geriausius ir populiariausius internetinius azartinius \u017eaidimus, rasite \u201eLottomat&#8221; svetain\u0117je. \u010cia taip pat galite \u017eaisti m\u0117gstam\u0105 loterij\u0105 arba <a href=\"https:\/\/lottomat.com\/lt\/rezultatai\/\">patikrinti naujausius loterijos traukimo rezultatus<\/a>. Toliau pateiktame straipsnyje susitelksime \u012f Mega Millions prizus, taisykles ir svarbiausi\u0105 informacij\u0105.<\/p>\n<h2>Kas yra Mega Millions loterija?<img loading=\"lazy\" decoding=\"async\" class=\"alignright wp-image-253136\" src=\"https:\/\/lottomat.com\/wp-content\/uploads\/2025\/10\/prizes-and-jackpot.webp\" alt=\"prizai ir d\u017eekpotas\" width=\"200\" height=\"200\" srcset=\"https:\/\/lottomat.com\/wp-content\/uploads\/2025\/10\/prizes-and-jackpot.webp 400w, https:\/\/lottomat.com\/wp-content\/uploads\/2025\/10\/prizes-and-jackpot-300x300.webp 300w, https:\/\/lottomat.com\/wp-content\/uploads\/2025\/10\/prizes-and-jackpot-150x150.webp 150w, https:\/\/lottomat.com\/wp-content\/uploads\/2025\/10\/prizes-and-jackpot-100x100.webp 100w\" sizes=\"auto, (max-width: 200px) 100vw, 200px\" \/><\/h2>\n<p>Mega Millions internetu, kartu su \u201ePowerball&#8221; \u017eaidimu, yra populiariausia Amerikos skai\u010di\u0173 loterija. Savo populiarum\u0105 ji peln\u0117 skaidriomis, lengvai suprantamomis taisykl\u0117mis, astronominiais laim\u0117jimais ir, svarbiausia, ne\u012ftik\u0117tinomis laim\u0117jimo galimyb\u0117mis. Kiekvien\u0105 traukim\u0105 lydi nepakartojamos emocijos, o kai vyksta Mega Millions d\u017eekpotas, kar\u0161\u010diuoja ne tik \u017eaid\u0117jai, bet ir tie, kurie i\u0161 viso nedalyvauja \u017eaidime. \u0160ios loterijos bilietus perka beveik kiekvienas amerikietis, net ir tie, kurie i\u0161 principo nesidomimi azartiniais \u017eaidimais. D\u017eekpotai \u017eavi ne tik amerikie\u010dius \u2013 \u017eaidimas populiarus visame pasaulyje. D\u0117l galimyb\u0117s <a href=\"https:\/\/lottomat.com\/lt\/zaisti\/mega-millions\/\">\u017eaisti Mega Millions internetu<\/a> kiekvienas suaug\u0119s asmuo gali dalyvauti \u0161ioje nuostabioje loterijoje i\u0161 bet kurios pasaulio vietos.<\/p>\n<h2>Kokia yra Mega Millions istorija?<\/h2>\n<p>\u0160i loterija buvo \u012fkurta 1996 metais ir i\u0161 prad\u017ei\u0173 vadinosi \u201eThe Big Game&#8221;, ta\u010diau po \u0161e\u0161eri\u0173 met\u0173 buvo pervadinta \u012f \u0161iandien \u017einom\u0105 pavadinim\u0105 \u2013 Mega Millions. I\u0161 prad\u017ei\u0173 ji buvo prieinama tik \u0161e\u0161iose valstijose: D\u017eord\u017eijoje, Merilande, Ilinojuje, Masa\u010dusetse, Vird\u017einijoje ir Mi\u010digane. \u0160iuo metu Mega Millions loterijos biurai veikia <strong>45 valstijose, Kolumbijos apygardoje ir Jungtini\u0173 Valstij\u0173 Mergeli\u0173 salose<\/strong>. Mega Millions loterijos traukimas vyksta kiekvien\u0105 <strong>tre\u010diadienio ir \u0161e\u0161tadienio vakar\u0105 03:00 UTC<\/strong>, \u012fskaitant D\u017eord\u017eijos loterijos stebimas \u0161ventes. Mega Millions priz\u0173 ir pagrindinio d\u017eekpoto traukimai vyksta D\u017eord\u017eijoje, konkre\u010diau \u2013 Atlantoje.<\/p>\n<h2><img loading=\"lazy\" decoding=\"async\" class=\"alignleft wp-image-253166\" src=\"https:\/\/lottomat.com\/wp-content\/uploads\/2025\/10\/Mega-Millions-jackpot.webp\" alt=\"Mega Millions d\u017eekpotas\" width=\"200\" height=\"200\" srcset=\"https:\/\/lottomat.com\/wp-content\/uploads\/2025\/10\/Mega-Millions-jackpot.webp 400w, https:\/\/lottomat.com\/wp-content\/uploads\/2025\/10\/Mega-Millions-jackpot-300x300.webp 300w, https:\/\/lottomat.com\/wp-content\/uploads\/2025\/10\/Mega-Millions-jackpot-150x150.webp 150w, https:\/\/lottomat.com\/wp-content\/uploads\/2025\/10\/Mega-Millions-jackpot-100x100.webp 100w\" sizes=\"auto, (max-width: 200px) 100vw, 200px\" \/>Kokios yra Mega Millions taisykl\u0117s?<\/h2>\n<p>Dabartin\u0117s Mega Millions taisykl\u0117s yra paprastos, pana\u0161ios \u012f kitose loterijose taikomas. Nor\u0117dami \u017eaisti, pasirinkite <strong>penkis skai\u010dius i\u0161 70 skai\u010di\u0173 rinkinio<\/strong> ir vien\u0105 papildom\u0105 skai\u010di\u0173 (vadinam\u0105j\u012f \u201eMega Ball&#8221;) i\u0161 <strong>24 auksini\u0173 kamuoli\u0173 rinkinio<\/strong>. \u0160is papildomas skai\u010dius vadinamas \u201eMega Ball&#8221; ir traukiamas i\u0161 antro skai\u010di\u0173 rinkinio, tod\u0117l gali sutapti su pagrindini\u0173 skai\u010di\u0173 traukimu.<\/p>\n<h3>Pagrindiniai 2025 met\u0173 pakeitimai<\/h3>\n<ul class=\"list\">\n<li><strong>Bilieto kaina:<\/strong> Dabar kainuoja 5 USD u\u017e \u017eaidim\u0105 (padidinta nuo 2 USD)<\/li>\n<li><strong>Integruotas daugiklis:<\/strong> Kiekvienas bilietas automati\u0161kai apima daugikl\u012f (2X, 3X, 4X, 5X arba 10X)<\/li>\n<li><strong>Pradinis d\u017eekpotas:<\/strong> Padidintas nuo 20 milijon\u0173 iki 50 milijon\u0173 USD<\/li>\n<li><strong>Geresn\u0117s \u0161ansai:<\/strong> D\u017eekpoto tikimyb\u0117 pagerinta nuo 1 i\u0161 302 575 350 iki 1 i\u0161 290 472 336<\/li>\n<li><strong>\u201eMega Ball&#8221; rinkinys:<\/strong> Suma\u017eintas nuo 25 iki 24 skai\u010di\u0173<\/li>\n<\/ul>\n<p><strong>Teisingai atsp\u0117jus visus \u0161e\u0161is skai\u010dius<\/strong>, laimimas pagrindinis prizas. <strong>Antros pakopos prizai svyruoja nuo 2 iki 10 milijon\u0173 USD<\/strong> (priklausomai nuo daugiklio), o laim\u0117ti galima atsp\u0117jus penkis pagrindinius skai\u010dius i\u0161 didesnio rinkinio. <strong>Kolosalus skirtumas skiria<\/strong> pirm\u0105 ir antr\u0105 Mega Millions priz\u0173 pakopas! Jei po traukimo paai\u0161k\u0117ja, kad niekas neatsp\u0117jo vis\u0173 loterijos skai\u010di\u0173, vyksta perk\u0117limas. Mega Millions d\u017eekpotas perk\u0117limo metu gali pasiekti ne\u012ftik\u0117tinai dideles sumas. Da\u017eniausiai b\u016btent perk\u0117limo metu verta pirkti Mega Millions loterijos bilietus internetu.<\/p>\n<h2>Kokie yra did\u017eiausi Mega Millions d\u017eekpotai istorijoje?<img loading=\"lazy\" decoding=\"async\" class=\"alignright wp-image-253196\" src=\"https:\/\/lottomat.com\/wp-content\/uploads\/2025\/10\/rules-of-playing.webp\" alt=\"\u017eaidimo taisykl\u0117s\" width=\"200\" height=\"200\" srcset=\"https:\/\/lottomat.com\/wp-content\/uploads\/2025\/10\/rules-of-playing.webp 400w, https:\/\/lottomat.com\/wp-content\/uploads\/2025\/10\/rules-of-playing-300x300.webp 300w, https:\/\/lottomat.com\/wp-content\/uploads\/2025\/10\/rules-of-playing-150x150.webp 150w, https:\/\/lottomat.com\/wp-content\/uploads\/2025\/10\/rules-of-playing-100x100.webp 100w\" sizes=\"auto, (max-width: 200px) 100vw, 200px\" \/><\/h2>\n<p>Penki did\u017eiausi kada nors laim\u0117ti Mega Millions d\u017eekpotai:<\/p>\n<ol class=\"list\">\n<li><strong>1,602 mlrd. USD<\/strong> (2023 m. rugpj\u016b\u010dio 8 d.) \u2013 laim\u0117ta Floridoje<\/li>\n<li><strong>1,537 mlrd. USD<\/strong> (2018 m. spalio 23 d.) \u2013 laim\u0117ta Piet\u0173 Karolinoje<\/li>\n<li><strong>1,35 mlrd. USD<\/strong> (2023 m. sausio 13 d.) \u2013 laim\u0117ta Meine<\/li>\n<li><strong>1,337 mlrd. USD<\/strong> (2022 m. liepos 29 d.) \u2013 laim\u0117ta Ilinojuje<\/li>\n<li><strong>1,22 mlrd. USD<\/strong> (2024 m. gruod\u017eio 27 d.) \u2013 laim\u0117ta Kalifornijoje<\/li>\n<\/ol>\n<p>\u0160ie rekordiniai d\u017eekpotai rodo ne\u012ftik\u0117tin\u0105 Mega Millions perk\u0117lim\u0173 potencial\u0105 ir liudija, kad \u0161is \u017eaidimas suk\u016br\u0117 kai kuriuos did\u017eiausius loterijos prizus pasaulio istorijoje.<\/p>\n<h2>Kokia yra Mega Millions \u017eaidimo rizika?<\/h2>\n<p>Da\u017enai sakoma, kad be rizikos n\u0117ra ir smagaus jaudulio \u2013 ir tai tiesa. Kalbant apie Mega Millions, \u0161i tiesa \u012fgauna ypating\u0105 prasm\u0119. O rizika, deja, yra didel\u0117. Tikimyb\u0117 laim\u0117ti Mega Millions d\u017eekpot\u0105 atsp\u0117jus visus \u0161e\u0161is skai\u010dius yra <strong>1 i\u0161 290 472 336<\/strong> (nuo 2025 m.). Tokia menka tikimyb\u0117 gali atbaidyti daugel\u012f \u017eaid\u0117j\u0173, ta\u010diau Mega Millions turi sav\u0173 i\u0161tikim\u0173 entuziast\u0173. Rizika neabejotinai didel\u0117, ta\u010diau ji gali jums atsivertis itin pelningai. Mega Millions \u2013 tai \u017eaidimas ry\u017etingiems \u017eaid\u0117jams, m\u0117gstantiems \u017eaisti dr\u0105siai ir siekiantiems laim\u0117ti milijonus. \u017daid\u0117jai, teikiantys pirmenyb\u0119 saugesniam \u017eaidimui ir nedidelei rizikai, grei\u010diausiai nesusidom\u0117s Mega Millions. Laimei, <a href=\"https:\/\/lottomat.com\/lt\/\">\u201eLottomat&#8221; svetain\u0117je<\/a> kiekvienas gali rasti labiausiai jam tinkan\u010di\u0105 internetin\u0119 loterij\u0105.<\/p>\n<h2><img loading=\"lazy\" decoding=\"async\" class=\"alignleft wp-image-253226\" src=\"https:\/\/lottomat.com\/wp-content\/uploads\/2025\/10\/Mega-Millions-rules.webp\" alt=\"Mega Millions taisykl\u0117s\" width=\"200\" height=\"200\" srcset=\"https:\/\/lottomat.com\/wp-content\/uploads\/2025\/10\/Mega-Millions-rules.webp 400w, https:\/\/lottomat.com\/wp-content\/uploads\/2025\/10\/Mega-Millions-rules-300x300.webp 300w, https:\/\/lottomat.com\/wp-content\/uploads\/2025\/10\/Mega-Millions-rules-150x150.webp 150w, https:\/\/lottomat.com\/wp-content\/uploads\/2025\/10\/Mega-Millions-rules-100x100.webp 100w\" sizes=\"auto, (max-width: 200px) 100vw, 200px\" \/>Kokie yra Mega Millions prizai ir kiek galima laim\u0117ti?<\/h2>\n<p>Garantuota pirmosios pakopos laim\u0117jim\u0173 priz\u0173 vert\u0117 dabar siekia <strong>50 milijon\u0173 USD<\/strong> kaip pradinis d\u017eekpotas \u2013 tai reik\u0161mingas padidinimas, palyginti su ankstesn\u0117mis 15 milijon\u0173 ir v\u0117lesn\u0117mis 20 milijon\u0173 USD ribomis. \u0160is pokytis \u017eaidim\u0105 padar\u0117 dar \u012fdomesn\u012f ir patrauklesn\u012f \u017eaid\u0117jams. Mega Millions si\u016blo devynias skirtingas priz\u0173 pakopas \u2013 nuo to, kai atsp\u0117tas tik \u201eMega Ball&#8221;, iki viso d\u017eekpoto laim\u0117jimo. 2025 met\u0173 formatas apima <strong>integruot\u0105 daugiklio funkcij\u0105<\/strong>, kuri gali padidinti ne d\u017eekpoto prizus 2, 3, 4, 5 arba 10 kart\u0173, palyginti su bazine suma. Tai rei\u0161kia, kad net ir ma\u017eesni laim\u0117jimai gali tapti solid\u017eiais prizais. Antros pakopos prizas (atsp\u0117jus penkis pagrindinius skai\u010dius be \u201eMega Ball&#8221;) dabar gali svyruoti nuo <strong>2 iki 10 milijon\u0173 USD<\/strong>, priklausomai nuo i\u0161traukto daugiklio. Visos kitos priz\u0173 pakopos taip pat naudojasi \u0161ia automatinio dauginimo funkcija, tod\u0117l kiekvienas bilietas potencialiai vertas daugiau nei anks\u010diau.<\/p>\n<h2>Kas gali \u017eaisti Mega Millions ir laim\u0117ti prizus?<\/h2>\n<p>Jei esate Jungtin\u0117se Valstijose, biliet\u0105 galite \u012fsigyti stacionariame loterijos biure. Jei esate u\u017e JAV rib\u0173, galite naudotis \u201eLottomat&#8221; svetaine, kurioje si\u016blomas biliet\u0173 pirkimas. Papras\u010diau tariant, Mega Millions gali \u017eaisti <strong>kiekvienas turintis interneto prieig\u0105 ir sulauk\u0119s pilnametyst\u0117s<\/strong>, t. y. vyresnis nei a\u0161tuoniolikos met\u0173. \u0160iandien \u017eaid\u0117jai visame pasaulyje turi privilegij\u0105 vienu paspaudimu i\u0161si\u0173sti biliet\u0105 \u012f bet kuri\u0105 loterij\u0105, u\u017epildyti tiek biliet\u0173, kiek pageidauja, ir tai padaryti i\u0161 bet kurios pasaulio vietos. Joki\u0173 eili\u0173, joki\u0173 loterijos biur\u0173 paie\u0161k\u0173 \u2013 ramiai, be streso ir skubotai parinkt\u0173 skai\u010di\u0173. \u201eLottomat&#8221; svetain\u0117je turite galimyb\u0119 ne tik \u017eaisti Mega Millions, bet ir su\u017einoti apie loterijos traukimus, kaip \u017eaisti norint laim\u0117ti, bei <a href=\"https:\/\/lottomat.com\/lt\/rezultatai\/mega-millions\/\">patikrinti naujausius Mega Millions loterijos rezultatus<\/a>.<\/p>\n<h2>Kokios yra j\u016bs\u0173 Mega Millions laim\u0117jimo galimyb\u0117s?<img loading=\"lazy\" decoding=\"async\" class=\"alignright wp-image-253256\" src=\"https:\/\/lottomat.com\/wp-content\/uploads\/2025\/10\/Mega-Millions-prizes.webp\" alt=\"Mega Millions prizai\" width=\"200\" height=\"200\" srcset=\"https:\/\/lottomat.com\/wp-content\/uploads\/2025\/10\/Mega-Millions-prizes.webp 400w, https:\/\/lottomat.com\/wp-content\/uploads\/2025\/10\/Mega-Millions-prizes-300x300.webp 300w, https:\/\/lottomat.com\/wp-content\/uploads\/2025\/10\/Mega-Millions-prizes-150x150.webp 150w, https:\/\/lottomat.com\/wp-content\/uploads\/2025\/10\/Mega-Millions-prizes-100x100.webp 100w\" sizes=\"auto, (max-width: 200px) 100vw, 200px\" \/><\/h2>\n<p>Bendros bet kokio prizo laim\u0117jimo Mega Millions tikimyb\u0117s yra <strong>1 i\u0161 23<\/strong> (pagerinta nuo 1 i\u0161 24 \u2013 nuo 2025 m.). Nors d\u017eekpoto tikimyb\u0117s yra astronomin\u0117s, yra kelios priz\u0173 pakopos, si\u016blan\u010dios geresnes galimybes laim\u0117ti ma\u017eesnes sumas. <strong>Prisiminkite:<\/strong> kiekvienas traukimas yra atsitiktinis, ir kiekviena skai\u010di\u0173 kombinacija turi tokias pat galimybes b\u016bti i\u0161rinkta kaip ir bet kuri kita. 2025 met\u0173 integruota daugiklio funkcija u\u017etikrina, kad net ne d\u017eekpoto prizai gali b\u016bti solid\u016bs \u2013 su galimybe laim\u0117ti iki <strong>10 kart\u0173<\/strong> didesn\u0119 bazinio prizo sum\u0105. Kadangi d\u017eekpotai reguliariai vir\u0161ija \u0161imtus milijon\u0173 ir retkar\u010diais perkopia milijardo doleri\u0173 rib\u0105, Mega Millions ir toliau si\u016blo akimirksniu praturt\u0117ti svajojan\u010di\u0173 \u017eaid\u0117j\u0173 visoje \u0161alyje ir visame pasaulyje.<\/p>\n<h2>Mega Millions priz\u0173 ir tikimybi\u0173 lentel\u0117<\/h2>\n","protected":false},"excerpt":{"rendered":"<p>Ar norite laim\u0117ti Mega Millions prizus ir d\u017eekpotus? \u017daid\u0117jai i\u0161 viso pasaulio nuolat svarsto, kaip \u012fminti skai\u010di\u0173 \u017eaidim\u0173 paslapt\u012f, \u012f kuri\u0105 loterij\u0105 statyti, ar \u017eaisti kombinacijomis, ar nuosekliai laikytis vieno \u017eaidimo. Deja, \u012f \u0161\u012f klausim\u0105 n\u0117ra vieno universalaus atsakymo. Kiekvienas patyr\u0119s loterijos \u017eaid\u0117jas turi sav\u0173 teorij\u0173, \u012fsitikinim\u0173 ir \u012fpro\u010di\u0173. Pirmiausia galima padaryti vien\u0105 dalyk\u0105 \u2013 [&hellip;]<\/p>\n","protected":false},"author":2,"featured_media":0,"parent":6894,"menu_order":2,"comment_status":"closed","ping_status":"closed","template":"megamillion-info.php","meta":{"_et_pb_use_builder":"","_et_pb_old_content":"","_et_gb_content_width":"","exclude_from_search":false,"footnotes":""},"class_list":["post-10432","page","type-page","status-publish","hentry"],"yoast_head":"<!-- This site is optimized with the Yoast SEO plugin v23.8 - https:\/\/yoast.com\/wordpress\/plugins\/seo\/ -->\n<title>Mega Millions prizai, taisykl\u0117s ir d\u017eekpotas - Lottomat<\/title>\n<meta name=\"description\" content=\"J\u016bs turite galimyb\u0119 laim\u0117ti Mega Millions prizus ir d\u017eekpot\u0105. Mega Millions \u2013 tai nuostabi loterija, kurioje d\u017eekpotai auga kaip ant mieli\u0173.\" \/>\n<meta name=\"robots\" content=\"index, follow, max-snippet:-1, max-image-preview:large, max-video-preview:-1\" \/>\n<link rel=\"canonical\" href=\"https:\/\/lottomat.com\/lt\/loterija\/mega-millions\/\" \/>\n<meta property=\"og:locale\" content=\"lt_LT\" \/>\n<meta property=\"og:type\" content=\"article\" \/>\n<meta property=\"og:title\" content=\"Mega Millions prizai, taisykl\u0117s ir d\u017eekpotas - Lottomat\" \/>\n<meta property=\"og:description\" content=\"J\u016bs turite galimyb\u0119 laim\u0117ti Mega Millions prizus ir d\u017eekpot\u0105. Mega Millions \u2013 tai nuostabi loterija, kurioje d\u017eekpotai auga kaip ant mieli\u0173.\" \/>\n<meta property=\"og:url\" content=\"https:\/\/lottomat.com\/lt\/loterija\/mega-millions\/\" \/>\n<meta property=\"og:site_name\" content=\"Lottomat\" \/>\n<meta property=\"article:modified_time\" content=\"2026-03-11T12:42:59+00:00\" \/>\n<meta property=\"og:image\" content=\"https:\/\/lottomat.com\/wp-content\/uploads\/2025\/10\/prizes-and-jackpot.webp\" \/>\n\t<meta property=\"og:image:width\" content=\"400\" \/>\n\t<meta property=\"og:image:height\" content=\"400\" \/>\n\t<meta property=\"og:image:type\" content=\"image\/webp\" \/>\n<meta name=\"twitter:card\" content=\"summary_large_image\" \/>\n<meta name=\"twitter:label1\" content=\"Est. reading time\" \/>\n\t<meta name=\"twitter:data1\" content=\"6 minut\u0117s\" \/>\n<script type=\"application\/ld+json\" class=\"yoast-schema-graph\">{\"@context\":\"https:\/\/schema.org\",\"@graph\":[{\"@type\":\"WebPage\",\"@id\":\"https:\/\/lottomat.com\/lt\/loterija\/mega-millions\/\",\"url\":\"https:\/\/lottomat.com\/lt\/loterija\/mega-millions\/\",\"name\":\"Mega Millions prizai, taisykl\u0117s ir d\u017eekpotas - Lottomat\",\"isPartOf\":{\"@id\":\"https:\/\/lottomat.com\/lt\/#website\"},\"primaryImageOfPage\":{\"@id\":\"https:\/\/lottomat.com\/lt\/loterija\/mega-millions\/#primaryimage\"},\"image\":{\"@id\":\"https:\/\/lottomat.com\/lt\/loterija\/mega-millions\/#primaryimage\"},\"thumbnailUrl\":\"https:\/\/lottomat.com\/wp-content\/uploads\/2025\/10\/prizes-and-jackpot.webp\",\"datePublished\":\"2025-03-26T13:41:46+00:00\",\"dateModified\":\"2026-03-11T12:42:59+00:00\",\"description\":\"J\u016bs turite galimyb\u0119 laim\u0117ti Mega Millions prizus ir d\u017eekpot\u0105. Mega Millions \u2013 tai nuostabi loterija, kurioje d\u017eekpotai auga kaip ant mieli\u0173.\",\"breadcrumb\":{\"@id\":\"https:\/\/lottomat.com\/lt\/loterija\/mega-millions\/#breadcrumb\"},\"inLanguage\":\"lt-LT\",\"potentialAction\":[{\"@type\":\"ReadAction\",\"target\":[\"https:\/\/lottomat.com\/lt\/loterija\/mega-millions\/\"]}]},{\"@type\":\"ImageObject\",\"inLanguage\":\"lt-LT\",\"@id\":\"https:\/\/lottomat.com\/lt\/loterija\/mega-millions\/#primaryimage\",\"url\":\"https:\/\/lottomat.com\/wp-content\/uploads\/2025\/10\/prizes-and-jackpot.webp\",\"contentUrl\":\"https:\/\/lottomat.com\/wp-content\/uploads\/2025\/10\/prizes-and-jackpot.webp\"},{\"@type\":\"BreadcrumbList\",\"@id\":\"https:\/\/lottomat.com\/lt\/loterija\/mega-millions\/#breadcrumb\",\"itemListElement\":[{\"@type\":\"ListItem\",\"position\":1,\"name\":\"Home\",\"item\":\"https:\/\/lottomat.com\/lt\/\"},{\"@type\":\"ListItem\",\"position\":2,\"name\":\"Loterijos taisykl\u0117s: prizai, d\u017eekpotas ir galimyb\u0117s laim\u0117ti\",\"item\":\"https:\/\/lottomat.com\/lt\/loterija\/\"},{\"@type\":\"ListItem\",\"position\":3,\"name\":\"Mega Millions prizai, taisykl\u0117s ir d\u017eekpotas\"}]},{\"@type\":\"WebSite\",\"@id\":\"https:\/\/lottomat.com\/lt\/#website\",\"url\":\"https:\/\/lottomat.com\/lt\/\",\"name\":\"Lottomat\",\"description\":\"\",\"potentialAction\":[{\"@type\":\"SearchAction\",\"target\":{\"@type\":\"EntryPoint\",\"urlTemplate\":\"https:\/\/lottomat.com\/lt\/?s={search_term_string}\"},\"query-input\":{\"@type\":\"PropertyValueSpecification\",\"valueRequired\":true,\"valueName\":\"search_term_string\"}}],\"inLanguage\":\"lt-LT\"}]}<\/script>\n<!-- \/ Yoast SEO plugin. -->","yoast_head_json":{"title":"Mega Millions prizai, taisykl\u0117s ir d\u017eekpotas - Lottomat","description":"J\u016bs turite galimyb\u0119 laim\u0117ti Mega Millions prizus ir d\u017eekpot\u0105. Mega Millions \u2013 tai nuostabi loterija, kurioje d\u017eekpotai auga kaip ant mieli\u0173.","robots":{"index":"index","follow":"follow","max-snippet":"max-snippet:-1","max-image-preview":"max-image-preview:large","max-video-preview":"max-video-preview:-1"},"canonical":"https:\/\/lottomat.com\/lt\/loterija\/mega-millions\/","og_locale":"lt_LT","og_type":"article","og_title":"Mega Millions prizai, taisykl\u0117s ir d\u017eekpotas - Lottomat","og_description":"J\u016bs turite galimyb\u0119 laim\u0117ti Mega Millions prizus ir d\u017eekpot\u0105. Mega Millions \u2013 tai nuostabi loterija, kurioje d\u017eekpotai auga kaip ant mieli\u0173.","og_url":"https:\/\/lottomat.com\/lt\/loterija\/mega-millions\/","og_site_name":"Lottomat","article_modified_time":"2026-03-11T12:42:59+00:00","og_image":[{"width":400,"height":400,"url":"https:\/\/lottomat.com\/wp-content\/uploads\/2025\/10\/prizes-and-jackpot.webp","type":"image\/webp"}],"twitter_card":"summary_large_image","twitter_misc":{"Est. reading time":"6 minut\u0117s"},"schema":{"@context":"https:\/\/schema.org","@graph":[{"@type":"WebPage","@id":"https:\/\/lottomat.com\/lt\/loterija\/mega-millions\/","url":"https:\/\/lottomat.com\/lt\/loterija\/mega-millions\/","name":"Mega Millions prizai, taisykl\u0117s ir d\u017eekpotas - Lottomat","isPartOf":{"@id":"https:\/\/lottomat.com\/lt\/#website"},"primaryImageOfPage":{"@id":"https:\/\/lottomat.com\/lt\/loterija\/mega-millions\/#primaryimage"},"image":{"@id":"https:\/\/lottomat.com\/lt\/loterija\/mega-millions\/#primaryimage"},"thumbnailUrl":"https:\/\/lottomat.com\/wp-content\/uploads\/2025\/10\/prizes-and-jackpot.webp","datePublished":"2025-03-26T13:41:46+00:00","dateModified":"2026-03-11T12:42:59+00:00","description":"J\u016bs turite galimyb\u0119 laim\u0117ti Mega Millions prizus ir d\u017eekpot\u0105. Mega Millions \u2013 tai nuostabi loterija, kurioje d\u017eekpotai auga kaip ant mieli\u0173.","breadcrumb":{"@id":"https:\/\/lottomat.com\/lt\/loterija\/mega-millions\/#breadcrumb"},"inLanguage":"lt-LT","potentialAction":[{"@type":"ReadAction","target":["https:\/\/lottomat.com\/lt\/loterija\/mega-millions\/"]}]},{"@type":"ImageObject","inLanguage":"lt-LT","@id":"https:\/\/lottomat.com\/lt\/loterija\/mega-millions\/#primaryimage","url":"https:\/\/lottomat.com\/wp-content\/uploads\/2025\/10\/prizes-and-jackpot.webp","contentUrl":"https:\/\/lottomat.com\/wp-content\/uploads\/2025\/10\/prizes-and-jackpot.webp"},{"@type":"BreadcrumbList","@id":"https:\/\/lottomat.com\/lt\/loterija\/mega-millions\/#breadcrumb","itemListElement":[{"@type":"ListItem","position":1,"name":"Home","item":"https:\/\/lottomat.com\/lt\/"},{"@type":"ListItem","position":2,"name":"Loterijos taisykl\u0117s: prizai, d\u017eekpotas ir galimyb\u0117s laim\u0117ti","item":"https:\/\/lottomat.com\/lt\/loterija\/"},{"@type":"ListItem","position":3,"name":"Mega Millions prizai, taisykl\u0117s ir d\u017eekpotas"}]},{"@type":"WebSite","@id":"https:\/\/lottomat.com\/lt\/#website","url":"https:\/\/lottomat.com\/lt\/","name":"Lottomat","description":"","potentialAction":[{"@type":"SearchAction","target":{"@type":"EntryPoint","urlTemplate":"https:\/\/lottomat.com\/lt\/?s={search_term_string}"},"query-input":{"@type":"PropertyValueSpecification","valueRequired":true,"valueName":"search_term_string"}}],"inLanguage":"lt-LT"}]}},"_links":{"self":[{"href":"https:\/\/lottomat.com\/lt\/wp-json\/wp\/v2\/pages\/10432","targetHints":{"allow":["GET"]}}],"collection":[{"href":"https:\/\/lottomat.com\/lt\/wp-json\/wp\/v2\/pages"}],"about":[{"href":"https:\/\/lottomat.com\/lt\/wp-json\/wp\/v2\/types\/page"}],"author":[{"embeddable":true,"href":"https:\/\/lottomat.com\/lt\/wp-json\/wp\/v2\/users\/2"}],"replies":[{"embeddable":true,"href":"https:\/\/lottomat.com\/lt\/wp-json\/wp\/v2\/comments?post=10432"}],"version-history":[{"count":4,"href":"https:\/\/lottomat.com\/lt\/wp-json\/wp\/v2\/pages\/10432\/revisions"}],"predecessor-version":[{"id":273238,"href":"https:\/\/lottomat.com\/lt\/wp-json\/wp\/v2\/pages\/10432\/revisions\/273238"}],"up":[{"embeddable":true,"href":"https:\/\/lottomat.com\/lt\/wp-json\/wp\/v2\/pages\/6894"}],"wp:attachment":[{"href":"https:\/\/lottomat.com\/lt\/wp-json\/wp\/v2\/media?parent=10432"}],"curies":[{"name":"wp","href":"https:\/\/api.w.org\/{rel}","templated":true}]}}