{"id":9648,"date":"2025-03-27T11:28:23","date_gmt":"2025-03-27T11:28:23","guid":{"rendered":"https:\/\/lottomat.net\/risultati-della-lotteria\/risultati-mega-sena\/"},"modified":"2026-01-19T16:57:28","modified_gmt":"2026-01-19T16:57:28","slug":"megasena","status":"publish","type":"page","link":"https:\/\/lottomat.com\/it\/risultati\/megasena\/","title":{"rendered":"Risultati Mega Sena e Numeri Vincenti"},"content":{"rendered":"\n\n<div class=\"kk-star-ratings kksr-auto kksr-align-left kksr-valign-top\"\n    data-payload='{&quot;align&quot;:&quot;left&quot;,&quot;id&quot;:&quot;9648&quot;,&quot;slug&quot;:&quot;default&quot;,&quot;valign&quot;:&quot;top&quot;,&quot;ignore&quot;:&quot;&quot;,&quot;reference&quot;:&quot;auto&quot;,&quot;class&quot;:&quot;&quot;,&quot;count&quot;:&quot;0&quot;,&quot;legendonly&quot;:&quot;&quot;,&quot;readonly&quot;:&quot;&quot;,&quot;score&quot;:&quot;0&quot;,&quot;starsonly&quot;:&quot;&quot;,&quot;best&quot;:&quot;5&quot;,&quot;gap&quot;:&quot;5&quot;,&quot;greet&quot;:&quot;Rate this page&quot;,&quot;legend&quot;:&quot;0\\\/5 - (0 votes)&quot;,&quot;size&quot;:&quot;30&quot;,&quot;title&quot;:&quot;Risultati Mega Sena e Numeri Vincenti&quot;,&quot;width&quot;:&quot;0&quot;,&quot;_legend&quot;:&quot;{score}\\\/{best} - ({count} {votes})&quot;,&quot;font_factor&quot;:&quot;1.25&quot;}'>\n            \n<div class=\"kksr-stars\">\n    \n<div class=\"kksr-stars-inactive\">\n            <div class=\"kksr-star\" data-star=\"1\" style=\"padding-right: 5px\">\n            \n\n<div class=\"kksr-icon\" style=\"width: 30px; height: 30px;\"><\/div>\n        <\/div>\n            <div class=\"kksr-star\" data-star=\"2\" style=\"padding-right: 5px\">\n            \n\n<div class=\"kksr-icon\" style=\"width: 30px; height: 30px;\"><\/div>\n        <\/div>\n            <div class=\"kksr-star\" data-star=\"3\" style=\"padding-right: 5px\">\n            \n\n<div class=\"kksr-icon\" style=\"width: 30px; height: 30px;\"><\/div>\n        <\/div>\n            <div class=\"kksr-star\" data-star=\"4\" style=\"padding-right: 5px\">\n            \n\n<div class=\"kksr-icon\" style=\"width: 30px; height: 30px;\"><\/div>\n        <\/div>\n            <div class=\"kksr-star\" data-star=\"5\" style=\"padding-right: 5px\">\n            \n\n<div class=\"kksr-icon\" style=\"width: 30px; height: 30px;\"><\/div>\n        <\/div>\n    <\/div>\n    \n<div class=\"kksr-stars-active\" style=\"width: 0px;\">\n            <div class=\"kksr-star\" style=\"padding-right: 5px\">\n            \n\n<div class=\"kksr-icon\" style=\"width: 30px; height: 30px;\"><\/div>\n        <\/div>\n            <div class=\"kksr-star\" style=\"padding-right: 5px\">\n            \n\n<div class=\"kksr-icon\" style=\"width: 30px; height: 30px;\"><\/div>\n        <\/div>\n            <div class=\"kksr-star\" style=\"padding-right: 5px\">\n            \n\n<div class=\"kksr-icon\" style=\"width: 30px; height: 30px;\"><\/div>\n        <\/div>\n            <div class=\"kksr-star\" style=\"padding-right: 5px\">\n            \n\n<div class=\"kksr-icon\" style=\"width: 30px; height: 30px;\"><\/div>\n        <\/div>\n            <div class=\"kksr-star\" style=\"padding-right: 5px\">\n            \n\n<div class=\"kksr-icon\" style=\"width: 30px; height: 30px;\"><\/div>\n        <\/div>\n    <\/div>\n<\/div>\n                \n\n<div class=\"kksr-legend\" style=\"font-size: 24px;\">\n            <span class=\"kksr-muted\">Rate this page<\/span>\n    <\/div>\n    <\/div>\n<p>Hai iniziato a giocare a questa fantastica lotteria, ma non sai come e dove controllare i <strong>risultati Mega Sena<\/strong> e i <strong>numeri vincenti Mega Sena<\/strong>? Sei nel posto giusto! I risultati Mega Sena su Lottomat sono <strong>affidabili, precisi e legittimi<\/strong>. Leggi il resto di questo articolo e non perderai mai pi\u00f9 un altro risultato Mega Sena.<\/p>\n<h2>Come controllare i risultati Mega Sena di oggi in Brasile?<img loading=\"lazy\" decoding=\"async\" class=\"alignright wp-image-260108\" src=\"https:\/\/lottomat.com\/wp-content\/uploads\/2025\/11\/Brazilian-lottery-draw.webp\" alt=\"estrazione lotteria brasiliana\" width=\"200\" height=\"200\" srcset=\"https:\/\/lottomat.com\/wp-content\/uploads\/2025\/11\/Brazilian-lottery-draw.webp 400w, https:\/\/lottomat.com\/wp-content\/uploads\/2025\/11\/Brazilian-lottery-draw-300x300.webp 300w, https:\/\/lottomat.com\/wp-content\/uploads\/2025\/11\/Brazilian-lottery-draw-150x150.webp 150w, https:\/\/lottomat.com\/wp-content\/uploads\/2025\/11\/Brazilian-lottery-draw-100x100.webp 100w\" sizes=\"auto, (max-width: 200px) 100vw, 200px\" \/><\/h2>\n<p>Se giochi a Mega Sena in Brasile, allora hai pi\u00f9 opzioni per controllare i numeri vincenti Mega Sena. Ovviamente, la prima cosa che viene in mente \u00e8 andare al rivenditore locale dove si possono acquistare i biglietti. I risultati vengono pubblicati sul tabellone dopo ogni estrazione. Un&#8217;altra soluzione per controllare i risultati Mega Sena \u00e8 guardare le estrazioni in diretta sul canale YouTube di Caixa. Tuttavia, questo non \u00e8 conveniente per tutti perch\u00e9 le estrazioni si svolgono sempre allo stesso orario e negli stessi giorni, e alcuni giocatori semplicemente non possono guardare in quel momento specifico. Leggere i giornali locali \u00e8 un altro modo per controllare il risultato Mega Sena della sera precedente. Fondamentalmente, il giornale pubblicher\u00e0 la combinazione vincente e i premi che sono stati vinti nell&#8217;edizione che verr\u00e0 pubblicata il giorno dopo l&#8217;estrazione.<\/p>\n<h2>Come controllare i numeri vincenti Mega Sena di oggi su Lottomat?<\/h2>\n<p>Va da s\u00e9 che la soluzione pi\u00f9 affidabile per controllare i risultati Mega Sena di oggi \u00e8 il sito web di Lottomat. Sulla nostra pagina, puoi confrontare la tua combinazione con i numeri che sono stati estratti in pochissimo tempo. Naviga semplicemente nel nostro <a href=\"https:\/\/lottomat.com\/it\/risultati\/\">archivio dei risultati delle lotterie<\/a>, trova Mega Sena e clicca sull&#8217;opzione Risultati. Vedrai l&#8217;ultimo risultato Mega Sena, ma hai la possibilit\u00e0 di vedere i numeri di ogni estrazione avvenuta negli ultimi cinque anni. La cosa migliore di questo \u00e8 che <strong>\u00e8 assolutamente gratuito<\/strong>!<\/p>\n<h2>Numeri vincenti Mega Sena \u2013 Quando si svolgono le estrazioni?<\/h2>\n<p><img loading=\"lazy\" decoding=\"async\" class=\"alignleft wp-image-260139\" src=\"https:\/\/lottomat.com\/wp-content\/uploads\/2025\/11\/Brazilian-lottery-results.webp\" alt=\"risultati lotteria brasiliana\" width=\"200\" height=\"200\" srcset=\"https:\/\/lottomat.com\/wp-content\/uploads\/2025\/11\/Brazilian-lottery-results.webp 400w, https:\/\/lottomat.com\/wp-content\/uploads\/2025\/11\/Brazilian-lottery-results-300x300.webp 300w, https:\/\/lottomat.com\/wp-content\/uploads\/2025\/11\/Brazilian-lottery-results-150x150.webp 150w, https:\/\/lottomat.com\/wp-content\/uploads\/2025\/11\/Brazilian-lottery-results-100x100.webp 100w\" sizes=\"auto, (max-width: 200px) 100vw, 200px\" \/>I risultati Mega Sena sul nostro sito web vengono pubblicati non appena l&#8217;estrazione \u00e8 conclusa e la combinazione vincente \u00e8 confermata dall&#8217;operatore della lotteria. Nel caso non lo sapessi, <strong>le estrazioni si svolgono quattro volte a settimana \u2013 ogni marted\u00ec, mercoled\u00ec, gioved\u00ec e sabato alle 20:00 ora brasiliana<\/strong> (Orario Standard di Bras\u00edlia). C&#8217;\u00e8 anche un&#8217;estrazione speciale che si tiene a Capodanno chiamata <strong>Mega da Virada<\/strong>. I numeri vincenti Mega Sena in quell&#8217;estrazione sono pi\u00f9 preziosi del solito perch\u00e9 il jackpot in questo turno diventa molto grande. Circa il cinque percento degli incassi da ogni estrazione regolare durante tutto l&#8217;anno viene accantonato specificamente per questo evento spettacolare, raggiungendo spesso oltre 300 milioni di R$. Quindi assicurati di controllare il nostro sito web ogni marted\u00ec, mercoled\u00ec, gioved\u00ec e sabato. I risultati Mega Sena ti aspetteranno non appena riceveremo la combinazione vincente dall&#8217;organizzatore.<\/p>\n<h2>Come utilizzare l&#8217;archivio dei risultati e dei numeri vincenti Mega Sena?<\/h2>\n<p>Abbiamo precedentemente menzionato un archivio con i risultati. Se questo \u00e8 qualcosa che ti ha incuriosito, ecco come accedervi e utilizzarlo.<\/p>\n<h3>Guida passo-passo per accedere all&#8217;archivio dei risultati<\/h3>\n<p>Prima di tutto, l&#8217;archivio pu\u00f2 essere utilizzato da chiunque, quindi naviga semplicemente sul nostro sito web in qualsiasi browser moderno che preferisci. Una volta che sei sulla homepage, clicca su Risultati nel menu dell&#8217;intestazione. Ora vedrai un elenco di tutte le lotterie online che abbiamo in offerta. Per vedere i risultati Mega Sena, trova il gioco nell&#8217;elenco e clicca nuovamente sull&#8217;opzione Risultati. Ora vedrai i numeri vincenti Mega Sena dell&#8217;ultimo turno e vedrai anche una data. Cliccando su quella data si aprir\u00e0 il calendario \u2013 scorri tra i mesi e scegli semplicemente un giorno per il quale vuoi vedere i risultati e cliccaci sopra. Bingo! Ora puoi vedere il risultato Mega Sena per la data selezionata. Come affermato in precedenza, qualsiasi estrazione avvenuta negli ultimi cinque anni sar\u00e0 conservata qui e potrai vederla. Questo \u00e8 <strong>estremamente utile quando si tratta della creazione di combinazioni future<\/strong>, vero?<\/p>\n<h2>Quanti giocatori hanno vinto e quanto nell&#8217;ultima estrazione Mega Sena?<\/h2>\n<p>Curioso di sapere dei vincitori recenti e delle distribuzioni dei premi? La nostra pagina dei risultati visualizza informazioni complete su ogni estrazione Mega Sena, incluso il numero di vincitori in ogni livello di premio e gli importi esatti assegnati. La lotteria offre <strong>tre divisioni di premi \u2013 abbinando 6, 5 o 4 numeri<\/strong> \u2013 con ricompense sostanziose anche per gli abbinamenti di livello inferiore. Vuoi saperne di pi\u00f9? <a href=\"https:\/\/lottomat.com\/it\/lotteria\/mega-sena\/\">Controlla i premi Mega Sena<\/a>, il jackpot e le probabilit\u00e0 di vincita sulla nostra pagina informativa dedicata.<img loading=\"lazy\" decoding=\"async\" class=\"alignright wp-image-260169\" src=\"https:\/\/lottomat.com\/wp-content\/uploads\/2025\/11\/Mega-Sena-draw.webp\" alt=\"estrazione Mega Sena\" width=\"200\" height=\"200\" srcset=\"https:\/\/lottomat.com\/wp-content\/uploads\/2025\/11\/Mega-Sena-draw.webp 400w, https:\/\/lottomat.com\/wp-content\/uploads\/2025\/11\/Mega-Sena-draw-300x300.webp 300w, https:\/\/lottomat.com\/wp-content\/uploads\/2025\/11\/Mega-Sena-draw-150x150.webp 150w, https:\/\/lottomat.com\/wp-content\/uploads\/2025\/11\/Mega-Sena-draw-100x100.webp 100w\" sizes=\"auto, (max-width: 200px) 100vw, 200px\" \/><\/p>\n<h2>Comprendere i numeri vincenti Mega Sena<\/h2>\n<p>Proprio come in qualsiasi altra lotteria, scegliere i numeri giusti \u00e8 cruciale per il tuo successo. Uno dei modi migliori per selezionare potenziali numeri vincenti Mega Sena \u00e8 cercare determinati schemi nelle estrazioni. Per notare questi schemi, devi esaminare attentamente i numeri estratti in ogni turno. Quindi, a partire dai risultati Mega Sena di oggi, prova a prendere appunti su ogni estrazione. Prima o poi, inizierai a notare schemi che possono migliorare le tue combinazioni. Tuttavia, fino a quando ci\u00f2 non accade, sentiti libero di controllare i numeri pi\u00f9 e meno frequentemente estratti nei risultati Mega Sena.<\/p>\n<h2>Quali sono i numeri pi\u00f9 estratti in Mega Sena?<\/h2>\n<p>Questi sono sei numeri vincenti Mega Sena che sono stati estratti pi\u00f9 frequentemente. Includere uno qualsiasi di essi nelle tue combinazioni \u00e8 una strategia popolare perch\u00e9 questi numeri sono apparsi storicamente pi\u00f9 spesso. <strong>Numero 10<\/strong> \u2013 Al primo posto c&#8217;\u00e8 il numero 10. \u00c8 stato estratto in 302 turni, e l&#8217;ultima volta che questo \u00e8 successo \u00e8 stato 42 giorni fa. <strong>Numero 53<\/strong> \u2013 Il numero al secondo posto \u00e8 stato visto in 301 risultati Mega Sena. L&#8217;ultima volta \u00e8 stato 25 giorni fa. <strong>Numero 5<\/strong> \u2013 Questo numero \u00e8 stato visto in 289 occasioni diverse. L&#8217;ultimo risultato Mega Sena ha questo numero incluso. <strong>Numero 37<\/strong> \u2013 Il quarto numero di questa lista \u00e8 stato parte di 283 combinazioni. L&#8217;ultima volta che l&#8217;abbiamo visto \u00e8 stato 18 giorni fa. <strong>Numero 33<\/strong> \u2013 I risultati Mega Sena hanno avuto questo numero in 281 turni diversi. Di tutti i numeri in questa lista, questo non \u00e8 stato estratto da pi\u00f9 tempo. Un totale di 98 giorni sono passati da quando abbiamo visto questo numero nella combinazione vincente. <strong>Numero 34<\/strong> \u2013 L&#8217;ultimo numero di questa lista \u00e8 stato estratto 279 volte. Esattamente due settimane fa per l&#8217;ultima volta. I risultati Mega Sena di oggi possono portarti molta gioia e felicit\u00e0, quindi studia attentamente i numeri estratti prima di scegliere la tua combinazione. La giusta preparazione pu\u00f2 fare tutta la differenza.<\/p>\n<h2>Quali sono i numeri meno estratti in Mega Sena?<\/h2>\n<p><img loading=\"lazy\" decoding=\"async\" class=\"alignleft wp-image-260199\" src=\"https:\/\/lottomat.com\/wp-content\/uploads\/2025\/11\/Mega-Sena-numbers.webp\" alt=\"numeri Mega Sena\" width=\"200\" height=\"200\" srcset=\"https:\/\/lottomat.com\/wp-content\/uploads\/2025\/11\/Mega-Sena-numbers.webp 400w, https:\/\/lottomat.com\/wp-content\/uploads\/2025\/11\/Mega-Sena-numbers-300x300.webp 300w, https:\/\/lottomat.com\/wp-content\/uploads\/2025\/11\/Mega-Sena-numbers-150x150.webp 150w, https:\/\/lottomat.com\/wp-content\/uploads\/2025\/11\/Mega-Sena-numbers-100x100.webp 100w\" sizes=\"auto, (max-width: 200px) 100vw, 200px\" \/>I numeri vincenti Mega Sena elencati di seguito sono quelli che sono stati estratti meno frequentemente. Non scoraggeremo l&#8217;inclusione di questi numeri in ciascuna delle tue combinazioni, ma ricorda che le estrazioni della lotteria sono casuali. Ci\u00f2 non significa che non saranno quelli vincenti nell&#8217;ultimo risultato Mega Sena. Ricorda che <strong>\u00e8 tutto una questione di fortuna e attenta selezione dei numeri<\/strong>. <strong>Numero 26<\/strong> \u2013 Questo \u00e8 il numero vincente pi\u00f9 raro. \u00c8 stato estratto solo 218 volte, e l&#8217;ultima volta che questo \u00e8 successo \u00e8 stato nell&#8217;ultimo turno di Mega Sena. <strong>Numero 21<\/strong> \u2013 Il secondo posto \u00e8 detenuto da questo numero che abbiamo visto in 220 turni. <strong>Numero 55<\/strong> \u2013 Due settimane fa \u00e8 stata l&#8217;ultima volta che abbiamo visto questo numero che \u00e8 uscito come vincente in 222 occasioni diverse. <strong>Numero 15<\/strong> \u2013 Il risultato Mega Sena ha avuto il numero 15 nella combinazione in 228 turni. L&#8217;ultima volta che questo \u00e8 successo \u00e8 stato 46 giorni fa. <strong>Numero 22<\/strong> \u2013 I giocatori hanno visto questo numero in 235 estrazioni diverse. L&#8217;ultimo risultato Mega Sena che includeva questo numero \u00e8 stato estratto due turni fa. <strong>Numero 48<\/strong> \u2013 Infine, l&#8217;ultimo numero in questa panoramica \u00e8 quello che \u00e8 stato estratto in 240 occasioni diverse. L&#8217;ultima volta \u00e8 stato 50 giorni fa. Vuoi giocare? Clicca e acquista biglietti Mega Sena online sul nostro sito web in qualsiasi momento!<\/p>\n<h2>Come prevedere i numeri vincenti Mega Sena?<\/h2>\n<p>Sebbene sia impossibile prevedere i risultati della lotteria con certezza, molti giocatori usano varie strategie per selezionare i loro numeri. Alcuni analizzano i dati storici e gli schemi di frequenza, mentre altri preferiscono l&#8217;opzione casuale Surpresinha offerta dalla lotteria. L&#8217;analisi statistica delle estrazioni passate pu\u00f2 essere interessante e potenzialmente utile, ma ricorda che ogni estrazione \u00e8 un evento indipendente.<\/p>\n<h3>Comprendere le tue opzioni di gioco<\/h3>\n<p>I giocatori possono scegliere tra 6 e 15 numeri da un gruppo da 1 a 60. Pi\u00f9 numeri selezioni, migliori sono le tue probabilit\u00e0 di abbinare la combinazione vincente, anche se il prezzo del biglietto aumenta di conseguenza. Con tre livelli di premi disponibili \u2013 abbinando 4, 5 o 6 numeri \u2013 anche gli abbinamenti parziali possono risultare in vincite sostanziali. Il jackpot minimo garantito inizia a <strong>2 milioni di R$ e pu\u00f2 accumularsi indefinitamente<\/strong> se non c&#8217;\u00e8 vincitore, creando montepremi massicci. Le probabilit\u00e0 di vincere il jackpot sono 1 su 50.063.860, ma con estrazioni che avvengono tre volte a settimana, hai molte opportunit\u00e0 per tentare la fortuna.<img loading=\"lazy\" decoding=\"async\" class=\"alignright wp-image-260229\" src=\"https:\/\/lottomat.com\/wp-content\/uploads\/2025\/11\/Mega-Sena-winning-numbers.webp\" alt=\"numeri vincenti Mega Sena\" width=\"200\" height=\"200\" srcset=\"https:\/\/lottomat.com\/wp-content\/uploads\/2025\/11\/Mega-Sena-winning-numbers.webp 400w, https:\/\/lottomat.com\/wp-content\/uploads\/2025\/11\/Mega-Sena-winning-numbers-300x300.webp 300w, https:\/\/lottomat.com\/wp-content\/uploads\/2025\/11\/Mega-Sena-winning-numbers-150x150.webp 150w, https:\/\/lottomat.com\/wp-content\/uploads\/2025\/11\/Mega-Sena-winning-numbers-100x100.webp 100w\" sizes=\"auto, (max-width: 200px) 100vw, 200px\" \/><\/p>\n<h2>Perch\u00e9 scegliere Lottomat per i numeri Mega Sena?<\/h2>\n<p><a href=\"https:\/\/lottomat.com\/it\/\">Lottomat<\/a> fornisce <strong>risultati Mega Sena veloci, precisi e affidabili<\/strong> immediatamente dopo ogni estrazione. Il nostro archivio completo ti permette di ricercare le estrazioni passate, analizzare gli schemi dei numeri e sviluppare la tua strategia di gioco. Che tu stia controllando i risultati di mercoled\u00ec o guardando indietro ai dati storici di anni fa, la nostra piattaforma rende facile accedere a tutte le informazioni di cui hai bisogno. Rimani aggiornato con gli ultimi numeri vincenti Mega Sena, controlla i tuoi biglietti istantaneamente e non perdere mai un&#8217;estrazione con Lottomat \u2013 la tua fonte affidabile per il pi\u00f9 grande gioco di lotteria del Brasile! Unisciti a noi e <a href=\"https:\/\/lottomat.com\/it\/gioca\/megasena\/\">gioca a Mega Sena online in qualsiasi momento<\/a>!<\/p>\n","protected":false},"excerpt":{"rendered":"<p>Hai iniziato a giocare a questa fantastica lotteria, ma non sai come e dove controllare i risultati Mega Sena e i numeri vincenti Mega Sena? Sei nel posto giusto! I risultati Mega Sena su Lottomat sono affidabili, precisi e legittimi. Leggi il resto di questo articolo e non perderai mai pi\u00f9 un altro risultato Mega [&hellip;]<\/p>\n","protected":false},"author":1,"featured_media":0,"parent":7424,"menu_order":13,"comment_status":"closed","ping_status":"closed","template":"megasena-results.php","meta":{"_et_pb_use_builder":"","_et_pb_old_content":"","_et_gb_content_width":"","exclude_from_search":false,"footnotes":""},"class_list":["post-9648","page","type-page","status-publish","hentry"],"yoast_head":"<!-- This site is optimized with the Yoast SEO plugin v23.8 - https:\/\/yoast.com\/wordpress\/plugins\/seo\/ -->\n<title>Risultati Mega Sena e Numeri Vincenti - Lottomat<\/title>\n<meta name=\"description\" content=\"Controlla gli ultimi risultati Mega Sena su Lottomat. Verifica gli ultimi numeri vincenti Mega Sena e confrontali con il tuo biglietto. Controllalo ora!\" \/>\n<meta name=\"robots\" content=\"index, follow, max-snippet:-1, max-image-preview:large, max-video-preview:-1\" \/>\n<link rel=\"canonical\" href=\"https:\/\/lottomat.com\/it\/risultati\/megasena\/\" \/>\n<meta property=\"og:locale\" content=\"it_IT\" \/>\n<meta property=\"og:type\" content=\"article\" \/>\n<meta property=\"og:title\" content=\"Risultati Mega Sena e Numeri Vincenti - Lottomat\" \/>\n<meta property=\"og:description\" content=\"Controlla gli ultimi risultati Mega Sena su Lottomat. Verifica gli ultimi numeri vincenti Mega Sena e confrontali con il tuo biglietto. Controllalo ora!\" \/>\n<meta property=\"og:url\" content=\"https:\/\/lottomat.com\/it\/risultati\/megasena\/\" \/>\n<meta property=\"og:site_name\" content=\"Lottomat\" \/>\n<meta property=\"article:modified_time\" content=\"2026-01-19T16:57:28+00:00\" \/>\n<meta property=\"og:image\" content=\"https:\/\/lottomat.com\/wp-content\/uploads\/2025\/11\/Brazilian-lottery-draw.webp\" \/>\n<meta name=\"twitter:card\" content=\"summary_large_image\" \/>\n<meta name=\"twitter:label1\" content=\"Tempo di lettura stimato\" \/>\n\t<meta name=\"twitter:data1\" content=\"7 minuti\" \/>\n<script type=\"application\/ld+json\" class=\"yoast-schema-graph\">{\"@context\":\"https:\/\/schema.org\",\"@graph\":[{\"@type\":\"WebPage\",\"@id\":\"https:\/\/lottomat.com\/it\/risultati\/megasena\/\",\"url\":\"https:\/\/lottomat.com\/it\/risultati\/megasena\/\",\"name\":\"Risultati Mega Sena e Numeri Vincenti - Lottomat\",\"isPartOf\":{\"@id\":\"https:\/\/lottomat.com\/it\/#website\"},\"primaryImageOfPage\":{\"@id\":\"https:\/\/lottomat.com\/it\/risultati\/megasena\/#primaryimage\"},\"image\":{\"@id\":\"https:\/\/lottomat.com\/it\/risultati\/megasena\/#primaryimage\"},\"thumbnailUrl\":\"https:\/\/lottomat.com\/wp-content\/uploads\/2025\/11\/Brazilian-lottery-draw.webp\",\"datePublished\":\"2025-03-27T11:28:23+00:00\",\"dateModified\":\"2026-01-19T16:57:28+00:00\",\"description\":\"Controlla gli ultimi risultati Mega Sena su Lottomat. Verifica gli ultimi numeri vincenti Mega Sena e confrontali con il tuo biglietto. Controllalo ora!\",\"breadcrumb\":{\"@id\":\"https:\/\/lottomat.com\/it\/risultati\/megasena\/#breadcrumb\"},\"inLanguage\":\"it-IT\",\"potentialAction\":[{\"@type\":\"ReadAction\",\"target\":[\"https:\/\/lottomat.com\/it\/risultati\/megasena\/\"]}]},{\"@type\":\"ImageObject\",\"inLanguage\":\"it-IT\",\"@id\":\"https:\/\/lottomat.com\/it\/risultati\/megasena\/#primaryimage\",\"url\":\"https:\/\/lottomat.com\/wp-content\/uploads\/2025\/11\/Brazilian-lottery-draw.webp\",\"contentUrl\":\"https:\/\/lottomat.com\/wp-content\/uploads\/2025\/11\/Brazilian-lottery-draw.webp\"},{\"@type\":\"BreadcrumbList\",\"@id\":\"https:\/\/lottomat.com\/it\/risultati\/megasena\/#breadcrumb\",\"itemListElement\":[{\"@type\":\"ListItem\",\"position\":1,\"name\":\"Home\",\"item\":\"https:\/\/lottomat.com\/it\/\"},{\"@type\":\"ListItem\",\"position\":2,\"name\":\"Risultati delle Lotterie e Numeri Vincenti del Lotto\",\"item\":\"https:\/\/lottomat.com\/it\/risultati\/\"},{\"@type\":\"ListItem\",\"position\":3,\"name\":\"Risultati Mega Sena e Numeri Vincenti\"}]},{\"@type\":\"WebSite\",\"@id\":\"https:\/\/lottomat.com\/it\/#website\",\"url\":\"https:\/\/lottomat.com\/it\/\",\"name\":\"Lottomat\",\"description\":\"\",\"potentialAction\":[{\"@type\":\"SearchAction\",\"target\":{\"@type\":\"EntryPoint\",\"urlTemplate\":\"https:\/\/lottomat.com\/it\/?s={search_term_string}\"},\"query-input\":{\"@type\":\"PropertyValueSpecification\",\"valueRequired\":true,\"valueName\":\"search_term_string\"}}],\"inLanguage\":\"it-IT\"}]}<\/script>\n<!-- \/ Yoast SEO plugin. -->","yoast_head_json":{"title":"Risultati Mega Sena e Numeri Vincenti - Lottomat","description":"Controlla gli ultimi risultati Mega Sena su Lottomat. Verifica gli ultimi numeri vincenti Mega Sena e confrontali con il tuo biglietto. Controllalo ora!","robots":{"index":"index","follow":"follow","max-snippet":"max-snippet:-1","max-image-preview":"max-image-preview:large","max-video-preview":"max-video-preview:-1"},"canonical":"https:\/\/lottomat.com\/it\/risultati\/megasena\/","og_locale":"it_IT","og_type":"article","og_title":"Risultati Mega Sena e Numeri Vincenti - Lottomat","og_description":"Controlla gli ultimi risultati Mega Sena su Lottomat. Verifica gli ultimi numeri vincenti Mega Sena e confrontali con il tuo biglietto. Controllalo ora!","og_url":"https:\/\/lottomat.com\/it\/risultati\/megasena\/","og_site_name":"Lottomat","article_modified_time":"2026-01-19T16:57:28+00:00","og_image":[{"url":"https:\/\/lottomat.com\/wp-content\/uploads\/2025\/11\/Brazilian-lottery-draw.webp"}],"twitter_card":"summary_large_image","twitter_misc":{"Tempo di lettura stimato":"7 minuti"},"schema":{"@context":"https:\/\/schema.org","@graph":[{"@type":"WebPage","@id":"https:\/\/lottomat.com\/it\/risultati\/megasena\/","url":"https:\/\/lottomat.com\/it\/risultati\/megasena\/","name":"Risultati Mega Sena e Numeri Vincenti - Lottomat","isPartOf":{"@id":"https:\/\/lottomat.com\/it\/#website"},"primaryImageOfPage":{"@id":"https:\/\/lottomat.com\/it\/risultati\/megasena\/#primaryimage"},"image":{"@id":"https:\/\/lottomat.com\/it\/risultati\/megasena\/#primaryimage"},"thumbnailUrl":"https:\/\/lottomat.com\/wp-content\/uploads\/2025\/11\/Brazilian-lottery-draw.webp","datePublished":"2025-03-27T11:28:23+00:00","dateModified":"2026-01-19T16:57:28+00:00","description":"Controlla gli ultimi risultati Mega Sena su Lottomat. Verifica gli ultimi numeri vincenti Mega Sena e confrontali con il tuo biglietto. Controllalo ora!","breadcrumb":{"@id":"https:\/\/lottomat.com\/it\/risultati\/megasena\/#breadcrumb"},"inLanguage":"it-IT","potentialAction":[{"@type":"ReadAction","target":["https:\/\/lottomat.com\/it\/risultati\/megasena\/"]}]},{"@type":"ImageObject","inLanguage":"it-IT","@id":"https:\/\/lottomat.com\/it\/risultati\/megasena\/#primaryimage","url":"https:\/\/lottomat.com\/wp-content\/uploads\/2025\/11\/Brazilian-lottery-draw.webp","contentUrl":"https:\/\/lottomat.com\/wp-content\/uploads\/2025\/11\/Brazilian-lottery-draw.webp"},{"@type":"BreadcrumbList","@id":"https:\/\/lottomat.com\/it\/risultati\/megasena\/#breadcrumb","itemListElement":[{"@type":"ListItem","position":1,"name":"Home","item":"https:\/\/lottomat.com\/it\/"},{"@type":"ListItem","position":2,"name":"Risultati delle Lotterie e Numeri Vincenti del Lotto","item":"https:\/\/lottomat.com\/it\/risultati\/"},{"@type":"ListItem","position":3,"name":"Risultati Mega Sena e Numeri Vincenti"}]},{"@type":"WebSite","@id":"https:\/\/lottomat.com\/it\/#website","url":"https:\/\/lottomat.com\/it\/","name":"Lottomat","description":"","potentialAction":[{"@type":"SearchAction","target":{"@type":"EntryPoint","urlTemplate":"https:\/\/lottomat.com\/it\/?s={search_term_string}"},"query-input":{"@type":"PropertyValueSpecification","valueRequired":true,"valueName":"search_term_string"}}],"inLanguage":"it-IT"}]}},"_links":{"self":[{"href":"https:\/\/lottomat.com\/it\/wp-json\/wp\/v2\/pages\/9648","targetHints":{"allow":["GET"]}}],"collection":[{"href":"https:\/\/lottomat.com\/it\/wp-json\/wp\/v2\/pages"}],"about":[{"href":"https:\/\/lottomat.com\/it\/wp-json\/wp\/v2\/types\/page"}],"author":[{"embeddable":true,"href":"https:\/\/lottomat.com\/it\/wp-json\/wp\/v2\/users\/1"}],"replies":[{"embeddable":true,"href":"https:\/\/lottomat.com\/it\/wp-json\/wp\/v2\/comments?post=9648"}],"version-history":[{"count":1,"href":"https:\/\/lottomat.com\/it\/wp-json\/wp\/v2\/pages\/9648\/revisions"}],"predecessor-version":[{"id":268897,"href":"https:\/\/lottomat.com\/it\/wp-json\/wp\/v2\/pages\/9648\/revisions\/268897"}],"up":[{"embeddable":true,"href":"https:\/\/lottomat.com\/it\/wp-json\/wp\/v2\/pages\/7424"}],"wp:attachment":[{"href":"https:\/\/lottomat.com\/it\/wp-json\/wp\/v2\/media?parent=9648"}],"curies":[{"name":"wp","href":"https:\/\/api.w.org\/{rel}","templated":true}]}}