{"id":8903,"date":"2025-03-26T08:02:36","date_gmt":"2025-03-26T08:02:36","guid":{"rendered":"https:\/\/lottomat.net\/giocare-alla-lotteria\/gioca-alleurojackpot-online\/"},"modified":"2026-01-16T15:51:19","modified_gmt":"2026-01-16T15:51:19","slug":"eurojackpot","status":"publish","type":"page","link":"https:\/\/lottomat.com\/it\/gioca\/eurojackpot\/","title":{"rendered":"Gioca a Eurojackpot online"},"content":{"rendered":"\n\n<div class=\"kk-star-ratings kksr-auto kksr-align-left kksr-valign-top\"\n    data-payload='{&quot;align&quot;:&quot;left&quot;,&quot;id&quot;:&quot;8903&quot;,&quot;slug&quot;:&quot;default&quot;,&quot;valign&quot;:&quot;top&quot;,&quot;ignore&quot;:&quot;&quot;,&quot;reference&quot;:&quot;auto&quot;,&quot;class&quot;:&quot;&quot;,&quot;count&quot;:&quot;0&quot;,&quot;legendonly&quot;:&quot;&quot;,&quot;readonly&quot;:&quot;&quot;,&quot;score&quot;:&quot;0&quot;,&quot;starsonly&quot;:&quot;&quot;,&quot;best&quot;:&quot;5&quot;,&quot;gap&quot;:&quot;5&quot;,&quot;greet&quot;:&quot;Rate this page&quot;,&quot;legend&quot;:&quot;0\\\/5 - (0 votes)&quot;,&quot;size&quot;:&quot;30&quot;,&quot;title&quot;:&quot;Gioca a Eurojackpot online&quot;,&quot;width&quot;:&quot;0&quot;,&quot;_legend&quot;:&quot;{score}\\\/{best} - ({count} {votes})&quot;,&quot;font_factor&quot;:&quot;1.25&quot;}'>\n            \n<div class=\"kksr-stars\">\n    \n<div class=\"kksr-stars-inactive\">\n            <div class=\"kksr-star\" data-star=\"1\" style=\"padding-right: 5px\">\n            \n\n<div class=\"kksr-icon\" style=\"width: 30px; height: 30px;\"><\/div>\n        <\/div>\n            <div class=\"kksr-star\" data-star=\"2\" style=\"padding-right: 5px\">\n            \n\n<div class=\"kksr-icon\" style=\"width: 30px; height: 30px;\"><\/div>\n        <\/div>\n            <div class=\"kksr-star\" data-star=\"3\" style=\"padding-right: 5px\">\n            \n\n<div class=\"kksr-icon\" style=\"width: 30px; height: 30px;\"><\/div>\n        <\/div>\n            <div class=\"kksr-star\" data-star=\"4\" style=\"padding-right: 5px\">\n            \n\n<div class=\"kksr-icon\" style=\"width: 30px; height: 30px;\"><\/div>\n        <\/div>\n            <div class=\"kksr-star\" data-star=\"5\" style=\"padding-right: 5px\">\n            \n\n<div class=\"kksr-icon\" style=\"width: 30px; height: 30px;\"><\/div>\n        <\/div>\n    <\/div>\n    \n<div class=\"kksr-stars-active\" style=\"width: 0px;\">\n            <div class=\"kksr-star\" style=\"padding-right: 5px\">\n            \n\n<div class=\"kksr-icon\" style=\"width: 30px; height: 30px;\"><\/div>\n        <\/div>\n            <div class=\"kksr-star\" style=\"padding-right: 5px\">\n            \n\n<div class=\"kksr-icon\" style=\"width: 30px; height: 30px;\"><\/div>\n        <\/div>\n            <div class=\"kksr-star\" style=\"padding-right: 5px\">\n            \n\n<div class=\"kksr-icon\" style=\"width: 30px; height: 30px;\"><\/div>\n        <\/div>\n            <div class=\"kksr-star\" style=\"padding-right: 5px\">\n            \n\n<div class=\"kksr-icon\" style=\"width: 30px; height: 30px;\"><\/div>\n        <\/div>\n            <div class=\"kksr-star\" style=\"padding-right: 5px\">\n            \n\n<div class=\"kksr-icon\" style=\"width: 30px; height: 30px;\"><\/div>\n        <\/div>\n    <\/div>\n<\/div>\n                \n\n<div class=\"kksr-legend\" style=\"font-size: 24px;\">\n            <span class=\"kksr-muted\">Rate this page<\/span>\n    <\/div>\n    <\/div>\n<h2>Cos&#8217;\u00e8 Eurojackpot?<\/h2>\n<p>Eurojackpot online \u00e8 una <strong>lotteria internazionale che \u00e8 stata creata in Europa<\/strong> ed era inizialmente popolare solo nella nostra parte dell&#8217;emisfero. Si potrebbe dire che \u00e8 semplicemente una sorta di versione europea del lotto. Eurojackpot \u00e8 una lotteria abbastanza giovane, \u00e8 stata <strong>creata nel marzo 2012<\/strong> e da allora gode di una popolarit\u00e0 inalterata, non solo pi\u00f9 in Europa ma in tutto il mondo. <strong>Alte vincite, grandi possibilit\u00e0 di scegliere i numeri fortunati e jackpot incredibili<\/strong> fanno s\u00ec che Eurojackpot attragga un numero crescente di nuovi giocatori. Questa lotteria ha gi\u00e0 creato alcune dozzine di lotto-milionari.<\/p>\n<p>Tutto \u00e8 iniziato con un piano per creare una competizione alla lotteria EuroMillions e l&#8217;ha gi\u00e0 <strong>superata, diventando uno dei <a href=\"https:\/\/lottomat.com\/it\/gioca\/\">giochi di lotto online pi\u00f9 popolari<\/a> e in pi\u00f9 rapido sviluppo<\/strong>.<\/p>\n<h2><img loading=\"lazy\" decoding=\"async\" class=\"alignleft wp-image-257564\" src=\"https:\/\/lottomat.com\/wp-content\/uploads\/2025\/11\/Eurojackpot-online.webp\" alt=\"Eurojackpot online\" width=\"200\" height=\"200\" srcset=\"https:\/\/lottomat.com\/wp-content\/uploads\/2025\/11\/Eurojackpot-online.webp 400w, https:\/\/lottomat.com\/wp-content\/uploads\/2025\/11\/Eurojackpot-online-300x300.webp 300w, https:\/\/lottomat.com\/wp-content\/uploads\/2025\/11\/Eurojackpot-online-150x150.webp 150w, https:\/\/lottomat.com\/wp-content\/uploads\/2025\/11\/Eurojackpot-online-100x100.webp 100w\" sizes=\"auto, (max-width: 200px) 100vw, 200px\" \/>Come Acquistare un Biglietto della Lotteria Eurojackpot Online?<\/h2>\n<p>Il sito web di LottoMat permette di acquistare biglietti della lotteria online, cos\u00ec che non devi cercare un posto dove acquistare tale biglietto. Hai tutto in un unico posto, <strong>24 ore al giorno, 7 giorni alla settimana<\/strong>. Ancora pi\u00f9 importante \u2013 <strong>da qualsiasi parte del mondo<\/strong>, poich\u00e9 un acquisto online su LottoMat \u00e8 trattato allo stesso modo di un acquisto in un paese che partecipa alle estrazioni. Il che significa che <strong>non importa dove ti trovi, puoi giocare a Eurojackpot online!<\/strong><\/p>\n<p>Dopo aver effettuato un ordine, <strong>il nostro rappresentante acquister\u00e0 un biglietto Eurojackpot cartaceo per tuo conto<\/strong> che sar\u00e0 disponibile sul tuo account su LottoMat.<\/p>\n<h2>Qual \u00e8 il Prezzo di un Biglietto della Lotteria Eurojackpot?<\/h2>\n<p>Prima <strong>seleziona i numeri sul tuo biglietto Eurojackpot online \u2013 5 di base e 2 extra<\/strong>. Il prezzo del biglietto sar\u00e0 visualizzato in fondo all&#8217;elenco. Il nostro calcolatore valuter\u00e0 l&#8217;importo dovuto a seconda del numero di biglietti che compili.<\/p>\n<p>Ora tutto ci\u00f2 che devi fare \u00e8 darti la possibilit\u00e0 di vincere, cosa che accade spettacolarmente spesso in questo gioco.<\/p>\n<h2>Puoi Acquistare Pi\u00f9 Biglietti Eurojackpot?<\/h2>\n<p>S\u00ec, puoi <strong>acquistare pi\u00f9 biglietti della lotteria Eurojackpot<\/strong> selezionando l&#8217;opzione &#8220;pi\u00f9 linee&#8221; e scegliendo tutte le linee di cui hai bisogno. Questa strategia ti permette di <strong>giocare diverse combinazioni di numeri nella stessa estrazione, aumentando potenzialmente le tue possibilit\u00e0 di vincere<\/strong> un premio.<\/p>\n<p>Ogni linea aggiuntiva ti d\u00e0 un&#8217;altra opportunit\u00e0 di abbinare i numeri vincenti, e puoi mescolare diversi metodi di selezione dei numeri tra i tuoi biglietti multipli. Ricorda che <strong>ogni linea ha un prezzo separato<\/strong>, quindi acquistare pi\u00f9 biglietti aumenter\u00e0 proporzionalmente il tuo costo totale.<\/p>\n<h2>Puoi Acquistare Biglietti Eurojackpot per Pi\u00f9 Estrazioni?<\/h2>\n<h2><img loading=\"lazy\" decoding=\"async\" class=\"alignright wp-image-257594\" src=\"https:\/\/lottomat.com\/wp-content\/uploads\/2025\/11\/Eurojackpot-tickets.webp\" alt=\"biglietti Eurojackpot\" width=\"200\" height=\"200\" srcset=\"https:\/\/lottomat.com\/wp-content\/uploads\/2025\/11\/Eurojackpot-tickets.webp 400w, https:\/\/lottomat.com\/wp-content\/uploads\/2025\/11\/Eurojackpot-tickets-300x300.webp 300w, https:\/\/lottomat.com\/wp-content\/uploads\/2025\/11\/Eurojackpot-tickets-150x150.webp 150w, https:\/\/lottomat.com\/wp-content\/uploads\/2025\/11\/Eurojackpot-tickets-100x100.webp 100w\" sizes=\"auto, (max-width: 200px) 100vw, 200px\" \/><\/h2>\n<p>S\u00ec, su LottoMat puoi <strong>acquistare biglietti della lotteria per un massimo di 8 estrazioni consecutive in anticipo<\/strong>. Questa funzione multi-estrazione assicura che non perderai mai un&#8217;estrazione e pu\u00f2 essere particolarmente conveniente per i giocatori regolari che preferiscono pianificare in anticipo. I tuoi numeri selezionati parteciperanno automaticamente a ogni estrazione programmata, e sarai notificato dei risultati per ogni estrazione. Questa opzione \u00e8 perfetta per i giocatori che vogliono mantenere una partecipazione costante senza dover ricordarsi di acquistare biglietti per ogni singola estrazione.<\/p>\n<h2>Come Giocare a Eurojackpot Online: Cosa Fare per Vincere?<\/h2>\n<p>Per partecipare alle estrazioni, devi <strong>selezionare 5 numeri dall&#8217;intervallo da 1 a 50 pi\u00f9 2 extra, o i numeri bonus, dall&#8217;intervallo da 1 a 12<\/strong>. Per una selezione di numeri completamente casuale, puoi usare l&#8217;opzione casuale disponibile sulla piattaforma. <strong>Vincere il premio principale richiede di selezionare correttamente tutti e 7 i numeri<\/strong>.<\/p>\n<p>Quando si tratta di vincite, non c&#8217;\u00e8 una risposta unica alla domanda &#8220;come giocare a Eurojackpot per vincere&#8221;. Ogni giocatore ha i suoi metodi, alcune persone acquistano un sacco di biglietti, altri consultano i <a href=\"https:\/\/lottomat.com\/it\/risultati\/\">risultati delle estrazioni della lotteria attuali e archiviati<\/a>, annotano quali numeri vengono estratti pi\u00f9 spesso e creano le proprie strategie per i giochi futuri, e poi ci sono quelli che semplicemente giocano.<\/p>\n<p>Nel tuo gioco, puoi usare i cosiddetti <strong>numeri caldi (pi\u00f9 estratti) o freddi (meno estratti)<\/strong> sul tuo biglietto, puoi controllarli sul sito web di LottoMat che ha preparato un piccolo foglio illustrativo disponibile per ogni giocatore. Quando compili il biglietto Eurojackpot, assicurati di <strong>usare diverse combinazioni di numeri e di sfruttare l&#8217;intero intervallo disponibile<\/strong>.<\/p>\n<h2>Quali Sono i Migliori Consigli per Giocare a Eurojackpot Online?<\/h2>\n<p>Per massimizzare le tue possibilit\u00e0 nella lotteria Eurojackpot online, considera di <strong>diversificare la tua selezione di numeri su tutto l&#8217;intervallo<\/strong> piuttosto che raggrupparli in un&#8217;area. Molti giocatori esperti raccomandano di <strong>analizzare i dati storici delle estrazioni per identificare schemi<\/strong>, anche se ricorda che ogni estrazione \u00e8 indipendente. Considera di <strong>unirti a pool di lotterie per aumentare il tuo potere d&#8217;acquisto condividendo i costi<\/strong>, e <strong>gioca sempre entro i limiti del tuo budget<\/strong>. Infine, <strong>la coerenza pu\u00f2 essere la chiave \u2013 la partecipazione regolare alle estrazioni pu\u00f2 migliorare le tue probabilit\u00e0 complessive<\/strong> rispetto al gioco sporadico.<\/p>\n<p>Per saperne di pi\u00f9 su questa lotteria &#8211; <a href=\"https:\/\/lottomat.com\/it\/lotteria\/eurojackpot\/\">controlla i premi, le regole e il jackpot di Eurojackpot<\/a> per la prossima estrazione.<\/p>\n<h2><img loading=\"lazy\" decoding=\"async\" class=\"alignleft wp-image-257624\" src=\"https:\/\/lottomat.com\/wp-content\/uploads\/2025\/11\/play-Eurojackpot.webp\" alt=\"gioca a Eurojackpot\" width=\"200\" height=\"200\" srcset=\"https:\/\/lottomat.com\/wp-content\/uploads\/2025\/11\/play-Eurojackpot.webp 400w, https:\/\/lottomat.com\/wp-content\/uploads\/2025\/11\/play-Eurojackpot-300x300.webp 300w, https:\/\/lottomat.com\/wp-content\/uploads\/2025\/11\/play-Eurojackpot-150x150.webp 150w, https:\/\/lottomat.com\/wp-content\/uploads\/2025\/11\/play-Eurojackpot-100x100.webp 100w\" sizes=\"auto, (max-width: 200px) 100vw, 200px\" \/>Chi Pu\u00f2 Giocare a Eurojackpot Online?<\/h2>\n<p>Tra i paesi che partecipano alla lotteria Eurojackpot ci sono ben <strong>18 stati (Croazia, Repubblica Ceca, Danimarca, Estonia, Finlandia, Germania, Ungheria, Islanda, Italia, Lettonia, Lituania, Paesi Bassi, Norvegia, Polonia, Slovacchia, Slovenia, Spagna e Svezia)<\/strong>. Elencarli tutti \u00e8 importante per le regole di Eurojackpot, poich\u00e9 in conformit\u00e0 con i termini di utilizzo della lotteria, <strong>anche persone con altra cittadinanza possono partecipare alle estrazioni, purch\u00e9 il biglietto sia stato acquistato in uno dei paesi sopra elencati<\/strong>. La lotteria Eurojackpot \u00e8 principalmente disponibile online.<\/p>\n<p>Il sito web di LottoMat ti permette di acquistare biglietti Eurojackpot su Internet. \u00c8 molto facile, tutto ci\u00f2 che serve sono letteralmente pochi clic, e dopo l&#8217;acquisto si possono <a href=\"https:\/\/lottomat.com\/it\/risultati\/eurojackpot\/\">controllare rapidamente e comodamente i risultati attuali delle estrazioni di Eurojackpot<\/a> sul sito web.<\/p>\n<h2>Cosa Rende Eurojackpot Diverso da Altri Giochi di Numeri?<\/h2>\n<p>La maggior parte dei giochi d&#8217;azzardo \u00e8 stata progettata in un modo che rende le vincite molto alte disponibili solo a un numero piuttosto limitato di giocatori. <strong>Eurojackpot \u00e8 stato creato pensando a un numero molto pi\u00f9 grande di vincitori, e le vincite ammontano a migliaia e milioni di euro<\/strong>. In poche parole, \u00e8 un&#8217;estrazione progettata in un modo che <strong>d\u00e0 ai giocatori maggiori possibilit\u00e0 di vincere alla lotteria<\/strong>. E anche se la lotteria EuroMillions, per esempio, permette di vincere di pi\u00f9, <strong>Eurojackpot offre possibilit\u00e0 molto maggiori di vincere<\/strong> in un&#8217;estrazione e ottenere vincite impressionanti.<\/p>\n<p>Vale la pena notare che in Eurojackpot ci sono <strong>il doppio delle vincite rispetto ad altri giochi d&#8217;azzardo<\/strong>, il che rende le vincite alte quasi a portata di mano. \u00c8 questo attributo del gioco che ha elevato Eurojackpot a piani pi\u00f9 alti di popolarit\u00e0 in Europa.<\/p>\n<p><strong>Un numero maggiore di vincitori significa anche maggiori possibilit\u00e0 per te<\/strong>.<\/p>\n<h2>Vale la Pena Giocare a Eurojackpot Online?<img loading=\"lazy\" decoding=\"async\" class=\"alignright wp-image-257654\" src=\"https:\/\/lottomat.com\/wp-content\/uploads\/2025\/11\/buy-tickets-online.webp\" alt=\"acquista biglietti online\" width=\"200\" height=\"200\" srcset=\"https:\/\/lottomat.com\/wp-content\/uploads\/2025\/11\/buy-tickets-online.webp 400w, https:\/\/lottomat.com\/wp-content\/uploads\/2025\/11\/buy-tickets-online-300x300.webp 300w, https:\/\/lottomat.com\/wp-content\/uploads\/2025\/11\/buy-tickets-online-150x150.webp 150w, https:\/\/lottomat.com\/wp-content\/uploads\/2025\/11\/buy-tickets-online-100x100.webp 100w\" sizes=\"auto, (max-width: 200px) 100vw, 200px\" \/><\/h2>\n<p>La domanda che probabilmente ti farai \u00e8 se ne valga effettivamente la pena? Molte persone si pongono la stessa domanda quando stanno per acquistare un biglietto. Come con qualsiasi lotteria, \u00e8 un rischio che corri ogni volta che acquisti, ma <strong>i risultati potrebbero cambiare la tua vita<\/strong>. Pensa a cosa potresti fare se vincessi il jackpot, o anche un premio pi\u00f9 piccolo. A volte, vale la pena correre un rischio per la possibilit\u00e0 di qualcosa di meglio.<\/p>\n<p>Il fatto \u00e8 che <strong>Eurojackpot ha probabilit\u00e0 complessive molto pi\u00f9 alte del suo principale concorrente, EuroMillions<\/strong>. Hai <strong>molte pi\u00f9 probabilit\u00e0 di vincere il grande premio da questa lotteria rispetto alla sua controparte pi\u00f9 popolare<\/strong>. Pertanto, stai spendendo lo stesso denaro per avere una possibilit\u00e0 maggiore di vincere. L&#8217;unico svantaggio \u00e8 che potresti non vincere, ma l&#8217;anticipazione \u00e8 spesso met\u00e0 del divertimento.<\/p>\n<p>Perdere non \u00e8 mai divertente, specialmente quando sogni cosa potresti essere in grado di fare quando vinci i soldi. Tuttavia, l&#8217;euforia se e quando vinci vale tutto il dolore passato. Quindi, cosa stai aspettando? Perch\u00e9 non creare il tuo primo account sul <a href=\"https:\/\/lottomat.com\/it\/\">sito web di LottoMat<\/a> e vedere di cosa si tratta Eurojackpot? Sar\u00e0 sicuramente un&#8217;esperienza divertente ed emozionante.<\/p>\n<h2>Dove Dovresti Acquistare il Tuo Biglietto Eurojackpot: Online o Offline?<\/h2>\n<p>Quando acquisti biglietti della lotteria Eurojackpot, puoi scegliere tra piattaforme online come LottoMat o punti vendita fisici. <strong>Entrambi i metodi offrono lo stesso potenziale di vincita<\/strong> ma differiscono in convenienza ed esperienza utente.<\/p>\n<h3>L&#8217;Esperienza Tradizionale in Negozio<\/h3>\n<p>Acquistare biglietti in negozio comporta la compilazione dei numeri a mano o la richiesta di un&#8217;estrazione fortunata al banco. Mentre alcuni giocatori apprezzano l&#8217;aspetto sociale e si fidano degli acquisti fisici, <strong>sia i biglietti online che offline hanno le stesse possibilit\u00e0 di vincere il jackpot<\/strong>. Il luogo di acquisto non influisce sulle tue probabilit\u00e0 di vincita.<\/p>\n<h3><img loading=\"lazy\" decoding=\"async\" class=\"alignleft wp-image-257684\" src=\"https:\/\/lottomat.com\/wp-content\/uploads\/2025\/11\/play-online.webp\" alt=\"gioca online\" width=\"200\" height=\"200\" srcset=\"https:\/\/lottomat.com\/wp-content\/uploads\/2025\/11\/play-online.webp 400w, https:\/\/lottomat.com\/wp-content\/uploads\/2025\/11\/play-online-300x300.webp 300w, https:\/\/lottomat.com\/wp-content\/uploads\/2025\/11\/play-online-150x150.webp 150w, https:\/\/lottomat.com\/wp-content\/uploads\/2025\/11\/play-online-100x100.webp 100w\" sizes=\"auto, (max-width: 200px) 100vw, 200px\" \/>La Convenienza dei Biglietti della Lotteria Online<\/h3>\n<p><strong>Gli acquisti di biglietti online eliminano l&#8217;attesa in coda e fanno risparmiare tempo<\/strong>. Crea semplicemente un account, scegli i tuoi numeri o usa l&#8217;estrazione fortunata, seleziona il metodo di pagamento e hai finito. Riceverai notifiche via email sui risultati.<\/p>\n<p><strong>Il grande vantaggio dei biglietti online \u00e8 che vengono archiviati digitalmente, quindi non puoi perderli<\/strong>. Questo elimina lo stress dei biglietti smarriti ed \u00e8 rispettoso dell&#8217;ambiente riducendo gli sprechi di carta.<\/p>\n<p>Sei pronto a unirti al divertimento? Scegli i tuoi numeri e gioca a Eurojackpot online ora!<\/p>\n","protected":false},"excerpt":{"rendered":"<p>Cos&#8217;\u00e8 Eurojackpot? Eurojackpot online \u00e8 una lotteria internazionale che \u00e8 stata creata in Europa ed era inizialmente popolare solo nella nostra parte dell&#8217;emisfero. Si potrebbe dire che \u00e8 semplicemente una sorta di versione europea del lotto. Eurojackpot \u00e8 una lotteria abbastanza giovane, \u00e8 stata creata nel marzo 2012 e da allora gode di una popolarit\u00e0 [&hellip;]<\/p>\n","protected":false},"author":1,"featured_media":0,"parent":6776,"menu_order":4,"comment_status":"closed","ping_status":"closed","template":"eurojackpot.php","meta":{"_et_pb_use_builder":"","_et_pb_old_content":"","_et_gb_content_width":"","exclude_from_search":false,"footnotes":""},"class_list":["post-8903","page","type-page","status-publish","hentry"],"yoast_head":"<!-- This site is optimized with the Yoast SEO plugin v23.8 - https:\/\/yoast.com\/wordpress\/plugins\/seo\/ -->\n<title>Eurojackpot Online - Biglietti Eurojackpot - LottoMat<\/title>\n<meta name=\"description\" content=\"Gioca a Eurojackpot online e vinci alla grande su Lottomat! Seleziona i tuoi numeri e acquista biglietti Eurojackpot online in qualsiasi momento! Unisciti al divertimento oggi!\" \/>\n<meta name=\"robots\" content=\"index, follow, max-snippet:-1, max-image-preview:large, max-video-preview:-1\" \/>\n<link rel=\"canonical\" href=\"https:\/\/lottomat.com\/it\/gioca\/eurojackpot\/\" \/>\n<meta property=\"og:locale\" content=\"it_IT\" \/>\n<meta property=\"og:type\" content=\"article\" \/>\n<meta property=\"og:title\" content=\"Eurojackpot Online - Biglietti Eurojackpot - LottoMat\" \/>\n<meta property=\"og:description\" content=\"Gioca a Eurojackpot online e vinci alla grande su Lottomat! Seleziona i tuoi numeri e acquista biglietti Eurojackpot online in qualsiasi momento! Unisciti al divertimento oggi!\" \/>\n<meta property=\"og:url\" content=\"https:\/\/lottomat.com\/it\/gioca\/eurojackpot\/\" \/>\n<meta property=\"og:site_name\" content=\"Lottomat\" \/>\n<meta property=\"article:modified_time\" content=\"2026-01-16T15:51:19+00:00\" \/>\n<meta property=\"og:image\" content=\"https:\/\/lottomat.com\/wp-content\/uploads\/2025\/11\/Eurojackpot-online.webp\" \/>\n<meta name=\"twitter:card\" content=\"summary_large_image\" \/>\n<meta name=\"twitter:label1\" content=\"Tempo di lettura stimato\" \/>\n\t<meta name=\"twitter:data1\" content=\"15 minuti\" \/>\n<script type=\"application\/ld+json\" class=\"yoast-schema-graph\">{\"@context\":\"https:\/\/schema.org\",\"@graph\":[{\"@type\":\"WebPage\",\"@id\":\"https:\/\/lottomat.com\/it\/gioca\/eurojackpot\/\",\"url\":\"https:\/\/lottomat.com\/it\/gioca\/eurojackpot\/\",\"name\":\"Eurojackpot Online - Biglietti Eurojackpot - LottoMat\",\"isPartOf\":{\"@id\":\"https:\/\/lottomat.com\/it\/#website\"},\"primaryImageOfPage\":{\"@id\":\"https:\/\/lottomat.com\/it\/gioca\/eurojackpot\/#primaryimage\"},\"image\":{\"@id\":\"https:\/\/lottomat.com\/it\/gioca\/eurojackpot\/#primaryimage\"},\"thumbnailUrl\":\"https:\/\/lottomat.com\/wp-content\/uploads\/2025\/11\/Eurojackpot-online.webp\",\"datePublished\":\"2025-03-26T08:02:36+00:00\",\"dateModified\":\"2026-01-16T15:51:19+00:00\",\"description\":\"Gioca a Eurojackpot online e vinci alla grande su Lottomat! Seleziona i tuoi numeri e acquista biglietti Eurojackpot online in qualsiasi momento! Unisciti al divertimento oggi!\",\"breadcrumb\":{\"@id\":\"https:\/\/lottomat.com\/it\/gioca\/eurojackpot\/#breadcrumb\"},\"inLanguage\":\"it-IT\",\"potentialAction\":[{\"@type\":\"ReadAction\",\"target\":[\"https:\/\/lottomat.com\/it\/gioca\/eurojackpot\/\"]}]},{\"@type\":\"ImageObject\",\"inLanguage\":\"it-IT\",\"@id\":\"https:\/\/lottomat.com\/it\/gioca\/eurojackpot\/#primaryimage\",\"url\":\"https:\/\/lottomat.com\/wp-content\/uploads\/2025\/11\/Eurojackpot-online.webp\",\"contentUrl\":\"https:\/\/lottomat.com\/wp-content\/uploads\/2025\/11\/Eurojackpot-online.webp\"},{\"@type\":\"BreadcrumbList\",\"@id\":\"https:\/\/lottomat.com\/it\/gioca\/eurojackpot\/#breadcrumb\",\"itemListElement\":[{\"@type\":\"ListItem\",\"position\":1,\"name\":\"Home\",\"item\":\"https:\/\/lottomat.com\/it\/\"},{\"@type\":\"ListItem\",\"position\":2,\"name\":\"Gioca alla Lotteria Online\",\"item\":\"https:\/\/lottomat.com\/it\/gioca\/\"},{\"@type\":\"ListItem\",\"position\":3,\"name\":\"Gioca a Eurojackpot online\"}]},{\"@type\":\"WebSite\",\"@id\":\"https:\/\/lottomat.com\/it\/#website\",\"url\":\"https:\/\/lottomat.com\/it\/\",\"name\":\"Lottomat\",\"description\":\"\",\"potentialAction\":[{\"@type\":\"SearchAction\",\"target\":{\"@type\":\"EntryPoint\",\"urlTemplate\":\"https:\/\/lottomat.com\/it\/?s={search_term_string}\"},\"query-input\":{\"@type\":\"PropertyValueSpecification\",\"valueRequired\":true,\"valueName\":\"search_term_string\"}}],\"inLanguage\":\"it-IT\"}]}<\/script>\n<!-- \/ Yoast SEO plugin. -->","yoast_head_json":{"title":"Eurojackpot Online - Biglietti Eurojackpot - LottoMat","description":"Gioca a Eurojackpot online e vinci alla grande su Lottomat! Seleziona i tuoi numeri e acquista biglietti Eurojackpot online in qualsiasi momento! Unisciti al divertimento oggi!","robots":{"index":"index","follow":"follow","max-snippet":"max-snippet:-1","max-image-preview":"max-image-preview:large","max-video-preview":"max-video-preview:-1"},"canonical":"https:\/\/lottomat.com\/it\/gioca\/eurojackpot\/","og_locale":"it_IT","og_type":"article","og_title":"Eurojackpot Online - Biglietti Eurojackpot - LottoMat","og_description":"Gioca a Eurojackpot online e vinci alla grande su Lottomat! Seleziona i tuoi numeri e acquista biglietti Eurojackpot online in qualsiasi momento! Unisciti al divertimento oggi!","og_url":"https:\/\/lottomat.com\/it\/gioca\/eurojackpot\/","og_site_name":"Lottomat","article_modified_time":"2026-01-16T15:51:19+00:00","og_image":[{"url":"https:\/\/lottomat.com\/wp-content\/uploads\/2025\/11\/Eurojackpot-online.webp"}],"twitter_card":"summary_large_image","twitter_misc":{"Tempo di lettura stimato":"15 minuti"},"schema":{"@context":"https:\/\/schema.org","@graph":[{"@type":"WebPage","@id":"https:\/\/lottomat.com\/it\/gioca\/eurojackpot\/","url":"https:\/\/lottomat.com\/it\/gioca\/eurojackpot\/","name":"Eurojackpot Online - Biglietti Eurojackpot - LottoMat","isPartOf":{"@id":"https:\/\/lottomat.com\/it\/#website"},"primaryImageOfPage":{"@id":"https:\/\/lottomat.com\/it\/gioca\/eurojackpot\/#primaryimage"},"image":{"@id":"https:\/\/lottomat.com\/it\/gioca\/eurojackpot\/#primaryimage"},"thumbnailUrl":"https:\/\/lottomat.com\/wp-content\/uploads\/2025\/11\/Eurojackpot-online.webp","datePublished":"2025-03-26T08:02:36+00:00","dateModified":"2026-01-16T15:51:19+00:00","description":"Gioca a Eurojackpot online e vinci alla grande su Lottomat! Seleziona i tuoi numeri e acquista biglietti Eurojackpot online in qualsiasi momento! Unisciti al divertimento oggi!","breadcrumb":{"@id":"https:\/\/lottomat.com\/it\/gioca\/eurojackpot\/#breadcrumb"},"inLanguage":"it-IT","potentialAction":[{"@type":"ReadAction","target":["https:\/\/lottomat.com\/it\/gioca\/eurojackpot\/"]}]},{"@type":"ImageObject","inLanguage":"it-IT","@id":"https:\/\/lottomat.com\/it\/gioca\/eurojackpot\/#primaryimage","url":"https:\/\/lottomat.com\/wp-content\/uploads\/2025\/11\/Eurojackpot-online.webp","contentUrl":"https:\/\/lottomat.com\/wp-content\/uploads\/2025\/11\/Eurojackpot-online.webp"},{"@type":"BreadcrumbList","@id":"https:\/\/lottomat.com\/it\/gioca\/eurojackpot\/#breadcrumb","itemListElement":[{"@type":"ListItem","position":1,"name":"Home","item":"https:\/\/lottomat.com\/it\/"},{"@type":"ListItem","position":2,"name":"Gioca alla Lotteria Online","item":"https:\/\/lottomat.com\/it\/gioca\/"},{"@type":"ListItem","position":3,"name":"Gioca a Eurojackpot online"}]},{"@type":"WebSite","@id":"https:\/\/lottomat.com\/it\/#website","url":"https:\/\/lottomat.com\/it\/","name":"Lottomat","description":"","potentialAction":[{"@type":"SearchAction","target":{"@type":"EntryPoint","urlTemplate":"https:\/\/lottomat.com\/it\/?s={search_term_string}"},"query-input":{"@type":"PropertyValueSpecification","valueRequired":true,"valueName":"search_term_string"}}],"inLanguage":"it-IT"}]}},"_links":{"self":[{"href":"https:\/\/lottomat.com\/it\/wp-json\/wp\/v2\/pages\/8903","targetHints":{"allow":["GET"]}}],"collection":[{"href":"https:\/\/lottomat.com\/it\/wp-json\/wp\/v2\/pages"}],"about":[{"href":"https:\/\/lottomat.com\/it\/wp-json\/wp\/v2\/types\/page"}],"author":[{"embeddable":true,"href":"https:\/\/lottomat.com\/it\/wp-json\/wp\/v2\/users\/1"}],"replies":[{"embeddable":true,"href":"https:\/\/lottomat.com\/it\/wp-json\/wp\/v2\/comments?post=8903"}],"version-history":[{"count":1,"href":"https:\/\/lottomat.com\/it\/wp-json\/wp\/v2\/pages\/8903\/revisions"}],"predecessor-version":[{"id":268748,"href":"https:\/\/lottomat.com\/it\/wp-json\/wp\/v2\/pages\/8903\/revisions\/268748"}],"up":[{"embeddable":true,"href":"https:\/\/lottomat.com\/it\/wp-json\/wp\/v2\/pages\/6776"}],"wp:attachment":[{"href":"https:\/\/lottomat.com\/it\/wp-json\/wp\/v2\/media?parent=8903"}],"curies":[{"name":"wp","href":"https:\/\/api.w.org\/{rel}","templated":true}]}}