{"id":8614,"date":"2025-03-26T07:54:05","date_gmt":"2025-03-26T07:54:05","guid":{"rendered":"https:\/\/lottomat.net\/giocare-alla-lotteria\/gioca-a-mega-millions-online\/"},"modified":"2026-04-03T18:21:01","modified_gmt":"2026-04-03T18:21:01","slug":"mega-millions","status":"publish","type":"page","link":"https:\/\/lottomat.com\/it\/gioca\/mega-millions\/","title":{"rendered":"Gioca a Mega Millions online \u2013 Biglietti Mega Millions"},"content":{"rendered":"\n\n<div class=\"kk-star-ratings kksr-auto kksr-align-left kksr-valign-top\"\n    data-payload='{&quot;align&quot;:&quot;left&quot;,&quot;id&quot;:&quot;8614&quot;,&quot;slug&quot;:&quot;default&quot;,&quot;valign&quot;:&quot;top&quot;,&quot;ignore&quot;:&quot;&quot;,&quot;reference&quot;:&quot;auto&quot;,&quot;class&quot;:&quot;&quot;,&quot;count&quot;:&quot;0&quot;,&quot;legendonly&quot;:&quot;&quot;,&quot;readonly&quot;:&quot;&quot;,&quot;score&quot;:&quot;0&quot;,&quot;starsonly&quot;:&quot;&quot;,&quot;best&quot;:&quot;5&quot;,&quot;gap&quot;:&quot;5&quot;,&quot;greet&quot;:&quot;Rate this page&quot;,&quot;legend&quot;:&quot;0\\\/5 - (0 votes)&quot;,&quot;size&quot;:&quot;30&quot;,&quot;title&quot;:&quot;Gioca a Mega Millions online \u2013 Biglietti Mega Millions&quot;,&quot;width&quot;:&quot;0&quot;,&quot;_legend&quot;:&quot;{score}\\\/{best} - ({count} {votes})&quot;,&quot;font_factor&quot;:&quot;1.25&quot;}'>\n            \n<div class=\"kksr-stars\">\n    \n<div class=\"kksr-stars-inactive\">\n            <div class=\"kksr-star\" data-star=\"1\" style=\"padding-right: 5px\">\n            \n\n<div class=\"kksr-icon\" style=\"width: 30px; height: 30px;\"><\/div>\n        <\/div>\n            <div class=\"kksr-star\" data-star=\"2\" style=\"padding-right: 5px\">\n            \n\n<div class=\"kksr-icon\" style=\"width: 30px; height: 30px;\"><\/div>\n        <\/div>\n            <div class=\"kksr-star\" data-star=\"3\" style=\"padding-right: 5px\">\n            \n\n<div class=\"kksr-icon\" style=\"width: 30px; height: 30px;\"><\/div>\n        <\/div>\n            <div class=\"kksr-star\" data-star=\"4\" style=\"padding-right: 5px\">\n            \n\n<div class=\"kksr-icon\" style=\"width: 30px; height: 30px;\"><\/div>\n        <\/div>\n            <div class=\"kksr-star\" data-star=\"5\" style=\"padding-right: 5px\">\n            \n\n<div class=\"kksr-icon\" style=\"width: 30px; height: 30px;\"><\/div>\n        <\/div>\n    <\/div>\n    \n<div class=\"kksr-stars-active\" style=\"width: 0px;\">\n            <div class=\"kksr-star\" style=\"padding-right: 5px\">\n            \n\n<div class=\"kksr-icon\" style=\"width: 30px; height: 30px;\"><\/div>\n        <\/div>\n            <div class=\"kksr-star\" style=\"padding-right: 5px\">\n            \n\n<div class=\"kksr-icon\" style=\"width: 30px; height: 30px;\"><\/div>\n        <\/div>\n            <div class=\"kksr-star\" style=\"padding-right: 5px\">\n            \n\n<div class=\"kksr-icon\" style=\"width: 30px; height: 30px;\"><\/div>\n        <\/div>\n            <div class=\"kksr-star\" style=\"padding-right: 5px\">\n            \n\n<div class=\"kksr-icon\" style=\"width: 30px; height: 30px;\"><\/div>\n        <\/div>\n            <div class=\"kksr-star\" style=\"padding-right: 5px\">\n            \n\n<div class=\"kksr-icon\" style=\"width: 30px; height: 30px;\"><\/div>\n        <\/div>\n    <\/div>\n<\/div>\n                \n\n<div class=\"kksr-legend\" style=\"font-size: 24px;\">\n            <span class=\"kksr-muted\">Rate this page<\/span>\n    <\/div>\n    <\/div>\n<h2>Come Funziona la Lotteria Mega Millions?<\/h2>\n<p>La lotteria Mega Millions online \u00e8 un gioco di numeri semplice con regole facili da ricordare. Il compito di ogni giocatore \u00e8 selezionare cinque numeri principali nell&#8217;intervallo da 1 a 70 e scegliere il Mega Ball, che \u00e8 un numero bonus unico nell&#8217;intervallo da 1 a 24. Il premio principale \u00e8 destinato al vincitore il cui biglietto contiene tutti e sei i numeri estratti, che consistono in cinque numeri principali e un numero bonus. Vale la pena notare che <strong>Mega Millions \u00e8 una lotteria che ha ben nove livelli di premio<\/strong> sui quali ogni giocatore pu\u00f2 ricevere un premio in denaro. Ancora pi\u00f9 importante, un biglietto Mega Millions con solo il Mega Ball selezionato correttamente vince comunque. Come abbiamo descritto sopra, Mega Millions \u00e8 una lotteria che offre davvero grandi possibilit\u00e0 di vincere milioni di dollari. Leggi <a href=\"https:\/\/lottomat.com\/it\/lotteria\/mega-millions\/\">di pi\u00f9 sulle regole di Mega Millions<\/a> sul nostro sito web e scopri di pi\u00f9.<\/p>\n<h2><img loading=\"lazy\" decoding=\"async\" class=\"alignleft wp-image-251833\" src=\"https:\/\/lottomat.com\/wp-content\/uploads\/2025\/10\/play-Mega-Millions.webp\" alt=\"gioca a Mega Millions\" width=\"200\" height=\"200\" srcset=\"https:\/\/lottomat.com\/wp-content\/uploads\/2025\/10\/play-Mega-Millions.webp 400w, https:\/\/lottomat.com\/wp-content\/uploads\/2025\/10\/play-Mega-Millions-300x300.webp 300w, https:\/\/lottomat.com\/wp-content\/uploads\/2025\/10\/play-Mega-Millions-150x150.webp 150w, https:\/\/lottomat.com\/wp-content\/uploads\/2025\/10\/play-Mega-Millions-100x100.webp 100w\" sizes=\"auto, (max-width: 200px) 100vw, 200px\" \/>Quanto Puoi Vincere Grazie a Mega Millions Online?<\/h2>\n<p>Scegliere correttamente tutti i numeri che vengono estratti garantisce la vincita del premio principale o una quota di esso se c&#8217;\u00e8 pi\u00f9 di un vincitore. Se pi\u00f9 giocatori selezionano tutti i numeri estratti della lotteria, allora il premio principale in denaro viene diviso proporzionalmente tra tutti i concorrenti. Se centri cinque numeri principali ma non riesci a centrare il Mega Ball, ricevi un <strong>premio garantito di $1.000.000<\/strong> (esatto, non stai vedendo cose strane; stiamo parlando di un milione di dollari per cinque numeri indovinati correttamente!). Mega Millions \u00e8 una lotteria con jackpot frequenti che possono crescere fino a somme di denaro inimmaginabili, quindi i biglietti vincenti di questa lotteria forniscono guadagni molto considerevoli ai vincitori. Mega Millions offre ai giocatori due opzioni interessanti. Purtroppo, quelle opzioni extra, inclusa la possibilit\u00e0 di acquistare un biglietto pi\u00f9 economico solo per il jackpot e di moltiplicare i guadagni dai livelli inferiori del gioco, sono disponibili solo per i cittadini di specifici stati degli USA; tuttavia, il premio principale e i suoi livelli inferiori sono disponibili per tutti gli altri giocatori.<\/p>\n<h2>Qual \u00e8 il Prezzo di un Biglietto della Lotteria Mega Millions Online?<\/h2>\n<p>Per verificare il costo di un singolo biglietto o di una quantit\u00e0 maggiore, utilizza il sito web di LottoMat e usa l&#8217;opzione per selezionare i numeri vincenti. Dopo aver compilato il biglietto, il suo prezzo verr\u00e0 visualizzato sotto i biglietti. <strong>Il calcolatore calcoler\u00e0 automaticamente il valore del pagamento<\/strong> in base al numero di biglietti Mega Millions online selezionati. Il prezzo di un biglietto include il costo del biglietto, cos\u00ec come tutte le commissioni applicabili, ed \u00e8 definitivo. Non devi preoccuparti di nient&#8217;altro; aspetta solo i <a href=\"https:\/\/lottomat.com\/it\/risultati\/mega-millions\/\">risultati dell&#8217;estrazione attuale di Mega Millions<\/a>.<\/p>\n<h2>Come Acquistare un Biglietto Mega Millions Online?<img loading=\"lazy\" decoding=\"async\" class=\"alignright wp-image-251863\" src=\"https:\/\/lottomat.com\/wp-content\/uploads\/2025\/10\/Mega-Millions-tickets.webp\" alt=\"biglietti Mega Millions\" width=\"200\" height=\"200\" srcset=\"https:\/\/lottomat.com\/wp-content\/uploads\/2025\/10\/Mega-Millions-tickets.webp 400w, https:\/\/lottomat.com\/wp-content\/uploads\/2025\/10\/Mega-Millions-tickets-300x300.webp 300w, https:\/\/lottomat.com\/wp-content\/uploads\/2025\/10\/Mega-Millions-tickets-150x150.webp 150w, https:\/\/lottomat.com\/wp-content\/uploads\/2025\/10\/Mega-Millions-tickets-100x100.webp 100w\" sizes=\"auto, (max-width: 200px) 100vw, 200px\" \/><\/h2>\n<p>Nelle estrazioni dei premi di Mega Millions, non \u00e8 obbligatorio vivere negli Stati Uniti, ma <strong>l&#8217;unica opzione \u00e8 acquistare un biglietto Mega Millions online<\/strong>. Gli uffici della lotteria fisici sono disponibili solo negli USA. L&#8217;unica cosa che devi fare \u00e8 compilare un biglietto sul sito web di LottoMat e poi pagarlo (ci sono diversi metodi di pagamento preferiti disponibili). Milioni di dollari sono a portata di mano, senza uscire di casa, 24 ore al giorno, 7 giorni alla settimana. Oggi puoi giocare alla lotteria Mega Millions online comodamente dalla tua sedia. Le lotterie online sono la base principale di questo business al giorno d&#8217;oggi.<\/p>\n<h3>Calendario delle Estrazioni e Risultati<\/h3>\n<p>Il tuo biglietto parteciper\u00e0 alla lotteria americana, e se vinci, il premio verr\u00e0 inviato interamente o a rate, a seconda dell&#8217;opzione che hai scelto. <strong>Le estrazioni si svolgono il mercoled\u00ec e il sabato<\/strong>, e <a href=\"https:\/\/lottomat.com\/it\/risultati\/\">i risultati dell&#8217;estrazione attuale della lotteria<\/a> possono essere consultati sul sito web di LottoMat. Entra nell&#8217;opzione Gioca e vedi quanto \u00e8 facile acquistare un biglietto della lotteria online. Tutto ci\u00f2 di cui hai bisogno per vincere \u00e8 la fortuna!<\/p>\n<h2>Come Giocare alla Lotteria Mega Millions Online?<\/h2>\n<p>Grazie al nostro sito web, non devi andare negli USA per acquistare un biglietto della lotteria Mega Millions. L&#8217;unica cosa che devi fare \u00e8 selezionare cinque numeri principali nell&#8217;intervallo da 1 a 70 e un numero extra Mega Ball nell&#8217;intervallo da 1 a 24. Puoi anche usare l&#8217;opzione casuale, dove i numeri vengono selezionati in modo casuale. Per vincere il premio principale, devi scegliere correttamente tutti i numeri che appaiono. Meno numeri centri, minori saranno le tue vincite. <strong>Seleziona cinque numeri principali nell&#8217;intervallo da 1 a 70 e un numero unico chiamato Mega Ball da 1 a 24.<\/strong> Scegli i tuoi numeri e gioca per milioni oggi!<\/p>\n<h2><img loading=\"lazy\" decoding=\"async\" class=\"alignleft wp-image-251893\" src=\"https:\/\/lottomat.com\/wp-content\/uploads\/2025\/10\/buy-Mega-Millions-tickets.webp\" alt=\"acquista biglietti Mega Millions\" width=\"200\" height=\"200\" srcset=\"https:\/\/lottomat.com\/wp-content\/uploads\/2025\/10\/buy-Mega-Millions-tickets.webp 400w, https:\/\/lottomat.com\/wp-content\/uploads\/2025\/10\/buy-Mega-Millions-tickets-300x300.webp 300w, https:\/\/lottomat.com\/wp-content\/uploads\/2025\/10\/buy-Mega-Millions-tickets-150x150.webp 150w, https:\/\/lottomat.com\/wp-content\/uploads\/2025\/10\/buy-Mega-Millions-tickets-100x100.webp 100w\" sizes=\"auto, (max-width: 200px) 100vw, 200px\" \/>Quali Sono i Migliori Consigli per Giocare a Mega Millions Online e Vincere?<\/h2>\n<p>Giocare in modo intelligente \u00e8 la chiave per massimizzare la tua esperienza con la lotteria gestendo efficacemente il tuo budget. Ecco alcune strategie comprovate che possono migliorare le tue possibilit\u00e0 di vincita.<\/p>\n<h3>Strategia di Gioco di Gruppo<\/h3>\n<p>Cosa si pu\u00f2 fare per evitare di spendere una fortuna nel gioco pur essendo in grado di partecipare alla lotteria con un numero significativo di biglietti? \u00c8 semplice \u2013 <strong>gioca solo quando c&#8217;\u00e8 un accumulo e invita i tuoi amici o familiari a giocare<\/strong>. \u00c8 il modo migliore per vincere, dividendo il costo dei biglietti Mega Millions tra i partecipanti al gioco familiare. Ricorda che le possibilit\u00e0 di vincere un premio aumentano con il numero di biglietti che acquisti.<\/p>\n<h3>Metodi di Selezione dei Numeri<\/h3>\n<p>Il modo in cui scegli i numeri dipende solo da te. Puoi usare l&#8217;opzione casuale per riempire il biglietto Mega Millions con numeri casuali o usare i tuoi numeri fortunati. Se vuoi, puoi anche rivedere i risultati delle precedenti estrazioni della lotteria per identificare i numeri estratti pi\u00f9 e meno frequentemente in Mega Millions e sviluppare la tua strategia per i giochi di numeri. Tu <a href=\"https:\/\/lottomat.com\/it\/gioca\/\">acquisti un biglietto della lotteria<\/a>, e noi ti auguriamo buona fortuna!<\/p>\n<h2>Puoi Acquistare Pi\u00f9 Biglietti Mega Millions Online?<\/h2>\n<p>S\u00ec, approfitta dell&#8217;<strong>opzione &#8220;Pi\u00f9 linee&#8221; e seleziona tutte le linee di cui hai bisogno<\/strong>. Questa funzione ti permette di aumentare le tue possibilit\u00e0 di vincita acquistando pi\u00f9 biglietti in una singola transazione. Pi\u00f9 linee giochi, migliori sono le tue probabilit\u00e0 di centrare la combinazione vincente.<\/p>\n<h2>Puoi Acquistare Biglietti Mega Millions Online per Pi\u00f9 Estrazioni?<img loading=\"lazy\" decoding=\"async\" class=\"alignright wp-image-251923\" src=\"https:\/\/lottomat.com\/wp-content\/uploads\/2025\/10\/Mega-Millions-online.webp\" alt=\"Mega Millions online\" width=\"200\" height=\"200\" srcset=\"https:\/\/lottomat.com\/wp-content\/uploads\/2025\/10\/Mega-Millions-online.webp 400w, https:\/\/lottomat.com\/wp-content\/uploads\/2025\/10\/Mega-Millions-online-300x300.webp 300w, https:\/\/lottomat.com\/wp-content\/uploads\/2025\/10\/Mega-Millions-online-150x150.webp 150w, https:\/\/lottomat.com\/wp-content\/uploads\/2025\/10\/Mega-Millions-online-100x100.webp 100w\" sizes=\"auto, (max-width: 200px) 100vw, 200px\" \/><\/h2>\n<p>S\u00ec, su LottoMat puoi <strong>acquistare biglietti per un massimo di 8 estrazioni in anticipo<\/strong>. Questa comoda funzione significa che non devi ricordarti di acquistare biglietti per ogni singola estrazione. Puoi impostare i tuoi numeri una volta e lasciarli giocare automaticamente per estrazioni consecutive. Questa opzione di acquisto anticipato \u00e8 perfetta per i giocatori che hanno i loro numeri preferiti e vogliono assicurarsi di non perdere mai un&#8217;estrazione.<\/p>\n<h2>\u00c8 Sicuro Giocare a Mega Millions Online?<\/h2>\n<p>Giocare sul sito web di LottoMat \u00e8 <strong>completamente sicuro e protetto<\/strong>. Scannerizziamo tutti i biglietti e ci prendiamo grande cura dei nostri clienti, garantendo che le tue informazioni personali e finanziarie siano protette con i pi\u00f9 alti standard di sicurezza. La nostra piattaforma utilizza tecnologia di crittografia avanzata per salvaguardare tutte le transazioni e gli acquisti di biglietti. Tuttavia, \u00e8 importante ricordare che <strong>giocare a Mega Millions dovrebbe essere trattato come intrattenimento e divertimento<\/strong>. Non dovresti mai rischiare denaro che non puoi permetterti di perdere. Gioca sempre in modo responsabile e nei limiti delle tue possibilit\u00e0, trattando i biglietti della lotteria come una forma di intrattenimento piuttosto che una strategia di investimento.<\/p>\n","protected":false},"excerpt":{"rendered":"<p>Come Funziona la Lotteria Mega Millions? La lotteria Mega Millions online \u00e8 un gioco di numeri semplice con regole facili da ricordare. Il compito di ogni giocatore \u00e8 selezionare cinque numeri principali nell&#8217;intervallo da 1 a 70 e scegliere il Mega Ball, che \u00e8 un numero bonus unico nell&#8217;intervallo da 1 a 24. Il premio [&hellip;]<\/p>\n","protected":false},"author":1,"featured_media":0,"parent":6776,"menu_order":2,"comment_status":"closed","ping_status":"closed","template":"megamillion.php","meta":{"_et_pb_use_builder":"","_et_pb_old_content":"","_et_gb_content_width":"","exclude_from_search":false,"footnotes":""},"class_list":["post-8614","page","type-page","status-publish","hentry"],"yoast_head":"<!-- This site is optimized with the Yoast SEO plugin v23.8 - https:\/\/yoast.com\/wordpress\/plugins\/seo\/ -->\n<title>Mega Millions online - Biglietti della Lotteria Mega Millions<\/title>\n<meta name=\"description\" content=\"Gioca alla lotteria Mega Millions online su Lottomat e vinci una fortuna! Acquista biglietti Mega Millions online oggi - unisciti al divertimento\" \/>\n<meta name=\"robots\" content=\"index, follow, max-snippet:-1, max-image-preview:large, max-video-preview:-1\" \/>\n<link rel=\"canonical\" href=\"https:\/\/lottomat.com\/it\/gioca\/mega-millions\/\" \/>\n<meta property=\"og:locale\" content=\"it_IT\" \/>\n<meta property=\"og:type\" content=\"article\" \/>\n<meta property=\"og:title\" content=\"Mega Millions online - Biglietti della Lotteria Mega Millions\" \/>\n<meta property=\"og:description\" content=\"Gioca alla lotteria Mega Millions online su Lottomat e vinci una fortuna! Acquista biglietti Mega Millions online oggi - unisciti al divertimento\" \/>\n<meta property=\"og:url\" content=\"https:\/\/lottomat.com\/it\/gioca\/mega-millions\/\" \/>\n<meta property=\"og:site_name\" content=\"Lottomat\" \/>\n<meta property=\"article:modified_time\" content=\"2026-04-03T18:21:01+00:00\" \/>\n<meta property=\"og:image\" content=\"https:\/\/lottomat.com\/wp-content\/uploads\/2025\/10\/play-Mega-Millions.webp\" \/>\n\t<meta property=\"og:image:width\" content=\"400\" \/>\n\t<meta property=\"og:image:height\" content=\"400\" \/>\n\t<meta property=\"og:image:type\" content=\"image\/webp\" \/>\n<meta name=\"twitter:card\" content=\"summary_large_image\" \/>\n<meta name=\"twitter:label1\" content=\"Tempo di lettura stimato\" \/>\n\t<meta name=\"twitter:data1\" content=\"7 minuti\" \/>\n<script type=\"application\/ld+json\" class=\"yoast-schema-graph\">{\"@context\":\"https:\/\/schema.org\",\"@graph\":[{\"@type\":\"WebPage\",\"@id\":\"https:\/\/lottomat.com\/it\/gioca\/mega-millions\/\",\"url\":\"https:\/\/lottomat.com\/it\/gioca\/mega-millions\/\",\"name\":\"Mega Millions online - Biglietti della Lotteria Mega Millions\",\"isPartOf\":{\"@id\":\"https:\/\/lottomat.com\/it\/#website\"},\"primaryImageOfPage\":{\"@id\":\"https:\/\/lottomat.com\/it\/gioca\/mega-millions\/#primaryimage\"},\"image\":{\"@id\":\"https:\/\/lottomat.com\/it\/gioca\/mega-millions\/#primaryimage\"},\"thumbnailUrl\":\"https:\/\/lottomat.com\/wp-content\/uploads\/2025\/10\/play-Mega-Millions.webp\",\"datePublished\":\"2025-03-26T07:54:05+00:00\",\"dateModified\":\"2026-04-03T18:21:01+00:00\",\"description\":\"Gioca alla lotteria Mega Millions online su Lottomat e vinci una fortuna! Acquista biglietti Mega Millions online oggi - unisciti al divertimento\",\"breadcrumb\":{\"@id\":\"https:\/\/lottomat.com\/it\/gioca\/mega-millions\/#breadcrumb\"},\"inLanguage\":\"it-IT\",\"potentialAction\":[{\"@type\":\"ReadAction\",\"target\":[\"https:\/\/lottomat.com\/it\/gioca\/mega-millions\/\"]}]},{\"@type\":\"ImageObject\",\"inLanguage\":\"it-IT\",\"@id\":\"https:\/\/lottomat.com\/it\/gioca\/mega-millions\/#primaryimage\",\"url\":\"https:\/\/lottomat.com\/wp-content\/uploads\/2025\/10\/play-Mega-Millions.webp\",\"contentUrl\":\"https:\/\/lottomat.com\/wp-content\/uploads\/2025\/10\/play-Mega-Millions.webp\"},{\"@type\":\"BreadcrumbList\",\"@id\":\"https:\/\/lottomat.com\/it\/gioca\/mega-millions\/#breadcrumb\",\"itemListElement\":[{\"@type\":\"ListItem\",\"position\":1,\"name\":\"Home\",\"item\":\"https:\/\/lottomat.com\/it\/\"},{\"@type\":\"ListItem\",\"position\":2,\"name\":\"Gioca alla Lotteria Online\",\"item\":\"https:\/\/lottomat.com\/it\/gioca\/\"},{\"@type\":\"ListItem\",\"position\":3,\"name\":\"Gioca a Mega Millions online \u2013 Biglietti Mega Millions\"}]},{\"@type\":\"WebSite\",\"@id\":\"https:\/\/lottomat.com\/it\/#website\",\"url\":\"https:\/\/lottomat.com\/it\/\",\"name\":\"Lottomat\",\"description\":\"\",\"potentialAction\":[{\"@type\":\"SearchAction\",\"target\":{\"@type\":\"EntryPoint\",\"urlTemplate\":\"https:\/\/lottomat.com\/it\/?s={search_term_string}\"},\"query-input\":{\"@type\":\"PropertyValueSpecification\",\"valueRequired\":true,\"valueName\":\"search_term_string\"}}],\"inLanguage\":\"it-IT\"}]}<\/script>\n<!-- \/ Yoast SEO plugin. -->","yoast_head_json":{"title":"Mega Millions online - Biglietti della Lotteria Mega Millions","description":"Gioca alla lotteria Mega Millions online su Lottomat e vinci una fortuna! Acquista biglietti Mega Millions online oggi - unisciti al divertimento","robots":{"index":"index","follow":"follow","max-snippet":"max-snippet:-1","max-image-preview":"max-image-preview:large","max-video-preview":"max-video-preview:-1"},"canonical":"https:\/\/lottomat.com\/it\/gioca\/mega-millions\/","og_locale":"it_IT","og_type":"article","og_title":"Mega Millions online - Biglietti della Lotteria Mega Millions","og_description":"Gioca alla lotteria Mega Millions online su Lottomat e vinci una fortuna! Acquista biglietti Mega Millions online oggi - unisciti al divertimento","og_url":"https:\/\/lottomat.com\/it\/gioca\/mega-millions\/","og_site_name":"Lottomat","article_modified_time":"2026-04-03T18:21:01+00:00","og_image":[{"width":400,"height":400,"url":"https:\/\/lottomat.com\/wp-content\/uploads\/2025\/10\/play-Mega-Millions.webp","type":"image\/webp"}],"twitter_card":"summary_large_image","twitter_misc":{"Tempo di lettura stimato":"7 minuti"},"schema":{"@context":"https:\/\/schema.org","@graph":[{"@type":"WebPage","@id":"https:\/\/lottomat.com\/it\/gioca\/mega-millions\/","url":"https:\/\/lottomat.com\/it\/gioca\/mega-millions\/","name":"Mega Millions online - Biglietti della Lotteria Mega Millions","isPartOf":{"@id":"https:\/\/lottomat.com\/it\/#website"},"primaryImageOfPage":{"@id":"https:\/\/lottomat.com\/it\/gioca\/mega-millions\/#primaryimage"},"image":{"@id":"https:\/\/lottomat.com\/it\/gioca\/mega-millions\/#primaryimage"},"thumbnailUrl":"https:\/\/lottomat.com\/wp-content\/uploads\/2025\/10\/play-Mega-Millions.webp","datePublished":"2025-03-26T07:54:05+00:00","dateModified":"2026-04-03T18:21:01+00:00","description":"Gioca alla lotteria Mega Millions online su Lottomat e vinci una fortuna! Acquista biglietti Mega Millions online oggi - unisciti al divertimento","breadcrumb":{"@id":"https:\/\/lottomat.com\/it\/gioca\/mega-millions\/#breadcrumb"},"inLanguage":"it-IT","potentialAction":[{"@type":"ReadAction","target":["https:\/\/lottomat.com\/it\/gioca\/mega-millions\/"]}]},{"@type":"ImageObject","inLanguage":"it-IT","@id":"https:\/\/lottomat.com\/it\/gioca\/mega-millions\/#primaryimage","url":"https:\/\/lottomat.com\/wp-content\/uploads\/2025\/10\/play-Mega-Millions.webp","contentUrl":"https:\/\/lottomat.com\/wp-content\/uploads\/2025\/10\/play-Mega-Millions.webp"},{"@type":"BreadcrumbList","@id":"https:\/\/lottomat.com\/it\/gioca\/mega-millions\/#breadcrumb","itemListElement":[{"@type":"ListItem","position":1,"name":"Home","item":"https:\/\/lottomat.com\/it\/"},{"@type":"ListItem","position":2,"name":"Gioca alla Lotteria Online","item":"https:\/\/lottomat.com\/it\/gioca\/"},{"@type":"ListItem","position":3,"name":"Gioca a Mega Millions online \u2013 Biglietti Mega Millions"}]},{"@type":"WebSite","@id":"https:\/\/lottomat.com\/it\/#website","url":"https:\/\/lottomat.com\/it\/","name":"Lottomat","description":"","potentialAction":[{"@type":"SearchAction","target":{"@type":"EntryPoint","urlTemplate":"https:\/\/lottomat.com\/it\/?s={search_term_string}"},"query-input":{"@type":"PropertyValueSpecification","valueRequired":true,"valueName":"search_term_string"}}],"inLanguage":"it-IT"}]}},"_links":{"self":[{"href":"https:\/\/lottomat.com\/it\/wp-json\/wp\/v2\/pages\/8614","targetHints":{"allow":["GET"]}}],"collection":[{"href":"https:\/\/lottomat.com\/it\/wp-json\/wp\/v2\/pages"}],"about":[{"href":"https:\/\/lottomat.com\/it\/wp-json\/wp\/v2\/types\/page"}],"author":[{"embeddable":true,"href":"https:\/\/lottomat.com\/it\/wp-json\/wp\/v2\/users\/1"}],"replies":[{"embeddable":true,"href":"https:\/\/lottomat.com\/it\/wp-json\/wp\/v2\/comments?post=8614"}],"version-history":[{"count":4,"href":"https:\/\/lottomat.com\/it\/wp-json\/wp\/v2\/pages\/8614\/revisions"}],"predecessor-version":[{"id":276533,"href":"https:\/\/lottomat.com\/it\/wp-json\/wp\/v2\/pages\/8614\/revisions\/276533"}],"up":[{"embeddable":true,"href":"https:\/\/lottomat.com\/it\/wp-json\/wp\/v2\/pages\/6776"}],"wp:attachment":[{"href":"https:\/\/lottomat.com\/it\/wp-json\/wp\/v2\/media?parent=8614"}],"curies":[{"name":"wp","href":"https:\/\/api.w.org\/{rel}","templated":true}]}}