{"id":8392,"date":"2025-03-26T07:52:23","date_gmt":"2025-03-26T07:52:23","guid":{"rendered":"https:\/\/lottomat.net\/giocare-alla-lotteria\/gioca-a-powerball-online\/"},"modified":"2026-04-03T19:22:57","modified_gmt":"2026-04-03T19:22:57","slug":"powerball","status":"publish","type":"page","link":"https:\/\/lottomat.com\/it\/gioca\/powerball\/","title":{"rendered":"Gioca a Powerball Online &#8211; Biglietti Powerball"},"content":{"rendered":"\n\n<div class=\"kk-star-ratings kksr-auto kksr-align-left kksr-valign-top\"\n    data-payload='{&quot;align&quot;:&quot;left&quot;,&quot;id&quot;:&quot;8392&quot;,&quot;slug&quot;:&quot;default&quot;,&quot;valign&quot;:&quot;top&quot;,&quot;ignore&quot;:&quot;&quot;,&quot;reference&quot;:&quot;auto&quot;,&quot;class&quot;:&quot;&quot;,&quot;count&quot;:&quot;0&quot;,&quot;legendonly&quot;:&quot;&quot;,&quot;readonly&quot;:&quot;&quot;,&quot;score&quot;:&quot;0&quot;,&quot;starsonly&quot;:&quot;&quot;,&quot;best&quot;:&quot;5&quot;,&quot;gap&quot;:&quot;5&quot;,&quot;greet&quot;:&quot;Rate this page&quot;,&quot;legend&quot;:&quot;0\\\/5 - (0 votes)&quot;,&quot;size&quot;:&quot;30&quot;,&quot;title&quot;:&quot;Gioca a Powerball Online - Biglietti Powerball&quot;,&quot;width&quot;:&quot;0&quot;,&quot;_legend&quot;:&quot;{score}\\\/{best} - ({count} {votes})&quot;,&quot;font_factor&quot;:&quot;1.25&quot;}'>\n            \n<div class=\"kksr-stars\">\n    \n<div class=\"kksr-stars-inactive\">\n            <div class=\"kksr-star\" data-star=\"1\" style=\"padding-right: 5px\">\n            \n\n<div class=\"kksr-icon\" style=\"width: 30px; height: 30px;\"><\/div>\n        <\/div>\n            <div class=\"kksr-star\" data-star=\"2\" style=\"padding-right: 5px\">\n            \n\n<div class=\"kksr-icon\" style=\"width: 30px; height: 30px;\"><\/div>\n        <\/div>\n            <div class=\"kksr-star\" data-star=\"3\" style=\"padding-right: 5px\">\n            \n\n<div class=\"kksr-icon\" style=\"width: 30px; height: 30px;\"><\/div>\n        <\/div>\n            <div class=\"kksr-star\" data-star=\"4\" style=\"padding-right: 5px\">\n            \n\n<div class=\"kksr-icon\" style=\"width: 30px; height: 30px;\"><\/div>\n        <\/div>\n            <div class=\"kksr-star\" data-star=\"5\" style=\"padding-right: 5px\">\n            \n\n<div class=\"kksr-icon\" style=\"width: 30px; height: 30px;\"><\/div>\n        <\/div>\n    <\/div>\n    \n<div class=\"kksr-stars-active\" style=\"width: 0px;\">\n            <div class=\"kksr-star\" style=\"padding-right: 5px\">\n            \n\n<div class=\"kksr-icon\" style=\"width: 30px; height: 30px;\"><\/div>\n        <\/div>\n            <div class=\"kksr-star\" style=\"padding-right: 5px\">\n            \n\n<div class=\"kksr-icon\" style=\"width: 30px; height: 30px;\"><\/div>\n        <\/div>\n            <div class=\"kksr-star\" style=\"padding-right: 5px\">\n            \n\n<div class=\"kksr-icon\" style=\"width: 30px; height: 30px;\"><\/div>\n        <\/div>\n            <div class=\"kksr-star\" style=\"padding-right: 5px\">\n            \n\n<div class=\"kksr-icon\" style=\"width: 30px; height: 30px;\"><\/div>\n        <\/div>\n            <div class=\"kksr-star\" style=\"padding-right: 5px\">\n            \n\n<div class=\"kksr-icon\" style=\"width: 30px; height: 30px;\"><\/div>\n        <\/div>\n    <\/div>\n<\/div>\n                \n\n<div class=\"kksr-legend\" style=\"font-size: 24px;\">\n            <span class=\"kksr-muted\">Rate this page<\/span>\n    <\/div>\n    <\/div>\n<h2><img loading=\"lazy\" decoding=\"async\" class=\"alignleft wp-image-252142\" src=\"https:\/\/lottomat.com\/wp-content\/uploads\/2025\/10\/play-Powerball-150x150.webp\" alt=\"gioca a Powerball\" width=\"200\" height=\"200\" srcset=\"https:\/\/lottomat.com\/wp-content\/uploads\/2025\/10\/play-Powerball-150x150.webp 150w, https:\/\/lottomat.com\/wp-content\/uploads\/2025\/10\/play-Powerball-300x300.webp 300w, https:\/\/lottomat.com\/wp-content\/uploads\/2025\/10\/play-Powerball-100x100.webp 100w, https:\/\/lottomat.com\/wp-content\/uploads\/2025\/10\/play-Powerball.webp 400w\" sizes=\"auto, (max-width: 200px) 100vw, 200px\" \/>Cos&#8217;\u00e8 la Lotteria Powerball?<\/h2>\n<p>Cominciamo con le regole della famosa lotteria, che sono molto semplici, e imparerai senza dubbio come giocare a Powerball online velocemente. Il gioco consiste nello scegliere cinque numeri dall&#8217;intervallo da 1 a 69 e 1 extra, chiamato Power Ball, dal gruppo di numeri da 1 a 26. Se tutti i numeri vincenti del lotto vengono selezionati, il giocatore vince il premio principale garantito, ma ricorda che ci sono <strong>9 livelli vincenti<\/strong>. Un premio viene vinto anche da un giocatore che seleziona correttamente solo il Power Ball extra, che \u00e8 il numero bonus. Nella lotteria Powerball online, c&#8217;\u00e8 anche una soluzione interessante per i giocatori. Si chiama <strong>Power Play<\/strong>, ed \u00e8 un&#8217;opzione extra che ti permette di moltiplicare le vincite al di fuori del premio principale. Tuttavia, \u00e8 disponibile solo nel territorio degli Stati Uniti quando si acquista un biglietto di persona presso un ufficio Powerball. Un giocatore che seleziona tutti i numeri del lotto estratti vince il premio principale, ma se non sceglie il numero bonus Powerball corretto, ottiene il premio garantito di <strong>1.000.000 di dollari<\/strong>. In altre parole, qualcuno che centra 5 numeri principali ottiene un milione di dollari. Clicca e leggi <a href=\"https:\/\/lottomat.com\/it\/lotteria\/powerball\/\">di pi\u00f9 sulle regole e i premi di Powerball<\/a> sul nostro sito web. Naturalmente, proprio come in altre <a href=\"https:\/\/lottomat.com\/it\/\">migliori lotterie del mondo<\/a>, c&#8217;\u00e8 un accumulo del lotto in caso di mancanza di un vincitore, il che si traduce in un&#8217;opportunit\u00e0 di vincere grandi somme di denaro e in dollari, inoltre. Powerball \u00e8 diventato famoso per i biglietti vincenti, trasformandosi in milioni di dollari. La pi\u00f9 grande vincita da accumulo nella lotteria americana si \u00e8 verificata il <strong>7 novembre 2022<\/strong> e ammontava a <strong>2,04 miliardi di dollari<\/strong> con un valore in contanti di <strong>997,6 milioni di dollari<\/strong>.<\/p>\n<h2>Come Acquistare Biglietti Powerball?<img loading=\"lazy\" decoding=\"async\" class=\"alignright wp-image-252172\" src=\"https:\/\/lottomat.com\/wp-content\/uploads\/2025\/10\/Powerball-lottery-tickets-300x300.webp\" alt=\"biglietti della lotteria Powerball\" width=\"200\" height=\"200\" srcset=\"https:\/\/lottomat.com\/wp-content\/uploads\/2025\/10\/Powerball-lottery-tickets-300x300.webp 300w, https:\/\/lottomat.com\/wp-content\/uploads\/2025\/10\/Powerball-lottery-tickets-150x150.webp 150w, https:\/\/lottomat.com\/wp-content\/uploads\/2025\/10\/Powerball-lottery-tickets-100x100.webp 100w, https:\/\/lottomat.com\/wp-content\/uploads\/2025\/10\/Powerball-lottery-tickets.webp 400w\" sizes=\"auto, (max-width: 200px) 100vw, 200px\" \/><\/h2>\n<p>Grazie ai cambiamenti nelle regole per giocare a Powerball, non devi essere un cittadino degli Stati Uniti o rimanere nel suo territorio. Puoi partecipare alla <strong>lotteria Powerball online utilizzando il sito web di LottoMat<\/strong>. \u00c8 molto conveniente, inoltre puoi acquistare biglietti Powerball in qualsiasi momento del giorno e della notte, sette giorni alla settimana. Tutto ci\u00f2 che devi fare \u00e8 scegliere l&#8217;opzione Gioca sul sito web di LottoMat e compilare il numero adeguato di biglietti. Poi, devi essere paziente e aspettare l&#8217;estrazione, che si svolge ogni <strong>marted\u00ec, gioved\u00ec e domenica alle 02:59 UTC<\/strong>. Il sito web di LottoMat garantisce che il biglietto della lotteria sia valido e partecipi a un&#8217;estrazione dei premi Powerball. Puoi effettuare un acquisto utilizzando un computer o un cellulare da <strong>qualsiasi parte del mondo e in qualsiasi momento<\/strong>. Tutto ci\u00f2 che devi fare \u00e8 creare un account utente sicuro, acquistare un biglietto e aspettare la vincita!<\/p>\n<h2>Qual \u00e8 il Prezzo di un Biglietto della Lotteria Powerball Online?<\/h2>\n<p>Per calcolare il costo di un biglietto, bisogna solo compilare un biglietto o alcuni di essi sul sito web di LottoMat. Dopo aver scelto i numeri, <strong>il prezzo sar\u00e0 visibile sotto tutti i biglietti<\/strong>. Dopo aver compilato pi\u00f9 di un biglietto, il calcolatore calcoler\u00e0 l&#8217;importo dovuto, che \u00e8 il prezzo finale. Contiene il prezzo di tutti i biglietti Powerball e i pagamenti delle commissioni.<\/p>\n<h2><img loading=\"lazy\" decoding=\"async\" class=\"alignleft wp-image-252202\" src=\"https:\/\/lottomat.com\/wp-content\/uploads\/2025\/10\/Powerball-online-tickets-300x300.webp\" alt=\"biglietti Powerball online\" width=\"200\" height=\"200\" srcset=\"https:\/\/lottomat.com\/wp-content\/uploads\/2025\/10\/Powerball-online-tickets-300x300.webp 300w, https:\/\/lottomat.com\/wp-content\/uploads\/2025\/10\/Powerball-online-tickets-150x150.webp 150w, https:\/\/lottomat.com\/wp-content\/uploads\/2025\/10\/Powerball-online-tickets-100x100.webp 100w, https:\/\/lottomat.com\/wp-content\/uploads\/2025\/10\/Powerball-online-tickets.webp 400w\" sizes=\"auto, (max-width: 200px) 100vw, 200px\" \/><\/h2>\n<h2>Come Giocare a Powerball Online?<\/h2>\n<p>Grazie al nostro sito web, la lotteria pi\u00f9 popolare al mondo \u00e8 ora disponibile senza uscire di casa. Per giocare a Powerball online, scegli <strong>cinque numeri principali da 1 a 69 pi\u00f9 un numero extra Power Ball da 1 a 26<\/strong>. Puoi scegliere i tuoi numeri manualmente o usare l&#8217;<strong>opzione Giocata Veloce per la selezione casuale<\/strong>. \u00c8 cos\u00ec semplice! Giocare con LottoMat \u00e8 completamente sicuro e protetto. <strong>Scannerizziamo tutti i biglietti acquistati per garantire la loro validit\u00e0 e la tua tranquillit\u00e0.<\/strong> Con LottoMat, puoi giocare a Powerball online da qualsiasi parte del mondo \u2013 tutto ci\u00f2 di cui hai bisogno \u00e8 l&#8217;<strong>accesso a internet e capacit\u00e0 di pagamento online.<\/strong> Questa accessibilit\u00e0 globale rende pi\u00f9 facile che mai partecipare a una delle lotterie pi\u00f9 emozionanti del mondo.<\/p>\n<h2>Posso Acquistare Pi\u00f9 Biglietti Powerball Online?<\/h2>\n<p><strong>S\u00ec, puoi sicuramente acquistare pi\u00f9 biglietti Powerball online<\/strong> per aumentare le tue possibilit\u00e0 di vincita. Seleziona semplicemente l&#8217;<strong>opzione &#8220;pi\u00f9 linee&#8221;<\/strong> quando giochi e scegli quante linee vuoi giocare. Ogni linea aggiuntiva rappresenta un&#8217;altra possibilit\u00e0 di vincere il jackpot o uno qualsiasi dei premi secondari. Pi\u00f9 biglietti acquisti, migliori diventano le tue probabilit\u00e0 di abbinare i numeri vincenti.<\/p>\n<h2>Posso Acquistare Biglietti Powerball Online per Pi\u00f9 Estrazioni?<\/h2>\n<h2><img loading=\"lazy\" decoding=\"async\" class=\"alignright wp-image-252232\" src=\"https:\/\/lottomat.com\/wp-content\/uploads\/2025\/10\/Powerball-online-300x300.webp\" alt=\"Powerball online\" width=\"200\" height=\"200\" srcset=\"https:\/\/lottomat.com\/wp-content\/uploads\/2025\/10\/Powerball-online-300x300.webp 300w, https:\/\/lottomat.com\/wp-content\/uploads\/2025\/10\/Powerball-online-150x150.webp 150w, https:\/\/lottomat.com\/wp-content\/uploads\/2025\/10\/Powerball-online-100x100.webp 100w, https:\/\/lottomat.com\/wp-content\/uploads\/2025\/10\/Powerball-online.webp 400w\" sizes=\"auto, (max-width: 200px) 100vw, 200px\" \/><\/h2>\n<p>Assolutamente! Su LottoMat, puoi <strong>acquistare biglietti Powerball per un massimo di 8 estrazioni consecutive<\/strong> in anticipo. Questa comoda funzione significa che non devi ricordarti di acquistare biglietti per ogni singola estrazione \u2013 i tuoi numeri verranno automaticamente inseriti in pi\u00f9 estrazioni future. Questa opzione di acquisto anticipato garantisce che <strong>non perderai mai un&#8217;estrazione<\/strong> e ti d\u00e0 una partecipazione sostenuta alla lotteria per diverse settimane.<\/p>\n<h2>Come Controllare i Risultati della Lotteria Powerball Online?<\/h2>\n<p>Puoi facilmente controllare sia <a href=\"https:\/\/lottomat.com\/it\/risultati\/powerball\/\">gli ultimi risultati di Powerball che quelli archiviati<\/a> direttamente sul sito web di LottoMat. La nostra pagina dei risultati viene aggiornata immediatamente dopo ogni estrazione, fornendoti <strong>numeri vincenti accurati e aggiornati.<\/strong> Che tu voglia controllare le estrazioni recenti o guardare indietro ai risultati storici, tutte le informazioni sono disponibili a portata di mano. Questa comoda funzione ti permette di verificare rapidamente se i tuoi numeri hanno vinto senza dover cercare in pi\u00f9 fonti.<\/p>\n<h2><img loading=\"lazy\" decoding=\"async\" class=\"alignleft wp-image-252262\" src=\"https:\/\/lottomat.com\/wp-content\/uploads\/2025\/10\/Powerball-tickets-300x300.webp\" alt=\"biglietti Powerball\" width=\"200\" height=\"200\" srcset=\"https:\/\/lottomat.com\/wp-content\/uploads\/2025\/10\/Powerball-tickets-300x300.webp 300w, https:\/\/lottomat.com\/wp-content\/uploads\/2025\/10\/Powerball-tickets-150x150.webp 150w, https:\/\/lottomat.com\/wp-content\/uploads\/2025\/10\/Powerball-tickets-100x100.webp 100w, https:\/\/lottomat.com\/wp-content\/uploads\/2025\/10\/Powerball-tickets.webp 400w\" sizes=\"auto, (max-width: 200px) 100vw, 200px\" \/>LottoMat Scannerizza i Biglietti Powerball Online?<\/h2>\n<p><strong>S\u00ec, assolutamente!<\/strong> I nostri agenti autorizzati acquistano fisicamente i biglietti Powerball presso sedi al dettaglio ufficiali e autorizzate per tuo conto. <strong>Scannerizziamo e conserviamo i biglietti originali in modo sicuro<\/strong> per garantire completa trasparenza e sicurezza per i nostri giocatori. Questo significa che hai la prova del tuo acquisto del biglietto e puoi essere sicuro che la tua partecipazione sia valida per l&#8217;estrazione ufficiale di Powerball. I biglietti originali sono conservati al sicuro nelle nostre strutture protette, dandoti tranquillit\u00e0 sul tuo investimento.<\/p>\n<h2>Quali Sono i Migliori Consigli per Powerball Online?<\/h2>\n<p>Gioca, specialmente quando c&#8217;\u00e8 stato un accumulo. <strong>Powerball ha i pi\u00f9 grandi accumuli al mondo,<\/strong> e anche con un solo biglietto, hai la possibilit\u00e0 di vincere. Il jackpot pi\u00f9 grande ha raggiunto ben <strong>2,04 miliardi di dollari!<\/strong> Puoi anche usare i numeri pi\u00f9 estratti, che puoi trovare sulla <a href=\"https:\/\/lottomat.com\/it\/risultati\/\">pagina dei risultati delle estrazioni della lotteria<\/a>. Ha sia i risultati delle estrazioni attuali che quelli archiviati. Ricorda che <strong>giocare a Powerball online dovrebbe essere una forma di intrattenimento,<\/strong> quindi \u00e8 importante giocare in modo responsabile e mantenere un buon giudizio. Stabilisci un budget per te stesso e rispettalo, trattando i biglietti della lotteria come un&#8217;attivit\u00e0 divertente piuttosto che una strategia di investimento.<\/p>\n<h3>Consigli Che Possono Aiutare ad Aumentare le Tue Possibilit\u00e0 di Vincita<\/h3>\n<p>Acquistare pi\u00f9 di un biglietto Powerball significa che ogni biglietto extra fornisce maggiori possibilit\u00e0 di ottenere i numeri estratti. Assicurati che i numeri che scegli siano diversificati poich\u00e9 il gruppo \u00e8 grande, quindi non limitarti a cose come date di nascita, che riducono significativamente il tuo intervallo. Per abbassare il costo dell&#8217;<a href=\"https:\/\/lottomat.com\/it\/gioca\/\">acquisto di biglietti della lotteria online<\/a>, puoi invitare i tuoi cari a giocare, il che garantisce maggiori possibilit\u00e0 di vincere. I costi dei biglietti possono essere divisi tra un maggior numero di persone, rendendolo pi\u00f9 accessibile per tutti i coinvolti. Gioca quando ci sono <a href=\"https:\/\/lottomat.com\/it\/lotteria\/\">i pi\u00f9 grandi accumuli della lotteria<\/a> perch\u00e9 l&#8217;intero gioco di Powerball riguarda la possibilit\u00e0 di vincere! <strong>Puoi acquistare un biglietto vincente in qualsiasi momento e diventare milionario!<\/strong><\/p>\n","protected":false},"excerpt":{"rendered":"<p>Cos&#8217;\u00e8 la Lotteria Powerball? Cominciamo con le regole della famosa lotteria, che sono molto semplici, e imparerai senza dubbio come giocare a Powerball online velocemente. Il gioco consiste nello scegliere cinque numeri dall&#8217;intervallo da 1 a 69 e 1 extra, chiamato Power Ball, dal gruppo di numeri da 1 a 26. Se tutti i numeri [&hellip;]<\/p>\n","protected":false},"author":1,"featured_media":0,"parent":6776,"menu_order":1,"comment_status":"closed","ping_status":"closed","template":"powerball-usa.php","meta":{"_et_pb_use_builder":"","_et_pb_old_content":"","_et_gb_content_width":"","exclude_from_search":false,"footnotes":""},"class_list":["post-8392","page","type-page","status-publish","hentry"],"yoast_head":"<!-- This site is optimized with the Yoast SEO plugin v23.8 - https:\/\/yoast.com\/wordpress\/plugins\/seo\/ -->\n<title>Gioca a Powerball Online - Biglietti Powerball - Lottomat<\/title>\n<meta name=\"description\" content=\"Vuoi giocare alla lotteria Powerball online? Scopri come giocare a Powerball e diventa milionario! Acquista biglietti Powerball online in qualsiasi momento!\" \/>\n<meta name=\"robots\" content=\"index, follow, max-snippet:-1, max-image-preview:large, max-video-preview:-1\" \/>\n<link rel=\"canonical\" href=\"https:\/\/lottomat.com\/it\/gioca\/powerball\/\" \/>\n<meta property=\"og:locale\" content=\"it_IT\" \/>\n<meta property=\"og:type\" content=\"article\" \/>\n<meta property=\"og:title\" content=\"Gioca a Powerball Online - Biglietti Powerball - Lottomat\" \/>\n<meta property=\"og:description\" content=\"Vuoi giocare alla lotteria Powerball online? Scopri come giocare a Powerball e diventa milionario! Acquista biglietti Powerball online in qualsiasi momento!\" \/>\n<meta property=\"og:url\" content=\"https:\/\/lottomat.com\/it\/gioca\/powerball\/\" \/>\n<meta property=\"og:site_name\" content=\"Lottomat\" \/>\n<meta property=\"article:modified_time\" content=\"2026-04-03T19:22:57+00:00\" \/>\n<meta property=\"og:image\" content=\"https:\/\/lottomat.com\/wp-content\/uploads\/2025\/10\/play-Powerball.webp\" \/>\n\t<meta property=\"og:image:width\" content=\"400\" \/>\n\t<meta property=\"og:image:height\" content=\"400\" \/>\n\t<meta property=\"og:image:type\" content=\"image\/webp\" \/>\n<meta name=\"twitter:card\" content=\"summary_large_image\" \/>\n<meta name=\"twitter:label1\" content=\"Tempo di lettura stimato\" \/>\n\t<meta name=\"twitter:data1\" content=\"7 minuti\" \/>\n<script type=\"application\/ld+json\" class=\"yoast-schema-graph\">{\"@context\":\"https:\/\/schema.org\",\"@graph\":[{\"@type\":\"WebPage\",\"@id\":\"https:\/\/lottomat.com\/it\/gioca\/powerball\/\",\"url\":\"https:\/\/lottomat.com\/it\/gioca\/powerball\/\",\"name\":\"Gioca a Powerball Online - Biglietti Powerball - Lottomat\",\"isPartOf\":{\"@id\":\"https:\/\/lottomat.com\/it\/#website\"},\"primaryImageOfPage\":{\"@id\":\"https:\/\/lottomat.com\/it\/gioca\/powerball\/#primaryimage\"},\"image\":{\"@id\":\"https:\/\/lottomat.com\/it\/gioca\/powerball\/#primaryimage\"},\"thumbnailUrl\":\"https:\/\/lottomat.com\/wp-content\/uploads\/2025\/10\/play-Powerball-150x150.webp\",\"datePublished\":\"2025-03-26T07:52:23+00:00\",\"dateModified\":\"2026-04-03T19:22:57+00:00\",\"description\":\"Vuoi giocare alla lotteria Powerball online? Scopri come giocare a Powerball e diventa milionario! Acquista biglietti Powerball online in qualsiasi momento!\",\"breadcrumb\":{\"@id\":\"https:\/\/lottomat.com\/it\/gioca\/powerball\/#breadcrumb\"},\"inLanguage\":\"it-IT\",\"potentialAction\":[{\"@type\":\"ReadAction\",\"target\":[\"https:\/\/lottomat.com\/it\/gioca\/powerball\/\"]}]},{\"@type\":\"ImageObject\",\"inLanguage\":\"it-IT\",\"@id\":\"https:\/\/lottomat.com\/it\/gioca\/powerball\/#primaryimage\",\"url\":\"https:\/\/lottomat.com\/wp-content\/uploads\/2025\/10\/play-Powerball-150x150.webp\",\"contentUrl\":\"https:\/\/lottomat.com\/wp-content\/uploads\/2025\/10\/play-Powerball-150x150.webp\"},{\"@type\":\"BreadcrumbList\",\"@id\":\"https:\/\/lottomat.com\/it\/gioca\/powerball\/#breadcrumb\",\"itemListElement\":[{\"@type\":\"ListItem\",\"position\":1,\"name\":\"Home\",\"item\":\"https:\/\/lottomat.com\/it\/\"},{\"@type\":\"ListItem\",\"position\":2,\"name\":\"Gioca alla Lotteria Online\",\"item\":\"https:\/\/lottomat.com\/it\/gioca\/\"},{\"@type\":\"ListItem\",\"position\":3,\"name\":\"Gioca a Powerball Online &#8211; Biglietti Powerball\"}]},{\"@type\":\"WebSite\",\"@id\":\"https:\/\/lottomat.com\/it\/#website\",\"url\":\"https:\/\/lottomat.com\/it\/\",\"name\":\"Lottomat\",\"description\":\"\",\"potentialAction\":[{\"@type\":\"SearchAction\",\"target\":{\"@type\":\"EntryPoint\",\"urlTemplate\":\"https:\/\/lottomat.com\/it\/?s={search_term_string}\"},\"query-input\":{\"@type\":\"PropertyValueSpecification\",\"valueRequired\":true,\"valueName\":\"search_term_string\"}}],\"inLanguage\":\"it-IT\"}]}<\/script>\n<!-- \/ Yoast SEO plugin. -->","yoast_head_json":{"title":"Gioca a Powerball Online - Biglietti Powerball - Lottomat","description":"Vuoi giocare alla lotteria Powerball online? Scopri come giocare a Powerball e diventa milionario! Acquista biglietti Powerball online in qualsiasi momento!","robots":{"index":"index","follow":"follow","max-snippet":"max-snippet:-1","max-image-preview":"max-image-preview:large","max-video-preview":"max-video-preview:-1"},"canonical":"https:\/\/lottomat.com\/it\/gioca\/powerball\/","og_locale":"it_IT","og_type":"article","og_title":"Gioca a Powerball Online - Biglietti Powerball - Lottomat","og_description":"Vuoi giocare alla lotteria Powerball online? Scopri come giocare a Powerball e diventa milionario! Acquista biglietti Powerball online in qualsiasi momento!","og_url":"https:\/\/lottomat.com\/it\/gioca\/powerball\/","og_site_name":"Lottomat","article_modified_time":"2026-04-03T19:22:57+00:00","og_image":[{"width":400,"height":400,"url":"https:\/\/lottomat.com\/wp-content\/uploads\/2025\/10\/play-Powerball.webp","type":"image\/webp"}],"twitter_card":"summary_large_image","twitter_misc":{"Tempo di lettura stimato":"7 minuti"},"schema":{"@context":"https:\/\/schema.org","@graph":[{"@type":"WebPage","@id":"https:\/\/lottomat.com\/it\/gioca\/powerball\/","url":"https:\/\/lottomat.com\/it\/gioca\/powerball\/","name":"Gioca a Powerball Online - Biglietti Powerball - Lottomat","isPartOf":{"@id":"https:\/\/lottomat.com\/it\/#website"},"primaryImageOfPage":{"@id":"https:\/\/lottomat.com\/it\/gioca\/powerball\/#primaryimage"},"image":{"@id":"https:\/\/lottomat.com\/it\/gioca\/powerball\/#primaryimage"},"thumbnailUrl":"https:\/\/lottomat.com\/wp-content\/uploads\/2025\/10\/play-Powerball-150x150.webp","datePublished":"2025-03-26T07:52:23+00:00","dateModified":"2026-04-03T19:22:57+00:00","description":"Vuoi giocare alla lotteria Powerball online? Scopri come giocare a Powerball e diventa milionario! Acquista biglietti Powerball online in qualsiasi momento!","breadcrumb":{"@id":"https:\/\/lottomat.com\/it\/gioca\/powerball\/#breadcrumb"},"inLanguage":"it-IT","potentialAction":[{"@type":"ReadAction","target":["https:\/\/lottomat.com\/it\/gioca\/powerball\/"]}]},{"@type":"ImageObject","inLanguage":"it-IT","@id":"https:\/\/lottomat.com\/it\/gioca\/powerball\/#primaryimage","url":"https:\/\/lottomat.com\/wp-content\/uploads\/2025\/10\/play-Powerball-150x150.webp","contentUrl":"https:\/\/lottomat.com\/wp-content\/uploads\/2025\/10\/play-Powerball-150x150.webp"},{"@type":"BreadcrumbList","@id":"https:\/\/lottomat.com\/it\/gioca\/powerball\/#breadcrumb","itemListElement":[{"@type":"ListItem","position":1,"name":"Home","item":"https:\/\/lottomat.com\/it\/"},{"@type":"ListItem","position":2,"name":"Gioca alla Lotteria Online","item":"https:\/\/lottomat.com\/it\/gioca\/"},{"@type":"ListItem","position":3,"name":"Gioca a Powerball Online &#8211; Biglietti Powerball"}]},{"@type":"WebSite","@id":"https:\/\/lottomat.com\/it\/#website","url":"https:\/\/lottomat.com\/it\/","name":"Lottomat","description":"","potentialAction":[{"@type":"SearchAction","target":{"@type":"EntryPoint","urlTemplate":"https:\/\/lottomat.com\/it\/?s={search_term_string}"},"query-input":{"@type":"PropertyValueSpecification","valueRequired":true,"valueName":"search_term_string"}}],"inLanguage":"it-IT"}]}},"_links":{"self":[{"href":"https:\/\/lottomat.com\/it\/wp-json\/wp\/v2\/pages\/8392","targetHints":{"allow":["GET"]}}],"collection":[{"href":"https:\/\/lottomat.com\/it\/wp-json\/wp\/v2\/pages"}],"about":[{"href":"https:\/\/lottomat.com\/it\/wp-json\/wp\/v2\/types\/page"}],"author":[{"embeddable":true,"href":"https:\/\/lottomat.com\/it\/wp-json\/wp\/v2\/users\/1"}],"replies":[{"embeddable":true,"href":"https:\/\/lottomat.com\/it\/wp-json\/wp\/v2\/comments?post=8392"}],"version-history":[{"count":5,"href":"https:\/\/lottomat.com\/it\/wp-json\/wp\/v2\/pages\/8392\/revisions"}],"predecessor-version":[{"id":276546,"href":"https:\/\/lottomat.com\/it\/wp-json\/wp\/v2\/pages\/8392\/revisions\/276546"}],"up":[{"embeddable":true,"href":"https:\/\/lottomat.com\/it\/wp-json\/wp\/v2\/pages\/6776"}],"wp:attachment":[{"href":"https:\/\/lottomat.com\/it\/wp-json\/wp\/v2\/media?parent=8392"}],"curies":[{"name":"wp","href":"https:\/\/api.w.org\/{rel}","templated":true}]}}