{"id":6395,"date":"2025-03-26T07:12:15","date_gmt":"2025-03-26T07:12:15","guid":{"rendered":"https:\/\/lottomat.net\/home-le-piu-grandi-lotterie-del-mondo-in-un-unico-posto\/"},"modified":"2026-02-13T11:07:47","modified_gmt":"2026-02-13T11:07:47","slug":"home-le-piu-grandi-lotterie-del-mondo-in-un-unico-posto","status":"publish","type":"page","link":"https:\/\/lottomat.com\/it\/","title":{"rendered":"Lottomat &#8211; le pi\u00f9 grandi lotterie del mondo in un unico posto"},"content":{"rendered":"\n\n<div class=\"kk-star-ratings kksr-auto kksr-align-left kksr-valign-top\"\n    data-payload='{&quot;align&quot;:&quot;left&quot;,&quot;id&quot;:&quot;6395&quot;,&quot;slug&quot;:&quot;default&quot;,&quot;valign&quot;:&quot;top&quot;,&quot;ignore&quot;:&quot;&quot;,&quot;reference&quot;:&quot;auto&quot;,&quot;class&quot;:&quot;&quot;,&quot;count&quot;:&quot;0&quot;,&quot;legendonly&quot;:&quot;&quot;,&quot;readonly&quot;:&quot;&quot;,&quot;score&quot;:&quot;0&quot;,&quot;starsonly&quot;:&quot;&quot;,&quot;best&quot;:&quot;5&quot;,&quot;gap&quot;:&quot;5&quot;,&quot;greet&quot;:&quot;Rate this page&quot;,&quot;legend&quot;:&quot;0\\\/5 - (0 votes)&quot;,&quot;size&quot;:&quot;30&quot;,&quot;title&quot;:&quot;Lottomat - le pi\u00f9 grandi lotterie del mondo in un unico posto&quot;,&quot;width&quot;:&quot;0&quot;,&quot;_legend&quot;:&quot;{score}\\\/{best} - ({count} {votes})&quot;,&quot;font_factor&quot;:&quot;1.25&quot;}'>\n            \n<div class=\"kksr-stars\">\n    \n<div class=\"kksr-stars-inactive\">\n            <div class=\"kksr-star\" data-star=\"1\" style=\"padding-right: 5px\">\n            \n\n<div class=\"kksr-icon\" style=\"width: 30px; height: 30px;\"><\/div>\n        <\/div>\n            <div class=\"kksr-star\" data-star=\"2\" style=\"padding-right: 5px\">\n            \n\n<div class=\"kksr-icon\" style=\"width: 30px; height: 30px;\"><\/div>\n        <\/div>\n            <div class=\"kksr-star\" data-star=\"3\" style=\"padding-right: 5px\">\n            \n\n<div class=\"kksr-icon\" style=\"width: 30px; height: 30px;\"><\/div>\n        <\/div>\n            <div class=\"kksr-star\" data-star=\"4\" style=\"padding-right: 5px\">\n            \n\n<div class=\"kksr-icon\" style=\"width: 30px; height: 30px;\"><\/div>\n        <\/div>\n            <div class=\"kksr-star\" data-star=\"5\" style=\"padding-right: 5px\">\n            \n\n<div class=\"kksr-icon\" style=\"width: 30px; height: 30px;\"><\/div>\n        <\/div>\n    <\/div>\n    \n<div class=\"kksr-stars-active\" style=\"width: 0px;\">\n            <div class=\"kksr-star\" style=\"padding-right: 5px\">\n            \n\n<div class=\"kksr-icon\" style=\"width: 30px; height: 30px;\"><\/div>\n        <\/div>\n            <div class=\"kksr-star\" style=\"padding-right: 5px\">\n            \n\n<div class=\"kksr-icon\" style=\"width: 30px; height: 30px;\"><\/div>\n        <\/div>\n            <div class=\"kksr-star\" style=\"padding-right: 5px\">\n            \n\n<div class=\"kksr-icon\" style=\"width: 30px; height: 30px;\"><\/div>\n        <\/div>\n            <div class=\"kksr-star\" style=\"padding-right: 5px\">\n            \n\n<div class=\"kksr-icon\" style=\"width: 30px; height: 30px;\"><\/div>\n        <\/div>\n            <div class=\"kksr-star\" style=\"padding-right: 5px\">\n            \n\n<div class=\"kksr-icon\" style=\"width: 30px; height: 30px;\"><\/div>\n        <\/div>\n    <\/div>\n<\/div>\n                \n\n<div class=\"kksr-legend\" style=\"font-size: 24px;\">\n            <span class=\"kksr-muted\">Rate this page<\/span>\n    <\/div>\n    <\/div>\n<h2 style=\"text-align: left;\"><img loading=\"lazy\" decoding=\"async\" class=\"alignleft wp-image-1091\" src=\"https:\/\/lottomat.com\/wp-content\/uploads\/2025\/03\/play-lotteries-available-in-other-countries-300x300.png\" alt=\"gioca alle lotterie disponibili in altri paesi\" width=\"130\" height=\"130\" srcset=\"https:\/\/lottomat.com\/wp-content\/uploads\/2025\/03\/play-lotteries-available-in-other-countries-300x300.png 300w, https:\/\/lottomat.com\/wp-content\/uploads\/2025\/03\/play-lotteries-available-in-other-countries-150x150.png 150w, https:\/\/lottomat.com\/wp-content\/uploads\/2025\/03\/play-lotteries-available-in-other-countries-100x100.png 100w, https:\/\/lottomat.com\/wp-content\/uploads\/2025\/03\/play-lotteries-available-in-other-countries.png 400w\" sizes=\"auto, (max-width: 130px) 100vw, 130px\" \/>Posso giocare alle lotterie disponibili in altri paesi?<\/h2>\n<p>S\u00ec, S\u00ec, S\u00ec! La risposta alla domanda pi\u00f9 frequente dei nostri giocatori \u00e8 s\u00ec: puoi giocare alle lotterie pi\u00f9 grandi del mondo indipendentemente dal tuo paese di residenza. Sul sito web di Lottomat, le lotterie pi\u00f9 grandi sono disponibili per te senza dover visitare alcun ufficio lotterie, compreso quello pi\u00f9 vicino nel tuo paese di residenza. Su Lottomat troverai lotterie che garantiscono le vincite pi\u00f9 alte, tra cui SuperEnalotto, in cui per vincere il premio principale devi indovinare correttamente 6 numeri su 90. Ci sono anche Eurojackpot ed EuroMillions, che sono le lotterie europee pi\u00f9 importanti; per vincere, devi solo scegliere cinque numeri su 50. Con noi puoi anche giocare al Lotto Francese, al Lotto del Regno Unito o a due fantastiche lotterie spagnole, El Gordo e La Primitiva, che offrono un&#8217;alta probabilit\u00e0 di vincita. Nel nostro portafoglio troverai anche le pi\u00f9 grandi lotterie americane, tra cui Powerball, Mega Millions e molte altre opzioni interessanti, che ti offrono l&#8217;opportunit\u00e0 di aumentare le tue possibilit\u00e0 di vincita.<\/p>\n<hr \/>\n<h2><img loading=\"lazy\" decoding=\"async\" class=\"alignleft wp-image-21538 lazy loaded\" src=\"https:\/\/lottomat.net\/wp-content\/uploads\/2020\/06\/euro-jackpot-2.png\" alt=\"euro jackpot\" width=\"130\" height=\"130\" data-src=\"https:\/\/lottomat.net\/wp-content\/uploads\/2020\/06\/euro-jackpot-2.png\" data-was-processed=\"true\" srcset=\"https:\/\/lottomat.com\/wp-content\/uploads\/2020\/06\/euro-jackpot-2.png 400w, https:\/\/lottomat.com\/wp-content\/uploads\/2020\/06\/euro-jackpot-2-300x300.png 300w, https:\/\/lottomat.com\/wp-content\/uploads\/2020\/06\/euro-jackpot-2-150x150.png 150w, https:\/\/lottomat.com\/wp-content\/uploads\/2020\/06\/euro-jackpot-2-100x100.png 100w\" sizes=\"auto, (max-width: 130px) 100vw, 130px\" \/>Come posso acquistare i biglietti?<\/h2>\n<p>Acquistare biglietti del lotto online \u00e8 estremamente semplice, veloce e, soprattutto, sicuro. Tutto quello che devi fare \u00e8 scegliere una lotteria, selezionare i numeri, completare una semplice registrazione, pagare il biglietto e verificare di aver selezionato correttamente dopo l&#8217;estrazione.<\/p>\n<hr \/>\n<h2><img loading=\"lazy\" decoding=\"async\" class=\"alignleft wp-image-21566 lazy loaded\" src=\"https:\/\/lottomat.net\/wp-content\/uploads\/2020\/06\/Euro-Million.png\" alt=\"Euro Million\" width=\"130\" height=\"130\" data-src=\"https:\/\/lottomat.net\/wp-content\/uploads\/2020\/06\/Euro-Million.png\" data-was-processed=\"true\" srcset=\"https:\/\/lottomat.com\/wp-content\/uploads\/2020\/06\/Euro-Million.png 400w, https:\/\/lottomat.com\/wp-content\/uploads\/2020\/06\/Euro-Million-300x300.png 300w, https:\/\/lottomat.com\/wp-content\/uploads\/2020\/06\/Euro-Million-150x150.png 150w, https:\/\/lottomat.com\/wp-content\/uploads\/2020\/06\/Euro-Million-100x100.png 100w\" sizes=\"auto, (max-width: 130px) 100vw, 130px\" \/>Cosa succede dopo aver ordinato il biglietto online?<\/h2>\n<p>Uno dei nostri rappresentanti acquister\u00e0 un biglietto ufficiale per tuo conto in base ai numeri che hai scelto. Il tuo biglietto verr\u00e0 depositato nella cassaforte fino all&#8217;estrazione e i numeri che hai selezionato saranno presenti nel tuo account utente sul nostro sito. Inoltre, quando effettui un acquisto, Lottomat ti invier\u00e0 anche una notifica via email sull&#8217;importo speso per l&#8217;acquisto dei biglietti, il metodo di pagamento e i numeri che hai scelto. In aggiunta, una scansione del biglietto acquistato verr\u00e0 caricata sul tuo account.<\/p>\n<hr \/>\n<h2><img loading=\"lazy\" decoding=\"async\" class=\"alignleft wp-image-21594 lazy loaded\" src=\"https:\/\/lottomat.net\/wp-content\/uploads\/2020\/06\/Euro-Millions.png\" alt=\"Euro Millions\" width=\"122\" height=\"122\" data-src=\"https:\/\/lottomat.net\/wp-content\/uploads\/2020\/06\/Euro-Millions.png\" data-was-processed=\"true\" srcset=\"https:\/\/lottomat.com\/wp-content\/uploads\/2020\/06\/Euro-Millions.png 400w, https:\/\/lottomat.com\/wp-content\/uploads\/2020\/06\/Euro-Millions-300x300.png 300w, https:\/\/lottomat.com\/wp-content\/uploads\/2020\/06\/Euro-Millions-150x150.png 150w, https:\/\/lottomat.com\/wp-content\/uploads\/2020\/06\/Euro-Millions-100x100.png 100w\" sizes=\"auto, (max-width: 122px) 100vw, 122px\" \/>Come non perdere i jackpot?<\/h2>\n<p>Lottomat ti terr\u00e0 informato sui prossimi jackpot. Riceverai un&#8217;email in anticipo per ricordarti della prossima estrazione e potrai pianificare il tuo programma di gioco utilizzando l&#8217;opzione di abbonamento.<\/p>\n<p>&nbsp;<\/p>\n<hr \/>\n<h2><img loading=\"lazy\" decoding=\"async\" class=\"alignleft wp-image-21622 lazy loaded\" src=\"https:\/\/lottomat.net\/wp-content\/uploads\/2020\/06\/mega-millions.png\" alt=\"mega millions\" width=\"130\" height=\"130\" data-src=\"https:\/\/lottomat.net\/wp-content\/uploads\/2020\/06\/mega-millions.png\" data-was-processed=\"true\" srcset=\"https:\/\/lottomat.com\/wp-content\/uploads\/2020\/06\/mega-millions.png 400w, https:\/\/lottomat.com\/wp-content\/uploads\/2020\/06\/mega-millions-300x300.png 300w, https:\/\/lottomat.com\/wp-content\/uploads\/2020\/06\/mega-millions-150x150.png 150w, https:\/\/lottomat.com\/wp-content\/uploads\/2020\/06\/mega-millions-100x100.png 100w\" sizes=\"auto, (max-width: 130px) 100vw, 130px\" \/>Cosa succede se vinco?<\/h2>\n<p>Anche in questo caso, Lottomat ti facilita la riscossione delle tue vincite. Tutte le tue vincite, fino a 2.500 EUR, vengono accreditate automaticamente sul tuo account nel nostro sistema immediatamente dopo l&#8217;estrazione e possono essere utilizzate per i tuoi acquisti successivi o richieste come prelievo dal tuo account. Fai tutto questo online, in modo comodo e sicuro. Nel caso di premi significativi, Lottomat ti aiuter\u00e0 a scegliere la forma pi\u00f9 conveniente per ricevere il premio. I grandi premi vengono generalmente depositati sul conto bancario che indichi e, in alcuni casi, potrebbe essere richiesta la tua presenza per riscuotere le vincite. Organizzeremo anche questo affinch\u00e9 tu possa goderti appieno le vincite, come hanno fatto molti dei nostri attuali vincitori.<\/p>\n<hr \/>\n<h2><img loading=\"lazy\" decoding=\"async\" class=\"alignleft wp-image-21650 lazy loaded\" src=\"https:\/\/lottomat.net\/wp-content\/uploads\/2020\/06\/online-lotto.png\" alt=\"lotto online\" width=\"130\" height=\"130\" data-src=\"https:\/\/lottomat.net\/wp-content\/uploads\/2020\/06\/online-lotto.png\" data-was-processed=\"true\" srcset=\"https:\/\/lottomat.com\/wp-content\/uploads\/2020\/06\/online-lotto.png 400w, https:\/\/lottomat.com\/wp-content\/uploads\/2020\/06\/online-lotto-300x300.png 300w, https:\/\/lottomat.com\/wp-content\/uploads\/2020\/06\/online-lotto-150x150.png 150w, https:\/\/lottomat.com\/wp-content\/uploads\/2020\/06\/online-lotto-100x100.png 100w\" sizes=\"auto, (max-width: 130px) 100vw, 130px\" \/>Esistono metodi per vincere?<\/h2>\n<p>Vogliamo assicurarti che non siamo a conoscenza di tali metodi. Le lotterie, come la maggior parte dei giochi numerici, si basano sulla casualit\u00e0. Probabilmente avrai sentito dire che qualcuno ha scoperto un sistema per il gioco del Lotto o un altro gioco d&#8217;azzardo. Nonostante le prove suggeriscano che determinati numeri vengono estratti pi\u00f9 spesso di altri, gli esperti concordano sul fatto che non esiste un sistema provato. Questo \u00e8 il paradosso del Lotto. Qui tutti hanno le stesse possibilit\u00e0, quindi forse proprio oggi la tua combinazione di numeri vincer\u00e0. Quindi giochiamo sistematicamente, perch\u00e9 la fortuna pu\u00f2 sorridere in qualsiasi momento. I nostri attuali vincitori suggeriscono che la regolarit\u00e0 e il gioco costante sono le chiavi per vincere.<\/p>\n<hr \/>\n<h2 style=\"text-align: center;\"><span style=\"color: #00b3ff;\">Con noi puoi giocare 24 ore su 24, 7 giorni su 7, 365 giorni all&#8217;anno.<\/span><\/h2>\n","protected":false},"excerpt":{"rendered":"<p>Posso giocare alle lotterie disponibili in altri paesi? S\u00ec, S\u00ec, S\u00ec! La risposta alla domanda pi\u00f9 frequente dei nostri giocatori \u00e8 s\u00ec: puoi giocare alle lotterie pi\u00f9 grandi del mondo indipendentemente dal tuo paese di residenza. Sul sito web di Lottomat, le lotterie pi\u00f9 grandi sono disponibili per te senza dover visitare alcun ufficio lotterie, [&hellip;]<\/p>\n","protected":false},"author":1,"featured_media":0,"parent":0,"menu_order":1,"comment_status":"closed","ping_status":"closed","template":"lotto.php","meta":{"_et_pb_use_builder":"","_et_pb_old_content":"","_et_gb_content_width":"","exclude_from_search":false,"footnotes":""},"class_list":["post-6395","page","type-page","status-publish","hentry"],"yoast_head":"<!-- This site is optimized with the Yoast SEO plugin v23.8 - https:\/\/yoast.com\/wordpress\/plugins\/seo\/ -->\n<title>Lotto Online \u2013 Biglietti della Lotteria &amp; Risultati - Lottomat.com<\/title>\n<meta name=\"description\" content=\"Lottomat offre le pi\u00f9 grandi lotterie del mondo con i migliori jackpot. Gioca online e vinci alla grande! Acquista i biglietti e controlla i risultati.\" \/>\n<meta name=\"robots\" content=\"index, follow, max-snippet:-1, max-image-preview:large, max-video-preview:-1\" \/>\n<link rel=\"canonical\" href=\"https:\/\/lottomat.com\/it\/\" \/>\n<meta property=\"og:locale\" content=\"it_IT\" \/>\n<meta property=\"og:type\" content=\"article\" \/>\n<meta property=\"og:title\" content=\"Lotto Online \u2013 Biglietti della Lotteria &amp; Risultati - Lottomat.com\" \/>\n<meta property=\"og:description\" content=\"Lottomat offre le pi\u00f9 grandi lotterie del mondo con i migliori jackpot. Gioca online e vinci alla grande! Acquista i biglietti e controlla i risultati.\" \/>\n<meta property=\"og:url\" content=\"https:\/\/lottomat.com\/it\/\" \/>\n<meta property=\"og:site_name\" content=\"Lottomat\" \/>\n<meta property=\"article:modified_time\" content=\"2026-02-13T11:07:47+00:00\" \/>\n<meta property=\"og:image\" content=\"https:\/\/lottomat.com\/wp-content\/uploads\/2025\/03\/play-lotteries-available-in-other-countries-300x300.png\" \/>\n<meta name=\"twitter:card\" content=\"summary_large_image\" \/>\n<meta name=\"twitter:label1\" content=\"Tempo di lettura stimato\" \/>\n\t<meta name=\"twitter:data1\" content=\"4 minuti\" \/>\n<script type=\"application\/ld+json\" class=\"yoast-schema-graph\">{\"@context\":\"https:\/\/schema.org\",\"@graph\":[{\"@type\":\"WebPage\",\"@id\":\"https:\/\/lottomat.com\/it\/\",\"url\":\"https:\/\/lottomat.com\/it\/\",\"name\":\"Lotto Online \u2013 Biglietti della Lotteria & Risultati - Lottomat.com\",\"isPartOf\":{\"@id\":\"https:\/\/lottomat.com\/it\/#website\"},\"primaryImageOfPage\":{\"@id\":\"https:\/\/lottomat.com\/it\/#primaryimage\"},\"image\":{\"@id\":\"https:\/\/lottomat.com\/it\/#primaryimage\"},\"thumbnailUrl\":\"https:\/\/lottomat.com\/wp-content\/uploads\/2025\/03\/play-lotteries-available-in-other-countries-300x300.png\",\"datePublished\":\"2025-03-26T07:12:15+00:00\",\"dateModified\":\"2026-02-13T11:07:47+00:00\",\"description\":\"Lottomat offre le pi\u00f9 grandi lotterie del mondo con i migliori jackpot. Gioca online e vinci alla grande! Acquista i biglietti e controlla i risultati.\",\"breadcrumb\":{\"@id\":\"https:\/\/lottomat.com\/it\/#breadcrumb\"},\"inLanguage\":\"it-IT\",\"potentialAction\":[{\"@type\":\"ReadAction\",\"target\":[\"https:\/\/lottomat.com\/it\/\"]}]},{\"@type\":\"ImageObject\",\"inLanguage\":\"it-IT\",\"@id\":\"https:\/\/lottomat.com\/it\/#primaryimage\",\"url\":\"https:\/\/lottomat.com\/wp-content\/uploads\/2025\/03\/play-lotteries-available-in-other-countries-300x300.png\",\"contentUrl\":\"https:\/\/lottomat.com\/wp-content\/uploads\/2025\/03\/play-lotteries-available-in-other-countries-300x300.png\"},{\"@type\":\"BreadcrumbList\",\"@id\":\"https:\/\/lottomat.com\/it\/#breadcrumb\",\"itemListElement\":[{\"@type\":\"ListItem\",\"position\":1,\"name\":\"Home\",\"item\":\"https:\/\/lottomat.com\/it\/\"},{\"@type\":\"ListItem\",\"position\":2,\"name\":\"Lottomat &#8211; le pi\u00f9 grandi lotterie del mondo in un unico posto\"}]},{\"@type\":\"WebSite\",\"@id\":\"https:\/\/lottomat.com\/it\/#website\",\"url\":\"https:\/\/lottomat.com\/it\/\",\"name\":\"Lottomat\",\"description\":\"\",\"potentialAction\":[{\"@type\":\"SearchAction\",\"target\":{\"@type\":\"EntryPoint\",\"urlTemplate\":\"https:\/\/lottomat.com\/it\/?s={search_term_string}\"},\"query-input\":{\"@type\":\"PropertyValueSpecification\",\"valueRequired\":true,\"valueName\":\"search_term_string\"}}],\"inLanguage\":\"it-IT\"}]}<\/script>\n<!-- \/ Yoast SEO plugin. -->","yoast_head_json":{"title":"Lotto Online \u2013 Biglietti della Lotteria & Risultati - Lottomat.com","description":"Lottomat offre le pi\u00f9 grandi lotterie del mondo con i migliori jackpot. Gioca online e vinci alla grande! Acquista i biglietti e controlla i risultati.","robots":{"index":"index","follow":"follow","max-snippet":"max-snippet:-1","max-image-preview":"max-image-preview:large","max-video-preview":"max-video-preview:-1"},"canonical":"https:\/\/lottomat.com\/it\/","og_locale":"it_IT","og_type":"article","og_title":"Lotto Online \u2013 Biglietti della Lotteria & Risultati - Lottomat.com","og_description":"Lottomat offre le pi\u00f9 grandi lotterie del mondo con i migliori jackpot. Gioca online e vinci alla grande! Acquista i biglietti e controlla i risultati.","og_url":"https:\/\/lottomat.com\/it\/","og_site_name":"Lottomat","article_modified_time":"2026-02-13T11:07:47+00:00","og_image":[{"url":"https:\/\/lottomat.com\/wp-content\/uploads\/2025\/03\/play-lotteries-available-in-other-countries-300x300.png"}],"twitter_card":"summary_large_image","twitter_misc":{"Tempo di lettura stimato":"4 minuti"},"schema":{"@context":"https:\/\/schema.org","@graph":[{"@type":"WebPage","@id":"https:\/\/lottomat.com\/it\/","url":"https:\/\/lottomat.com\/it\/","name":"Lotto Online \u2013 Biglietti della Lotteria & Risultati - Lottomat.com","isPartOf":{"@id":"https:\/\/lottomat.com\/it\/#website"},"primaryImageOfPage":{"@id":"https:\/\/lottomat.com\/it\/#primaryimage"},"image":{"@id":"https:\/\/lottomat.com\/it\/#primaryimage"},"thumbnailUrl":"https:\/\/lottomat.com\/wp-content\/uploads\/2025\/03\/play-lotteries-available-in-other-countries-300x300.png","datePublished":"2025-03-26T07:12:15+00:00","dateModified":"2026-02-13T11:07:47+00:00","description":"Lottomat offre le pi\u00f9 grandi lotterie del mondo con i migliori jackpot. Gioca online e vinci alla grande! Acquista i biglietti e controlla i risultati.","breadcrumb":{"@id":"https:\/\/lottomat.com\/it\/#breadcrumb"},"inLanguage":"it-IT","potentialAction":[{"@type":"ReadAction","target":["https:\/\/lottomat.com\/it\/"]}]},{"@type":"ImageObject","inLanguage":"it-IT","@id":"https:\/\/lottomat.com\/it\/#primaryimage","url":"https:\/\/lottomat.com\/wp-content\/uploads\/2025\/03\/play-lotteries-available-in-other-countries-300x300.png","contentUrl":"https:\/\/lottomat.com\/wp-content\/uploads\/2025\/03\/play-lotteries-available-in-other-countries-300x300.png"},{"@type":"BreadcrumbList","@id":"https:\/\/lottomat.com\/it\/#breadcrumb","itemListElement":[{"@type":"ListItem","position":1,"name":"Home","item":"https:\/\/lottomat.com\/it\/"},{"@type":"ListItem","position":2,"name":"Lottomat &#8211; le pi\u00f9 grandi lotterie del mondo in un unico posto"}]},{"@type":"WebSite","@id":"https:\/\/lottomat.com\/it\/#website","url":"https:\/\/lottomat.com\/it\/","name":"Lottomat","description":"","potentialAction":[{"@type":"SearchAction","target":{"@type":"EntryPoint","urlTemplate":"https:\/\/lottomat.com\/it\/?s={search_term_string}"},"query-input":{"@type":"PropertyValueSpecification","valueRequired":true,"valueName":"search_term_string"}}],"inLanguage":"it-IT"}]}},"_links":{"self":[{"href":"https:\/\/lottomat.com\/it\/wp-json\/wp\/v2\/pages\/6395","targetHints":{"allow":["GET"]}}],"collection":[{"href":"https:\/\/lottomat.com\/it\/wp-json\/wp\/v2\/pages"}],"about":[{"href":"https:\/\/lottomat.com\/it\/wp-json\/wp\/v2\/types\/page"}],"author":[{"embeddable":true,"href":"https:\/\/lottomat.com\/it\/wp-json\/wp\/v2\/users\/1"}],"replies":[{"embeddable":true,"href":"https:\/\/lottomat.com\/it\/wp-json\/wp\/v2\/comments?post=6395"}],"version-history":[{"count":1,"href":"https:\/\/lottomat.com\/it\/wp-json\/wp\/v2\/pages\/6395\/revisions"}],"predecessor-version":[{"id":270973,"href":"https:\/\/lottomat.com\/it\/wp-json\/wp\/v2\/pages\/6395\/revisions\/270973"}],"wp:attachment":[{"href":"https:\/\/lottomat.com\/it\/wp-json\/wp\/v2\/media?parent=6395"}],"curies":[{"name":"wp","href":"https:\/\/api.w.org\/{rel}","templated":true}]}}