{"id":248160,"date":"2025-05-18T16:34:38","date_gmt":"2025-05-18T16:34:38","guid":{"rendered":"https:\/\/lottomat.com\/?page_id=248160"},"modified":"2026-01-24T15:14:51","modified_gmt":"2026-01-24T15:14:51","slug":"risultati-euromillions-austria-numeri-vincenti","status":"publish","type":"page","link":"https:\/\/lottomat.com\/it\/risultati\/risultati-euromillions-austria-numeri-vincenti\/","title":{"rendered":"Risultati Euromillions Austria &#8211; Numeri Vincenti Euromillions EU"},"content":{"rendered":"\n\n<div class=\"kk-star-ratings kksr-auto kksr-align-left kksr-valign-top\"\n    data-payload='{&quot;align&quot;:&quot;left&quot;,&quot;id&quot;:&quot;248160&quot;,&quot;slug&quot;:&quot;default&quot;,&quot;valign&quot;:&quot;top&quot;,&quot;ignore&quot;:&quot;&quot;,&quot;reference&quot;:&quot;auto&quot;,&quot;class&quot;:&quot;&quot;,&quot;count&quot;:&quot;0&quot;,&quot;legendonly&quot;:&quot;&quot;,&quot;readonly&quot;:&quot;&quot;,&quot;score&quot;:&quot;0&quot;,&quot;starsonly&quot;:&quot;&quot;,&quot;best&quot;:&quot;5&quot;,&quot;gap&quot;:&quot;5&quot;,&quot;greet&quot;:&quot;Rate this page&quot;,&quot;legend&quot;:&quot;0\\\/5 - (0 votes)&quot;,&quot;size&quot;:&quot;30&quot;,&quot;title&quot;:&quot;Risultati Euromillions Austria - Numeri Vincenti Euromillions EU&quot;,&quot;width&quot;:&quot;0&quot;,&quot;_legend&quot;:&quot;{score}\\\/{best} - ({count} {votes})&quot;,&quot;font_factor&quot;:&quot;1.25&quot;}'>\n            \n<div class=\"kksr-stars\">\n    \n<div class=\"kksr-stars-inactive\">\n            <div class=\"kksr-star\" data-star=\"1\" style=\"padding-right: 5px\">\n            \n\n<div class=\"kksr-icon\" style=\"width: 30px; height: 30px;\"><\/div>\n        <\/div>\n            <div class=\"kksr-star\" data-star=\"2\" style=\"padding-right: 5px\">\n            \n\n<div class=\"kksr-icon\" style=\"width: 30px; height: 30px;\"><\/div>\n        <\/div>\n            <div class=\"kksr-star\" data-star=\"3\" style=\"padding-right: 5px\">\n            \n\n<div class=\"kksr-icon\" style=\"width: 30px; height: 30px;\"><\/div>\n        <\/div>\n            <div class=\"kksr-star\" data-star=\"4\" style=\"padding-right: 5px\">\n            \n\n<div class=\"kksr-icon\" style=\"width: 30px; height: 30px;\"><\/div>\n        <\/div>\n            <div class=\"kksr-star\" data-star=\"5\" style=\"padding-right: 5px\">\n            \n\n<div class=\"kksr-icon\" style=\"width: 30px; height: 30px;\"><\/div>\n        <\/div>\n    <\/div>\n    \n<div class=\"kksr-stars-active\" style=\"width: 0px;\">\n            <div class=\"kksr-star\" style=\"padding-right: 5px\">\n            \n\n<div class=\"kksr-icon\" style=\"width: 30px; height: 30px;\"><\/div>\n        <\/div>\n            <div class=\"kksr-star\" style=\"padding-right: 5px\">\n            \n\n<div class=\"kksr-icon\" style=\"width: 30px; height: 30px;\"><\/div>\n        <\/div>\n            <div class=\"kksr-star\" style=\"padding-right: 5px\">\n            \n\n<div class=\"kksr-icon\" style=\"width: 30px; height: 30px;\"><\/div>\n        <\/div>\n            <div class=\"kksr-star\" style=\"padding-right: 5px\">\n            \n\n<div class=\"kksr-icon\" style=\"width: 30px; height: 30px;\"><\/div>\n        <\/div>\n            <div class=\"kksr-star\" style=\"padding-right: 5px\">\n            \n\n<div class=\"kksr-icon\" style=\"width: 30px; height: 30px;\"><\/div>\n        <\/div>\n    <\/div>\n<\/div>\n                \n\n<div class=\"kksr-legend\" style=\"font-size: 24px;\">\n            <span class=\"kksr-muted\">Rate this page<\/span>\n    <\/div>\n    <\/div>\n<h2>Scopri l&#8217;emozione dei risultati Euromillions Austria<img loading=\"lazy\" decoding=\"async\" class=\"alignright wp-image-268309\" src=\"https:\/\/lottomat.com\/wp-content\/uploads\/2026\/01\/Austrian-EuroMillions-draw.webp\" alt=\"estrazione Euromillions austriaco\" width=\"200\" height=\"200\" srcset=\"https:\/\/lottomat.com\/wp-content\/uploads\/2026\/01\/Austrian-EuroMillions-draw.webp 400w, https:\/\/lottomat.com\/wp-content\/uploads\/2026\/01\/Austrian-EuroMillions-draw-300x300.webp 300w, https:\/\/lottomat.com\/wp-content\/uploads\/2026\/01\/Austrian-EuroMillions-draw-150x150.webp 150w, https:\/\/lottomat.com\/wp-content\/uploads\/2026\/01\/Austrian-EuroMillions-draw-100x100.webp 100w\" sizes=\"auto, (max-width: 200px) 100vw, 200px\" \/><\/h2>\n<p>Se hai mai sognato di cambiare la tua vita dall&#8217;oggi al domani, Euromillions Austria \u00e8 la lotteria che trasforma i sogni in realt\u00e0. Con le sue emozionanti estrazioni, jackpot che cambiano la vita e storie di incredibili vincitori, Euromillions Austria cattura l&#8217;immaginazione di milioni di persone in tutta Europa ogni settimana. Che tu sia un giocatore esperto o che stia solo pensando di acquistare il tuo primo biglietto, leggere dei risultati e delle possibilit\u00e0 pu\u00f2 accendere un senso di emozione e speranza. Immergiamoci nel mondo dei risultati Euromillions Austria, esploriamo le pi\u00f9 grandi vincite e vediamo quanto spesso la fortuna sorride ai giocatori fortunati!<\/p>\n<h2>Vincite da record: Incontra i pi\u00f9 grandi vincitori Euromillions Austria<\/h2>\n<p>Quando si tratta di jackpot mozzafiato, Euromillions Austria ha certamente fatto storia. La lotteria, come parte del pi\u00f9 ampio consorzio Euromillions, offre regolarmente premi che possono raggiungere importi straordinari, a volte superiori a 100 milioni di \u20ac. Nel corso degli anni, alcune vincite notevoli hanno avuto luogo in Austria, cambiando per sempre la vita di coloro che possedevano i biglietti fortunati.<img loading=\"lazy\" decoding=\"async\" class=\"alignleft wp-image-268340\" src=\"https:\/\/lottomat.com\/wp-content\/uploads\/2026\/01\/Austrian-EuroMillions-numbers.webp\" alt=\"numeri Euromillions austriaco\" width=\"200\" height=\"200\" srcset=\"https:\/\/lottomat.com\/wp-content\/uploads\/2026\/01\/Austrian-EuroMillions-numbers.webp 400w, https:\/\/lottomat.com\/wp-content\/uploads\/2026\/01\/Austrian-EuroMillions-numbers-300x300.webp 300w, https:\/\/lottomat.com\/wp-content\/uploads\/2026\/01\/Austrian-EuroMillions-numbers-150x150.webp 150w, https:\/\/lottomat.com\/wp-content\/uploads\/2026\/01\/Austrian-EuroMillions-numbers-100x100.webp 100w\" sizes=\"auto, (max-width: 200px) 100vw, 200px\" \/><\/p>\n<p>Una delle vincite pi\u00f9 famose in Austria si \u00e8 verificata nell&#8217;agosto 2020, quando un gruppo di colleghi di Vienna ha vinto l&#8217;incredibile cifra di 45 milioni di \u20ac. La loro storia \u00e8 diventata una sensazione in tutto il paese &#8211; amici e familiari hanno festeggiato, e i vincitori riuscivano a malapena a credere alla loro fortuna. Questa non era solo una vincita per un singolo individuo, ma per una squadra le cui vite sono state collettivamente trasformate.<\/p>\n<p>Un altro momento indimenticabile \u00e8 arrivato nel 2018, quando un giocatore di Salisburgo ha abbinato tutti e cinque i numeri principali e entrambe le Lucky Stars, assicurandosi un jackpot di 30 milioni di \u20ac. Il vincitore ha scelto di rimanere anonimo, ma le notizie locali hanno riportato un&#8217;ondata di emozione a Salisburgo, mentre la citt\u00e0 brulicava di speculazioni e gioia alla notizia.<\/p>\n<p>Mentre queste sono tra le pi\u00f9 grandi, sono tutt&#8217;altro che le uniche storie di fortuna. In tutta l&#8217;Austria, da Graz a Innsbruck, Euromillions ha creato nuovi milionari, ognuno con la propria storia unica di come un biglietto ha cambiato tutto.<\/p>\n<h2>Quanto spesso si verificano le vincite Euromillions Austria?<\/h2>\n<p>Uno degli aspetti pi\u00f9 emozionanti di Euromillions Austria \u00e8 la frequenza con cui vengono vinti <a href=\"https:\/\/lottomat.com\/it\/lotteria\/euromillions\/\">premi Euromillions Austria che cambiano la vita<\/a>. Con due estrazioni ogni settimana &#8211; marted\u00ec e venerd\u00ec &#8211; le opportunit\u00e0 di vincere sono abbondanti. In effetti, le statistiche mostrano che i giocatori austriaci reclamano regolarmente premi importanti, sia al livello del jackpot che nei livelli di premi secondari.<\/p>\n<p>Le probabilit\u00e0 di vincere qualsiasi premio in Euromillions sono incoraggianti 1 su 13, il che significa che quasi ogni estrazione porta una nuova ondata di vincitori. In Austria, centinaia di migliaia di giocatori ricevono premi ogni anno, che vanno da premi in denaro pi\u00f9 piccoli a jackpot multimilionari in euro.<img loading=\"lazy\" decoding=\"async\" class=\"alignright wp-image-268370\" src=\"https:\/\/lottomat.com\/wp-content\/uploads\/2026\/01\/EuroMillions-Austria-draw.webp\" alt=\"estrazione Euromillions Austria\" width=\"200\" height=\"200\" srcset=\"https:\/\/lottomat.com\/wp-content\/uploads\/2026\/01\/EuroMillions-Austria-draw.webp 400w, https:\/\/lottomat.com\/wp-content\/uploads\/2026\/01\/EuroMillions-Austria-draw-300x300.webp 300w, https:\/\/lottomat.com\/wp-content\/uploads\/2026\/01\/EuroMillions-Austria-draw-150x150.webp 150w, https:\/\/lottomat.com\/wp-content\/uploads\/2026\/01\/EuroMillions-Austria-draw-100x100.webp 100w\" sizes=\"auto, (max-width: 200px) 100vw, 200px\" \/><\/p>\n<p>Ci\u00f2 che \u00e8 ancora pi\u00f9 emozionante \u00e8 che Euromillions Austria spesso si accumula, aumentando il jackpot ad ogni estrazione fino a quando qualcuno non abbina tutti i numeri. Questo pu\u00f2 portare a enormi picchi nelle vendite dei biglietti e a un senso palpabile di anticipazione in tutto il paese mentre il jackpot sale sempre pi\u00f9 in alto.<\/p>\n<p>Non sono solo gli individui a vincere, per\u00f2. I sindacati &#8211; gruppi di amici, famiglie o colleghi &#8211; si uniscono regolarmente per acquistare insieme biglietti Euromillions Austria, aumentando le loro possibilit\u00e0 di vincita e, in molti casi, condividendo la gioia di un grande pagamento.<\/p>\n<h2>La gioia e la possibilit\u00e0 di una vincita Euromillions<\/h2>\n<p>Immagina di svegliarti per scoprire di essere il nuovo milionario dell&#8217;Austria. Le possibilit\u00e0 sono infinite: viaggiare per il mondo, acquistare la casa dei tuoi sogni, sostenere i tuoi cari o investire in un progetto appassionante che hai sempre sognato. Per molti vincitori Euromillions Austria, la realt\u00e0 di una grande vincita \u00e8 ancora migliore di quanto avessero immaginato.<\/p>\n<p>Abbondano le storie di vincitori che hanno usato la loro nuova fortuna per fare la differenza &#8211; non solo nelle loro vite, ma nelle loro comunit\u00e0. Alcuni hanno donato a enti di beneficenza locali, avviato imprese che hanno creato posti di lavoro o realizzato sogni di una vita. Che si tratti di un&#8217;avventura spontanea o di una pensione attentamente pianificata, la libert\u00e0 che deriva da una vincita Euromillions \u00e8 davvero straordinaria.<\/p>\n<p>Ogni marted\u00ec e venerd\u00ec, mentre vengono annunciati i risultati, migliaia di austriaci sperimentano un brivido di anticipazione. Controllare i tuoi numeri, immaginare cosa faresti se vincessi e condividere l&#8217;emozione con amici e familiari &#8211; \u00e8 tutto parte della magia che rende Euromillions Austria cos\u00ec speciale.<\/p>\n<h2>Controllare i risultati Euromillions Austria: Il tuo primo passo verso una nuova vita<\/h2>\n<p><img loading=\"lazy\" decoding=\"async\" class=\"alignleft wp-image-268401\" src=\"https:\/\/lottomat.com\/wp-content\/uploads\/2026\/01\/EuroMillions-Austria-results.webp\" alt=\"risultati Euromillions Austria\" width=\"200\" height=\"200\" srcset=\"https:\/\/lottomat.com\/wp-content\/uploads\/2026\/01\/EuroMillions-Austria-results.webp 400w, https:\/\/lottomat.com\/wp-content\/uploads\/2026\/01\/EuroMillions-Austria-results-300x300.webp 300w, https:\/\/lottomat.com\/wp-content\/uploads\/2026\/01\/EuroMillions-Austria-results-150x150.webp 150w, https:\/\/lottomat.com\/wp-content\/uploads\/2026\/01\/EuroMillions-Austria-results-100x100.webp 100w\" sizes=\"auto, (max-width: 200px) 100vw, 200px\" \/>Rimanere aggiornati con gli ultimi risultati Euromillions Austria \u00e8 essenziale per ogni giocatore. <a href=\"https:\/\/lottomat.com\/it\/risultati\/\">I risultati ufficiali della lotteria<\/a> vengono pubblicati poco dopo ogni estrazione, e controllarli non \u00e8 mai stato cos\u00ec facile &#8211; che sia online, attraverso app ufficiali o presso il tuo rivenditore locale di lotterie. Quando vengono rivelati i numeri vincenti, i cuori battono forte e le speranze si innalzano, mentre i giocatori in tutta l&#8217;Austria aspettano di vedere se sono il prossimo vincitore fortunato.<\/p>\n<p>Se ti ritrovi a possedere un biglietto vincente, il processo \u00e8 semplice. I premi maggiori possono essere reclamati presso la sede centrale delle lotterie austriache, con pieno supporto per guidarti attraverso ogni passaggio. Anche se vinci un premio pi\u00f9 piccolo, puoi reclamare le tue vincite presso rivenditori autorizzati, rendendo ogni vincita accessibile e sicura.<\/p>\n<p>Ricorda, ogni estrazione Euromillions Austria porta nuove possibilit\u00e0. Anche se non vinci il jackpot, ci sono dodici diversi livelli di premi, il che significa che migliaia di austriaci godono di vincite &#8211; grandi e piccole &#8211; ogni settimana.<\/p>\n<hr \/>\n<p>Euromillions Austria \u00e8 pi\u00f9 di un semplice gioco &#8211; \u00e8 una porta verso sogni, emozione e la possibilit\u00e0 di sperimentare la vita in un modo completamente nuovo. Con ogni estrazione, vengono scritte nuove storie e nuovi vincitori salgono alla ribalta. Sarai il prossimo a unirsi ai loro ranghi? <a href=\"https:\/\/lottomat.com\/it\/gioca\/euromillions-austria-online-acquista-biglietti\/\">Gioca a Euromillions Austria online<\/a>, controlla gli ultimi risultati Euromillions Austria e osa sognare in grande!<\/p>\n","protected":false},"excerpt":{"rendered":"<p>Scopri l&#8217;emozione dei risultati Euromillions Austria Se hai mai sognato di cambiare la tua vita dall&#8217;oggi al domani, Euromillions Austria \u00e8 la lotteria che trasforma i sogni in realt\u00e0. Con le sue emozionanti estrazioni, jackpot che cambiano la vita e storie di incredibili vincitori, Euromillions Austria cattura l&#8217;immaginazione di milioni di persone in tutta Europa [&hellip;]<\/p>\n","protected":false},"author":2,"featured_media":0,"parent":7424,"menu_order":0,"comment_status":"closed","ping_status":"closed","template":"euromillions-results.php","meta":{"_et_pb_use_builder":"","_et_pb_old_content":"","_et_gb_content_width":"","exclude_from_search":false,"footnotes":""},"class_list":["post-248160","page","type-page","status-publish","hentry"],"yoast_head":"<!-- This site is optimized with the Yoast SEO plugin v23.8 - https:\/\/yoast.com\/wordpress\/plugins\/seo\/ -->\n<title>Risultati e Numeri Vincenti Euromillions Austria \u2013 Lottomat<\/title>\n<meta name=\"description\" content=\"Controlla gli ultimi risultati e numeri vincenti di Euromillions Austria. Scopri di pi\u00f9 sui risultati ufficiali dell&#039;estrazione. Verifica se hai vinto a questa lotteria!\" \/>\n<meta name=\"robots\" content=\"index, follow, max-snippet:-1, max-image-preview:large, max-video-preview:-1\" \/>\n<link rel=\"canonical\" href=\"https:\/\/lottomat.com\/it\/risultati\/risultati-euromillions-austria-numeri-vincenti\/\" \/>\n<meta property=\"og:locale\" content=\"it_IT\" \/>\n<meta property=\"og:type\" content=\"article\" \/>\n<meta property=\"og:title\" content=\"Risultati e Numeri Vincenti Euromillions Austria \u2013 Lottomat\" \/>\n<meta property=\"og:description\" content=\"Controlla gli ultimi risultati e numeri vincenti di Euromillions Austria. Scopri di pi\u00f9 sui risultati ufficiali dell&#039;estrazione. Verifica se hai vinto a questa lotteria!\" \/>\n<meta property=\"og:url\" content=\"https:\/\/lottomat.com\/it\/risultati\/risultati-euromillions-austria-numeri-vincenti\/\" \/>\n<meta property=\"og:site_name\" content=\"Lottomat\" \/>\n<meta property=\"article:modified_time\" content=\"2026-01-24T15:14:51+00:00\" \/>\n<meta property=\"og:image\" content=\"https:\/\/lottomat.com\/wp-content\/uploads\/2026\/01\/Austrian-EuroMillions-draw.webp\" \/>\n<meta name=\"twitter:card\" content=\"summary_large_image\" \/>\n<meta name=\"twitter:label1\" content=\"Tempo di lettura stimato\" \/>\n\t<meta name=\"twitter:data1\" content=\"6 minuti\" \/>\n<script type=\"application\/ld+json\" class=\"yoast-schema-graph\">{\"@context\":\"https:\/\/schema.org\",\"@graph\":[{\"@type\":\"WebPage\",\"@id\":\"https:\/\/lottomat.com\/it\/risultati\/risultati-euromillions-austria-numeri-vincenti\/\",\"url\":\"https:\/\/lottomat.com\/it\/risultati\/risultati-euromillions-austria-numeri-vincenti\/\",\"name\":\"Risultati e Numeri Vincenti Euromillions Austria \u2013 Lottomat\",\"isPartOf\":{\"@id\":\"https:\/\/lottomat.com\/it\/#website\"},\"primaryImageOfPage\":{\"@id\":\"https:\/\/lottomat.com\/it\/risultati\/risultati-euromillions-austria-numeri-vincenti\/#primaryimage\"},\"image\":{\"@id\":\"https:\/\/lottomat.com\/it\/risultati\/risultati-euromillions-austria-numeri-vincenti\/#primaryimage\"},\"thumbnailUrl\":\"https:\/\/lottomat.com\/wp-content\/uploads\/2026\/01\/Austrian-EuroMillions-draw.webp\",\"datePublished\":\"2025-05-18T16:34:38+00:00\",\"dateModified\":\"2026-01-24T15:14:51+00:00\",\"description\":\"Controlla gli ultimi risultati e numeri vincenti di Euromillions Austria. Scopri di pi\u00f9 sui risultati ufficiali dell'estrazione. Verifica se hai vinto a questa lotteria!\",\"breadcrumb\":{\"@id\":\"https:\/\/lottomat.com\/it\/risultati\/risultati-euromillions-austria-numeri-vincenti\/#breadcrumb\"},\"inLanguage\":\"it-IT\",\"potentialAction\":[{\"@type\":\"ReadAction\",\"target\":[\"https:\/\/lottomat.com\/it\/risultati\/risultati-euromillions-austria-numeri-vincenti\/\"]}]},{\"@type\":\"ImageObject\",\"inLanguage\":\"it-IT\",\"@id\":\"https:\/\/lottomat.com\/it\/risultati\/risultati-euromillions-austria-numeri-vincenti\/#primaryimage\",\"url\":\"https:\/\/lottomat.com\/wp-content\/uploads\/2026\/01\/Austrian-EuroMillions-draw.webp\",\"contentUrl\":\"https:\/\/lottomat.com\/wp-content\/uploads\/2026\/01\/Austrian-EuroMillions-draw.webp\"},{\"@type\":\"BreadcrumbList\",\"@id\":\"https:\/\/lottomat.com\/it\/risultati\/risultati-euromillions-austria-numeri-vincenti\/#breadcrumb\",\"itemListElement\":[{\"@type\":\"ListItem\",\"position\":1,\"name\":\"Home\",\"item\":\"https:\/\/lottomat.com\/it\/\"},{\"@type\":\"ListItem\",\"position\":2,\"name\":\"Risultati delle Lotterie e Numeri Vincenti del Lotto\",\"item\":\"https:\/\/lottomat.com\/it\/risultati\/\"},{\"@type\":\"ListItem\",\"position\":3,\"name\":\"Risultati Euromillions Austria &#8211; Numeri Vincenti Euromillions EU\"}]},{\"@type\":\"WebSite\",\"@id\":\"https:\/\/lottomat.com\/it\/#website\",\"url\":\"https:\/\/lottomat.com\/it\/\",\"name\":\"Lottomat\",\"description\":\"\",\"potentialAction\":[{\"@type\":\"SearchAction\",\"target\":{\"@type\":\"EntryPoint\",\"urlTemplate\":\"https:\/\/lottomat.com\/it\/?s={search_term_string}\"},\"query-input\":{\"@type\":\"PropertyValueSpecification\",\"valueRequired\":true,\"valueName\":\"search_term_string\"}}],\"inLanguage\":\"it-IT\"}]}<\/script>\n<!-- \/ Yoast SEO plugin. -->","yoast_head_json":{"title":"Risultati e Numeri Vincenti Euromillions Austria \u2013 Lottomat","description":"Controlla gli ultimi risultati e numeri vincenti di Euromillions Austria. Scopri di pi\u00f9 sui risultati ufficiali dell'estrazione. Verifica se hai vinto a questa lotteria!","robots":{"index":"index","follow":"follow","max-snippet":"max-snippet:-1","max-image-preview":"max-image-preview:large","max-video-preview":"max-video-preview:-1"},"canonical":"https:\/\/lottomat.com\/it\/risultati\/risultati-euromillions-austria-numeri-vincenti\/","og_locale":"it_IT","og_type":"article","og_title":"Risultati e Numeri Vincenti Euromillions Austria \u2013 Lottomat","og_description":"Controlla gli ultimi risultati e numeri vincenti di Euromillions Austria. Scopri di pi\u00f9 sui risultati ufficiali dell'estrazione. Verifica se hai vinto a questa lotteria!","og_url":"https:\/\/lottomat.com\/it\/risultati\/risultati-euromillions-austria-numeri-vincenti\/","og_site_name":"Lottomat","article_modified_time":"2026-01-24T15:14:51+00:00","og_image":[{"url":"https:\/\/lottomat.com\/wp-content\/uploads\/2026\/01\/Austrian-EuroMillions-draw.webp"}],"twitter_card":"summary_large_image","twitter_misc":{"Tempo di lettura stimato":"6 minuti"},"schema":{"@context":"https:\/\/schema.org","@graph":[{"@type":"WebPage","@id":"https:\/\/lottomat.com\/it\/risultati\/risultati-euromillions-austria-numeri-vincenti\/","url":"https:\/\/lottomat.com\/it\/risultati\/risultati-euromillions-austria-numeri-vincenti\/","name":"Risultati e Numeri Vincenti Euromillions Austria \u2013 Lottomat","isPartOf":{"@id":"https:\/\/lottomat.com\/it\/#website"},"primaryImageOfPage":{"@id":"https:\/\/lottomat.com\/it\/risultati\/risultati-euromillions-austria-numeri-vincenti\/#primaryimage"},"image":{"@id":"https:\/\/lottomat.com\/it\/risultati\/risultati-euromillions-austria-numeri-vincenti\/#primaryimage"},"thumbnailUrl":"https:\/\/lottomat.com\/wp-content\/uploads\/2026\/01\/Austrian-EuroMillions-draw.webp","datePublished":"2025-05-18T16:34:38+00:00","dateModified":"2026-01-24T15:14:51+00:00","description":"Controlla gli ultimi risultati e numeri vincenti di Euromillions Austria. Scopri di pi\u00f9 sui risultati ufficiali dell'estrazione. Verifica se hai vinto a questa lotteria!","breadcrumb":{"@id":"https:\/\/lottomat.com\/it\/risultati\/risultati-euromillions-austria-numeri-vincenti\/#breadcrumb"},"inLanguage":"it-IT","potentialAction":[{"@type":"ReadAction","target":["https:\/\/lottomat.com\/it\/risultati\/risultati-euromillions-austria-numeri-vincenti\/"]}]},{"@type":"ImageObject","inLanguage":"it-IT","@id":"https:\/\/lottomat.com\/it\/risultati\/risultati-euromillions-austria-numeri-vincenti\/#primaryimage","url":"https:\/\/lottomat.com\/wp-content\/uploads\/2026\/01\/Austrian-EuroMillions-draw.webp","contentUrl":"https:\/\/lottomat.com\/wp-content\/uploads\/2026\/01\/Austrian-EuroMillions-draw.webp"},{"@type":"BreadcrumbList","@id":"https:\/\/lottomat.com\/it\/risultati\/risultati-euromillions-austria-numeri-vincenti\/#breadcrumb","itemListElement":[{"@type":"ListItem","position":1,"name":"Home","item":"https:\/\/lottomat.com\/it\/"},{"@type":"ListItem","position":2,"name":"Risultati delle Lotterie e Numeri Vincenti del Lotto","item":"https:\/\/lottomat.com\/it\/risultati\/"},{"@type":"ListItem","position":3,"name":"Risultati Euromillions Austria &#8211; Numeri Vincenti Euromillions EU"}]},{"@type":"WebSite","@id":"https:\/\/lottomat.com\/it\/#website","url":"https:\/\/lottomat.com\/it\/","name":"Lottomat","description":"","potentialAction":[{"@type":"SearchAction","target":{"@type":"EntryPoint","urlTemplate":"https:\/\/lottomat.com\/it\/?s={search_term_string}"},"query-input":{"@type":"PropertyValueSpecification","valueRequired":true,"valueName":"search_term_string"}}],"inLanguage":"it-IT"}]}},"_links":{"self":[{"href":"https:\/\/lottomat.com\/it\/wp-json\/wp\/v2\/pages\/248160","targetHints":{"allow":["GET"]}}],"collection":[{"href":"https:\/\/lottomat.com\/it\/wp-json\/wp\/v2\/pages"}],"about":[{"href":"https:\/\/lottomat.com\/it\/wp-json\/wp\/v2\/types\/page"}],"author":[{"embeddable":true,"href":"https:\/\/lottomat.com\/it\/wp-json\/wp\/v2\/users\/2"}],"replies":[{"embeddable":true,"href":"https:\/\/lottomat.com\/it\/wp-json\/wp\/v2\/comments?post=248160"}],"version-history":[{"count":1,"href":"https:\/\/lottomat.com\/it\/wp-json\/wp\/v2\/pages\/248160\/revisions"}],"predecessor-version":[{"id":269046,"href":"https:\/\/lottomat.com\/it\/wp-json\/wp\/v2\/pages\/248160\/revisions\/269046"}],"up":[{"embeddable":true,"href":"https:\/\/lottomat.com\/it\/wp-json\/wp\/v2\/pages\/7424"}],"wp:attachment":[{"href":"https:\/\/lottomat.com\/it\/wp-json\/wp\/v2\/media?parent=248160"}],"curies":[{"name":"wp","href":"https:\/\/api.w.org\/{rel}","templated":true}]}}