{"id":248157,"date":"2025-05-18T16:33:53","date_gmt":"2025-05-18T16:33:53","guid":{"rendered":"https:\/\/lottomat.com\/?page_id=248157"},"modified":"2026-01-24T15:18:03","modified_gmt":"2026-01-24T15:18:03","slug":"regole-euromillions-austria-premi-jackpot","status":"publish","type":"page","link":"https:\/\/lottomat.com\/it\/lotteria\/regole-euromillions-austria-premi-jackpot\/","title":{"rendered":"Regole Euromillions Austria: Premi e Jackpot"},"content":{"rendered":"\n\n<div class=\"kk-star-ratings kksr-auto kksr-align-left kksr-valign-top\"\n    data-payload='{&quot;align&quot;:&quot;left&quot;,&quot;id&quot;:&quot;248157&quot;,&quot;slug&quot;:&quot;default&quot;,&quot;valign&quot;:&quot;top&quot;,&quot;ignore&quot;:&quot;&quot;,&quot;reference&quot;:&quot;auto&quot;,&quot;class&quot;:&quot;&quot;,&quot;count&quot;:&quot;0&quot;,&quot;legendonly&quot;:&quot;&quot;,&quot;readonly&quot;:&quot;&quot;,&quot;score&quot;:&quot;0&quot;,&quot;starsonly&quot;:&quot;&quot;,&quot;best&quot;:&quot;5&quot;,&quot;gap&quot;:&quot;5&quot;,&quot;greet&quot;:&quot;Rate this page&quot;,&quot;legend&quot;:&quot;0\\\/5 - (0 votes)&quot;,&quot;size&quot;:&quot;30&quot;,&quot;title&quot;:&quot;Regole Euromillions Austria: Premi e Jackpot&quot;,&quot;width&quot;:&quot;0&quot;,&quot;_legend&quot;:&quot;{score}\\\/{best} - ({count} {votes})&quot;,&quot;font_factor&quot;:&quot;1.25&quot;}'>\n            \n<div class=\"kksr-stars\">\n    \n<div class=\"kksr-stars-inactive\">\n            <div class=\"kksr-star\" data-star=\"1\" style=\"padding-right: 5px\">\n            \n\n<div class=\"kksr-icon\" style=\"width: 30px; height: 30px;\"><\/div>\n        <\/div>\n            <div class=\"kksr-star\" data-star=\"2\" style=\"padding-right: 5px\">\n            \n\n<div class=\"kksr-icon\" style=\"width: 30px; height: 30px;\"><\/div>\n        <\/div>\n            <div class=\"kksr-star\" data-star=\"3\" style=\"padding-right: 5px\">\n            \n\n<div class=\"kksr-icon\" style=\"width: 30px; height: 30px;\"><\/div>\n        <\/div>\n            <div class=\"kksr-star\" data-star=\"4\" style=\"padding-right: 5px\">\n            \n\n<div class=\"kksr-icon\" style=\"width: 30px; height: 30px;\"><\/div>\n        <\/div>\n            <div class=\"kksr-star\" data-star=\"5\" style=\"padding-right: 5px\">\n            \n\n<div class=\"kksr-icon\" style=\"width: 30px; height: 30px;\"><\/div>\n        <\/div>\n    <\/div>\n    \n<div class=\"kksr-stars-active\" style=\"width: 0px;\">\n            <div class=\"kksr-star\" style=\"padding-right: 5px\">\n            \n\n<div class=\"kksr-icon\" style=\"width: 30px; height: 30px;\"><\/div>\n        <\/div>\n            <div class=\"kksr-star\" style=\"padding-right: 5px\">\n            \n\n<div class=\"kksr-icon\" style=\"width: 30px; height: 30px;\"><\/div>\n        <\/div>\n            <div class=\"kksr-star\" style=\"padding-right: 5px\">\n            \n\n<div class=\"kksr-icon\" style=\"width: 30px; height: 30px;\"><\/div>\n        <\/div>\n            <div class=\"kksr-star\" style=\"padding-right: 5px\">\n            \n\n<div class=\"kksr-icon\" style=\"width: 30px; height: 30px;\"><\/div>\n        <\/div>\n            <div class=\"kksr-star\" style=\"padding-right: 5px\">\n            \n\n<div class=\"kksr-icon\" style=\"width: 30px; height: 30px;\"><\/div>\n        <\/div>\n    <\/div>\n<\/div>\n                \n\n<div class=\"kksr-legend\" style=\"font-size: 24px;\">\n            <span class=\"kksr-muted\">Rate this page<\/span>\n    <\/div>\n    <\/div>\n<h2>Scopri l&#8217;emozione di Euromillions Austria \u2013 La tua porta verso vincite che cambiano la vita!<\/h2>\n<p><img loading=\"lazy\" decoding=\"async\" class=\"alignleft wp-image-268187\" src=\"https:\/\/lottomat.com\/wp-content\/uploads\/2026\/01\/Austrian-EuroMillions-prizes.webp\" alt=\"premi Euromillions austriaco\" width=\"200\" height=\"200\" srcset=\"https:\/\/lottomat.com\/wp-content\/uploads\/2026\/01\/Austrian-EuroMillions-prizes.webp 400w, https:\/\/lottomat.com\/wp-content\/uploads\/2026\/01\/Austrian-EuroMillions-prizes-300x300.webp 300w, https:\/\/lottomat.com\/wp-content\/uploads\/2026\/01\/Austrian-EuroMillions-prizes-150x150.webp 150w, https:\/\/lottomat.com\/wp-content\/uploads\/2026\/01\/Austrian-EuroMillions-prizes-100x100.webp 100w\" sizes=\"auto, (max-width: 200px) 100vw, 200px\" \/>Immagina di svegliarti domani e realizzare che i tuoi sogni possono finalmente avverarsi \u2013 una casa lussuosa, vacanze esotiche, sicurezza finanziaria per i tuoi cari e la libert\u00e0 di vivere la vita alle tue condizioni. Con Euromillions Austria, ufficialmente noto come Euromillions EU, questo sogno potrebbe diventare la tua realt\u00e0! Come una delle lotterie pi\u00f9 popolari ed emozionanti d&#8217;Europa, Euromillions Austria ti offre l&#8217;opportunit\u00e0 unica di vincere jackpot strabilianti e di far parte di un&#8217;esperienza emozionante che cambia la vita. Immergiamoci in tutto ci\u00f2 che devi sapere su questa incredibile lotteria e cosa la distingue dalla sua controparte del Regno Unito. Scopri di pi\u00f9 sulle regole di Euromillions Austria, e poi&#8230; <a href=\"https:\/\/lottomat.com\/it\/gioca\/euromillions-austria-online-acquista-biglietti\/\">gioca a Euromillions Austria online<\/a> su Lottomat!<\/p>\n<h2>Cos&#8217;\u00e8 Euromillions Austria (Euromillions EU)?<\/h2>\n<p>Euromillions Austria \u00e8 la partecipazione austriaca alla famosa lotteria Euromillions, una lotteria europea transnazionale che riunisce giocatori dall&#8217;Austria, Spagna, Francia, Belgio, Irlanda, Lussemburgo, Portogallo e Svizzera. Lanciata nel 2004, Euromillions \u00e8 diventata rapidamente una sensazione in tutto il continente, grazie ai suoi enormi jackpot e al suo gioco semplice e coinvolgente.<\/p>\n<p>Per giocare a Euromillions Austria, i partecipanti selezionano cinque numeri principali da 1 a 50 e due numeri Lucky Star da 1 a 12. Le estrazioni si svolgono ogni marted\u00ec e venerd\u00ec sera a Parigi, e l&#8217;emozione \u00e8 palpabile mentre milioni di europei trattengono il respiro, sperando di vedere uscire i loro numeri!<\/p>\n<h2>Come funziona Euromillions Austria? Regole Euromillions Austria<img loading=\"lazy\" decoding=\"async\" class=\"alignright wp-image-268217\" src=\"https:\/\/lottomat.com\/wp-content\/uploads\/2026\/01\/Austrian-EuroMillions-rules.webp\" alt=\"regole Euromillions austriaco\" width=\"200\" height=\"200\" srcset=\"https:\/\/lottomat.com\/wp-content\/uploads\/2026\/01\/Austrian-EuroMillions-rules.webp 400w, https:\/\/lottomat.com\/wp-content\/uploads\/2026\/01\/Austrian-EuroMillions-rules-300x300.webp 300w, https:\/\/lottomat.com\/wp-content\/uploads\/2026\/01\/Austrian-EuroMillions-rules-150x150.webp 150w, https:\/\/lottomat.com\/wp-content\/uploads\/2026\/01\/Austrian-EuroMillions-rules-100x100.webp 100w\" sizes=\"auto, (max-width: 200px) 100vw, 200px\" \/><\/h2>\n<p>Iniziare \u00e8 facile e accessibile per tutti. <a href=\"https:\/\/lottomat.com\/it\/gioca\/\">Puoi acquistare i tuoi biglietti della lotteria<\/a> presso punti vendita autorizzati in tutta l&#8217;Austria o giocare online comodamente da casa tua. Il jackpot minimo inizia alla cifra sbalorditiva di 17 milioni di \u20ac, ma con gli accumuli, pu\u00f2 salire fino a una cifra mozzafiato di 240 milioni di \u20ac! Ci sono 13 diversi livelli di premi, il che significa che hai molteplici possibilit\u00e0 di vincere, anche se non centri il jackpot.<\/p>\n<p>Quando giochi a Euromillions Austria, non ti stai solo unendo a una lotteria \u2013 ti stai unendo a una comunit\u00e0 di sognatori, tutti sperando in quel momento magico in cui le loro vite vengono trasformate per sempre. Che tu vinca un premio pi\u00f9 piccolo o centri il jackpot da record, ogni biglietto racchiude la promessa di un domani pi\u00f9 luminoso.<\/p>\n<h2>Euromillions Austria vs Euromillions UK \u2013 Differenze chiave<\/h2>\n<p><img loading=\"lazy\" decoding=\"async\" class=\"alignleft wp-image-268247\" src=\"https:\/\/lottomat.com\/wp-content\/uploads\/2026\/01\/EuroMillions-Austria-jackpot.webp\" alt=\"jackpot Euromillions Austria\" width=\"200\" height=\"200\" srcset=\"https:\/\/lottomat.com\/wp-content\/uploads\/2026\/01\/EuroMillions-Austria-jackpot.webp 400w, https:\/\/lottomat.com\/wp-content\/uploads\/2026\/01\/EuroMillions-Austria-jackpot-300x300.webp 300w, https:\/\/lottomat.com\/wp-content\/uploads\/2026\/01\/EuroMillions-Austria-jackpot-150x150.webp 150w, https:\/\/lottomat.com\/wp-content\/uploads\/2026\/01\/EuroMillions-Austria-jackpot-100x100.webp 100w\" sizes=\"auto, (max-width: 200px) 100vw, 200px\" \/>Mentre sia l&#8217;Austria che il Regno Unito partecipano a Euromillions, ci sono alcune importanti differenze da tenere a mente:<\/p>\n<ol>\n<li><strong>Prezzo del biglietto<\/strong>: In Austria, un singolo <a href=\"https:\/\/lottomat.com\/it\/gioca\/euromillions-austria-online-acquista-biglietti\/\">biglietto Euromillions Austria<\/a> \u00e8 prezzato in euro. Nel Regno Unito, il prezzo del biglietto \u00e8 calcolato in sterline ed \u00e8 leggermente pi\u00f9 alto che in Austria perch\u00e9 include la partecipazione al gioco UK Millionaire Maker, che garantisce almeno un milionario britannico in ogni estrazione.<\/li>\n<li><strong>Valuta e premi<\/strong>: I premi Euromillions Austria vengono pagati in euro, mentre i giocatori del Regno Unito ricevono le loro vincite in sterline. Il valore dei premi secondari pu\u00f2 variare leggermente a causa dei tassi di cambio.<\/li>\n<li><strong>Giochi aggiuntivi<\/strong>: I giocatori austriaci possono partecipare all'&#8221;\u00d6sterreich Bonus&#8221; \u2013 un&#8217;estrazione aggiuntiva esclusiva che ti d\u00e0 ancora pi\u00f9 possibilit\u00e0 di vincere. L&#8217;equivalente del Regno Unito \u00e8 il Millionaire Maker, che \u00e8 incluso automaticamente con ogni biglietto.<\/li>\n<li><strong>Tassazione<\/strong>: In Austria, le vincite della lotteria sono esentasse, quindi puoi tenere ogni centesimo del tuo premio! Nel Regno Unito, le vincite della lotteria sono attualmente anch&#8217;esse esentasse, ma controlla sempre le normative pi\u00f9 recenti.<\/li>\n<\/ol>\n<h2>Perch\u00e9 giocare a Euromillions Austria? La magia delle vincite che cambiano la vita<\/h2>\n<p>Euromillions Austria non riguarda solo grandi soldi \u2013 riguarda speranza, emozione e il brivido della possibilit\u00e0. Ogni estrazione \u00e8 una nuova opportunit\u00e0 per cambiare la tua vita, per trattare la tua famiglia, per sostenere enti di beneficenza o per intraprendere grandi avventure che hai sempre sognato. Le storie di persone ordinarie che diventano milionari dall&#8217;oggi al domani sono reali e ispiratrici \u2013 potresti essere il prossimo!<img loading=\"lazy\" decoding=\"async\" class=\"alignright wp-image-268278\" src=\"https:\/\/lottomat.com\/wp-content\/uploads\/2026\/01\/EuroMillions-Austria-rules.webp\" alt=\"regole Euromillions Austria\" width=\"200\" height=\"200\" srcset=\"https:\/\/lottomat.com\/wp-content\/uploads\/2026\/01\/EuroMillions-Austria-rules.webp 400w, https:\/\/lottomat.com\/wp-content\/uploads\/2026\/01\/EuroMillions-Austria-rules-300x300.webp 300w, https:\/\/lottomat.com\/wp-content\/uploads\/2026\/01\/EuroMillions-Austria-rules-150x150.webp 150w, https:\/\/lottomat.com\/wp-content\/uploads\/2026\/01\/EuroMillions-Austria-rules-100x100.webp 100w\" sizes=\"auto, (max-width: 200px) 100vw, 200px\" \/><\/p>\n<p>Cosa stai aspettando? La prossima estrazione Euromillions Austria potrebbe essere il tuo biglietto per un futuro pieno di risate, lusso e possibilit\u00e0 illimitate. Acquista il tuo biglietto, sogna in grande e abbraccia l&#8217;emozione \u2013 perch\u00e9 con Euromillions Austria, tutto pu\u00f2 succedere!<\/p>\n<p><strong>Unisciti all&#8217;emozione oggi \u2013 e lascia che i tuoi sogni prendano il volo con Euromillions Austria! Controlla i <a href=\"https:\/\/lottomat.com\/it\/risultati\/risultati-euromillions-austria-numeri-vincenti\/\">numeri vincenti di Euromillions Austria<\/a>.<\/strong><\/p>\n","protected":false},"excerpt":{"rendered":"<p>Scopri l&#8217;emozione di Euromillions Austria \u2013 La tua porta verso vincite che cambiano la vita! Immagina di svegliarti domani e realizzare che i tuoi sogni possono finalmente avverarsi \u2013 una casa lussuosa, vacanze esotiche, sicurezza finanziaria per i tuoi cari e la libert\u00e0 di vivere la vita alle tue condizioni. Con Euromillions Austria, ufficialmente noto [&hellip;]<\/p>\n","protected":false},"author":2,"featured_media":0,"parent":6870,"menu_order":0,"comment_status":"closed","ping_status":"closed","template":"euromillions-at-info.php","meta":{"_et_pb_use_builder":"","_et_pb_old_content":"","_et_gb_content_width":"","exclude_from_search":false,"footnotes":""},"class_list":["post-248157","page","type-page","status-publish","hentry"],"yoast_head":"<!-- This site is optimized with the Yoast SEO plugin v23.8 - https:\/\/yoast.com\/wordpress\/plugins\/seo\/ -->\n<title>Regole Euromillions Austria: Premi &amp; Jackpot \u2013 Lottomat<\/title>\n<meta name=\"description\" content=\"Scopri di pi\u00f9 sulle regole di gioco di Euromillions Austria. Qui puoi controllare i premi e il jackpot di Euromillions Austria. Controlla le tue possibilit\u00e0.\" \/>\n<meta name=\"robots\" content=\"index, follow, max-snippet:-1, max-image-preview:large, max-video-preview:-1\" \/>\n<link rel=\"canonical\" href=\"https:\/\/lottomat.com\/it\/lotteria\/regole-euromillions-austria-premi-jackpot\/\" \/>\n<meta property=\"og:locale\" content=\"it_IT\" \/>\n<meta property=\"og:type\" content=\"article\" \/>\n<meta property=\"og:title\" content=\"Regole Euromillions Austria: Premi &amp; Jackpot \u2013 Lottomat\" \/>\n<meta property=\"og:description\" content=\"Scopri di pi\u00f9 sulle regole di gioco di Euromillions Austria. Qui puoi controllare i premi e il jackpot di Euromillions Austria. Controlla le tue possibilit\u00e0.\" \/>\n<meta property=\"og:url\" content=\"https:\/\/lottomat.com\/it\/lotteria\/regole-euromillions-austria-premi-jackpot\/\" \/>\n<meta property=\"og:site_name\" content=\"Lottomat\" \/>\n<meta property=\"article:modified_time\" content=\"2026-01-24T15:18:03+00:00\" \/>\n<meta property=\"og:image\" content=\"https:\/\/lottomat.com\/wp-content\/uploads\/2026\/01\/Austrian-EuroMillions-prizes.webp\" \/>\n<meta name=\"twitter:card\" content=\"summary_large_image\" \/>\n<meta name=\"twitter:label1\" content=\"Tempo di lettura stimato\" \/>\n\t<meta name=\"twitter:data1\" content=\"5 minuti\" \/>\n<script type=\"application\/ld+json\" class=\"yoast-schema-graph\">{\"@context\":\"https:\/\/schema.org\",\"@graph\":[{\"@type\":\"WebPage\",\"@id\":\"https:\/\/lottomat.com\/it\/lotteria\/regole-euromillions-austria-premi-jackpot\/\",\"url\":\"https:\/\/lottomat.com\/it\/lotteria\/regole-euromillions-austria-premi-jackpot\/\",\"name\":\"Regole Euromillions Austria: Premi & Jackpot \u2013 Lottomat\",\"isPartOf\":{\"@id\":\"https:\/\/lottomat.com\/it\/#website\"},\"primaryImageOfPage\":{\"@id\":\"https:\/\/lottomat.com\/it\/lotteria\/regole-euromillions-austria-premi-jackpot\/#primaryimage\"},\"image\":{\"@id\":\"https:\/\/lottomat.com\/it\/lotteria\/regole-euromillions-austria-premi-jackpot\/#primaryimage\"},\"thumbnailUrl\":\"https:\/\/lottomat.com\/wp-content\/uploads\/2026\/01\/Austrian-EuroMillions-prizes.webp\",\"datePublished\":\"2025-05-18T16:33:53+00:00\",\"dateModified\":\"2026-01-24T15:18:03+00:00\",\"description\":\"Scopri di pi\u00f9 sulle regole di gioco di Euromillions Austria. Qui puoi controllare i premi e il jackpot di Euromillions Austria. Controlla le tue possibilit\u00e0.\",\"breadcrumb\":{\"@id\":\"https:\/\/lottomat.com\/it\/lotteria\/regole-euromillions-austria-premi-jackpot\/#breadcrumb\"},\"inLanguage\":\"it-IT\",\"potentialAction\":[{\"@type\":\"ReadAction\",\"target\":[\"https:\/\/lottomat.com\/it\/lotteria\/regole-euromillions-austria-premi-jackpot\/\"]}]},{\"@type\":\"ImageObject\",\"inLanguage\":\"it-IT\",\"@id\":\"https:\/\/lottomat.com\/it\/lotteria\/regole-euromillions-austria-premi-jackpot\/#primaryimage\",\"url\":\"https:\/\/lottomat.com\/wp-content\/uploads\/2026\/01\/Austrian-EuroMillions-prizes.webp\",\"contentUrl\":\"https:\/\/lottomat.com\/wp-content\/uploads\/2026\/01\/Austrian-EuroMillions-prizes.webp\"},{\"@type\":\"BreadcrumbList\",\"@id\":\"https:\/\/lottomat.com\/it\/lotteria\/regole-euromillions-austria-premi-jackpot\/#breadcrumb\",\"itemListElement\":[{\"@type\":\"ListItem\",\"position\":1,\"name\":\"Home\",\"item\":\"https:\/\/lottomat.com\/it\/\"},{\"@type\":\"ListItem\",\"position\":2,\"name\":\"Regole delle Lotterie: Premi, Jackpot e Probabilit\u00e0\",\"item\":\"https:\/\/lottomat.com\/it\/lotteria\/\"},{\"@type\":\"ListItem\",\"position\":3,\"name\":\"Regole Euromillions Austria: Premi e Jackpot\"}]},{\"@type\":\"WebSite\",\"@id\":\"https:\/\/lottomat.com\/it\/#website\",\"url\":\"https:\/\/lottomat.com\/it\/\",\"name\":\"Lottomat\",\"description\":\"\",\"potentialAction\":[{\"@type\":\"SearchAction\",\"target\":{\"@type\":\"EntryPoint\",\"urlTemplate\":\"https:\/\/lottomat.com\/it\/?s={search_term_string}\"},\"query-input\":{\"@type\":\"PropertyValueSpecification\",\"valueRequired\":true,\"valueName\":\"search_term_string\"}}],\"inLanguage\":\"it-IT\"}]}<\/script>\n<!-- \/ Yoast SEO plugin. -->","yoast_head_json":{"title":"Regole Euromillions Austria: Premi & Jackpot \u2013 Lottomat","description":"Scopri di pi\u00f9 sulle regole di gioco di Euromillions Austria. Qui puoi controllare i premi e il jackpot di Euromillions Austria. Controlla le tue possibilit\u00e0.","robots":{"index":"index","follow":"follow","max-snippet":"max-snippet:-1","max-image-preview":"max-image-preview:large","max-video-preview":"max-video-preview:-1"},"canonical":"https:\/\/lottomat.com\/it\/lotteria\/regole-euromillions-austria-premi-jackpot\/","og_locale":"it_IT","og_type":"article","og_title":"Regole Euromillions Austria: Premi & Jackpot \u2013 Lottomat","og_description":"Scopri di pi\u00f9 sulle regole di gioco di Euromillions Austria. Qui puoi controllare i premi e il jackpot di Euromillions Austria. Controlla le tue possibilit\u00e0.","og_url":"https:\/\/lottomat.com\/it\/lotteria\/regole-euromillions-austria-premi-jackpot\/","og_site_name":"Lottomat","article_modified_time":"2026-01-24T15:18:03+00:00","og_image":[{"url":"https:\/\/lottomat.com\/wp-content\/uploads\/2026\/01\/Austrian-EuroMillions-prizes.webp"}],"twitter_card":"summary_large_image","twitter_misc":{"Tempo di lettura stimato":"5 minuti"},"schema":{"@context":"https:\/\/schema.org","@graph":[{"@type":"WebPage","@id":"https:\/\/lottomat.com\/it\/lotteria\/regole-euromillions-austria-premi-jackpot\/","url":"https:\/\/lottomat.com\/it\/lotteria\/regole-euromillions-austria-premi-jackpot\/","name":"Regole Euromillions Austria: Premi & Jackpot \u2013 Lottomat","isPartOf":{"@id":"https:\/\/lottomat.com\/it\/#website"},"primaryImageOfPage":{"@id":"https:\/\/lottomat.com\/it\/lotteria\/regole-euromillions-austria-premi-jackpot\/#primaryimage"},"image":{"@id":"https:\/\/lottomat.com\/it\/lotteria\/regole-euromillions-austria-premi-jackpot\/#primaryimage"},"thumbnailUrl":"https:\/\/lottomat.com\/wp-content\/uploads\/2026\/01\/Austrian-EuroMillions-prizes.webp","datePublished":"2025-05-18T16:33:53+00:00","dateModified":"2026-01-24T15:18:03+00:00","description":"Scopri di pi\u00f9 sulle regole di gioco di Euromillions Austria. Qui puoi controllare i premi e il jackpot di Euromillions Austria. Controlla le tue possibilit\u00e0.","breadcrumb":{"@id":"https:\/\/lottomat.com\/it\/lotteria\/regole-euromillions-austria-premi-jackpot\/#breadcrumb"},"inLanguage":"it-IT","potentialAction":[{"@type":"ReadAction","target":["https:\/\/lottomat.com\/it\/lotteria\/regole-euromillions-austria-premi-jackpot\/"]}]},{"@type":"ImageObject","inLanguage":"it-IT","@id":"https:\/\/lottomat.com\/it\/lotteria\/regole-euromillions-austria-premi-jackpot\/#primaryimage","url":"https:\/\/lottomat.com\/wp-content\/uploads\/2026\/01\/Austrian-EuroMillions-prizes.webp","contentUrl":"https:\/\/lottomat.com\/wp-content\/uploads\/2026\/01\/Austrian-EuroMillions-prizes.webp"},{"@type":"BreadcrumbList","@id":"https:\/\/lottomat.com\/it\/lotteria\/regole-euromillions-austria-premi-jackpot\/#breadcrumb","itemListElement":[{"@type":"ListItem","position":1,"name":"Home","item":"https:\/\/lottomat.com\/it\/"},{"@type":"ListItem","position":2,"name":"Regole delle Lotterie: Premi, Jackpot e Probabilit\u00e0","item":"https:\/\/lottomat.com\/it\/lotteria\/"},{"@type":"ListItem","position":3,"name":"Regole Euromillions Austria: Premi e Jackpot"}]},{"@type":"WebSite","@id":"https:\/\/lottomat.com\/it\/#website","url":"https:\/\/lottomat.com\/it\/","name":"Lottomat","description":"","potentialAction":[{"@type":"SearchAction","target":{"@type":"EntryPoint","urlTemplate":"https:\/\/lottomat.com\/it\/?s={search_term_string}"},"query-input":{"@type":"PropertyValueSpecification","valueRequired":true,"valueName":"search_term_string"}}],"inLanguage":"it-IT"}]}},"_links":{"self":[{"href":"https:\/\/lottomat.com\/it\/wp-json\/wp\/v2\/pages\/248157","targetHints":{"allow":["GET"]}}],"collection":[{"href":"https:\/\/lottomat.com\/it\/wp-json\/wp\/v2\/pages"}],"about":[{"href":"https:\/\/lottomat.com\/it\/wp-json\/wp\/v2\/types\/page"}],"author":[{"embeddable":true,"href":"https:\/\/lottomat.com\/it\/wp-json\/wp\/v2\/users\/2"}],"replies":[{"embeddable":true,"href":"https:\/\/lottomat.com\/it\/wp-json\/wp\/v2\/comments?post=248157"}],"version-history":[{"count":2,"href":"https:\/\/lottomat.com\/it\/wp-json\/wp\/v2\/pages\/248157\/revisions"}],"predecessor-version":[{"id":269048,"href":"https:\/\/lottomat.com\/it\/wp-json\/wp\/v2\/pages\/248157\/revisions\/269048"}],"up":[{"embeddable":true,"href":"https:\/\/lottomat.com\/it\/wp-json\/wp\/v2\/pages\/6870"}],"wp:attachment":[{"href":"https:\/\/lottomat.com\/it\/wp-json\/wp\/v2\/media?parent=248157"}],"curies":[{"name":"wp","href":"https:\/\/api.w.org\/{rel}","templated":true}]}}