{"id":248154,"date":"2025-05-18T16:39:08","date_gmt":"2025-05-18T16:39:08","guid":{"rendered":"https:\/\/lottomat.com\/?page_id=248154"},"modified":"2026-01-24T15:10:31","modified_gmt":"2026-01-24T15:10:31","slug":"euromillions-austria-online-acquista-biglietti","status":"publish","type":"page","link":"https:\/\/lottomat.com\/it\/gioca\/euromillions-austria-online-acquista-biglietti\/","title":{"rendered":"Euromillions EU Online &#8211; Biglietti Euromillions Austria"},"content":{"rendered":"\n\n<div class=\"kk-star-ratings kksr-auto kksr-align-left kksr-valign-top\"\n    data-payload='{&quot;align&quot;:&quot;left&quot;,&quot;id&quot;:&quot;248154&quot;,&quot;slug&quot;:&quot;default&quot;,&quot;valign&quot;:&quot;top&quot;,&quot;ignore&quot;:&quot;&quot;,&quot;reference&quot;:&quot;auto&quot;,&quot;class&quot;:&quot;&quot;,&quot;count&quot;:&quot;0&quot;,&quot;legendonly&quot;:&quot;&quot;,&quot;readonly&quot;:&quot;&quot;,&quot;score&quot;:&quot;0&quot;,&quot;starsonly&quot;:&quot;&quot;,&quot;best&quot;:&quot;5&quot;,&quot;gap&quot;:&quot;5&quot;,&quot;greet&quot;:&quot;Rate this page&quot;,&quot;legend&quot;:&quot;0\\\/5 - (0 votes)&quot;,&quot;size&quot;:&quot;30&quot;,&quot;title&quot;:&quot;Euromillions EU Online - Biglietti Euromillions Austria&quot;,&quot;width&quot;:&quot;0&quot;,&quot;_legend&quot;:&quot;{score}\\\/{best} - ({count} {votes})&quot;,&quot;font_factor&quot;:&quot;1.25&quot;}'>\n            \n<div class=\"kksr-stars\">\n    \n<div class=\"kksr-stars-inactive\">\n            <div class=\"kksr-star\" data-star=\"1\" style=\"padding-right: 5px\">\n            \n\n<div class=\"kksr-icon\" style=\"width: 30px; height: 30px;\"><\/div>\n        <\/div>\n            <div class=\"kksr-star\" data-star=\"2\" style=\"padding-right: 5px\">\n            \n\n<div class=\"kksr-icon\" style=\"width: 30px; height: 30px;\"><\/div>\n        <\/div>\n            <div class=\"kksr-star\" data-star=\"3\" style=\"padding-right: 5px\">\n            \n\n<div class=\"kksr-icon\" style=\"width: 30px; height: 30px;\"><\/div>\n        <\/div>\n            <div class=\"kksr-star\" data-star=\"4\" style=\"padding-right: 5px\">\n            \n\n<div class=\"kksr-icon\" style=\"width: 30px; height: 30px;\"><\/div>\n        <\/div>\n            <div class=\"kksr-star\" data-star=\"5\" style=\"padding-right: 5px\">\n            \n\n<div class=\"kksr-icon\" style=\"width: 30px; height: 30px;\"><\/div>\n        <\/div>\n    <\/div>\n    \n<div class=\"kksr-stars-active\" style=\"width: 0px;\">\n            <div class=\"kksr-star\" style=\"padding-right: 5px\">\n            \n\n<div class=\"kksr-icon\" style=\"width: 30px; height: 30px;\"><\/div>\n        <\/div>\n            <div class=\"kksr-star\" style=\"padding-right: 5px\">\n            \n\n<div class=\"kksr-icon\" style=\"width: 30px; height: 30px;\"><\/div>\n        <\/div>\n            <div class=\"kksr-star\" style=\"padding-right: 5px\">\n            \n\n<div class=\"kksr-icon\" style=\"width: 30px; height: 30px;\"><\/div>\n        <\/div>\n            <div class=\"kksr-star\" style=\"padding-right: 5px\">\n            \n\n<div class=\"kksr-icon\" style=\"width: 30px; height: 30px;\"><\/div>\n        <\/div>\n            <div class=\"kksr-star\" style=\"padding-right: 5px\">\n            \n\n<div class=\"kksr-icon\" style=\"width: 30px; height: 30px;\"><\/div>\n        <\/div>\n    <\/div>\n<\/div>\n                \n\n<div class=\"kksr-legend\" style=\"font-size: 24px;\">\n            <span class=\"kksr-muted\">Rate this page<\/span>\n    <\/div>\n    <\/div>\n<h2>Scopri l&#8217;emozione di Euromillions EU \u2013 Il modo austriaco per grandi vincite<\/h2>\n<p><img loading=\"lazy\" decoding=\"async\" class=\"alignright wp-image-268063\" src=\"https:\/\/lottomat.com\/wp-content\/uploads\/2026\/01\/Austrian-EuroMillions.webp\" alt=\"Euromillions austriaco\" width=\"200\" height=\"200\" srcset=\"https:\/\/lottomat.com\/wp-content\/uploads\/2026\/01\/Austrian-EuroMillions.webp 400w, https:\/\/lottomat.com\/wp-content\/uploads\/2026\/01\/Austrian-EuroMillions-300x300.webp 300w, https:\/\/lottomat.com\/wp-content\/uploads\/2026\/01\/Austrian-EuroMillions-150x150.webp 150w, https:\/\/lottomat.com\/wp-content\/uploads\/2026\/01\/Austrian-EuroMillions-100x100.webp 100w\" sizes=\"auto, (max-width: 200px) 100vw, 200px\" \/><\/p>\n<p>Immagina di svegliarti in una vita dove tutti i tuoi sogni sono a portata di mano, dove i numeri che hai scelto la scorsa notte hanno trasformato il tuo futuro per sempre. Questa \u00e8 l&#8217;emozione che attende ogni partecipante a <strong>Euromillions EU<\/strong>, conosciuto anche come <strong>Euromillions Austria<\/strong>. Con jackpot che catturano l&#8217;immaginazione e l&#8217;emozione di milioni, questa lotteria \u00e8 il tuo biglietto per un mondo di possibilit\u00e0.<\/p>\n<p>Euromillions EU non \u00e8 solo un&#8217;altra lotteria \u2013 \u00e8 un&#8217;esperienza che unisce i giocatori in tutto il continente nella speranza condivisa di arricchirsi. L&#8217;anticipazione, il fermento della serata dell&#8217;estrazione e la possibilit\u00e0 di unirsi ai ranghi dei pi\u00f9 grandi vincitori d&#8217;Europa \u2013 tutto inizia con un singolo biglietto.<\/p>\n<h2>Cosa rende Euromillions Austria unico?<\/h2>\n<p>Se hai familiarit\u00e0 con il fenomeno globale di Euromillions, potresti chiederti cosa distingue la versione EU \u2013 specialmente Euromillions Austria \u2013 dalla sua controparte del Regno Unito. La risposta sta nei dettagli, e per gli appassionati di lotterie, quei dettagli contano.<\/p>\n<p><img loading=\"lazy\" decoding=\"async\" class=\"alignleft wp-image-268094\" src=\"https:\/\/lottomat.com\/wp-content\/uploads\/2026\/01\/EuroMillions-Austria-online.webp\" alt=\"Euromillions Austria online\" width=\"200\" height=\"200\" srcset=\"https:\/\/lottomat.com\/wp-content\/uploads\/2026\/01\/EuroMillions-Austria-online.webp 400w, https:\/\/lottomat.com\/wp-content\/uploads\/2026\/01\/EuroMillions-Austria-online-300x300.webp 300w, https:\/\/lottomat.com\/wp-content\/uploads\/2026\/01\/EuroMillions-Austria-online-150x150.webp 150w, https:\/\/lottomat.com\/wp-content\/uploads\/2026\/01\/EuroMillions-Austria-online-100x100.webp 100w\" sizes=\"auto, (max-width: 200px) 100vw, 200px\" \/>Euromillions EU segue il <a href=\"https:\/\/lottomat.com\/it\/lotteria\/euromillions\/\">formato classico di Euromillions<\/a>, ma i biglietti vengono acquistati e le vincite vengono pagate secondo le regole e la tassazione austriache. Questo spesso significa diverse strutture di pagamento e talvolta condizioni fiscali pi\u00f9 favorevoli per i vincitori, a seconda del tuo paese di residenza. A differenza della versione del Regno Unito, dove i biglietti vengono acquistati in sterline e soggetti alle normative britanniche sulle lotterie, Euromillions Austria opera in euro e segue le leggi austriache sul gioco. Questo pu\u00f2 fare la differenza non solo in come giochi, ma anche in quanto porti a casa alla fine se vinci.<\/p>\n<p>Un&#8217;altra differenza notevole \u00e8 la gamma di giochi aggiuntivi e lotterie che a volte accompagnano le estrazioni di Euromillions UK, come il UK Millionaire Maker. Mentre questi sono esclusivi per i partecipanti del Regno Unito, giocare attraverso Euromillions EU significa che sei parte di un&#8217;esperienza di lotteria veramente paneuropea, condividendo l&#8217;emozione con giocatori dall&#8217;Austria, Spagna, Francia, Portogallo, Belgio, Irlanda, Lussemburgo e Svizzera. Il senso di comunit\u00e0 e la scala del gioco rendono ogni estrazione un evento veramente internazionale.<\/p>\n<h2>Il ritmo dell&#8217;emozione \u2013 Quando sono le estrazioni?<\/h2>\n<p>Euromillions EU mantiene viva l&#8217;emozione con due estrazioni ogni settimana, che si svolgono ogni marted\u00ec e venerd\u00ec sera. Questo ritmo regolare significa che l&#8217;opportunit\u00e0 di cambiare la tua vita non \u00e8 mai lontana \u2013 solo pochi giorni separano ogni possibilit\u00e0 di diventare il prossimo grande vincitore d&#8217;Europa. L&#8217;anticipazione cresce durante la settimana, e ogni estrazione \u00e8 un nuovo inizio, una nuova opportunit\u00e0 di fortuna che potrebbe essere proprio dietro l&#8217;angolo.<\/p>\n<p>C&#8217;\u00e8 una magia speciale nel sapere che due volte a settimana, qualcuno, da qualche parte in Europa, vedr\u00e0 uscire i propri numeri. Perch\u00e9 non dovresti essere tu? Con estrazioni cos\u00ec frequenti, Euromillions EU offre molte opportunit\u00e0 per giocare, sognare e vincere.<\/p>\n<h2>Perch\u00e9 giocare a Euromillions Austria? La gioia di inseguire grandi sogni<\/h2>\n<p>Il vero fascino di Euromillions EU risiede nelle possibilit\u00e0 che cambiano la vita che offre. I jackpot raggiungono regolarmente altezze vertiginose, a volte salendo a oltre 200 milioni di euro. Immagina cosa potresti fare con una vincita del genere \u2013 che si tratti di viaggiare per il mondo, acquistare la casa dei tuoi sogni, assicurare il futuro della tua famiglia o sostenere le cause pi\u00f9 vicine al tuo cuore. L&#8217;orizzonte si espande e l&#8217;unico limite \u00e8 la tua immaginazione.<\/p>\n<p>Ma oltre agli enormi pagamenti, c&#8217;\u00e8 qualcosa di profondamente gratificante nell&#8217;essere parte di una lotteria cos\u00ec leggendaria. Ogni biglietto \u00e8 una promessa di speranza, un piccolo investimento nella convinzione che la fortuna potrebbe sorriderti la prossima volta. La pura anticipazione dell&#8217;estrazione, il momento in cui i tuoi numeri vengono chiamati e la scarica di adrenalina che segue \u2013 \u00e8 un&#8217;esperienza che porta emozione nella vita quotidiana.<img loading=\"lazy\" decoding=\"async\" class=\"alignright wp-image-268125\" src=\"https:\/\/lottomat.com\/wp-content\/uploads\/2026\/01\/EuroMillions-Austria-tickets.webp\" alt=\"biglietti Euromillions Austria\" width=\"200\" height=\"200\" srcset=\"https:\/\/lottomat.com\/wp-content\/uploads\/2026\/01\/EuroMillions-Austria-tickets.webp 400w, https:\/\/lottomat.com\/wp-content\/uploads\/2026\/01\/EuroMillions-Austria-tickets-300x300.webp 300w, https:\/\/lottomat.com\/wp-content\/uploads\/2026\/01\/EuroMillions-Austria-tickets-150x150.webp 150w, https:\/\/lottomat.com\/wp-content\/uploads\/2026\/01\/EuroMillions-Austria-tickets-100x100.webp 100w\" sizes=\"auto, (max-width: 200px) 100vw, 200px\" \/><\/p>\n<p>Per abbracciare veramente lo stile di vita della lotteria, la costanza \u00e8 la chiave. I giocatori di lotterie di maggior successo sanno che giocare regolarmente \u00e8 il segreto per aumentare le tue possibilit\u00e0. Ogni estrazione che perdi \u00e8 un&#8217;opportunit\u00e0 persa, quindi rendila un&#8217;abitudine \u2013 acquista i tuoi biglietti, scegli i tuoi numeri, aspetta <a href=\"https:\/\/lottomat.com\/it\/gioca\/euromillions\/\">i risultati ufficiali di Euromillions Austria<\/a> e rimani in gioco. Dopotutto, non puoi vincere se non giochi, e non sai mai quando arriver\u00e0 il tuo giorno fortunato.<\/p>\n<h2>Pi\u00f9 di Euromillions \u2013 Il mondo ti aspetta su Lottomat<\/h2>\n<p>Mentre Euromillions EU e la sua controparte del Regno Unito sono tra <a href=\"https:\/\/lottomat.com\/it\/gioca\/\">le lotterie pi\u00f9 popolari in Europa<\/a>, sono solo l&#8217;inizio di ci\u00f2 che \u00e8 possibile su Lottomat. La nostra piattaforma porta l&#8217;intero mondo della lotteria a portata di mano \u2013 dal potente Powerball e <a href=\"https:\/\/lottomat.com\/it\/gioca\/mega-millions\/\">Mega Millions<\/a> negli Stati Uniti, al <a href=\"https:\/\/lottomat.com\/it\/gioca\/superenalotto\/\">SuperEnalotto<\/a> italiano, all&#8217;El Gordo spagnolo e molti altri. Ogni lotteria offre il proprio sapore unico, probabilit\u00e0 e dimensioni del jackpot, dandoti infiniti modi per giocare e vincere.<\/p>\n<p>Giocare a pi\u00f9 lotterie \u00e8 una strategia abbracciata da molti giocatori esperti. Distribuendo le tue scommesse su giochi diversi, non stai solo espandendo i tuoi orizzonti ma stai anche aumentando significativamente le tue possibilit\u00e0 di ottenere una grande vincita. Ogni biglietto \u00e8 una nuova opportunit\u00e0, ogni estrazione \u00e8 una nuova avventura. Su Lottomat, hai la libert\u00e0 di esplorare, sperimentare e trovare i giochi che parlano al tuo senso di emozione.<\/p>\n<p>Il mondo delle lotterie \u00e8 pieno di storie \u2013 di persone ordinarie le cui vite sono cambiate in un battito di cuore, di sogni realizzati e destini riscritti. Con ogni biglietto che acquisti, ti unisci a questa comunit\u00e0 globale di sognatori e vincitori. La prossima storia potrebbe essere la tua.<\/p>\n<h2>Il tuo viaggio verso la fortuna inizia qui<\/h2>\n<p><img loading=\"lazy\" decoding=\"async\" class=\"alignleft wp-image-268155\" src=\"https:\/\/lottomat.com\/wp-content\/uploads\/2026\/01\/play-EuroMillions-Austria.webp\" alt=\"giocare a Euromillions Austria\" width=\"200\" height=\"200\" srcset=\"https:\/\/lottomat.com\/wp-content\/uploads\/2026\/01\/play-EuroMillions-Austria.webp 400w, https:\/\/lottomat.com\/wp-content\/uploads\/2026\/01\/play-EuroMillions-Austria-300x300.webp 300w, https:\/\/lottomat.com\/wp-content\/uploads\/2026\/01\/play-EuroMillions-Austria-150x150.webp 150w, https:\/\/lottomat.com\/wp-content\/uploads\/2026\/01\/play-EuroMillions-Austria-100x100.webp 100w\" sizes=\"auto, (max-width: 200px) 100vw, 200px\" \/>Euromillions EU \u00e8 pi\u00f9 di un semplice gioco \u2013 \u00e8 una porta verso un futuro pi\u00f9 luminoso. Il brivido dell&#8217;anticipazione, la gioia della possibilit\u00e0 e la possibilit\u00e0 di diventare uno dei pi\u00f9 grandi vincitori d&#8217;Europa sono tutti a portata di mano. Che tu stia giocando per la prima volta o che tu sia un appassionato di lotterie esperto, non c&#8217;\u00e8 momento migliore per partecipare.<\/p>\n<p>Ricorda, la chiave per vincere \u00e8 la partecipazione. Pi\u00f9 giochi, maggiori sono le tue possibilit\u00e0 di unirti ai ranghi dei pochi fortunati che hanno visto le loro vite trasformate da un singolo biglietto. Non lasciare che un&#8217;altra estrazione passi \u2013 cogli la tua occasione, abbraccia l&#8217;emozione e lascia che Euromillions EU apra le porte alla vita che hai sempre sognato.<\/p>\n<p>E se stai cercando di amplificare ulteriormente le tue possibilit\u00e0, esplora la ricca selezione di lotterie internazionali su Lottomat. Ogni gioco \u00e8 una nuova possibilit\u00e0, un nuovo orizzonte e un nuovo motivo per credere che la fortuna favorisce gli audaci. La tua avventura inizia ora \u2013 sei pronto a giocare?<\/p>\n","protected":false},"excerpt":{"rendered":"<p>Scopri l&#8217;emozione di Euromillions EU \u2013 Il modo austriaco per grandi vincite Immagina di svegliarti in una vita dove tutti i tuoi sogni sono a portata di mano, dove i numeri che hai scelto la scorsa notte hanno trasformato il tuo futuro per sempre. Questa \u00e8 l&#8217;emozione che attende ogni partecipante a Euromillions EU, conosciuto [&hellip;]<\/p>\n","protected":false},"author":2,"featured_media":0,"parent":6776,"menu_order":0,"comment_status":"closed","ping_status":"closed","template":"euromillions-at.php","meta":{"_et_pb_use_builder":"","_et_pb_old_content":"","_et_gb_content_width":"","exclude_from_search":false,"footnotes":""},"class_list":["post-248154","page","type-page","status-publish","hentry"],"yoast_head":"<!-- This site is optimized with the Yoast SEO plugin v23.8 - https:\/\/yoast.com\/wordpress\/plugins\/seo\/ -->\n<title>Euromillions Austria Online \u2013 Acquista Biglietti \u2013 Lottomat<\/title>\n<meta name=\"description\" content=\"Gioca a Euromillions Austria online su Lottomat. Qui puoi acquistare biglietti Euromillions Austria online per la prossima estrazione. Unisciti ora!\" \/>\n<meta name=\"robots\" content=\"index, follow, max-snippet:-1, max-image-preview:large, max-video-preview:-1\" \/>\n<link rel=\"canonical\" href=\"https:\/\/lottomat.com\/it\/gioca\/euromillions-austria-online-acquista-biglietti\/\" \/>\n<meta property=\"og:locale\" content=\"it_IT\" \/>\n<meta property=\"og:type\" content=\"article\" \/>\n<meta property=\"og:title\" content=\"Euromillions Austria Online \u2013 Acquista Biglietti \u2013 Lottomat\" \/>\n<meta property=\"og:description\" content=\"Gioca a Euromillions Austria online su Lottomat. Qui puoi acquistare biglietti Euromillions Austria online per la prossima estrazione. Unisciti ora!\" \/>\n<meta property=\"og:url\" content=\"https:\/\/lottomat.com\/it\/gioca\/euromillions-austria-online-acquista-biglietti\/\" \/>\n<meta property=\"og:site_name\" content=\"Lottomat\" \/>\n<meta property=\"article:modified_time\" content=\"2026-01-24T15:10:31+00:00\" \/>\n<meta property=\"og:image\" content=\"https:\/\/lottomat.com\/wp-content\/uploads\/2026\/01\/Austrian-EuroMillions.webp\" \/>\n<meta name=\"twitter:card\" content=\"summary_large_image\" \/>\n<meta name=\"twitter:label1\" content=\"Tempo di lettura stimato\" \/>\n\t<meta name=\"twitter:data1\" content=\"6 minuti\" \/>\n<script type=\"application\/ld+json\" class=\"yoast-schema-graph\">{\"@context\":\"https:\/\/schema.org\",\"@graph\":[{\"@type\":\"WebPage\",\"@id\":\"https:\/\/lottomat.com\/it\/gioca\/euromillions-austria-online-acquista-biglietti\/\",\"url\":\"https:\/\/lottomat.com\/it\/gioca\/euromillions-austria-online-acquista-biglietti\/\",\"name\":\"Euromillions Austria Online \u2013 Acquista Biglietti \u2013 Lottomat\",\"isPartOf\":{\"@id\":\"https:\/\/lottomat.com\/it\/#website\"},\"primaryImageOfPage\":{\"@id\":\"https:\/\/lottomat.com\/it\/gioca\/euromillions-austria-online-acquista-biglietti\/#primaryimage\"},\"image\":{\"@id\":\"https:\/\/lottomat.com\/it\/gioca\/euromillions-austria-online-acquista-biglietti\/#primaryimage\"},\"thumbnailUrl\":\"https:\/\/lottomat.com\/wp-content\/uploads\/2026\/01\/Austrian-EuroMillions.webp\",\"datePublished\":\"2025-05-18T16:39:08+00:00\",\"dateModified\":\"2026-01-24T15:10:31+00:00\",\"description\":\"Gioca a Euromillions Austria online su Lottomat. Qui puoi acquistare biglietti Euromillions Austria online per la prossima estrazione. Unisciti ora!\",\"breadcrumb\":{\"@id\":\"https:\/\/lottomat.com\/it\/gioca\/euromillions-austria-online-acquista-biglietti\/#breadcrumb\"},\"inLanguage\":\"it-IT\",\"potentialAction\":[{\"@type\":\"ReadAction\",\"target\":[\"https:\/\/lottomat.com\/it\/gioca\/euromillions-austria-online-acquista-biglietti\/\"]}]},{\"@type\":\"ImageObject\",\"inLanguage\":\"it-IT\",\"@id\":\"https:\/\/lottomat.com\/it\/gioca\/euromillions-austria-online-acquista-biglietti\/#primaryimage\",\"url\":\"https:\/\/lottomat.com\/wp-content\/uploads\/2026\/01\/Austrian-EuroMillions.webp\",\"contentUrl\":\"https:\/\/lottomat.com\/wp-content\/uploads\/2026\/01\/Austrian-EuroMillions.webp\"},{\"@type\":\"BreadcrumbList\",\"@id\":\"https:\/\/lottomat.com\/it\/gioca\/euromillions-austria-online-acquista-biglietti\/#breadcrumb\",\"itemListElement\":[{\"@type\":\"ListItem\",\"position\":1,\"name\":\"Home\",\"item\":\"https:\/\/lottomat.com\/it\/\"},{\"@type\":\"ListItem\",\"position\":2,\"name\":\"Gioca alla Lotteria Online\",\"item\":\"https:\/\/lottomat.com\/it\/gioca\/\"},{\"@type\":\"ListItem\",\"position\":3,\"name\":\"Euromillions EU Online &#8211; Biglietti Euromillions Austria\"}]},{\"@type\":\"WebSite\",\"@id\":\"https:\/\/lottomat.com\/it\/#website\",\"url\":\"https:\/\/lottomat.com\/it\/\",\"name\":\"Lottomat\",\"description\":\"\",\"potentialAction\":[{\"@type\":\"SearchAction\",\"target\":{\"@type\":\"EntryPoint\",\"urlTemplate\":\"https:\/\/lottomat.com\/it\/?s={search_term_string}\"},\"query-input\":{\"@type\":\"PropertyValueSpecification\",\"valueRequired\":true,\"valueName\":\"search_term_string\"}}],\"inLanguage\":\"it-IT\"}]}<\/script>\n<!-- \/ Yoast SEO plugin. -->","yoast_head_json":{"title":"Euromillions Austria Online \u2013 Acquista Biglietti \u2013 Lottomat","description":"Gioca a Euromillions Austria online su Lottomat. Qui puoi acquistare biglietti Euromillions Austria online per la prossima estrazione. Unisciti ora!","robots":{"index":"index","follow":"follow","max-snippet":"max-snippet:-1","max-image-preview":"max-image-preview:large","max-video-preview":"max-video-preview:-1"},"canonical":"https:\/\/lottomat.com\/it\/gioca\/euromillions-austria-online-acquista-biglietti\/","og_locale":"it_IT","og_type":"article","og_title":"Euromillions Austria Online \u2013 Acquista Biglietti \u2013 Lottomat","og_description":"Gioca a Euromillions Austria online su Lottomat. Qui puoi acquistare biglietti Euromillions Austria online per la prossima estrazione. Unisciti ora!","og_url":"https:\/\/lottomat.com\/it\/gioca\/euromillions-austria-online-acquista-biglietti\/","og_site_name":"Lottomat","article_modified_time":"2026-01-24T15:10:31+00:00","og_image":[{"url":"https:\/\/lottomat.com\/wp-content\/uploads\/2026\/01\/Austrian-EuroMillions.webp"}],"twitter_card":"summary_large_image","twitter_misc":{"Tempo di lettura stimato":"6 minuti"},"schema":{"@context":"https:\/\/schema.org","@graph":[{"@type":"WebPage","@id":"https:\/\/lottomat.com\/it\/gioca\/euromillions-austria-online-acquista-biglietti\/","url":"https:\/\/lottomat.com\/it\/gioca\/euromillions-austria-online-acquista-biglietti\/","name":"Euromillions Austria Online \u2013 Acquista Biglietti \u2013 Lottomat","isPartOf":{"@id":"https:\/\/lottomat.com\/it\/#website"},"primaryImageOfPage":{"@id":"https:\/\/lottomat.com\/it\/gioca\/euromillions-austria-online-acquista-biglietti\/#primaryimage"},"image":{"@id":"https:\/\/lottomat.com\/it\/gioca\/euromillions-austria-online-acquista-biglietti\/#primaryimage"},"thumbnailUrl":"https:\/\/lottomat.com\/wp-content\/uploads\/2026\/01\/Austrian-EuroMillions.webp","datePublished":"2025-05-18T16:39:08+00:00","dateModified":"2026-01-24T15:10:31+00:00","description":"Gioca a Euromillions Austria online su Lottomat. Qui puoi acquistare biglietti Euromillions Austria online per la prossima estrazione. Unisciti ora!","breadcrumb":{"@id":"https:\/\/lottomat.com\/it\/gioca\/euromillions-austria-online-acquista-biglietti\/#breadcrumb"},"inLanguage":"it-IT","potentialAction":[{"@type":"ReadAction","target":["https:\/\/lottomat.com\/it\/gioca\/euromillions-austria-online-acquista-biglietti\/"]}]},{"@type":"ImageObject","inLanguage":"it-IT","@id":"https:\/\/lottomat.com\/it\/gioca\/euromillions-austria-online-acquista-biglietti\/#primaryimage","url":"https:\/\/lottomat.com\/wp-content\/uploads\/2026\/01\/Austrian-EuroMillions.webp","contentUrl":"https:\/\/lottomat.com\/wp-content\/uploads\/2026\/01\/Austrian-EuroMillions.webp"},{"@type":"BreadcrumbList","@id":"https:\/\/lottomat.com\/it\/gioca\/euromillions-austria-online-acquista-biglietti\/#breadcrumb","itemListElement":[{"@type":"ListItem","position":1,"name":"Home","item":"https:\/\/lottomat.com\/it\/"},{"@type":"ListItem","position":2,"name":"Gioca alla Lotteria Online","item":"https:\/\/lottomat.com\/it\/gioca\/"},{"@type":"ListItem","position":3,"name":"Euromillions EU Online &#8211; Biglietti Euromillions Austria"}]},{"@type":"WebSite","@id":"https:\/\/lottomat.com\/it\/#website","url":"https:\/\/lottomat.com\/it\/","name":"Lottomat","description":"","potentialAction":[{"@type":"SearchAction","target":{"@type":"EntryPoint","urlTemplate":"https:\/\/lottomat.com\/it\/?s={search_term_string}"},"query-input":{"@type":"PropertyValueSpecification","valueRequired":true,"valueName":"search_term_string"}}],"inLanguage":"it-IT"}]}},"_links":{"self":[{"href":"https:\/\/lottomat.com\/it\/wp-json\/wp\/v2\/pages\/248154","targetHints":{"allow":["GET"]}}],"collection":[{"href":"https:\/\/lottomat.com\/it\/wp-json\/wp\/v2\/pages"}],"about":[{"href":"https:\/\/lottomat.com\/it\/wp-json\/wp\/v2\/types\/page"}],"author":[{"embeddable":true,"href":"https:\/\/lottomat.com\/it\/wp-json\/wp\/v2\/users\/2"}],"replies":[{"embeddable":true,"href":"https:\/\/lottomat.com\/it\/wp-json\/wp\/v2\/comments?post=248154"}],"version-history":[{"count":2,"href":"https:\/\/lottomat.com\/it\/wp-json\/wp\/v2\/pages\/248154\/revisions"}],"predecessor-version":[{"id":269045,"href":"https:\/\/lottomat.com\/it\/wp-json\/wp\/v2\/pages\/248154\/revisions\/269045"}],"up":[{"embeddable":true,"href":"https:\/\/lottomat.com\/it\/wp-json\/wp\/v2\/pages\/6776"}],"wp:attachment":[{"href":"https:\/\/lottomat.com\/it\/wp-json\/wp\/v2\/media?parent=248154"}],"curies":[{"name":"wp","href":"https:\/\/api.w.org\/{rel}","templated":true}]}}