{"id":237805,"date":"2025-04-07T19:24:29","date_gmt":"2025-04-07T19:24:29","guid":{"rendered":"https:\/\/lottomat.net\/risultati-della-lotteria\/risultati-mega-millions\/"},"modified":"2026-04-03T18:30:36","modified_gmt":"2026-04-03T18:30:36","slug":"mega-millions","status":"publish","type":"page","link":"https:\/\/lottomat.com\/it\/risultati\/mega-millions\/","title":{"rendered":"Risultati e Numeri Vincenti di Mega Millions"},"content":{"rendered":"\n\n<div class=\"kk-star-ratings kksr-auto kksr-align-left kksr-valign-top\"\n    data-payload='{&quot;align&quot;:&quot;left&quot;,&quot;id&quot;:&quot;237805&quot;,&quot;slug&quot;:&quot;default&quot;,&quot;valign&quot;:&quot;top&quot;,&quot;ignore&quot;:&quot;&quot;,&quot;reference&quot;:&quot;auto&quot;,&quot;class&quot;:&quot;&quot;,&quot;count&quot;:&quot;0&quot;,&quot;legendonly&quot;:&quot;&quot;,&quot;readonly&quot;:&quot;&quot;,&quot;score&quot;:&quot;0&quot;,&quot;starsonly&quot;:&quot;&quot;,&quot;best&quot;:&quot;5&quot;,&quot;gap&quot;:&quot;5&quot;,&quot;greet&quot;:&quot;Rate this page&quot;,&quot;legend&quot;:&quot;0\\\/5 - (0 votes)&quot;,&quot;size&quot;:&quot;30&quot;,&quot;title&quot;:&quot;Risultati e Numeri Vincenti di Mega Millions&quot;,&quot;width&quot;:&quot;0&quot;,&quot;_legend&quot;:&quot;{score}\\\/{best} - ({count} {votes})&quot;,&quot;font_factor&quot;:&quot;1.25&quot;}'>\n            \n<div class=\"kksr-stars\">\n    \n<div class=\"kksr-stars-inactive\">\n            <div class=\"kksr-star\" data-star=\"1\" style=\"padding-right: 5px\">\n            \n\n<div class=\"kksr-icon\" style=\"width: 30px; height: 30px;\"><\/div>\n        <\/div>\n            <div class=\"kksr-star\" data-star=\"2\" style=\"padding-right: 5px\">\n            \n\n<div class=\"kksr-icon\" style=\"width: 30px; height: 30px;\"><\/div>\n        <\/div>\n            <div class=\"kksr-star\" data-star=\"3\" style=\"padding-right: 5px\">\n            \n\n<div class=\"kksr-icon\" style=\"width: 30px; height: 30px;\"><\/div>\n        <\/div>\n            <div class=\"kksr-star\" data-star=\"4\" style=\"padding-right: 5px\">\n            \n\n<div class=\"kksr-icon\" style=\"width: 30px; height: 30px;\"><\/div>\n        <\/div>\n            <div class=\"kksr-star\" data-star=\"5\" style=\"padding-right: 5px\">\n            \n\n<div class=\"kksr-icon\" style=\"width: 30px; height: 30px;\"><\/div>\n        <\/div>\n    <\/div>\n    \n<div class=\"kksr-stars-active\" style=\"width: 0px;\">\n            <div class=\"kksr-star\" style=\"padding-right: 5px\">\n            \n\n<div class=\"kksr-icon\" style=\"width: 30px; height: 30px;\"><\/div>\n        <\/div>\n            <div class=\"kksr-star\" style=\"padding-right: 5px\">\n            \n\n<div class=\"kksr-icon\" style=\"width: 30px; height: 30px;\"><\/div>\n        <\/div>\n            <div class=\"kksr-star\" style=\"padding-right: 5px\">\n            \n\n<div class=\"kksr-icon\" style=\"width: 30px; height: 30px;\"><\/div>\n        <\/div>\n            <div class=\"kksr-star\" style=\"padding-right: 5px\">\n            \n\n<div class=\"kksr-icon\" style=\"width: 30px; height: 30px;\"><\/div>\n        <\/div>\n            <div class=\"kksr-star\" style=\"padding-right: 5px\">\n            \n\n<div class=\"kksr-icon\" style=\"width: 30px; height: 30px;\"><\/div>\n        <\/div>\n    <\/div>\n<\/div>\n                \n\n<div class=\"kksr-legend\" style=\"font-size: 24px;\">\n            <span class=\"kksr-muted\">Rate this page<\/span>\n    <\/div>\n    <\/div>\n<p>I biglietti della lotteria Mega Millions vengono acquistati, i numeri vincenti di Mega Millions vengono selezionati, e tu ti concentri solo su piani e sogni felici che si avvereranno se solo ti unirai al gruppo dei milionari. Non c&#8217;\u00e8 niente di male in questo, tutti abbiamo i nostri sogni. \u00c8 probabile che i pensieri di ogni giocatore ruotino intorno alla vincita prima di scoprire i risultati dell&#8217;estrazione di Mega Millions, e <strong>Mega Millions \u00e8 un gioco che pu\u00f2 davvero dare molto<\/strong>.<\/p>\n<h2>\u00c8 Possibile Vincere con i Numeri di Mega Millions?<img loading=\"lazy\" decoding=\"async\" class=\"alignright wp-image-251955\" src=\"https:\/\/lottomat.com\/wp-content\/uploads\/2025\/10\/Mega-Millions-winning-numbers.webp\" alt=\"numeri vincenti di Mega Millions\" width=\"200\" height=\"200\" srcset=\"https:\/\/lottomat.com\/wp-content\/uploads\/2025\/10\/Mega-Millions-winning-numbers.webp 400w, https:\/\/lottomat.com\/wp-content\/uploads\/2025\/10\/Mega-Millions-winning-numbers-300x300.webp 300w, https:\/\/lottomat.com\/wp-content\/uploads\/2025\/10\/Mega-Millions-winning-numbers-150x150.webp 150w, https:\/\/lottomat.com\/wp-content\/uploads\/2025\/10\/Mega-Millions-winning-numbers-100x100.webp 100w\" sizes=\"auto, (max-width: 200px) 100vw, 200px\" \/><\/h2>\n<p>Fino a quando non <a href=\"https:\/\/lottomat.com\/it\/risultati\/\">controlli i risultati dell&#8217;estrazione attuale del lotto<\/a>, puoi sognare, ma solo l&#8217;estrazione dei numeri che hai scelto pu\u00f2 far avverare questo bellissimo sogno, ed \u00e8 per questo che non c&#8217;\u00e8 motivo di aspettare \u2013 gioca e controlla. Tutto quello che devi fare dopo l&#8217;estrazione \u00e8 visitare la pagina dei risultati del <a href=\"https:\/\/lottomat.com\/it\/\">sito web di LottoM<\/a>at per Mega Millions e vedere quali numeri hanno vinto in questa particolare estrazione, se corrispondono al tuo biglietto allora significa che sei tra i vincitori dei <a href=\"https:\/\/lottomat.com\/it\/lotteria\/mega-millions\/\">premi e jackpot di Mega Millions<\/a>. <strong>L&#8217;estrazione della lotteria Mega Millions si svolge regolarmente due volte a settimana, ogni mercoled\u00ec e sabato alle 03:00 UTC<\/strong>. Pubblichiamo i risultati attuali di Mega Millions online subito dopo la fine dell&#8217;estrazione e provengono dalle informazioni ufficiali dell&#8217;organizzatore della lotteria, il che li rende testati e affidabili al 100%. L&#8217;unica cosa da tenere a mente \u00e8 di cambiare il fuso orario con il tuo fuso orario locale.<\/p>\n<h2>Come Controllare i Risultati di Oggi di Mega Millions?<\/h2>\n<p><strong>I risultati attuali di Mega Millions sono prontamente disponibili sul sito web di LottoMat immediatamente dopo la conclusione di ogni estrazione<\/strong>. Tutti i risultati pubblicati provengono direttamente da fonti ufficiali della lotteria, garantendo completa accuratezza e affidabilit\u00e0. Puoi accedere agli ultimi numeri vincenti visitando la nostra pagina dedicata ai risultati di Mega Millions. I risultati vengono aggiornati in tempo reale dopo ogni estrazione, quindi avrai sempre accesso alle informazioni pi\u00f9 aggiornate. Naviga semplicemente nella nostra sezione risultati per scoprire se i tuoi numeri ti hanno reso il prossimo vincitore di Mega Millions.<\/p>\n<h2><img loading=\"lazy\" decoding=\"async\" class=\"alignleft wp-image-251985\" src=\"https:\/\/lottomat.com\/wp-content\/uploads\/2025\/10\/Mega-Millions-results.webp\" alt=\"risultati di Mega Millions\" width=\"200\" height=\"200\" srcset=\"https:\/\/lottomat.com\/wp-content\/uploads\/2025\/10\/Mega-Millions-results.webp 400w, https:\/\/lottomat.com\/wp-content\/uploads\/2025\/10\/Mega-Millions-results-300x300.webp 300w, https:\/\/lottomat.com\/wp-content\/uploads\/2025\/10\/Mega-Millions-results-150x150.webp 150w, https:\/\/lottomat.com\/wp-content\/uploads\/2025\/10\/Mega-Millions-results-100x100.webp 100w\" sizes=\"auto, (max-width: 200px) 100vw, 200px\" \/>Come Controllare i Risultati Storici e i Numeri Vincenti di Mega Millions?<\/h2>\n<p>Sappiamo quanto siano importanti i risultati archiviati del lotto per molti di noi, poich\u00e9 alcuni di voi costruiscono la loro strategia per le estrazioni successive su di essi. Tutto ci\u00f2 che devi fare per utilizzarli \u00e8 andare al nostro calendario dei risultati. \u00c8 disponibile sul lato destro in alto. Dopo aver cliccato su una data, puoi passare liberamente ad altri periodi. <strong>Puoi controllare l\u00ec i numeri vincenti di Mega Millions estratti nelle ultime settimane e vedere quanto \u00e8 importante la selezione diversificata di numeri sui biglietti<\/strong>.<\/p>\n<h2>Come Utilizzare l&#8217;Archivio dei Numeri Vincenti di Mega Millions?<\/h2>\n<p>L&#8217;archivio storico dei risultati di Mega Millions funge da strumento prezioso per i giocatori che vogliono analizzare schemi e sviluppare le loro strategie di gioco. Esaminando le estrazioni passate, puoi identificare tendenze nella frequenza dei numeri e prendere decisioni pi\u00f9 informate sulle tue selezioni di numeri. <strong>L&#8217;archivio ti permette di tracciare quali numeri sono apparsi insieme frequentemente, aiutandoti a comprendere gli schemi del gioco nel tempo<\/strong>. Molti giocatori di successo utilizzano questi dati storici per creare approcci sistematici alle loro scelte di numeri, anche se \u00e8 importante ricordare che ogni estrazione \u00e8 indipendente e casuale. L&#8217;archivio fornisce approfondimenti sulle combinazioni di numeri che sono state estratte pi\u00f9 volte, dandoti una base per creare la tua metodologia di selezione. Tuttavia, le prestazioni passate non garantiscono risultati futuri nei giochi di lotteria.<\/p>\n<h2>Quali Sono i Numeri Pi\u00f9 Estratti in Mega Millions?<img loading=\"lazy\" decoding=\"async\" class=\"alignright wp-image-252015\" src=\"https:\/\/lottomat.com\/wp-content\/uploads\/2025\/10\/drawing-results.webp\" alt=\"risultati dell'estrazione\" width=\"200\" height=\"200\" srcset=\"https:\/\/lottomat.com\/wp-content\/uploads\/2025\/10\/drawing-results.webp 400w, https:\/\/lottomat.com\/wp-content\/uploads\/2025\/10\/drawing-results-300x300.webp 300w, https:\/\/lottomat.com\/wp-content\/uploads\/2025\/10\/drawing-results-150x150.webp 150w, https:\/\/lottomat.com\/wp-content\/uploads\/2025\/10\/drawing-results-100x100.webp 100w\" sizes=\"auto, (max-width: 200px) 100vw, 200px\" \/><\/h2>\n<p>Abbiamo gi\u00e0 menzionato la preparazione di una buona strategia utilizzando numeri precedentemente estratti, ma c&#8217;\u00e8 un supporto altrettanto valido sotto forma di statistiche per l&#8217;estrazione di numeri particolari. Si scopre che ci sono numeri che vengono estratti molto pi\u00f9 spesso di altri. Sul sito web di LottoMat, troverai tutte queste informazioni per ogni lotteria. <strong>I numeri pi\u00f9 estratti per Mega Millions sono: 29, 4, 48 e 36<\/strong>. Il numero 48 \u00e8 gi\u00e0 stato estratto 80 volte dal 2005. <strong>Per quanto riguarda il Mega Ball, i numeri pi\u00f9 estratti sono 35, 9, 36 e 7<\/strong>. Non ti auguriamo altro che i risultati pi\u00f9 redditizi di Mega Millions!<\/p>\n<h2>Quali Sono i Numeri Meno Estratti in Mega Millions?<\/h2>\n<p>Mentre alcuni numeri appaiono frequentemente nelle estrazioni di Mega Millions, altri sembrano essere estratti meno spesso, creando quelli che i giocatori chiamano numeri &#8220;freddi&#8221;. <strong>Questi numeri estratti meno frequentemente possono essere altrettanto preziosi nel creare una strategia di lotteria equilibrata<\/strong>. Alcuni giocatori preferiscono includere questi numeri raramente estratti nelle loro selezioni, credendo che siano &#8220;in scadenza&#8221; per apparire. <strong>I numeri principali meno estratti nella storia di Mega Millions includono 50, 51, 65, 66 e 67<\/strong>. Questi numeri sono stati estratti significativamente meno volte rispetto ai numeri pi\u00f9 frequenti, con alcuni che appaiono solo 66-84 volte durante la storia del gioco. Tra i numeri del Mega Ball, alcuni numeri come il 15 e le palline con numeri pi\u00f9 alti tendono ad apparire meno frequentemente nelle estrazioni recenti.<\/p>\n<p>I numeri principali meno estratti storicamente includono diversi numeri pi\u00f9 alti dalla gamma disponibile, anche se i numeri specifici cambiano nel tempo man mano che si verificano pi\u00f9 estrazioni. <strong>Il numero 50 si distingue come uno dei numeri pi\u00f9 freddi, essendo stato estratto solo 66 volte dall&#8217;inizio del gioco<\/strong>. Vale la pena notare che in un sistema veramente casuale, tutti i numeri hanno la stessa probabilit\u00e0 di essere estratti in qualsiasi estrazione, indipendentemente dalla loro frequenza storica.<\/p>\n<h2><img loading=\"lazy\" decoding=\"async\" class=\"alignleft wp-image-252045\" src=\"https:\/\/lottomat.com\/wp-content\/uploads\/2025\/10\/Mega-Millions-draw.webp\" alt=\"estrazione di Mega Millions\" width=\"200\" height=\"200\" srcset=\"https:\/\/lottomat.com\/wp-content\/uploads\/2025\/10\/Mega-Millions-draw.webp 400w, https:\/\/lottomat.com\/wp-content\/uploads\/2025\/10\/Mega-Millions-draw-300x300.webp 300w, https:\/\/lottomat.com\/wp-content\/uploads\/2025\/10\/Mega-Millions-draw-150x150.webp 150w, https:\/\/lottomat.com\/wp-content\/uploads\/2025\/10\/Mega-Millions-draw-100x100.webp 100w\" sizes=\"auto, (max-width: 200px) 100vw, 200px\" \/>I Risultati di Mega Millions Possono Essere Previsti?<\/h2>\n<p>La questione se i risultati della lotteria possano essere previsti \u00e8 una che ha affascinato i giocatori per generazioni. <strong>Le estrazioni di Mega Millions vengono condotte utilizzando metodi certificati di generazione di numeri casuali, rendendo la vera previsione matematicamente impossibile<\/strong>. Ogni pallina ha la stessa possibilit\u00e0 di essere selezionata in ogni estrazione, indipendentemente da quando \u00e8 stata estratta l&#8217;ultima volta. Sebbene l&#8217;analisi statistica dei risultati passati possa rivelare schemi e frequenze interessanti, questi schemi non possono prevedere in modo affidabile i risultati futuri.<\/p>\n<p>La natura casuale delle estrazioni della lotteria significa che qualsiasi combinazione di numeri ha la stessa probabilit\u00e0 di vincere di qualsiasi altra, che si tratti di una sequenza come 1-2-3-4-5 o di un mix apparentemente casuale di numeri. <strong>L&#8217;approccio migliore \u00e8 <a href=\"https:\/\/lottomat.com\/it\/gioca\/mega-millions\/\">giocare a Mega Millions online<\/a> in modo responsabile e ricordare che i giochi di lotteria sono progettati per essere giochi d&#8217;azzardo, non di abilit\u00e0 o previsione<\/strong>.<\/p>\n","protected":false},"excerpt":{"rendered":"<p>I biglietti della lotteria Mega Millions vengono acquistati, i numeri vincenti di Mega Millions vengono selezionati, e tu ti concentri solo su piani e sogni felici che si avvereranno se solo ti unirai al gruppo dei milionari. Non c&#8217;\u00e8 niente di male in questo, tutti abbiamo i nostri sogni. \u00c8 probabile che i pensieri di [&hellip;]<\/p>\n","protected":false},"author":1,"featured_media":0,"parent":7424,"menu_order":2,"comment_status":"closed","ping_status":"closed","template":"megamillion-results.php","meta":{"_et_pb_use_builder":"","_et_pb_old_content":"","_et_gb_content_width":"","exclude_from_search":false,"footnotes":""},"class_list":["post-237805","page","type-page","status-publish","hentry"],"yoast_head":"<!-- This site is optimized with the Yoast SEO plugin v23.8 - https:\/\/yoast.com\/wordpress\/plugins\/seo\/ -->\n<title>Risultati e Numeri Vincenti di Mega Millions - Lottomat<\/title>\n<meta name=\"description\" content=\"Controlla gli ultimi risultati e numeri vincenti di Mega Millions qui. Verifica quali numeri sono stati estratti nella recente estrazione della lotteria Mega Millions.\" \/>\n<meta name=\"robots\" content=\"index, follow, max-snippet:-1, max-image-preview:large, max-video-preview:-1\" \/>\n<link rel=\"canonical\" href=\"https:\/\/lottomat.com\/it\/risultati\/mega-millions\/\" \/>\n<meta property=\"og:locale\" content=\"it_IT\" \/>\n<meta property=\"og:type\" content=\"article\" \/>\n<meta property=\"og:title\" content=\"Risultati e Numeri Vincenti di Mega Millions - Lottomat\" \/>\n<meta property=\"og:description\" content=\"Controlla gli ultimi risultati e numeri vincenti di Mega Millions qui. Verifica quali numeri sono stati estratti nella recente estrazione della lotteria Mega Millions.\" \/>\n<meta property=\"og:url\" content=\"https:\/\/lottomat.com\/it\/risultati\/mega-millions\/\" \/>\n<meta property=\"og:site_name\" content=\"Lottomat\" \/>\n<meta property=\"article:modified_time\" content=\"2026-04-03T18:30:36+00:00\" \/>\n<meta property=\"og:image\" content=\"https:\/\/lottomat.com\/wp-content\/uploads\/2025\/10\/Mega-Millions-winning-numbers.webp\" \/>\n\t<meta property=\"og:image:width\" content=\"400\" \/>\n\t<meta property=\"og:image:height\" content=\"400\" \/>\n\t<meta property=\"og:image:type\" content=\"image\/webp\" \/>\n<meta name=\"twitter:card\" content=\"summary_large_image\" \/>\n<meta name=\"twitter:label1\" content=\"Tempo di lettura stimato\" \/>\n\t<meta name=\"twitter:data1\" content=\"6 minuti\" \/>\n<script type=\"application\/ld+json\" class=\"yoast-schema-graph\">{\"@context\":\"https:\/\/schema.org\",\"@graph\":[{\"@type\":\"WebPage\",\"@id\":\"https:\/\/lottomat.com\/it\/risultati\/mega-millions\/\",\"url\":\"https:\/\/lottomat.com\/it\/risultati\/mega-millions\/\",\"name\":\"Risultati e Numeri Vincenti di Mega Millions - Lottomat\",\"isPartOf\":{\"@id\":\"https:\/\/lottomat.com\/it\/#website\"},\"primaryImageOfPage\":{\"@id\":\"https:\/\/lottomat.com\/it\/risultati\/mega-millions\/#primaryimage\"},\"image\":{\"@id\":\"https:\/\/lottomat.com\/it\/risultati\/mega-millions\/#primaryimage\"},\"thumbnailUrl\":\"https:\/\/lottomat.com\/wp-content\/uploads\/2025\/10\/Mega-Millions-winning-numbers.webp\",\"datePublished\":\"2025-04-07T19:24:29+00:00\",\"dateModified\":\"2026-04-03T18:30:36+00:00\",\"description\":\"Controlla gli ultimi risultati e numeri vincenti di Mega Millions qui. Verifica quali numeri sono stati estratti nella recente estrazione della lotteria Mega Millions.\",\"breadcrumb\":{\"@id\":\"https:\/\/lottomat.com\/it\/risultati\/mega-millions\/#breadcrumb\"},\"inLanguage\":\"it-IT\",\"potentialAction\":[{\"@type\":\"ReadAction\",\"target\":[\"https:\/\/lottomat.com\/it\/risultati\/mega-millions\/\"]}]},{\"@type\":\"ImageObject\",\"inLanguage\":\"it-IT\",\"@id\":\"https:\/\/lottomat.com\/it\/risultati\/mega-millions\/#primaryimage\",\"url\":\"https:\/\/lottomat.com\/wp-content\/uploads\/2025\/10\/Mega-Millions-winning-numbers.webp\",\"contentUrl\":\"https:\/\/lottomat.com\/wp-content\/uploads\/2025\/10\/Mega-Millions-winning-numbers.webp\"},{\"@type\":\"BreadcrumbList\",\"@id\":\"https:\/\/lottomat.com\/it\/risultati\/mega-millions\/#breadcrumb\",\"itemListElement\":[{\"@type\":\"ListItem\",\"position\":1,\"name\":\"Home\",\"item\":\"https:\/\/lottomat.com\/it\/\"},{\"@type\":\"ListItem\",\"position\":2,\"name\":\"Risultati delle Lotterie e Numeri Vincenti del Lotto\",\"item\":\"https:\/\/lottomat.com\/it\/risultati\/\"},{\"@type\":\"ListItem\",\"position\":3,\"name\":\"Risultati e Numeri Vincenti di Mega Millions\"}]},{\"@type\":\"WebSite\",\"@id\":\"https:\/\/lottomat.com\/it\/#website\",\"url\":\"https:\/\/lottomat.com\/it\/\",\"name\":\"Lottomat\",\"description\":\"\",\"potentialAction\":[{\"@type\":\"SearchAction\",\"target\":{\"@type\":\"EntryPoint\",\"urlTemplate\":\"https:\/\/lottomat.com\/it\/?s={search_term_string}\"},\"query-input\":{\"@type\":\"PropertyValueSpecification\",\"valueRequired\":true,\"valueName\":\"search_term_string\"}}],\"inLanguage\":\"it-IT\"}]}<\/script>\n<!-- \/ Yoast SEO plugin. -->","yoast_head_json":{"title":"Risultati e Numeri Vincenti di Mega Millions - Lottomat","description":"Controlla gli ultimi risultati e numeri vincenti di Mega Millions qui. Verifica quali numeri sono stati estratti nella recente estrazione della lotteria Mega Millions.","robots":{"index":"index","follow":"follow","max-snippet":"max-snippet:-1","max-image-preview":"max-image-preview:large","max-video-preview":"max-video-preview:-1"},"canonical":"https:\/\/lottomat.com\/it\/risultati\/mega-millions\/","og_locale":"it_IT","og_type":"article","og_title":"Risultati e Numeri Vincenti di Mega Millions - Lottomat","og_description":"Controlla gli ultimi risultati e numeri vincenti di Mega Millions qui. Verifica quali numeri sono stati estratti nella recente estrazione della lotteria Mega Millions.","og_url":"https:\/\/lottomat.com\/it\/risultati\/mega-millions\/","og_site_name":"Lottomat","article_modified_time":"2026-04-03T18:30:36+00:00","og_image":[{"width":400,"height":400,"url":"https:\/\/lottomat.com\/wp-content\/uploads\/2025\/10\/Mega-Millions-winning-numbers.webp","type":"image\/webp"}],"twitter_card":"summary_large_image","twitter_misc":{"Tempo di lettura stimato":"6 minuti"},"schema":{"@context":"https:\/\/schema.org","@graph":[{"@type":"WebPage","@id":"https:\/\/lottomat.com\/it\/risultati\/mega-millions\/","url":"https:\/\/lottomat.com\/it\/risultati\/mega-millions\/","name":"Risultati e Numeri Vincenti di Mega Millions - Lottomat","isPartOf":{"@id":"https:\/\/lottomat.com\/it\/#website"},"primaryImageOfPage":{"@id":"https:\/\/lottomat.com\/it\/risultati\/mega-millions\/#primaryimage"},"image":{"@id":"https:\/\/lottomat.com\/it\/risultati\/mega-millions\/#primaryimage"},"thumbnailUrl":"https:\/\/lottomat.com\/wp-content\/uploads\/2025\/10\/Mega-Millions-winning-numbers.webp","datePublished":"2025-04-07T19:24:29+00:00","dateModified":"2026-04-03T18:30:36+00:00","description":"Controlla gli ultimi risultati e numeri vincenti di Mega Millions qui. Verifica quali numeri sono stati estratti nella recente estrazione della lotteria Mega Millions.","breadcrumb":{"@id":"https:\/\/lottomat.com\/it\/risultati\/mega-millions\/#breadcrumb"},"inLanguage":"it-IT","potentialAction":[{"@type":"ReadAction","target":["https:\/\/lottomat.com\/it\/risultati\/mega-millions\/"]}]},{"@type":"ImageObject","inLanguage":"it-IT","@id":"https:\/\/lottomat.com\/it\/risultati\/mega-millions\/#primaryimage","url":"https:\/\/lottomat.com\/wp-content\/uploads\/2025\/10\/Mega-Millions-winning-numbers.webp","contentUrl":"https:\/\/lottomat.com\/wp-content\/uploads\/2025\/10\/Mega-Millions-winning-numbers.webp"},{"@type":"BreadcrumbList","@id":"https:\/\/lottomat.com\/it\/risultati\/mega-millions\/#breadcrumb","itemListElement":[{"@type":"ListItem","position":1,"name":"Home","item":"https:\/\/lottomat.com\/it\/"},{"@type":"ListItem","position":2,"name":"Risultati delle Lotterie e Numeri Vincenti del Lotto","item":"https:\/\/lottomat.com\/it\/risultati\/"},{"@type":"ListItem","position":3,"name":"Risultati e Numeri Vincenti di Mega Millions"}]},{"@type":"WebSite","@id":"https:\/\/lottomat.com\/it\/#website","url":"https:\/\/lottomat.com\/it\/","name":"Lottomat","description":"","potentialAction":[{"@type":"SearchAction","target":{"@type":"EntryPoint","urlTemplate":"https:\/\/lottomat.com\/it\/?s={search_term_string}"},"query-input":{"@type":"PropertyValueSpecification","valueRequired":true,"valueName":"search_term_string"}}],"inLanguage":"it-IT"}]}},"_links":{"self":[{"href":"https:\/\/lottomat.com\/it\/wp-json\/wp\/v2\/pages\/237805","targetHints":{"allow":["GET"]}}],"collection":[{"href":"https:\/\/lottomat.com\/it\/wp-json\/wp\/v2\/pages"}],"about":[{"href":"https:\/\/lottomat.com\/it\/wp-json\/wp\/v2\/types\/page"}],"author":[{"embeddable":true,"href":"https:\/\/lottomat.com\/it\/wp-json\/wp\/v2\/users\/1"}],"replies":[{"embeddable":true,"href":"https:\/\/lottomat.com\/it\/wp-json\/wp\/v2\/comments?post=237805"}],"version-history":[{"count":4,"href":"https:\/\/lottomat.com\/it\/wp-json\/wp\/v2\/pages\/237805\/revisions"}],"predecessor-version":[{"id":276534,"href":"https:\/\/lottomat.com\/it\/wp-json\/wp\/v2\/pages\/237805\/revisions\/276534"}],"up":[{"embeddable":true,"href":"https:\/\/lottomat.com\/it\/wp-json\/wp\/v2\/pages\/7424"}],"wp:attachment":[{"href":"https:\/\/lottomat.com\/it\/wp-json\/wp\/v2\/media?parent=237805"}],"curies":[{"name":"wp","href":"https:\/\/api.w.org\/{rel}","templated":true}]}}