{"id":237757,"date":"2025-04-07T19:23:03","date_gmt":"2025-04-07T19:23:03","guid":{"rendered":"https:\/\/lottomat.net\/risultati-della-lotteria\/risultati-powerball\/"},"modified":"2026-04-03T19:27:52","modified_gmt":"2026-04-03T19:27:52","slug":"powerball","status":"publish","type":"page","link":"https:\/\/lottomat.com\/it\/risultati\/powerball\/","title":{"rendered":"Risultati e Numeri Vincenti di Powerball"},"content":{"rendered":"\n\n<div class=\"kk-star-ratings kksr-auto kksr-align-left kksr-valign-top\"\n    data-payload='{&quot;align&quot;:&quot;left&quot;,&quot;id&quot;:&quot;237757&quot;,&quot;slug&quot;:&quot;default&quot;,&quot;valign&quot;:&quot;top&quot;,&quot;ignore&quot;:&quot;&quot;,&quot;reference&quot;:&quot;auto&quot;,&quot;class&quot;:&quot;&quot;,&quot;count&quot;:&quot;0&quot;,&quot;legendonly&quot;:&quot;&quot;,&quot;readonly&quot;:&quot;&quot;,&quot;score&quot;:&quot;0&quot;,&quot;starsonly&quot;:&quot;&quot;,&quot;best&quot;:&quot;5&quot;,&quot;gap&quot;:&quot;5&quot;,&quot;greet&quot;:&quot;Rate this page&quot;,&quot;legend&quot;:&quot;0\\\/5 - (0 votes)&quot;,&quot;size&quot;:&quot;30&quot;,&quot;title&quot;:&quot;Risultati e Numeri Vincenti di Powerball&quot;,&quot;width&quot;:&quot;0&quot;,&quot;_legend&quot;:&quot;{score}\\\/{best} - ({count} {votes})&quot;,&quot;font_factor&quot;:&quot;1.25&quot;}'>\n            \n<div class=\"kksr-stars\">\n    \n<div class=\"kksr-stars-inactive\">\n            <div class=\"kksr-star\" data-star=\"1\" style=\"padding-right: 5px\">\n            \n\n<div class=\"kksr-icon\" style=\"width: 30px; height: 30px;\"><\/div>\n        <\/div>\n            <div class=\"kksr-star\" data-star=\"2\" style=\"padding-right: 5px\">\n            \n\n<div class=\"kksr-icon\" style=\"width: 30px; height: 30px;\"><\/div>\n        <\/div>\n            <div class=\"kksr-star\" data-star=\"3\" style=\"padding-right: 5px\">\n            \n\n<div class=\"kksr-icon\" style=\"width: 30px; height: 30px;\"><\/div>\n        <\/div>\n            <div class=\"kksr-star\" data-star=\"4\" style=\"padding-right: 5px\">\n            \n\n<div class=\"kksr-icon\" style=\"width: 30px; height: 30px;\"><\/div>\n        <\/div>\n            <div class=\"kksr-star\" data-star=\"5\" style=\"padding-right: 5px\">\n            \n\n<div class=\"kksr-icon\" style=\"width: 30px; height: 30px;\"><\/div>\n        <\/div>\n    <\/div>\n    \n<div class=\"kksr-stars-active\" style=\"width: 0px;\">\n            <div class=\"kksr-star\" style=\"padding-right: 5px\">\n            \n\n<div class=\"kksr-icon\" style=\"width: 30px; height: 30px;\"><\/div>\n        <\/div>\n            <div class=\"kksr-star\" style=\"padding-right: 5px\">\n            \n\n<div class=\"kksr-icon\" style=\"width: 30px; height: 30px;\"><\/div>\n        <\/div>\n            <div class=\"kksr-star\" style=\"padding-right: 5px\">\n            \n\n<div class=\"kksr-icon\" style=\"width: 30px; height: 30px;\"><\/div>\n        <\/div>\n            <div class=\"kksr-star\" style=\"padding-right: 5px\">\n            \n\n<div class=\"kksr-icon\" style=\"width: 30px; height: 30px;\"><\/div>\n        <\/div>\n            <div class=\"kksr-star\" style=\"padding-right: 5px\">\n            \n\n<div class=\"kksr-icon\" style=\"width: 30px; height: 30px;\"><\/div>\n        <\/div>\n    <\/div>\n<\/div>\n                \n\n<div class=\"kksr-legend\" style=\"font-size: 24px;\">\n            <span class=\"kksr-muted\">Rate this page<\/span>\n    <\/div>\n    <\/div>\n<p>Dopo aver acquistato i biglietti, selezionando i cinque numeri principali e un numero bonus Powerball su di essi, tutto ci\u00f2 che ti resta da fare \u00e8 aspettare pazientemente i risultati dell&#8217;estrazione, che appariranno alla velocit\u00e0 della luce sul <a href=\"https:\/\/lottomat.com\/it\/\"><strong>sito web di LottoMat<\/strong><\/a>. Ogni informazione che pubblichiamo sui numeri estratti proviene direttamente dall&#8217;organizzatore dell&#8217;estrazione in modo che tu possa essere sicuro che i <strong>risultati di Powerball sono coerenti al 100% con l&#8217;estrazione<\/strong>.<img loading=\"lazy\" decoding=\"async\" class=\"alignleft wp-image-252294\" src=\"https:\/\/lottomat.com\/wp-content\/uploads\/2025\/10\/jackpot-and-prizes-300x300.webp\" alt=\"jackpot e premi\" width=\"200\" height=\"200\" srcset=\"https:\/\/lottomat.com\/wp-content\/uploads\/2025\/10\/jackpot-and-prizes-300x300.webp 300w, https:\/\/lottomat.com\/wp-content\/uploads\/2025\/10\/jackpot-and-prizes-150x150.webp 150w, https:\/\/lottomat.com\/wp-content\/uploads\/2025\/10\/jackpot-and-prizes-100x100.webp 100w, https:\/\/lottomat.com\/wp-content\/uploads\/2025\/10\/jackpot-and-prizes.webp 400w\" sizes=\"auto, (max-width: 200px) 100vw, 200px\" \/><\/p>\n<h2>Come Controllare i Risultati Attuali di Powerball?<\/h2>\n<p>Sul sito web di LottoMat, troverai sempre gli <strong>ultimi risultati della lotteria Powerball<\/strong>, ancora freschi. Aggiorniamo i risultati di Powerball subito dopo l&#8217;estrazione, provengono da fonti ufficiali, che sono l&#8217;organizzatore della lotteria e sono <strong>affidabili al cento per cento<\/strong>. Dopo essere andato alla pagina dei risultati della lotteria Powerball, devi confrontare i numeri sul biglietto con i numeri nella tabella dei risultati. Se il tuo biglietto ha sei numeri estratti, allora congratulazioni, <strong>sei appena diventato milionario!<\/strong> Se no, non hai nulla di cui preoccuparti, poich\u00e9 Powerball ha ben <strong>nove livelli con vincite garantite<\/strong>. Significa che non devi centrare un &#8220;sei&#8221; completo per vincere un premio in denaro, ma devi <a href=\"https:\/\/lottomat.com\/it\/gioca\/powerball\/\">acquistare un biglietto Powerball online<\/a>!<\/p>\n<h2>Come Controllare i Risultati di Powerball di Ieri?<img loading=\"lazy\" decoding=\"async\" class=\"alignright wp-image-252354\" src=\"https:\/\/lottomat.com\/wp-content\/uploads\/2025\/10\/Powerball-Numbers-300x300.webp\" alt=\"Numeri di Powerball\" width=\"200\" height=\"200\" srcset=\"https:\/\/lottomat.com\/wp-content\/uploads\/2025\/10\/Powerball-Numbers-300x300.webp 300w, https:\/\/lottomat.com\/wp-content\/uploads\/2025\/10\/Powerball-Numbers-150x150.webp 150w, https:\/\/lottomat.com\/wp-content\/uploads\/2025\/10\/Powerball-Numbers-100x100.webp 100w, https:\/\/lottomat.com\/wp-content\/uploads\/2025\/10\/Powerball-Numbers.webp 400w\" sizes=\"auto, (max-width: 200px) 100vw, 200px\" \/><\/h2>\n<p>Che tu stia cercando i risultati di oggi, i numeri di ieri o le estrazioni della scorsa settimana, puoi trovare <strong>tutti i risultati di Powerball facilmente su LottoMat<\/strong>. Il nostro database completo dei risultati ti permette di accedere a qualsiasi informazione sull&#8217;estrazione in modo rapido ed efficiente. Naviga semplicemente nella sezione risultati e seleziona la data specifica che ti interessa controllare. Questa comoda funzione garantisce che <strong>non perderai mai l&#8217;occasione di controllare i tuoi biglietti<\/strong>, indipendentemente da quando si \u00e8 svolta l&#8217;estrazione.<\/p>\n<h2>Come Utilizzare i Risultati Archiviati delle Estrazioni di Powerball?<\/h2>\n<p>Il sito web di LottoMat ti fornisce anche <strong>risultati archiviati delle estrazioni di Powerball<\/strong>. Se vuoi consultarli, tutto ci\u00f2 che devi fare \u00e8 usare il nostro calendario dei risultati. Lo troverai sul lato destro dei numeri attualmente estratti. Dopo aver espanso l&#8217;elenco, puoi consultare le estrazioni precedenti, risalendo a <strong>dodici mesi fa<\/strong>.<\/p>\n<h3><img loading=\"lazy\" decoding=\"async\" class=\"alignleft wp-image-252324\" src=\"https:\/\/lottomat.com\/wp-content\/uploads\/2025\/10\/Powerball-Draw-300x300.webp\" alt=\"Estrazione di Powerball\" width=\"200\" height=\"200\" srcset=\"https:\/\/lottomat.com\/wp-content\/uploads\/2025\/10\/Powerball-Draw-300x300.webp 300w, https:\/\/lottomat.com\/wp-content\/uploads\/2025\/10\/Powerball-Draw-150x150.webp 150w, https:\/\/lottomat.com\/wp-content\/uploads\/2025\/10\/Powerball-Draw-100x100.webp 100w, https:\/\/lottomat.com\/wp-content\/uploads\/2025\/10\/Powerball-Draw.webp 400w\" sizes=\"auto, (max-width: 200px) 100vw, 200px\" \/>Quali Sono i Vantaggi dell&#8217;Utilizzo dei Risultati Archiviati di Powerball?<\/h3>\n<p>A cosa ti servono i risultati archiviati delle estrazioni del lotto? A diverse cose, in realt\u00e0. Per una cosa, possono aiutarti a <strong>creare la tua strategia per scegliere i numeri<\/strong> quando compili di nuovo i biglietti, in modo che i tuoi giochi successivi possano avere molto successo. Puoi anche <a href=\"https:\/\/lottomat.com\/it\/risultati\/\">usare i risultati archiviati della lotteria<\/a> per cercare quali numeri sono stati estratti pi\u00f9 di recente, quali non sono apparsi da settimane, e vedrai quanto sia importante scegliere numeri diversi da intervalli differenti. \u00c8 noto da tempo che non si dovrebbe limitarsi in alcun modo quando si compilano i biglietti. Ogni numero nel gruppo disponibile \u00e8 importante, eppure molti giocatori definiscono per se stessi un set fisso di numeri basato sui compleanni, come nel mese o giorno di nascita, il che restringe davvero il gruppo utilizzato abbassando anche le possibilit\u00e0 di vincere alla lotteria Powerball. I risultati archiviati delle estrazioni includono anche informazioni sugli ultimi jackpot da accumulo, il valore dei premi e il numero di vincitori che hanno centrato il jackpot di Powerball.<\/p>\n<h2>Quali Sono i Numeri Pi\u00f9 Estratti in Powerball?<\/h2>\n<p>Sul sito web di LottoMat, troverai tutte le informazioni chiave relative alle lotterie. Non sono solo i risultati ma anche un elenco delle regole di Powerball e informazioni interessanti, termini di utilizzo e una grande dose di consigli che renderanno pi\u00f9 facile vincere alle lotterie. Abbiamo preparato per te un <strong>grande e interessante foglio illustrativo<\/strong>, in cui specifichiamo quali numeri sono stati estratti di pi\u00f9 in Powerball e quali meno. Ti aiuter\u00e0 a pianificare la scelta dei numeri sui nuovi biglietti, perch\u00e9 le statistiche mostrano chiaramente quali numeri tendono ad essere estratti pi\u00f9 di altri. Usali e ricorda, il numero Powerball viene estratto da un intervallo separato di numeri, quindi lo stesso numero pu\u00f2 essere estratto sia tra i numeri principali che sul bonus Powerball. Non devi pi\u00f9 cercare e annotare vecchi risultati, hai tutto servito su un piatto d&#8217;argento. I <strong>numeri pi\u00f9 estratti nella lotteria Powerball sono: 8, 26, 22, 23 e 36<\/strong>. Crea la tua strategia scegliendo i numeri che ti parlano, ma usa anche quelli che ti suggeriamo, perch\u00e9 <strong>le statistiche non mentono mai<\/strong>.<\/p>\n<h2>Quali Sono i Numeri Vincenti Meno Estratti in Powerball?<img loading=\"lazy\" decoding=\"async\" class=\"alignright wp-image-252384\" src=\"https:\/\/lottomat.com\/wp-content\/uploads\/2025\/10\/Powerball-Results-300x300.webp\" alt=\"Risultati di Powerball\" width=\"200\" height=\"200\" srcset=\"https:\/\/lottomat.com\/wp-content\/uploads\/2025\/10\/Powerball-Results-300x300.webp 300w, https:\/\/lottomat.com\/wp-content\/uploads\/2025\/10\/Powerball-Results-150x150.webp 150w, https:\/\/lottomat.com\/wp-content\/uploads\/2025\/10\/Powerball-Results-100x100.webp 100w, https:\/\/lottomat.com\/wp-content\/uploads\/2025\/10\/Powerball-Results.webp 400w\" sizes=\"auto, (max-width: 200px) 100vw, 200px\" \/><\/h2>\n<p>Capire quali numeri appaiono meno frequentemente nelle estrazioni di Powerball pu\u00f2 essere altrettanto prezioso quanto conoscere quelli pi\u00f9 estratti. L&#8217;analisi statistica rivela che certi numeri sono stati <strong>costantemente sottorappresentati nelle estrazioni passate<\/strong>. I numeri meno estratti includono 15, 51, 37, 47, 12, 4 e 24. Alcuni giocatori credono che questi numeri &#8220;freddi&#8221; siano in scadenza per un ritorno e li incorporano nella loro strategia di selezione dei numeri. Mentre i risultati passati non garantiscono esiti futuri, analizzare questi schemi pu\u00f2 aiutarti a prendere decisioni pi\u00f9 informate quando scegli i tuoi numeri Powerball per le prossime estrazioni.<\/p>\n<h2>Quanti Giocatori Hanno Vinto e Quanto nell&#8217;Ultima Estrazione di Powerball?<\/h2>\n<p>Ogni estrazione di Powerball crea <strong>migliaia di vincitori in tutte le categorie di premio<\/strong>, rendendola una delle lotterie pi\u00f9 gratificanti al mondo. La distribuzione dei premi tipicamente include un vincitore del jackpot o pi\u00f9 vincitori che condividono il premio principale, diversi milionari che hanno abbinato cinque numeri principali e centinaia di migliaia di vincitori di premi pi\u00f9 piccoli. Gli importi dei premi variano a seconda del numero di vincitori in ogni categoria e delle vendite totali dei biglietti per quell&#8217;estrazione. Puoi trovare <strong>suddivisioni dettagliate dei numeri dei vincitori e degli importi dei premi<\/strong> per ogni categoria immediatamente dopo ogni estrazione sul sito web di LottoMat. Questa informazione ti aiuta a comprendere le probabilit\u00e0 e i potenziali ritorni per diverse combinazioni vincenti. Se vuoi sapere di pi\u00f9 sui premi per la prossima estrazione, <a href=\"https:\/\/lottomat.com\/it\/lotteria\/powerball\/\">leggi sui premi e jackpot di Powerball<\/a>.<\/p>\n<h2><img loading=\"lazy\" decoding=\"async\" class=\"alignleft wp-image-252414\" src=\"https:\/\/lottomat.com\/wp-content\/uploads\/2025\/10\/Powerball-Winning-Numbers-300x300.webp\" alt=\"Numeri Vincenti di Powerball\" width=\"200\" height=\"200\" srcset=\"https:\/\/lottomat.com\/wp-content\/uploads\/2025\/10\/Powerball-Winning-Numbers-300x300.webp 300w, https:\/\/lottomat.com\/wp-content\/uploads\/2025\/10\/Powerball-Winning-Numbers-150x150.webp 150w, https:\/\/lottomat.com\/wp-content\/uploads\/2025\/10\/Powerball-Winning-Numbers-100x100.webp 100w, https:\/\/lottomat.com\/wp-content\/uploads\/2025\/10\/Powerball-Winning-Numbers.webp 400w\" sizes=\"auto, (max-width: 200px) 100vw, 200px\" \/><\/h2>\n<h2>Come Prevedere i Risultati e i Numeri Vincenti di Powerball?<\/h2>\n<p>Mentre Powerball \u00e8 un gioco d&#8217;azzardo e <strong>nessun metodo pu\u00f2 garantire numeri vincenti<\/strong>, molti giocatori impiegano varie strategie per migliorare il loro processo di selezione. Alcuni analizzano grafici di frequenza per identificare numeri caldi e freddi, mentre altri usano sistemi matematici come il wheeling o l&#8217;analisi dei numeri delta. I generatori di numeri casuali possono aiutare a eliminare il pregiudizio umano nella selezione dei numeri. Ricorda che ogni estrazione \u00e8 indipendente, e ogni combinazione di numeri ha la stessa possibilit\u00e0 di essere estratta. La chiave \u00e8 <strong>giocare costantemente con numeri in cui ti senti sicuro<\/strong>, che siano basati su analisi statistiche, significato personale o pura intuizione. Soprattutto, gioca sempre in modo responsabile entro i limiti del tuo budget. Ora sai se \u00e8 possibile prevedere i risultati di Powerball. Una cosa \u00e8 certa &#8211; per vincere, devi giocare. Quindi <a href=\"https:\/\/lottomat.com\/it\/gioca\/\">acquista un biglietto per qualsiasi lotteria<\/a> e aspetta i risultati che ti renderanno felice.<\/p>\n","protected":false},"excerpt":{"rendered":"<p>Dopo aver acquistato i biglietti, selezionando i cinque numeri principali e un numero bonus Powerball su di essi, tutto ci\u00f2 che ti resta da fare \u00e8 aspettare pazientemente i risultati dell&#8217;estrazione, che appariranno alla velocit\u00e0 della luce sul sito web di LottoMat. Ogni informazione che pubblichiamo sui numeri estratti proviene direttamente dall&#8217;organizzatore dell&#8217;estrazione in modo [&hellip;]<\/p>\n","protected":false},"author":1,"featured_media":0,"parent":7424,"menu_order":1,"comment_status":"closed","ping_status":"closed","template":"powerball-usa-results.php","meta":{"_et_pb_use_builder":"","_et_pb_old_content":"","_et_gb_content_width":"","exclude_from_search":false,"footnotes":""},"class_list":["post-237757","page","type-page","status-publish","hentry"],"yoast_head":"<!-- This site is optimized with the Yoast SEO plugin v23.8 - https:\/\/yoast.com\/wordpress\/plugins\/seo\/ -->\n<title>Risultati e Numeri Vincenti di Powerball \u2013 LottoMat<\/title>\n<meta name=\"description\" content=\"Controlla gli ultimi risultati e numeri vincenti di Powerball su LottoMat. Confronta i tuoi numeri con i risultati ufficiali dell&#039;estrazione per vedere se hai vinto!\" \/>\n<meta name=\"robots\" content=\"index, follow, max-snippet:-1, max-image-preview:large, max-video-preview:-1\" \/>\n<link rel=\"canonical\" href=\"https:\/\/lottomat.com\/it\/risultati\/powerball\/\" \/>\n<meta property=\"og:locale\" content=\"it_IT\" \/>\n<meta property=\"og:type\" content=\"article\" \/>\n<meta property=\"og:title\" content=\"Risultati e Numeri Vincenti di Powerball \u2013 LottoMat\" \/>\n<meta property=\"og:description\" content=\"Controlla gli ultimi risultati e numeri vincenti di Powerball su LottoMat. Confronta i tuoi numeri con i risultati ufficiali dell&#039;estrazione per vedere se hai vinto!\" \/>\n<meta property=\"og:url\" content=\"https:\/\/lottomat.com\/it\/risultati\/powerball\/\" \/>\n<meta property=\"og:site_name\" content=\"Lottomat\" \/>\n<meta property=\"article:modified_time\" content=\"2026-04-03T19:27:52+00:00\" \/>\n<meta property=\"og:image\" content=\"https:\/\/lottomat.com\/wp-content\/uploads\/2025\/10\/jackpot-and-prizes.webp\" \/>\n\t<meta property=\"og:image:width\" content=\"400\" \/>\n\t<meta property=\"og:image:height\" content=\"400\" \/>\n\t<meta property=\"og:image:type\" content=\"image\/webp\" \/>\n<meta name=\"twitter:card\" content=\"summary_large_image\" \/>\n<meta name=\"twitter:label1\" content=\"Tempo di lettura stimato\" \/>\n\t<meta name=\"twitter:data1\" content=\"6 minuti\" \/>\n<script type=\"application\/ld+json\" class=\"yoast-schema-graph\">{\"@context\":\"https:\/\/schema.org\",\"@graph\":[{\"@type\":\"WebPage\",\"@id\":\"https:\/\/lottomat.com\/it\/risultati\/powerball\/\",\"url\":\"https:\/\/lottomat.com\/it\/risultati\/powerball\/\",\"name\":\"Risultati e Numeri Vincenti di Powerball \u2013 LottoMat\",\"isPartOf\":{\"@id\":\"https:\/\/lottomat.com\/it\/#website\"},\"primaryImageOfPage\":{\"@id\":\"https:\/\/lottomat.com\/it\/risultati\/powerball\/#primaryimage\"},\"image\":{\"@id\":\"https:\/\/lottomat.com\/it\/risultati\/powerball\/#primaryimage\"},\"thumbnailUrl\":\"https:\/\/lottomat.com\/wp-content\/uploads\/2025\/10\/jackpot-and-prizes-300x300.webp\",\"datePublished\":\"2025-04-07T19:23:03+00:00\",\"dateModified\":\"2026-04-03T19:27:52+00:00\",\"description\":\"Controlla gli ultimi risultati e numeri vincenti di Powerball su LottoMat. Confronta i tuoi numeri con i risultati ufficiali dell'estrazione per vedere se hai vinto!\",\"breadcrumb\":{\"@id\":\"https:\/\/lottomat.com\/it\/risultati\/powerball\/#breadcrumb\"},\"inLanguage\":\"it-IT\",\"potentialAction\":[{\"@type\":\"ReadAction\",\"target\":[\"https:\/\/lottomat.com\/it\/risultati\/powerball\/\"]}]},{\"@type\":\"ImageObject\",\"inLanguage\":\"it-IT\",\"@id\":\"https:\/\/lottomat.com\/it\/risultati\/powerball\/#primaryimage\",\"url\":\"https:\/\/lottomat.com\/wp-content\/uploads\/2025\/10\/jackpot-and-prizes-300x300.webp\",\"contentUrl\":\"https:\/\/lottomat.com\/wp-content\/uploads\/2025\/10\/jackpot-and-prizes-300x300.webp\"},{\"@type\":\"BreadcrumbList\",\"@id\":\"https:\/\/lottomat.com\/it\/risultati\/powerball\/#breadcrumb\",\"itemListElement\":[{\"@type\":\"ListItem\",\"position\":1,\"name\":\"Home\",\"item\":\"https:\/\/lottomat.com\/it\/\"},{\"@type\":\"ListItem\",\"position\":2,\"name\":\"Risultati delle Lotterie e Numeri Vincenti del Lotto\",\"item\":\"https:\/\/lottomat.com\/it\/risultati\/\"},{\"@type\":\"ListItem\",\"position\":3,\"name\":\"Risultati e Numeri Vincenti di Powerball\"}]},{\"@type\":\"WebSite\",\"@id\":\"https:\/\/lottomat.com\/it\/#website\",\"url\":\"https:\/\/lottomat.com\/it\/\",\"name\":\"Lottomat\",\"description\":\"\",\"potentialAction\":[{\"@type\":\"SearchAction\",\"target\":{\"@type\":\"EntryPoint\",\"urlTemplate\":\"https:\/\/lottomat.com\/it\/?s={search_term_string}\"},\"query-input\":{\"@type\":\"PropertyValueSpecification\",\"valueRequired\":true,\"valueName\":\"search_term_string\"}}],\"inLanguage\":\"it-IT\"}]}<\/script>\n<!-- \/ Yoast SEO plugin. -->","yoast_head_json":{"title":"Risultati e Numeri Vincenti di Powerball \u2013 LottoMat","description":"Controlla gli ultimi risultati e numeri vincenti di Powerball su LottoMat. Confronta i tuoi numeri con i risultati ufficiali dell'estrazione per vedere se hai vinto!","robots":{"index":"index","follow":"follow","max-snippet":"max-snippet:-1","max-image-preview":"max-image-preview:large","max-video-preview":"max-video-preview:-1"},"canonical":"https:\/\/lottomat.com\/it\/risultati\/powerball\/","og_locale":"it_IT","og_type":"article","og_title":"Risultati e Numeri Vincenti di Powerball \u2013 LottoMat","og_description":"Controlla gli ultimi risultati e numeri vincenti di Powerball su LottoMat. Confronta i tuoi numeri con i risultati ufficiali dell'estrazione per vedere se hai vinto!","og_url":"https:\/\/lottomat.com\/it\/risultati\/powerball\/","og_site_name":"Lottomat","article_modified_time":"2026-04-03T19:27:52+00:00","og_image":[{"width":400,"height":400,"url":"https:\/\/lottomat.com\/wp-content\/uploads\/2025\/10\/jackpot-and-prizes.webp","type":"image\/webp"}],"twitter_card":"summary_large_image","twitter_misc":{"Tempo di lettura stimato":"6 minuti"},"schema":{"@context":"https:\/\/schema.org","@graph":[{"@type":"WebPage","@id":"https:\/\/lottomat.com\/it\/risultati\/powerball\/","url":"https:\/\/lottomat.com\/it\/risultati\/powerball\/","name":"Risultati e Numeri Vincenti di Powerball \u2013 LottoMat","isPartOf":{"@id":"https:\/\/lottomat.com\/it\/#website"},"primaryImageOfPage":{"@id":"https:\/\/lottomat.com\/it\/risultati\/powerball\/#primaryimage"},"image":{"@id":"https:\/\/lottomat.com\/it\/risultati\/powerball\/#primaryimage"},"thumbnailUrl":"https:\/\/lottomat.com\/wp-content\/uploads\/2025\/10\/jackpot-and-prizes-300x300.webp","datePublished":"2025-04-07T19:23:03+00:00","dateModified":"2026-04-03T19:27:52+00:00","description":"Controlla gli ultimi risultati e numeri vincenti di Powerball su LottoMat. Confronta i tuoi numeri con i risultati ufficiali dell'estrazione per vedere se hai vinto!","breadcrumb":{"@id":"https:\/\/lottomat.com\/it\/risultati\/powerball\/#breadcrumb"},"inLanguage":"it-IT","potentialAction":[{"@type":"ReadAction","target":["https:\/\/lottomat.com\/it\/risultati\/powerball\/"]}]},{"@type":"ImageObject","inLanguage":"it-IT","@id":"https:\/\/lottomat.com\/it\/risultati\/powerball\/#primaryimage","url":"https:\/\/lottomat.com\/wp-content\/uploads\/2025\/10\/jackpot-and-prizes-300x300.webp","contentUrl":"https:\/\/lottomat.com\/wp-content\/uploads\/2025\/10\/jackpot-and-prizes-300x300.webp"},{"@type":"BreadcrumbList","@id":"https:\/\/lottomat.com\/it\/risultati\/powerball\/#breadcrumb","itemListElement":[{"@type":"ListItem","position":1,"name":"Home","item":"https:\/\/lottomat.com\/it\/"},{"@type":"ListItem","position":2,"name":"Risultati delle Lotterie e Numeri Vincenti del Lotto","item":"https:\/\/lottomat.com\/it\/risultati\/"},{"@type":"ListItem","position":3,"name":"Risultati e Numeri Vincenti di Powerball"}]},{"@type":"WebSite","@id":"https:\/\/lottomat.com\/it\/#website","url":"https:\/\/lottomat.com\/it\/","name":"Lottomat","description":"","potentialAction":[{"@type":"SearchAction","target":{"@type":"EntryPoint","urlTemplate":"https:\/\/lottomat.com\/it\/?s={search_term_string}"},"query-input":{"@type":"PropertyValueSpecification","valueRequired":true,"valueName":"search_term_string"}}],"inLanguage":"it-IT"}]}},"_links":{"self":[{"href":"https:\/\/lottomat.com\/it\/wp-json\/wp\/v2\/pages\/237757","targetHints":{"allow":["GET"]}}],"collection":[{"href":"https:\/\/lottomat.com\/it\/wp-json\/wp\/v2\/pages"}],"about":[{"href":"https:\/\/lottomat.com\/it\/wp-json\/wp\/v2\/types\/page"}],"author":[{"embeddable":true,"href":"https:\/\/lottomat.com\/it\/wp-json\/wp\/v2\/users\/1"}],"replies":[{"embeddable":true,"href":"https:\/\/lottomat.com\/it\/wp-json\/wp\/v2\/comments?post=237757"}],"version-history":[{"count":4,"href":"https:\/\/lottomat.com\/it\/wp-json\/wp\/v2\/pages\/237757\/revisions"}],"predecessor-version":[{"id":276548,"href":"https:\/\/lottomat.com\/it\/wp-json\/wp\/v2\/pages\/237757\/revisions\/276548"}],"up":[{"embeddable":true,"href":"https:\/\/lottomat.com\/it\/wp-json\/wp\/v2\/pages\/7424"}],"wp:attachment":[{"href":"https:\/\/lottomat.com\/it\/wp-json\/wp\/v2\/media?parent=237757"}],"curies":[{"name":"wp","href":"https:\/\/api.w.org\/{rel}","templated":true}]}}