{"id":232628,"date":"2025-03-27T10:35:32","date_gmt":"2025-03-27T10:35:32","guid":{"rendered":"https:\/\/lottomat.net\/risultati-della-lotteria\/risultati-delleurojackpot\/"},"modified":"2026-01-16T15:57:30","modified_gmt":"2026-01-16T15:57:30","slug":"eurojackpot","status":"publish","type":"page","link":"https:\/\/lottomat.com\/it\/risultati\/eurojackpot\/","title":{"rendered":"Risultati e Numeri Vincenti di Eurojackpot"},"content":{"rendered":"\n\n<div class=\"kk-star-ratings kksr-auto kksr-align-left kksr-valign-top\"\n    data-payload='{&quot;align&quot;:&quot;left&quot;,&quot;id&quot;:&quot;232628&quot;,&quot;slug&quot;:&quot;default&quot;,&quot;valign&quot;:&quot;top&quot;,&quot;ignore&quot;:&quot;&quot;,&quot;reference&quot;:&quot;auto&quot;,&quot;class&quot;:&quot;&quot;,&quot;count&quot;:&quot;0&quot;,&quot;legendonly&quot;:&quot;&quot;,&quot;readonly&quot;:&quot;&quot;,&quot;score&quot;:&quot;0&quot;,&quot;starsonly&quot;:&quot;&quot;,&quot;best&quot;:&quot;5&quot;,&quot;gap&quot;:&quot;5&quot;,&quot;greet&quot;:&quot;Rate this page&quot;,&quot;legend&quot;:&quot;0\\\/5 - (0 votes)&quot;,&quot;size&quot;:&quot;30&quot;,&quot;title&quot;:&quot;Risultati e Numeri Vincenti di Eurojackpot&quot;,&quot;width&quot;:&quot;0&quot;,&quot;_legend&quot;:&quot;{score}\\\/{best} - ({count} {votes})&quot;,&quot;font_factor&quot;:&quot;1.25&quot;}'>\n            \n<div class=\"kksr-stars\">\n    \n<div class=\"kksr-stars-inactive\">\n            <div class=\"kksr-star\" data-star=\"1\" style=\"padding-right: 5px\">\n            \n\n<div class=\"kksr-icon\" style=\"width: 30px; height: 30px;\"><\/div>\n        <\/div>\n            <div class=\"kksr-star\" data-star=\"2\" style=\"padding-right: 5px\">\n            \n\n<div class=\"kksr-icon\" style=\"width: 30px; height: 30px;\"><\/div>\n        <\/div>\n            <div class=\"kksr-star\" data-star=\"3\" style=\"padding-right: 5px\">\n            \n\n<div class=\"kksr-icon\" style=\"width: 30px; height: 30px;\"><\/div>\n        <\/div>\n            <div class=\"kksr-star\" data-star=\"4\" style=\"padding-right: 5px\">\n            \n\n<div class=\"kksr-icon\" style=\"width: 30px; height: 30px;\"><\/div>\n        <\/div>\n            <div class=\"kksr-star\" data-star=\"5\" style=\"padding-right: 5px\">\n            \n\n<div class=\"kksr-icon\" style=\"width: 30px; height: 30px;\"><\/div>\n        <\/div>\n    <\/div>\n    \n<div class=\"kksr-stars-active\" style=\"width: 0px;\">\n            <div class=\"kksr-star\" style=\"padding-right: 5px\">\n            \n\n<div class=\"kksr-icon\" style=\"width: 30px; height: 30px;\"><\/div>\n        <\/div>\n            <div class=\"kksr-star\" style=\"padding-right: 5px\">\n            \n\n<div class=\"kksr-icon\" style=\"width: 30px; height: 30px;\"><\/div>\n        <\/div>\n            <div class=\"kksr-star\" style=\"padding-right: 5px\">\n            \n\n<div class=\"kksr-icon\" style=\"width: 30px; height: 30px;\"><\/div>\n        <\/div>\n            <div class=\"kksr-star\" style=\"padding-right: 5px\">\n            \n\n<div class=\"kksr-icon\" style=\"width: 30px; height: 30px;\"><\/div>\n        <\/div>\n            <div class=\"kksr-star\" style=\"padding-right: 5px\">\n            \n\n<div class=\"kksr-icon\" style=\"width: 30px; height: 30px;\"><\/div>\n        <\/div>\n    <\/div>\n<\/div>\n                \n\n<div class=\"kksr-legend\" style=\"font-size: 24px;\">\n            <span class=\"kksr-muted\">Rate this page<\/span>\n    <\/div>\n    <\/div>\n<p>Hai acquistato biglietti Eurojackpot e ti chiedi se hai vinto? Fino a quando non conosci i numeri estratti, tutto pu\u00f2 succedere, e puoi vedere i <a href=\"https:\/\/lottomat.com\/it\/risultati\/\">risultati della lotteria su questo sito web<\/a>. Li pubblichiamo ultra-velocemente subito dopo aver ricevuto un messaggio dal sito web dell&#8217;organizzatore di Eurojackpot, quindi hai la garanzia che sia affidabilmente confermato e reale al 100%. Analizza i risultati e i numeri vincenti di Eurojackpot proprio ora!<\/p>\n<h2>Come Controllare i Risultati di Oggi di Eurojackpot?<img loading=\"lazy\" decoding=\"async\" class=\"alignright wp-image-257716\" src=\"https:\/\/lottomat.com\/wp-content\/uploads\/2025\/11\/Eurojackpot-online-1.webp\" alt=\"Eurojackpot online\" width=\"200\" height=\"200\" srcset=\"https:\/\/lottomat.com\/wp-content\/uploads\/2025\/11\/Eurojackpot-online-1.webp 400w, https:\/\/lottomat.com\/wp-content\/uploads\/2025\/11\/Eurojackpot-online-1-300x300.webp 300w, https:\/\/lottomat.com\/wp-content\/uploads\/2025\/11\/Eurojackpot-online-1-150x150.webp 150w, https:\/\/lottomat.com\/wp-content\/uploads\/2025\/11\/Eurojackpot-online-1-100x100.webp 100w\" sizes=\"auto, (max-width: 200px) 100vw, 200px\" \/><\/h2>\n<p>Il modo pi\u00f9 semplice per controllare gli ultimi risultati di Eurojackpot \u00e8 sul nostro sito web. Forniamo <strong>risultati delle estrazioni della lotteria affidabili al 100%<\/strong> di cui puoi fidarti completamente. La nostra piattaforma garantisce che tutti i numeri vincenti di Eurojackpot siano <strong>aggiornati immediatamente dopo ogni estrazione ufficiale<\/strong>. Che tu stia controllando le combinazioni vincenti, le suddivisioni dei premi o gli importi del jackpot, troverai informazioni accurate e aggiornate qui. Comprendiamo quanto sia importante per i giocatori della lotteria ottenere risultati verificati rapidamente, ed \u00e8 per questo che diamo priorit\u00e0 alla <strong>velocit\u00e0 e all&#8217;accuratezza<\/strong> nel fornire i risultati di Eurojackpot ai nostri utenti.<\/p>\n<h2>Come Controllare i Risultati di Ieri di Eurojackpot?<\/h2>\n<p>Puoi anche controllare i risultati di ieri di Eurojackpot sul <a href=\"https:\/\/lottomat.com\/it\/\">nostro sito web Lottomat<\/a>, poich\u00e9 presentiamo non solo i risultati attuali ma anche <strong>dati storici dalle estrazioni passate<\/strong>. Il nostro database completo include <strong>i risultati di oggi, le estrazioni di ieri e i risultati di settimane, mesi o persino anni fa<\/strong>. Questo ampio archivio ti permette di tracciare schemi, analizzare tendenze e rivedere qualsiasi estrazione che ti interessa. Che tu abbia perso l&#8217;occasione di controllare i tuoi biglietti ieri o voglia verificare i numeri vincenti passati, la nostra piattaforma fornisce facile accesso a tutti i risultati storici di Eurojackpot con <strong>completa accuratezza e affidabilit\u00e0<\/strong>.<\/p>\n<h2>Come Controllare i Risultati Archiviati di Eurojackpot?<\/h2>\n<p>Per vedere i risultati archiviati di Eurojackpot, devi solo usare il calendario dei risultati sul sito web di Lottomat. Si trova sotto la data dell&#8217;ultima estrazione. Tutto ci\u00f2 che devi fare \u00e8 scegliere la data che ti interessa di pi\u00f9 e vedere i risultati del gioco finora.<\/p>\n<h2><img loading=\"lazy\" decoding=\"async\" class=\"alignleft wp-image-257746\" src=\"https:\/\/lottomat.com\/wp-content\/uploads\/2025\/11\/Eurojackpot-tickets-1.webp\" alt=\"biglietti Eurojackpot\" width=\"200\" height=\"200\" srcset=\"https:\/\/lottomat.com\/wp-content\/uploads\/2025\/11\/Eurojackpot-tickets-1.webp 400w, https:\/\/lottomat.com\/wp-content\/uploads\/2025\/11\/Eurojackpot-tickets-1-300x300.webp 300w, https:\/\/lottomat.com\/wp-content\/uploads\/2025\/11\/Eurojackpot-tickets-1-150x150.webp 150w, https:\/\/lottomat.com\/wp-content\/uploads\/2025\/11\/Eurojackpot-tickets-1-100x100.webp 100w\" sizes=\"auto, (max-width: 200px) 100vw, 200px\" \/>Come Utilizzare i Risultati Archiviati delle Estrazioni e i Numeri Vincenti di Eurojackpot?<\/h2>\n<p>Gli ultimi risultati del lotto e quelli archiviati ti permettono di controllare quali numeri sono stati estratti nelle estrazioni precedenti, qual \u00e8 la frequenza di accumulo in una particolare lotteria, il numero di vincitori e le vincite record. Tutto questo serve per costruire una strategia di gioco a Eurojackpot e sviluppare il tuo metodo di selezione dei numeri. D&#8217;altra parte, se vuoi selezionare i numeri pi\u00f9 velocemente ma utilizzare comunque le statistiche, sei libero di usare i nostri suggerimenti sui numeri pi\u00f9 e meno estratti nelle lotterie Eurojackpot. Tutti i dati e le informazioni necessari possono essere trovati sul sito web di Lottomat. Ricorda di non limitarti alle lotterie. Il che rende una buona idea selezionare dall&#8217;intero gruppo di numeri disponibili quando fai una scommessa, poich\u00e9 aumenta le tue possibilit\u00e0 di vincere il premio principale.<\/p>\n<h2>Quali Numeri Sono Estratti Pi\u00f9 Frequentemente in Eurojackpot?<\/h2>\n<p>Basandosi sull&#8217;analisi statistica delle estrazioni di Eurojackpot dall&#8217;inizio della lotteria nel 2012, i numeri principali estratti pi\u00f9 frequentemente includono <strong>14, 16, 18, 19, 25, 33 e 40<\/strong>. Questi numeri caldi sono apparsi pi\u00f9 spesso di altri durante la storia della lotteria. Guardando i numeri bonus Euro, i numeri <strong>5 e 8 sono stati estratti pi\u00f9 frequentemente: 83 volte ciascuno<\/strong>. Molti giocatori della lotteria usano queste statistiche sui numeri caldi per informare la loro strategia di selezione dei numeri. Mentre ogni numero teoricamente ha la stessa possibilit\u00e0 di essere estratto, alcuni giocatori preferiscono scegliere tra questi numeri che appaiono frequentemente quando fanno le loro selezioni Eurojackpot. Vale la pena notare che <strong>la frequenza passata non garantisce risultati futuri<\/strong>, ma queste statistiche possono fornire intuizioni interessanti per gli appassionati di lotterie.<\/p>\n<h2>Quali Numeri Sono Estratti Meno Frequentemente in Eurojackpot?<\/h2>\n<p>All&#8217;estremit\u00e0 opposta dello spettro, certi numeri appaiono meno frequentemente nelle estrazioni di Eurojackpot, guadagnandosi la designazione di &#8220;numeri freddi&#8221;. I numeri Eurojackpot estratti meno frequentemente sono: <strong>48, 2, 36, 50 e un pareggio tra 24, 27 e 31<\/strong>. I numeri Euro estratti meno comunemente sono <strong>9 e 10<\/strong>. Alcuni giocatori della lotteria credono che questi numeri freddi siano &#8220;in scadenza&#8221; per apparire presto, anche se \u00e8 importante capire che <strong>ogni estrazione \u00e8 completamente casuale e indipendente<\/strong>. Anche se questo non \u00e8 il modo in cui funzionano le estrazioni della lotteria \u2013 ogni estrazione \u00e8 completamente casuale e non collegata all&#8217;estrazione precedente \u2013 \u00e8 comunque divertente scoprire quali numeri sono apparsi meno spesso. Che tu scelga numeri caldi, numeri freddi o un mix di entrambi, ricorda che <strong>i risultati della lotteria si basano in definitiva sul caso<\/strong>.<\/p>\n<h2>Quante Persone Hanno Vinto nell&#8217;Ultima Estrazione di Eurojackpot?<img loading=\"lazy\" decoding=\"async\" class=\"alignright wp-image-257777\" src=\"https:\/\/lottomat.com\/wp-content\/uploads\/2025\/11\/play-Eurojackpot-1.webp\" alt=\"gioca a Eurojackpot\" width=\"200\" height=\"200\" srcset=\"https:\/\/lottomat.com\/wp-content\/uploads\/2025\/11\/play-Eurojackpot-1.webp 400w, https:\/\/lottomat.com\/wp-content\/uploads\/2025\/11\/play-Eurojackpot-1-300x300.webp 300w, https:\/\/lottomat.com\/wp-content\/uploads\/2025\/11\/play-Eurojackpot-1-150x150.webp 150w, https:\/\/lottomat.com\/wp-content\/uploads\/2025\/11\/play-Eurojackpot-1-100x100.webp 100w\" sizes=\"auto, (max-width: 200px) 100vw, 200px\" \/><\/h2>\n<p>Sul nostro sito web, troverai una tabella dettagliata con informazioni complete sui risultati dell&#8217;ultima estrazione di Eurojackpot, incluso <strong>il numero di persone che hanno vinto premi in ogni categoria di premio<\/strong> e <strong>l&#8217;importo esatto che valeva ogni premio in euro<\/strong>. Questa suddivisione mostra i vincitori in tutte le <strong>dodici categorie di premio<\/strong>, dal vincitore del jackpot fino a coloro che hanno abbinato la combinazione vincente minima. Rivedendo queste informazioni, puoi vedere che <strong>i giocatori vincono davvero in Eurojackpot regolarmente<\/strong> in tutti i livelli di premio. La suddivisione dei premi dimostra l&#8217;attrattiva della lotteria, con <strong>molteplici modi per vincere e premi sostanziali<\/strong> anche per gli abbinamenti di categoria inferiore. Questa trasparenza aiuta i giocatori a comprendere le loro possibilit\u00e0 e vedere l&#8217;impatto reale delle estrazioni di Eurojackpot sui vincitori nei paesi partecipanti. Sei pronto a unirti al miglior divertimento? <a href=\"https:\/\/lottomat.com\/it\/gioca\/eurojackpot\/\">Gioca a Eurojackpot online<\/a> su Lottomat e vinci alla grande.<\/p>\n<h2>Cosa Succede Quando Nessun Giocatore Vince il Jackpot?<\/h2>\n<p>Quando nessun giocatore abbina tutti e cinque i numeri principali pi\u00f9 entrambi i numeri Euro, l&#8217;importo del jackpot <strong>si accumula all&#8217;estrazione successiva<\/strong>, creando quello che \u00e8 noto come un accumulo. Questo processo significa che <strong>il montepremi cresce continuamente<\/strong> fino a quando qualcuno vince il premio principale, rendendo le estrazioni successive ancora pi\u00f9 emozionanti per i giocatori. Il meccanismo di accumulo permette ai jackpot di raggiungere importi sostanziali, con <strong>il tetto massimo del jackpot fissato a 120 milioni di euro<\/strong>. Una volta raggiunto questo importo massimo, eventuali fondi aggiuntivi che sarebbero stati aggiunti al jackpot vengono invece distribuiti tra i vincitori nella categoria di premio successiva. Questo sistema garantisce che premi enormi possano accumularsi nel tempo, creando il potenziale per vincite che cambiano la vita e che attraggono milioni di giocatori in tutta Europa. Leggi di pi\u00f9 sui <a href=\"https:\/\/lottomat.com\/it\/lotteria\/eurojackpot\/\">premi e jackpot di Eurojackpot<\/a> sul nostro sito web.<\/p>\n<h2><img loading=\"lazy\" decoding=\"async\" class=\"alignleft wp-image-257807\" src=\"https:\/\/lottomat.com\/wp-content\/uploads\/2025\/11\/tickets-online.webp\" alt=\"biglietti online\" width=\"200\" height=\"200\" srcset=\"https:\/\/lottomat.com\/wp-content\/uploads\/2025\/11\/tickets-online.webp 400w, https:\/\/lottomat.com\/wp-content\/uploads\/2025\/11\/tickets-online-300x300.webp 300w, https:\/\/lottomat.com\/wp-content\/uploads\/2025\/11\/tickets-online-150x150.webp 150w, https:\/\/lottomat.com\/wp-content\/uploads\/2025\/11\/tickets-online-100x100.webp 100w\" sizes=\"auto, (max-width: 200px) 100vw, 200px\" \/>I Risultati delle Estrazioni di Eurojackpot Possono Essere Previsti?<\/h2>\n<p><strong>No, i risultati delle estrazioni di Eurojackpot non possono essere previsti<\/strong> con alcun grado di certezza. La lotteria utilizza un <strong>sistema di estrazione completamente casuale<\/strong> dove ogni combinazione di numeri ha esattamente la stessa probabilit\u00e0 matematica di essere selezionata in ogni singola estrazione. Mentre l&#8217;analisi statistica pu\u00f2 mostrare quali numeri sono stati estratti pi\u00f9 o meno frequentemente in passato, questi dati storici non hanno <strong>alcuna influenza sulle estrazioni future<\/strong>. Ogni estrazione di Eurojackpot \u00e8 un <strong>evento indipendente<\/strong>, il che significa che i risultati precedenti non influenzano le estrazioni imminenti. Qualsiasi sistema o strategia che afferma di prevedere i numeri della lotteria \u00e8 fondamentalmente difettoso, poich\u00e9 <strong>la vera casualit\u00e0 non pu\u00f2 essere prevista<\/strong> o manipolata attraverso analisi o schemi. Cosa stai aspettando? I biglietti sono economici e le possibilit\u00e0 sono alte, quindi preparati a scegliere il tuo numero e vedere cosa succede dopo. <strong>Puoi anche <a href=\"https:\/\/lottomat.com\/it\/gioca\/\">controllare un elenco completo delle nostre lotterie online<\/a> con i jackpot pi\u00f9 grandi!<\/strong><\/p>\n","protected":false},"excerpt":{"rendered":"<p>Hai acquistato biglietti Eurojackpot e ti chiedi se hai vinto? Fino a quando non conosci i numeri estratti, tutto pu\u00f2 succedere, e puoi vedere i risultati della lotteria su questo sito web. Li pubblichiamo ultra-velocemente subito dopo aver ricevuto un messaggio dal sito web dell&#8217;organizzatore di Eurojackpot, quindi hai la garanzia che sia affidabilmente confermato [&hellip;]<\/p>\n","protected":false},"author":1,"featured_media":0,"parent":7424,"menu_order":4,"comment_status":"closed","ping_status":"closed","template":"eurojackpot-results.php","meta":{"_et_pb_use_builder":"","_et_pb_old_content":"","_et_gb_content_width":"","exclude_from_search":false,"footnotes":""},"class_list":["post-232628","page","type-page","status-publish","hentry"],"yoast_head":"<!-- This site is optimized with the Yoast SEO plugin v23.8 - https:\/\/yoast.com\/wordpress\/plugins\/seo\/ -->\n<title>Risultati di Eurojackpot - Numeri Vincenti di Eurojackpot - LottoMat<\/title>\n<meta name=\"description\" content=\"Controlla gli ultimi risultati di Eurojackpot. Qui puoi confrontare i tuoi numeri con i numeri vincenti ufficiali di Eurojackpot. Non saltare l&#039;estrazione!\" \/>\n<meta name=\"robots\" content=\"index, follow, max-snippet:-1, max-image-preview:large, max-video-preview:-1\" \/>\n<link rel=\"canonical\" href=\"https:\/\/lottomat.com\/it\/risultati\/eurojackpot\/\" \/>\n<meta property=\"og:locale\" content=\"it_IT\" \/>\n<meta property=\"og:type\" content=\"article\" \/>\n<meta property=\"og:title\" content=\"Risultati di Eurojackpot - Numeri Vincenti di Eurojackpot - LottoMat\" \/>\n<meta property=\"og:description\" content=\"Controlla gli ultimi risultati di Eurojackpot. Qui puoi confrontare i tuoi numeri con i numeri vincenti ufficiali di Eurojackpot. Non saltare l&#039;estrazione!\" \/>\n<meta property=\"og:url\" content=\"https:\/\/lottomat.com\/it\/risultati\/eurojackpot\/\" \/>\n<meta property=\"og:site_name\" content=\"Lottomat\" \/>\n<meta property=\"article:modified_time\" content=\"2026-01-16T15:57:30+00:00\" \/>\n<meta property=\"og:image\" content=\"https:\/\/lottomat.com\/wp-content\/uploads\/2025\/11\/Eurojackpot-online-1.webp\" \/>\n<meta name=\"twitter:card\" content=\"summary_large_image\" \/>\n<meta name=\"twitter:label1\" content=\"Tempo di lettura stimato\" \/>\n\t<meta name=\"twitter:data1\" content=\"10 minuti\" \/>\n<script type=\"application\/ld+json\" class=\"yoast-schema-graph\">{\"@context\":\"https:\/\/schema.org\",\"@graph\":[{\"@type\":\"WebPage\",\"@id\":\"https:\/\/lottomat.com\/it\/risultati\/eurojackpot\/\",\"url\":\"https:\/\/lottomat.com\/it\/risultati\/eurojackpot\/\",\"name\":\"Risultati di Eurojackpot - Numeri Vincenti di Eurojackpot - LottoMat\",\"isPartOf\":{\"@id\":\"https:\/\/lottomat.com\/it\/#website\"},\"primaryImageOfPage\":{\"@id\":\"https:\/\/lottomat.com\/it\/risultati\/eurojackpot\/#primaryimage\"},\"image\":{\"@id\":\"https:\/\/lottomat.com\/it\/risultati\/eurojackpot\/#primaryimage\"},\"thumbnailUrl\":\"https:\/\/lottomat.com\/wp-content\/uploads\/2025\/11\/Eurojackpot-online-1.webp\",\"datePublished\":\"2025-03-27T10:35:32+00:00\",\"dateModified\":\"2026-01-16T15:57:30+00:00\",\"description\":\"Controlla gli ultimi risultati di Eurojackpot. Qui puoi confrontare i tuoi numeri con i numeri vincenti ufficiali di Eurojackpot. Non saltare l'estrazione!\",\"breadcrumb\":{\"@id\":\"https:\/\/lottomat.com\/it\/risultati\/eurojackpot\/#breadcrumb\"},\"inLanguage\":\"it-IT\",\"potentialAction\":[{\"@type\":\"ReadAction\",\"target\":[\"https:\/\/lottomat.com\/it\/risultati\/eurojackpot\/\"]}]},{\"@type\":\"ImageObject\",\"inLanguage\":\"it-IT\",\"@id\":\"https:\/\/lottomat.com\/it\/risultati\/eurojackpot\/#primaryimage\",\"url\":\"https:\/\/lottomat.com\/wp-content\/uploads\/2025\/11\/Eurojackpot-online-1.webp\",\"contentUrl\":\"https:\/\/lottomat.com\/wp-content\/uploads\/2025\/11\/Eurojackpot-online-1.webp\"},{\"@type\":\"BreadcrumbList\",\"@id\":\"https:\/\/lottomat.com\/it\/risultati\/eurojackpot\/#breadcrumb\",\"itemListElement\":[{\"@type\":\"ListItem\",\"position\":1,\"name\":\"Home\",\"item\":\"https:\/\/lottomat.com\/it\/\"},{\"@type\":\"ListItem\",\"position\":2,\"name\":\"Risultati delle Lotterie e Numeri Vincenti del Lotto\",\"item\":\"https:\/\/lottomat.com\/it\/risultati\/\"},{\"@type\":\"ListItem\",\"position\":3,\"name\":\"Risultati e Numeri Vincenti di Eurojackpot\"}]},{\"@type\":\"WebSite\",\"@id\":\"https:\/\/lottomat.com\/it\/#website\",\"url\":\"https:\/\/lottomat.com\/it\/\",\"name\":\"Lottomat\",\"description\":\"\",\"potentialAction\":[{\"@type\":\"SearchAction\",\"target\":{\"@type\":\"EntryPoint\",\"urlTemplate\":\"https:\/\/lottomat.com\/it\/?s={search_term_string}\"},\"query-input\":{\"@type\":\"PropertyValueSpecification\",\"valueRequired\":true,\"valueName\":\"search_term_string\"}}],\"inLanguage\":\"it-IT\"}]}<\/script>\n<!-- \/ Yoast SEO plugin. -->","yoast_head_json":{"title":"Risultati di Eurojackpot - Numeri Vincenti di Eurojackpot - LottoMat","description":"Controlla gli ultimi risultati di Eurojackpot. Qui puoi confrontare i tuoi numeri con i numeri vincenti ufficiali di Eurojackpot. Non saltare l'estrazione!","robots":{"index":"index","follow":"follow","max-snippet":"max-snippet:-1","max-image-preview":"max-image-preview:large","max-video-preview":"max-video-preview:-1"},"canonical":"https:\/\/lottomat.com\/it\/risultati\/eurojackpot\/","og_locale":"it_IT","og_type":"article","og_title":"Risultati di Eurojackpot - Numeri Vincenti di Eurojackpot - LottoMat","og_description":"Controlla gli ultimi risultati di Eurojackpot. Qui puoi confrontare i tuoi numeri con i numeri vincenti ufficiali di Eurojackpot. Non saltare l'estrazione!","og_url":"https:\/\/lottomat.com\/it\/risultati\/eurojackpot\/","og_site_name":"Lottomat","article_modified_time":"2026-01-16T15:57:30+00:00","og_image":[{"url":"https:\/\/lottomat.com\/wp-content\/uploads\/2025\/11\/Eurojackpot-online-1.webp"}],"twitter_card":"summary_large_image","twitter_misc":{"Tempo di lettura stimato":"10 minuti"},"schema":{"@context":"https:\/\/schema.org","@graph":[{"@type":"WebPage","@id":"https:\/\/lottomat.com\/it\/risultati\/eurojackpot\/","url":"https:\/\/lottomat.com\/it\/risultati\/eurojackpot\/","name":"Risultati di Eurojackpot - Numeri Vincenti di Eurojackpot - LottoMat","isPartOf":{"@id":"https:\/\/lottomat.com\/it\/#website"},"primaryImageOfPage":{"@id":"https:\/\/lottomat.com\/it\/risultati\/eurojackpot\/#primaryimage"},"image":{"@id":"https:\/\/lottomat.com\/it\/risultati\/eurojackpot\/#primaryimage"},"thumbnailUrl":"https:\/\/lottomat.com\/wp-content\/uploads\/2025\/11\/Eurojackpot-online-1.webp","datePublished":"2025-03-27T10:35:32+00:00","dateModified":"2026-01-16T15:57:30+00:00","description":"Controlla gli ultimi risultati di Eurojackpot. Qui puoi confrontare i tuoi numeri con i numeri vincenti ufficiali di Eurojackpot. Non saltare l'estrazione!","breadcrumb":{"@id":"https:\/\/lottomat.com\/it\/risultati\/eurojackpot\/#breadcrumb"},"inLanguage":"it-IT","potentialAction":[{"@type":"ReadAction","target":["https:\/\/lottomat.com\/it\/risultati\/eurojackpot\/"]}]},{"@type":"ImageObject","inLanguage":"it-IT","@id":"https:\/\/lottomat.com\/it\/risultati\/eurojackpot\/#primaryimage","url":"https:\/\/lottomat.com\/wp-content\/uploads\/2025\/11\/Eurojackpot-online-1.webp","contentUrl":"https:\/\/lottomat.com\/wp-content\/uploads\/2025\/11\/Eurojackpot-online-1.webp"},{"@type":"BreadcrumbList","@id":"https:\/\/lottomat.com\/it\/risultati\/eurojackpot\/#breadcrumb","itemListElement":[{"@type":"ListItem","position":1,"name":"Home","item":"https:\/\/lottomat.com\/it\/"},{"@type":"ListItem","position":2,"name":"Risultati delle Lotterie e Numeri Vincenti del Lotto","item":"https:\/\/lottomat.com\/it\/risultati\/"},{"@type":"ListItem","position":3,"name":"Risultati e Numeri Vincenti di Eurojackpot"}]},{"@type":"WebSite","@id":"https:\/\/lottomat.com\/it\/#website","url":"https:\/\/lottomat.com\/it\/","name":"Lottomat","description":"","potentialAction":[{"@type":"SearchAction","target":{"@type":"EntryPoint","urlTemplate":"https:\/\/lottomat.com\/it\/?s={search_term_string}"},"query-input":{"@type":"PropertyValueSpecification","valueRequired":true,"valueName":"search_term_string"}}],"inLanguage":"it-IT"}]}},"_links":{"self":[{"href":"https:\/\/lottomat.com\/it\/wp-json\/wp\/v2\/pages\/232628","targetHints":{"allow":["GET"]}}],"collection":[{"href":"https:\/\/lottomat.com\/it\/wp-json\/wp\/v2\/pages"}],"about":[{"href":"https:\/\/lottomat.com\/it\/wp-json\/wp\/v2\/types\/page"}],"author":[{"embeddable":true,"href":"https:\/\/lottomat.com\/it\/wp-json\/wp\/v2\/users\/1"}],"replies":[{"embeddable":true,"href":"https:\/\/lottomat.com\/it\/wp-json\/wp\/v2\/comments?post=232628"}],"version-history":[{"count":2,"href":"https:\/\/lottomat.com\/it\/wp-json\/wp\/v2\/pages\/232628\/revisions"}],"predecessor-version":[{"id":268750,"href":"https:\/\/lottomat.com\/it\/wp-json\/wp\/v2\/pages\/232628\/revisions\/268750"}],"up":[{"embeddable":true,"href":"https:\/\/lottomat.com\/it\/wp-json\/wp\/v2\/pages\/7424"}],"wp:attachment":[{"href":"https:\/\/lottomat.com\/it\/wp-json\/wp\/v2\/media?parent=232628"}],"curies":[{"name":"wp","href":"https:\/\/api.w.org\/{rel}","templated":true}]}}