{"id":10616,"date":"2025-03-26T10:16:37","date_gmt":"2025-03-26T10:16:37","guid":{"rendered":"https:\/\/lottomat.net\/informazioni-sulla-lotteria\/informazioni-sul-powerball\/"},"modified":"2026-04-03T19:32:25","modified_gmt":"2026-04-03T19:32:25","slug":"powerball","status":"publish","type":"page","link":"https:\/\/lottomat.com\/it\/lotteria\/powerball\/","title":{"rendered":"Premi, Regole e Jackpot di Powerball"},"content":{"rendered":"\n\n<div class=\"kk-star-ratings kksr-auto kksr-align-left kksr-valign-top\"\n    data-payload='{&quot;align&quot;:&quot;left&quot;,&quot;id&quot;:&quot;10616&quot;,&quot;slug&quot;:&quot;default&quot;,&quot;valign&quot;:&quot;top&quot;,&quot;ignore&quot;:&quot;&quot;,&quot;reference&quot;:&quot;auto&quot;,&quot;class&quot;:&quot;&quot;,&quot;count&quot;:&quot;0&quot;,&quot;legendonly&quot;:&quot;&quot;,&quot;readonly&quot;:&quot;&quot;,&quot;score&quot;:&quot;0&quot;,&quot;starsonly&quot;:&quot;&quot;,&quot;best&quot;:&quot;5&quot;,&quot;gap&quot;:&quot;5&quot;,&quot;greet&quot;:&quot;Rate this page&quot;,&quot;legend&quot;:&quot;0\\\/5 - (0 votes)&quot;,&quot;size&quot;:&quot;30&quot;,&quot;title&quot;:&quot;Premi, Regole e Jackpot di Powerball&quot;,&quot;width&quot;:&quot;0&quot;,&quot;_legend&quot;:&quot;{score}\\\/{best} - ({count} {votes})&quot;,&quot;font_factor&quot;:&quot;1.25&quot;}'>\n            \n<div class=\"kksr-stars\">\n    \n<div class=\"kksr-stars-inactive\">\n            <div class=\"kksr-star\" data-star=\"1\" style=\"padding-right: 5px\">\n            \n\n<div class=\"kksr-icon\" style=\"width: 30px; height: 30px;\"><\/div>\n        <\/div>\n            <div class=\"kksr-star\" data-star=\"2\" style=\"padding-right: 5px\">\n            \n\n<div class=\"kksr-icon\" style=\"width: 30px; height: 30px;\"><\/div>\n        <\/div>\n            <div class=\"kksr-star\" data-star=\"3\" style=\"padding-right: 5px\">\n            \n\n<div class=\"kksr-icon\" style=\"width: 30px; height: 30px;\"><\/div>\n        <\/div>\n            <div class=\"kksr-star\" data-star=\"4\" style=\"padding-right: 5px\">\n            \n\n<div class=\"kksr-icon\" style=\"width: 30px; height: 30px;\"><\/div>\n        <\/div>\n            <div class=\"kksr-star\" data-star=\"5\" style=\"padding-right: 5px\">\n            \n\n<div class=\"kksr-icon\" style=\"width: 30px; height: 30px;\"><\/div>\n        <\/div>\n    <\/div>\n    \n<div class=\"kksr-stars-active\" style=\"width: 0px;\">\n            <div class=\"kksr-star\" style=\"padding-right: 5px\">\n            \n\n<div class=\"kksr-icon\" style=\"width: 30px; height: 30px;\"><\/div>\n        <\/div>\n            <div class=\"kksr-star\" style=\"padding-right: 5px\">\n            \n\n<div class=\"kksr-icon\" style=\"width: 30px; height: 30px;\"><\/div>\n        <\/div>\n            <div class=\"kksr-star\" style=\"padding-right: 5px\">\n            \n\n<div class=\"kksr-icon\" style=\"width: 30px; height: 30px;\"><\/div>\n        <\/div>\n            <div class=\"kksr-star\" style=\"padding-right: 5px\">\n            \n\n<div class=\"kksr-icon\" style=\"width: 30px; height: 30px;\"><\/div>\n        <\/div>\n            <div class=\"kksr-star\" style=\"padding-right: 5px\">\n            \n\n<div class=\"kksr-icon\" style=\"width: 30px; height: 30px;\"><\/div>\n        <\/div>\n    <\/div>\n<\/div>\n                \n\n<div class=\"kksr-legend\" style=\"font-size: 24px;\">\n            <span class=\"kksr-muted\">Rate this page<\/span>\n    <\/div>\n    <\/div>\n<p>Scopri di pi\u00f9 sui premi di Powerball, il jackpot di Powerball e le regole di gioco. Powerball Lotto \u2013 Un gioco d&#8217;azzardo o una lotteria \u00e8 una delle forme di intrattenimento di gioco d&#8217;azzardo pi\u00f9 popolari al mondo. La maggior parte di noi ha partecipato a un&#8217;estrazione della lotteria almeno una volta. Le lotterie sono giochi molto semplici ed emozionanti con regole chiare. Non c&#8217;\u00e8 assolutamente niente di complicato in esse, e tutti possono imparare le regole di qualsiasi lotteria molto rapidamente. Se sei un appassionato di giochi di numeri e stai ancora cercando una lotteria nuova e interessante da provare, dovresti continuare a leggere l&#8217;articolo. Ti diremo cos&#8217;\u00e8 il famoso Powerball lotto mondiale, come funziona il gioco, le possibilit\u00e0 e i rischi, e quanto si pu\u00f2 vincere (premi e jackpot di Powerball).<\/p>\n<h2><img loading=\"lazy\" decoding=\"async\" class=\"alignleft wp-image-252449\" src=\"https:\/\/lottomat.com\/wp-content\/uploads\/2025\/10\/Powerball-jackpot-300x300.webp\" alt=\"jackpot di Powerball\" width=\"200\" height=\"200\" srcset=\"https:\/\/lottomat.com\/wp-content\/uploads\/2025\/10\/Powerball-jackpot-300x300.webp 300w, https:\/\/lottomat.com\/wp-content\/uploads\/2025\/10\/Powerball-jackpot-150x150.webp 150w, https:\/\/lottomat.com\/wp-content\/uploads\/2025\/10\/Powerball-jackpot-100x100.webp 100w, https:\/\/lottomat.com\/wp-content\/uploads\/2025\/10\/Powerball-jackpot.webp 400w\" sizes=\"auto, (max-width: 200px) 100vw, 200px\" \/>Cos&#8217;\u00e8 la Lotteria Powerball?<\/h2>\n<p>Powerball \u00e8 una lotteria americana che funziona dal <strong>1988<\/strong>. Era conosciuta come Lotto America, ma nel <strong>1992<\/strong>, il nome \u00e8 stato cambiato nell&#8217;attuale Powerball. Il Powerball americano \u00e8 una delle <a href=\"https:\/\/lottomat.com\/it\/\">lotterie pi\u00f9 popolari al mondo<\/a>; ha uffici della lotteria negli USA in ben <strong>45 stati<\/strong>, cos\u00ec come nel Distretto di Columbia, Porto Rico e nelle Isole Vergini. Vale la pena notare che la lotteria \u00e8 stata un precursore dell&#8217;estrazione da due tamburi, permettendo vincite pi\u00f9 alte. Le estrazioni del lotto Powerball si svolgono ogni <strong>luned\u00ec, mercoled\u00ec e sabato alle 22:59 EST<\/strong>. Lo studio della Florida Lottery \u00e8 solitamente la sede dell&#8217;estrazione. Se non vivi o non soggiorni negli Stati Uniti e non hai mezzi per <a href=\"https:\/\/lottomat.com\/it\/gioca\/powerball\/\">acquistare un biglietto del lotto Powerball online<\/a>, allora tutto ci\u00f2 che devi fare \u00e8 usare il nostro <strong>sito web LottoMat<\/strong>. Qui, puoi giocare al lotto Powerball su Internet, leggere articoli interessanti e <a href=\"https:\/\/lottomat.com\/it\/risultati\/powerball\/\">controllare gli ultimi risultati delle estrazioni di Powerball<\/a>.<\/p>\n<h2>Quali Sono le Regole di Gioco della Lotteria Powerball?<\/h2>\n<p>Dalla creazione della lotteria, le regole sono cambiate diverse volte; di solito \u00e8 stata modernizzata per permettere ai giocatori di vincere alti premi in denaro di Powerball. Inizialmente, bisognava selezionare sette numeri da un gruppo di 40. Poi, \u00e8 stata aggiunta la selezione di un secondo numero bonus da un gruppo pi\u00f9 piccolo. La dimensione del gruppo \u00e8 cambiata diverse volte fino a quando non si \u00e8 infine deciso di selezionare <strong>cinque numeri su 69 e uno su 26<\/strong> cosiddetti Powerball. Queste regole funzionano ancora oggi. Un numero dall&#8217;estrazione principale pu\u00f2 essere identico al secondo.<\/p>\n<h2>Quali Sono i Rischi e le Possibilit\u00e0 di Vincere Premi di Powerball?<\/h2>\n<p>In una parola, sono alti. La probabilit\u00e0 di una vincita di primo livello \u00e8 <strong>1:292 milioni<\/strong>. Le possibilit\u00e0 di una vincita di secondo livello sono solo <strong>1:11,5 milioni<\/strong>, che \u00e8 un divario enorme, e le possibilit\u00e0 diventano incredibilmente pi\u00f9 alte. Per confronto, le possibilit\u00e0 di vincere il Lotto polacco sono 1:14 milioni per il premio principale. Nel lotto Powerball, <strong>1 biglietto su 25 inviati vince<\/strong>. Quindi il rischio non \u00e8 basso, ma nemmeno le vincite; infatti, sono tra le pi\u00f9 alte al mondo. Ecco perch\u00e9, nonostante una probabilit\u00e0 cos\u00ec bassa, non solo il numero di persone interessate a Powerball non scende, ma continua a crescere ininterrottamente ogni anno. La puntata minima di Powerball \u00e8 <strong>5 dollari<\/strong>, che \u00e8 molto attraente per la maggior parte dei giocatori, soprattutto considerando le alte vincite.<\/p>\n<h2><img loading=\"lazy\" decoding=\"async\" class=\"alignright wp-image-252479\" src=\"https:\/\/lottomat.com\/wp-content\/uploads\/2025\/10\/Powerball-prizes-300x300.webp\" alt=\"premi di Powerball\" width=\"200\" height=\"200\" srcset=\"https:\/\/lottomat.com\/wp-content\/uploads\/2025\/10\/Powerball-prizes-300x300.webp 300w, https:\/\/lottomat.com\/wp-content\/uploads\/2025\/10\/Powerball-prizes-150x150.webp 150w, https:\/\/lottomat.com\/wp-content\/uploads\/2025\/10\/Powerball-prizes-100x100.webp 100w, https:\/\/lottomat.com\/wp-content\/uploads\/2025\/10\/Powerball-prizes.webp 400w\" sizes=\"auto, (max-width: 200px) 100vw, 200px\" \/><\/h2>\n<h2>Quali Sono i Premi di Powerball \u2013 Quanto Si Pu\u00f2 Vincere?<\/h2>\n<p>Dire che Powerball offre vincite molto alte \u00e8 come non dire nulla. Stiamo parlando di importi enormi; \u00e8 difficile immaginare cosa fare con un premio cos\u00ec grande. Se vinci, i tuoi figli, nipoti, pronipoti e pronipoti dei pronipoti non dovranno mai pi\u00f9 lavorare. La vincita minima garantita in Powerball \u00e8 <strong>20 milioni di dollari<\/strong>. Per non parlare del fatto che la vincita media \u00e8 intorno ai 110-120 milioni di dollari. Le vincite di secondo livello sembrano meno allettanti. Sono un &#8220;modesto&#8221; <strong>milione di dollari<\/strong>. \u00c8 sufficiente, tuttavia, selezionare cinque numeri corretti per diventare un fortunato proprietario. Tutto cambia, per\u00f2, quando si verifica un accumulo. Oh s\u00ec! Un jackpot da accumulo in Powerball \u00e8 pura e totale follia.<\/p>\n<h2>Come Sono gli Accumuli di Powerball?<\/h2>\n<p>Ci\u00f2 che principalmente rende Powerball diverso da, per esempio, la lotteria Lotto polacca sono gli accumuli massicci, che fanno battere il cuore pi\u00f9 velocemente, e i jackpot che li accompagnano sono scioccantemente alti. Come possono le emozioni non salire alle stelle quando Powerball <strong>non ha una soglia massima di accumulo<\/strong>? Significa che se i giocatori sono fortunati e ci sono diverse volte in cui nessuno vince il premio principale, il montepremi si accumula fino a quando i numeri corretti vengono selezionati. Un jackpot da accumulo del lotto \u00e8 solitamente diviso tra diversi giocatori, il che significa che il premio \u00e8 diviso proporzionalmente tra loro. Ma \u00e8 successo pi\u00f9 di una volta nella storia di Powerball che solo una singola persona ha selezionato i numeri estratti e ha vinto l&#8217;intero jackpot solo per s\u00e9.<\/p>\n<h2>Qual \u00e8 Stata la Vincita Record nella Lotteria Powerball?<img loading=\"lazy\" decoding=\"async\" class=\"wp-image-252509 alignleft\" src=\"https:\/\/lottomat.com\/wp-content\/uploads\/2025\/10\/Powerball-rules-300x300.webp\" alt=\"regole di Powerball\" width=\"200\" height=\"200\" srcset=\"https:\/\/lottomat.com\/wp-content\/uploads\/2025\/10\/Powerball-rules-300x300.webp 300w, https:\/\/lottomat.com\/wp-content\/uploads\/2025\/10\/Powerball-rules-150x150.webp 150w, https:\/\/lottomat.com\/wp-content\/uploads\/2025\/10\/Powerball-rules-100x100.webp 100w, https:\/\/lottomat.com\/wp-content\/uploads\/2025\/10\/Powerball-rules.webp 400w\" sizes=\"auto, (max-width: 200px) 100vw, 200px\" \/><\/h2>\n<p>Il jackpot record nella storia di Powerball \u00e8 stato vinto il <strong>7 novembre 2022<\/strong>, raggiungendo l&#8217;incredibile cifra di <strong>2,04 miliardi di dollari<\/strong> con un valore in contanti di <strong>997,6 milioni di dollari<\/strong>. Questo rimane il pi\u00f9 grande jackpot della lotteria mai vinto al mondo. Il biglietto vincente \u00e8 stato venduto in California ed \u00e8 stato reclamato da un unico vincitore. Il secondo jackpot pi\u00f9 grande di Powerball \u00e8 stato di <strong>1,787 miliardi di dollari<\/strong>, vinto a settembre 2025 con biglietti venduti in Missouri e Texas.<\/p>\n<h2>Chi Pu\u00f2 Giocare a Powerball e Vincere Premi di Powerball?<\/h2>\n<p>Tutti hanno la possibilit\u00e0 di giocare purch\u00e9 siano adulti. Non molto tempo fa, Powerball era disponibile solo per gli americani o chiunque nel territorio degli Stati Uniti che potesse usare un ufficio della lotteria. Ora, \u00e8 tutto diverso. E tutto questo grazie alle lotterie su Internet e al nostro <a href=\"https:\/\/lottomat.com\/it\/\"><strong>sito web LottoMat<\/strong><\/a>. Non importa se vivi in Africa, Asia o Europa. O se sei seduto dietro la scrivania, sdraiato nel letto, facendo jogging o rilassandoti nel giardino. Puoi giocare a Powerball e vincere il jackpot di Powerball ovunque. Le lotterie online sono diventate incredibilmente popolari; la maggior parte dei giocatori utilizza questo tipo di soluzione poich\u00e9 \u00e8 conveniente. Tutto ci\u00f2 di cui hai bisogno \u00e8 l&#8217;<strong>accesso a Internet<\/strong>. Questo d\u00e0 ai giocatori molta libert\u00e0 in tutto il mondo.<\/p>\n<h2>Come Giocare a Powerball su Internet?<\/h2>\n<p>Tutto ci\u00f2 che devi fare \u00e8 accedere al <strong>sito web di LottoMat<\/strong> e compilare un biglietto con i tuoi numeri preferiti. Ecco fatto. Poi, aspetti l&#8217;estrazione e controlli i risultati di Powerball. Anche questi sono facili da consultare sul nostro sito web. Giocare a Powerball su Internet \u00e8 incredibilmente semplice e offre cos\u00ec tanta emozione.<\/p>\n<h2>Quando Si Svolgono le Estrazioni del Lotto Powerball?<\/h2>\n<p>Le estrazioni di Powerball si svolgono <strong>tre volte a settimana \u2013 luned\u00ec, mercoled\u00ec e sabato<\/strong>. Stai cercando forti emozioni e vincite fantastiche? Gioca al lotto Powerball online \u2013 veloce, conveniente e senza uscire di casa. Buona fortuna!<\/p>\n<h2>Tabella Premi e Possibilit\u00e0 di Vincita di Powerball<\/h2>\n","protected":false},"excerpt":{"rendered":"<p>Scopri di pi\u00f9 sui premi di Powerball, il jackpot di Powerball e le regole di gioco. Powerball Lotto \u2013 Un gioco d&#8217;azzardo o una lotteria \u00e8 una delle forme di intrattenimento di gioco d&#8217;azzardo pi\u00f9 popolari al mondo. La maggior parte di noi ha partecipato a un&#8217;estrazione della lotteria almeno una volta. Le lotterie sono [&hellip;]<\/p>\n","protected":false},"author":1,"featured_media":0,"parent":6870,"menu_order":1,"comment_status":"closed","ping_status":"closed","template":"powerball-usa-info.php","meta":{"_et_pb_use_builder":"","_et_pb_old_content":"","_et_gb_content_width":"","exclude_from_search":false,"footnotes":""},"class_list":["post-10616","page","type-page","status-publish","hentry"],"yoast_head":"<!-- This site is optimized with the Yoast SEO plugin v23.8 - https:\/\/yoast.com\/wordpress\/plugins\/seo\/ -->\n<title>Premi, Regole e Jackpot di Powerball - Lottomat<\/title>\n<meta name=\"description\" content=\"Controlla i premi di Powerball, il jackpot e le regole di gioco di Powerball. Scopri di pi\u00f9 sulle tue possibilit\u00e0 di vincere a questa lotteria americana.\" \/>\n<meta name=\"robots\" content=\"index, follow, max-snippet:-1, max-image-preview:large, max-video-preview:-1\" \/>\n<link rel=\"canonical\" href=\"https:\/\/lottomat.com\/it\/lotteria\/powerball\/\" \/>\n<meta property=\"og:locale\" content=\"it_IT\" \/>\n<meta property=\"og:type\" content=\"article\" \/>\n<meta property=\"og:title\" content=\"Premi, Regole e Jackpot di Powerball - Lottomat\" \/>\n<meta property=\"og:description\" content=\"Controlla i premi di Powerball, il jackpot e le regole di gioco di Powerball. Scopri di pi\u00f9 sulle tue possibilit\u00e0 di vincere a questa lotteria americana.\" \/>\n<meta property=\"og:url\" content=\"https:\/\/lottomat.com\/it\/lotteria\/powerball\/\" \/>\n<meta property=\"og:site_name\" content=\"Lottomat\" \/>\n<meta property=\"article:modified_time\" content=\"2026-04-03T19:32:25+00:00\" \/>\n<meta property=\"og:image\" content=\"https:\/\/lottomat.com\/wp-content\/uploads\/2025\/10\/Powerball-jackpot.webp\" \/>\n\t<meta property=\"og:image:width\" content=\"400\" \/>\n\t<meta property=\"og:image:height\" content=\"400\" \/>\n\t<meta property=\"og:image:type\" content=\"image\/webp\" \/>\n<meta name=\"twitter:card\" content=\"summary_large_image\" \/>\n<meta name=\"twitter:label1\" content=\"Tempo di lettura stimato\" \/>\n\t<meta name=\"twitter:data1\" content=\"6 minuti\" \/>\n<script type=\"application\/ld+json\" class=\"yoast-schema-graph\">{\"@context\":\"https:\/\/schema.org\",\"@graph\":[{\"@type\":\"WebPage\",\"@id\":\"https:\/\/lottomat.com\/it\/lotteria\/powerball\/\",\"url\":\"https:\/\/lottomat.com\/it\/lotteria\/powerball\/\",\"name\":\"Premi, Regole e Jackpot di Powerball - Lottomat\",\"isPartOf\":{\"@id\":\"https:\/\/lottomat.com\/it\/#website\"},\"primaryImageOfPage\":{\"@id\":\"https:\/\/lottomat.com\/it\/lotteria\/powerball\/#primaryimage\"},\"image\":{\"@id\":\"https:\/\/lottomat.com\/it\/lotteria\/powerball\/#primaryimage\"},\"thumbnailUrl\":\"https:\/\/lottomat.com\/wp-content\/uploads\/2025\/10\/Powerball-jackpot-300x300.webp\",\"datePublished\":\"2025-03-26T10:16:37+00:00\",\"dateModified\":\"2026-04-03T19:32:25+00:00\",\"description\":\"Controlla i premi di Powerball, il jackpot e le regole di gioco di Powerball. Scopri di pi\u00f9 sulle tue possibilit\u00e0 di vincere a questa lotteria americana.\",\"breadcrumb\":{\"@id\":\"https:\/\/lottomat.com\/it\/lotteria\/powerball\/#breadcrumb\"},\"inLanguage\":\"it-IT\",\"potentialAction\":[{\"@type\":\"ReadAction\",\"target\":[\"https:\/\/lottomat.com\/it\/lotteria\/powerball\/\"]}]},{\"@type\":\"ImageObject\",\"inLanguage\":\"it-IT\",\"@id\":\"https:\/\/lottomat.com\/it\/lotteria\/powerball\/#primaryimage\",\"url\":\"https:\/\/lottomat.com\/wp-content\/uploads\/2025\/10\/Powerball-jackpot-300x300.webp\",\"contentUrl\":\"https:\/\/lottomat.com\/wp-content\/uploads\/2025\/10\/Powerball-jackpot-300x300.webp\"},{\"@type\":\"BreadcrumbList\",\"@id\":\"https:\/\/lottomat.com\/it\/lotteria\/powerball\/#breadcrumb\",\"itemListElement\":[{\"@type\":\"ListItem\",\"position\":1,\"name\":\"Home\",\"item\":\"https:\/\/lottomat.com\/it\/\"},{\"@type\":\"ListItem\",\"position\":2,\"name\":\"Regole delle Lotterie: Premi, Jackpot e Probabilit\u00e0\",\"item\":\"https:\/\/lottomat.com\/it\/lotteria\/\"},{\"@type\":\"ListItem\",\"position\":3,\"name\":\"Premi, Regole e Jackpot di Powerball\"}]},{\"@type\":\"WebSite\",\"@id\":\"https:\/\/lottomat.com\/it\/#website\",\"url\":\"https:\/\/lottomat.com\/it\/\",\"name\":\"Lottomat\",\"description\":\"\",\"potentialAction\":[{\"@type\":\"SearchAction\",\"target\":{\"@type\":\"EntryPoint\",\"urlTemplate\":\"https:\/\/lottomat.com\/it\/?s={search_term_string}\"},\"query-input\":{\"@type\":\"PropertyValueSpecification\",\"valueRequired\":true,\"valueName\":\"search_term_string\"}}],\"inLanguage\":\"it-IT\"}]}<\/script>\n<!-- \/ Yoast SEO plugin. -->","yoast_head_json":{"title":"Premi, Regole e Jackpot di Powerball - Lottomat","description":"Controlla i premi di Powerball, il jackpot e le regole di gioco di Powerball. Scopri di pi\u00f9 sulle tue possibilit\u00e0 di vincere a questa lotteria americana.","robots":{"index":"index","follow":"follow","max-snippet":"max-snippet:-1","max-image-preview":"max-image-preview:large","max-video-preview":"max-video-preview:-1"},"canonical":"https:\/\/lottomat.com\/it\/lotteria\/powerball\/","og_locale":"it_IT","og_type":"article","og_title":"Premi, Regole e Jackpot di Powerball - Lottomat","og_description":"Controlla i premi di Powerball, il jackpot e le regole di gioco di Powerball. Scopri di pi\u00f9 sulle tue possibilit\u00e0 di vincere a questa lotteria americana.","og_url":"https:\/\/lottomat.com\/it\/lotteria\/powerball\/","og_site_name":"Lottomat","article_modified_time":"2026-04-03T19:32:25+00:00","og_image":[{"width":400,"height":400,"url":"https:\/\/lottomat.com\/wp-content\/uploads\/2025\/10\/Powerball-jackpot.webp","type":"image\/webp"}],"twitter_card":"summary_large_image","twitter_misc":{"Tempo di lettura stimato":"6 minuti"},"schema":{"@context":"https:\/\/schema.org","@graph":[{"@type":"WebPage","@id":"https:\/\/lottomat.com\/it\/lotteria\/powerball\/","url":"https:\/\/lottomat.com\/it\/lotteria\/powerball\/","name":"Premi, Regole e Jackpot di Powerball - Lottomat","isPartOf":{"@id":"https:\/\/lottomat.com\/it\/#website"},"primaryImageOfPage":{"@id":"https:\/\/lottomat.com\/it\/lotteria\/powerball\/#primaryimage"},"image":{"@id":"https:\/\/lottomat.com\/it\/lotteria\/powerball\/#primaryimage"},"thumbnailUrl":"https:\/\/lottomat.com\/wp-content\/uploads\/2025\/10\/Powerball-jackpot-300x300.webp","datePublished":"2025-03-26T10:16:37+00:00","dateModified":"2026-04-03T19:32:25+00:00","description":"Controlla i premi di Powerball, il jackpot e le regole di gioco di Powerball. Scopri di pi\u00f9 sulle tue possibilit\u00e0 di vincere a questa lotteria americana.","breadcrumb":{"@id":"https:\/\/lottomat.com\/it\/lotteria\/powerball\/#breadcrumb"},"inLanguage":"it-IT","potentialAction":[{"@type":"ReadAction","target":["https:\/\/lottomat.com\/it\/lotteria\/powerball\/"]}]},{"@type":"ImageObject","inLanguage":"it-IT","@id":"https:\/\/lottomat.com\/it\/lotteria\/powerball\/#primaryimage","url":"https:\/\/lottomat.com\/wp-content\/uploads\/2025\/10\/Powerball-jackpot-300x300.webp","contentUrl":"https:\/\/lottomat.com\/wp-content\/uploads\/2025\/10\/Powerball-jackpot-300x300.webp"},{"@type":"BreadcrumbList","@id":"https:\/\/lottomat.com\/it\/lotteria\/powerball\/#breadcrumb","itemListElement":[{"@type":"ListItem","position":1,"name":"Home","item":"https:\/\/lottomat.com\/it\/"},{"@type":"ListItem","position":2,"name":"Regole delle Lotterie: Premi, Jackpot e Probabilit\u00e0","item":"https:\/\/lottomat.com\/it\/lotteria\/"},{"@type":"ListItem","position":3,"name":"Premi, Regole e Jackpot di Powerball"}]},{"@type":"WebSite","@id":"https:\/\/lottomat.com\/it\/#website","url":"https:\/\/lottomat.com\/it\/","name":"Lottomat","description":"","potentialAction":[{"@type":"SearchAction","target":{"@type":"EntryPoint","urlTemplate":"https:\/\/lottomat.com\/it\/?s={search_term_string}"},"query-input":{"@type":"PropertyValueSpecification","valueRequired":true,"valueName":"search_term_string"}}],"inLanguage":"it-IT"}]}},"_links":{"self":[{"href":"https:\/\/lottomat.com\/it\/wp-json\/wp\/v2\/pages\/10616","targetHints":{"allow":["GET"]}}],"collection":[{"href":"https:\/\/lottomat.com\/it\/wp-json\/wp\/v2\/pages"}],"about":[{"href":"https:\/\/lottomat.com\/it\/wp-json\/wp\/v2\/types\/page"}],"author":[{"embeddable":true,"href":"https:\/\/lottomat.com\/it\/wp-json\/wp\/v2\/users\/1"}],"replies":[{"embeddable":true,"href":"https:\/\/lottomat.com\/it\/wp-json\/wp\/v2\/comments?post=10616"}],"version-history":[{"count":4,"href":"https:\/\/lottomat.com\/it\/wp-json\/wp\/v2\/pages\/10616\/revisions"}],"predecessor-version":[{"id":276550,"href":"https:\/\/lottomat.com\/it\/wp-json\/wp\/v2\/pages\/10616\/revisions\/276550"}],"up":[{"embeddable":true,"href":"https:\/\/lottomat.com\/it\/wp-json\/wp\/v2\/pages\/6870"}],"wp:attachment":[{"href":"https:\/\/lottomat.com\/it\/wp-json\/wp\/v2\/media?parent=10616"}],"curies":[{"name":"wp","href":"https:\/\/api.w.org\/{rel}","templated":true}]}}