{"id":10144,"date":"2025-03-26T13:41:46","date_gmt":"2025-03-26T13:41:46","guid":{"rendered":"https:\/\/lottomat.net\/informazioni-sulla-lotteria\/informazioni-su-mega-millions\/"},"modified":"2026-04-03T18:35:42","modified_gmt":"2026-04-03T18:35:42","slug":"mega-millions","status":"publish","type":"page","link":"https:\/\/lottomat.com\/it\/lotteria\/mega-millions\/","title":{"rendered":"Premi, Regole e Jackpot di Mega Millions"},"content":{"rendered":"\n\n<div class=\"kk-star-ratings kksr-auto kksr-align-left kksr-valign-top\"\n    data-payload='{&quot;align&quot;:&quot;left&quot;,&quot;id&quot;:&quot;10144&quot;,&quot;slug&quot;:&quot;default&quot;,&quot;valign&quot;:&quot;top&quot;,&quot;ignore&quot;:&quot;&quot;,&quot;reference&quot;:&quot;auto&quot;,&quot;class&quot;:&quot;&quot;,&quot;count&quot;:&quot;0&quot;,&quot;legendonly&quot;:&quot;&quot;,&quot;readonly&quot;:&quot;&quot;,&quot;score&quot;:&quot;0&quot;,&quot;starsonly&quot;:&quot;&quot;,&quot;best&quot;:&quot;5&quot;,&quot;gap&quot;:&quot;5&quot;,&quot;greet&quot;:&quot;Rate this page&quot;,&quot;legend&quot;:&quot;0\\\/5 - (0 votes)&quot;,&quot;size&quot;:&quot;30&quot;,&quot;title&quot;:&quot;Premi, Regole e Jackpot di Mega Millions&quot;,&quot;width&quot;:&quot;0&quot;,&quot;_legend&quot;:&quot;{score}\\\/{best} - ({count} {votes})&quot;,&quot;font_factor&quot;:&quot;1.25&quot;}'>\n            \n<div class=\"kksr-stars\">\n    \n<div class=\"kksr-stars-inactive\">\n            <div class=\"kksr-star\" data-star=\"1\" style=\"padding-right: 5px\">\n            \n\n<div class=\"kksr-icon\" style=\"width: 30px; height: 30px;\"><\/div>\n        <\/div>\n            <div class=\"kksr-star\" data-star=\"2\" style=\"padding-right: 5px\">\n            \n\n<div class=\"kksr-icon\" style=\"width: 30px; height: 30px;\"><\/div>\n        <\/div>\n            <div class=\"kksr-star\" data-star=\"3\" style=\"padding-right: 5px\">\n            \n\n<div class=\"kksr-icon\" style=\"width: 30px; height: 30px;\"><\/div>\n        <\/div>\n            <div class=\"kksr-star\" data-star=\"4\" style=\"padding-right: 5px\">\n            \n\n<div class=\"kksr-icon\" style=\"width: 30px; height: 30px;\"><\/div>\n        <\/div>\n            <div class=\"kksr-star\" data-star=\"5\" style=\"padding-right: 5px\">\n            \n\n<div class=\"kksr-icon\" style=\"width: 30px; height: 30px;\"><\/div>\n        <\/div>\n    <\/div>\n    \n<div class=\"kksr-stars-active\" style=\"width: 0px;\">\n            <div class=\"kksr-star\" style=\"padding-right: 5px\">\n            \n\n<div class=\"kksr-icon\" style=\"width: 30px; height: 30px;\"><\/div>\n        <\/div>\n            <div class=\"kksr-star\" style=\"padding-right: 5px\">\n            \n\n<div class=\"kksr-icon\" style=\"width: 30px; height: 30px;\"><\/div>\n        <\/div>\n            <div class=\"kksr-star\" style=\"padding-right: 5px\">\n            \n\n<div class=\"kksr-icon\" style=\"width: 30px; height: 30px;\"><\/div>\n        <\/div>\n            <div class=\"kksr-star\" style=\"padding-right: 5px\">\n            \n\n<div class=\"kksr-icon\" style=\"width: 30px; height: 30px;\"><\/div>\n        <\/div>\n            <div class=\"kksr-star\" style=\"padding-right: 5px\">\n            \n\n<div class=\"kksr-icon\" style=\"width: 30px; height: 30px;\"><\/div>\n        <\/div>\n    <\/div>\n<\/div>\n                \n\n<div class=\"kksr-legend\" style=\"font-size: 24px;\">\n            <span class=\"kksr-muted\">Rate this page<\/span>\n    <\/div>\n    <\/div>\n<p><strong>Vuoi vincere premi e jackpot di Mega Millions?<\/strong> I giocatori di tutto il mondo si chiedono continuamente come battere il sistema nei giochi di numeri, su quale lotteria scommettere, se giocare in combinazioni o attenersi costantemente a un solo gioco. Purtroppo, non esiste una risposta unica e uniforme a questa domanda. Ogni giocatore esperto del lotto ha le proprie teorie, convinzioni e abitudini. Ci\u00f2 che si pu\u00f2 fare \u00e8, prima di tutto, imparare molto sulle varie lotterie online per prendere una decisione informata su cosa giocare. Tutto ci\u00f2 che devi sapere sui migliori e pi\u00f9 popolari giochi d&#8217;azzardo online pu\u00f2 essere trovato sul sito web di LottoMat. \u00c8 anche dove puoi giocare alla tua lotteria preferita o <a href=\"https:\/\/lottomat.com\/it\/risultati\/\">controllare gli ultimi risultati delle estrazioni del lotto<\/a>. Nell&#8217;articolo qui sotto, ci concentreremo sui premi di Mega Millions, le regole e le informazioni essenziali.<\/p>\n<h2>Cos&#8217;\u00e8 la Lotteria Mega Millions?<img loading=\"lazy\" decoding=\"async\" class=\"alignright wp-image-253136\" src=\"https:\/\/lottomat.com\/wp-content\/uploads\/2025\/10\/prizes-and-jackpot.webp\" alt=\"premi e jackpot\" width=\"200\" height=\"200\" srcset=\"https:\/\/lottomat.com\/wp-content\/uploads\/2025\/10\/prizes-and-jackpot.webp 400w, https:\/\/lottomat.com\/wp-content\/uploads\/2025\/10\/prizes-and-jackpot-300x300.webp 300w, https:\/\/lottomat.com\/wp-content\/uploads\/2025\/10\/prizes-and-jackpot-150x150.webp 150w, https:\/\/lottomat.com\/wp-content\/uploads\/2025\/10\/prizes-and-jackpot-100x100.webp 100w\" sizes=\"auto, (max-width: 200px) 100vw, 200px\" \/><\/h2>\n<p>Mega Millions online, insieme al gioco Powerball, \u00e8 la lotteria americana pi\u00f9 popolare per la selezione dei numeri. Ha guadagnato la sua popolarit\u00e0 con le sue regole chiare e facili da giocare e vincite astronomiche, e soprattutto, le sue incredibili possibilit\u00e0 di vincita. Emozioni senza precedenti accompagnano ogni estrazione, e quando c&#8217;\u00e8 un jackpot di Mega Millions, non sono solo i giocatori a impazzire ma anche coloro che non partecipano nemmeno al gioco. I biglietti per questa lotteria vengono acquistati da quasi ogni americano, anche da coloro che non sono principalmente interessati ai giochi d&#8217;azzardo. I jackpot non entusiasmano solo gli americani, ma il gioco \u00e8 anche popolare in tutto il mondo. Grazie alla possibilit\u00e0 di <a href=\"https:\/\/lottomat.com\/it\/gioca\/mega-millions\/\">giocare a Mega Millions online<\/a>, ogni adulto pu\u00f2 partecipare a questa incredibile lotteria da qualsiasi parte del mondo.<\/p>\n<h2>Qual \u00e8 la Storia di Mega Millions?<\/h2>\n<p>Questa lotteria \u00e8 stata fondata nel 1996 ed era inizialmente chiamata The Big Game, che \u00e8 stata rinominata sei anni dopo con il nome con cui \u00e8 conosciuta oggi: Mega Millions. Inizialmente, era disponibile solo in sei stati: Georgia, Maryland, Illinois, Massachusetts, Virginia e Michigan. Attualmente, Mega Millions ha uffici della lotteria in <strong>45 stati, il Distretto di Columbia e le Isole Vergini Americane<\/strong>. Un&#8217;estrazione della lotteria Mega Millions si svolge ogni <strong>mercoled\u00ec e sabato sera alle 03:00 UTC<\/strong>, inclusi i giorni festivi osservati dalla Georgia Lottery. Le estrazioni dei premi di Mega Millions e del jackpot principale si svolgono in Georgia, specificamente ad Atlanta.<\/p>\n<h2><img loading=\"lazy\" decoding=\"async\" class=\"alignleft wp-image-253166\" src=\"https:\/\/lottomat.com\/wp-content\/uploads\/2025\/10\/Mega-Millions-jackpot.webp\" alt=\"jackpot di Mega Millions\" width=\"200\" height=\"200\" srcset=\"https:\/\/lottomat.com\/wp-content\/uploads\/2025\/10\/Mega-Millions-jackpot.webp 400w, https:\/\/lottomat.com\/wp-content\/uploads\/2025\/10\/Mega-Millions-jackpot-300x300.webp 300w, https:\/\/lottomat.com\/wp-content\/uploads\/2025\/10\/Mega-Millions-jackpot-150x150.webp 150w, https:\/\/lottomat.com\/wp-content\/uploads\/2025\/10\/Mega-Millions-jackpot-100x100.webp 100w\" sizes=\"auto, (max-width: 200px) 100vw, 200px\" \/>Quali Sono le Regole di Mega Millions?<\/h2>\n<p>Le attuali regole di Mega Millions sono semplici, simili a quelle che si trovano in altre lotterie. Per giocare, selezioni <strong>cinque numeri da un gruppo di 70 numeri<\/strong> e un numero extra (chiamato Mega Ball) da un <strong>gruppo di 24 palline dorate<\/strong>. Il numero aggiuntivo \u00e8 chiamato Mega Ball e viene estratto da un secondo set di numeri, permettendogli di corrispondere a un numero primario estratto.<\/p>\n<h3>Cambiamenti Chiave nel 2025<\/h3>\n<ul class=\"list\">\n<li><strong>Prezzo del Biglietto:<\/strong> Ora costa 5 dollari per giocata (aumentato da 2 dollari)<\/li>\n<li><strong>Moltiplicatore Integrato:<\/strong> Ogni biglietto include automaticamente un moltiplicatore (2X, 3X, 4X, 5X o 10X)<\/li>\n<li><strong>Jackpot di Partenza:<\/strong> Aumentato da 20 milioni di dollari a 50 milioni di dollari<\/li>\n<li><strong>Probabilit\u00e0 Migliori:<\/strong> Le probabilit\u00e0 del jackpot sono migliorate da 1 su 302.575.350 a 1 su 290.472.336<\/li>\n<li><strong>Gruppo Mega Ball:<\/strong> Ridotto da 25 a 24 numeri<\/li>\n<\/ul>\n<p><strong>Indovinare correttamente tutti e sei i numeri<\/strong> ti fa vincere il premio principale. <strong>I premi di secondo livello vanno da 2 milioni di dollari a 10 milioni di dollari<\/strong> (a seconda del moltiplicatore), e i giocatori possono vincere indovinando cinque numeri base dal gruppo pi\u00f9 grande. <strong>Differenze colossali separano<\/strong> il primo e il secondo livello dei premi di Mega Millions! Se si scopre che nessuno ha indovinato tutti i numeri del lotto dopo un&#8217;estrazione, si verifica un accumulo. Il jackpot in un accumulo di Mega Millions pu\u00f2 raggiungere importi incredibilmente alti. \u00c8 principalmente una buona idea acquistare biglietti della lotteria Mega Millions online durante un accumulo.<\/p>\n<h2>Quali Sono i Pi\u00f9 Grandi Jackpot di Mega Millions nella Storia?<img loading=\"lazy\" decoding=\"async\" class=\"alignright wp-image-253196\" src=\"https:\/\/lottomat.com\/wp-content\/uploads\/2025\/10\/rules-of-playing.webp\" alt=\"regole di gioco\" width=\"200\" height=\"200\" srcset=\"https:\/\/lottomat.com\/wp-content\/uploads\/2025\/10\/rules-of-playing.webp 400w, https:\/\/lottomat.com\/wp-content\/uploads\/2025\/10\/rules-of-playing-300x300.webp 300w, https:\/\/lottomat.com\/wp-content\/uploads\/2025\/10\/rules-of-playing-150x150.webp 150w, https:\/\/lottomat.com\/wp-content\/uploads\/2025\/10\/rules-of-playing-100x100.webp 100w\" sizes=\"auto, (max-width: 200px) 100vw, 200px\" \/><\/h2>\n<p>I cinque pi\u00f9 grandi jackpot di Mega Millions mai vinti sono:<\/p>\n<ol class=\"list\">\n<li><strong>1,602 miliardi di dollari<\/strong> (8 agosto 2023) &#8211; Vinto in Florida<\/li>\n<li><strong>1,537 miliardi di dollari<\/strong> (23 ottobre 2018) &#8211; Vinto in South Carolina<\/li>\n<li><strong>1,35 miliardi di dollari<\/strong> (13 gennaio 2023) &#8211; Vinto nel Maine<\/li>\n<li><strong>1,337 miliardi di dollari<\/strong> (29 luglio 2022) &#8211; Vinto in Illinois<\/li>\n<li><strong>1,22 miliardi di dollari<\/strong> (27 dicembre 2024) &#8211; Vinto in California<\/li>\n<\/ol>\n<p>Questi jackpot da record dimostrano l&#8217;incredibile potenziale degli accumuli di Mega Millions e mostrano come il gioco abbia prodotto alcuni dei pi\u00f9 grandi premi della lotteria nella storia mondiale.<\/p>\n<h2>Qual \u00e8 il Rischio di Giocare a Mega Millions?<\/h2>\n<p>Spesso si dice che non c&#8217;\u00e8 divertimento senza rischio, ed \u00e8 vero. Quando si tratta di Mega Millions, questo detto assume un significato speciale. E il rischio \u00e8 purtroppo enorme. Le possibilit\u00e0 di vincere il jackpot di Mega Millions e ottenere tutti e sei i numeri sono <strong>1 su 290.472.336<\/strong> (dal 2025). Una probabilit\u00e0 cos\u00ec scarsa pu\u00f2 scoraggiare molti giocatori, ma Mega Millions ha i suoi appassionati regolari. Il rischio \u00e8 indubbiamente alto, ma correrlo pu\u00f2 essere molto redditizio per te. Mega Millions \u00e8 un gioco per giocatori aggressivi a cui piace giocare in modo deciso e giocare per vincere milioni. I giocatori che preferiscono giocare sul sicuro e correre rischi bassi difficilmente saranno interessati a Mega Millions. Fortunatamente, sul <a href=\"https:\/\/lottomat.com\/it\/\">sito web di LottoMat<\/a>, tutti possono trovare una lotteria online che si adatta meglio a loro.<\/p>\n<h2><img loading=\"lazy\" decoding=\"async\" class=\"alignleft wp-image-253226\" src=\"https:\/\/lottomat.com\/wp-content\/uploads\/2025\/10\/Mega-Millions-rules.webp\" alt=\"regole di Mega Millions\" width=\"200\" height=\"200\" srcset=\"https:\/\/lottomat.com\/wp-content\/uploads\/2025\/10\/Mega-Millions-rules.webp 400w, https:\/\/lottomat.com\/wp-content\/uploads\/2025\/10\/Mega-Millions-rules-300x300.webp 300w, https:\/\/lottomat.com\/wp-content\/uploads\/2025\/10\/Mega-Millions-rules-150x150.webp 150w, https:\/\/lottomat.com\/wp-content\/uploads\/2025\/10\/Mega-Millions-rules-100x100.webp 100w\" sizes=\"auto, (max-width: 200px) 100vw, 200px\" \/>Quali Sono i Premi di Mega Millions e Quanto Puoi Vincere?<\/h2>\n<p>Il valore del premio garantito per le vincite di primo livello \u00e8 ora di <strong>50 milioni di dollari<\/strong> come jackpot di partenza, significativamente aumentato rispetto alle precedenti soglie di 15 milioni di dollari e successivamente 20 milioni di dollari. Questo cambiamento ha reso il gioco ancora pi\u00f9 intenso e attraente per i giocatori. Mega Millions offre nove diverse categorie di premio, dall&#8217;abbinamento del solo Mega Ball al centrare il jackpot completo. Il formato del 2025 include una <strong>funzione di moltiplicatore integrato<\/strong> che pu\u00f2 aumentare i premi non-jackpot di 2, 3, 4, 5 o 10 volte l&#8217;importo base. Questo significa che anche le vincite pi\u00f9 piccole possono diventare premi sostanziali. Il premio di secondo livello (abbinamento di cinque numeri principali senza il Mega Ball) pu\u00f2 ora variare da <strong>2 milioni di dollari a 10 milioni di dollari<\/strong> a seconda del moltiplicatore estratto. Tutti gli altri livelli di premio beneficiano anche di questa funzione di moltiplicazione automatica, rendendo ogni biglietto potenzialmente pi\u00f9 prezioso di prima.<\/p>\n<h2>Chi Pu\u00f2 Giocare a Mega Millions e Vincere Premi?<\/h2>\n<p>Se sei negli Stati Uniti, puoi acquistare un biglietto presso un ufficio della lotteria fisico. Se sei fuori dagli USA, tuttavia, puoi usare il sito web di LottoMat, che offre acquisti di biglietti. In termini semplici, Mega Millions pu\u00f2 essere giocato da <strong>chiunque abbia accesso a Internet e sia un adulto<\/strong>, il che significa che ha pi\u00f9 di diciotto anni. Attualmente, i giocatori di tutto il mondo hanno il privilegio di inviare un biglietto per qualsiasi lotteria con un clic, compilando tutti i biglietti che desiderano e facendolo da qualsiasi parte del mondo. Niente code, niente ricerca di un ufficio della lotteria, tranquillamente, senza stress e selezioni di numeri affrettate. Sul sito web di LottoMat, hai l&#8217;opportunit\u00e0 non solo di giocare a Mega Millions ma anche di conoscere le estrazioni della lotteria, come giocare per vincere e <a href=\"https:\/\/lottomat.com\/it\/risultati\/mega-millions\/\">controllare gli ultimi risultati del lotto di Mega Millions<\/a>.<\/p>\n<h2>Quali Sono le Tue Possibilit\u00e0 di Vincere a Mega Millions?<img loading=\"lazy\" decoding=\"async\" class=\"alignright wp-image-253256\" src=\"https:\/\/lottomat.com\/wp-content\/uploads\/2025\/10\/Mega-Millions-prizes.webp\" alt=\"premi di Mega Millions\" width=\"200\" height=\"200\" srcset=\"https:\/\/lottomat.com\/wp-content\/uploads\/2025\/10\/Mega-Millions-prizes.webp 400w, https:\/\/lottomat.com\/wp-content\/uploads\/2025\/10\/Mega-Millions-prizes-300x300.webp 300w, https:\/\/lottomat.com\/wp-content\/uploads\/2025\/10\/Mega-Millions-prizes-150x150.webp 150w, https:\/\/lottomat.com\/wp-content\/uploads\/2025\/10\/Mega-Millions-prizes-100x100.webp 100w\" sizes=\"auto, (max-width: 200px) 100vw, 200px\" \/><\/h2>\n<p>Le probabilit\u00e0 complessive di vincere qualsiasi premio in Mega Millions sono <strong>1 su 23<\/strong> (migliorate da 1 su 24 nel 2025). Mentre le probabilit\u00e0 del jackpot sono astronomiche, ci sono molteplici categorie di premio che offrono migliori possibilit\u00e0 di vincere importi pi\u00f9 piccoli. <strong>Ricorda:<\/strong> Ogni estrazione \u00e8 casuale, e ogni combinazione di numeri ha la stessa possibilit\u00e0 di essere selezionata di qualsiasi altra. La funzione di moltiplicatore integrato nel 2025 garantisce che anche i premi non-jackpot possano essere sostanziali, con il potenziale di vincere fino a <strong>10 volte<\/strong> l&#8217;importo del premio base. Con jackpot che superano regolarmente centinaia di milioni e occasionalmente rompono la barriera del miliardo di dollari, Mega Millions continua a offrire il sogno di ricchezza istantanea ai giocatori in tutta la nazione e in tutto il mondo.<\/p>\n<h2>Tabella Premi e Probabilit\u00e0 di Mega Millions<\/h2>\n","protected":false},"excerpt":{"rendered":"<p>Vuoi vincere premi e jackpot di Mega Millions? I giocatori di tutto il mondo si chiedono continuamente come battere il sistema nei giochi di numeri, su quale lotteria scommettere, se giocare in combinazioni o attenersi costantemente a un solo gioco. Purtroppo, non esiste una risposta unica e uniforme a questa domanda. Ogni giocatore esperto del [&hellip;]<\/p>\n","protected":false},"author":2,"featured_media":0,"parent":6870,"menu_order":2,"comment_status":"closed","ping_status":"closed","template":"megamillion-info.php","meta":{"_et_pb_use_builder":"","_et_pb_old_content":"","_et_gb_content_width":"","exclude_from_search":false,"footnotes":""},"class_list":["post-10144","page","type-page","status-publish","hentry"],"yoast_head":"<!-- This site is optimized with the Yoast SEO plugin v23.8 - https:\/\/yoast.com\/wordpress\/plugins\/seo\/ -->\n<title>Premi, Regole e Jackpot di Mega Millions - Lottomat<\/title>\n<meta name=\"description\" content=\"Hai l\u2019opportunit\u00e0 di vincere premi e il jackpot di Mega Millions. Mega Millions \u00e8 una lotteria incredibile in cui i jackpot crescono a dismisura.\" \/>\n<meta name=\"robots\" content=\"index, follow, max-snippet:-1, max-image-preview:large, max-video-preview:-1\" \/>\n<link rel=\"canonical\" href=\"https:\/\/lottomat.com\/it\/lotteria\/mega-millions\/\" \/>\n<meta property=\"og:locale\" content=\"it_IT\" \/>\n<meta property=\"og:type\" content=\"article\" \/>\n<meta property=\"og:title\" content=\"Premi, Regole e Jackpot di Mega Millions - Lottomat\" \/>\n<meta property=\"og:description\" content=\"Hai l\u2019opportunit\u00e0 di vincere premi e il jackpot di Mega Millions. Mega Millions \u00e8 una lotteria incredibile in cui i jackpot crescono a dismisura.\" \/>\n<meta property=\"og:url\" content=\"https:\/\/lottomat.com\/it\/lotteria\/mega-millions\/\" \/>\n<meta property=\"og:site_name\" content=\"Lottomat\" \/>\n<meta property=\"article:modified_time\" content=\"2026-04-03T18:35:42+00:00\" \/>\n<meta property=\"og:image\" content=\"https:\/\/lottomat.com\/wp-content\/uploads\/2025\/10\/prizes-and-jackpot.webp\" \/>\n\t<meta property=\"og:image:width\" content=\"400\" \/>\n\t<meta property=\"og:image:height\" content=\"400\" \/>\n\t<meta property=\"og:image:type\" content=\"image\/webp\" \/>\n<meta name=\"twitter:card\" content=\"summary_large_image\" \/>\n<meta name=\"twitter:label1\" content=\"Tempo di lettura stimato\" \/>\n\t<meta name=\"twitter:data1\" content=\"7 minuti\" \/>\n<script type=\"application\/ld+json\" class=\"yoast-schema-graph\">{\"@context\":\"https:\/\/schema.org\",\"@graph\":[{\"@type\":\"WebPage\",\"@id\":\"https:\/\/lottomat.com\/it\/lotteria\/mega-millions\/\",\"url\":\"https:\/\/lottomat.com\/it\/lotteria\/mega-millions\/\",\"name\":\"Premi, Regole e Jackpot di Mega Millions - Lottomat\",\"isPartOf\":{\"@id\":\"https:\/\/lottomat.com\/it\/#website\"},\"primaryImageOfPage\":{\"@id\":\"https:\/\/lottomat.com\/it\/lotteria\/mega-millions\/#primaryimage\"},\"image\":{\"@id\":\"https:\/\/lottomat.com\/it\/lotteria\/mega-millions\/#primaryimage\"},\"thumbnailUrl\":\"https:\/\/lottomat.com\/wp-content\/uploads\/2025\/10\/prizes-and-jackpot.webp\",\"datePublished\":\"2025-03-26T13:41:46+00:00\",\"dateModified\":\"2026-04-03T18:35:42+00:00\",\"description\":\"Hai l\u2019opportunit\u00e0 di vincere premi e il jackpot di Mega Millions. Mega Millions \u00e8 una lotteria incredibile in cui i jackpot crescono a dismisura.\",\"breadcrumb\":{\"@id\":\"https:\/\/lottomat.com\/it\/lotteria\/mega-millions\/#breadcrumb\"},\"inLanguage\":\"it-IT\",\"potentialAction\":[{\"@type\":\"ReadAction\",\"target\":[\"https:\/\/lottomat.com\/it\/lotteria\/mega-millions\/\"]}]},{\"@type\":\"ImageObject\",\"inLanguage\":\"it-IT\",\"@id\":\"https:\/\/lottomat.com\/it\/lotteria\/mega-millions\/#primaryimage\",\"url\":\"https:\/\/lottomat.com\/wp-content\/uploads\/2025\/10\/prizes-and-jackpot.webp\",\"contentUrl\":\"https:\/\/lottomat.com\/wp-content\/uploads\/2025\/10\/prizes-and-jackpot.webp\"},{\"@type\":\"BreadcrumbList\",\"@id\":\"https:\/\/lottomat.com\/it\/lotteria\/mega-millions\/#breadcrumb\",\"itemListElement\":[{\"@type\":\"ListItem\",\"position\":1,\"name\":\"Home\",\"item\":\"https:\/\/lottomat.com\/it\/\"},{\"@type\":\"ListItem\",\"position\":2,\"name\":\"Regole delle Lotterie: Premi, Jackpot e Probabilit\u00e0\",\"item\":\"https:\/\/lottomat.com\/it\/lotteria\/\"},{\"@type\":\"ListItem\",\"position\":3,\"name\":\"Premi, Regole e Jackpot di Mega Millions\"}]},{\"@type\":\"WebSite\",\"@id\":\"https:\/\/lottomat.com\/it\/#website\",\"url\":\"https:\/\/lottomat.com\/it\/\",\"name\":\"Lottomat\",\"description\":\"\",\"potentialAction\":[{\"@type\":\"SearchAction\",\"target\":{\"@type\":\"EntryPoint\",\"urlTemplate\":\"https:\/\/lottomat.com\/it\/?s={search_term_string}\"},\"query-input\":{\"@type\":\"PropertyValueSpecification\",\"valueRequired\":true,\"valueName\":\"search_term_string\"}}],\"inLanguage\":\"it-IT\"}]}<\/script>\n<!-- \/ Yoast SEO plugin. -->","yoast_head_json":{"title":"Premi, Regole e Jackpot di Mega Millions - Lottomat","description":"Hai l\u2019opportunit\u00e0 di vincere premi e il jackpot di Mega Millions. Mega Millions \u00e8 una lotteria incredibile in cui i jackpot crescono a dismisura.","robots":{"index":"index","follow":"follow","max-snippet":"max-snippet:-1","max-image-preview":"max-image-preview:large","max-video-preview":"max-video-preview:-1"},"canonical":"https:\/\/lottomat.com\/it\/lotteria\/mega-millions\/","og_locale":"it_IT","og_type":"article","og_title":"Premi, Regole e Jackpot di Mega Millions - Lottomat","og_description":"Hai l\u2019opportunit\u00e0 di vincere premi e il jackpot di Mega Millions. Mega Millions \u00e8 una lotteria incredibile in cui i jackpot crescono a dismisura.","og_url":"https:\/\/lottomat.com\/it\/lotteria\/mega-millions\/","og_site_name":"Lottomat","article_modified_time":"2026-04-03T18:35:42+00:00","og_image":[{"width":400,"height":400,"url":"https:\/\/lottomat.com\/wp-content\/uploads\/2025\/10\/prizes-and-jackpot.webp","type":"image\/webp"}],"twitter_card":"summary_large_image","twitter_misc":{"Tempo di lettura stimato":"7 minuti"},"schema":{"@context":"https:\/\/schema.org","@graph":[{"@type":"WebPage","@id":"https:\/\/lottomat.com\/it\/lotteria\/mega-millions\/","url":"https:\/\/lottomat.com\/it\/lotteria\/mega-millions\/","name":"Premi, Regole e Jackpot di Mega Millions - Lottomat","isPartOf":{"@id":"https:\/\/lottomat.com\/it\/#website"},"primaryImageOfPage":{"@id":"https:\/\/lottomat.com\/it\/lotteria\/mega-millions\/#primaryimage"},"image":{"@id":"https:\/\/lottomat.com\/it\/lotteria\/mega-millions\/#primaryimage"},"thumbnailUrl":"https:\/\/lottomat.com\/wp-content\/uploads\/2025\/10\/prizes-and-jackpot.webp","datePublished":"2025-03-26T13:41:46+00:00","dateModified":"2026-04-03T18:35:42+00:00","description":"Hai l\u2019opportunit\u00e0 di vincere premi e il jackpot di Mega Millions. Mega Millions \u00e8 una lotteria incredibile in cui i jackpot crescono a dismisura.","breadcrumb":{"@id":"https:\/\/lottomat.com\/it\/lotteria\/mega-millions\/#breadcrumb"},"inLanguage":"it-IT","potentialAction":[{"@type":"ReadAction","target":["https:\/\/lottomat.com\/it\/lotteria\/mega-millions\/"]}]},{"@type":"ImageObject","inLanguage":"it-IT","@id":"https:\/\/lottomat.com\/it\/lotteria\/mega-millions\/#primaryimage","url":"https:\/\/lottomat.com\/wp-content\/uploads\/2025\/10\/prizes-and-jackpot.webp","contentUrl":"https:\/\/lottomat.com\/wp-content\/uploads\/2025\/10\/prizes-and-jackpot.webp"},{"@type":"BreadcrumbList","@id":"https:\/\/lottomat.com\/it\/lotteria\/mega-millions\/#breadcrumb","itemListElement":[{"@type":"ListItem","position":1,"name":"Home","item":"https:\/\/lottomat.com\/it\/"},{"@type":"ListItem","position":2,"name":"Regole delle Lotterie: Premi, Jackpot e Probabilit\u00e0","item":"https:\/\/lottomat.com\/it\/lotteria\/"},{"@type":"ListItem","position":3,"name":"Premi, Regole e Jackpot di Mega Millions"}]},{"@type":"WebSite","@id":"https:\/\/lottomat.com\/it\/#website","url":"https:\/\/lottomat.com\/it\/","name":"Lottomat","description":"","potentialAction":[{"@type":"SearchAction","target":{"@type":"EntryPoint","urlTemplate":"https:\/\/lottomat.com\/it\/?s={search_term_string}"},"query-input":{"@type":"PropertyValueSpecification","valueRequired":true,"valueName":"search_term_string"}}],"inLanguage":"it-IT"}]}},"_links":{"self":[{"href":"https:\/\/lottomat.com\/it\/wp-json\/wp\/v2\/pages\/10144","targetHints":{"allow":["GET"]}}],"collection":[{"href":"https:\/\/lottomat.com\/it\/wp-json\/wp\/v2\/pages"}],"about":[{"href":"https:\/\/lottomat.com\/it\/wp-json\/wp\/v2\/types\/page"}],"author":[{"embeddable":true,"href":"https:\/\/lottomat.com\/it\/wp-json\/wp\/v2\/users\/2"}],"replies":[{"embeddable":true,"href":"https:\/\/lottomat.com\/it\/wp-json\/wp\/v2\/comments?post=10144"}],"version-history":[{"count":4,"href":"https:\/\/lottomat.com\/it\/wp-json\/wp\/v2\/pages\/10144\/revisions"}],"predecessor-version":[{"id":276537,"href":"https:\/\/lottomat.com\/it\/wp-json\/wp\/v2\/pages\/10144\/revisions\/276537"}],"up":[{"embeddable":true,"href":"https:\/\/lottomat.com\/it\/wp-json\/wp\/v2\/pages\/6870"}],"wp:attachment":[{"href":"https:\/\/lottomat.com\/it\/wp-json\/wp\/v2\/media?parent=10144"}],"curies":[{"name":"wp","href":"https:\/\/api.w.org\/{rel}","templated":true}]}}