{"id":9721,"date":"2025-03-26T08:35:10","date_gmt":"2025-03-26T08:35:10","guid":{"rendered":"https:\/\/lottomat.net\/igrajte-lutriju\/igrajte-superenalotto-online\/"},"modified":"2025-10-05T16:38:46","modified_gmt":"2025-10-05T16:38:46","slug":"superenalotto","status":"publish","type":"page","link":"https:\/\/lottomat.com\/hr\/igrajte\/superenalotto\/","title":{"rendered":"SuperEnalotto Online &#8211; SuperEnalotto Ulaznice"},"content":{"rendered":"\n\n<div class=\"kk-star-ratings kksr-auto kksr-align-left kksr-valign-top\"\n    data-payload='{&quot;align&quot;:&quot;left&quot;,&quot;id&quot;:&quot;9721&quot;,&quot;slug&quot;:&quot;default&quot;,&quot;valign&quot;:&quot;top&quot;,&quot;ignore&quot;:&quot;&quot;,&quot;reference&quot;:&quot;auto&quot;,&quot;class&quot;:&quot;&quot;,&quot;count&quot;:&quot;0&quot;,&quot;legendonly&quot;:&quot;&quot;,&quot;readonly&quot;:&quot;&quot;,&quot;score&quot;:&quot;0&quot;,&quot;starsonly&quot;:&quot;&quot;,&quot;best&quot;:&quot;5&quot;,&quot;gap&quot;:&quot;5&quot;,&quot;greet&quot;:&quot;Rate this page&quot;,&quot;legend&quot;:&quot;0\\\/5 - (0 votes)&quot;,&quot;size&quot;:&quot;30&quot;,&quot;title&quot;:&quot;SuperEnalotto Online - SuperEnalotto Ulaznice&quot;,&quot;width&quot;:&quot;0&quot;,&quot;_legend&quot;:&quot;{score}\\\/{best} - ({count} {votes})&quot;,&quot;font_factor&quot;:&quot;1.25&quot;}'>\n            \n<div class=\"kksr-stars\">\n    \n<div class=\"kksr-stars-inactive\">\n            <div class=\"kksr-star\" data-star=\"1\" style=\"padding-right: 5px\">\n            \n\n<div class=\"kksr-icon\" style=\"width: 30px; height: 30px;\"><\/div>\n        <\/div>\n            <div class=\"kksr-star\" data-star=\"2\" style=\"padding-right: 5px\">\n            \n\n<div class=\"kksr-icon\" style=\"width: 30px; height: 30px;\"><\/div>\n        <\/div>\n            <div class=\"kksr-star\" data-star=\"3\" style=\"padding-right: 5px\">\n            \n\n<div class=\"kksr-icon\" style=\"width: 30px; height: 30px;\"><\/div>\n        <\/div>\n            <div class=\"kksr-star\" data-star=\"4\" style=\"padding-right: 5px\">\n            \n\n<div class=\"kksr-icon\" style=\"width: 30px; height: 30px;\"><\/div>\n        <\/div>\n            <div class=\"kksr-star\" data-star=\"5\" style=\"padding-right: 5px\">\n            \n\n<div class=\"kksr-icon\" style=\"width: 30px; height: 30px;\"><\/div>\n        <\/div>\n    <\/div>\n    \n<div class=\"kksr-stars-active\" style=\"width: 0px;\">\n            <div class=\"kksr-star\" style=\"padding-right: 5px\">\n            \n\n<div class=\"kksr-icon\" style=\"width: 30px; height: 30px;\"><\/div>\n        <\/div>\n            <div class=\"kksr-star\" style=\"padding-right: 5px\">\n            \n\n<div class=\"kksr-icon\" style=\"width: 30px; height: 30px;\"><\/div>\n        <\/div>\n            <div class=\"kksr-star\" style=\"padding-right: 5px\">\n            \n\n<div class=\"kksr-icon\" style=\"width: 30px; height: 30px;\"><\/div>\n        <\/div>\n            <div class=\"kksr-star\" style=\"padding-right: 5px\">\n            \n\n<div class=\"kksr-icon\" style=\"width: 30px; height: 30px;\"><\/div>\n        <\/div>\n            <div class=\"kksr-star\" style=\"padding-right: 5px\">\n            \n\n<div class=\"kksr-icon\" style=\"width: 30px; height: 30px;\"><\/div>\n        <\/div>\n    <\/div>\n<\/div>\n                \n\n<div class=\"kksr-legend\" style=\"font-size: 24px;\">\n            <span class=\"kksr-muted\">Rate this page<\/span>\n    <\/div>\n    <\/div>\n<h2><img loading=\"lazy\" decoding=\"async\" class=\"alignleft wp-image-252554\" src=\"https:\/\/lottomat.com\/wp-content\/uploads\/2025\/10\/Italian-lottery-online-300x300.webp\" alt=\"Talijanska lutrija online\" width=\"200\" height=\"200\" srcset=\"https:\/\/lottomat.com\/wp-content\/uploads\/2025\/10\/Italian-lottery-online-300x300.webp 300w, https:\/\/lottomat.com\/wp-content\/uploads\/2025\/10\/Italian-lottery-online-150x150.webp 150w, https:\/\/lottomat.com\/wp-content\/uploads\/2025\/10\/Italian-lottery-online-100x100.webp 100w, https:\/\/lottomat.com\/wp-content\/uploads\/2025\/10\/Italian-lottery-online.webp 400w\" sizes=\"auto, (max-width: 200px) 100vw, 200px\" \/>\u0160to je SuperEnalotto?<\/h2>\n<p><strong>SuperEnalotto je najpopularnija i najpresti\u017enija lutrijska igra u Italiji<\/strong>, poznata po tome \u0161to nudi neke od najve\u0107ih jackpota u povijesti europskih lutrija. Ova legendarna talijanska lutrija odu\u0161evljava igra\u010de od 1997. svojim jedinstvenim formatom i iznimnim potencijalom dobitaka. <strong>Izvla\u010denja SuperEnalotto odr\u017eavaju se tri puta tjedno<\/strong> \u2013 utorkom, \u010detvrtkom i subotom \u2013 daju\u0107i igra\u010dima vi\u0161e prilika za osvajanje dobitaka koji mijenjaju \u017eivot. Ono \u0161to ovu lutriju izdvaja je nepostojanje gornje granice za jackpot, \u0161to zna\u010di da se nagrade mogu prenositi neograni\u010deno dok netko ne pobijedi, \u010desto dose\u017eu\u0107i astronomske iznose koji privla\u010de me\u0111unarodnu pozornost. \u017delite igrati SuperEnalotto online? Saznajmo vi\u0161e!<\/p>\n<h2><img loading=\"lazy\" decoding=\"async\" class=\"alignright wp-image-252584\" src=\"https:\/\/lottomat.com\/wp-content\/uploads\/2025\/10\/play-SuperEnalotto-300x300.webp\" alt=\"igraj SuperEnalotto\" width=\"200\" height=\"200\" srcset=\"https:\/\/lottomat.com\/wp-content\/uploads\/2025\/10\/play-SuperEnalotto-300x300.webp 300w, https:\/\/lottomat.com\/wp-content\/uploads\/2025\/10\/play-SuperEnalotto-150x150.webp 150w, https:\/\/lottomat.com\/wp-content\/uploads\/2025\/10\/play-SuperEnalotto-100x100.webp 100w, https:\/\/lottomat.com\/wp-content\/uploads\/2025\/10\/play-SuperEnalotto.webp 400w\" sizes=\"auto, (max-width: 200px) 100vw, 200px\" \/>Kako igrati SuperEnalotto online?<\/h2>\n<p><strong>Igranje SuperEnalotto online putem LottoMat-a izuzetno je prakti\u010dno i dostupno s bilo kojeg mjesta u svijetu, u bilo koje vrijeme<\/strong>. Proces je jednostavan i prilago\u0111en korisnicima \u2013 dovoljno je registrirati se na <a href=\"https:\/\/lottomat.com\/hr\/\">LottoMat web stranici<\/a>, odabrati svoje sretne brojeve i kupiti ulaznice online bez napu\u0161tanja doma. <strong>Brojeve mo\u017eete odabrati ru\u010dno, prema vlastitoj strategiji, ili koristiti opciju Quick Pick za nasumi\u010dan odabir<\/strong>. Ova fleksibilnost omogu\u0107uje i strate\u0161kim igra\u010dima i onima koji vole prepustiti sudbinu slu\u010daju da u\u017eivaju u uzbu\u0111enju najpoznatije talijanske lutrije. Online igranje uklanja geografske prepreke, omogu\u0107uju\u0107i me\u0111unarodnim igra\u010dima sudjelovanje u jednoj od najuzbudljivijih europskih lutrija.<\/p>\n<h2>Kako kupiti SuperEnalotto ulaznice online?<\/h2>\n<p><strong>Kupnja SuperEnalotto ulaznica online zahtijeva kori\u0161tenje va\u0161e omiljene metode pla\u0107anja putem sigurne LottoMat platforme<\/strong>. Sve su ulaznice dostupne na LottoMat web stranici, osiguravaju\u0107i da ne propustite nijedno izvla\u010denje. <strong>Jam\u010dimo autenti\u010dnost va\u0161ih uplata skeniranjem originalnih ulaznica koje na\u0161i licencirani agenti kupuju izravno u Italiji<\/strong>. Ovaj proces osigurava da su <a href=\"https:\/\/lottomat.com\/hr\/igrajte\/\">va\u0161e online lutrijske ulaznice<\/a> podr\u017eane stvarnim, fizi\u010dkim ulaznicama kupljenim od ovla\u0161tenih talijanskih prodava\u010da. Digitalne kopije va\u0161ih ulaznica sigurno se pohranjuju na va\u0161em ra\u010dunu, pru\u017eaju\u0107i potpunu transparentnost i sigurnost za va\u0161a ulaganja u lutriju. Ovaj sustav kombinira pogodnost online igranja s pouzdano\u0161\u0107u tradicionalne kupnje ulaznica.<\/p>\n<h2><img loading=\"lazy\" decoding=\"async\" class=\"wp-image-252614 alignleft\" src=\"https:\/\/lottomat.com\/wp-content\/uploads\/2025\/10\/SuperEnalotto-online-300x300.webp\" alt=\"SuperEnalotto online\" width=\"200\" height=\"200\" srcset=\"https:\/\/lottomat.com\/wp-content\/uploads\/2025\/10\/SuperEnalotto-online-300x300.webp 300w, https:\/\/lottomat.com\/wp-content\/uploads\/2025\/10\/SuperEnalotto-online-150x150.webp 150w, https:\/\/lottomat.com\/wp-content\/uploads\/2025\/10\/SuperEnalotto-online-100x100.webp 100w, https:\/\/lottomat.com\/wp-content\/uploads\/2025\/10\/SuperEnalotto-online.webp 400w\" sizes=\"auto, (max-width: 200px) 100vw, 200px\" \/>Mo\u017eete li kupiti vi\u0161e SuperEnalotto ulaznica?<\/h2>\n<p><strong>Da, mo\u017eete zna\u010dajno pove\u0107ati svoje \u0161anse za dobitak kupnjom vi\u0161e SuperEnalotto ulaznica u jednoj transakciji<\/strong>. LottoMat nudi prakti\u010dnu opciju \u201evi\u0161e linija\u201c, koja vam omogu\u0107uje kupnju do 20 SuperEnalotto ulaznica odjednom. Ova je zna\u010dajka savr\u0161ena za igra\u010de koji \u017eele maksimalno pove\u0107ati svoj potencijal dobitka ili za sindikate lutrije koji \u017eele objediniti resurse. <strong>Kupnja vi\u0161e ulaznica ne samo da pove\u0107ava va\u0161e \u0161anse, ve\u0107 i olak\u0161ava upravljanje va\u0161im uplatama<\/strong> u jednoj jednostavnoj transakciji.<\/p>\n<h2>Mo\u017eete li kupiti SuperEnalotto ulaznice za vi\u0161e izvla\u010denja?<\/h2>\n<p><strong>Apsolutno! LottoMat vam omogu\u0107uje kupnju SuperEnalotto ulaznica za do 8 uzastopnih izvla\u010denja<\/strong>, osiguravaju\u0107i da ne propustite nijednu priliku za dobitak. Ova opcija unaprijed idealna je za zauzete igra\u010de koji \u017eele igrati kontinuirano bez potrebe za ponovnim kupovanjem ulaznica prije svakog izvla\u010denja. <strong>Igranje vi\u0161e izvla\u010denja s istim brojevima mo\u017ee biti dio dugoro\u010dne strategije<\/strong>, a mnogi igra\u010di preferiraju ovaj pristup zbog prakti\u010dnosti i dosljednosti.<\/p>\n<h2>Kolika je cijena SuperEnalotto ulaznica online?<img loading=\"lazy\" decoding=\"async\" class=\"alignright wp-image-252644\" src=\"https:\/\/lottomat.com\/wp-content\/uploads\/2025\/10\/SuperEnalotto-tickets-300x300.webp\" alt=\"SuperEnalotto ulaznice\" width=\"200\" height=\"200\" srcset=\"https:\/\/lottomat.com\/wp-content\/uploads\/2025\/10\/SuperEnalotto-tickets-300x300.webp 300w, https:\/\/lottomat.com\/wp-content\/uploads\/2025\/10\/SuperEnalotto-tickets-150x150.webp 150w, https:\/\/lottomat.com\/wp-content\/uploads\/2025\/10\/SuperEnalotto-tickets-100x100.webp 100w, https:\/\/lottomat.com\/wp-content\/uploads\/2025\/10\/SuperEnalotto-tickets.webp 400w\" sizes=\"auto, (max-width: 200px) 100vw, 200px\" \/><\/h2>\n<p><strong>Nakon \u0161to odaberete \u017eeljeni broj linija na LottoMat-u, na\u0161 automatski kalkulator odmah \u0107e izra\u010dunati ukupnu cijenu va\u0161ih SuperEnalotto ulaznica<\/strong>. Cijena je transparentna i jasno prikazana prije zavr\u0161etka kupnje, osiguravaju\u0107i da nema skrivenih tro\u0161kova ni iznena\u0111enja. <strong>Na\u0161 cjenovni sustav uzima u obzir broj linija, izvla\u010denja i sve dodatne opcije koje ste odabrali<\/strong>, pru\u017eaju\u0107i vam detaljan pregled va\u0161eg ulaganja u lutriju. Ova funkcionalnost \u010dini planiranje bud\u017eeta za igranje lutrije jednostavnim i jasnim.<\/p>\n<h2>Koji su najbolji savjeti za igranje SuperEnalotto online?<\/h2>\n<p><strong>Uspje\u0161no igranje SuperEnalotto kombinira strategiju s odgovornim igranjem<\/strong>. Razmotrite kori\u0161tenje kombinacije \u010desto izvu\u010denih \u201evru\u0107ih\u201c brojeva i rje\u0111e izvu\u010denih \u201ehladnih\u201c brojeva, iako treba zapamtiti da je svako izvla\u010denje neovisno i nasumi\u010dno. <strong>Sistemska igranja mogu pove\u0107ati va\u0161e \u0161anse pokrivaju\u0107i vi\u0161e kombinacija brojeva<\/strong>, dok dosljedno igranje s istim brojevima privla\u010di mnoge predane igra\u010de. Postavite si udoban bud\u017eet i dr\u017eite ga se, tretiraju\u0107i lutriju kao zabavu, a ne kao investicijsku strategiju. <strong>Iskoristite opcije vi\u0161estrukih izvla\u010denja za odr\u017eavanje dosljednosti<\/strong> i razmislite o pridru\u017eivanju ili formiranju sindikata kako biste kombinirali resurse i pove\u0107ali zajedni\u010dke \u0161anse. Mnogi uspje\u0161ni igra\u010di prate <a href=\"https:\/\/lottomat.com\/hr\/rezultati\/superenalotto\/\">rezultate SuperEnalotto izvla\u010denja<\/a> i njihove obrasce, no va\u017eno je zapamtiti da se lutrija u kona\u010dnici temelji na sre\u0107i. <strong>Klju\u010d je igrati odgovorno dok maksimizirate u\u017eivanje u ovoj uzbudljivoj talijanskoj lutriji<\/strong>.<\/p>\n<h2>Vrijedi li igrati SuperEnalotto online?<\/h2>\n<p><strong>Igranje SuperEnalotto online nudi iznimnu vrijednost za ljubitelje lutrije koji tra\u017ee najve\u0107e jackpote u Europi<\/strong>. Pogodnost online igranja, u kombinaciji s neograni\u010denim potencijalom jackpota SuperEnalotto, \u010dini ga privla\u010dnom opcijom za ozbiljne igra\u010de. <strong>Mogu\u0107nost sudjelovanja s bilo kojeg mjesta u svijetu, u bilo koje vrijeme, bez geografskih ograni\u010denja donosi ogromnu vrijednost<\/strong>. S tri izvla\u010denja tjedno i nekim od najve\u0107ih nagrada u povijesti lutrija, SuperEnalotto nudi vi\u0161e prilika i ve\u0107e potencijalne nagrade od mnogih drugih europskih lutrija. <strong>Kombinacija dostupnosti, sigurnosti i ogromnog potencijala nagrada \u010dini online igranje SuperEnalotto vrijednim izborom za predane igra\u010de<\/strong>. Pro\u010ditajte vi\u0161e o <a href=\"https:\/\/lottomat.com\/hr\/lutrije\/superenalotto\/\">SuperEnalotto nagradama i jackpotu<\/a> na na\u0161oj web stranici.<\/p>\n<h2>Jesu li SuperEnalotto ulaznice kupljene online putem LottoMat sigurne?<\/h2>\n<p><strong>Da, SuperEnalotto ulaznice kupljene putem LottoMat potpuno su sigurne<\/strong>. Jam\u010dimo sigurno pohranjivanje i upravljanje svim va\u0161im ulaznicama putem na\u0161eg naprednog digitalnog sustava. <strong>Svaka ulaznica profesionalno se skenira i pohranjuje na va\u0161em osobnom ra\u010dunu<\/strong>, daju\u0107i vam trajni pristup va\u0161im uplatama i uklanjaju\u0107i rizik od gubitka ili o\u0161te\u0107enja fizi\u010dkih ulaznica. Na\u0161i licencirani agenti kupuju originalne ulaznice izravno od ovla\u0161tenih talijanskih prodava\u010da, osiguravaju\u0107i potpunu autenti\u010dnost i legitimnost. <strong>Mjere sigurnosti LottoMat uklju\u010duju \u0161ifrirane transakcije, sigurnu pohranu podataka i potpunu uskla\u0111enost s propisima<\/strong>, daju\u0107i vam sigurnost da su va\u0161a ulaganja u lutriju za\u0161ti\u0107ena. Va\u0161i dobitci su zajam\u010deni i automatski se upla\u0107uju na va\u0161 ra\u010dun, \u010dine\u0107i cijeli proces transparentnim i pouzdanim.<\/p>\n","protected":false},"excerpt":{"rendered":"<p>\u0160to je SuperEnalotto? SuperEnalotto je najpopularnija i najpresti\u017enija lutrijska igra u Italiji, poznata po tome \u0161to nudi neke od najve\u0107ih jackpota u povijesti europskih lutrija. Ova legendarna talijanska lutrija odu\u0161evljava igra\u010de od 1997. svojim jedinstvenim formatom i iznimnim potencijalom dobitaka. Izvla\u010denja SuperEnalotto odr\u017eavaju se tri puta tjedno \u2013 utorkom, \u010detvrtkom i subotom \u2013 daju\u0107i igra\u010dima [&hellip;]<\/p>\n","protected":false},"author":1,"featured_media":0,"parent":6760,"menu_order":5,"comment_status":"closed","ping_status":"closed","template":"superenalotto.php","meta":{"_et_pb_use_builder":"","_et_pb_old_content":"","_et_gb_content_width":"","exclude_from_search":false,"footnotes":""},"class_list":["post-9721","page","type-page","status-publish","hentry"],"yoast_head":"<!-- This site is optimized with the Yoast SEO plugin v23.8 - https:\/\/yoast.com\/wordpress\/plugins\/seo\/ -->\n<title>SuperEnalotto Online - SuperEnalotto Ulaznice - Lottomat Hrvatska<\/title>\n<meta name=\"description\" content=\"Igrajte talijanski SuperEnalotto online i osvojite bogatstvo! Kupite SuperEnalotto ulaznice na Lottomat i sudjelujte u sljede\u0107em izvla\u010denju talijanske lutrije.\" \/>\n<meta name=\"robots\" content=\"index, follow, max-snippet:-1, max-image-preview:large, max-video-preview:-1\" \/>\n<link rel=\"canonical\" href=\"https:\/\/lottomat.com\/hr\/igrajte\/superenalotto\/\" \/>\n<meta property=\"og:locale\" content=\"hr_HR\" \/>\n<meta property=\"og:type\" content=\"article\" \/>\n<meta property=\"og:title\" content=\"SuperEnalotto Online - SuperEnalotto Ulaznice - Lottomat Hrvatska\" \/>\n<meta property=\"og:description\" content=\"Igrajte talijanski SuperEnalotto online i osvojite bogatstvo! Kupite SuperEnalotto ulaznice na Lottomat i sudjelujte u sljede\u0107em izvla\u010denju talijanske lutrije.\" \/>\n<meta property=\"og:url\" content=\"https:\/\/lottomat.com\/hr\/igrajte\/superenalotto\/\" \/>\n<meta property=\"og:site_name\" content=\"Lottomat\" \/>\n<meta property=\"article:modified_time\" content=\"2025-10-05T16:38:46+00:00\" \/>\n<meta property=\"og:image\" content=\"https:\/\/lottomat.com\/wp-content\/uploads\/2025\/10\/Italian-lottery-online-300x300.webp\" \/>\n<meta name=\"twitter:card\" content=\"summary_large_image\" \/>\n<meta name=\"twitter:label1\" content=\"Procijenjeno vrijeme \u010ditanja\" \/>\n\t<meta name=\"twitter:data1\" content=\"5 minuta\" \/>\n<script type=\"application\/ld+json\" class=\"yoast-schema-graph\">{\"@context\":\"https:\/\/schema.org\",\"@graph\":[{\"@type\":\"WebPage\",\"@id\":\"https:\/\/lottomat.com\/hr\/igrajte\/superenalotto\/\",\"url\":\"https:\/\/lottomat.com\/hr\/igrajte\/superenalotto\/\",\"name\":\"SuperEnalotto Online - SuperEnalotto Ulaznice - Lottomat Hrvatska\",\"isPartOf\":{\"@id\":\"https:\/\/lottomat.com\/hr\/#website\"},\"primaryImageOfPage\":{\"@id\":\"https:\/\/lottomat.com\/hr\/igrajte\/superenalotto\/#primaryimage\"},\"image\":{\"@id\":\"https:\/\/lottomat.com\/hr\/igrajte\/superenalotto\/#primaryimage\"},\"thumbnailUrl\":\"https:\/\/lottomat.com\/wp-content\/uploads\/2025\/10\/Italian-lottery-online-300x300.webp\",\"datePublished\":\"2025-03-26T08:35:10+00:00\",\"dateModified\":\"2025-10-05T16:38:46+00:00\",\"description\":\"Igrajte talijanski SuperEnalotto online i osvojite bogatstvo! Kupite SuperEnalotto ulaznice na Lottomat i sudjelujte u sljede\u0107em izvla\u010denju talijanske lutrije.\",\"breadcrumb\":{\"@id\":\"https:\/\/lottomat.com\/hr\/igrajte\/superenalotto\/#breadcrumb\"},\"inLanguage\":\"hr\",\"potentialAction\":[{\"@type\":\"ReadAction\",\"target\":[\"https:\/\/lottomat.com\/hr\/igrajte\/superenalotto\/\"]}]},{\"@type\":\"ImageObject\",\"inLanguage\":\"hr\",\"@id\":\"https:\/\/lottomat.com\/hr\/igrajte\/superenalotto\/#primaryimage\",\"url\":\"https:\/\/lottomat.com\/wp-content\/uploads\/2025\/10\/Italian-lottery-online-300x300.webp\",\"contentUrl\":\"https:\/\/lottomat.com\/wp-content\/uploads\/2025\/10\/Italian-lottery-online-300x300.webp\"},{\"@type\":\"BreadcrumbList\",\"@id\":\"https:\/\/lottomat.com\/hr\/igrajte\/superenalotto\/#breadcrumb\",\"itemListElement\":[{\"@type\":\"ListItem\",\"position\":1,\"name\":\"Home\",\"item\":\"https:\/\/lottomat.com\/hr\/\"},{\"@type\":\"ListItem\",\"position\":2,\"name\":\"Igraj Loto\",\"item\":\"https:\/\/lottomat.com\/hr\/igrajte\/\"},{\"@type\":\"ListItem\",\"position\":3,\"name\":\"SuperEnalotto Online &#8211; SuperEnalotto Ulaznice\"}]},{\"@type\":\"WebSite\",\"@id\":\"https:\/\/lottomat.com\/hr\/#website\",\"url\":\"https:\/\/lottomat.com\/hr\/\",\"name\":\"Lottomat\",\"description\":\"\",\"potentialAction\":[{\"@type\":\"SearchAction\",\"target\":{\"@type\":\"EntryPoint\",\"urlTemplate\":\"https:\/\/lottomat.com\/hr\/?s={search_term_string}\"},\"query-input\":{\"@type\":\"PropertyValueSpecification\",\"valueRequired\":true,\"valueName\":\"search_term_string\"}}],\"inLanguage\":\"hr\"}]}<\/script>\n<!-- \/ Yoast SEO plugin. -->","yoast_head_json":{"title":"SuperEnalotto Online - SuperEnalotto Ulaznice - Lottomat Hrvatska","description":"Igrajte talijanski SuperEnalotto online i osvojite bogatstvo! Kupite SuperEnalotto ulaznice na Lottomat i sudjelujte u sljede\u0107em izvla\u010denju talijanske lutrije.","robots":{"index":"index","follow":"follow","max-snippet":"max-snippet:-1","max-image-preview":"max-image-preview:large","max-video-preview":"max-video-preview:-1"},"canonical":"https:\/\/lottomat.com\/hr\/igrajte\/superenalotto\/","og_locale":"hr_HR","og_type":"article","og_title":"SuperEnalotto Online - SuperEnalotto Ulaznice - Lottomat Hrvatska","og_description":"Igrajte talijanski SuperEnalotto online i osvojite bogatstvo! Kupite SuperEnalotto ulaznice na Lottomat i sudjelujte u sljede\u0107em izvla\u010denju talijanske lutrije.","og_url":"https:\/\/lottomat.com\/hr\/igrajte\/superenalotto\/","og_site_name":"Lottomat","article_modified_time":"2025-10-05T16:38:46+00:00","og_image":[{"url":"https:\/\/lottomat.com\/wp-content\/uploads\/2025\/10\/Italian-lottery-online-300x300.webp"}],"twitter_card":"summary_large_image","twitter_misc":{"Procijenjeno vrijeme \u010ditanja":"5 minuta"},"schema":{"@context":"https:\/\/schema.org","@graph":[{"@type":"WebPage","@id":"https:\/\/lottomat.com\/hr\/igrajte\/superenalotto\/","url":"https:\/\/lottomat.com\/hr\/igrajte\/superenalotto\/","name":"SuperEnalotto Online - SuperEnalotto Ulaznice - Lottomat Hrvatska","isPartOf":{"@id":"https:\/\/lottomat.com\/hr\/#website"},"primaryImageOfPage":{"@id":"https:\/\/lottomat.com\/hr\/igrajte\/superenalotto\/#primaryimage"},"image":{"@id":"https:\/\/lottomat.com\/hr\/igrajte\/superenalotto\/#primaryimage"},"thumbnailUrl":"https:\/\/lottomat.com\/wp-content\/uploads\/2025\/10\/Italian-lottery-online-300x300.webp","datePublished":"2025-03-26T08:35:10+00:00","dateModified":"2025-10-05T16:38:46+00:00","description":"Igrajte talijanski SuperEnalotto online i osvojite bogatstvo! Kupite SuperEnalotto ulaznice na Lottomat i sudjelujte u sljede\u0107em izvla\u010denju talijanske lutrije.","breadcrumb":{"@id":"https:\/\/lottomat.com\/hr\/igrajte\/superenalotto\/#breadcrumb"},"inLanguage":"hr","potentialAction":[{"@type":"ReadAction","target":["https:\/\/lottomat.com\/hr\/igrajte\/superenalotto\/"]}]},{"@type":"ImageObject","inLanguage":"hr","@id":"https:\/\/lottomat.com\/hr\/igrajte\/superenalotto\/#primaryimage","url":"https:\/\/lottomat.com\/wp-content\/uploads\/2025\/10\/Italian-lottery-online-300x300.webp","contentUrl":"https:\/\/lottomat.com\/wp-content\/uploads\/2025\/10\/Italian-lottery-online-300x300.webp"},{"@type":"BreadcrumbList","@id":"https:\/\/lottomat.com\/hr\/igrajte\/superenalotto\/#breadcrumb","itemListElement":[{"@type":"ListItem","position":1,"name":"Home","item":"https:\/\/lottomat.com\/hr\/"},{"@type":"ListItem","position":2,"name":"Igraj Loto","item":"https:\/\/lottomat.com\/hr\/igrajte\/"},{"@type":"ListItem","position":3,"name":"SuperEnalotto Online &#8211; SuperEnalotto Ulaznice"}]},{"@type":"WebSite","@id":"https:\/\/lottomat.com\/hr\/#website","url":"https:\/\/lottomat.com\/hr\/","name":"Lottomat","description":"","potentialAction":[{"@type":"SearchAction","target":{"@type":"EntryPoint","urlTemplate":"https:\/\/lottomat.com\/hr\/?s={search_term_string}"},"query-input":{"@type":"PropertyValueSpecification","valueRequired":true,"valueName":"search_term_string"}}],"inLanguage":"hr"}]}},"_links":{"self":[{"href":"https:\/\/lottomat.com\/hr\/wp-json\/wp\/v2\/pages\/9721","targetHints":{"allow":["GET"]}}],"collection":[{"href":"https:\/\/lottomat.com\/hr\/wp-json\/wp\/v2\/pages"}],"about":[{"href":"https:\/\/lottomat.com\/hr\/wp-json\/wp\/v2\/types\/page"}],"author":[{"embeddable":true,"href":"https:\/\/lottomat.com\/hr\/wp-json\/wp\/v2\/users\/1"}],"replies":[{"embeddable":true,"href":"https:\/\/lottomat.com\/hr\/wp-json\/wp\/v2\/comments?post=9721"}],"version-history":[{"count":2,"href":"https:\/\/lottomat.com\/hr\/wp-json\/wp\/v2\/pages\/9721\/revisions"}],"predecessor-version":[{"id":253066,"href":"https:\/\/lottomat.com\/hr\/wp-json\/wp\/v2\/pages\/9721\/revisions\/253066"}],"up":[{"embeddable":true,"href":"https:\/\/lottomat.com\/hr\/wp-json\/wp\/v2\/pages\/6760"}],"wp:attachment":[{"href":"https:\/\/lottomat.com\/hr\/wp-json\/wp\/v2\/media?parent=9721"}],"curies":[{"name":"wp","href":"https:\/\/api.w.org\/{rel}","templated":true}]}}