{"id":9623,"date":"2025-03-27T11:28:23","date_gmt":"2025-03-27T11:28:23","guid":{"rendered":"https:\/\/lottomat.net\/rezultati-lutrije\/mega-sena-rezultati\/"},"modified":"2025-12-05T14:08:37","modified_gmt":"2025-12-05T14:08:37","slug":"megasena","status":"publish","type":"page","link":"https:\/\/lottomat.com\/hr\/rezultati\/megasena\/","title":{"rendered":"Mega Sena Rezultati &#038; Dobitni Brojevi"},"content":{"rendered":"\n\n<div class=\"kk-star-ratings kksr-auto kksr-align-left kksr-valign-top\"\n    data-payload='{&quot;align&quot;:&quot;left&quot;,&quot;id&quot;:&quot;9623&quot;,&quot;slug&quot;:&quot;default&quot;,&quot;valign&quot;:&quot;top&quot;,&quot;ignore&quot;:&quot;&quot;,&quot;reference&quot;:&quot;auto&quot;,&quot;class&quot;:&quot;&quot;,&quot;count&quot;:&quot;0&quot;,&quot;legendonly&quot;:&quot;&quot;,&quot;readonly&quot;:&quot;&quot;,&quot;score&quot;:&quot;0&quot;,&quot;starsonly&quot;:&quot;&quot;,&quot;best&quot;:&quot;5&quot;,&quot;gap&quot;:&quot;5&quot;,&quot;greet&quot;:&quot;Rate this page&quot;,&quot;legend&quot;:&quot;0\\\/5 - (0 votes)&quot;,&quot;size&quot;:&quot;30&quot;,&quot;title&quot;:&quot;Mega Sena Rezultati \\u0026amp; Dobitni Brojevi&quot;,&quot;width&quot;:&quot;0&quot;,&quot;_legend&quot;:&quot;{score}\\\/{best} - ({count} {votes})&quot;,&quot;font_factor&quot;:&quot;1.25&quot;}'>\n            \n<div class=\"kksr-stars\">\n    \n<div class=\"kksr-stars-inactive\">\n            <div class=\"kksr-star\" data-star=\"1\" style=\"padding-right: 5px\">\n            \n\n<div class=\"kksr-icon\" style=\"width: 30px; height: 30px;\"><\/div>\n        <\/div>\n            <div class=\"kksr-star\" data-star=\"2\" style=\"padding-right: 5px\">\n            \n\n<div class=\"kksr-icon\" style=\"width: 30px; height: 30px;\"><\/div>\n        <\/div>\n            <div class=\"kksr-star\" data-star=\"3\" style=\"padding-right: 5px\">\n            \n\n<div class=\"kksr-icon\" style=\"width: 30px; height: 30px;\"><\/div>\n        <\/div>\n            <div class=\"kksr-star\" data-star=\"4\" style=\"padding-right: 5px\">\n            \n\n<div class=\"kksr-icon\" style=\"width: 30px; height: 30px;\"><\/div>\n        <\/div>\n            <div class=\"kksr-star\" data-star=\"5\" style=\"padding-right: 5px\">\n            \n\n<div class=\"kksr-icon\" style=\"width: 30px; height: 30px;\"><\/div>\n        <\/div>\n    <\/div>\n    \n<div class=\"kksr-stars-active\" style=\"width: 0px;\">\n            <div class=\"kksr-star\" style=\"padding-right: 5px\">\n            \n\n<div class=\"kksr-icon\" style=\"width: 30px; height: 30px;\"><\/div>\n        <\/div>\n            <div class=\"kksr-star\" style=\"padding-right: 5px\">\n            \n\n<div class=\"kksr-icon\" style=\"width: 30px; height: 30px;\"><\/div>\n        <\/div>\n            <div class=\"kksr-star\" style=\"padding-right: 5px\">\n            \n\n<div class=\"kksr-icon\" style=\"width: 30px; height: 30px;\"><\/div>\n        <\/div>\n            <div class=\"kksr-star\" style=\"padding-right: 5px\">\n            \n\n<div class=\"kksr-icon\" style=\"width: 30px; height: 30px;\"><\/div>\n        <\/div>\n            <div class=\"kksr-star\" style=\"padding-right: 5px\">\n            \n\n<div class=\"kksr-icon\" style=\"width: 30px; height: 30px;\"><\/div>\n        <\/div>\n    <\/div>\n<\/div>\n                \n\n<div class=\"kksr-legend\" style=\"font-size: 24px;\">\n            <span class=\"kksr-muted\">Rate this page<\/span>\n    <\/div>\n    <\/div>\n<p>Po\u010deli ste igrati ovu nevjerojatnu lutriju, ali ne znate kako i gdje provjeriti <strong>Mega Sena rezultate<\/strong> i <strong>Mega Sena dobitne brojeve<\/strong>? Na pravom ste mjestu! Mega Sena rezultati na Lottomat su <strong>pouzdani, precizni i legitimni<\/strong>. Pro\u010ditajte ostatak \u010dlanka i vi\u0161e nikada ne\u0107ete propustiti nijedan Mega Sena rezultat.<\/p>\n<h2>Kako provjeriti dana\u0161nje Mega Sena rezultate u Brazilu?<img loading=\"lazy\" decoding=\"async\" class=\"alignright wp-image-260108\" src=\"https:\/\/lottomat.com\/wp-content\/uploads\/2025\/11\/Brazilian-lottery-draw.webp\" alt=\"brazilsko loto izvla\u010denje\" width=\"200\" height=\"200\" srcset=\"https:\/\/lottomat.com\/wp-content\/uploads\/2025\/11\/Brazilian-lottery-draw.webp 400w, https:\/\/lottomat.com\/wp-content\/uploads\/2025\/11\/Brazilian-lottery-draw-300x300.webp 300w, https:\/\/lottomat.com\/wp-content\/uploads\/2025\/11\/Brazilian-lottery-draw-150x150.webp 150w, https:\/\/lottomat.com\/wp-content\/uploads\/2025\/11\/Brazilian-lottery-draw-100x100.webp 100w\" sizes=\"auto, (max-width: 200px) 100vw, 200px\" \/><\/h2>\n<p>Ako igrate Mega Sena u Brazilu, imate vi\u0161e mogu\u0107nosti za provjeru dobitnih Mega Sena brojeva. Naravno, prvo \u0161to pada na pamet jest odlazak u lokalnu prodavaonicu gdje se mogu kupiti tickets. Rezultati se objavljuju na oglasnoj plo\u010di nakon svakog izvla\u010denja. Druga opcija za provjeru Mega Sena rezultata je gledanje prijenosa izvla\u010denja u\u017eivo na Caixa YouTube kanalu. Me\u0111utim, to nije prakti\u010dno za sve jer se izvla\u010denja odr\u017eavaju uvijek u isto vrijeme i istim danima, a neki igra\u010di jednostavno ne mogu gledati u to\u010dno to vrijeme. \u010citanje lokalnih novina jo\u0161 je jedan na\u010din provjere Mega Sena rezultata od prethodne ve\u010deri. Uglavnom, novine \u0107e objaviti dobitnu kombinaciju i osvojene nagrade u izdanju koje izlazi dan nakon izvla\u010denja.<\/p>\n<h2>Kako provjeriti dana\u0161nje Mega Sena dobitne brojeve na Lottomat?<\/h2>\n<p>Podrazumijeva se da je najpouzdanije rje\u0161enje za provjeru dana\u0161njih Mega Sena rezultata web stranica Lottomat. Na na\u0161oj stranici mo\u017eete u trenu usporediti svoju kombinaciju s izvu\u010denim brojevima. Samo otvorite <a href=\"https:\/\/lottomat.com\/hr\/rezultati\/\">arhivu rezultata lutrije<\/a>, prona\u0111ite Mega Sena i kliknite na Results opciju. Vidjet \u0107ete najnoviji Mega Sena rezultat, ali imate i mogu\u0107nost pregledati brojeve svakog izvla\u010denja u posljednjih pet godina. Najbolji dio je da je <strong>potpuno besplatno<\/strong>!<\/p>\n<h2>Mega Sena dobitni brojevi \u2013 Kada se odr\u017eavaju izvla\u010denja?<\/h2>\n<p><img loading=\"lazy\" decoding=\"async\" class=\"alignleft wp-image-260139\" src=\"https:\/\/lottomat.com\/wp-content\/uploads\/2025\/11\/Brazilian-lottery-results.webp\" alt=\"rezultati brazilske lutrije\" width=\"200\" height=\"200\" srcset=\"https:\/\/lottomat.com\/wp-content\/uploads\/2025\/11\/Brazilian-lottery-results.webp 400w, https:\/\/lottomat.com\/wp-content\/uploads\/2025\/11\/Brazilian-lottery-results-300x300.webp 300w, https:\/\/lottomat.com\/wp-content\/uploads\/2025\/11\/Brazilian-lottery-results-150x150.webp 150w, https:\/\/lottomat.com\/wp-content\/uploads\/2025\/11\/Brazilian-lottery-results-100x100.webp 100w\" sizes=\"auto, (max-width: 200px) 100vw, 200px\" \/>Mega Sena rezultati na na\u0161oj stranici objavljuju se odmah nakon zavr\u0161etka izvla\u010denja i potvrde dobitne kombinacije od strane operatora lutrije. Ako niste znali, <strong>izvla\u010denja se odr\u017eavaju \u010detiri puta tjedno \u2013 svakog utorka, srijede, \u010detvrtka i subote u 20:00 po brazilskom vremenu<\/strong> (Bras\u00edlia Standard Time). Tu je i jedno posebno izvla\u010denje na Novu godinu, nazvano <strong>Mega da Virada<\/strong>. Mega Sena dobitni brojevi u tom izvla\u010denju vrijede vi\u0161e nego ina\u010de jer jackpot tada dosti\u017ee vrlo visoke iznose. Otprilike pet posto prihoda svakog standardnog izvla\u010denja tijekom godine izdvaja se upravo za ovaj spektakl, koji \u010desto prelazi R$300 milijuna. Zato provjeravajte na\u0161u stranicu svakog utorka, srijede, \u010detvrtka i subote. Mega Sena rezultati \u0107e vas \u010dekati \u010dim primimo slu\u017ebenu kombinaciju od organizatora.<\/p>\n<h2>Kako koristiti arhivu Mega Sena rezultata i dobitnih brojeva?<\/h2>\n<p>Ranije smo spomenuli arhivu rezultata. Ako vas je to zaintrigiralo, evo kako joj pristupiti i koristiti je.<\/p>\n<h3>Vodi\u010d korak po korak za pristup arhivi rezultata<\/h3>\n<p>Arhivu mo\u017ee koristiti svatko \u2013 jednostavno posjetite na\u0161u web stranicu putem bilo kojeg modernog preglednika. Kada ste na po\u010detnoj stranici, kliknite na Results u izborniku zaglavlja. Zatim \u0107ete vidjeti popis svih lutrija koje nudimo online. Za pregled Mega Sena rezultata prona\u0111ite igru na listi i ponovno kliknite Results. Sada \u0107ete vidjeti Mega Sena dobitne brojeve iz posljednjeg kola, kao i datum izvla\u010denja. Klikom na taj datum otvara se kalendar \u2013 listajte mjesecima i odaberite dan kojim se \u017eelite poslu\u017eiti, pa kliknite na njega. Bingo! Sada mo\u017eete vidjeti rezultat Mega Sena za odabrani datum. Kao \u0161to je prethodno spomenuto, sva izvla\u010denja u posljednjih pet godina pohranjena su ovdje i dostupna za pregled. Ovo je <strong>iznimno korisno pri sastavljanju budu\u0107ih kombinacija<\/strong>, zar ne?<\/p>\n<h2>Koliko je igra\u010da osvojilo i koliko u posljednjem Mega Sena izvla\u010denju?<\/h2>\n<p>Zanima vas koliko je bilo dobitnika i kako su nagrade raspodijeljene? Na\u0161a stranica s rezultatima prikazuje detaljne informacije o svakom Mega Sena izvla\u010denju, uklju\u010duju\u0107i broj dobitnika u svakoj nagradnoj kategoriji i to\u010dne iznose dodijeljenih nagrada. Lutrija nudi <strong>tri razine nagrada \u2013 poga\u0111anje 6, 5 ili 4 brojeva<\/strong>, uz zna\u010dajne dobitke \u010dak i u ni\u017eim kategorijama. \u017delite saznati vi\u0161e? <a href=\"https:\/\/lottomat.com\/hr\/lutrije\/megasena-2\/\">Provjerite Mega Sena nagrade<\/a>, jackpot i vjerojatnosti dobitka na na\u0161oj informativnoj stranici.<img loading=\"lazy\" decoding=\"async\" class=\"alignright wp-image-260169\" src=\"https:\/\/lottomat.com\/wp-content\/uploads\/2025\/11\/Mega-Sena-draw.webp\" alt=\"Mega Sena izvla\u010denje\" width=\"200\" height=\"200\" srcset=\"https:\/\/lottomat.com\/wp-content\/uploads\/2025\/11\/Mega-Sena-draw.webp 400w, https:\/\/lottomat.com\/wp-content\/uploads\/2025\/11\/Mega-Sena-draw-300x300.webp 300w, https:\/\/lottomat.com\/wp-content\/uploads\/2025\/11\/Mega-Sena-draw-150x150.webp 150w, https:\/\/lottomat.com\/wp-content\/uploads\/2025\/11\/Mega-Sena-draw-100x100.webp 100w\" sizes=\"auto, (max-width: 200px) 100vw, 200px\" \/><\/p>\n<h2>Razumijevanje Mega Sena dobitnih brojeva<\/h2>\n<p>Kao i kod svake druge lutrije, odabir pravih brojeva klju\u010d je uspjeha. Jedna od najboljih metoda za odabir potencijalnih Mega Sena dobitnih brojeva jest pronala\u017eenje odre\u0111enih obrazaca u izvla\u010denjima. Kako biste ih primijetili, morate pa\u017eljivo analizirati brojeve izvu\u010dene u svakom kolu. Po\u010dev\u0161i od dana\u0161njih Mega Sena rezultata, poku\u0161ajte bilje\u017eiti svaki krug. S vremenom \u0107ete po\u010deti primje\u0107ivati ponavljaju\u0107e obrasce koji mogu pobolj\u0161ati va\u0161e kombinacije. A do tada, slobodno provjerite brojeve koji se naj\u010de\u0161\u0107e i najmanje \u010desto pojavljuju u Mega Sena rezultatima.<\/p>\n<h2>Koji su brojevi naj\u010de\u0161\u0107e izvu\u010deni u Mega Sena?<\/h2>\n<p>Ovo je \u0161est Mega Sena brojeva koji su bili naj\u010de\u0161\u0107e izvu\u010deni. Uklju\u010divanje bilo kojeg od njih u vlastite kombinacije popularna je strategija jer su se ovi brojevi povijesno pojavili najvi\u0161e puta. <strong>Broj 10<\/strong> \u2013 Na prvom mjestu je broj 10. Izvu\u010den je 302 puta, a posljednji put prije 42 dana. <strong>Broj 53<\/strong> \u2013 Drugo mjesto zauzima broj 53 koji se pojavio u 301 rezultatu Mega Sena. Posljednji put prije 25 dana. <strong>Broj 5<\/strong> \u2013 Ovaj broj se pojavio 289 puta. Najnoviji Mega Sena rezultat sadr\u017ei upravo ovaj broj. <strong>Broj 37<\/strong> \u2013 \u010cetvrti broj na listi pojavljuje se u 283 kombinacije. Posljednji put prije 18 dana. <strong>Broj 33<\/strong> \u2013 Mega Sena rezultati sadr\u017eavali su ovaj broj u 281 izvla\u010denju. Najdu\u017ee nije izvu\u010den od svih navedenih \u2013 pro\u0161lo je 98 dana. <strong>Broj 34<\/strong> \u2013 Posljednji broj na listi izvu\u010den je 279 puta, posljednji put prije dvije sedmice. Dana\u0161nji Mega Sena rezultati mogu vam donijeti puno radosti \u2013 prou\u010dite brojeve pa\u017eljivo prije sastavljanja kombinacije. Dobra priprema \u010dini razliku.<\/p>\n<h2>Koji su brojevi najmanje izvu\u010deni u Mega Sena?<\/h2>\n<p><img loading=\"lazy\" decoding=\"async\" class=\"alignleft wp-image-260199\" src=\"https:\/\/lottomat.com\/wp-content\/uploads\/2025\/11\/Mega-Sena-numbers.webp\" alt=\"Mega Sena brojevi\" width=\"200\" height=\"200\" srcset=\"https:\/\/lottomat.com\/wp-content\/uploads\/2025\/11\/Mega-Sena-numbers.webp 400w, https:\/\/lottomat.com\/wp-content\/uploads\/2025\/11\/Mega-Sena-numbers-300x300.webp 300w, https:\/\/lottomat.com\/wp-content\/uploads\/2025\/11\/Mega-Sena-numbers-150x150.webp 150w, https:\/\/lottomat.com\/wp-content\/uploads\/2025\/11\/Mega-Sena-numbers-100x100.webp 100w\" sizes=\"auto, (max-width: 200px) 100vw, 200px\" \/>Sljede\u0107i Mega Sena brojevi izvu\u010deni su najmanji broj puta. Ne\u0107emo vas obeshrabriti da ih koristite, ali imajte na umu da je izvla\u010denje nasumi\u010dno. To ne zna\u010di da ne\u0107e biti dobitni u najnovijem krugu Mega Sena. Zapamtite \u2013 <strong>sve je u sre\u0107i i pa\u017eljivoj selekciji brojeva<\/strong>. <strong>Broj 26<\/strong> \u2013 Najrje\u0111e izvu\u010deni broj. Pojavio se samo 218 puta, a posljednji put u pro\u0161lom kolu Mega Sena. <strong>Broj 21<\/strong> \u2013 Drugi najrje\u0111i, izvu\u010den 220 puta. <strong>Broj 55<\/strong> \u2013 Posljednji put vi\u0111en prije dva tjedna, ukupno 222 puta. <strong>Broj 15<\/strong> \u2013 Mega Sena rezultat imao je broj 15 u 228 izvla\u010denja, posljednji put prije 46 dana. <strong>Broj 22<\/strong> \u2013 Pojavio se u 235 izvla\u010denja, a zadnji put prije dva kola. <strong>Broj 48<\/strong> \u2013 Izvu\u010den je 240 puta, posljednji put prije 50 dana. \u017delite igrati? Kliknite i kupite Mega Sena tickets online na na\u0161oj stranici bilo kada!<\/p>\n<h2>Kako predvidjeti Mega Sena dobitne brojeve?<\/h2>\n<p>Iako je nemogu\u0107e s potpunom sigurno\u0161\u0107u predvidjeti rezultate lutrije, mnogi igra\u010di koriste razli\u010dite strategije pri odabiru brojeva. Neki analiziraju povijesne podatke i u\u010destalost brojeva, dok drugi biraju nasumi\u010dnu opciju Surpresinha koju nudi lutrija. Statisti\u010dka analiza pro\u0161lih izvla\u010denja mo\u017ee biti zanimljiva i korisna, ali imajte na umu da je svako izvla\u010denje neovisan doga\u0111aj.<\/p>\n<h3>Razumijevanje opcija igranja<\/h3>\n<p>Igra\u010di mogu izabrati izme\u0111u 6 i 15 brojeva iz raspona od 1 do 60. \u0160to vi\u0161e brojeva odaberete, bolje su \u0161anse za pogodak dobitne kombinacije, premda se cijena tickets pove\u0107ava. Uz tri razine nagrada \u2013 pogoditi 4, 5 ili 6 brojeva \u2013 mogu\u0107e je osvojiti zna\u010dajan iznos \u010dak i s djelomi\u010dnim pogocima. Minimalni jam\u010deni jackpot iznosi <strong>R$2 milijuna i mo\u017ee rasti neograni\u010deno<\/strong> ako nema dobitnika, stvaraju\u0107i ogromne fondove. \u0160ansa za osvajanje jackpota je 1 prema 50.063.860, ali s tri izvla\u010denja tjedno imate mnogo prilika oku\u0161ati sre\u0107u.<img loading=\"lazy\" decoding=\"async\" class=\"alignright wp-image-260229\" src=\"https:\/\/lottomat.com\/wp-content\/uploads\/2025\/11\/Mega-Sena-winning-numbers.webp\" alt=\"Mega Sena dobitni brojevi\" width=\"200\" height=\"200\" srcset=\"https:\/\/lottomat.com\/wp-content\/uploads\/2025\/11\/Mega-Sena-winning-numbers.webp 400w, https:\/\/lottomat.com\/wp-content\/uploads\/2025\/11\/Mega-Sena-winning-numbers-300x300.webp 300w, https:\/\/lottomat.com\/wp-content\/uploads\/2025\/11\/Mega-Sena-winning-numbers-150x150.webp 150w, https:\/\/lottomat.com\/wp-content\/uploads\/2025\/11\/Mega-Sena-winning-numbers-100x100.webp 100w\" sizes=\"auto, (max-width: 200px) 100vw, 200px\" \/><\/p>\n<h2>Za\u0161to odabrati Lottomat za Mega Sena brojeve?<\/h2>\n<p><a href=\"https:\/\/lottomat.com\/hr\/\">Lottomat<\/a> pru\u017ea <strong>brze, precizne i pouzdane Mega Sena rezultate<\/strong> odmah nakon svakog izvla\u010denja. Na\u0161a opse\u017ena arhiva omogu\u0107ava vam istra\u017eivanje pro\u0161lih izvla\u010denja, analizu obrazaca brojeva i razvijanje strategije igranja. Bilo da provjeravate rezultate od srijede ili pregledavate povijesne podatke od prije nekoliko godina, na\u0161a platforma omogu\u0107ava lak pristup svim potrebnim informacijama. Budite u tijeku s najnovijim Mega Sena dobitnim brojevima, provjerite svoje tickets odmah i nikada ne propustite izvla\u010denje uz Lottomat \u2013 va\u0161 pouzdani izvor za najve\u0107u brazilski loto igru! Pridru\u017eite nam se i <a href=\"https:\/\/lottomat.com\/hr\/igrajte\/megasena\/\">igrajte Mega Sena online bilo kada<\/a>!<\/p>\n","protected":false},"excerpt":{"rendered":"<p>Po\u010deli ste igrati ovu nevjerojatnu lutriju, ali ne znate kako i gdje provjeriti Mega Sena rezultate i Mega Sena dobitne brojeve? Na pravom ste mjestu! Mega Sena rezultati na Lottomat su pouzdani, precizni i legitimni. Pro\u010ditajte ostatak \u010dlanka i vi\u0161e nikada ne\u0107ete propustiti nijedan Mega Sena rezultat. Kako provjeriti dana\u0161nje Mega Sena rezultate u Brazilu? [&hellip;]<\/p>\n","protected":false},"author":1,"featured_media":0,"parent":7648,"menu_order":13,"comment_status":"closed","ping_status":"closed","template":"megasena-results.php","meta":{"_et_pb_use_builder":"","_et_pb_old_content":"","_et_gb_content_width":"","exclude_from_search":false,"footnotes":""},"class_list":["post-9623","page","type-page","status-publish","hentry"],"yoast_head":"<!-- This site is optimized with the Yoast SEO plugin v23.8 - https:\/\/yoast.com\/wordpress\/plugins\/seo\/ -->\n<title>\u041c\u0435\u0433\u0430-\u0421\u0435\u043d\u0430 \u0420\u0435\u0437\u0443\u043b\u0442\u0430\u0442\u0438 \u0438 \u043f\u0435\u0447\u0435\u043b\u0438\u0432\u0448\u0438 \u0447\u0438\u0441\u043b\u0430<\/title>\n<meta name=\"description\" content=\"Provjerite najnovije Mega Sena rezultate na Lottomat. Potvrdite najnovije Mega Sena dobitne brojeve i usporedite ih sa svojim tickets. Provjerite sada!\" \/>\n<meta name=\"robots\" content=\"index, follow, max-snippet:-1, max-image-preview:large, max-video-preview:-1\" \/>\n<link rel=\"canonical\" href=\"https:\/\/lottomat.com\/hr\/rezultati\/megasena\/\" \/>\n<meta property=\"og:locale\" content=\"hr_HR\" \/>\n<meta property=\"og:type\" content=\"article\" \/>\n<meta property=\"og:title\" content=\"\u041c\u0435\u0433\u0430-\u0421\u0435\u043d\u0430 \u0420\u0435\u0437\u0443\u043b\u0442\u0430\u0442\u0438 \u0438 \u043f\u0435\u0447\u0435\u043b\u0438\u0432\u0448\u0438 \u0447\u0438\u0441\u043b\u0430\" \/>\n<meta property=\"og:description\" content=\"Provjerite najnovije Mega Sena rezultate na Lottomat. Potvrdite najnovije Mega Sena dobitne brojeve i usporedite ih sa svojim tickets. Provjerite sada!\" \/>\n<meta property=\"og:url\" content=\"https:\/\/lottomat.com\/hr\/rezultati\/megasena\/\" \/>\n<meta property=\"og:site_name\" content=\"Lottomat\" \/>\n<meta property=\"article:modified_time\" content=\"2025-12-05T14:08:37+00:00\" \/>\n<meta property=\"og:image\" content=\"https:\/\/lottomat.com\/wp-content\/uploads\/2025\/11\/Brazilian-lottery-draw.webp\" \/>\n<meta name=\"twitter:card\" content=\"summary_large_image\" \/>\n<meta name=\"twitter:label1\" content=\"Procijenjeno vrijeme \u010ditanja\" \/>\n\t<meta name=\"twitter:data1\" content=\"7 minuta\" \/>\n<script type=\"application\/ld+json\" class=\"yoast-schema-graph\">{\"@context\":\"https:\/\/schema.org\",\"@graph\":[{\"@type\":\"WebPage\",\"@id\":\"https:\/\/lottomat.com\/hr\/rezultati\/megasena\/\",\"url\":\"https:\/\/lottomat.com\/hr\/rezultati\/megasena\/\",\"name\":\"\u041c\u0435\u0433\u0430-\u0421\u0435\u043d\u0430 \u0420\u0435\u0437\u0443\u043b\u0442\u0430\u0442\u0438 \u0438 \u043f\u0435\u0447\u0435\u043b\u0438\u0432\u0448\u0438 \u0447\u0438\u0441\u043b\u0430\",\"isPartOf\":{\"@id\":\"https:\/\/lottomat.com\/hr\/#website\"},\"primaryImageOfPage\":{\"@id\":\"https:\/\/lottomat.com\/hr\/rezultati\/megasena\/#primaryimage\"},\"image\":{\"@id\":\"https:\/\/lottomat.com\/hr\/rezultati\/megasena\/#primaryimage\"},\"thumbnailUrl\":\"https:\/\/lottomat.com\/wp-content\/uploads\/2025\/11\/Brazilian-lottery-draw.webp\",\"datePublished\":\"2025-03-27T11:28:23+00:00\",\"dateModified\":\"2025-12-05T14:08:37+00:00\",\"description\":\"Provjerite najnovije Mega Sena rezultate na Lottomat. Potvrdite najnovije Mega Sena dobitne brojeve i usporedite ih sa svojim tickets. Provjerite sada!\",\"breadcrumb\":{\"@id\":\"https:\/\/lottomat.com\/hr\/rezultati\/megasena\/#breadcrumb\"},\"inLanguage\":\"hr\",\"potentialAction\":[{\"@type\":\"ReadAction\",\"target\":[\"https:\/\/lottomat.com\/hr\/rezultati\/megasena\/\"]}]},{\"@type\":\"ImageObject\",\"inLanguage\":\"hr\",\"@id\":\"https:\/\/lottomat.com\/hr\/rezultati\/megasena\/#primaryimage\",\"url\":\"https:\/\/lottomat.com\/wp-content\/uploads\/2025\/11\/Brazilian-lottery-draw.webp\",\"contentUrl\":\"https:\/\/lottomat.com\/wp-content\/uploads\/2025\/11\/Brazilian-lottery-draw.webp\"},{\"@type\":\"BreadcrumbList\",\"@id\":\"https:\/\/lottomat.com\/hr\/rezultati\/megasena\/#breadcrumb\",\"itemListElement\":[{\"@type\":\"ListItem\",\"position\":1,\"name\":\"Home\",\"item\":\"https:\/\/lottomat.com\/hr\/\"},{\"@type\":\"ListItem\",\"position\":2,\"name\":\"Najnoviji rezultati lutrije i dobitni brojevi\",\"item\":\"https:\/\/lottomat.com\/hr\/rezultati\/\"},{\"@type\":\"ListItem\",\"position\":3,\"name\":\"Mega Sena Rezultati &#038; Dobitni Brojevi\"}]},{\"@type\":\"WebSite\",\"@id\":\"https:\/\/lottomat.com\/hr\/#website\",\"url\":\"https:\/\/lottomat.com\/hr\/\",\"name\":\"Lottomat\",\"description\":\"\",\"potentialAction\":[{\"@type\":\"SearchAction\",\"target\":{\"@type\":\"EntryPoint\",\"urlTemplate\":\"https:\/\/lottomat.com\/hr\/?s={search_term_string}\"},\"query-input\":{\"@type\":\"PropertyValueSpecification\",\"valueRequired\":true,\"valueName\":\"search_term_string\"}}],\"inLanguage\":\"hr\"}]}<\/script>\n<!-- \/ Yoast SEO plugin. -->","yoast_head_json":{"title":"\u041c\u0435\u0433\u0430-\u0421\u0435\u043d\u0430 \u0420\u0435\u0437\u0443\u043b\u0442\u0430\u0442\u0438 \u0438 \u043f\u0435\u0447\u0435\u043b\u0438\u0432\u0448\u0438 \u0447\u0438\u0441\u043b\u0430","description":"Provjerite najnovije Mega Sena rezultate na Lottomat. Potvrdite najnovije Mega Sena dobitne brojeve i usporedite ih sa svojim tickets. Provjerite sada!","robots":{"index":"index","follow":"follow","max-snippet":"max-snippet:-1","max-image-preview":"max-image-preview:large","max-video-preview":"max-video-preview:-1"},"canonical":"https:\/\/lottomat.com\/hr\/rezultati\/megasena\/","og_locale":"hr_HR","og_type":"article","og_title":"\u041c\u0435\u0433\u0430-\u0421\u0435\u043d\u0430 \u0420\u0435\u0437\u0443\u043b\u0442\u0430\u0442\u0438 \u0438 \u043f\u0435\u0447\u0435\u043b\u0438\u0432\u0448\u0438 \u0447\u0438\u0441\u043b\u0430","og_description":"Provjerite najnovije Mega Sena rezultate na Lottomat. Potvrdite najnovije Mega Sena dobitne brojeve i usporedite ih sa svojim tickets. Provjerite sada!","og_url":"https:\/\/lottomat.com\/hr\/rezultati\/megasena\/","og_site_name":"Lottomat","article_modified_time":"2025-12-05T14:08:37+00:00","og_image":[{"url":"https:\/\/lottomat.com\/wp-content\/uploads\/2025\/11\/Brazilian-lottery-draw.webp"}],"twitter_card":"summary_large_image","twitter_misc":{"Procijenjeno vrijeme \u010ditanja":"7 minuta"},"schema":{"@context":"https:\/\/schema.org","@graph":[{"@type":"WebPage","@id":"https:\/\/lottomat.com\/hr\/rezultati\/megasena\/","url":"https:\/\/lottomat.com\/hr\/rezultati\/megasena\/","name":"\u041c\u0435\u0433\u0430-\u0421\u0435\u043d\u0430 \u0420\u0435\u0437\u0443\u043b\u0442\u0430\u0442\u0438 \u0438 \u043f\u0435\u0447\u0435\u043b\u0438\u0432\u0448\u0438 \u0447\u0438\u0441\u043b\u0430","isPartOf":{"@id":"https:\/\/lottomat.com\/hr\/#website"},"primaryImageOfPage":{"@id":"https:\/\/lottomat.com\/hr\/rezultati\/megasena\/#primaryimage"},"image":{"@id":"https:\/\/lottomat.com\/hr\/rezultati\/megasena\/#primaryimage"},"thumbnailUrl":"https:\/\/lottomat.com\/wp-content\/uploads\/2025\/11\/Brazilian-lottery-draw.webp","datePublished":"2025-03-27T11:28:23+00:00","dateModified":"2025-12-05T14:08:37+00:00","description":"Provjerite najnovije Mega Sena rezultate na Lottomat. Potvrdite najnovije Mega Sena dobitne brojeve i usporedite ih sa svojim tickets. Provjerite sada!","breadcrumb":{"@id":"https:\/\/lottomat.com\/hr\/rezultati\/megasena\/#breadcrumb"},"inLanguage":"hr","potentialAction":[{"@type":"ReadAction","target":["https:\/\/lottomat.com\/hr\/rezultati\/megasena\/"]}]},{"@type":"ImageObject","inLanguage":"hr","@id":"https:\/\/lottomat.com\/hr\/rezultati\/megasena\/#primaryimage","url":"https:\/\/lottomat.com\/wp-content\/uploads\/2025\/11\/Brazilian-lottery-draw.webp","contentUrl":"https:\/\/lottomat.com\/wp-content\/uploads\/2025\/11\/Brazilian-lottery-draw.webp"},{"@type":"BreadcrumbList","@id":"https:\/\/lottomat.com\/hr\/rezultati\/megasena\/#breadcrumb","itemListElement":[{"@type":"ListItem","position":1,"name":"Home","item":"https:\/\/lottomat.com\/hr\/"},{"@type":"ListItem","position":2,"name":"Najnoviji rezultati lutrije i dobitni brojevi","item":"https:\/\/lottomat.com\/hr\/rezultati\/"},{"@type":"ListItem","position":3,"name":"Mega Sena Rezultati &#038; Dobitni Brojevi"}]},{"@type":"WebSite","@id":"https:\/\/lottomat.com\/hr\/#website","url":"https:\/\/lottomat.com\/hr\/","name":"Lottomat","description":"","potentialAction":[{"@type":"SearchAction","target":{"@type":"EntryPoint","urlTemplate":"https:\/\/lottomat.com\/hr\/?s={search_term_string}"},"query-input":{"@type":"PropertyValueSpecification","valueRequired":true,"valueName":"search_term_string"}}],"inLanguage":"hr"}]}},"_links":{"self":[{"href":"https:\/\/lottomat.com\/hr\/wp-json\/wp\/v2\/pages\/9623","targetHints":{"allow":["GET"]}}],"collection":[{"href":"https:\/\/lottomat.com\/hr\/wp-json\/wp\/v2\/pages"}],"about":[{"href":"https:\/\/lottomat.com\/hr\/wp-json\/wp\/v2\/types\/page"}],"author":[{"embeddable":true,"href":"https:\/\/lottomat.com\/hr\/wp-json\/wp\/v2\/users\/1"}],"replies":[{"embeddable":true,"href":"https:\/\/lottomat.com\/hr\/wp-json\/wp\/v2\/comments?post=9623"}],"version-history":[{"count":2,"href":"https:\/\/lottomat.com\/hr\/wp-json\/wp\/v2\/pages\/9623\/revisions"}],"predecessor-version":[{"id":262502,"href":"https:\/\/lottomat.com\/hr\/wp-json\/wp\/v2\/pages\/9623\/revisions\/262502"}],"up":[{"embeddable":true,"href":"https:\/\/lottomat.com\/hr\/wp-json\/wp\/v2\/pages\/7648"}],"wp:attachment":[{"href":"https:\/\/lottomat.com\/hr\/wp-json\/wp\/v2\/media?parent=9623"}],"curies":[{"name":"wp","href":"https:\/\/api.w.org\/{rel}","templated":true}]}}