{"id":8829,"date":"2025-03-26T07:54:05","date_gmt":"2025-03-26T07:54:05","guid":{"rendered":"https:\/\/lottomat.net\/igrajte-lutriju\/igrajte-mega-millions-online\/"},"modified":"2025-10-05T17:14:02","modified_gmt":"2025-10-05T17:14:02","slug":"mega-millions","status":"publish","type":"page","link":"https:\/\/lottomat.com\/hr\/igrajte\/mega-millions\/","title":{"rendered":"Igraj Mega Millions online \u2013 Mega Millions Ulaznice"},"content":{"rendered":"\n\n<div class=\"kk-star-ratings kksr-auto kksr-align-left kksr-valign-top\"\n    data-payload='{&quot;align&quot;:&quot;left&quot;,&quot;id&quot;:&quot;8829&quot;,&quot;slug&quot;:&quot;default&quot;,&quot;valign&quot;:&quot;top&quot;,&quot;ignore&quot;:&quot;&quot;,&quot;reference&quot;:&quot;auto&quot;,&quot;class&quot;:&quot;&quot;,&quot;count&quot;:&quot;0&quot;,&quot;legendonly&quot;:&quot;&quot;,&quot;readonly&quot;:&quot;&quot;,&quot;score&quot;:&quot;0&quot;,&quot;starsonly&quot;:&quot;&quot;,&quot;best&quot;:&quot;5&quot;,&quot;gap&quot;:&quot;5&quot;,&quot;greet&quot;:&quot;Rate this page&quot;,&quot;legend&quot;:&quot;0\\\/5 - (0 votes)&quot;,&quot;size&quot;:&quot;30&quot;,&quot;title&quot;:&quot;Igraj Mega Millions online \u2013 Mega Millions Ulaznice&quot;,&quot;width&quot;:&quot;0&quot;,&quot;_legend&quot;:&quot;{score}\\\/{best} - ({count} {votes})&quot;,&quot;font_factor&quot;:&quot;1.25&quot;}'>\n            \n<div class=\"kksr-stars\">\n    \n<div class=\"kksr-stars-inactive\">\n            <div class=\"kksr-star\" data-star=\"1\" style=\"padding-right: 5px\">\n            \n\n<div class=\"kksr-icon\" style=\"width: 30px; height: 30px;\"><\/div>\n        <\/div>\n            <div class=\"kksr-star\" data-star=\"2\" style=\"padding-right: 5px\">\n            \n\n<div class=\"kksr-icon\" style=\"width: 30px; height: 30px;\"><\/div>\n        <\/div>\n            <div class=\"kksr-star\" data-star=\"3\" style=\"padding-right: 5px\">\n            \n\n<div class=\"kksr-icon\" style=\"width: 30px; height: 30px;\"><\/div>\n        <\/div>\n            <div class=\"kksr-star\" data-star=\"4\" style=\"padding-right: 5px\">\n            \n\n<div class=\"kksr-icon\" style=\"width: 30px; height: 30px;\"><\/div>\n        <\/div>\n            <div class=\"kksr-star\" data-star=\"5\" style=\"padding-right: 5px\">\n            \n\n<div class=\"kksr-icon\" style=\"width: 30px; height: 30px;\"><\/div>\n        <\/div>\n    <\/div>\n    \n<div class=\"kksr-stars-active\" style=\"width: 0px;\">\n            <div class=\"kksr-star\" style=\"padding-right: 5px\">\n            \n\n<div class=\"kksr-icon\" style=\"width: 30px; height: 30px;\"><\/div>\n        <\/div>\n            <div class=\"kksr-star\" style=\"padding-right: 5px\">\n            \n\n<div class=\"kksr-icon\" style=\"width: 30px; height: 30px;\"><\/div>\n        <\/div>\n            <div class=\"kksr-star\" style=\"padding-right: 5px\">\n            \n\n<div class=\"kksr-icon\" style=\"width: 30px; height: 30px;\"><\/div>\n        <\/div>\n            <div class=\"kksr-star\" style=\"padding-right: 5px\">\n            \n\n<div class=\"kksr-icon\" style=\"width: 30px; height: 30px;\"><\/div>\n        <\/div>\n            <div class=\"kksr-star\" style=\"padding-right: 5px\">\n            \n\n<div class=\"kksr-icon\" style=\"width: 30px; height: 30px;\"><\/div>\n        <\/div>\n    <\/div>\n<\/div>\n                \n\n<div class=\"kksr-legend\" style=\"font-size: 24px;\">\n            <span class=\"kksr-muted\">Rate this page<\/span>\n    <\/div>\n    <\/div>\n<h2>Kako Funkcionira Mega Millions Lutrija?<\/h2>\n<p>Online lutrija Mega Millions je jednostavna igra brojeva s pravilima koja se lako pamte. Zadatak svakog igra\u010da je odabrati pet glavnih brojeva u rasponu od 1 do 70 i izabrati Mega Ball, koji je poseban bonus broj u rasponu od 1 do 24. Glavna nagrada namijenjena je dobitniku \u010dija ulaznica sadr\u017ei svih \u0161est izvu\u010denih brojeva, tj. pet glavnih brojeva i jedan bonus broj. Vrijedi spomenuti da <strong>Mega Millions je lutrija koja ima \u010dak devet razina nagrada<\/strong> na kojima svaki igra\u010d mo\u017ee osvojiti nov\u010danu nagradu. \u0160tovi\u0161e, ulaznica Mega Millions s pogo\u0111enim samo Mega Ball brojem tako\u0111er pobje\u0111uje. Kao \u0161to smo ve\u0107 opisali, Mega Millions je lutrija koja daje uistinu velike \u0161anse za osvajanje milijuna dolara. Pro\u010ditaj <a href=\"https:\/\/lottomat.com\/hr\/lutrije\/mega-millions\/\">vi\u0161e o pravilima Mega Millions<\/a> na na\u0161oj web stranici i saznaj vi\u0161e.<\/p>\n<h2><img loading=\"lazy\" decoding=\"async\" class=\"alignleft wp-image-251833\" src=\"https:\/\/lottomat.com\/wp-content\/uploads\/2025\/10\/play-Mega-Millions.webp\" alt=\"igraj Mega Millions\" width=\"200\" height=\"200\" srcset=\"https:\/\/lottomat.com\/wp-content\/uploads\/2025\/10\/play-Mega-Millions.webp 400w, https:\/\/lottomat.com\/wp-content\/uploads\/2025\/10\/play-Mega-Millions-300x300.webp 300w, https:\/\/lottomat.com\/wp-content\/uploads\/2025\/10\/play-Mega-Millions-150x150.webp 150w, https:\/\/lottomat.com\/wp-content\/uploads\/2025\/10\/play-Mega-Millions-100x100.webp 100w\" sizes=\"auto, (max-width: 200px) 100vw, 200px\" \/>Koliko Mo\u017ee\u0161 Dobiti Zahvaljuju\u0107i Mega Millions Online?<\/h2>\n<p>Poga\u0111anje svih izvu\u010denih brojeva jam\u010di osvajanje glavne nagrade ili njezinog dijela ako postoji vi\u0161e dobitnika. Ako vi\u0161e igra\u010da odabere sve izvu\u010dene brojeve, glavna nov\u010dana nagrada se dijeli proporcionalno me\u0111u svim sudionicima. Ako pogodi\u0161 pet glavnih brojeva, ali ne i Mega Ball, dobiva\u0161 <strong>zajam\u010denu nagradu od 1.000.000 $<\/strong> (da, dobro vidi\u0161 \u2013 govorimo o milijun dolara za pet pogo\u0111enih brojeva!). Mega Millions je lutrija s \u010destim jackpotovima koji mogu narasti do nevjerojatnih iznosa, pa dobitne ulaznice ove lutrije donose vrlo zna\u010dajne zarade. Mega Millions nudi igra\u010dima dvije zanimljive opcije. Na\u017ealost, te dodatne opcije, uklju\u010duju\u0107i mogu\u0107nost kupnje jeftinije ulaznice samo za jackpot i umno\u017eavanje dobitaka iz ni\u017eih kategorija, dostupne su samo gra\u0111anima odre\u0111enih ameri\u010dkih dr\u017eava; me\u0111utim, glavna nagrada i ni\u017ee kategorije dostupne su svim ostalim igra\u010dima.<\/p>\n<h2>Koja Je Cijena Mega Millions Online Ulaznice?<\/h2>\n<p>Za provjeru cijene jedne ulaznice ili ve\u0107eg broja, koristi web stranicu Lottomat i opciju za odabir brojeva. Nakon popunjavanja ulaznice, njezina cijena \u0107e biti prikazana ispod ulaznica. <strong>Kalkulator \u0107e automatski izra\u010dunati vrijednost uplate<\/strong> na temelju broja odabranih online Mega Millions ulaznica. Cijena ulaznice uklju\u010duje tro\u0161ak ulaznice, kao i sve primjenjive naknade, i kona\u010dna je. Ne mora\u0161 se brinuti ni za \u0161to drugo; samo pri\u010dekaj <a href=\"https:\/\/lottomat.com\/hr\/rezultati\/mega-millions\/\">trenutne rezultate izvla\u010denja Mega Millions<\/a>.<\/p>\n<h2>Kako Kupiti Mega Millions Online Ulaznicu?<img loading=\"lazy\" decoding=\"async\" class=\"alignright wp-image-251863\" src=\"https:\/\/lottomat.com\/wp-content\/uploads\/2025\/10\/Mega-Millions-tickets.webp\" alt=\"Mega Millions ulaznice\" width=\"200\" height=\"200\" srcset=\"https:\/\/lottomat.com\/wp-content\/uploads\/2025\/10\/Mega-Millions-tickets.webp 400w, https:\/\/lottomat.com\/wp-content\/uploads\/2025\/10\/Mega-Millions-tickets-300x300.webp 300w, https:\/\/lottomat.com\/wp-content\/uploads\/2025\/10\/Mega-Millions-tickets-150x150.webp 150w, https:\/\/lottomat.com\/wp-content\/uploads\/2025\/10\/Mega-Millions-tickets-100x100.webp 100w\" sizes=\"auto, (max-width: 200px) 100vw, 200px\" \/><\/h2>\n<p>Za sudjelovanje u izvla\u010denju nagrada Mega Millions nije obavezno \u017eivjeti u Sjedinjenim Ameri\u010dkim Dr\u017eavama, ali <strong>jedina opcija je kupnja Mega Millions ulaznice online<\/strong>. Fizi\u010dki uredi lutrije dostupni su samo u SAD-u. Sve \u0161to treba\u0161 napraviti je popuniti ulaznicu na stranici Lottomat i zatim je platiti (dostupno je nekoliko na\u010dina pla\u0107anja). Milijuni dolara su nadohvat ruke, bez napu\u0161tanja ku\u0107e, 24 sata dnevno, 7 dana u tjednu. Danas mo\u017ee\u0161 igrati Mega Millions online iz udobnosti svoje fotelje. Online lutrije su danas glavna osnova ovog poslovanja.<\/p>\n<h3>Raspored Izvla\u010denja i Rezultati<\/h3>\n<p>Tvoja ulaznica sudjeluje u ameri\u010dkoj lutriji, a ako pobijedi\u0161, nagrada \u0107e biti ispla\u0107ena u cijelosti ili u ratama, ovisno o odabranoj opciji. <strong>Izvla\u010denja se odr\u017eavaju srijedom i subotom<\/strong>, a <a href=\"https:\/\/lottomat.com\/hr\/rezultati\/\">trenutne rezultate izvla\u010denja<\/a> mo\u017ee\u0161 prona\u0107i na stranici Lottomat. U\u0111i u opciju Igraj i vidi koliko je lako kupiti ulaznicu online. Sve \u0161to ti treba za pobjedu je sre\u0107a!<\/p>\n<h2>Kako Igrati Mega Millions Lutriju Online?<\/h2>\n<p>Zahvaljuju\u0107i na\u0161oj stranici, ne mora\u0161 putovati u SAD da bi kupio Mega Millions ulaznicu. Sve \u0161to treba\u0161 napraviti je odabrati pet glavnih brojeva u rasponu od 1 do 70 i dodatni broj Mega Ball u rasponu od 1 do 24. Mo\u017ee\u0161 koristiti i nasumi\u010dnu opciju, gdje se brojevi odabiru slu\u010dajno. Za osvajanje glavne nagrade mora\u0161 pogoditi sve izvu\u010dene brojeve. \u0160to manje brojeva pogodi\u0161, manja \u0107e biti i tvoja nagrada. <strong>Odaberi pet glavnih brojeva u rasponu od 1 do 70 i jedan jedinstveni broj nazvan Mega Ball od 1 do 24.<\/strong> Odaberi svoje brojeve i igraj za milijune ve\u0107 danas!<\/p>\n<h2><img loading=\"lazy\" decoding=\"async\" class=\"alignleft wp-image-251893\" src=\"https:\/\/lottomat.com\/wp-content\/uploads\/2025\/10\/buy-Mega-Millions-tickets.webp\" alt=\"kupi Mega Millions ulaznice\" width=\"200\" height=\"200\" srcset=\"https:\/\/lottomat.com\/wp-content\/uploads\/2025\/10\/buy-Mega-Millions-tickets.webp 400w, https:\/\/lottomat.com\/wp-content\/uploads\/2025\/10\/buy-Mega-Millions-tickets-300x300.webp 300w, https:\/\/lottomat.com\/wp-content\/uploads\/2025\/10\/buy-Mega-Millions-tickets-150x150.webp 150w, https:\/\/lottomat.com\/wp-content\/uploads\/2025\/10\/buy-Mega-Millions-tickets-100x100.webp 100w\" sizes=\"auto, (max-width: 200px) 100vw, 200px\" \/>Koji Su Najbolji Savjeti za Igranje Mega Millions Online i Pobjedu?<\/h2>\n<p>Igrati pametno klju\u010d je za maksimaliziranje tvog iskustva u lutriji, dok istovremeno u\u010dinkovito upravlja\u0161 svojim bud\u017eetom. Evo nekoliko provjerenih strategija koje mogu pove\u0107ati tvoje \u0161anse za pobjedu.<\/p>\n<h3>Strategija Grupnog Igranja<\/h3>\n<p>Kako izbje\u0107i tro\u0161enje bogatstva na igru, a ipak sudjelovati u lutriji s ve\u0107im brojem ulaznica? Jednostavno \u2013 <strong>igraj samo kada postoji rollover i pozovi svoje prijatelje ili obitelj da igraju<\/strong>. To je najbolji na\u010din za pobjedu, dijeljenjem tro\u0161kova Mega Millions ulaznica me\u0111u sudionicima u obitelji. Zapamti da \u0161anse za osvajanje nagrade rastu s brojem kupljenih ulaznica.<\/p>\n<h3>Metode Odabira Brojeva<\/h3>\n<p>Na\u010din na koji bira\u0161 brojeve ovisi samo o tebi. Mo\u017ee\u0161 koristiti nasumi\u010dnu opciju za popunjavanje ulaznice Mega Millions slu\u010dajnim brojevima ili koristiti svoje sretne brojeve. Ako \u017eeli\u0161 \u2013 mo\u017ee\u0161 pregledati rezultate prethodnih izvla\u010denja kako bi identificirao naj\u010de\u0161\u0107e i najrje\u0111e izvu\u010dene brojeve u Mega Millions i razvio vlastitu strategiju. <a href=\"https:\/\/lottomat.com\/hr\/igrajte\/\">Kupi ulaznicu<\/a> i \u017eelimo ti puno sre\u0107e!<\/p>\n<h2>Mo\u017ee\u0161 Li Kupiti Vi\u0161e Mega Millions Ulaznica Online?<\/h2>\n<p>Da, iskoristi opciju <strong>&#8220;Vi\u0161e linija&#8221; i odaberi koliko linija \u017eeli\u0161<\/strong>. Ova funkcija ti omogu\u0107uje pove\u0107anje \u0161ansi za pobjedu kupnjom vi\u0161e ulaznica u jednoj transakciji. \u0160to vi\u0161e linija igra\u0161, ve\u0107e su tvoje \u0161anse za dobitnu kombinaciju.<\/p>\n<h2>Mo\u017ee\u0161 Li Kupiti Mega Millions Ulaznice Online za Vi\u0161e Izvla\u010denja?<img loading=\"lazy\" decoding=\"async\" class=\"alignright wp-image-251923\" src=\"https:\/\/lottomat.com\/wp-content\/uploads\/2025\/10\/Mega-Millions-online.webp\" alt=\"Mega Millions online\" width=\"200\" height=\"200\" srcset=\"https:\/\/lottomat.com\/wp-content\/uploads\/2025\/10\/Mega-Millions-online.webp 400w, https:\/\/lottomat.com\/wp-content\/uploads\/2025\/10\/Mega-Millions-online-300x300.webp 300w, https:\/\/lottomat.com\/wp-content\/uploads\/2025\/10\/Mega-Millions-online-150x150.webp 150w, https:\/\/lottomat.com\/wp-content\/uploads\/2025\/10\/Mega-Millions-online-100x100.webp 100w\" sizes=\"auto, (max-width: 200px) 100vw, 200px\" \/><\/h2>\n<p>Da, na Lottomat mo\u017ee\u0161 <strong>kupiti ulaznice za do 8 izvla\u010denja unaprijed<\/strong>. Ova prakti\u010dna funkcija zna\u010di da se ne mora\u0161 sje\u0107ati kupiti ulaznicu za svako pojedino izvla\u010denje. Mo\u017ee\u0161 jednom postaviti svoje brojeve i pustiti ih da se automatski igraju za uzastopna izvla\u010denja. Ova opcija unaprijed savr\u0161ena je za igra\u010de koji imaju svoje omiljene brojeve i \u017eele biti sigurni da ne\u0107e propustiti nijedno izvla\u010denje.<\/p>\n<h2>Je Li Sigurno Igrati Mega Millions Online?<\/h2>\n<p>Igranje na stranici Lottomat je <strong>potpuno sigurno i za\u0161ti\u0107eno<\/strong>. Skeniramo sve ulaznice i brinemo o na\u0161im korisnicima, osiguravaju\u0107i da su tvoji osobni i financijski podaci za\u0161ti\u0107eni najvi\u0161im sigurnosnim standardima. Na\u0161a platforma koristi naprednu tehnologiju enkripcije za za\u0161titu svih transakcija i kupnji ulaznica. Me\u0111utim, va\u017eno je zapamtiti da <strong>igranje Mega Millions treba shvatiti kao zabavu i razonodu<\/strong>. Nikada ne bi trebao riskirati novac koji si ne mo\u017ee\u0161 priu\u0161titi izgubiti. Uvijek igraj odgovorno i u skladu sa svojim mogu\u0107nostima, tretiraju\u0107i lutrijske ulaznice kao oblik zabave, a ne kao investicijsku strategiju.<\/p>\n","protected":false},"excerpt":{"rendered":"<p>Kako Funkcionira Mega Millions Lutrija? Online lutrija Mega Millions je jednostavna igra brojeva s pravilima koja se lako pamte. Zadatak svakog igra\u010da je odabrati pet glavnih brojeva u rasponu od 1 do 70 i izabrati Mega Ball, koji je poseban bonus broj u rasponu od 1 do 24. Glavna nagrada namijenjena je dobitniku \u010dija ulaznica [&hellip;]<\/p>\n","protected":false},"author":1,"featured_media":0,"parent":6760,"menu_order":2,"comment_status":"closed","ping_status":"closed","template":"megamillion.php","meta":{"_et_pb_use_builder":"","_et_pb_old_content":"","_et_gb_content_width":"","exclude_from_search":false,"footnotes":""},"class_list":["post-8829","page","type-page","status-publish","hentry"],"yoast_head":"<!-- This site is optimized with the Yoast SEO plugin v23.8 - https:\/\/yoast.com\/wordpress\/plugins\/seo\/ -->\n<title>Mega Millions Lutrijske Ulaznice - Igraj Mega Millions online - Lottomat<\/title>\n<meta name=\"description\" content=\"Igraj online lutriju Mega Millions na Lottomat i osvoji bogatstvo! Kupi Mega Millions ulaznice online danas \u2013 pridru\u017ei se zabavi! Osvoji jackpot odmah!\" \/>\n<meta name=\"robots\" content=\"index, follow, max-snippet:-1, max-image-preview:large, max-video-preview:-1\" \/>\n<link rel=\"canonical\" href=\"https:\/\/lottomat.com\/hr\/igrajte\/mega-millions\/\" \/>\n<meta property=\"og:locale\" content=\"hr_HR\" \/>\n<meta property=\"og:type\" content=\"article\" \/>\n<meta property=\"og:title\" content=\"Mega Millions Lutrijske Ulaznice - Igraj Mega Millions online - Lottomat\" \/>\n<meta property=\"og:description\" content=\"Igraj online lutriju Mega Millions na Lottomat i osvoji bogatstvo! Kupi Mega Millions ulaznice online danas \u2013 pridru\u017ei se zabavi! Osvoji jackpot odmah!\" \/>\n<meta property=\"og:url\" content=\"https:\/\/lottomat.com\/hr\/igrajte\/mega-millions\/\" \/>\n<meta property=\"og:site_name\" content=\"Lottomat\" \/>\n<meta property=\"article:modified_time\" content=\"2025-10-05T17:14:02+00:00\" \/>\n<meta property=\"og:image\" content=\"https:\/\/lottomat.com\/wp-content\/uploads\/2025\/10\/play-Mega-Millions.webp\" \/>\n<meta name=\"twitter:card\" content=\"summary_large_image\" \/>\n<meta name=\"twitter:label1\" content=\"Procijenjeno vrijeme \u010ditanja\" \/>\n\t<meta name=\"twitter:data1\" content=\"5 minuta\" \/>\n<script type=\"application\/ld+json\" class=\"yoast-schema-graph\">{\"@context\":\"https:\/\/schema.org\",\"@graph\":[{\"@type\":\"WebPage\",\"@id\":\"https:\/\/lottomat.com\/hr\/igrajte\/mega-millions\/\",\"url\":\"https:\/\/lottomat.com\/hr\/igrajte\/mega-millions\/\",\"name\":\"Mega Millions Lutrijske Ulaznice - Igraj Mega Millions online - Lottomat\",\"isPartOf\":{\"@id\":\"https:\/\/lottomat.com\/hr\/#website\"},\"primaryImageOfPage\":{\"@id\":\"https:\/\/lottomat.com\/hr\/igrajte\/mega-millions\/#primaryimage\"},\"image\":{\"@id\":\"https:\/\/lottomat.com\/hr\/igrajte\/mega-millions\/#primaryimage\"},\"thumbnailUrl\":\"https:\/\/lottomat.com\/wp-content\/uploads\/2025\/10\/play-Mega-Millions.webp\",\"datePublished\":\"2025-03-26T07:54:05+00:00\",\"dateModified\":\"2025-10-05T17:14:02+00:00\",\"description\":\"Igraj online lutriju Mega Millions na Lottomat i osvoji bogatstvo! Kupi Mega Millions ulaznice online danas \u2013 pridru\u017ei se zabavi! Osvoji jackpot odmah!\",\"breadcrumb\":{\"@id\":\"https:\/\/lottomat.com\/hr\/igrajte\/mega-millions\/#breadcrumb\"},\"inLanguage\":\"hr\",\"potentialAction\":[{\"@type\":\"ReadAction\",\"target\":[\"https:\/\/lottomat.com\/hr\/igrajte\/mega-millions\/\"]}]},{\"@type\":\"ImageObject\",\"inLanguage\":\"hr\",\"@id\":\"https:\/\/lottomat.com\/hr\/igrajte\/mega-millions\/#primaryimage\",\"url\":\"https:\/\/lottomat.com\/wp-content\/uploads\/2025\/10\/play-Mega-Millions.webp\",\"contentUrl\":\"https:\/\/lottomat.com\/wp-content\/uploads\/2025\/10\/play-Mega-Millions.webp\"},{\"@type\":\"BreadcrumbList\",\"@id\":\"https:\/\/lottomat.com\/hr\/igrajte\/mega-millions\/#breadcrumb\",\"itemListElement\":[{\"@type\":\"ListItem\",\"position\":1,\"name\":\"Home\",\"item\":\"https:\/\/lottomat.com\/hr\/\"},{\"@type\":\"ListItem\",\"position\":2,\"name\":\"Igraj Loto\",\"item\":\"https:\/\/lottomat.com\/hr\/igrajte\/\"},{\"@type\":\"ListItem\",\"position\":3,\"name\":\"Igraj Mega Millions online \u2013 Mega Millions Ulaznice\"}]},{\"@type\":\"WebSite\",\"@id\":\"https:\/\/lottomat.com\/hr\/#website\",\"url\":\"https:\/\/lottomat.com\/hr\/\",\"name\":\"Lottomat\",\"description\":\"\",\"potentialAction\":[{\"@type\":\"SearchAction\",\"target\":{\"@type\":\"EntryPoint\",\"urlTemplate\":\"https:\/\/lottomat.com\/hr\/?s={search_term_string}\"},\"query-input\":{\"@type\":\"PropertyValueSpecification\",\"valueRequired\":true,\"valueName\":\"search_term_string\"}}],\"inLanguage\":\"hr\"}]}<\/script>\n<!-- \/ Yoast SEO plugin. -->","yoast_head_json":{"title":"Mega Millions Lutrijske Ulaznice - Igraj Mega Millions online - Lottomat","description":"Igraj online lutriju Mega Millions na Lottomat i osvoji bogatstvo! Kupi Mega Millions ulaznice online danas \u2013 pridru\u017ei se zabavi! Osvoji jackpot odmah!","robots":{"index":"index","follow":"follow","max-snippet":"max-snippet:-1","max-image-preview":"max-image-preview:large","max-video-preview":"max-video-preview:-1"},"canonical":"https:\/\/lottomat.com\/hr\/igrajte\/mega-millions\/","og_locale":"hr_HR","og_type":"article","og_title":"Mega Millions Lutrijske Ulaznice - Igraj Mega Millions online - Lottomat","og_description":"Igraj online lutriju Mega Millions na Lottomat i osvoji bogatstvo! Kupi Mega Millions ulaznice online danas \u2013 pridru\u017ei se zabavi! Osvoji jackpot odmah!","og_url":"https:\/\/lottomat.com\/hr\/igrajte\/mega-millions\/","og_site_name":"Lottomat","article_modified_time":"2025-10-05T17:14:02+00:00","og_image":[{"url":"https:\/\/lottomat.com\/wp-content\/uploads\/2025\/10\/play-Mega-Millions.webp"}],"twitter_card":"summary_large_image","twitter_misc":{"Procijenjeno vrijeme \u010ditanja":"5 minuta"},"schema":{"@context":"https:\/\/schema.org","@graph":[{"@type":"WebPage","@id":"https:\/\/lottomat.com\/hr\/igrajte\/mega-millions\/","url":"https:\/\/lottomat.com\/hr\/igrajte\/mega-millions\/","name":"Mega Millions Lutrijske Ulaznice - Igraj Mega Millions online - Lottomat","isPartOf":{"@id":"https:\/\/lottomat.com\/hr\/#website"},"primaryImageOfPage":{"@id":"https:\/\/lottomat.com\/hr\/igrajte\/mega-millions\/#primaryimage"},"image":{"@id":"https:\/\/lottomat.com\/hr\/igrajte\/mega-millions\/#primaryimage"},"thumbnailUrl":"https:\/\/lottomat.com\/wp-content\/uploads\/2025\/10\/play-Mega-Millions.webp","datePublished":"2025-03-26T07:54:05+00:00","dateModified":"2025-10-05T17:14:02+00:00","description":"Igraj online lutriju Mega Millions na Lottomat i osvoji bogatstvo! Kupi Mega Millions ulaznice online danas \u2013 pridru\u017ei se zabavi! Osvoji jackpot odmah!","breadcrumb":{"@id":"https:\/\/lottomat.com\/hr\/igrajte\/mega-millions\/#breadcrumb"},"inLanguage":"hr","potentialAction":[{"@type":"ReadAction","target":["https:\/\/lottomat.com\/hr\/igrajte\/mega-millions\/"]}]},{"@type":"ImageObject","inLanguage":"hr","@id":"https:\/\/lottomat.com\/hr\/igrajte\/mega-millions\/#primaryimage","url":"https:\/\/lottomat.com\/wp-content\/uploads\/2025\/10\/play-Mega-Millions.webp","contentUrl":"https:\/\/lottomat.com\/wp-content\/uploads\/2025\/10\/play-Mega-Millions.webp"},{"@type":"BreadcrumbList","@id":"https:\/\/lottomat.com\/hr\/igrajte\/mega-millions\/#breadcrumb","itemListElement":[{"@type":"ListItem","position":1,"name":"Home","item":"https:\/\/lottomat.com\/hr\/"},{"@type":"ListItem","position":2,"name":"Igraj Loto","item":"https:\/\/lottomat.com\/hr\/igrajte\/"},{"@type":"ListItem","position":3,"name":"Igraj Mega Millions online \u2013 Mega Millions Ulaznice"}]},{"@type":"WebSite","@id":"https:\/\/lottomat.com\/hr\/#website","url":"https:\/\/lottomat.com\/hr\/","name":"Lottomat","description":"","potentialAction":[{"@type":"SearchAction","target":{"@type":"EntryPoint","urlTemplate":"https:\/\/lottomat.com\/hr\/?s={search_term_string}"},"query-input":{"@type":"PropertyValueSpecification","valueRequired":true,"valueName":"search_term_string"}}],"inLanguage":"hr"}]}},"_links":{"self":[{"href":"https:\/\/lottomat.com\/hr\/wp-json\/wp\/v2\/pages\/8829","targetHints":{"allow":["GET"]}}],"collection":[{"href":"https:\/\/lottomat.com\/hr\/wp-json\/wp\/v2\/pages"}],"about":[{"href":"https:\/\/lottomat.com\/hr\/wp-json\/wp\/v2\/types\/page"}],"author":[{"embeddable":true,"href":"https:\/\/lottomat.com\/hr\/wp-json\/wp\/v2\/users\/1"}],"replies":[{"embeddable":true,"href":"https:\/\/lottomat.com\/hr\/wp-json\/wp\/v2\/comments?post=8829"}],"version-history":[{"count":2,"href":"https:\/\/lottomat.com\/hr\/wp-json\/wp\/v2\/pages\/8829\/revisions"}],"predecessor-version":[{"id":253084,"href":"https:\/\/lottomat.com\/hr\/wp-json\/wp\/v2\/pages\/8829\/revisions\/253084"}],"up":[{"embeddable":true,"href":"https:\/\/lottomat.com\/hr\/wp-json\/wp\/v2\/pages\/6760"}],"wp:attachment":[{"href":"https:\/\/lottomat.com\/hr\/wp-json\/wp\/v2\/media?parent=8829"}],"curies":[{"name":"wp","href":"https:\/\/api.w.org\/{rel}","templated":true}]}}