{"id":8473,"date":"2025-03-26T07:52:23","date_gmt":"2025-03-26T07:52:23","guid":{"rendered":"https:\/\/lottomat.net\/igrajte-lutriju\/igrajte-powerball-online\/"},"modified":"2025-10-05T15:55:39","modified_gmt":"2025-10-05T15:55:39","slug":"powerball","status":"publish","type":"page","link":"https:\/\/lottomat.com\/hr\/igrajte\/powerball\/","title":{"rendered":"Igraj Powerball Online &#8211; Powerball Ulaznice"},"content":{"rendered":"\n\n<div class=\"kk-star-ratings kksr-auto kksr-align-left kksr-valign-top\"\n    data-payload='{&quot;align&quot;:&quot;left&quot;,&quot;id&quot;:&quot;8473&quot;,&quot;slug&quot;:&quot;default&quot;,&quot;valign&quot;:&quot;top&quot;,&quot;ignore&quot;:&quot;&quot;,&quot;reference&quot;:&quot;auto&quot;,&quot;class&quot;:&quot;&quot;,&quot;count&quot;:&quot;0&quot;,&quot;legendonly&quot;:&quot;&quot;,&quot;readonly&quot;:&quot;&quot;,&quot;score&quot;:&quot;0&quot;,&quot;starsonly&quot;:&quot;&quot;,&quot;best&quot;:&quot;5&quot;,&quot;gap&quot;:&quot;5&quot;,&quot;greet&quot;:&quot;Rate this page&quot;,&quot;legend&quot;:&quot;0\\\/5 - (0 votes)&quot;,&quot;size&quot;:&quot;30&quot;,&quot;title&quot;:&quot;Igraj Powerball Online - Powerball Ulaznice&quot;,&quot;width&quot;:&quot;0&quot;,&quot;_legend&quot;:&quot;{score}\\\/{best} - ({count} {votes})&quot;,&quot;font_factor&quot;:&quot;1.25&quot;}'>\n            \n<div class=\"kksr-stars\">\n    \n<div class=\"kksr-stars-inactive\">\n            <div class=\"kksr-star\" data-star=\"1\" style=\"padding-right: 5px\">\n            \n\n<div class=\"kksr-icon\" style=\"width: 30px; height: 30px;\"><\/div>\n        <\/div>\n            <div class=\"kksr-star\" data-star=\"2\" style=\"padding-right: 5px\">\n            \n\n<div class=\"kksr-icon\" style=\"width: 30px; height: 30px;\"><\/div>\n        <\/div>\n            <div class=\"kksr-star\" data-star=\"3\" style=\"padding-right: 5px\">\n            \n\n<div class=\"kksr-icon\" style=\"width: 30px; height: 30px;\"><\/div>\n        <\/div>\n            <div class=\"kksr-star\" data-star=\"4\" style=\"padding-right: 5px\">\n            \n\n<div class=\"kksr-icon\" style=\"width: 30px; height: 30px;\"><\/div>\n        <\/div>\n            <div class=\"kksr-star\" data-star=\"5\" style=\"padding-right: 5px\">\n            \n\n<div class=\"kksr-icon\" style=\"width: 30px; height: 30px;\"><\/div>\n        <\/div>\n    <\/div>\n    \n<div class=\"kksr-stars-active\" style=\"width: 0px;\">\n            <div class=\"kksr-star\" style=\"padding-right: 5px\">\n            \n\n<div class=\"kksr-icon\" style=\"width: 30px; height: 30px;\"><\/div>\n        <\/div>\n            <div class=\"kksr-star\" style=\"padding-right: 5px\">\n            \n\n<div class=\"kksr-icon\" style=\"width: 30px; height: 30px;\"><\/div>\n        <\/div>\n            <div class=\"kksr-star\" style=\"padding-right: 5px\">\n            \n\n<div class=\"kksr-icon\" style=\"width: 30px; height: 30px;\"><\/div>\n        <\/div>\n            <div class=\"kksr-star\" style=\"padding-right: 5px\">\n            \n\n<div class=\"kksr-icon\" style=\"width: 30px; height: 30px;\"><\/div>\n        <\/div>\n            <div class=\"kksr-star\" style=\"padding-right: 5px\">\n            \n\n<div class=\"kksr-icon\" style=\"width: 30px; height: 30px;\"><\/div>\n        <\/div>\n    <\/div>\n<\/div>\n                \n\n<div class=\"kksr-legend\" style=\"font-size: 24px;\">\n            <span class=\"kksr-muted\">Rate this page<\/span>\n    <\/div>\n    <\/div>\n<h2><img loading=\"lazy\" decoding=\"async\" class=\"alignleft wp-image-252142\" src=\"https:\/\/lottomat.com\/wp-content\/uploads\/2025\/10\/play-Powerball-150x150.webp\" alt=\"igraj Powerball\" width=\"200\" height=\"200\" srcset=\"https:\/\/lottomat.com\/wp-content\/uploads\/2025\/10\/play-Powerball-150x150.webp 150w, https:\/\/lottomat.com\/wp-content\/uploads\/2025\/10\/play-Powerball-300x300.webp 300w, https:\/\/lottomat.com\/wp-content\/uploads\/2025\/10\/play-Powerball-100x100.webp 100w, https:\/\/lottomat.com\/wp-content\/uploads\/2025\/10\/play-Powerball.webp 400w\" sizes=\"auto, (max-width: 200px) 100vw, 200px\" \/>\u0160to je Powerball lutrija?<\/h2>\n<p>Krenimo s pravilima ove poznate lutrije, koja su vrlo jednostavna, i zasigurno \u0107ete brzo nau\u010diti kako igrati Powerball online. Igra se sastoji od odabira pet brojeva iz raspona od 1 do 69 i jednog dodatnog broja, nazvanog Power Ball, iz raspona od 1 do 26. Ako igra\u010d pogodi sve dobitne brojeve, osvaja garantiranu glavnu nagradu, no zapamtite da postoji <strong>9 razina dobitaka<\/strong>. Nagradu dobiva i igra\u010d koji pogodi samo dodatni Power Ball broj, koji je bonus broj. U Powerball online lutriji postoji i jedno zanimljivo rje\u0161enje za igra\u010de. Zove se <strong>Power Play<\/strong> i dodatna je opcija koja omogu\u0107uje umno\u017eavanje dobitaka, osim glavne nagrade. Ipak, dostupna je samo na teritoriju Sjedinjenih Ameri\u010dkih Dr\u017eava prilikom kupnje ulaznice osobno u Powerball poslovnici. Igra\u010d koji pogodi svih 5 glavnih brojeva, ali ne i bonus broj Powerball, dobiva garantiranu nagradu od <strong>1.000.000 dolara<\/strong>. Drugim rije\u010dima, onaj tko pogodi 5 glavnih brojeva dobiva milijun dolara. Kliknite i pro\u010ditajte <a href=\"https:\/\/lottomat.com\/hr\/lutrije\/powerball\/\">vi\u0161e o pravilima i nagradama Powerball<\/a> na na\u0161oj stranici. Naravno, kao i kod drugih <a href=\"https:\/\/lottomat.com\/hr\/\">najboljih svjetskih lutrija<\/a>, postoji rollover u slu\u010daju da nema dobitnika, \u0161to zna\u010di priliku za osvajanje ogromnih svota novca, i to u dolarima. Powerball je postao poznat po dobitnim ulaznicama koje su donosile milijune dolara. Najve\u0107i rollover dobitak u ameri\u010dkoj lutriji dogodio se <strong>7. studenog 2022.<\/strong> i iznosio je <strong>2,04 milijarde dolara<\/strong>, s nov\u010danom vrijedno\u0161\u0107u od <strong>997,6 milijuna dolara<\/strong>.<\/p>\n<h2>Kako kupiti Powerball ulaznice?<img loading=\"lazy\" decoding=\"async\" class=\"alignright wp-image-252172\" src=\"https:\/\/lottomat.com\/wp-content\/uploads\/2025\/10\/Powerball-lottery-tickets-300x300.webp\" alt=\"Powerball ulaznice\" width=\"200\" height=\"200\" srcset=\"https:\/\/lottomat.com\/wp-content\/uploads\/2025\/10\/Powerball-lottery-tickets-300x300.webp 300w, https:\/\/lottomat.com\/wp-content\/uploads\/2025\/10\/Powerball-lottery-tickets-150x150.webp 150w, https:\/\/lottomat.com\/wp-content\/uploads\/2025\/10\/Powerball-lottery-tickets-100x100.webp 100w, https:\/\/lottomat.com\/wp-content\/uploads\/2025\/10\/Powerball-lottery-tickets.webp 400w\" sizes=\"auto, (max-width: 200px) 100vw, 200px\" \/><\/h2>\n<p>Zahvaljuju\u0107i promjenama u pravilima Powerball-a, ne morate biti dr\u017eavljanin Sjedinjenih Ameri\u010dkih Dr\u017eava niti boraviti na njihovom teritoriju. Mo\u017eete sudjelovati u <strong>Powerball online lutriji putem LottoMat stranice<\/strong>. Vrlo je prakti\u010dno, a ulaznice mo\u017eete kupiti bilo kada, danju i no\u0107u, sedam dana u tjednu. Sve \u0161to trebate u\u010diniti je odabrati opciju Igraj na LottoMat stranici i ispuniti \u017eeljeni broj ulaznica. Zatim trebate biti strpljivi i pri\u010dekati izvla\u010denje, koje se odr\u017eava svakog <strong>utorka, \u010detvrtka i nedjelje u 02:59 UTC<\/strong>. LottoMat stranica jam\u010di da je ulaznica valjana i sudjeluje u izvla\u010denju nagrada Powerball. Kupnju mo\u017eete obaviti pomo\u0107u ra\u010dunala ili mobitela s <strong>bilo kojeg mjesta na svijetu i u bilo koje vrijeme<\/strong>. Sve \u0161to trebate je stvoriti siguran korisni\u010dki ra\u010dun, kupiti ulaznicu i pri\u010dekati dobitak!<\/p>\n<h2>Kolika je cijena Powerball online ulaznice?<\/h2>\n<p>Kako biste izra\u010dunali cijenu ulaznice, dovoljno je ispuniti jednu ili vi\u0161e ulaznica na LottoMat stranici. Nakon odabira brojeva, <strong>cijena \u0107e biti prikazana ispod svih ulaznica<\/strong>. Nakon ispunjavanja vi\u0161e ulaznica, kalkulator \u0107e izra\u010dunati ukupan iznos, \u0161to je kona\u010dna cijena. Ona uklju\u010duje cijenu svih Powerball ulaznica i provizije.<\/p>\n<h2><img loading=\"lazy\" decoding=\"async\" class=\"alignleft wp-image-252202\" src=\"https:\/\/lottomat.com\/wp-content\/uploads\/2025\/10\/Powerball-online-tickets-300x300.webp\" alt=\"Powerball online ulaznice\" width=\"200\" height=\"200\" srcset=\"https:\/\/lottomat.com\/wp-content\/uploads\/2025\/10\/Powerball-online-tickets-300x300.webp 300w, https:\/\/lottomat.com\/wp-content\/uploads\/2025\/10\/Powerball-online-tickets-150x150.webp 150w, https:\/\/lottomat.com\/wp-content\/uploads\/2025\/10\/Powerball-online-tickets-100x100.webp 100w, https:\/\/lottomat.com\/wp-content\/uploads\/2025\/10\/Powerball-online-tickets.webp 400w\" sizes=\"auto, (max-width: 200px) 100vw, 200px\" \/><\/h2>\n<h2>Kako igrati Powerball online?<\/h2>\n<p>Zahvaljuju\u0107i na\u0161oj stranici, najpopularnija lutrija na svijetu sada je dostupna bez napu\u0161tanja doma. Da biste igrali Powerball online, odaberite <strong>pet glavnih brojeva od 1 do 69 plus dodatni Power Ball broj od 1 do 26<\/strong>. Mo\u017eete odabrati brojeve ru\u010dno ili koristiti <strong>opciju Brzi Odabir za nasumi\u010dan izbor<\/strong>. Tako je jednostavno! Igranje preko LottoMat-a potpuno je sigurno i za\u0161ti\u0107eno. <strong>Skeniramo sve kupljene ulaznice kako bismo potvrdili njihovu valjanost i osigurali va\u0161 mir.<\/strong> Uz LottoMat, mo\u017eete igrati Powerball online s bilo kojeg mjesta na svijetu \u2013 sve \u0161to trebate je <strong>pristup internetu i mogu\u0107nost online pla\u0107anja.<\/strong> Ova globalna dostupnost \u010dini sudjelovanje u jednoj od najuzbudljivijih lutrija na svijetu lak\u0161im nego ikad.<\/p>\n<h2>Mogu li kupiti vi\u0161e Powerball ulaznica online?<\/h2>\n<p><strong>Da, svakako mo\u017eete kupiti vi\u0161e Powerball ulaznica online<\/strong> kako biste pove\u0107ali svoje \u0161anse za dobitak. Jednostavno odaberite <strong>opciju &#8220;vi\u0161e linija&#8221;<\/strong> tijekom igre i izaberite koliko linija \u017eelite igrati. Svaka dodatna linija predstavlja jo\u0161 jednu priliku za osvajanje jackpota ili bilo koje od sporednih nagrada. \u0160to vi\u0161e ulaznica kupite, ve\u0107e su va\u0161e \u0161anse da pogodite dobitne brojeve.<\/p>\n<h2>Mogu li kupiti Powerball ulaznice online za vi\u0161e izvla\u010denja?<\/h2>\n<h2><img loading=\"lazy\" decoding=\"async\" class=\"alignright wp-image-252232\" src=\"https:\/\/lottomat.com\/wp-content\/uploads\/2025\/10\/Powerball-online-300x300.webp\" alt=\"Powerball online\" width=\"200\" height=\"200\" srcset=\"https:\/\/lottomat.com\/wp-content\/uploads\/2025\/10\/Powerball-online-300x300.webp 300w, https:\/\/lottomat.com\/wp-content\/uploads\/2025\/10\/Powerball-online-150x150.webp 150w, https:\/\/lottomat.com\/wp-content\/uploads\/2025\/10\/Powerball-online-100x100.webp 100w, https:\/\/lottomat.com\/wp-content\/uploads\/2025\/10\/Powerball-online.webp 400w\" sizes=\"auto, (max-width: 200px) 100vw, 200px\" \/><\/h2>\n<p>Apsolutno! Na LottoMat-u mo\u017eete <strong>kupiti Powerball ulaznice unaprijed za do 8 uzastopnih izvla\u010denja<\/strong>. Ova prakti\u010dna opcija zna\u010di da se ne morate sje\u0107ati kupnje ulaznica za svako pojedina\u010dno izvla\u010denje \u2013 va\u0161i \u0107e brojevi automatski sudjelovati u budu\u0107im kolima. Ova opcija unaprijed osigurava <strong>da nikada ne\u0107ete propustiti izvla\u010denje<\/strong> i omogu\u0107uje vam kontinuirano sudjelovanje u lutriji tijekom nekoliko tjedana.<\/p>\n<h2>Kako provjeriti rezultate Powerball online lutrije?<\/h2>\n<p>Lako mo\u017eete provjeriti i <a href=\"https:\/\/lottomat.com\/hr\/rezultati\/powerball\/\">najnovije i arhivirane rezultate Powerball-a<\/a> izravno na LottoMat stranici. Na\u0161a stranica s rezultatima a\u017eurira se odmah nakon svakog izvla\u010denja, pru\u017eaju\u0107i vam <strong>to\u010dne i a\u017eurirane dobitne brojeve.<\/strong> Bilo da \u017eelite provjeriti nedavna izvla\u010denja ili pogledati povijesne rezultate, sve informacije dostupne su vam na dohvat ruke. Ova prakti\u010dna opcija omogu\u0107uje vam da brzo provjerite jesu li va\u0161i brojevi dobitni bez tra\u017eenja na vi\u0161e izvora.<\/p>\n<h2><img loading=\"lazy\" decoding=\"async\" class=\"alignleft wp-image-252262\" src=\"https:\/\/lottomat.com\/wp-content\/uploads\/2025\/10\/Powerball-tickets-300x300.webp\" alt=\"Powerball ulaznice\" width=\"200\" height=\"200\" srcset=\"https:\/\/lottomat.com\/wp-content\/uploads\/2025\/10\/Powerball-tickets-300x300.webp 300w, https:\/\/lottomat.com\/wp-content\/uploads\/2025\/10\/Powerball-tickets-150x150.webp 150w, https:\/\/lottomat.com\/wp-content\/uploads\/2025\/10\/Powerball-tickets-100x100.webp 100w, https:\/\/lottomat.com\/wp-content\/uploads\/2025\/10\/Powerball-tickets.webp 400w\" sizes=\"auto, (max-width: 200px) 100vw, 200px\" \/>Skenira li LottoMat Powerball ulaznice online?<\/h2>\n<p><strong>Da, apsolutno!<\/strong> Na\u0161i ovla\u0161teni agenti fizi\u010dki kupuju Powerball ulaznice na slu\u017ebenim, licenciranim lokacijama u va\u0161e ime. <strong>Skeniramo i sigurno pohranjujemo originalne ulaznice<\/strong> kako bismo osigurali potpunu transparentnost i sigurnost za na\u0161e igra\u010de. To zna\u010di da imate dokaz o kupnji ulaznice i mo\u017eete biti sigurni da va\u0161e sudjelovanje vrijedi za slu\u017ebeno Powerball izvla\u010denje. Originalne ulaznice \u010duvaju se na sigurnom u na\u0161im za\u0161ti\u0107enim objektima, daju\u0107i vam mir glede va\u0161e investicije.<\/p>\n<h2>Koji su najbolji Powerball online savjeti?<\/h2>\n<p>Igrajte, posebno kada postoji rollover. <strong>Powerball ima najve\u0107e rollovere na svijetu,<\/strong> i \u010dak i s jednom ulaznicom imate \u0161ansu za osvajanje. Najve\u0107i jackpot dosegao je <strong>2,04 milijarde dolara!<\/strong> Tako\u0111er mo\u017eete koristiti naj\u010de\u0161\u0107e izvu\u010dene brojeve, koje mo\u017eete prona\u0107i na <a href=\"https:\/\/lottomat.com\/hr\/rezultati\/\">stranici s rezultatima izvla\u010denja<\/a>. Ona sadr\u017ei i aktualne i arhivirane rezultate. Zapamtite da <strong>igranje Powerball online treba biti oblik zabave,<\/strong> stoga je va\u017eno igrati odgovorno i s dobrim rasu\u0111ivanjem. Postavite si bud\u017eet i dr\u017eite ga se, tretiraju\u0107i ulaznice kao zabavnu aktivnost, a ne kao investicijsku strategiju.<\/p>\n<h3>Savjeti koji mogu pove\u0107ati va\u0161e \u0161anse za dobitak<\/h3>\n<p>Kupnja vi\u0161e od jedne Powerball ulaznice zna\u010di da svaka dodatna ulaznica pru\u017ea ve\u0107e \u0161anse za pogodak dobitnih brojeva. Pazite da brojevi koje birate budu raznoliki jer je raspon velik, pa se nemojte ograni\u010davati na datume ro\u0111enja, koji znatno smanjuju mogu\u0107nosti. Kako biste smanjili tro\u0161ak <a href=\"https:\/\/lottomat.com\/hr\/igrajte\/\">kupnje lutrijskih ulaznica online<\/a>, mo\u017eete pozvati svoje bli\u017enje da igraju, \u0161to jam\u010di pove\u0107ane \u0161anse za dobitak. Tro\u0161kovi ulaznica mogu se podijeliti me\u0111u ve\u0107im brojem ljudi, \u010dine\u0107i ih pristupa\u010dnijima za sve uklju\u010dene. Igrajte kada postoje <a href=\"https:\/\/lottomat.com\/hr\/lutrije\/\">najve\u0107i rollovere na lutriji<\/a>, jer je cijela poanta Powerball-a upravo prilika za dobitak! <strong>Mo\u017eete kupiti dobitnu ulaznicu bilo kada i postati milijuna\u0161!<\/strong><\/p>\n","protected":false},"excerpt":{"rendered":"<p>\u0160to je Powerball lutrija? Krenimo s pravilima ove poznate lutrije, koja su vrlo jednostavna, i zasigurno \u0107ete brzo nau\u010diti kako igrati Powerball online. Igra se sastoji od odabira pet brojeva iz raspona od 1 do 69 i jednog dodatnog broja, nazvanog Power Ball, iz raspona od 1 do 26. Ako igra\u010d pogodi sve dobitne brojeve, [&hellip;]<\/p>\n","protected":false},"author":1,"featured_media":0,"parent":6760,"menu_order":1,"comment_status":"closed","ping_status":"closed","template":"powerball-usa.php","meta":{"_et_pb_use_builder":"","_et_pb_old_content":"","_et_gb_content_width":"","exclude_from_search":false,"footnotes":""},"class_list":["post-8473","page","type-page","status-publish","hentry"],"yoast_head":"<!-- This site is optimized with the Yoast SEO plugin v23.8 - https:\/\/yoast.com\/wordpress\/plugins\/seo\/ -->\n<title>Igraj Powerball Online - Powerball Ulaznice - Lottomat Hrvatska<\/title>\n<meta name=\"description\" content=\"\u017delite li igrati Powerball online lutriju? Nau\u010dite kako igrati Powerball i postanite milijuna\u0161! Kupite Powerball ulaznice online bilo kada!\" \/>\n<meta name=\"robots\" content=\"index, follow, max-snippet:-1, max-image-preview:large, max-video-preview:-1\" \/>\n<link rel=\"canonical\" href=\"https:\/\/lottomat.com\/hr\/igrajte\/powerball\/\" \/>\n<meta property=\"og:locale\" content=\"hr_HR\" \/>\n<meta property=\"og:type\" content=\"article\" \/>\n<meta property=\"og:title\" content=\"Igraj Powerball Online - Powerball Ulaznice - Lottomat Hrvatska\" \/>\n<meta property=\"og:description\" content=\"\u017delite li igrati Powerball online lutriju? Nau\u010dite kako igrati Powerball i postanite milijuna\u0161! Kupite Powerball ulaznice online bilo kada!\" \/>\n<meta property=\"og:url\" content=\"https:\/\/lottomat.com\/hr\/igrajte\/powerball\/\" \/>\n<meta property=\"og:site_name\" content=\"Lottomat\" \/>\n<meta property=\"article:modified_time\" content=\"2025-10-05T15:55:39+00:00\" \/>\n<meta property=\"og:image\" content=\"https:\/\/lottomat.com\/wp-content\/uploads\/2025\/10\/play-Powerball-150x150.webp\" \/>\n<meta name=\"twitter:card\" content=\"summary_large_image\" \/>\n<meta name=\"twitter:label1\" content=\"Procijenjeno vrijeme \u010ditanja\" \/>\n\t<meta name=\"twitter:data1\" content=\"6 minuta\" \/>\n<script type=\"application\/ld+json\" class=\"yoast-schema-graph\">{\"@context\":\"https:\/\/schema.org\",\"@graph\":[{\"@type\":\"WebPage\",\"@id\":\"https:\/\/lottomat.com\/hr\/igrajte\/powerball\/\",\"url\":\"https:\/\/lottomat.com\/hr\/igrajte\/powerball\/\",\"name\":\"Igraj Powerball Online - Powerball Ulaznice - Lottomat Hrvatska\",\"isPartOf\":{\"@id\":\"https:\/\/lottomat.com\/hr\/#website\"},\"primaryImageOfPage\":{\"@id\":\"https:\/\/lottomat.com\/hr\/igrajte\/powerball\/#primaryimage\"},\"image\":{\"@id\":\"https:\/\/lottomat.com\/hr\/igrajte\/powerball\/#primaryimage\"},\"thumbnailUrl\":\"https:\/\/lottomat.com\/wp-content\/uploads\/2025\/10\/play-Powerball-150x150.webp\",\"datePublished\":\"2025-03-26T07:52:23+00:00\",\"dateModified\":\"2025-10-05T15:55:39+00:00\",\"description\":\"\u017delite li igrati Powerball online lutriju? Nau\u010dite kako igrati Powerball i postanite milijuna\u0161! Kupite Powerball ulaznice online bilo kada!\",\"breadcrumb\":{\"@id\":\"https:\/\/lottomat.com\/hr\/igrajte\/powerball\/#breadcrumb\"},\"inLanguage\":\"hr\",\"potentialAction\":[{\"@type\":\"ReadAction\",\"target\":[\"https:\/\/lottomat.com\/hr\/igrajte\/powerball\/\"]}]},{\"@type\":\"ImageObject\",\"inLanguage\":\"hr\",\"@id\":\"https:\/\/lottomat.com\/hr\/igrajte\/powerball\/#primaryimage\",\"url\":\"https:\/\/lottomat.com\/wp-content\/uploads\/2025\/10\/play-Powerball-150x150.webp\",\"contentUrl\":\"https:\/\/lottomat.com\/wp-content\/uploads\/2025\/10\/play-Powerball-150x150.webp\"},{\"@type\":\"BreadcrumbList\",\"@id\":\"https:\/\/lottomat.com\/hr\/igrajte\/powerball\/#breadcrumb\",\"itemListElement\":[{\"@type\":\"ListItem\",\"position\":1,\"name\":\"Home\",\"item\":\"https:\/\/lottomat.com\/hr\/\"},{\"@type\":\"ListItem\",\"position\":2,\"name\":\"Igraj Loto\",\"item\":\"https:\/\/lottomat.com\/hr\/igrajte\/\"},{\"@type\":\"ListItem\",\"position\":3,\"name\":\"Igraj Powerball Online &#8211; Powerball Ulaznice\"}]},{\"@type\":\"WebSite\",\"@id\":\"https:\/\/lottomat.com\/hr\/#website\",\"url\":\"https:\/\/lottomat.com\/hr\/\",\"name\":\"Lottomat\",\"description\":\"\",\"potentialAction\":[{\"@type\":\"SearchAction\",\"target\":{\"@type\":\"EntryPoint\",\"urlTemplate\":\"https:\/\/lottomat.com\/hr\/?s={search_term_string}\"},\"query-input\":{\"@type\":\"PropertyValueSpecification\",\"valueRequired\":true,\"valueName\":\"search_term_string\"}}],\"inLanguage\":\"hr\"}]}<\/script>\n<!-- \/ Yoast SEO plugin. -->","yoast_head_json":{"title":"Igraj Powerball Online - Powerball Ulaznice - Lottomat Hrvatska","description":"\u017delite li igrati Powerball online lutriju? Nau\u010dite kako igrati Powerball i postanite milijuna\u0161! Kupite Powerball ulaznice online bilo kada!","robots":{"index":"index","follow":"follow","max-snippet":"max-snippet:-1","max-image-preview":"max-image-preview:large","max-video-preview":"max-video-preview:-1"},"canonical":"https:\/\/lottomat.com\/hr\/igrajte\/powerball\/","og_locale":"hr_HR","og_type":"article","og_title":"Igraj Powerball Online - Powerball Ulaznice - Lottomat Hrvatska","og_description":"\u017delite li igrati Powerball online lutriju? Nau\u010dite kako igrati Powerball i postanite milijuna\u0161! Kupite Powerball ulaznice online bilo kada!","og_url":"https:\/\/lottomat.com\/hr\/igrajte\/powerball\/","og_site_name":"Lottomat","article_modified_time":"2025-10-05T15:55:39+00:00","og_image":[{"url":"https:\/\/lottomat.com\/wp-content\/uploads\/2025\/10\/play-Powerball-150x150.webp"}],"twitter_card":"summary_large_image","twitter_misc":{"Procijenjeno vrijeme \u010ditanja":"6 minuta"},"schema":{"@context":"https:\/\/schema.org","@graph":[{"@type":"WebPage","@id":"https:\/\/lottomat.com\/hr\/igrajte\/powerball\/","url":"https:\/\/lottomat.com\/hr\/igrajte\/powerball\/","name":"Igraj Powerball Online - Powerball Ulaznice - Lottomat Hrvatska","isPartOf":{"@id":"https:\/\/lottomat.com\/hr\/#website"},"primaryImageOfPage":{"@id":"https:\/\/lottomat.com\/hr\/igrajte\/powerball\/#primaryimage"},"image":{"@id":"https:\/\/lottomat.com\/hr\/igrajte\/powerball\/#primaryimage"},"thumbnailUrl":"https:\/\/lottomat.com\/wp-content\/uploads\/2025\/10\/play-Powerball-150x150.webp","datePublished":"2025-03-26T07:52:23+00:00","dateModified":"2025-10-05T15:55:39+00:00","description":"\u017delite li igrati Powerball online lutriju? Nau\u010dite kako igrati Powerball i postanite milijuna\u0161! Kupite Powerball ulaznice online bilo kada!","breadcrumb":{"@id":"https:\/\/lottomat.com\/hr\/igrajte\/powerball\/#breadcrumb"},"inLanguage":"hr","potentialAction":[{"@type":"ReadAction","target":["https:\/\/lottomat.com\/hr\/igrajte\/powerball\/"]}]},{"@type":"ImageObject","inLanguage":"hr","@id":"https:\/\/lottomat.com\/hr\/igrajte\/powerball\/#primaryimage","url":"https:\/\/lottomat.com\/wp-content\/uploads\/2025\/10\/play-Powerball-150x150.webp","contentUrl":"https:\/\/lottomat.com\/wp-content\/uploads\/2025\/10\/play-Powerball-150x150.webp"},{"@type":"BreadcrumbList","@id":"https:\/\/lottomat.com\/hr\/igrajte\/powerball\/#breadcrumb","itemListElement":[{"@type":"ListItem","position":1,"name":"Home","item":"https:\/\/lottomat.com\/hr\/"},{"@type":"ListItem","position":2,"name":"Igraj Loto","item":"https:\/\/lottomat.com\/hr\/igrajte\/"},{"@type":"ListItem","position":3,"name":"Igraj Powerball Online &#8211; Powerball Ulaznice"}]},{"@type":"WebSite","@id":"https:\/\/lottomat.com\/hr\/#website","url":"https:\/\/lottomat.com\/hr\/","name":"Lottomat","description":"","potentialAction":[{"@type":"SearchAction","target":{"@type":"EntryPoint","urlTemplate":"https:\/\/lottomat.com\/hr\/?s={search_term_string}"},"query-input":{"@type":"PropertyValueSpecification","valueRequired":true,"valueName":"search_term_string"}}],"inLanguage":"hr"}]}},"_links":{"self":[{"href":"https:\/\/lottomat.com\/hr\/wp-json\/wp\/v2\/pages\/8473","targetHints":{"allow":["GET"]}}],"collection":[{"href":"https:\/\/lottomat.com\/hr\/wp-json\/wp\/v2\/pages"}],"about":[{"href":"https:\/\/lottomat.com\/hr\/wp-json\/wp\/v2\/types\/page"}],"author":[{"embeddable":true,"href":"https:\/\/lottomat.com\/hr\/wp-json\/wp\/v2\/users\/1"}],"replies":[{"embeddable":true,"href":"https:\/\/lottomat.com\/hr\/wp-json\/wp\/v2\/comments?post=8473"}],"version-history":[{"count":2,"href":"https:\/\/lottomat.com\/hr\/wp-json\/wp\/v2\/pages\/8473\/revisions"}],"predecessor-version":[{"id":253046,"href":"https:\/\/lottomat.com\/hr\/wp-json\/wp\/v2\/pages\/8473\/revisions\/253046"}],"up":[{"embeddable":true,"href":"https:\/\/lottomat.com\/hr\/wp-json\/wp\/v2\/pages\/6760"}],"wp:attachment":[{"href":"https:\/\/lottomat.com\/hr\/wp-json\/wp\/v2\/media?parent=8473"}],"curies":[{"name":"wp","href":"https:\/\/api.w.org\/{rel}","templated":true}]}}