{"id":8429,"date":"2025-03-26T09:57:55","date_gmt":"2025-03-26T09:57:55","guid":{"rendered":"https:\/\/lottomat.net\/igrajte-lutriju\/igrajte-set-for-life-online\/"},"modified":"2026-01-11T18:25:25","modified_gmt":"2026-01-11T18:25:25","slug":"set-for-life","status":"publish","type":"page","link":"https:\/\/lottomat.com\/hr\/igrajte\/set-for-life\/","title":{"rendered":"Igraj Set for Life online \u2013 Set For Life UK ulaznice"},"content":{"rendered":"\n\n<div class=\"kk-star-ratings kksr-auto kksr-align-left kksr-valign-top\"\n    data-payload='{&quot;align&quot;:&quot;left&quot;,&quot;id&quot;:&quot;8429&quot;,&quot;slug&quot;:&quot;default&quot;,&quot;valign&quot;:&quot;top&quot;,&quot;ignore&quot;:&quot;&quot;,&quot;reference&quot;:&quot;auto&quot;,&quot;class&quot;:&quot;&quot;,&quot;count&quot;:&quot;0&quot;,&quot;legendonly&quot;:&quot;&quot;,&quot;readonly&quot;:&quot;&quot;,&quot;score&quot;:&quot;0&quot;,&quot;starsonly&quot;:&quot;&quot;,&quot;best&quot;:&quot;5&quot;,&quot;gap&quot;:&quot;5&quot;,&quot;greet&quot;:&quot;Rate this page&quot;,&quot;legend&quot;:&quot;0\\\/5 - (0 votes)&quot;,&quot;size&quot;:&quot;30&quot;,&quot;title&quot;:&quot;Igraj Set for Life online \u2013 Set For Life UK ulaznice&quot;,&quot;width&quot;:&quot;0&quot;,&quot;_legend&quot;:&quot;{score}\\\/{best} - ({count} {votes})&quot;,&quot;font_factor&quot;:&quot;1.25&quot;}'>\n            \n<div class=\"kksr-stars\">\n    \n<div class=\"kksr-stars-inactive\">\n            <div class=\"kksr-star\" data-star=\"1\" style=\"padding-right: 5px\">\n            \n\n<div class=\"kksr-icon\" style=\"width: 30px; height: 30px;\"><\/div>\n        <\/div>\n            <div class=\"kksr-star\" data-star=\"2\" style=\"padding-right: 5px\">\n            \n\n<div class=\"kksr-icon\" style=\"width: 30px; height: 30px;\"><\/div>\n        <\/div>\n            <div class=\"kksr-star\" data-star=\"3\" style=\"padding-right: 5px\">\n            \n\n<div class=\"kksr-icon\" style=\"width: 30px; height: 30px;\"><\/div>\n        <\/div>\n            <div class=\"kksr-star\" data-star=\"4\" style=\"padding-right: 5px\">\n            \n\n<div class=\"kksr-icon\" style=\"width: 30px; height: 30px;\"><\/div>\n        <\/div>\n            <div class=\"kksr-star\" data-star=\"5\" style=\"padding-right: 5px\">\n            \n\n<div class=\"kksr-icon\" style=\"width: 30px; height: 30px;\"><\/div>\n        <\/div>\n    <\/div>\n    \n<div class=\"kksr-stars-active\" style=\"width: 0px;\">\n            <div class=\"kksr-star\" style=\"padding-right: 5px\">\n            \n\n<div class=\"kksr-icon\" style=\"width: 30px; height: 30px;\"><\/div>\n        <\/div>\n            <div class=\"kksr-star\" style=\"padding-right: 5px\">\n            \n\n<div class=\"kksr-icon\" style=\"width: 30px; height: 30px;\"><\/div>\n        <\/div>\n            <div class=\"kksr-star\" style=\"padding-right: 5px\">\n            \n\n<div class=\"kksr-icon\" style=\"width: 30px; height: 30px;\"><\/div>\n        <\/div>\n            <div class=\"kksr-star\" style=\"padding-right: 5px\">\n            \n\n<div class=\"kksr-icon\" style=\"width: 30px; height: 30px;\"><\/div>\n        <\/div>\n            <div class=\"kksr-star\" style=\"padding-right: 5px\">\n            \n\n<div class=\"kksr-icon\" style=\"width: 30px; height: 30px;\"><\/div>\n        <\/div>\n    <\/div>\n<\/div>\n                \n\n<div class=\"kksr-legend\" style=\"font-size: 24px;\">\n            <span class=\"kksr-muted\">Rate this page<\/span>\n    <\/div>\n    <\/div>\n<h2>\u0160to je Set For Life UK?<\/h2>\n<p>Set For Life UK je jedinstvena lutrijska igra kojom upravlja National Lottery, pokrenuta u o\u017eujku 2019. Za razliku od tradicionalnih lutrija koje nude jednokratne isplate, Set For Life osigurava zajam\u010dene mjese\u010dne isplate tijekom dugog razdoblja. Set For Life mo\u017eete igrati online i offline.<img loading=\"lazy\" decoding=\"async\" class=\"alignright wp-image-265638\" src=\"https:\/\/lottomat.com\/wp-content\/uploads\/2026\/01\/buy-Set-For-Life-ticket.webp\" alt=\"kupi Set For Life ulaznicu\" width=\"200\" height=\"200\" srcset=\"https:\/\/lottomat.com\/wp-content\/uploads\/2026\/01\/buy-Set-For-Life-ticket.webp 400w, https:\/\/lottomat.com\/wp-content\/uploads\/2026\/01\/buy-Set-For-Life-ticket-300x300.webp 300w, https:\/\/lottomat.com\/wp-content\/uploads\/2026\/01\/buy-Set-For-Life-ticket-150x150.webp 150w, https:\/\/lottomat.com\/wp-content\/uploads\/2026\/01\/buy-Set-For-Life-ticket-100x100.webp 100w\" sizes=\"auto, (max-width: 200px) 100vw, 200px\" \/><\/p>\n<p>Igra\u010di biraju <strong>pet glavnih brojeva od 1 do 47<\/strong> te <strong>jedan Life Ball broj od 1 do 10<\/strong>. Izvla\u010denja se odr\u017eavaju dva puta tjedno, ponedjeljkom i \u010detvrtkom nave\u010der oko 20:00 sati. Glavna nagrada donosi <strong>10.000 \u00a3 svakog mjeseca tijekom 30 godina<\/strong> \u2013 ukupno 3,6 milijuna \u00a3. Druga nagrada nudi 10.000 \u00a3 mjese\u010dno tijekom jedne godine.<\/p>\n<p>Glavna nagrada se ne prenosi ako nije osvojena; uvijek ostaje ista \u2013 10.000 \u00a3 mjese\u010dno tijekom 30 godina. Ako vi\u0161e igra\u010da osvoji jackpot, svaki dobitnik pojedina\u010dno prima puni mjese\u010dni iznos od 10.000 \u00a3 \u2013 nagrada se ne dijeli. Ukupne \u0161anse za osvajanje bilo koje nagrade iznose <strong>1 prema 12,4<\/strong>. \u0160anse za osvajanje glavne nagrade su <strong>1 prema 15.339.390<\/strong>.<\/p>\n<h2>Kako kupiti Set For Life UK ulaznice?<\/h2>\n<p>Za igra\u010de u Ujedinjenom Kraljevstvu kupnja Set For Life ulaznica jednostavna je u pribli\u017eno 45.000 ovla\u0161tenih prodajnih mjesta National Lotteryja. Svaka linija ko\u0161ta <strong>1,50 \u00a3<\/strong>, a po listi\u0107u mo\u017eete odigrati do sedam linija. Mo\u017eete odabrati vlastite brojeve ili se odlu\u010diti za Lucky Dip za nasumi\u010dni odabir. Nadalje, ulaznice se moraju kupiti prije 19:30 sati na dane izvla\u010denja (ponedjeljak i \u010detvrtak). Ulaznice je mogu\u0107e kupiti unaprijed za do \u010detiri tjedna.<\/p>\n<h2>Kako kupiti Set For Life UK ulaznice online?<\/h2>\n<p>Me\u0111unarodni igra\u010di i oni izvan Ujedinjenog Kraljevstva mogu sudjelovati putem licenciranih lutrijskih kurirskih usluga poput <strong>Lottomat<\/strong>. Ove platforme zapo\u0161ljavaju lokalne agente u UK-u koji fizi\u010dki posje\u0107uju ovla\u0161tena prodajna mjesta kako bi u va\u0161e ime <a href=\"https:\/\/lottomat.com\/hr\/igrajte\/\">kupili slu\u017ebene lutrijske ulaznice<\/a>.<\/p>\n<p><img loading=\"lazy\" decoding=\"async\" class=\"alignleft wp-image-265669\" src=\"https:\/\/lottomat.com\/wp-content\/uploads\/2026\/01\/play-Set-For-Life.webp\" alt=\"igraj Set For Life\" width=\"200\" height=\"200\" srcset=\"https:\/\/lottomat.com\/wp-content\/uploads\/2026\/01\/play-Set-For-Life.webp 400w, https:\/\/lottomat.com\/wp-content\/uploads\/2026\/01\/play-Set-For-Life-300x300.webp 300w, https:\/\/lottomat.com\/wp-content\/uploads\/2026\/01\/play-Set-For-Life-150x150.webp 150w, https:\/\/lottomat.com\/wp-content\/uploads\/2026\/01\/play-Set-For-Life-100x100.webp 100w\" sizes=\"auto, (max-width: 200px) 100vw, 200px\" \/>Kada naru\u010dite putem Lottomata, birate svojih pet glavnih brojeva (1\u201347) i jedan Life Ball (1\u201310) ili se odlu\u010dujete za Brzi odabir. Nakon sigurne uplate, Lottomatovi agenti kupuju va\u0161e slu\u017ebene ulaznice prije roka za izvla\u010denje. Zatim se svaka ulaznica digitalno skenira i u\u010ditava na va\u0161 sigurni ra\u010dun, pru\u017eaju\u0107i provjerljiv dokaz. Fizi\u010dke ulaznice ostaju sigurno pohranjene, za\u0161ti\u0107ene od gubitka ili o\u0161te\u0107enja.<\/p>\n<p>Ovaj online pristup omogu\u0107uje igra\u010dima iz Europe, Azije, Australije i \u0161ire da se natje\u010du za iste \u017eivotno mijenjaju\u0107e mjese\u010dne isplate kao i stanovnici UK-a.<\/p>\n<h2>Kolika je cijena Set For Life UK ulaznice?<\/h2>\n<p>Slu\u017ebene Set For Life ulaznice ko\u0161taju 1,50 \u00a3 po liniji na prodajnim mjestima u UK-u. Kada igrate putem <a href=\"https:\/\/lottomat.com\/hr\/\">Lottomat platforme<\/a>, cijena uklju\u010duje slu\u017ebenu cijenu ulaznice plus naknade za uslugu. Jednostavno <strong>dodajte broj linija koje vas zanimaju u ko\u0161aricu<\/strong>, a Lottomatov obrazac za narud\u017ebu prikazat \u0107e ukupan iznos prije kupnje. Ova transparentna cijena uklju\u010duje cijenu ulaznice, naknade za uslugu, usluge skeniranja, automatsku provjeru rezultata i pomo\u0107 pri isplati dobitaka.<\/p>\n<h2>Kako igrati Set For Life UK online?<\/h2>\n<p>Igranje putem Lottomata je jednostavno. Najprije kreirajte ra\u010dun s osnovnim podacima i potvrdom dobi. Zatim idite u odjeljak Set For Life UK i odaberite svojih pet glavnih brojeva (1\u201347) i jedan Life Ball (1\u201310) ili koristite Brzi odabir za nasumi\u010dan izbor. Nakon toga odaberite izvla\u010denja u kojima \u017eelite sudjelovati \u2013 ponedjeljak, \u010detvrtak ili oba \u2013 te koliko uzastopnih tjedana \u017eelite igrati.<\/p>\n<p>Nakon potvrde uplate, Lottomatovi agenti kupuju va\u0161e slu\u017ebene ulaznice prije roka. Potom se skenirane ulaznice u\u010ditavaju na va\u0161 ra\u010dun unutar nekoliko sati, pru\u017eaju\u0107i digitalni dokaz. Nakon svakog izvla\u010denja Lottomat automatski provjerava ulaznice i obavje\u0161tava vas o eventualnim dobitcima. Manji dobitci se pripisuju va\u0161em ra\u010dunu, dok se za ve\u0107e dobitke pru\u017ea pomo\u0107 pri isplati.<\/p>\n<h2>Mogu li kupiti vi\u0161e Set For Life UK ulaznica online?<\/h2>\n<p>Da, Lottomat omogu\u0107uje kupnju <strong>do 20 linija u jednoj narud\u017ebi<\/strong>. To odgovara razli\u010ditim stilovima igranja \u2013 povremeni igra\u010di mogu kupiti jednu ili dvije linije, dok ozbiljni entuzijasti mogu iskoristiti maksimalno ograni\u010denje od 20 linija za 20 prilika za dobitak. Osim toga, opcija s vi\u0161e linija omogu\u0107uje istodobno testiranje razli\u010ditih strategija i pogodna je za lutrijske poolove ili sindikate. Kupnja vi\u0161e linija u jednoj narud\u017ebi u\u010dinkovitija je, s objednjenom<img loading=\"lazy\" decoding=\"async\" class=\"alignright wp-image-265700\" src=\"https:\/\/lottomat.com\/wp-content\/uploads\/2026\/01\/Set-For-Life-online.webp\" alt=\"Set For Life online\" width=\"200\" height=\"200\" srcset=\"https:\/\/lottomat.com\/wp-content\/uploads\/2026\/01\/Set-For-Life-online.webp 400w, https:\/\/lottomat.com\/wp-content\/uploads\/2026\/01\/Set-For-Life-online-300x300.webp 300w, https:\/\/lottomat.com\/wp-content\/uploads\/2026\/01\/Set-For-Life-online-150x150.webp 150w, https:\/\/lottomat.com\/wp-content\/uploads\/2026\/01\/Set-For-Life-online-100x100.webp 100w\" sizes=\"auto, (max-width: 200px) 100vw, 200px\" \/> potvrdom i svim ulaznicama organiziranima na jednom mjestu.<\/p>\n<h2>Mogu li kupiti Set For Life UK ulaznice online za vi\u0161e izvla\u010denja?<\/h2>\n<p>Apsolutno. Lottomat omogu\u0107uje kupnju ulaznica za <strong>do osam uzastopnih izvla\u010denja<\/strong>. S obzirom na dva izvla\u010denja tjedno, osam uzastopnih izvla\u010denja pokriva puna \u010detiri tjedna. Ovo je idealno za zauzete rasporede ili kontinuiranu igru bez ponovnog prijavljivanja. Na primjer, mo\u017eete kupiti 20 linija za osam uzastopnih izvla\u010denja u jednoj transakciji, sudjeluju\u0107i u ukupno 16 izvla\u010denja s 20 kombinacija u svakom. Nadalje, ova kupnja unaprijed funkcionira poput pretplate bez automatskog obnavljanja \u2013 nakon osam izvla\u010denja sami odlu\u010dujete ho\u0107ete li ponovno kupiti.<\/p>\n<h2>Kako provjeriti Set For Life UK rezultate online?<\/h2>\n<p><a href=\"https:\/\/lottomat.com\/hr\/rezultati\/\">Provjera lutrijskih rezultata<\/a> putem Lottomata je jednostavna zahvaljuju\u0107i vi\u0161e dostupnih metoda. Sustav automatskih obavijesti uspore\u0111uje va\u0161e ulaznice sa slu\u017ebenim rezultatima nakon svakog izvla\u010denja i \u0161alje vam e-mail obavijesti o eventualnim dobitcima. Tako\u0111er mo\u017eete <a href=\"https:\/\/lottomat.com\/hr\/rezultati\/set-for-life\/\">provjeriti Set For Life UK rezultate<\/a> izravno na svom Lottomat ra\u010dunu, gdje je status ulaznica jasno prikazan. Platforma \u010duva opse\u017enu povijest izvla\u010denja za pregled pro\u0161lih rezultata.<\/p>\n<p>Za provjeru u stvarnom vremenu, web-stranica National Lotteryja objavljuje dobitne brojeve ubrzo nakon svakog izvla\u010denja u 20:00 sati, a izvla\u010denja se prenose u\u017eivo na web-stranici National Lotteryja i YouTube kanalu.<\/p>\n<h2>Skenira li LottoMat Set For Life UK ulaznice online?<\/h2>\n<p><img loading=\"lazy\" decoding=\"async\" class=\"alignleft wp-image-265730\" src=\"https:\/\/lottomat.com\/wp-content\/uploads\/2026\/01\/Set-For-Life-tickets.webp\" alt=\"Set For Life ulaznice\" width=\"200\" height=\"200\" srcset=\"https:\/\/lottomat.com\/wp-content\/uploads\/2026\/01\/Set-For-Life-tickets.webp 400w, https:\/\/lottomat.com\/wp-content\/uploads\/2026\/01\/Set-For-Life-tickets-300x300.webp 300w, https:\/\/lottomat.com\/wp-content\/uploads\/2026\/01\/Set-For-Life-tickets-150x150.webp 150w, https:\/\/lottomat.com\/wp-content\/uploads\/2026\/01\/Set-For-Life-tickets-100x100.webp 100w\" sizes=\"auto, (max-width: 200px) 100vw, 200px\" \/>Da, Lottomat skenira i digitalno pohranjuje svaku slu\u017ebenu Set For Life UK ulaznicu. Ubrzo nakon \u0161to agenti kupe va\u0161e ulaznice, svaka se digitalno skenira pomo\u0107u visokokvalitetne opreme, bilje\u017ee\u0107i sve klju\u010dne informacije. Ove se snimke u\u010ditavaju na va\u0161 sigurni ra\u010dun, obi\u010dno unutar nekoliko sati i uvijek prije izvla\u010denja.<\/p>\n<p>Mo\u017eete pregledati jasne slike svake ulaznice, \u0161to pru\u017ea provjerljiv dokaz. Konkretno, skenirane ulaznice daju trenuta\u010dnu potvrdu uspje\u0161ne obrade narud\u017ebe, slu\u017ee kao digitalna sigurnosna kopija i omogu\u0107uju provjeru da su brojevi ispravno zabilje\u017eeni. U me\u0111uvremenu, fizi\u010dke ulaznice se sigurno pohranjuju, za\u0161ti\u0107ene od gubitka ili o\u0161te\u0107enja. Za isplatu dobitaka, posjedovanje i fizi\u010dkih ulaznica i digitalnih skenova izuzetno je vrijedno.<\/p>\n<h2>Koji su najbolji online savjeti za Set For Life UK?<\/h2>\n<p>Maksimiziranje va\u0161eg Set For Life UK iskustva uklju\u010duje pametne strategije:<\/p>\n<ul class=\"list\">\n<li><strong>Razumijte izglede<\/strong>: \u0160anse za glavnu nagradu su 1 prema 15.339.390, dok ukupne \u0161anse za osvajanje bilo koje nagrade iznose 1 prema 12,4. Razumijevanje ovih izgleda poma\u017ee postaviti realna o\u010dekivanja i odgovorno upravljati bud\u017eetom.<\/li>\n<li><strong>Igrajte odgovorno<\/strong>: Nikada ne tro\u0161ite vi\u0161e nego \u0161to si mo\u017eete priu\u0161titi izgubiti. Postavite stroga ograni\u010denja bud\u017eeta i lutriju shvatite kao zabavu, a ne kao ulaganje.<\/li>\n<li><strong>Koristite igru unaprijed<\/strong>: Kupujte ulaznice za do osam uzastopnih izvla\u010denja kako nikada ne biste propustili izvla\u010denje. Dosljedno sudjelovanje zna\u010di da ste uvijek u igri.<\/li>\n<li><strong>Uravnote\u017eite ru\u010dni odabir i Brzi odabir<\/strong>: Kombinirajte osobne sretne brojeve s nasumi\u010dnim Brzi odabir kombinacijama radi raznolikosti strategije.<\/li>\n<li><strong>Obratite pozornost na Life Ball<\/strong>: Izvla\u010di se iz samo 10 brojeva (1\u201310), a Life Ball je klju\u010dan za prve dvije nagrade. Mo\u017ee biti isti kao i glavni broj.<\/li>\n<li><strong>Iskoristite vi\u0161e linija<\/strong>: Igranje do 20 linija po izvla\u010denju proporcionalno pove\u0107ava va\u0161e \u0161anse. Imati 20 razli\u010ditih kombinacija zna\u010di 20 prilika za pogodak dobitnih brojeva.<\/li>\n<li><strong><img loading=\"lazy\" decoding=\"async\" class=\"alignright wp-image-265761\" style=\"font-weight: 500;\" src=\"https:\/\/lottomat.com\/wp-content\/uploads\/2026\/01\/Set-For-Life-UK-online.webp\" alt=\"Set For Life UK online\" width=\"200\" height=\"200\" srcset=\"https:\/\/lottomat.com\/wp-content\/uploads\/2026\/01\/Set-For-Life-UK-online.webp 400w, https:\/\/lottomat.com\/wp-content\/uploads\/2026\/01\/Set-For-Life-UK-online-300x300.webp 300w, https:\/\/lottomat.com\/wp-content\/uploads\/2026\/01\/Set-For-Life-UK-online-150x150.webp 150w, https:\/\/lottomat.com\/wp-content\/uploads\/2026\/01\/Set-For-Life-UK-online-100x100.webp 100w\" sizes=\"auto, (max-width: 200px) 100vw, 200px\" \/>Pridru\u017eite se lutrijskim poolovima<\/strong>: Igranje u sindikatu omogu\u0107uje kupnju vi\u0161e linija uz dijeljenje tro\u0161kova, zna\u010dajno pove\u0107avaju\u0107i \u0161anse grupe uz prihvatljive individualne tro\u0161kove.<\/li>\n<li><strong>Odmah provjerite ulaznice<\/strong>: Pregledajte skenirane ulaznice \u010dim se pojave na va\u0161em ra\u010dunu kako biste potvrdili da su brojevi ispravno zabilje\u017eeni.<\/li>\n<li><strong>Razumijte strukturu rente<\/strong>: Jackpot donosi 10.000 \u00a3 mjese\u010dno tijekom 30 godina (ukupno 3,6 milijuna \u00a3), dok druga nagrada nudi 10.000 \u00a3 mjese\u010dno tijekom jedne godine. To su prave rentne nagrade sa zajam\u010denim isplatama.<\/li>\n<li><strong>Budite informirani<\/strong>: Izvla\u010denja se odr\u017eavaju svakog ponedjeljka i \u010detvrtka u 20:00 sati, a prodaja se zatvara u 19:30. Poznavanje rasporeda poma\u017ee u planiranju sudjelovanja.<\/li>\n<\/ul>\n<p>Primjenom ovih strategija uz kori\u0161tenje Lottomat platforme optimizirate svoje Set For Life UK iskustvo. Iako nijedna strategija ne jam\u010di uspjeh, informirano igranje pove\u0107ava u\u017eitak i poma\u017ee odgovorno upravljati bud\u017eetom.<\/p>\n<p><strong>Jeste li spremni igrati Set For Life UK online? Pridru\u017eite se zabavi ve\u0107 sada!<\/strong><\/p>\n","protected":false},"excerpt":{"rendered":"<p>\u0160to je Set For Life UK? Set For Life UK je jedinstvena lutrijska igra kojom upravlja National Lottery, pokrenuta u o\u017eujku 2019. Za razliku od tradicionalnih lutrija koje nude jednokratne isplate, Set For Life osigurava zajam\u010dene mjese\u010dne isplate tijekom dugog razdoblja. Set For Life mo\u017eete igrati online i offline. Igra\u010di biraju pet glavnih brojeva od [&hellip;]<\/p>\n","protected":false},"author":1,"featured_media":0,"parent":6760,"menu_order":15,"comment_status":"closed","ping_status":"closed","template":"set-for-life.php","meta":{"_et_pb_use_builder":"","_et_pb_old_content":"","_et_gb_content_width":"","exclude_from_search":false,"footnotes":""},"class_list":["post-8429","page","type-page","status-publish","hentry"],"yoast_head":"<!-- This site is optimized with the Yoast SEO plugin v23.8 - https:\/\/yoast.com\/wordpress\/plugins\/seo\/ -->\n<title>Set for Life online - Kupite Set For Life UK ulaznice - LottoMat Hrvatska<\/title>\n<meta name=\"description\" content=\"Igrajte Set for Life online ve\u0107 danas i pobijedite sutra! Ovdje mo\u017eete kupiti Set for Life lutrijske ulaznice online i igrati za iznimne dobitke.\" \/>\n<meta name=\"robots\" content=\"index, follow, max-snippet:-1, max-image-preview:large, max-video-preview:-1\" \/>\n<link rel=\"canonical\" href=\"https:\/\/lottomat.com\/hr\/igrajte\/set-for-life\/\" \/>\n<meta property=\"og:locale\" content=\"hr_HR\" \/>\n<meta property=\"og:type\" content=\"article\" \/>\n<meta property=\"og:title\" content=\"Set for Life online - Kupite Set For Life UK ulaznice - LottoMat Hrvatska\" \/>\n<meta property=\"og:description\" content=\"Igrajte Set for Life online ve\u0107 danas i pobijedite sutra! Ovdje mo\u017eete kupiti Set for Life lutrijske ulaznice online i igrati za iznimne dobitke.\" \/>\n<meta property=\"og:url\" content=\"https:\/\/lottomat.com\/hr\/igrajte\/set-for-life\/\" \/>\n<meta property=\"og:site_name\" content=\"Lottomat\" \/>\n<meta property=\"article:modified_time\" content=\"2026-01-11T18:25:25+00:00\" \/>\n<meta property=\"og:image\" content=\"https:\/\/lottomat.com\/wp-content\/uploads\/2026\/01\/buy-Set-For-Life-ticket.webp\" \/>\n<meta name=\"twitter:card\" content=\"summary_large_image\" \/>\n<meta name=\"twitter:label1\" content=\"Procijenjeno vrijeme \u010ditanja\" \/>\n\t<meta name=\"twitter:data1\" content=\"7 minuta\" \/>\n<script type=\"application\/ld+json\" class=\"yoast-schema-graph\">{\"@context\":\"https:\/\/schema.org\",\"@graph\":[{\"@type\":\"WebPage\",\"@id\":\"https:\/\/lottomat.com\/hr\/igrajte\/set-for-life\/\",\"url\":\"https:\/\/lottomat.com\/hr\/igrajte\/set-for-life\/\",\"name\":\"Set for Life online - Kupite Set For Life UK ulaznice - LottoMat Hrvatska\",\"isPartOf\":{\"@id\":\"https:\/\/lottomat.com\/hr\/#website\"},\"primaryImageOfPage\":{\"@id\":\"https:\/\/lottomat.com\/hr\/igrajte\/set-for-life\/#primaryimage\"},\"image\":{\"@id\":\"https:\/\/lottomat.com\/hr\/igrajte\/set-for-life\/#primaryimage\"},\"thumbnailUrl\":\"https:\/\/lottomat.com\/wp-content\/uploads\/2026\/01\/buy-Set-For-Life-ticket.webp\",\"datePublished\":\"2025-03-26T09:57:55+00:00\",\"dateModified\":\"2026-01-11T18:25:25+00:00\",\"description\":\"Igrajte Set for Life online ve\u0107 danas i pobijedite sutra! Ovdje mo\u017eete kupiti Set for Life lutrijske ulaznice online i igrati za iznimne dobitke.\",\"breadcrumb\":{\"@id\":\"https:\/\/lottomat.com\/hr\/igrajte\/set-for-life\/#breadcrumb\"},\"inLanguage\":\"hr\",\"potentialAction\":[{\"@type\":\"ReadAction\",\"target\":[\"https:\/\/lottomat.com\/hr\/igrajte\/set-for-life\/\"]}]},{\"@type\":\"ImageObject\",\"inLanguage\":\"hr\",\"@id\":\"https:\/\/lottomat.com\/hr\/igrajte\/set-for-life\/#primaryimage\",\"url\":\"https:\/\/lottomat.com\/wp-content\/uploads\/2026\/01\/buy-Set-For-Life-ticket.webp\",\"contentUrl\":\"https:\/\/lottomat.com\/wp-content\/uploads\/2026\/01\/buy-Set-For-Life-ticket.webp\"},{\"@type\":\"BreadcrumbList\",\"@id\":\"https:\/\/lottomat.com\/hr\/igrajte\/set-for-life\/#breadcrumb\",\"itemListElement\":[{\"@type\":\"ListItem\",\"position\":1,\"name\":\"Home\",\"item\":\"https:\/\/lottomat.com\/hr\/\"},{\"@type\":\"ListItem\",\"position\":2,\"name\":\"Igraj Loto\",\"item\":\"https:\/\/lottomat.com\/hr\/igrajte\/\"},{\"@type\":\"ListItem\",\"position\":3,\"name\":\"Igraj Set for Life online \u2013 Set For Life UK ulaznice\"}]},{\"@type\":\"WebSite\",\"@id\":\"https:\/\/lottomat.com\/hr\/#website\",\"url\":\"https:\/\/lottomat.com\/hr\/\",\"name\":\"Lottomat\",\"description\":\"\",\"potentialAction\":[{\"@type\":\"SearchAction\",\"target\":{\"@type\":\"EntryPoint\",\"urlTemplate\":\"https:\/\/lottomat.com\/hr\/?s={search_term_string}\"},\"query-input\":{\"@type\":\"PropertyValueSpecification\",\"valueRequired\":true,\"valueName\":\"search_term_string\"}}],\"inLanguage\":\"hr\"}]}<\/script>\n<!-- \/ Yoast SEO plugin. -->","yoast_head_json":{"title":"Set for Life online - Kupite Set For Life UK ulaznice - LottoMat Hrvatska","description":"Igrajte Set for Life online ve\u0107 danas i pobijedite sutra! Ovdje mo\u017eete kupiti Set for Life lutrijske ulaznice online i igrati za iznimne dobitke.","robots":{"index":"index","follow":"follow","max-snippet":"max-snippet:-1","max-image-preview":"max-image-preview:large","max-video-preview":"max-video-preview:-1"},"canonical":"https:\/\/lottomat.com\/hr\/igrajte\/set-for-life\/","og_locale":"hr_HR","og_type":"article","og_title":"Set for Life online - Kupite Set For Life UK ulaznice - LottoMat Hrvatska","og_description":"Igrajte Set for Life online ve\u0107 danas i pobijedite sutra! Ovdje mo\u017eete kupiti Set for Life lutrijske ulaznice online i igrati za iznimne dobitke.","og_url":"https:\/\/lottomat.com\/hr\/igrajte\/set-for-life\/","og_site_name":"Lottomat","article_modified_time":"2026-01-11T18:25:25+00:00","og_image":[{"url":"https:\/\/lottomat.com\/wp-content\/uploads\/2026\/01\/buy-Set-For-Life-ticket.webp"}],"twitter_card":"summary_large_image","twitter_misc":{"Procijenjeno vrijeme \u010ditanja":"7 minuta"},"schema":{"@context":"https:\/\/schema.org","@graph":[{"@type":"WebPage","@id":"https:\/\/lottomat.com\/hr\/igrajte\/set-for-life\/","url":"https:\/\/lottomat.com\/hr\/igrajte\/set-for-life\/","name":"Set for Life online - Kupite Set For Life UK ulaznice - LottoMat Hrvatska","isPartOf":{"@id":"https:\/\/lottomat.com\/hr\/#website"},"primaryImageOfPage":{"@id":"https:\/\/lottomat.com\/hr\/igrajte\/set-for-life\/#primaryimage"},"image":{"@id":"https:\/\/lottomat.com\/hr\/igrajte\/set-for-life\/#primaryimage"},"thumbnailUrl":"https:\/\/lottomat.com\/wp-content\/uploads\/2026\/01\/buy-Set-For-Life-ticket.webp","datePublished":"2025-03-26T09:57:55+00:00","dateModified":"2026-01-11T18:25:25+00:00","description":"Igrajte Set for Life online ve\u0107 danas i pobijedite sutra! Ovdje mo\u017eete kupiti Set for Life lutrijske ulaznice online i igrati za iznimne dobitke.","breadcrumb":{"@id":"https:\/\/lottomat.com\/hr\/igrajte\/set-for-life\/#breadcrumb"},"inLanguage":"hr","potentialAction":[{"@type":"ReadAction","target":["https:\/\/lottomat.com\/hr\/igrajte\/set-for-life\/"]}]},{"@type":"ImageObject","inLanguage":"hr","@id":"https:\/\/lottomat.com\/hr\/igrajte\/set-for-life\/#primaryimage","url":"https:\/\/lottomat.com\/wp-content\/uploads\/2026\/01\/buy-Set-For-Life-ticket.webp","contentUrl":"https:\/\/lottomat.com\/wp-content\/uploads\/2026\/01\/buy-Set-For-Life-ticket.webp"},{"@type":"BreadcrumbList","@id":"https:\/\/lottomat.com\/hr\/igrajte\/set-for-life\/#breadcrumb","itemListElement":[{"@type":"ListItem","position":1,"name":"Home","item":"https:\/\/lottomat.com\/hr\/"},{"@type":"ListItem","position":2,"name":"Igraj Loto","item":"https:\/\/lottomat.com\/hr\/igrajte\/"},{"@type":"ListItem","position":3,"name":"Igraj Set for Life online \u2013 Set For Life UK ulaznice"}]},{"@type":"WebSite","@id":"https:\/\/lottomat.com\/hr\/#website","url":"https:\/\/lottomat.com\/hr\/","name":"Lottomat","description":"","potentialAction":[{"@type":"SearchAction","target":{"@type":"EntryPoint","urlTemplate":"https:\/\/lottomat.com\/hr\/?s={search_term_string}"},"query-input":{"@type":"PropertyValueSpecification","valueRequired":true,"valueName":"search_term_string"}}],"inLanguage":"hr"}]}},"_links":{"self":[{"href":"https:\/\/lottomat.com\/hr\/wp-json\/wp\/v2\/pages\/8429","targetHints":{"allow":["GET"]}}],"collection":[{"href":"https:\/\/lottomat.com\/hr\/wp-json\/wp\/v2\/pages"}],"about":[{"href":"https:\/\/lottomat.com\/hr\/wp-json\/wp\/v2\/types\/page"}],"author":[{"embeddable":true,"href":"https:\/\/lottomat.com\/hr\/wp-json\/wp\/v2\/users\/1"}],"replies":[{"embeddable":true,"href":"https:\/\/lottomat.com\/hr\/wp-json\/wp\/v2\/comments?post=8429"}],"version-history":[{"count":2,"href":"https:\/\/lottomat.com\/hr\/wp-json\/wp\/v2\/pages\/8429\/revisions"}],"predecessor-version":[{"id":267975,"href":"https:\/\/lottomat.com\/hr\/wp-json\/wp\/v2\/pages\/8429\/revisions\/267975"}],"up":[{"embeddable":true,"href":"https:\/\/lottomat.com\/hr\/wp-json\/wp\/v2\/pages\/6760"}],"wp:attachment":[{"href":"https:\/\/lottomat.com\/hr\/wp-json\/wp\/v2\/media?parent=8429"}],"curies":[{"name":"wp","href":"https:\/\/api.w.org\/{rel}","templated":true}]}}