{"id":8274,"date":"2025-03-26T09:45:27","date_gmt":"2025-03-26T09:45:27","guid":{"rendered":"https:\/\/lottomat.net\/igrajte-lutriju\/igrajte-njemacki-loto\/"},"modified":"2026-01-09T19:52:39","modified_gmt":"2026-01-09T19:52:39","slug":"lotto-6aus49","status":"publish","type":"page","link":"https:\/\/lottomat.com\/hr\/igrajte\/lotto-6aus49\/","title":{"rendered":"Igraj njema\u010dki Lotto 6aus49 online \u2013 njema\u010dke lutrijske potvrde"},"content":{"rendered":"\n\n<div class=\"kk-star-ratings kksr-auto kksr-align-left kksr-valign-top\"\n    data-payload='{&quot;align&quot;:&quot;left&quot;,&quot;id&quot;:&quot;8274&quot;,&quot;slug&quot;:&quot;default&quot;,&quot;valign&quot;:&quot;top&quot;,&quot;ignore&quot;:&quot;&quot;,&quot;reference&quot;:&quot;auto&quot;,&quot;class&quot;:&quot;&quot;,&quot;count&quot;:&quot;0&quot;,&quot;legendonly&quot;:&quot;&quot;,&quot;readonly&quot;:&quot;&quot;,&quot;score&quot;:&quot;0&quot;,&quot;starsonly&quot;:&quot;&quot;,&quot;best&quot;:&quot;5&quot;,&quot;gap&quot;:&quot;5&quot;,&quot;greet&quot;:&quot;Rate this page&quot;,&quot;legend&quot;:&quot;0\\\/5 - (0 votes)&quot;,&quot;size&quot;:&quot;30&quot;,&quot;title&quot;:&quot;Igraj njema\u010dki Lotto 6aus49 online \u2013 njema\u010dke lutrijske potvrde&quot;,&quot;width&quot;:&quot;0&quot;,&quot;_legend&quot;:&quot;{score}\\\/{best} - ({count} {votes})&quot;,&quot;font_factor&quot;:&quot;1.25&quot;}'>\n            \n<div class=\"kksr-stars\">\n    \n<div class=\"kksr-stars-inactive\">\n            <div class=\"kksr-star\" data-star=\"1\" style=\"padding-right: 5px\">\n            \n\n<div class=\"kksr-icon\" style=\"width: 30px; height: 30px;\"><\/div>\n        <\/div>\n            <div class=\"kksr-star\" data-star=\"2\" style=\"padding-right: 5px\">\n            \n\n<div class=\"kksr-icon\" style=\"width: 30px; height: 30px;\"><\/div>\n        <\/div>\n            <div class=\"kksr-star\" data-star=\"3\" style=\"padding-right: 5px\">\n            \n\n<div class=\"kksr-icon\" style=\"width: 30px; height: 30px;\"><\/div>\n        <\/div>\n            <div class=\"kksr-star\" data-star=\"4\" style=\"padding-right: 5px\">\n            \n\n<div class=\"kksr-icon\" style=\"width: 30px; height: 30px;\"><\/div>\n        <\/div>\n            <div class=\"kksr-star\" data-star=\"5\" style=\"padding-right: 5px\">\n            \n\n<div class=\"kksr-icon\" style=\"width: 30px; height: 30px;\"><\/div>\n        <\/div>\n    <\/div>\n    \n<div class=\"kksr-stars-active\" style=\"width: 0px;\">\n            <div class=\"kksr-star\" style=\"padding-right: 5px\">\n            \n\n<div class=\"kksr-icon\" style=\"width: 30px; height: 30px;\"><\/div>\n        <\/div>\n            <div class=\"kksr-star\" style=\"padding-right: 5px\">\n            \n\n<div class=\"kksr-icon\" style=\"width: 30px; height: 30px;\"><\/div>\n        <\/div>\n            <div class=\"kksr-star\" style=\"padding-right: 5px\">\n            \n\n<div class=\"kksr-icon\" style=\"width: 30px; height: 30px;\"><\/div>\n        <\/div>\n            <div class=\"kksr-star\" style=\"padding-right: 5px\">\n            \n\n<div class=\"kksr-icon\" style=\"width: 30px; height: 30px;\"><\/div>\n        <\/div>\n            <div class=\"kksr-star\" style=\"padding-right: 5px\">\n            \n\n<div class=\"kksr-icon\" style=\"width: 30px; height: 30px;\"><\/div>\n        <\/div>\n    <\/div>\n<\/div>\n                \n\n<div class=\"kksr-legend\" style=\"font-size: 24px;\">\n            <span class=\"kksr-muted\">Rate this page<\/span>\n    <\/div>\n    <\/div>\n<h2>\u0160to je njema\u010dki Lotto 6aus49?<\/h2>\n<p>Njema\u010dki Lotto 6aus49, poznat i kao njema\u010dki Lotto 6\/49, vode\u0107a je nacionalna lutrijska igra u Njema\u010dkoj. Postoji od 1955. godine, \u0161to je \u010dini jednom od najstarijih i najstabilnijih lutrijskih igara u Europi. Naziv \u201e6aus49\u201d doslovno zna\u010di \u201e6 od 49\u201d i izravno opisuje osnovni mehanizam igre. <strong>Njema\u010dki Lotto 6aus49 mo\u017eete igrati online, ali prvo \u2013 saznajte vi\u0161e!<\/strong><\/p>\n<p>Njema\u010dka lutrija funkcionira prema jednostavnom sustavu. <strong>Igra\u010di biraju \u0161est brojeva iz raspona od 1 do 49, uz dodatni bonus broj pod nazivom \u201eSuperzahl\u201d (Super broj) u rasponu od 0 do 9<\/strong>. Ovaj jedinstveni dvostupanjski sustav stvara vi\u0161e dobitnih razreda i pove\u0107ava \u0161anse za osvajanje dobitaka na razli\u010ditim razinama.<img loading=\"lazy\" decoding=\"async\" class=\"alignright wp-image-264144\" src=\"https:\/\/lottomat.com\/wp-content\/uploads\/2026\/01\/German-Lotto-6aus49-online.webp\" alt=\"Njema\u010dki Lotto 6aus49 online\" width=\"200\" height=\"200\" srcset=\"https:\/\/lottomat.com\/wp-content\/uploads\/2026\/01\/German-Lotto-6aus49-online.webp 400w, https:\/\/lottomat.com\/wp-content\/uploads\/2026\/01\/German-Lotto-6aus49-online-300x300.webp 300w, https:\/\/lottomat.com\/wp-content\/uploads\/2026\/01\/German-Lotto-6aus49-online-150x150.webp 150w, https:\/\/lottomat.com\/wp-content\/uploads\/2026\/01\/German-Lotto-6aus49-online-100x100.webp 100w\" sizes=\"auto, (max-width: 200px) 100vw, 200px\" \/><\/p>\n<p>Izvla\u010denja njema\u010dkog Lotto 6\/49 odr\u017eavaju se dva puta tjedno, svake srijede i subote nave\u010der u Njema\u010dkoj. To igra\u010dima pru\u017ea redovite prilike za ostvarenje lutrijskih snova. Igru vodi Deutscher Lotto- und Totoblock (DLTB), konzorcij od 16 neovisnih lutrijskih operatera. Svaki operater predstavlja jednu njema\u010dku saveznu pokrajinu, \u010dime se osiguravaju potpuna transparentnost i uskla\u0111enost s propisima.<\/p>\n<h2>Kako kupiti potvrde za njema\u010dki Lotto 6aus49?<\/h2>\n<p>Kupnja potvrda za njema\u010dki Lotto 6aus49 znatno se promijenila s dolaskom digitalnog doba. Ova uzbudljiva lutrija sada je dostupna igra\u010dima diljem svijeta. Iako se fizi\u010dke potvrde i dalje prodaju na tradicionalnim prodajnim mjestima u Njema\u010dkoj, online lutrijske usluge poput <a href=\"https:\/\/lottomat.com\/hr\/\">LottoMat<\/a> u potpunosti su promijenile na\u010din sudjelovanja. Me\u0111unarodni igra\u010di sada se mogu jednostavno uklju\u010diti u ovu presti\u017enu lutriju.<\/p>\n<p>Kada kupujete potvrde putem LottoMat-a, cijeli je proces osmi\u0161ljen da bude jednostavan i intuitivan. <strong>Platforma djeluje kao licencirana lutrijska kurirska usluga, \u0161to zna\u010di da se u va\u0161e ime kupuju stvarne, slu\u017ebene njema\u010dke Lotto potvrde<\/strong>. Lokalni predstavnici u Njema\u010dkoj obavljaju kupnju. Time se osigurava potpuna autenti\u010dnost i zakonitost \u2013 ne kladite se na ishod lutrije, ve\u0107 stvarno sudjelujete u slu\u017ebenom izvla\u010denju njema\u010dke lutrije.<\/p>\n<h2>Koja je cijena online potvrde za njema\u010dki Lotto 6aus49?<\/h2>\n<p>Razumijevanje strukture tro\u0161kova njema\u010dkog Lotto 6\/49 klju\u010dno je za u\u010dinkovito upravljanje va\u0161im lutrijskim bud\u017eetom. Standardna cijena jedne kombinacije njema\u010dkog Lotto 6aus49 u Njema\u010dkoj iznosi 1,20 \u20ac. To uklju\u010duje osnovno sudjelovanje u igri. Me\u0111utim, kada potvrde kupujete putem me\u0111unarodnih online lutrijskih usluga poput LottoMat-a, cijena uklju\u010duje i dodatne naknade za uslugu.<\/p>\n<p><img loading=\"lazy\" decoding=\"async\" class=\"alignleft wp-image-264176\" src=\"https:\/\/lottomat.com\/wp-content\/uploads\/2026\/01\/German-Lotto-6aus49.webp\" alt=\"Njema\u010dki Lotto 6aus49\" width=\"200\" height=\"200\" srcset=\"https:\/\/lottomat.com\/wp-content\/uploads\/2026\/01\/German-Lotto-6aus49.webp 400w, https:\/\/lottomat.com\/wp-content\/uploads\/2026\/01\/German-Lotto-6aus49-300x300.webp 300w, https:\/\/lottomat.com\/wp-content\/uploads\/2026\/01\/German-Lotto-6aus49-150x150.webp 150w, https:\/\/lottomat.com\/wp-content\/uploads\/2026\/01\/German-Lotto-6aus49-100x100.webp 100w\" sizes=\"auto, (max-width: 200px) 100vw, 200px\" \/><\/p>\n<p>Online lutrijske kurirske usluge imaju razne operativne tro\u0161kove. To uklju\u010duje anga\u017eiranje lokalnih predstavnika koji fizi\u010dki kupuju potvrde kod ovla\u0161tenih prodava\u010da u Njema\u010dkoj. Usluge tako\u0111er obuhva\u0107aju skeniranje i u\u010ditavanje potvrda na va\u0161 ra\u010dun, sigurno pohranjivanje fizi\u010dkih potvrda te upravljanje isplatom i prijenosom dobitaka. Zahvaljuju\u0107i tim uslugama, me\u0111unarodni igra\u010di mogu sudjelovati u njema\u010dkom Lotto 6\/49 s bilo kojeg mjesta na svijetu.<\/p>\n<p>Na LottoMat-u su cijene transparentne i jasno prikazane tijekom procesa narud\u017ebe. <strong>Jednostavno dodajte broj kombinacija koje \u017eelite igrati i obrazac za narud\u017ebu prikazat \u0107e vam ukupan iznos za pla\u0107anje<\/strong>. Sve primjenjive naknade uklju\u010dene su u cijenu. Ovakav jasan model cijena osigurava da nema skrivenih tro\u0161kova ni neugodnih iznena\u0111enja.<\/p>\n<p>Mogu\u0107nost igranja vi\u0161e kombinacija u jednoj transakciji posebno je korisna za redovite igra\u010de. Ukupni tro\u0161ak proporcionalno raste s brojem odabranih kombinacija. Uvijek \u0107ete vidjeti potpuni pregled cijene prije nego \u0161to potvrdite narud\u017ebu <a href=\"https:\/\/lottomat.com\/hr\/igrajte\/\">online lutrijskih potvrda<\/a>.<\/p>\n<h2>Kako igrati njema\u010dki Lotto 6aus49 online?<\/h2>\n<p>Igranje njema\u010dkog Lotto 6\/49 online putem LottoMat-a spaja prakti\u010dnost i uzbu\u0111enje. Sudjelujete u jednoj od najuglednijih europskih lutrijskih igara. Platforma je osmi\u0161ljena tako da iskustvo igranja bude jednostavno, sigurno i dostupno svima.<\/p>\n<p>Za po\u010detak igranja na LottoMat-u <strong>najprije trebate otvoriti korisni\u010dki ra\u010dun<\/strong>. Registracija je brza i zahtijeva osnovne osobne podatke te potvrdu e-po\u0161te. Taj ra\u010dun postaje va\u0161e sigurno mjesto za sve lutrijske aktivnosti \u2013 od kupnje potvrda do provjere rezultata i upravljanja dobitcima.<\/p>\n<p>Nakon registracije, otvorite odjeljak njema\u010dkog Lotto 6aus49 na web-stranici LottoMat-a. Vidjet \u0107ete preglednu mre\u017eu s brojevima od 1 do 49. <strong>Odaberite \u0161est brojeva ru\u010dno ili se odlu\u010dite za opciju Brzo Biranje<\/strong>, pri \u010demu sustav automatski generira nasumi\u010dne brojeve. Mnogi iskusni igra\u010di kombiniraju osobno va\u017ene brojeve s nasumi\u010dnim odabirom kako bi pove\u0107ali raznolikost uplata.<\/p>\n<h3>Dovr\u0161etak kupnje<\/h3>\n<p>Nakon odabira brojeva, odredit \u0107ete koliko kombinacija \u017eelite igrati. LottoMat omogu\u0107uje kupnju vi\u0161e kombinacija u jednoj narud\u017ebi, \u0161to vam omogu\u0107uje igranje razli\u010ditih kombinacija istodobno. Ova fleksibilnost posebno je korisna igra\u010dima koji slijede odre\u0111ene strategije ili \u017eele pove\u0107ati svoje \u0161anse za dobitak.<\/p>\n<p>Prije zavr\u0161etka kupnje pregledat \u0107ete svoje odabire, broj izvla\u010denja u kojima sudjelujete i ukupni iznos. LottoMat podr\u017eava razli\u010dite na\u010dine pla\u0107anja, uklju\u010duju\u0107i kreditne i debitne kartice te digitalna rje\u0161enja za pla\u0107anje, \u0161to osigurava prakti\u010dne opcije za me\u0111unarodne igra\u010de.<img loading=\"lazy\" decoding=\"async\" class=\"alignright wp-image-264208\" src=\"https:\/\/lottomat.com\/wp-content\/uploads\/2026\/01\/Lotto-6aus49-online.webp\" alt=\"Lotto 6aus49 online\" width=\"200\" height=\"200\" srcset=\"https:\/\/lottomat.com\/wp-content\/uploads\/2026\/01\/Lotto-6aus49-online.webp 400w, https:\/\/lottomat.com\/wp-content\/uploads\/2026\/01\/Lotto-6aus49-online-300x300.webp 300w, https:\/\/lottomat.com\/wp-content\/uploads\/2026\/01\/Lotto-6aus49-online-150x150.webp 150w, https:\/\/lottomat.com\/wp-content\/uploads\/2026\/01\/Lotto-6aus49-online-100x100.webp 100w\" sizes=\"auto, (max-width: 200px) 100vw, 200px\" \/><\/p>\n<p>Nakon potvrde pla\u0107anja, lokalni predstavnici kupuju va\u0161e slu\u017ebene njema\u010dke Lotto potvrde kod ovla\u0161tenih prodava\u010da u Njema\u010dkoj. U razumnom roku skenirane kopije fizi\u010dkih potvrda u\u010ditavaju se na va\u0161 ra\u010dun, \u010dime se osigurava potpuna transparentnost i mogu\u0107nost provjere to\u010dnih odabira.<\/p>\n<h2>Mogu li kupiti vi\u0161e potvrda za njema\u010dki Lotto 6aus49 online?<\/h2>\n<p>Naravno! Jedna od najve\u0107ih prednosti igranja njema\u010dkog Lotto 6\/49 putem LottoMat-a jest fleksibilnost kupnje vi\u0161e potvrda. <strong>Platforma omogu\u0107uje kupnju do 20 kombinacija u jednoj narud\u017ebi<\/strong>, \u0161to vam daje vi\u0161e mogu\u0107nosti za raznolik odabir brojeva i pove\u0107anje \u0161ansi za dobitak.<\/p>\n<h2>Mogu li kupiti potvrde za njema\u010dki Lotto 6\/49 online za vi\u0161e izvla\u010denja?<\/h2>\n<p>Da, <strong>LottoMat nudi mogu\u0107nost kupnje potvrda za do 8 uzastopnih izvla\u010denja u jednoj transakciji<\/strong>. Ova opcija vi\u0161estrukih izvla\u010denja iznimno je prakti\u010dna i osigurava da nikada ne propustite priliku za dobitak.<\/p>\n<h2>Kako provjeriti rezultate njema\u010dkog Lotto 6\/49 online?<\/h2>\n<p><a href=\"https:\/\/lottomat.com\/hr\/rezultati\/lotto-6aus49\/\">Provjera rezultata njema\u010dkog Lotto 6aus49<\/a> vrlo je jednostavna, osobito kada igrate putem online platformi poput LottoMat-a. Rezultate mo\u017eete provjeriti brzo i jednostavno s bilo kojeg mjesta.<\/p>\n<p>Izvla\u010denja njema\u010dkog Lotto 6\/49 odr\u017eavaju se svake srijede i subote nave\u010der, obi\u010dno oko 18:25 po srednjoeuropskom vremenu. Rezultati se objavljuju ubrzo nakon provjere izvla\u010denja, a LottoMat redovito a\u017eurira svoje stranice kako bi igra\u010dima omogu\u0107io trenuta\u010dan pristup <a href=\"https:\/\/lottomat.com\/hr\/rezultati\/\">dobitnim brojevima lutrije<\/a>.<\/p>\n<h2>Skenira li LottoMat online potvrde za njema\u010dki Lotto 6aus49?<\/h2>\n<p>Da, jedna od klju\u010dnih zna\u010dajki LottoMat-a jest usluga skeniranja potvrda koja gradi povjerenje. Ona vam omogu\u0107uje provjerljiv dokaz da su u va\u0161e ime kupljene slu\u017ebene potvrde njema\u010dkog Lotto 6\/49.<\/p>\n<p><img loading=\"lazy\" decoding=\"async\" class=\"alignleft wp-image-264239\" src=\"https:\/\/lottomat.com\/wp-content\/uploads\/2026\/01\/Lotto-6aus49-tickets.webp\" alt=\"Potvrde za Lotto 6aus49\" width=\"200\" height=\"200\" srcset=\"https:\/\/lottomat.com\/wp-content\/uploads\/2026\/01\/Lotto-6aus49-tickets.webp 400w, https:\/\/lottomat.com\/wp-content\/uploads\/2026\/01\/Lotto-6aus49-tickets-300x300.webp 300w, https:\/\/lottomat.com\/wp-content\/uploads\/2026\/01\/Lotto-6aus49-tickets-150x150.webp 150w, https:\/\/lottomat.com\/wp-content\/uploads\/2026\/01\/Lotto-6aus49-tickets-100x100.webp 100w\" sizes=\"auto, (max-width: 200px) 100vw, 200px\" \/>Nakon narud\u017ebe i uplate, ovla\u0161teni lokalni predstavnici u Njema\u010dkoj kupuju va\u0161e slu\u017ebene potvrde kod licenciranih prodava\u010da. <strong>Rije\u010d je o originalnim potvrdama koje sudjeluju u slu\u017ebenom izvla\u010denju njema\u010dke lutrije, a ne o kladioni\u010dkim listi\u0107ima ili alternativnim proizvodima<\/strong>.<\/p>\n<p>Kupljene potvrde skeniraju se u visokoj rezoluciji i digitalne kopije u\u010ditavaju se na va\u0161 LottoMat ra\u010dun, obi\u010dno prije samog izvla\u010denja, kako biste imali dovoljno vremena za provjeru.<\/p>\n<h2>Koji su najbolji online savjeti za njema\u010dki Lotto 6\/49?<\/h2>\n<p>Kako biste maksimalno iskoristili iskustvo igranja njema\u010dke lutrije, va\u017eno je razumjeti strategije odabira brojeva i odgovorno igranje.<\/p>\n<h3>Strategije odabira brojeva<\/h3>\n<p><strong>Raznolik odabir brojeva<\/strong>: Nemojte se ograni\u010davati samo na brojeve od 1 do 31. Raspodjela brojeva po cijelom rasponu od 1 do 49 smanjuje mogu\u0107nost dijeljenja jackpota s drugim igra\u010dima.<\/p>\n<p><strong>Povremeno koristite Brzo Biranje<\/strong>: Nasumi\u010dno generirani brojevi statisti\u010dki imaju jednake \u0161anse za dobitak kao i ru\u010dno odabrani te uklanjaju nesvjesne obrasce u odabiru.<\/p>\n<h3>Igra\u010dke navike i odgovorno igranje<\/h3>\n<p><strong>Igrajte dosljedno<\/strong>: Redovito sudjelovanje u vi\u0161e izvla\u010denja \u010desto je ugodnije i odr\u017eivije od povremenih velikih uplata.<\/p>\n<p><strong>Postavite odgovoran bud\u017eet<\/strong>: Lutriju do\u017eivljavajte kao zabavu. Odredite iznos koji si mo\u017eete priu\u0161titi i nikada ne prelazite zadane granice.<\/p>\n<h3>Maksimalno iskori\u0161tavanje platforme<\/h3>\n<p><strong>Iskoristite opciju vi\u0161estrukih izvla\u010denja<\/strong>: Kupnja potvrda za vi\u0161e uzastopnih izvla\u010denja \u0161tedi vrijeme i osigurava stalno sudjelovanje.<\/p>\n<p><strong>Provjerite skenirane potvrde<\/strong>: Nakon kupnje uvijek pregledajte skenirane kopije kako biste potvrdili to\u010dnost odabranih brojeva.<img loading=\"lazy\" decoding=\"async\" class=\"alignright wp-image-264270\" src=\"https:\/\/lottomat.com\/wp-content\/uploads\/2026\/01\/play-German-Lotto-6-49.webp\" alt=\"igraj njema\u010dki Lotto 6 49\" width=\"200\" height=\"200\" srcset=\"https:\/\/lottomat.com\/wp-content\/uploads\/2026\/01\/play-German-Lotto-6-49.webp 400w, https:\/\/lottomat.com\/wp-content\/uploads\/2026\/01\/play-German-Lotto-6-49-300x300.webp 300w, https:\/\/lottomat.com\/wp-content\/uploads\/2026\/01\/play-German-Lotto-6-49-150x150.webp 150w, https:\/\/lottomat.com\/wp-content\/uploads\/2026\/01\/play-German-Lotto-6-49-100x100.webp 100w\" sizes=\"auto, (max-width: 200px) 100vw, 200px\" \/><\/p>\n<p><strong>Uklju\u010dite automatske obavijesti<\/strong>: Aktivirajte e-mail obavijesti kako biste odmah bili informirani o mogu\u0107im dobitcima.<\/p>\n<h2>Pridru\u017eite se zabavi i igrajte njema\u010dku lutriju online!<\/h2>\n<p>Igranje <strong>njema\u010dkog Lotto 6aus49 online<\/strong> putem LottoMat-a spaja uzbu\u0111enje jedne od najpresti\u017enijih europskih lutrija s modernom prakti\u010dno\u0161\u0107u, sigurno\u0161\u0107u i transparentno\u0161\u0107u. Bez obzira jeste li iskusan igra\u010d ili tek zapo\u010dinjete, njema\u010dki Lotto 6\/49 pru\u017ea izvrsnu priliku za osvajanje vrijednih <a href=\"https:\/\/lottomat.com\/hr\/lutrije\/lotto-6aus49\/\">dobitaka njema\u010dkog Lotto 6aus49<\/a>.<\/p>\n","protected":false},"excerpt":{"rendered":"<p>\u0160to je njema\u010dki Lotto 6aus49? Njema\u010dki Lotto 6aus49, poznat i kao njema\u010dki Lotto 6\/49, vode\u0107a je nacionalna lutrijska igra u Njema\u010dkoj. Postoji od 1955. godine, \u0161to je \u010dini jednom od najstarijih i najstabilnijih lutrijskih igara u Europi. Naziv \u201e6aus49\u201d doslovno zna\u010di \u201e6 od 49\u201d i izravno opisuje osnovni mehanizam igre. Njema\u010dki Lotto 6aus49 mo\u017eete igrati [&hellip;]<\/p>\n","protected":false},"author":1,"featured_media":0,"parent":6760,"menu_order":13,"comment_status":"closed","ping_status":"closed","template":"lotto-german.php","meta":{"_et_pb_use_builder":"","_et_pb_old_content":"","_et_gb_content_width":"","exclude_from_search":false,"footnotes":""},"class_list":["post-8274","page","type-page","status-publish","hentry"],"yoast_head":"<!-- This site is optimized with the Yoast SEO plugin v23.8 - https:\/\/yoast.com\/wordpress\/plugins\/seo\/ -->\n<title>Lotto 6aus49 Online - njema\u010dke lutrijske potvrde - LottoMat Hrvatska<\/title>\n<meta name=\"description\" content=\"Ovdje mo\u017eete kupiti online potvrde za Lotto 6aus49 i igrati za iznimne dobitke. Provjerite koliko je to jednostavno. Kupujte njema\u010dku lutriju online sigurno.\" \/>\n<meta name=\"robots\" content=\"index, follow, max-snippet:-1, max-image-preview:large, max-video-preview:-1\" \/>\n<link rel=\"canonical\" href=\"https:\/\/lottomat.com\/hr\/igrajte\/lotto-6aus49\/\" \/>\n<meta property=\"og:locale\" content=\"hr_HR\" \/>\n<meta property=\"og:type\" content=\"article\" \/>\n<meta property=\"og:title\" content=\"Lotto 6aus49 Online - njema\u010dke lutrijske potvrde - LottoMat Hrvatska\" \/>\n<meta property=\"og:description\" content=\"Ovdje mo\u017eete kupiti online potvrde za Lotto 6aus49 i igrati za iznimne dobitke. Provjerite koliko je to jednostavno. Kupujte njema\u010dku lutriju online sigurno.\" \/>\n<meta property=\"og:url\" content=\"https:\/\/lottomat.com\/hr\/igrajte\/lotto-6aus49\/\" \/>\n<meta property=\"og:site_name\" content=\"Lottomat\" \/>\n<meta property=\"article:modified_time\" content=\"2026-01-09T19:52:39+00:00\" \/>\n<meta property=\"og:image\" content=\"https:\/\/lottomat.com\/wp-content\/uploads\/2026\/01\/German-Lotto-6aus49-online.webp\" \/>\n<meta name=\"twitter:card\" content=\"summary_large_image\" \/>\n<meta name=\"twitter:label1\" content=\"Procijenjeno vrijeme \u010ditanja\" \/>\n\t<meta name=\"twitter:data1\" content=\"7 minuta\" \/>\n<script type=\"application\/ld+json\" class=\"yoast-schema-graph\">{\"@context\":\"https:\/\/schema.org\",\"@graph\":[{\"@type\":\"WebPage\",\"@id\":\"https:\/\/lottomat.com\/hr\/igrajte\/lotto-6aus49\/\",\"url\":\"https:\/\/lottomat.com\/hr\/igrajte\/lotto-6aus49\/\",\"name\":\"Lotto 6aus49 Online - njema\u010dke lutrijske potvrde - LottoMat Hrvatska\",\"isPartOf\":{\"@id\":\"https:\/\/lottomat.com\/hr\/#website\"},\"primaryImageOfPage\":{\"@id\":\"https:\/\/lottomat.com\/hr\/igrajte\/lotto-6aus49\/#primaryimage\"},\"image\":{\"@id\":\"https:\/\/lottomat.com\/hr\/igrajte\/lotto-6aus49\/#primaryimage\"},\"thumbnailUrl\":\"https:\/\/lottomat.com\/wp-content\/uploads\/2026\/01\/German-Lotto-6aus49-online.webp\",\"datePublished\":\"2025-03-26T09:45:27+00:00\",\"dateModified\":\"2026-01-09T19:52:39+00:00\",\"description\":\"Ovdje mo\u017eete kupiti online potvrde za Lotto 6aus49 i igrati za iznimne dobitke. Provjerite koliko je to jednostavno. Kupujte njema\u010dku lutriju online sigurno.\",\"breadcrumb\":{\"@id\":\"https:\/\/lottomat.com\/hr\/igrajte\/lotto-6aus49\/#breadcrumb\"},\"inLanguage\":\"hr\",\"potentialAction\":[{\"@type\":\"ReadAction\",\"target\":[\"https:\/\/lottomat.com\/hr\/igrajte\/lotto-6aus49\/\"]}]},{\"@type\":\"ImageObject\",\"inLanguage\":\"hr\",\"@id\":\"https:\/\/lottomat.com\/hr\/igrajte\/lotto-6aus49\/#primaryimage\",\"url\":\"https:\/\/lottomat.com\/wp-content\/uploads\/2026\/01\/German-Lotto-6aus49-online.webp\",\"contentUrl\":\"https:\/\/lottomat.com\/wp-content\/uploads\/2026\/01\/German-Lotto-6aus49-online.webp\"},{\"@type\":\"BreadcrumbList\",\"@id\":\"https:\/\/lottomat.com\/hr\/igrajte\/lotto-6aus49\/#breadcrumb\",\"itemListElement\":[{\"@type\":\"ListItem\",\"position\":1,\"name\":\"Home\",\"item\":\"https:\/\/lottomat.com\/hr\/\"},{\"@type\":\"ListItem\",\"position\":2,\"name\":\"Igraj Loto\",\"item\":\"https:\/\/lottomat.com\/hr\/igrajte\/\"},{\"@type\":\"ListItem\",\"position\":3,\"name\":\"Igraj njema\u010dki Lotto 6aus49 online \u2013 njema\u010dke lutrijske potvrde\"}]},{\"@type\":\"WebSite\",\"@id\":\"https:\/\/lottomat.com\/hr\/#website\",\"url\":\"https:\/\/lottomat.com\/hr\/\",\"name\":\"Lottomat\",\"description\":\"\",\"potentialAction\":[{\"@type\":\"SearchAction\",\"target\":{\"@type\":\"EntryPoint\",\"urlTemplate\":\"https:\/\/lottomat.com\/hr\/?s={search_term_string}\"},\"query-input\":{\"@type\":\"PropertyValueSpecification\",\"valueRequired\":true,\"valueName\":\"search_term_string\"}}],\"inLanguage\":\"hr\"}]}<\/script>\n<!-- \/ Yoast SEO plugin. -->","yoast_head_json":{"title":"Lotto 6aus49 Online - njema\u010dke lutrijske potvrde - LottoMat Hrvatska","description":"Ovdje mo\u017eete kupiti online potvrde za Lotto 6aus49 i igrati za iznimne dobitke. Provjerite koliko je to jednostavno. Kupujte njema\u010dku lutriju online sigurno.","robots":{"index":"index","follow":"follow","max-snippet":"max-snippet:-1","max-image-preview":"max-image-preview:large","max-video-preview":"max-video-preview:-1"},"canonical":"https:\/\/lottomat.com\/hr\/igrajte\/lotto-6aus49\/","og_locale":"hr_HR","og_type":"article","og_title":"Lotto 6aus49 Online - njema\u010dke lutrijske potvrde - LottoMat Hrvatska","og_description":"Ovdje mo\u017eete kupiti online potvrde za Lotto 6aus49 i igrati za iznimne dobitke. Provjerite koliko je to jednostavno. Kupujte njema\u010dku lutriju online sigurno.","og_url":"https:\/\/lottomat.com\/hr\/igrajte\/lotto-6aus49\/","og_site_name":"Lottomat","article_modified_time":"2026-01-09T19:52:39+00:00","og_image":[{"url":"https:\/\/lottomat.com\/wp-content\/uploads\/2026\/01\/German-Lotto-6aus49-online.webp"}],"twitter_card":"summary_large_image","twitter_misc":{"Procijenjeno vrijeme \u010ditanja":"7 minuta"},"schema":{"@context":"https:\/\/schema.org","@graph":[{"@type":"WebPage","@id":"https:\/\/lottomat.com\/hr\/igrajte\/lotto-6aus49\/","url":"https:\/\/lottomat.com\/hr\/igrajte\/lotto-6aus49\/","name":"Lotto 6aus49 Online - njema\u010dke lutrijske potvrde - LottoMat Hrvatska","isPartOf":{"@id":"https:\/\/lottomat.com\/hr\/#website"},"primaryImageOfPage":{"@id":"https:\/\/lottomat.com\/hr\/igrajte\/lotto-6aus49\/#primaryimage"},"image":{"@id":"https:\/\/lottomat.com\/hr\/igrajte\/lotto-6aus49\/#primaryimage"},"thumbnailUrl":"https:\/\/lottomat.com\/wp-content\/uploads\/2026\/01\/German-Lotto-6aus49-online.webp","datePublished":"2025-03-26T09:45:27+00:00","dateModified":"2026-01-09T19:52:39+00:00","description":"Ovdje mo\u017eete kupiti online potvrde za Lotto 6aus49 i igrati za iznimne dobitke. Provjerite koliko je to jednostavno. Kupujte njema\u010dku lutriju online sigurno.","breadcrumb":{"@id":"https:\/\/lottomat.com\/hr\/igrajte\/lotto-6aus49\/#breadcrumb"},"inLanguage":"hr","potentialAction":[{"@type":"ReadAction","target":["https:\/\/lottomat.com\/hr\/igrajte\/lotto-6aus49\/"]}]},{"@type":"ImageObject","inLanguage":"hr","@id":"https:\/\/lottomat.com\/hr\/igrajte\/lotto-6aus49\/#primaryimage","url":"https:\/\/lottomat.com\/wp-content\/uploads\/2026\/01\/German-Lotto-6aus49-online.webp","contentUrl":"https:\/\/lottomat.com\/wp-content\/uploads\/2026\/01\/German-Lotto-6aus49-online.webp"},{"@type":"BreadcrumbList","@id":"https:\/\/lottomat.com\/hr\/igrajte\/lotto-6aus49\/#breadcrumb","itemListElement":[{"@type":"ListItem","position":1,"name":"Home","item":"https:\/\/lottomat.com\/hr\/"},{"@type":"ListItem","position":2,"name":"Igraj Loto","item":"https:\/\/lottomat.com\/hr\/igrajte\/"},{"@type":"ListItem","position":3,"name":"Igraj njema\u010dki Lotto 6aus49 online \u2013 njema\u010dke lutrijske potvrde"}]},{"@type":"WebSite","@id":"https:\/\/lottomat.com\/hr\/#website","url":"https:\/\/lottomat.com\/hr\/","name":"Lottomat","description":"","potentialAction":[{"@type":"SearchAction","target":{"@type":"EntryPoint","urlTemplate":"https:\/\/lottomat.com\/hr\/?s={search_term_string}"},"query-input":{"@type":"PropertyValueSpecification","valueRequired":true,"valueName":"search_term_string"}}],"inLanguage":"hr"}]}},"_links":{"self":[{"href":"https:\/\/lottomat.com\/hr\/wp-json\/wp\/v2\/pages\/8274","targetHints":{"allow":["GET"]}}],"collection":[{"href":"https:\/\/lottomat.com\/hr\/wp-json\/wp\/v2\/pages"}],"about":[{"href":"https:\/\/lottomat.com\/hr\/wp-json\/wp\/v2\/types\/page"}],"author":[{"embeddable":true,"href":"https:\/\/lottomat.com\/hr\/wp-json\/wp\/v2\/users\/1"}],"replies":[{"embeddable":true,"href":"https:\/\/lottomat.com\/hr\/wp-json\/wp\/v2\/comments?post=8274"}],"version-history":[{"count":3,"href":"https:\/\/lottomat.com\/hr\/wp-json\/wp\/v2\/pages\/8274\/revisions"}],"predecessor-version":[{"id":267879,"href":"https:\/\/lottomat.com\/hr\/wp-json\/wp\/v2\/pages\/8274\/revisions\/267879"}],"up":[{"embeddable":true,"href":"https:\/\/lottomat.com\/hr\/wp-json\/wp\/v2\/pages\/6760"}],"wp:attachment":[{"href":"https:\/\/lottomat.com\/hr\/wp-json\/wp\/v2\/media?parent=8274"}],"curies":[{"name":"wp","href":"https:\/\/api.w.org\/{rel}","templated":true}]}}