{"id":6548,"date":"2025-03-26T07:12:15","date_gmt":"2025-03-26T07:12:15","guid":{"rendered":"https:\/\/lottomat.net\/pocetna-najvece-svjetske-lutrije-na-jednom-mjestu\/"},"modified":"2026-02-13T11:13:04","modified_gmt":"2026-02-13T11:13:04","slug":"pocetna-najvece-svjetske-lutrije-na-jednom-mjestu","status":"publish","type":"page","link":"https:\/\/lottomat.com\/hr\/","title":{"rendered":"Lottomat &#8211; najve\u0107e svjetske lutrije na jednom mjestu"},"content":{"rendered":"\n\n<div class=\"kk-star-ratings kksr-auto kksr-align-left kksr-valign-top\"\n    data-payload='{&quot;align&quot;:&quot;left&quot;,&quot;id&quot;:&quot;6548&quot;,&quot;slug&quot;:&quot;default&quot;,&quot;valign&quot;:&quot;top&quot;,&quot;ignore&quot;:&quot;&quot;,&quot;reference&quot;:&quot;auto&quot;,&quot;class&quot;:&quot;&quot;,&quot;count&quot;:&quot;0&quot;,&quot;legendonly&quot;:&quot;&quot;,&quot;readonly&quot;:&quot;&quot;,&quot;score&quot;:&quot;0&quot;,&quot;starsonly&quot;:&quot;&quot;,&quot;best&quot;:&quot;5&quot;,&quot;gap&quot;:&quot;5&quot;,&quot;greet&quot;:&quot;Rate this page&quot;,&quot;legend&quot;:&quot;0\\\/5 - (0 votes)&quot;,&quot;size&quot;:&quot;30&quot;,&quot;title&quot;:&quot;Lottomat - najve\u0107e svjetske lutrije na jednom mjestu&quot;,&quot;width&quot;:&quot;0&quot;,&quot;_legend&quot;:&quot;{score}\\\/{best} - ({count} {votes})&quot;,&quot;font_factor&quot;:&quot;1.25&quot;}'>\n            \n<div class=\"kksr-stars\">\n    \n<div class=\"kksr-stars-inactive\">\n            <div class=\"kksr-star\" data-star=\"1\" style=\"padding-right: 5px\">\n            \n\n<div class=\"kksr-icon\" style=\"width: 30px; height: 30px;\"><\/div>\n        <\/div>\n            <div class=\"kksr-star\" data-star=\"2\" style=\"padding-right: 5px\">\n            \n\n<div class=\"kksr-icon\" style=\"width: 30px; height: 30px;\"><\/div>\n        <\/div>\n            <div class=\"kksr-star\" data-star=\"3\" style=\"padding-right: 5px\">\n            \n\n<div class=\"kksr-icon\" style=\"width: 30px; height: 30px;\"><\/div>\n        <\/div>\n            <div class=\"kksr-star\" data-star=\"4\" style=\"padding-right: 5px\">\n            \n\n<div class=\"kksr-icon\" style=\"width: 30px; height: 30px;\"><\/div>\n        <\/div>\n            <div class=\"kksr-star\" data-star=\"5\" style=\"padding-right: 5px\">\n            \n\n<div class=\"kksr-icon\" style=\"width: 30px; height: 30px;\"><\/div>\n        <\/div>\n    <\/div>\n    \n<div class=\"kksr-stars-active\" style=\"width: 0px;\">\n            <div class=\"kksr-star\" style=\"padding-right: 5px\">\n            \n\n<div class=\"kksr-icon\" style=\"width: 30px; height: 30px;\"><\/div>\n        <\/div>\n            <div class=\"kksr-star\" style=\"padding-right: 5px\">\n            \n\n<div class=\"kksr-icon\" style=\"width: 30px; height: 30px;\"><\/div>\n        <\/div>\n            <div class=\"kksr-star\" style=\"padding-right: 5px\">\n            \n\n<div class=\"kksr-icon\" style=\"width: 30px; height: 30px;\"><\/div>\n        <\/div>\n            <div class=\"kksr-star\" style=\"padding-right: 5px\">\n            \n\n<div class=\"kksr-icon\" style=\"width: 30px; height: 30px;\"><\/div>\n        <\/div>\n            <div class=\"kksr-star\" style=\"padding-right: 5px\">\n            \n\n<div class=\"kksr-icon\" style=\"width: 30px; height: 30px;\"><\/div>\n        <\/div>\n    <\/div>\n<\/div>\n                \n\n<div class=\"kksr-legend\" style=\"font-size: 24px;\">\n            <span class=\"kksr-muted\">Rate this page<\/span>\n    <\/div>\n    <\/div>\n<h2 style=\"text-align: left;\"><img loading=\"lazy\" decoding=\"async\" class=\"alignleft wp-image-1091\" src=\"https:\/\/lottomat.com\/wp-content\/uploads\/2025\/03\/play-lotteries-available-in-other-countries-300x300.png\" alt=\"igrajte lutrije dostupne u drugim zemljama\" width=\"130\" height=\"130\" srcset=\"https:\/\/lottomat.com\/wp-content\/uploads\/2025\/03\/play-lotteries-available-in-other-countries-300x300.png 300w, https:\/\/lottomat.com\/wp-content\/uploads\/2025\/03\/play-lotteries-available-in-other-countries-150x150.png 150w, https:\/\/lottomat.com\/wp-content\/uploads\/2025\/03\/play-lotteries-available-in-other-countries-100x100.png 100w, https:\/\/lottomat.com\/wp-content\/uploads\/2025\/03\/play-lotteries-available-in-other-countries.png 400w\" sizes=\"auto, (max-width: 130px) 100vw, 130px\" \/>Mogu li igrati lutrije dostupne u drugim zemljama?<\/h2>\n<p>Da, Da, Da! Odgovor na naj\u010de\u0161\u0107e postavljano pitanje na\u0161ih igra\u010da je da &#8211; mo\u017eete igrati najve\u0107e svjetske lutrije bez obzira na zemlju u kojoj \u017eivite. Na Lottomat web stranici, najve\u0107e lutrije su vam dostupne bez potrebe za posjetom bilo kojem uredu za lutriju, uklju\u010duju\u0107i i najbli\u017ei u va\u0161oj zemlji prebivali\u0161ta. U Lottomat-u \u0107ete prona\u0107i lutrije koje jam\u010de najve\u0107e dobitke, me\u0111u njima SuperEnalotto, u kojoj za osvajanje glavne nagrade morate to\u010dno pogoditi 6 brojeva od 90. Tu su tako\u0111er Eurojackpot i EuroMillions, koje su najzna\u010dajnije europske lutrije; za pobjedu trebate samo odabrati pet brojeva od 50. S nama mo\u017eete igrati i French Lotto, UK Lotto ili dvije fantasti\u010dne \u0161panjolske lutrije, El Gordo i La Primitiva, koje nude velike \u0161anse za dobitak. U na\u0161em portfelju prona\u0107i \u0107ete i najve\u0107e ameri\u010dke lutrije, uklju\u010duju\u0107i Powerball, Mega Millions i mnoge druge atraktivne opcije koje vam pru\u017eaju mogu\u0107nost pove\u0107anja va\u0161ih \u0161ansi za dobitak.<\/p>\n<hr \/>\n<h2><img loading=\"lazy\" decoding=\"async\" class=\"alignleft wp-image-21538 lazy loaded\" src=\"https:\/\/lottomat.net\/wp-content\/uploads\/2020\/06\/euro-jackpot-2.png\" alt=\"euro jackpot\" width=\"130\" height=\"130\" data-src=\"https:\/\/lottomat.net\/wp-content\/uploads\/2020\/06\/euro-jackpot-2.png\" data-was-processed=\"true\" srcset=\"https:\/\/lottomat.com\/wp-content\/uploads\/2020\/06\/euro-jackpot-2.png 400w, https:\/\/lottomat.com\/wp-content\/uploads\/2020\/06\/euro-jackpot-2-300x300.png 300w, https:\/\/lottomat.com\/wp-content\/uploads\/2020\/06\/euro-jackpot-2-150x150.png 150w, https:\/\/lottomat.com\/wp-content\/uploads\/2020\/06\/euro-jackpot-2-100x100.png 100w\" sizes=\"auto, (max-width: 130px) 100vw, 130px\" \/>Kako mogu kupiti listi\u0107e?<\/h2>\n<p>Kupnja loto listi\u0107a online je iznimno jednostavna, brza i, iznad svega, sigurna. Sve \u0161to trebate u\u010diniti je odabrati lutriju, odabrati brojeve, dovr\u0161iti jednostavnu registraciju, platiti listi\u0107 i provjeriti jeste li to\u010dno odabrali nakon izvla\u010denja.<\/p>\n<hr \/>\n<h2><img loading=\"lazy\" decoding=\"async\" class=\"alignleft wp-image-21566 lazy loaded\" src=\"https:\/\/lottomat.net\/wp-content\/uploads\/2020\/06\/Euro-Million.png\" alt=\"Euro Million\" width=\"130\" height=\"130\" data-src=\"https:\/\/lottomat.net\/wp-content\/uploads\/2020\/06\/Euro-Million.png\" data-was-processed=\"true\" srcset=\"https:\/\/lottomat.com\/wp-content\/uploads\/2020\/06\/Euro-Million.png 400w, https:\/\/lottomat.com\/wp-content\/uploads\/2020\/06\/Euro-Million-300x300.png 300w, https:\/\/lottomat.com\/wp-content\/uploads\/2020\/06\/Euro-Million-150x150.png 150w, https:\/\/lottomat.com\/wp-content\/uploads\/2020\/06\/Euro-Million-100x100.png 100w\" sizes=\"auto, (max-width: 130px) 100vw, 130px\" \/>\u0160to se doga\u0111a nakon \u0161to naru\u010dim listi\u0107 online?<\/h2>\n<p>Jedan od na\u0161ih predstavnika kupiti \u0107e slu\u017ebeni listi\u0107 u va\u0161e ime prema brojevima koje ste odabrali. Va\u0161 listi\u0107 biti \u0107e pohranjen u sefu do izvla\u010denja, a brojevi koje ste odabrali biti \u0107e na va\u0161em korisni\u010dkom ra\u010dunu na na\u0161oj stranici. Nadalje, kada izvr\u0161ite kupnju, Lottomat \u0107e vas tako\u0111er obavijestiti e-po\u0161tom o iznosu potro\u0161enom na kupnju listi\u0107a, na\u010dinu pla\u0107anja i brojevima koje ste odabrali. Dodatno, skenirana kopija kupljenog listi\u0107a biti \u0107e postavljena na va\u0161 ra\u010dun.<\/p>\n<hr \/>\n<h2><img loading=\"lazy\" decoding=\"async\" class=\"alignleft wp-image-21594 lazy loaded\" src=\"https:\/\/lottomat.net\/wp-content\/uploads\/2020\/06\/Euro-Millions.png\" alt=\"Euro Millions\" width=\"122\" height=\"122\" data-src=\"https:\/\/lottomat.net\/wp-content\/uploads\/2020\/06\/Euro-Millions.png\" data-was-processed=\"true\" srcset=\"https:\/\/lottomat.com\/wp-content\/uploads\/2020\/06\/Euro-Millions.png 400w, https:\/\/lottomat.com\/wp-content\/uploads\/2020\/06\/Euro-Millions-300x300.png 300w, https:\/\/lottomat.com\/wp-content\/uploads\/2020\/06\/Euro-Millions-150x150.png 150w, https:\/\/lottomat.com\/wp-content\/uploads\/2020\/06\/Euro-Millions-100x100.png 100w\" sizes=\"auto, (max-width: 122px) 100vw, 122px\" \/>Kako ne propustiti jackpotove?<\/h2>\n<p>Lottomat \u0107e vas dr\u017eati informiranima o nadolaze\u0107im jackpotovima. Unaprijed \u0107ete primiti e-po\u0161tu koja \u0107e vas podsjetiti na nadolaze\u0107e izvla\u010denje i mo\u0107i \u0107ete planirati svoj raspored igre koriste\u0107i opciju pretplate.<\/p>\n<p>&nbsp;<\/p>\n<hr \/>\n<h2><img loading=\"lazy\" decoding=\"async\" class=\"alignleft wp-image-21622 lazy loaded\" src=\"https:\/\/lottomat.net\/wp-content\/uploads\/2020\/06\/mega-millions.png\" alt=\"mega millions\" width=\"130\" height=\"130\" data-src=\"https:\/\/lottomat.net\/wp-content\/uploads\/2020\/06\/mega-millions.png\" data-was-processed=\"true\" srcset=\"https:\/\/lottomat.com\/wp-content\/uploads\/2020\/06\/mega-millions.png 400w, https:\/\/lottomat.com\/wp-content\/uploads\/2020\/06\/mega-millions-300x300.png 300w, https:\/\/lottomat.com\/wp-content\/uploads\/2020\/06\/mega-millions-150x150.png 150w, https:\/\/lottomat.com\/wp-content\/uploads\/2020\/06\/mega-millions-100x100.png 100w\" sizes=\"auto, (max-width: 130px) 100vw, 130px\" \/>\u0160to ako dobijem?<\/h2>\n<p>Tako\u0111er, u ovom trenutku, Lottomat vam olak\u0161ava prikupljanje va\u0161ih dobitaka. Svi va\u0161i dobici, do 2.500 EUR, automatski se upla\u0107uju na va\u0161 ra\u010dun u na\u0161em sustavu odmah nakon izvla\u010denja i mogu se koristiti za va\u0161e sljede\u0107e kupnje ili zatra\u017eiti kao isplata s va\u0161eg ra\u010duna. Sve to radite online &#8211; prakti\u010dno i sigurno. U slu\u010daju zna\u010dajnih nagrada, Lottomat \u0107e vam pomo\u0107i u odabiru najprikladnijeg oblika primanja nagrade. Velike nagrade obi\u010dno se upla\u0107uju na bankovni ra\u010dun koji navedete i, u nekim slu\u010dajevima, mogu zahtijevati va\u0161u prisutnost za preuzimanje dobitka. I to \u0107emo dogovoriti kako biste se mogli u potpunosti u\u017eivati u dobicima, kao \u0161to su to u\u010dinili mnogi na\u0161i trenutni dobitnici.<\/p>\n<hr \/>\n<h2><img loading=\"lazy\" decoding=\"async\" class=\"alignleft wp-image-21650 lazy loaded\" src=\"https:\/\/lottomat.net\/wp-content\/uploads\/2020\/06\/online-lotto.png\" alt=\"online loto\" width=\"130\" height=\"130\" data-src=\"https:\/\/lottomat.net\/wp-content\/uploads\/2020\/06\/online-lotto.png\" data-was-processed=\"true\" srcset=\"https:\/\/lottomat.com\/wp-content\/uploads\/2020\/06\/online-lotto.png 400w, https:\/\/lottomat.com\/wp-content\/uploads\/2020\/06\/online-lotto-300x300.png 300w, https:\/\/lottomat.com\/wp-content\/uploads\/2020\/06\/online-lotto-150x150.png 150w, https:\/\/lottomat.com\/wp-content\/uploads\/2020\/06\/online-lotto-100x100.png 100w\" sizes=\"auto, (max-width: 130px) 100vw, 130px\" \/>Postoje li metode za pobjedu?<\/h2>\n<p>\u017delimo vas uvjeriti da nismo svjesni takvih metoda. Lutrije, kao i ve\u0107ina igara s brojevima, temelje se na slu\u010dajnosti. Vjerojatno ste \u010duli da je netko otkrio sustav za Loto igru ili neku drugu igru na sre\u0107u. Unato\u010d dokazima koji sugeriraju da se odre\u0111eni brojevi izvla\u010de \u010de\u0161\u0107e od drugih, stru\u010dnjaci se sla\u017eu da ne postoji dokazani sustav. To je Loto paradoks. Ovdje svi imaju jednake \u0161anse, pa mo\u017eda ba\u0161 danas va\u0161 skup brojeva pobijedi. Stoga hajdemo igrati sustavno, jer sre\u0107a se mo\u017ee nasmije\u0161iti u bilo kojem trenutku. Na\u0161i trenutni dobitnici sugeriraju da su redovitost i dosljedna igra klju\u010devi pobjede.<\/p>\n<hr \/>\n<h2 style=\"text-align: center;\"><span style=\"color: #00b3ff;\">S nama mo\u017eete igrati 24\/7, 365 dana u godini.<\/span><\/h2>\n","protected":false},"excerpt":{"rendered":"<p>Mogu li igrati lutrije dostupne u drugim zemljama? Da, Da, Da! Odgovor na naj\u010de\u0161\u0107e postavljano pitanje na\u0161ih igra\u010da je da &#8211; mo\u017eete igrati najve\u0107e svjetske lutrije bez obzira na zemlju u kojoj \u017eivite. Na Lottomat web stranici, najve\u0107e lutrije su vam dostupne bez potrebe za posjetom bilo kojem uredu za lutriju, uklju\u010duju\u0107i i najbli\u017ei u [&hellip;]<\/p>\n","protected":false},"author":1,"featured_media":0,"parent":0,"menu_order":1,"comment_status":"closed","ping_status":"closed","template":"lotto.php","meta":{"_et_pb_use_builder":"","_et_pb_old_content":"","_et_gb_content_width":"","exclude_from_search":false,"footnotes":""},"class_list":["post-6548","page","type-page","status-publish","hentry"],"yoast_head":"<!-- This site is optimized with the Yoast SEO plugin v23.8 - https:\/\/yoast.com\/wordpress\/plugins\/seo\/ -->\n<title>Lotto online - kupujte sre\u0107ke online - Lottomat.com<\/title>\n<meta name=\"description\" content=\"Lottomat nudi najve\u0107e lutrije na svijetu s najboljim jackpotovima. Igrajte online i osvojite veliko! Kupite ulaznice i provjerite rezultate.\" \/>\n<meta name=\"robots\" content=\"index, follow, max-snippet:-1, max-image-preview:large, max-video-preview:-1\" \/>\n<link rel=\"canonical\" href=\"https:\/\/lottomat.com\/hr\/\" \/>\n<meta property=\"og:locale\" content=\"hr_HR\" \/>\n<meta property=\"og:type\" content=\"article\" \/>\n<meta property=\"og:title\" content=\"Lotto online - kupujte sre\u0107ke online - Lottomat.com\" \/>\n<meta property=\"og:description\" content=\"Lottomat nudi najve\u0107e lutrije na svijetu s najboljim jackpotovima. Igrajte online i osvojite veliko! Kupite ulaznice i provjerite rezultate.\" \/>\n<meta property=\"og:url\" content=\"https:\/\/lottomat.com\/hr\/\" \/>\n<meta property=\"og:site_name\" content=\"Lottomat\" \/>\n<meta property=\"article:modified_time\" content=\"2026-02-13T11:13:04+00:00\" \/>\n<meta property=\"og:image\" content=\"https:\/\/lottomat.com\/wp-content\/uploads\/2025\/03\/play-lotteries-available-in-other-countries-300x300.png\" \/>\n<meta name=\"twitter:card\" content=\"summary_large_image\" \/>\n<meta name=\"twitter:label1\" content=\"Procijenjeno vrijeme \u010ditanja\" \/>\n\t<meta name=\"twitter:data1\" content=\"4 minute\" \/>\n<script type=\"application\/ld+json\" class=\"yoast-schema-graph\">{\"@context\":\"https:\/\/schema.org\",\"@graph\":[{\"@type\":\"WebPage\",\"@id\":\"https:\/\/lottomat.com\/hr\/\",\"url\":\"https:\/\/lottomat.com\/hr\/\",\"name\":\"Lotto online - kupujte sre\u0107ke online - Lottomat.com\",\"isPartOf\":{\"@id\":\"https:\/\/lottomat.com\/hr\/#website\"},\"primaryImageOfPage\":{\"@id\":\"https:\/\/lottomat.com\/hr\/#primaryimage\"},\"image\":{\"@id\":\"https:\/\/lottomat.com\/hr\/#primaryimage\"},\"thumbnailUrl\":\"https:\/\/lottomat.com\/wp-content\/uploads\/2025\/03\/play-lotteries-available-in-other-countries-300x300.png\",\"datePublished\":\"2025-03-26T07:12:15+00:00\",\"dateModified\":\"2026-02-13T11:13:04+00:00\",\"description\":\"Lottomat nudi najve\u0107e lutrije na svijetu s najboljim jackpotovima. Igrajte online i osvojite veliko! Kupite ulaznice i provjerite rezultate.\",\"breadcrumb\":{\"@id\":\"https:\/\/lottomat.com\/hr\/#breadcrumb\"},\"inLanguage\":\"hr\",\"potentialAction\":[{\"@type\":\"ReadAction\",\"target\":[\"https:\/\/lottomat.com\/hr\/\"]}]},{\"@type\":\"ImageObject\",\"inLanguage\":\"hr\",\"@id\":\"https:\/\/lottomat.com\/hr\/#primaryimage\",\"url\":\"https:\/\/lottomat.com\/wp-content\/uploads\/2025\/03\/play-lotteries-available-in-other-countries-300x300.png\",\"contentUrl\":\"https:\/\/lottomat.com\/wp-content\/uploads\/2025\/03\/play-lotteries-available-in-other-countries-300x300.png\"},{\"@type\":\"BreadcrumbList\",\"@id\":\"https:\/\/lottomat.com\/hr\/#breadcrumb\",\"itemListElement\":[{\"@type\":\"ListItem\",\"position\":1,\"name\":\"Home\",\"item\":\"https:\/\/lottomat.com\/hr\/\"},{\"@type\":\"ListItem\",\"position\":2,\"name\":\"Lottomat &#8211; najve\u0107e svjetske lutrije na jednom mjestu\"}]},{\"@type\":\"WebSite\",\"@id\":\"https:\/\/lottomat.com\/hr\/#website\",\"url\":\"https:\/\/lottomat.com\/hr\/\",\"name\":\"Lottomat\",\"description\":\"\",\"potentialAction\":[{\"@type\":\"SearchAction\",\"target\":{\"@type\":\"EntryPoint\",\"urlTemplate\":\"https:\/\/lottomat.com\/hr\/?s={search_term_string}\"},\"query-input\":{\"@type\":\"PropertyValueSpecification\",\"valueRequired\":true,\"valueName\":\"search_term_string\"}}],\"inLanguage\":\"hr\"}]}<\/script>\n<!-- \/ Yoast SEO plugin. -->","yoast_head_json":{"title":"Lotto online - kupujte sre\u0107ke online - Lottomat.com","description":"Lottomat nudi najve\u0107e lutrije na svijetu s najboljim jackpotovima. Igrajte online i osvojite veliko! Kupite ulaznice i provjerite rezultate.","robots":{"index":"index","follow":"follow","max-snippet":"max-snippet:-1","max-image-preview":"max-image-preview:large","max-video-preview":"max-video-preview:-1"},"canonical":"https:\/\/lottomat.com\/hr\/","og_locale":"hr_HR","og_type":"article","og_title":"Lotto online - kupujte sre\u0107ke online - Lottomat.com","og_description":"Lottomat nudi najve\u0107e lutrije na svijetu s najboljim jackpotovima. Igrajte online i osvojite veliko! Kupite ulaznice i provjerite rezultate.","og_url":"https:\/\/lottomat.com\/hr\/","og_site_name":"Lottomat","article_modified_time":"2026-02-13T11:13:04+00:00","og_image":[{"url":"https:\/\/lottomat.com\/wp-content\/uploads\/2025\/03\/play-lotteries-available-in-other-countries-300x300.png"}],"twitter_card":"summary_large_image","twitter_misc":{"Procijenjeno vrijeme \u010ditanja":"4 minute"},"schema":{"@context":"https:\/\/schema.org","@graph":[{"@type":"WebPage","@id":"https:\/\/lottomat.com\/hr\/","url":"https:\/\/lottomat.com\/hr\/","name":"Lotto online - kupujte sre\u0107ke online - Lottomat.com","isPartOf":{"@id":"https:\/\/lottomat.com\/hr\/#website"},"primaryImageOfPage":{"@id":"https:\/\/lottomat.com\/hr\/#primaryimage"},"image":{"@id":"https:\/\/lottomat.com\/hr\/#primaryimage"},"thumbnailUrl":"https:\/\/lottomat.com\/wp-content\/uploads\/2025\/03\/play-lotteries-available-in-other-countries-300x300.png","datePublished":"2025-03-26T07:12:15+00:00","dateModified":"2026-02-13T11:13:04+00:00","description":"Lottomat nudi najve\u0107e lutrije na svijetu s najboljim jackpotovima. Igrajte online i osvojite veliko! Kupite ulaznice i provjerite rezultate.","breadcrumb":{"@id":"https:\/\/lottomat.com\/hr\/#breadcrumb"},"inLanguage":"hr","potentialAction":[{"@type":"ReadAction","target":["https:\/\/lottomat.com\/hr\/"]}]},{"@type":"ImageObject","inLanguage":"hr","@id":"https:\/\/lottomat.com\/hr\/#primaryimage","url":"https:\/\/lottomat.com\/wp-content\/uploads\/2025\/03\/play-lotteries-available-in-other-countries-300x300.png","contentUrl":"https:\/\/lottomat.com\/wp-content\/uploads\/2025\/03\/play-lotteries-available-in-other-countries-300x300.png"},{"@type":"BreadcrumbList","@id":"https:\/\/lottomat.com\/hr\/#breadcrumb","itemListElement":[{"@type":"ListItem","position":1,"name":"Home","item":"https:\/\/lottomat.com\/hr\/"},{"@type":"ListItem","position":2,"name":"Lottomat &#8211; najve\u0107e svjetske lutrije na jednom mjestu"}]},{"@type":"WebSite","@id":"https:\/\/lottomat.com\/hr\/#website","url":"https:\/\/lottomat.com\/hr\/","name":"Lottomat","description":"","potentialAction":[{"@type":"SearchAction","target":{"@type":"EntryPoint","urlTemplate":"https:\/\/lottomat.com\/hr\/?s={search_term_string}"},"query-input":{"@type":"PropertyValueSpecification","valueRequired":true,"valueName":"search_term_string"}}],"inLanguage":"hr"}]}},"_links":{"self":[{"href":"https:\/\/lottomat.com\/hr\/wp-json\/wp\/v2\/pages\/6548","targetHints":{"allow":["GET"]}}],"collection":[{"href":"https:\/\/lottomat.com\/hr\/wp-json\/wp\/v2\/pages"}],"about":[{"href":"https:\/\/lottomat.com\/hr\/wp-json\/wp\/v2\/types\/page"}],"author":[{"embeddable":true,"href":"https:\/\/lottomat.com\/hr\/wp-json\/wp\/v2\/users\/1"}],"replies":[{"embeddable":true,"href":"https:\/\/lottomat.com\/hr\/wp-json\/wp\/v2\/comments?post=6548"}],"version-history":[{"count":1,"href":"https:\/\/lottomat.com\/hr\/wp-json\/wp\/v2\/pages\/6548\/revisions"}],"predecessor-version":[{"id":270975,"href":"https:\/\/lottomat.com\/hr\/wp-json\/wp\/v2\/pages\/6548\/revisions\/270975"}],"wp:attachment":[{"href":"https:\/\/lottomat.com\/hr\/wp-json\/wp\/v2\/media?parent=6548"}],"curies":[{"name":"wp","href":"https:\/\/api.w.org\/{rel}","templated":true}]}}