{"id":268462,"date":"2025-05-18T16:34:38","date_gmt":"2025-05-18T16:34:38","guid":{"rendered":"https:\/\/lottomat.com\/?page_id=268462"},"modified":"2026-01-13T22:31:28","modified_gmt":"2026-01-13T22:31:28","slug":"euromillions-eu","status":"publish","type":"page","link":"https:\/\/lottomat.com\/hr\/rezultati\/euromillions-eu\/","title":{"rendered":"Rezultati EuroMillions Austrija &#8211; dobitni brojevi EuroMillions EU"},"content":{"rendered":"\n\n<div class=\"kk-star-ratings kksr-auto kksr-align-left kksr-valign-top\"\n    data-payload='{&quot;align&quot;:&quot;left&quot;,&quot;id&quot;:&quot;268462&quot;,&quot;slug&quot;:&quot;default&quot;,&quot;valign&quot;:&quot;top&quot;,&quot;ignore&quot;:&quot;&quot;,&quot;reference&quot;:&quot;auto&quot;,&quot;class&quot;:&quot;&quot;,&quot;count&quot;:&quot;0&quot;,&quot;legendonly&quot;:&quot;&quot;,&quot;readonly&quot;:&quot;&quot;,&quot;score&quot;:&quot;0&quot;,&quot;starsonly&quot;:&quot;&quot;,&quot;best&quot;:&quot;5&quot;,&quot;gap&quot;:&quot;5&quot;,&quot;greet&quot;:&quot;Rate this page&quot;,&quot;legend&quot;:&quot;0\\\/5 - (0 votes)&quot;,&quot;size&quot;:&quot;30&quot;,&quot;title&quot;:&quot;Rezultati EuroMillions Austrija - dobitni brojevi EuroMillions EU&quot;,&quot;width&quot;:&quot;0&quot;,&quot;_legend&quot;:&quot;{score}\\\/{best} - ({count} {votes})&quot;,&quot;font_factor&quot;:&quot;1.25&quot;}'>\n            \n<div class=\"kksr-stars\">\n    \n<div class=\"kksr-stars-inactive\">\n            <div class=\"kksr-star\" data-star=\"1\" style=\"padding-right: 5px\">\n            \n\n<div class=\"kksr-icon\" style=\"width: 30px; height: 30px;\"><\/div>\n        <\/div>\n            <div class=\"kksr-star\" data-star=\"2\" style=\"padding-right: 5px\">\n            \n\n<div class=\"kksr-icon\" style=\"width: 30px; height: 30px;\"><\/div>\n        <\/div>\n            <div class=\"kksr-star\" data-star=\"3\" style=\"padding-right: 5px\">\n            \n\n<div class=\"kksr-icon\" style=\"width: 30px; height: 30px;\"><\/div>\n        <\/div>\n            <div class=\"kksr-star\" data-star=\"4\" style=\"padding-right: 5px\">\n            \n\n<div class=\"kksr-icon\" style=\"width: 30px; height: 30px;\"><\/div>\n        <\/div>\n            <div class=\"kksr-star\" data-star=\"5\" style=\"padding-right: 5px\">\n            \n\n<div class=\"kksr-icon\" style=\"width: 30px; height: 30px;\"><\/div>\n        <\/div>\n    <\/div>\n    \n<div class=\"kksr-stars-active\" style=\"width: 0px;\">\n            <div class=\"kksr-star\" style=\"padding-right: 5px\">\n            \n\n<div class=\"kksr-icon\" style=\"width: 30px; height: 30px;\"><\/div>\n        <\/div>\n            <div class=\"kksr-star\" style=\"padding-right: 5px\">\n            \n\n<div class=\"kksr-icon\" style=\"width: 30px; height: 30px;\"><\/div>\n        <\/div>\n            <div class=\"kksr-star\" style=\"padding-right: 5px\">\n            \n\n<div class=\"kksr-icon\" style=\"width: 30px; height: 30px;\"><\/div>\n        <\/div>\n            <div class=\"kksr-star\" style=\"padding-right: 5px\">\n            \n\n<div class=\"kksr-icon\" style=\"width: 30px; height: 30px;\"><\/div>\n        <\/div>\n            <div class=\"kksr-star\" style=\"padding-right: 5px\">\n            \n\n<div class=\"kksr-icon\" style=\"width: 30px; height: 30px;\"><\/div>\n        <\/div>\n    <\/div>\n<\/div>\n                \n\n<div class=\"kksr-legend\" style=\"font-size: 24px;\">\n            <span class=\"kksr-muted\">Rate this page<\/span>\n    <\/div>\n    <\/div>\n<h2>Otkrijte uzbu\u0111enje rezultata EuroMillions Austrija<img loading=\"lazy\" decoding=\"async\" class=\"alignright wp-image-268309\" src=\"https:\/\/lottomat.com\/wp-content\/uploads\/2026\/01\/Austrian-EuroMillions-draw.webp\" alt=\"Izvla\u010denje EuroMillions u Austriji\" width=\"200\" height=\"200\" srcset=\"https:\/\/lottomat.com\/wp-content\/uploads\/2026\/01\/Austrian-EuroMillions-draw.webp 400w, https:\/\/lottomat.com\/wp-content\/uploads\/2026\/01\/Austrian-EuroMillions-draw-300x300.webp 300w, https:\/\/lottomat.com\/wp-content\/uploads\/2026\/01\/Austrian-EuroMillions-draw-150x150.webp 150w, https:\/\/lottomat.com\/wp-content\/uploads\/2026\/01\/Austrian-EuroMillions-draw-100x100.webp 100w\" sizes=\"auto, (max-width: 200px) 100vw, 200px\" \/><\/h2>\n<p>Ako ste ikada sanjali o tome da preko no\u0107i promijenite svoj \u017eivot, EuroMillions Austrija je lutrija koja snove pretvara u stvarnost. Sa svojim uzbudljivim izvla\u010denjima, dobitcima koji mijenjaju \u017eivot i pri\u010dama o nevjerojatnim dobitnicima, EuroMillions Austrija svakog tjedna osvaja ma\u0161tu milijuna ljudi diljem Europe. Bilo da ste iskusan igra\u010d ili tek razmi\u0161ljate o kupnji svog prvog listi\u0107a, \u010ditanje o rezultatima i mogu\u0107nostima mo\u017ee probuditi osje\u0107aj uzbu\u0111enja i nade. Zaronimo u svijet rezultata EuroMillions Austrija, istra\u017eimo najve\u0107e dobitke i pogledajmo koliko \u010desto sre\u0107a osmjehne sretnim igra\u010dima!<\/p>\n<h2>Rekordni dobitci: upoznajte najve\u0107e dobitnike EuroMillions Austrija<\/h2>\n<p>Kada je rije\u010d o vrtoglavim jackpotima, EuroMillions Austrija zasigurno je ispisao povijest. Ova lutrija, kao dio \u0161ireg konzorcija EuroMillions, redovito nudi nagrade koje mogu dose\u0107i izvanredne iznose, ponekad i ve\u0107e od 100 milijuna eura. Tijekom godina u Austriji su se dogodili neki izvanredni dobitci koji su zauvijek promijenili \u017eivote onih koji su dr\u017eali sretne listi\u0107e.<img loading=\"lazy\" decoding=\"async\" class=\"alignleft wp-image-268340\" src=\"https:\/\/lottomat.com\/wp-content\/uploads\/2026\/01\/Austrian-EuroMillions-numbers.webp\" alt=\"Dobitni brojevi EuroMillions Austrija\" width=\"200\" height=\"200\" srcset=\"https:\/\/lottomat.com\/wp-content\/uploads\/2026\/01\/Austrian-EuroMillions-numbers.webp 400w, https:\/\/lottomat.com\/wp-content\/uploads\/2026\/01\/Austrian-EuroMillions-numbers-300x300.webp 300w, https:\/\/lottomat.com\/wp-content\/uploads\/2026\/01\/Austrian-EuroMillions-numbers-150x150.webp 150w, https:\/\/lottomat.com\/wp-content\/uploads\/2026\/01\/Austrian-EuroMillions-numbers-100x100.webp 100w\" sizes=\"auto, (max-width: 200px) 100vw, 200px\" \/><\/p>\n<p>Jedan od najpoznatijih dobitaka u Austriji dogodio se u kolovozu 2020., kada je skupina kolega iz Be\u010da osvojila nevjerojatnih 45 milijuna eura. Njihova pri\u010da postala je senzacija diljem zemlje \u2013 prijatelji i obitelj slavili su, a dobitnici jedva su mogli povjerovati svojoj sre\u0107i. To nije bila pobjeda samo jednog pojedinca, ve\u0107 cijelog tima \u010diji su se \u017eivoti zajedni\u010dki promijenili.<\/p>\n<p>Jo\u0161 jedan nezaboravan trenutak dogodio se 2018. godine, kada je igra\u010d iz Salzburga pogodio svih pet glavnih brojeva i obje Sretne zvijezde, osigurav\u0161i jackpot od 30 milijuna eura. Dobitnik je odlu\u010dio ostati anoniman, no lokalni mediji izvijestili su o valu uzbu\u0111enja u Salzburgu, dok je grad brujao od naga\u0111anja i radosti zbog ove vijesti.<\/p>\n<p>Iako su ovo me\u0111u najve\u0107ima, daleko su od jedinih pri\u010da o sre\u0107i. Diljem Austrije, od Graza do Innsbrucka, EuroMillions je stvorio nove milijuna\u0161e, svakog s vlastitom jedinstvenom pri\u010dom o tome kako je jedan listi\u0107 promijenio sve.<\/p>\n<h2>Koliko \u010desto se doga\u0111aju dobitci EuroMillions Austrija?<\/h2>\n<p>Jedan od najuzbudljivijih aspekata EuroMillions Austrija jest u\u010destalost s kojom se osvajaju <a href=\"https:\/\/lottomat.com\/hr\/lutrije\/euromillions\/\">dobitci EuroMillions Austrija koji mijenjaju \u017eivot<\/a>. Uz dva izvla\u010denja svakog tjedna \u2013 utorkom i petkom \u2013 prilike za dobitak su brojne. Zapravo, statistike pokazuju da austrijski igra\u010di redovito osvajaju velike nagrade, kako na razini jackpota tako i u sekundarnim dobitnim razredima.<\/p>\n<p>Izgledi za osvajanje bilo kakvog dobitka u EuroMillionsu ohrabruju\u0107ih su 1 prema 13, \u0161to zna\u010di da gotovo svako izvla\u010denje donosi novi val dobitnika. U Austriji stotine tisu\u0107a igra\u010da svake godine osvoje nagrade, u rasponu od manjih nov\u010danih iznosa do vi\u0161emilijunskih jackpotova.<img loading=\"lazy\" decoding=\"async\" class=\"alignright wp-image-268370\" src=\"https:\/\/lottomat.com\/wp-content\/uploads\/2026\/01\/EuroMillions-Austria-draw.webp\" alt=\"Izvla\u010denje EuroMillions Austrija\" width=\"200\" height=\"200\" srcset=\"https:\/\/lottomat.com\/wp-content\/uploads\/2026\/01\/EuroMillions-Austria-draw.webp 400w, https:\/\/lottomat.com\/wp-content\/uploads\/2026\/01\/EuroMillions-Austria-draw-300x300.webp 300w, https:\/\/lottomat.com\/wp-content\/uploads\/2026\/01\/EuroMillions-Austria-draw-150x150.webp 150w, https:\/\/lottomat.com\/wp-content\/uploads\/2026\/01\/EuroMillions-Austria-draw-100x100.webp 100w\" sizes=\"auto, (max-width: 200px) 100vw, 200px\" \/><\/p>\n<p>Jo\u0161 je uzbudljivije to \u0161to se EuroMillions Austrija \u010desto prenosi, pove\u0107avaju\u0107i jackpot sa svakim izvla\u010denjem sve dok netko ne pogodi sve brojeve. To mo\u017ee dovesti do velikog porasta prodaje listi\u0107a i opipljivog osje\u0107aja i\u0161\u010dekivanja diljem zemlje kako jackpot raste iz kola u kolo.<\/p>\n<p>Ne pobje\u0111uju samo pojedinci. Sindikati \u2013 skupine prijatelja, obitelji ili kolega \u2013 \u010desto se udru\u017euju kako bi zajedno kupovali EuroMillions Austrija listi\u0107e, pove\u0107avaju\u0107i svoje izglede za dobitak i, u mnogim slu\u010dajevima, dijele\u0107i radost velikog dobitka.<\/p>\n<h2>Radost i mogu\u0107nosti dobitka na EuroMillionsu<\/h2>\n<p>Zamislite da se probudite i otkrijete da ste najnoviji milijuna\u0161 u Austriji. Mogu\u0107nosti su beskrajne: putovati svijetom, kupiti dom iz snova, pomo\u0107i svojim najmilijima ili ulagati u projekt iz strasti o kojem ste oduvijek sanjali. Za mnoge dobitnike EuroMillions Austrija, stvarnost velikog dobitka \u010dak je i bolja nego \u0161to su zami\u0161ljali.<\/p>\n<p>Obiluju pri\u010de o dobitnicima koji su svoje novo bogatstvo iskoristili kako bi napravili razliku \u2013 ne samo u vlastitim \u017eivotima, ve\u0107 i u svojim zajednicama. Neki su donirali lokalnim dobrotvornim organizacijama, pokrenuli tvrtke koje su otvorile nova radna mjesta ili ostvarili dugogodi\u0161nje snove. Bilo da je rije\u010d o spontanoj avanturi ili pa\u017eljivo isplaniranoj mirovini, sloboda koju donosi dobitak na EuroMillionsu doista je izvanredna.<\/p>\n<p>Svakog utorka i petka, kada se objave rezultati, tisu\u0107e Austrijanaca osjete nalet uzbu\u0111enja. Provjeravanje brojeva, ma\u0161tanje o tome \u0161to biste u\u010dinili da dobijete i dijeljenje uzbu\u0111enja s prijateljima i obitelji \u2013 sve je to dio \u010darolije koja EuroMillions Austrija \u010dini tako posebnim.<\/p>\n<h2>Provjera rezultata EuroMillions Austrija: va\u0161 prvi korak prema novom \u017eivotu<\/h2>\n<p><img loading=\"lazy\" decoding=\"async\" class=\"alignleft wp-image-268401\" src=\"https:\/\/lottomat.com\/wp-content\/uploads\/2026\/01\/EuroMillions-Austria-results.webp\" alt=\"Rezultati EuroMillions Austrija\" width=\"200\" height=\"200\" srcset=\"https:\/\/lottomat.com\/wp-content\/uploads\/2026\/01\/EuroMillions-Austria-results.webp 400w, https:\/\/lottomat.com\/wp-content\/uploads\/2026\/01\/EuroMillions-Austria-results-300x300.webp 300w, https:\/\/lottomat.com\/wp-content\/uploads\/2026\/01\/EuroMillions-Austria-results-150x150.webp 150w, https:\/\/lottomat.com\/wp-content\/uploads\/2026\/01\/EuroMillions-Austria-results-100x100.webp 100w\" sizes=\"auto, (max-width: 200px) 100vw, 200px\" \/>Pra\u0107enje najnovijih rezultata EuroMillions Austrija klju\u010dno je za svakog igra\u010da. <a href=\"https:\/\/lottomat.com\/hr\/rezultati\/\">Slu\u017ebeni rezultati lutrije<\/a> objavljuju se ubrzo nakon svakog izvla\u010denja, a njihova provjera nikada nije bila jednostavnija \u2013 bilo putem interneta, slu\u017ebenih aplikacija ili kod va\u0161eg lokalnog prodava\u010da lutrije. Kada se objave dobitni brojevi, srca ubrzano kucaju, a nade rastu dok igra\u010di diljem Austrije \u010dekaju ho\u0107e li biti sljede\u0107i sretni dobitnik.<\/p>\n<p>Ako se na\u0111ete s dobitnim listi\u0107em u rukama, postupak je jednostavan. Veliki dobitci mogu se preuzeti u sjedi\u0161tu Austrijske lutrije, uz potpunu podr\u0161ku koja vas vodi kroz svaki korak. \u010cak i ako osvojite manju nagradu, dobitak mo\u017eete preuzeti kod ovla\u0161tenih prodava\u010da, \u010dine\u0107i svaku pobjedu dostupnom i sigurnom.<\/p>\n<p>Zapamtite, svako izvla\u010denje EuroMillions Austrija donosi nove mogu\u0107nosti. \u010cak i ako ne osvojite jackpot, postoji dvanaest razli\u010ditih dobitnih razreda, \u0161to zna\u010di da tisu\u0107e Austrijanaca svakog tjedna osvoje dobitke \u2013 velike i male.<\/p>\n<hr \/>\n<p>EuroMillions Austrija je vi\u0161e od same igre \u2013 to je vrata prema snovima, uzbu\u0111enju i prilici da do\u017eivite \u017eivot na potpuno novi na\u010din. Sa svakim izvla\u010denjem pi\u0161u se nove pri\u010de, a novi dobitnici stupaju u sredi\u0161te pozornosti. Ho\u0107ete li vi biti sljede\u0107i koji \u0107e im se pridru\u017eiti? <a href=\"https:\/\/lottomat.com\/hr\/igrajte\/euromillions-eu\/\">Igrajte EuroMillions Austrija online<\/a>, provjerite najnovije rezultate EuroMillions Austrija i usudite se sanjati veliko!<\/p>\n","protected":false},"excerpt":{"rendered":"<p>Otkrijte uzbu\u0111enje rezultata EuroMillions Austrija Ako ste ikada sanjali o tome da preko no\u0107i promijenite svoj \u017eivot, EuroMillions Austrija je lutrija koja snove pretvara u stvarnost. Sa svojim uzbudljivim izvla\u010denjima, dobitcima koji mijenjaju \u017eivot i pri\u010dama o nevjerojatnim dobitnicima, EuroMillions Austrija svakog tjedna osvaja ma\u0161tu milijuna ljudi diljem Europe. Bilo da ste iskusan igra\u010d ili [&hellip;]<\/p>\n","protected":false},"author":11,"featured_media":0,"parent":7648,"menu_order":0,"comment_status":"closed","ping_status":"closed","template":"euromillions-results.php","meta":{"_et_pb_use_builder":"","_et_pb_old_content":"","_et_gb_content_width":"","exclude_from_search":false,"footnotes":""},"class_list":["post-268462","page","type-page","status-publish","hentry"],"yoast_head":"<!-- This site is optimized with the Yoast SEO plugin v23.8 - https:\/\/yoast.com\/wordpress\/plugins\/seo\/ -->\n<title>Rezultati i dobitni brojevi EuroMillions Austrija - Lottomat Hrvatska<\/title>\n<meta name=\"description\" content=\"Provjerite najnovije rezultate EuroMillions Austrija i dobitne brojeve. Saznajte vi\u0161e o slu\u017ebenim rezultatima izvla\u010denja.\" \/>\n<meta name=\"robots\" content=\"index, follow, max-snippet:-1, max-image-preview:large, max-video-preview:-1\" \/>\n<link rel=\"canonical\" href=\"https:\/\/lottomat.com\/hr\/rezultati\/euromillions-eu\/\" \/>\n<meta property=\"og:locale\" content=\"hr_HR\" \/>\n<meta property=\"og:type\" content=\"article\" \/>\n<meta property=\"og:title\" content=\"Rezultati i dobitni brojevi EuroMillions Austrija - Lottomat Hrvatska\" \/>\n<meta property=\"og:description\" content=\"Provjerite najnovije rezultate EuroMillions Austrija i dobitne brojeve. Saznajte vi\u0161e o slu\u017ebenim rezultatima izvla\u010denja.\" \/>\n<meta property=\"og:url\" content=\"https:\/\/lottomat.com\/hr\/rezultati\/euromillions-eu\/\" \/>\n<meta property=\"og:site_name\" content=\"Lottomat\" \/>\n<meta property=\"article:modified_time\" content=\"2026-01-13T22:31:28+00:00\" \/>\n<meta property=\"og:image\" content=\"https:\/\/lottomat.com\/wp-content\/uploads\/2026\/01\/Austrian-EuroMillions-draw.webp\" \/>\n<meta name=\"twitter:card\" content=\"summary_large_image\" \/>\n<meta name=\"twitter:label1\" content=\"Procijenjeno vrijeme \u010ditanja\" \/>\n\t<meta name=\"twitter:data1\" content=\"5 minuta\" \/>\n<script type=\"application\/ld+json\" class=\"yoast-schema-graph\">{\"@context\":\"https:\/\/schema.org\",\"@graph\":[{\"@type\":\"WebPage\",\"@id\":\"https:\/\/lottomat.com\/hr\/rezultati\/euromillions-eu\/\",\"url\":\"https:\/\/lottomat.com\/hr\/rezultati\/euromillions-eu\/\",\"name\":\"Rezultati i dobitni brojevi EuroMillions Austrija - Lottomat Hrvatska\",\"isPartOf\":{\"@id\":\"https:\/\/lottomat.com\/hr\/#website\"},\"primaryImageOfPage\":{\"@id\":\"https:\/\/lottomat.com\/hr\/rezultati\/euromillions-eu\/#primaryimage\"},\"image\":{\"@id\":\"https:\/\/lottomat.com\/hr\/rezultati\/euromillions-eu\/#primaryimage\"},\"thumbnailUrl\":\"https:\/\/lottomat.com\/wp-content\/uploads\/2026\/01\/Austrian-EuroMillions-draw.webp\",\"datePublished\":\"2025-05-18T16:34:38+00:00\",\"dateModified\":\"2026-01-13T22:31:28+00:00\",\"description\":\"Provjerite najnovije rezultate EuroMillions Austrija i dobitne brojeve. Saznajte vi\u0161e o slu\u017ebenim rezultatima izvla\u010denja.\",\"breadcrumb\":{\"@id\":\"https:\/\/lottomat.com\/hr\/rezultati\/euromillions-eu\/#breadcrumb\"},\"inLanguage\":\"hr\",\"potentialAction\":[{\"@type\":\"ReadAction\",\"target\":[\"https:\/\/lottomat.com\/hr\/rezultati\/euromillions-eu\/\"]}]},{\"@type\":\"ImageObject\",\"inLanguage\":\"hr\",\"@id\":\"https:\/\/lottomat.com\/hr\/rezultati\/euromillions-eu\/#primaryimage\",\"url\":\"https:\/\/lottomat.com\/wp-content\/uploads\/2026\/01\/Austrian-EuroMillions-draw.webp\",\"contentUrl\":\"https:\/\/lottomat.com\/wp-content\/uploads\/2026\/01\/Austrian-EuroMillions-draw.webp\"},{\"@type\":\"BreadcrumbList\",\"@id\":\"https:\/\/lottomat.com\/hr\/rezultati\/euromillions-eu\/#breadcrumb\",\"itemListElement\":[{\"@type\":\"ListItem\",\"position\":1,\"name\":\"Home\",\"item\":\"https:\/\/lottomat.com\/hr\/\"},{\"@type\":\"ListItem\",\"position\":2,\"name\":\"Najnoviji rezultati lutrije i dobitni brojevi\",\"item\":\"https:\/\/lottomat.com\/hr\/rezultati\/\"},{\"@type\":\"ListItem\",\"position\":3,\"name\":\"Rezultati EuroMillions Austrija &#8211; dobitni brojevi EuroMillions EU\"}]},{\"@type\":\"WebSite\",\"@id\":\"https:\/\/lottomat.com\/hr\/#website\",\"url\":\"https:\/\/lottomat.com\/hr\/\",\"name\":\"Lottomat\",\"description\":\"\",\"potentialAction\":[{\"@type\":\"SearchAction\",\"target\":{\"@type\":\"EntryPoint\",\"urlTemplate\":\"https:\/\/lottomat.com\/hr\/?s={search_term_string}\"},\"query-input\":{\"@type\":\"PropertyValueSpecification\",\"valueRequired\":true,\"valueName\":\"search_term_string\"}}],\"inLanguage\":\"hr\"}]}<\/script>\n<!-- \/ Yoast SEO plugin. -->","yoast_head_json":{"title":"Rezultati i dobitni brojevi EuroMillions Austrija - Lottomat Hrvatska","description":"Provjerite najnovije rezultate EuroMillions Austrija i dobitne brojeve. Saznajte vi\u0161e o slu\u017ebenim rezultatima izvla\u010denja.","robots":{"index":"index","follow":"follow","max-snippet":"max-snippet:-1","max-image-preview":"max-image-preview:large","max-video-preview":"max-video-preview:-1"},"canonical":"https:\/\/lottomat.com\/hr\/rezultati\/euromillions-eu\/","og_locale":"hr_HR","og_type":"article","og_title":"Rezultati i dobitni brojevi EuroMillions Austrija - Lottomat Hrvatska","og_description":"Provjerite najnovije rezultate EuroMillions Austrija i dobitne brojeve. Saznajte vi\u0161e o slu\u017ebenim rezultatima izvla\u010denja.","og_url":"https:\/\/lottomat.com\/hr\/rezultati\/euromillions-eu\/","og_site_name":"Lottomat","article_modified_time":"2026-01-13T22:31:28+00:00","og_image":[{"url":"https:\/\/lottomat.com\/wp-content\/uploads\/2026\/01\/Austrian-EuroMillions-draw.webp"}],"twitter_card":"summary_large_image","twitter_misc":{"Procijenjeno vrijeme \u010ditanja":"5 minuta"},"schema":{"@context":"https:\/\/schema.org","@graph":[{"@type":"WebPage","@id":"https:\/\/lottomat.com\/hr\/rezultati\/euromillions-eu\/","url":"https:\/\/lottomat.com\/hr\/rezultati\/euromillions-eu\/","name":"Rezultati i dobitni brojevi EuroMillions Austrija - Lottomat Hrvatska","isPartOf":{"@id":"https:\/\/lottomat.com\/hr\/#website"},"primaryImageOfPage":{"@id":"https:\/\/lottomat.com\/hr\/rezultati\/euromillions-eu\/#primaryimage"},"image":{"@id":"https:\/\/lottomat.com\/hr\/rezultati\/euromillions-eu\/#primaryimage"},"thumbnailUrl":"https:\/\/lottomat.com\/wp-content\/uploads\/2026\/01\/Austrian-EuroMillions-draw.webp","datePublished":"2025-05-18T16:34:38+00:00","dateModified":"2026-01-13T22:31:28+00:00","description":"Provjerite najnovije rezultate EuroMillions Austrija i dobitne brojeve. Saznajte vi\u0161e o slu\u017ebenim rezultatima izvla\u010denja.","breadcrumb":{"@id":"https:\/\/lottomat.com\/hr\/rezultati\/euromillions-eu\/#breadcrumb"},"inLanguage":"hr","potentialAction":[{"@type":"ReadAction","target":["https:\/\/lottomat.com\/hr\/rezultati\/euromillions-eu\/"]}]},{"@type":"ImageObject","inLanguage":"hr","@id":"https:\/\/lottomat.com\/hr\/rezultati\/euromillions-eu\/#primaryimage","url":"https:\/\/lottomat.com\/wp-content\/uploads\/2026\/01\/Austrian-EuroMillions-draw.webp","contentUrl":"https:\/\/lottomat.com\/wp-content\/uploads\/2026\/01\/Austrian-EuroMillions-draw.webp"},{"@type":"BreadcrumbList","@id":"https:\/\/lottomat.com\/hr\/rezultati\/euromillions-eu\/#breadcrumb","itemListElement":[{"@type":"ListItem","position":1,"name":"Home","item":"https:\/\/lottomat.com\/hr\/"},{"@type":"ListItem","position":2,"name":"Najnoviji rezultati lutrije i dobitni brojevi","item":"https:\/\/lottomat.com\/hr\/rezultati\/"},{"@type":"ListItem","position":3,"name":"Rezultati EuroMillions Austrija &#8211; dobitni brojevi EuroMillions EU"}]},{"@type":"WebSite","@id":"https:\/\/lottomat.com\/hr\/#website","url":"https:\/\/lottomat.com\/hr\/","name":"Lottomat","description":"","potentialAction":[{"@type":"SearchAction","target":{"@type":"EntryPoint","urlTemplate":"https:\/\/lottomat.com\/hr\/?s={search_term_string}"},"query-input":{"@type":"PropertyValueSpecification","valueRequired":true,"valueName":"search_term_string"}}],"inLanguage":"hr"}]}},"_links":{"self":[{"href":"https:\/\/lottomat.com\/hr\/wp-json\/wp\/v2\/pages\/268462","targetHints":{"allow":["GET"]}}],"collection":[{"href":"https:\/\/lottomat.com\/hr\/wp-json\/wp\/v2\/pages"}],"about":[{"href":"https:\/\/lottomat.com\/hr\/wp-json\/wp\/v2\/types\/page"}],"author":[{"embeddable":true,"href":"https:\/\/lottomat.com\/hr\/wp-json\/wp\/v2\/users\/11"}],"replies":[{"embeddable":true,"href":"https:\/\/lottomat.com\/hr\/wp-json\/wp\/v2\/comments?post=268462"}],"version-history":[{"count":4,"href":"https:\/\/lottomat.com\/hr\/wp-json\/wp\/v2\/pages\/268462\/revisions"}],"predecessor-version":[{"id":268470,"href":"https:\/\/lottomat.com\/hr\/wp-json\/wp\/v2\/pages\/268462\/revisions\/268470"}],"up":[{"embeddable":true,"href":"https:\/\/lottomat.com\/hr\/wp-json\/wp\/v2\/pages\/7648"}],"wp:attachment":[{"href":"https:\/\/lottomat.com\/hr\/wp-json\/wp\/v2\/media?parent=268462"}],"curies":[{"name":"wp","href":"https:\/\/api.w.org\/{rel}","templated":true}]}}