{"id":268455,"date":"2025-05-18T16:39:08","date_gmt":"2025-05-18T16:39:08","guid":{"rendered":"https:\/\/lottomat.com\/?page_id=268455"},"modified":"2026-01-13T21:51:50","modified_gmt":"2026-01-13T21:51:50","slug":"euromillions-eu","status":"publish","type":"page","link":"https:\/\/lottomat.com\/hr\/igrajte\/euromillions-eu\/","title":{"rendered":"Euromillions EU Online &#8211; EuroMillions Austrija listi\u0107i"},"content":{"rendered":"\n\n<div class=\"kk-star-ratings kksr-auto kksr-align-left kksr-valign-top\"\n    data-payload='{&quot;align&quot;:&quot;left&quot;,&quot;id&quot;:&quot;268455&quot;,&quot;slug&quot;:&quot;default&quot;,&quot;valign&quot;:&quot;top&quot;,&quot;ignore&quot;:&quot;&quot;,&quot;reference&quot;:&quot;auto&quot;,&quot;class&quot;:&quot;&quot;,&quot;count&quot;:&quot;0&quot;,&quot;legendonly&quot;:&quot;&quot;,&quot;readonly&quot;:&quot;&quot;,&quot;score&quot;:&quot;0&quot;,&quot;starsonly&quot;:&quot;&quot;,&quot;best&quot;:&quot;5&quot;,&quot;gap&quot;:&quot;5&quot;,&quot;greet&quot;:&quot;Rate this page&quot;,&quot;legend&quot;:&quot;0\\\/5 - (0 votes)&quot;,&quot;size&quot;:&quot;30&quot;,&quot;title&quot;:&quot;Euromillions EU Online - EuroMillions Austrija listi\u0107i&quot;,&quot;width&quot;:&quot;0&quot;,&quot;_legend&quot;:&quot;{score}\\\/{best} - ({count} {votes})&quot;,&quot;font_factor&quot;:&quot;1.25&quot;}'>\n            \n<div class=\"kksr-stars\">\n    \n<div class=\"kksr-stars-inactive\">\n            <div class=\"kksr-star\" data-star=\"1\" style=\"padding-right: 5px\">\n            \n\n<div class=\"kksr-icon\" style=\"width: 30px; height: 30px;\"><\/div>\n        <\/div>\n            <div class=\"kksr-star\" data-star=\"2\" style=\"padding-right: 5px\">\n            \n\n<div class=\"kksr-icon\" style=\"width: 30px; height: 30px;\"><\/div>\n        <\/div>\n            <div class=\"kksr-star\" data-star=\"3\" style=\"padding-right: 5px\">\n            \n\n<div class=\"kksr-icon\" style=\"width: 30px; height: 30px;\"><\/div>\n        <\/div>\n            <div class=\"kksr-star\" data-star=\"4\" style=\"padding-right: 5px\">\n            \n\n<div class=\"kksr-icon\" style=\"width: 30px; height: 30px;\"><\/div>\n        <\/div>\n            <div class=\"kksr-star\" data-star=\"5\" style=\"padding-right: 5px\">\n            \n\n<div class=\"kksr-icon\" style=\"width: 30px; height: 30px;\"><\/div>\n        <\/div>\n    <\/div>\n    \n<div class=\"kksr-stars-active\" style=\"width: 0px;\">\n            <div class=\"kksr-star\" style=\"padding-right: 5px\">\n            \n\n<div class=\"kksr-icon\" style=\"width: 30px; height: 30px;\"><\/div>\n        <\/div>\n            <div class=\"kksr-star\" style=\"padding-right: 5px\">\n            \n\n<div class=\"kksr-icon\" style=\"width: 30px; height: 30px;\"><\/div>\n        <\/div>\n            <div class=\"kksr-star\" style=\"padding-right: 5px\">\n            \n\n<div class=\"kksr-icon\" style=\"width: 30px; height: 30px;\"><\/div>\n        <\/div>\n            <div class=\"kksr-star\" style=\"padding-right: 5px\">\n            \n\n<div class=\"kksr-icon\" style=\"width: 30px; height: 30px;\"><\/div>\n        <\/div>\n            <div class=\"kksr-star\" style=\"padding-right: 5px\">\n            \n\n<div class=\"kksr-icon\" style=\"width: 30px; height: 30px;\"><\/div>\n        <\/div>\n    <\/div>\n<\/div>\n                \n\n<div class=\"kksr-legend\" style=\"font-size: 24px;\">\n            <span class=\"kksr-muted\">Rate this page<\/span>\n    <\/div>\n    <\/div>\n<h2>Otkrijte uzbu\u0111enje Euromillions EU \u2013 austrijski put do velikih dobitaka<\/h2>\n<p><img loading=\"lazy\" decoding=\"async\" class=\"alignright wp-image-268063\" src=\"https:\/\/lottomat.com\/wp-content\/uploads\/2026\/01\/Austrian-EuroMillions.webp\" alt=\"Austrijski EuroMillions\" width=\"200\" height=\"200\" srcset=\"https:\/\/lottomat.com\/wp-content\/uploads\/2026\/01\/Austrian-EuroMillions.webp 400w, https:\/\/lottomat.com\/wp-content\/uploads\/2026\/01\/Austrian-EuroMillions-300x300.webp 300w, https:\/\/lottomat.com\/wp-content\/uploads\/2026\/01\/Austrian-EuroMillions-150x150.webp 150w, https:\/\/lottomat.com\/wp-content\/uploads\/2026\/01\/Austrian-EuroMillions-100x100.webp 100w\" sizes=\"auto, (max-width: 200px) 100vw, 200px\" \/><\/p>\n<p>Zamislite da se probudite u \u017eivotu u kojem su svi va\u0161i snovi nadohvat ruke, gdje su brojevi koje ste odabrali sino\u0107 zauvijek promijenili va\u0161u budu\u0107nost. To je uzbu\u0111enje koje \u010deka svakog sudionika u <strong>Euromillions EU<\/strong>, poznatom i kao <strong>EuroMillions Austrija<\/strong>. S jackpotovima koji poti\u010du ma\u0161tu i uzbu\u0111enjem milijuna igra\u010da, ova lutrija va\u0161 je listi\u0107 za svijet pun mogu\u0107nosti.<\/p>\n<p>Euromillions EU nije samo jo\u0161 jedna lutrija \u2013 to je iskustvo koje ujedinjuje igra\u010de diljem kontinenta u zajedni\u010dkoj nadi za velikim dobitkom. I\u0161\u010dekivanje, uzbu\u0111enje ve\u010deri izvla\u010denja i prilika da se pridru\u017eite najve\u0107im europskim dobitnicima \u2013 sve po\u010dinje s jednim listi\u0107em.<\/p>\n<h2>\u0160to EuroMillions Austrija \u010dini jedinstvenim?<\/h2>\n<p>Ako ste upoznati s globalnim fenomenom EuroMillionsa, mo\u017eda se pitate po \u010demu se EU verzija \u2013 posebno EuroMillions Austrija \u2013 razlikuje od britanske ina\u010dice. Odgovor le\u017ei u detaljima, a za ljubitelje lutrije ti detalji su va\u017eni.<\/p>\n<p><img loading=\"lazy\" decoding=\"async\" class=\"alignleft wp-image-268094\" src=\"https:\/\/lottomat.com\/wp-content\/uploads\/2026\/01\/EuroMillions-Austria-online.webp\" alt=\"EuroMillions Austrija online\" width=\"200\" height=\"200\" srcset=\"https:\/\/lottomat.com\/wp-content\/uploads\/2026\/01\/EuroMillions-Austria-online.webp 400w, https:\/\/lottomat.com\/wp-content\/uploads\/2026\/01\/EuroMillions-Austria-online-300x300.webp 300w, https:\/\/lottomat.com\/wp-content\/uploads\/2026\/01\/EuroMillions-Austria-online-150x150.webp 150w, https:\/\/lottomat.com\/wp-content\/uploads\/2026\/01\/EuroMillions-Austria-online-100x100.webp 100w\" sizes=\"auto, (max-width: 200px) 100vw, 200px\" \/>Euromillions EU slijedi <a href=\"https:\/\/lottomat.com\/hr\/lutrije\/euromillions\/\">klasi\u010dni EuroMillions format<\/a>, ali se listi\u0107i kupuju, a dobitci ispla\u0107uju prema austrijskim pravilima i poreznim propisima. To \u010desto zna\u010di druga\u010dije strukture isplata i ponekad povoljnije porezne uvjete za dobitnike, ovisno o zemlji prebivali\u0161ta. Za razliku od britanske verzije, gdje se listi\u0107i kupuju u funtama i podlije\u017eu britanskim lutrijskim propisima, EuroMillions Austrija posluje u eurima i slijedi austrijske zakone o igrama na sre\u0107u. To mo\u017ee napraviti razliku ne samo u na\u010dinu na koji igrate, ve\u0107 i u tome koliko \u0107ete na kraju ponijeti ku\u0107i ako pobijedite.<\/p>\n<p>Jo\u0161 jedna zna\u010dajna razlika je raspon dodatnih igara i nagradnih izvla\u010denja koja ponekad prate EuroMillions UK izvla\u010denja, poput UK Millionaire Makera. Iako su one dostupne isklju\u010divo britanskim sudionicima, igranjem putem Euromillions EU postajete dio istinski paneuropskog lutrijskog iskustva, dijele\u0107i uzbu\u0111enje s igra\u010dima iz Austrije, \u0160panjolske, Francuske, Portugala, Belgije, Irske, Luksemburga i \u0160vicarske. Osje\u0107aj zajedni\u0161tva i razmjeri igre \u010dine svako izvla\u010denje doista me\u0111unarodnim doga\u0111ajem.<\/p>\n<h2>Ritam uzbu\u0111enja \u2013 kada se odr\u017eavaju izvla\u010denja?<\/h2>\n<p>Euromillions EU odr\u017eava uzbu\u0111enje s dva izvla\u010denja svakog tjedna, koja se odr\u017eavaju svakog utorka i petka nave\u010der. Ovaj redoviti ritam zna\u010di da prilika da promijenite svoj \u017eivot nikada nije daleko \u2013 samo nekoliko dana dijeli svaku \u0161ansu da postanete sljede\u0107i veliki europski dobitnik. I\u0161\u010dekivanje raste tijekom tjedna, a svako izvla\u010denje je novi po\u010detak, nova prilika za sre\u0107u koja mo\u017ee biti iza ugla.<\/p>\n<p>Postoji posebna \u010dar u spoznaji da \u0107e dvaput tjedno netko, negdje u Europi, vidjeti kako se njegovi brojevi izvla\u010de. Za\u0161to to ne biste bili vi? Uz tako \u010desta izvla\u010denja, Euromillions EU nudi obilje prilika za igru, sanjanje i dobitak.<\/p>\n<h2>Za\u0161to igrati EuroMillions Austrija? Radost lova na velike snove<\/h2>\n<p>Prava \u010dar Euromillions EU le\u017ei u \u017eivotnim mogu\u0107nostima koje nudi. Jackpotovi redovito dose\u017eu vrtoglave iznose, ponekad prelaze\u0107i 200 milijuna eura. Zamislite \u0161to biste mogli u\u010diniti s takvim dobitkom \u2013 bilo da se radi o putovanju svijetom, kupnji ku\u0107e iz snova, osiguravanju budu\u0107nosti svoje obitelji ili podr\u0161ci ciljevima koji su vam najbli\u017ei srcu. Horizont se \u0161iri, a jedina granica je va\u0161a ma\u0161ta.<\/p>\n<p>No, osim ogromnih isplata, postoji ne\u0161to duboko ispunjavaju\u0107e u tome da ste dio tako legendarne lutrije. Svaki listi\u0107 je obe\u0107anje nade, mala investicija u vjeru da bi vam se sre\u0107a mogla nasmije\u0161iti ve\u0107 sljede\u0107i put. Samo i\u0161\u010dekivanje izvla\u010denja, trenutak kada se va\u0161i brojevi pro\u010ditaju i nalet adrenalina koji slijedi \u2013 to je iskustvo koje unosi uzbu\u0111enje u svakodnevni \u017eivot.<img loading=\"lazy\" decoding=\"async\" class=\"alignright wp-image-268125\" src=\"https:\/\/lottomat.com\/wp-content\/uploads\/2026\/01\/EuroMillions-Austria-tickets.webp\" alt=\"EuroMillions Austrija listi\u0107i\" width=\"200\" height=\"200\" srcset=\"https:\/\/lottomat.com\/wp-content\/uploads\/2026\/01\/EuroMillions-Austria-tickets.webp 400w, https:\/\/lottomat.com\/wp-content\/uploads\/2026\/01\/EuroMillions-Austria-tickets-300x300.webp 300w, https:\/\/lottomat.com\/wp-content\/uploads\/2026\/01\/EuroMillions-Austria-tickets-150x150.webp 150w, https:\/\/lottomat.com\/wp-content\/uploads\/2026\/01\/EuroMillions-Austria-tickets-100x100.webp 100w\" sizes=\"auto, (max-width: 200px) 100vw, 200px\" \/><\/p>\n<p>Kako biste u potpunosti prigrlili lutrijski stil \u017eivota, dosljednost je klju\u010dna. Najuspje\u0161niji igra\u010di znaju da je redovito igranje tajna pove\u0107anja va\u0161ih \u0161ansi. Svako propu\u0161teno izvla\u010denje je izgubljena prilika, stoga neka vam to postane navika \u2013 kupite svoje listi\u0107e, odaberite brojeve, pri\u010dekajte <a href=\"https:\/\/lottomat.com\/hr\/igrajte\/euromillions\/\">slu\u017ebene EuroMillions Austrija rezultate<\/a> i ostanite u igri. Uostalom, ne mo\u017eete pobijediti ako ne igrate, a nikada ne znate kada \u0107e do\u0107i va\u0161 sretan dan.<\/p>\n<h2>Vi\u0161e od samog Euromillionsa \u2013 svijet vas \u010deka na Lottomatu<\/h2>\n<p>Iako su Euromillions EU i njegova britanska ina\u010dica me\u0111u <a href=\"https:\/\/lottomat.com\/hr\/igrajte\/\">najpopularnijim lutrijama u Europi<\/a>, one su tek po\u010detak onoga \u0161to je mogu\u0107e na Lottomatu. Na\u0161a platforma donosi cijeli svijet lutrije nadohvat va\u0161e ruke \u2013 od mo\u0107nog Powerballa i <a href=\"https:\/\/lottomat.com\/hr\/igrajte\/mega-millions\/\">Mega Millionsa<\/a> u Sjedinjenim Ameri\u010dkim Dr\u017eavama, do talijanskog <a href=\"https:\/\/lottomat.com\/hr\/igrajte\/superenalotto\/\">SuperEnalotta<\/a>, \u0161panjolskog El Gorda i mnogih drugih. Svaka lutrija nudi svoj jedinstveni karakter, kvote i veli\u010dine jackpota, pru\u017eaju\u0107i vam bezbroj na\u010dina za igru i pobjedu.<\/p>\n<p>Igranje vi\u0161e lutrija strategija je koju prihva\u0107aju mnogi iskusni igra\u010di. Raspodjelom uloga na razli\u010dite igre ne samo da pro\u0161irujete svoje horizonte, ve\u0107 i zna\u010dajno pove\u0107avate \u0161anse za veliki dobitak. Svaki listi\u0107 je nova prilika, svako izvla\u010denje nova avantura. Na Lottomatu imate slobodu istra\u017eivati, eksperimentirati i prona\u0107i igre koje odgovaraju va\u0161em osje\u0107aju uzbu\u0111enja.<\/p>\n<p>Svijet lutrija prepun je pri\u010da \u2013 o obi\u010dnim ljudima \u010diji su se \u017eivoti promijenili u trenu, o ostvarenim snovima i ispisanim novim sudbinama. Sa svakim kupljenim listi\u0107em pridru\u017eujete se ovoj globalnoj zajednici sanjara i dobitnika. Sljede\u0107a pri\u010da mogla bi biti va\u0161a.<\/p>\n<h2>Va\u0161e putovanje prema sre\u0107i po\u010dinje ovdje<\/h2>\n<p><img loading=\"lazy\" decoding=\"async\" class=\"alignleft wp-image-268155\" src=\"https:\/\/lottomat.com\/wp-content\/uploads\/2026\/01\/play-EuroMillions-Austria.webp\" alt=\"igrajte EuroMillions Austrija\" width=\"200\" height=\"200\" srcset=\"https:\/\/lottomat.com\/wp-content\/uploads\/2026\/01\/play-EuroMillions-Austria.webp 400w, https:\/\/lottomat.com\/wp-content\/uploads\/2026\/01\/play-EuroMillions-Austria-300x300.webp 300w, https:\/\/lottomat.com\/wp-content\/uploads\/2026\/01\/play-EuroMillions-Austria-150x150.webp 150w, https:\/\/lottomat.com\/wp-content\/uploads\/2026\/01\/play-EuroMillions-Austria-100x100.webp 100w\" sizes=\"auto, (max-width: 200px) 100vw, 200px\" \/>Euromillions EU je vi\u0161e od same igre \u2013 to je ulaz u svjetliju budu\u0107nost. Uzbu\u0111enje i\u0161\u010dekivanja, radost mogu\u0107nosti i prilika da postanete jedan od najve\u0107ih europskih dobitnika nadohvat su vam ruke. Bilo da igrate prvi put ili ste iskusan ljubitelj lutrije, nema boljeg trenutka za uklju\u010divanje.<\/p>\n<p>Zapamtite, klju\u010d pobjede je sudjelovanje. \u0160to vi\u0161e igrate, ve\u0107e su vam \u0161anse da se pridru\u017eite redovima sretnika kojima je jedan listi\u0107 promijenio \u017eivot. Ne dopustite da vam jo\u0161 jedno izvla\u010denje promakne \u2013 iskoristite svoju priliku, prigrlite uzbu\u0111enje i dopustite da vam Euromillions EU otvori vrata \u017eivota o kojem ste oduvijek sanjali.<\/p>\n<p>A ako \u017eelite dodatno pove\u0107ati svoje \u0161anse, istra\u017eite bogat izbor me\u0111unarodnih lutrija na Lottomatu. Svaka igra je nova mogu\u0107nost, novi horizont i novi razlog za vjerovanje da sre\u0107a prati hrabre. Va\u0161a avantura po\u010dinje sada \u2013 jeste li spremni igrati?<\/p>\n","protected":false},"excerpt":{"rendered":"<p>Otkrijte uzbu\u0111enje Euromillions EU \u2013 austrijski put do velikih dobitaka Zamislite da se probudite u \u017eivotu u kojem su svi va\u0161i snovi nadohvat ruke, gdje su brojevi koje ste odabrali sino\u0107 zauvijek promijenili va\u0161u budu\u0107nost. To je uzbu\u0111enje koje \u010deka svakog sudionika u Euromillions EU, poznatom i kao EuroMillions Austrija. S jackpotovima koji poti\u010du ma\u0161tu [&hellip;]<\/p>\n","protected":false},"author":11,"featured_media":0,"parent":6760,"menu_order":0,"comment_status":"closed","ping_status":"closed","template":"euromillions-at.php","meta":{"_et_pb_use_builder":"","_et_pb_old_content":"","_et_gb_content_width":"","exclude_from_search":false,"footnotes":""},"class_list":["post-268455","page","type-page","status-publish","hentry"],"yoast_head":"<!-- This site is optimized with the Yoast SEO plugin v23.8 - https:\/\/yoast.com\/wordpress\/plugins\/seo\/ -->\n<title>EuroMillions Austrija Online - Kupite listi\u0107e - LottoMat Hrvatska<\/title>\n<meta name=\"description\" content=\"Igrajte EuroMillions Austrija online na Lottomatu. Ovdje mo\u017eete kupiti EuroMillions Austrija listi\u0107e online za nadolaze\u0107e izvla\u010denje. Pridru\u017eite se sada!\" \/>\n<meta name=\"robots\" content=\"index, follow, max-snippet:-1, max-image-preview:large, max-video-preview:-1\" \/>\n<link rel=\"canonical\" href=\"https:\/\/lottomat.com\/hr\/igrajte\/euromillions-eu\/\" \/>\n<meta property=\"og:locale\" content=\"hr_HR\" \/>\n<meta property=\"og:type\" content=\"article\" \/>\n<meta property=\"og:title\" content=\"EuroMillions Austrija Online - Kupite listi\u0107e - LottoMat Hrvatska\" \/>\n<meta property=\"og:description\" content=\"Igrajte EuroMillions Austrija online na Lottomatu. Ovdje mo\u017eete kupiti EuroMillions Austrija listi\u0107e online za nadolaze\u0107e izvla\u010denje. Pridru\u017eite se sada!\" \/>\n<meta property=\"og:url\" content=\"https:\/\/lottomat.com\/hr\/igrajte\/euromillions-eu\/\" \/>\n<meta property=\"og:site_name\" content=\"Lottomat\" \/>\n<meta property=\"article:modified_time\" content=\"2026-01-13T21:51:50+00:00\" \/>\n<meta property=\"og:image\" content=\"https:\/\/lottomat.com\/wp-content\/uploads\/2026\/01\/Austrian-EuroMillions.webp\" \/>\n<meta name=\"twitter:card\" content=\"summary_large_image\" \/>\n<meta name=\"twitter:label1\" content=\"Procijenjeno vrijeme \u010ditanja\" \/>\n\t<meta name=\"twitter:data1\" content=\"5 minuta\" \/>\n<script type=\"application\/ld+json\" class=\"yoast-schema-graph\">{\"@context\":\"https:\/\/schema.org\",\"@graph\":[{\"@type\":\"WebPage\",\"@id\":\"https:\/\/lottomat.com\/hr\/igrajte\/euromillions-eu\/\",\"url\":\"https:\/\/lottomat.com\/hr\/igrajte\/euromillions-eu\/\",\"name\":\"EuroMillions Austrija Online - Kupite listi\u0107e - LottoMat Hrvatska\",\"isPartOf\":{\"@id\":\"https:\/\/lottomat.com\/hr\/#website\"},\"primaryImageOfPage\":{\"@id\":\"https:\/\/lottomat.com\/hr\/igrajte\/euromillions-eu\/#primaryimage\"},\"image\":{\"@id\":\"https:\/\/lottomat.com\/hr\/igrajte\/euromillions-eu\/#primaryimage\"},\"thumbnailUrl\":\"https:\/\/lottomat.com\/wp-content\/uploads\/2026\/01\/Austrian-EuroMillions.webp\",\"datePublished\":\"2025-05-18T16:39:08+00:00\",\"dateModified\":\"2026-01-13T21:51:50+00:00\",\"description\":\"Igrajte EuroMillions Austrija online na Lottomatu. Ovdje mo\u017eete kupiti EuroMillions Austrija listi\u0107e online za nadolaze\u0107e izvla\u010denje. Pridru\u017eite se sada!\",\"breadcrumb\":{\"@id\":\"https:\/\/lottomat.com\/hr\/igrajte\/euromillions-eu\/#breadcrumb\"},\"inLanguage\":\"hr\",\"potentialAction\":[{\"@type\":\"ReadAction\",\"target\":[\"https:\/\/lottomat.com\/hr\/igrajte\/euromillions-eu\/\"]}]},{\"@type\":\"ImageObject\",\"inLanguage\":\"hr\",\"@id\":\"https:\/\/lottomat.com\/hr\/igrajte\/euromillions-eu\/#primaryimage\",\"url\":\"https:\/\/lottomat.com\/wp-content\/uploads\/2026\/01\/Austrian-EuroMillions.webp\",\"contentUrl\":\"https:\/\/lottomat.com\/wp-content\/uploads\/2026\/01\/Austrian-EuroMillions.webp\"},{\"@type\":\"BreadcrumbList\",\"@id\":\"https:\/\/lottomat.com\/hr\/igrajte\/euromillions-eu\/#breadcrumb\",\"itemListElement\":[{\"@type\":\"ListItem\",\"position\":1,\"name\":\"Home\",\"item\":\"https:\/\/lottomat.com\/hr\/\"},{\"@type\":\"ListItem\",\"position\":2,\"name\":\"Igraj Loto\",\"item\":\"https:\/\/lottomat.com\/hr\/igrajte\/\"},{\"@type\":\"ListItem\",\"position\":3,\"name\":\"Euromillions EU Online &#8211; EuroMillions Austrija listi\u0107i\"}]},{\"@type\":\"WebSite\",\"@id\":\"https:\/\/lottomat.com\/hr\/#website\",\"url\":\"https:\/\/lottomat.com\/hr\/\",\"name\":\"Lottomat\",\"description\":\"\",\"potentialAction\":[{\"@type\":\"SearchAction\",\"target\":{\"@type\":\"EntryPoint\",\"urlTemplate\":\"https:\/\/lottomat.com\/hr\/?s={search_term_string}\"},\"query-input\":{\"@type\":\"PropertyValueSpecification\",\"valueRequired\":true,\"valueName\":\"search_term_string\"}}],\"inLanguage\":\"hr\"}]}<\/script>\n<!-- \/ Yoast SEO plugin. -->","yoast_head_json":{"title":"EuroMillions Austrija Online - Kupite listi\u0107e - LottoMat Hrvatska","description":"Igrajte EuroMillions Austrija online na Lottomatu. Ovdje mo\u017eete kupiti EuroMillions Austrija listi\u0107e online za nadolaze\u0107e izvla\u010denje. Pridru\u017eite se sada!","robots":{"index":"index","follow":"follow","max-snippet":"max-snippet:-1","max-image-preview":"max-image-preview:large","max-video-preview":"max-video-preview:-1"},"canonical":"https:\/\/lottomat.com\/hr\/igrajte\/euromillions-eu\/","og_locale":"hr_HR","og_type":"article","og_title":"EuroMillions Austrija Online - Kupite listi\u0107e - LottoMat Hrvatska","og_description":"Igrajte EuroMillions Austrija online na Lottomatu. Ovdje mo\u017eete kupiti EuroMillions Austrija listi\u0107e online za nadolaze\u0107e izvla\u010denje. Pridru\u017eite se sada!","og_url":"https:\/\/lottomat.com\/hr\/igrajte\/euromillions-eu\/","og_site_name":"Lottomat","article_modified_time":"2026-01-13T21:51:50+00:00","og_image":[{"url":"https:\/\/lottomat.com\/wp-content\/uploads\/2026\/01\/Austrian-EuroMillions.webp"}],"twitter_card":"summary_large_image","twitter_misc":{"Procijenjeno vrijeme \u010ditanja":"5 minuta"},"schema":{"@context":"https:\/\/schema.org","@graph":[{"@type":"WebPage","@id":"https:\/\/lottomat.com\/hr\/igrajte\/euromillions-eu\/","url":"https:\/\/lottomat.com\/hr\/igrajte\/euromillions-eu\/","name":"EuroMillions Austrija Online - Kupite listi\u0107e - LottoMat Hrvatska","isPartOf":{"@id":"https:\/\/lottomat.com\/hr\/#website"},"primaryImageOfPage":{"@id":"https:\/\/lottomat.com\/hr\/igrajte\/euromillions-eu\/#primaryimage"},"image":{"@id":"https:\/\/lottomat.com\/hr\/igrajte\/euromillions-eu\/#primaryimage"},"thumbnailUrl":"https:\/\/lottomat.com\/wp-content\/uploads\/2026\/01\/Austrian-EuroMillions.webp","datePublished":"2025-05-18T16:39:08+00:00","dateModified":"2026-01-13T21:51:50+00:00","description":"Igrajte EuroMillions Austrija online na Lottomatu. Ovdje mo\u017eete kupiti EuroMillions Austrija listi\u0107e online za nadolaze\u0107e izvla\u010denje. Pridru\u017eite se sada!","breadcrumb":{"@id":"https:\/\/lottomat.com\/hr\/igrajte\/euromillions-eu\/#breadcrumb"},"inLanguage":"hr","potentialAction":[{"@type":"ReadAction","target":["https:\/\/lottomat.com\/hr\/igrajte\/euromillions-eu\/"]}]},{"@type":"ImageObject","inLanguage":"hr","@id":"https:\/\/lottomat.com\/hr\/igrajte\/euromillions-eu\/#primaryimage","url":"https:\/\/lottomat.com\/wp-content\/uploads\/2026\/01\/Austrian-EuroMillions.webp","contentUrl":"https:\/\/lottomat.com\/wp-content\/uploads\/2026\/01\/Austrian-EuroMillions.webp"},{"@type":"BreadcrumbList","@id":"https:\/\/lottomat.com\/hr\/igrajte\/euromillions-eu\/#breadcrumb","itemListElement":[{"@type":"ListItem","position":1,"name":"Home","item":"https:\/\/lottomat.com\/hr\/"},{"@type":"ListItem","position":2,"name":"Igraj Loto","item":"https:\/\/lottomat.com\/hr\/igrajte\/"},{"@type":"ListItem","position":3,"name":"Euromillions EU Online &#8211; EuroMillions Austrija listi\u0107i"}]},{"@type":"WebSite","@id":"https:\/\/lottomat.com\/hr\/#website","url":"https:\/\/lottomat.com\/hr\/","name":"Lottomat","description":"","potentialAction":[{"@type":"SearchAction","target":{"@type":"EntryPoint","urlTemplate":"https:\/\/lottomat.com\/hr\/?s={search_term_string}"},"query-input":{"@type":"PropertyValueSpecification","valueRequired":true,"valueName":"search_term_string"}}],"inLanguage":"hr"}]}},"_links":{"self":[{"href":"https:\/\/lottomat.com\/hr\/wp-json\/wp\/v2\/pages\/268455","targetHints":{"allow":["GET"]}}],"collection":[{"href":"https:\/\/lottomat.com\/hr\/wp-json\/wp\/v2\/pages"}],"about":[{"href":"https:\/\/lottomat.com\/hr\/wp-json\/wp\/v2\/types\/page"}],"author":[{"embeddable":true,"href":"https:\/\/lottomat.com\/hr\/wp-json\/wp\/v2\/users\/11"}],"replies":[{"embeddable":true,"href":"https:\/\/lottomat.com\/hr\/wp-json\/wp\/v2\/comments?post=268455"}],"version-history":[{"count":2,"href":"https:\/\/lottomat.com\/hr\/wp-json\/wp\/v2\/pages\/268455\/revisions"}],"predecessor-version":[{"id":268461,"href":"https:\/\/lottomat.com\/hr\/wp-json\/wp\/v2\/pages\/268455\/revisions\/268461"}],"up":[{"embeddable":true,"href":"https:\/\/lottomat.com\/hr\/wp-json\/wp\/v2\/pages\/6760"}],"wp:attachment":[{"href":"https:\/\/lottomat.com\/hr\/wp-json\/wp\/v2\/media?parent=268455"}],"curies":[{"name":"wp","href":"https:\/\/api.w.org\/{rel}","templated":true}]}}