{"id":258875,"date":"2025-03-26T08:02:36","date_gmt":"2025-03-26T08:02:36","guid":{"rendered":"https:\/\/lottomat.com\/?page_id=258875"},"modified":"2025-11-18T23:42:25","modified_gmt":"2025-11-18T23:42:25","slug":"eurojackpot","status":"publish","type":"page","link":"https:\/\/lottomat.com\/hr\/igrajte\/eurojackpot\/","title":{"rendered":"Igraj Eurojackpot online"},"content":{"rendered":"\n\n<div class=\"kk-star-ratings kksr-auto kksr-align-left kksr-valign-top\"\n    data-payload='{&quot;align&quot;:&quot;left&quot;,&quot;id&quot;:&quot;258875&quot;,&quot;slug&quot;:&quot;default&quot;,&quot;valign&quot;:&quot;top&quot;,&quot;ignore&quot;:&quot;&quot;,&quot;reference&quot;:&quot;auto&quot;,&quot;class&quot;:&quot;&quot;,&quot;count&quot;:&quot;0&quot;,&quot;legendonly&quot;:&quot;&quot;,&quot;readonly&quot;:&quot;&quot;,&quot;score&quot;:&quot;0&quot;,&quot;starsonly&quot;:&quot;&quot;,&quot;best&quot;:&quot;5&quot;,&quot;gap&quot;:&quot;5&quot;,&quot;greet&quot;:&quot;Rate this page&quot;,&quot;legend&quot;:&quot;0\\\/5 - (0 votes)&quot;,&quot;size&quot;:&quot;30&quot;,&quot;title&quot;:&quot;Igraj Eurojackpot online&quot;,&quot;width&quot;:&quot;0&quot;,&quot;_legend&quot;:&quot;{score}\\\/{best} - ({count} {votes})&quot;,&quot;font_factor&quot;:&quot;1.25&quot;}'>\n            \n<div class=\"kksr-stars\">\n    \n<div class=\"kksr-stars-inactive\">\n            <div class=\"kksr-star\" data-star=\"1\" style=\"padding-right: 5px\">\n            \n\n<div class=\"kksr-icon\" style=\"width: 30px; height: 30px;\"><\/div>\n        <\/div>\n            <div class=\"kksr-star\" data-star=\"2\" style=\"padding-right: 5px\">\n            \n\n<div class=\"kksr-icon\" style=\"width: 30px; height: 30px;\"><\/div>\n        <\/div>\n            <div class=\"kksr-star\" data-star=\"3\" style=\"padding-right: 5px\">\n            \n\n<div class=\"kksr-icon\" style=\"width: 30px; height: 30px;\"><\/div>\n        <\/div>\n            <div class=\"kksr-star\" data-star=\"4\" style=\"padding-right: 5px\">\n            \n\n<div class=\"kksr-icon\" style=\"width: 30px; height: 30px;\"><\/div>\n        <\/div>\n            <div class=\"kksr-star\" data-star=\"5\" style=\"padding-right: 5px\">\n            \n\n<div class=\"kksr-icon\" style=\"width: 30px; height: 30px;\"><\/div>\n        <\/div>\n    <\/div>\n    \n<div class=\"kksr-stars-active\" style=\"width: 0px;\">\n            <div class=\"kksr-star\" style=\"padding-right: 5px\">\n            \n\n<div class=\"kksr-icon\" style=\"width: 30px; height: 30px;\"><\/div>\n        <\/div>\n            <div class=\"kksr-star\" style=\"padding-right: 5px\">\n            \n\n<div class=\"kksr-icon\" style=\"width: 30px; height: 30px;\"><\/div>\n        <\/div>\n            <div class=\"kksr-star\" style=\"padding-right: 5px\">\n            \n\n<div class=\"kksr-icon\" style=\"width: 30px; height: 30px;\"><\/div>\n        <\/div>\n            <div class=\"kksr-star\" style=\"padding-right: 5px\">\n            \n\n<div class=\"kksr-icon\" style=\"width: 30px; height: 30px;\"><\/div>\n        <\/div>\n            <div class=\"kksr-star\" style=\"padding-right: 5px\">\n            \n\n<div class=\"kksr-icon\" style=\"width: 30px; height: 30px;\"><\/div>\n        <\/div>\n    <\/div>\n<\/div>\n                \n\n<div class=\"kksr-legend\" style=\"font-size: 24px;\">\n            <span class=\"kksr-muted\">Rate this page<\/span>\n    <\/div>\n    <\/div>\n<h2>\u0160to je Eurojackpot?<\/h2>\n<p>Eurojackpot online je <strong>me\u0111unarodna lutrija stvorena u Europi<\/strong> koja je isprva bila popularna samo na na\u0161em dijelu hemisfere. Moglo bi se re\u0107i da je to europska verzija lota. Eurojackpot je relativno mlada lutrija, <strong>pokrenuta u o\u017eujku 2012.<\/strong>, a od tada u\u017eiva stalnu popularnost, ne samo u Europi nego i diljem svijeta. <strong>Visoki dobici, velike \u0161anse za pogo\u0111ene sretne brojeve i nevjerojatni jackpotovi<\/strong> privla\u010de sve ve\u0107i broj novih igra\u010da. Ova nov\u010dana lutrija ve\u0107 je stvorila nekoliko desetaka loto-milijuna\u0161a.<\/p>\n<p>Sve je po\u010delo idejom o stvaranju konkurencije lutriji Euromillions, a Eurojackpot ju je ve\u0107 <strong>nadma\u0161io, postav\u0161i jedna od najbr\u017ee rastu\u0107ih i <a href=\"https:\/\/lottomat.com\/hr\/igrajte\/\">najpopularnijih online loto igara<\/a><\/strong>.<\/p>\n<h2><img loading=\"lazy\" decoding=\"async\" class=\"alignleft wp-image-257564\" src=\"https:\/\/lottomat.com\/wp-content\/uploads\/2025\/11\/Eurojackpot-online.webp\" alt=\"Eurojackpot online\" width=\"200\" height=\"200\" srcset=\"https:\/\/lottomat.com\/wp-content\/uploads\/2025\/11\/Eurojackpot-online.webp 400w, https:\/\/lottomat.com\/wp-content\/uploads\/2025\/11\/Eurojackpot-online-300x300.webp 300w, https:\/\/lottomat.com\/wp-content\/uploads\/2025\/11\/Eurojackpot-online-150x150.webp 150w, https:\/\/lottomat.com\/wp-content\/uploads\/2025\/11\/Eurojackpot-online-100x100.webp 100w\" sizes=\"auto, (max-width: 200px) 100vw, 200px\" \/>Kako kupiti Eurojackpot online ulaznicu?<\/h2>\n<p>Stranica LottoMat omogu\u0107uje kupnju lutrijskih ulaznica online, tako da ne mora\u0161 tra\u017eiti fizi\u010dko prodajno mjesto. Sve ima\u0161 na jednom mjestu, <strong>24 sata dnevno, 7 dana u tjednu<\/strong>. Jo\u0161 va\u017enije \u2013 <strong>iz bilo kojeg dijela svijeta<\/strong>, jer se online kupnja na LottoMat-u tretira isto kao kupnja u zemlji sudionici izvla\u010denja. To zna\u010di da <strong>gdje god bio, mo\u017ee\u0161 igrati Eurojackpot online!<\/strong><\/p>\n<p>Nakon \u0161to napravi\u0161 narud\u017ebu, <strong>na\u0161 \u0107e predstavnik kupiti papirnatu Eurojackpot ulaznicu u tvoje ime<\/strong>, a ona \u0107e biti dostupna na tvom ra\u010dunu na LottoMat-u.<\/p>\n<h2>Koja je cijena Eurojackpot ulaznice?<\/h2>\n<p>Najprije <strong>odaberi brojeve na svojoj Eurojackpot online ulaznici \u2013 5 osnovnih i 2 dodatna<\/strong>. Cijena ulaznice prikazat \u0107e se na dnu popisa. Na\u0161 kalkulator izra\u010dunat \u0107e iznos koji treba\u0161 platiti, ovisno o broju ispunjenih ulaznica.<\/p>\n<p>Sada samo treba\u0161 dati sebi priliku za dobitak, koji se u ovoj igri doga\u0111a iznena\u0111uju\u0107e \u010desto.<\/p>\n<h2>Mo\u017ee\u0161 li kupiti vi\u0161e Eurojackpot ulaznica?<\/h2>\n<p>Da, mo\u017ee\u0161 <strong>kupiti vi\u0161e Eurojackpot ulaznica<\/strong> odabirom opcije \u201evi\u0161e linija\u201d i biranjem koliko god linija \u017eeli\u0161. Ova strategija omogu\u0107uje ti da <strong>igra\u0161 razli\u010dite kombinacije brojeva u istom izvla\u010denju, potencijalno pove\u0107avaju\u0107i \u0161anse za dobitak<\/strong>.<\/p>\n<p>Svaka dodatna linija daje ti novu priliku za pogodak dobitnih brojeva, a mo\u017ee\u0161 kombinirati razli\u010dite metode odabira brojeva na vi\u0161e ulaznica. Ne zaboravi da je <strong>svaka linija posebno napla\u0107ena<\/strong>, pa vi\u0161e ulaznica zna\u010di i proporcionalno ve\u0107i tro\u0161ak.<\/p>\n<h2>Mo\u017ee\u0161 li kupiti Eurojackpot ulaznice za vi\u0161e izvla\u010denja?<\/h2>\n<h2><img loading=\"lazy\" decoding=\"async\" class=\"alignright wp-image-257594\" src=\"https:\/\/lottomat.com\/wp-content\/uploads\/2025\/11\/Eurojackpot-tickets.webp\" alt=\"Eurojackpot ulaznice\" width=\"200\" height=\"200\" srcset=\"https:\/\/lottomat.com\/wp-content\/uploads\/2025\/11\/Eurojackpot-tickets.webp 400w, https:\/\/lottomat.com\/wp-content\/uploads\/2025\/11\/Eurojackpot-tickets-300x300.webp 300w, https:\/\/lottomat.com\/wp-content\/uploads\/2025\/11\/Eurojackpot-tickets-150x150.webp 150w, https:\/\/lottomat.com\/wp-content\/uploads\/2025\/11\/Eurojackpot-tickets-100x100.webp 100w\" sizes=\"auto, (max-width: 200px) 100vw, 200px\" \/><\/h2>\n<p>Da, na LottoMat-u mo\u017ee\u0161 <strong>kupiti ulaznice za do 8 uzastopnih izvla\u010denja unaprijed<\/strong>. Ova mogu\u0107nost vi\u0161estrukih izvla\u010denja osigurava da ne propusti\u0161 nijedno kolo, a posebno je pogodna za redovite igra\u010de koji vole planirati unaprijed. Tvoji odabrani brojevi automatski sudjeluju u svakom izvla\u010denju, a o rezultatima \u0107e\u0161 biti obavije\u0161ten nakon svakog kola. Ova je opcija idealna za one koji \u017eele igrati redovito, bez potrebe da se svaki put ponovno sje\u0107aju kupiti ulaznicu.<\/p>\n<h2>Kako igrati Eurojackpot online: \u0161to treba u\u010diniti da bi se pobijedilo?<\/h2>\n<p>Za sudjelovanje u izvla\u010denju mora\u0161 <strong>odabrati 5 brojeva iz raspona 1 do 50 i jo\u0161 2 dodatna, tzv. bonus broja, iz raspona 1 do 12<\/strong>. Za potpuno nasumi\u010dan odabir mo\u017ee\u0161 upotrijebiti opciju slu\u010dajnog odabira na platformi. <strong>Glavna nagrada osvaja se pogodiv\u0161i svih 7 brojeva<\/strong>.<\/p>\n<p>Kada je rije\u010d o dobitku, ne postoji jedan univerzalni odgovor na pitanje \u201ekako igrati Eurojackpot da bih pobijedio\u201d. Svaki igra\u010d ima svoju taktiku \u2013 neki kupuju mnogo ulaznica, drugi istra\u017euju trenutne i <a href=\"https:\/\/lottomat.com\/hr\/rezultati\/\">arhivirane rezultate izvla\u010denja<\/a>, bilje\u017ee brojeve koji se naj\u010de\u0161\u0107e pojavljuju i stvaraju vlastite strategije, dok se neki jednostavno oslanjaju na sre\u0107u.<\/p>\n<p>U svojoj igri mo\u017ee\u0161 koristiti tzv. <strong>vru\u0107e brojeve (naj\u010de\u0161\u0107e izvu\u010dene) ili hladne brojeve (najrje\u0111e izvu\u010dene)<\/strong>, koje mo\u017ee\u0161 provjeriti na stranici LottoMat, gdje se nalazi i mali vodi\u010d za igra\u010de. Kada ispunjava\u0161 Eurojackpot ulaznicu, pobrini se da <strong>koristi\u0161 razli\u010dite kombinacije brojeva i cijeli dostupni raspon<\/strong>.<\/p>\n<h2>Koji su najbolji savjeti za igranje Eurojackpot online?<\/h2>\n<p>Kako bi maksimizirao svoje \u0161anse u Eurojackpot online lutriji, razmisli o <strong>raspr\u0161ivanju brojeva kroz cijeli raspon<\/strong> umjesto grupiranja u jednom dijelu. Mnogi iskusni igra\u010di preporu\u010duju <strong>analiziranje povijesnih rezultata<\/strong> kako bi se prona\u0161li mogu\u0107i obrasci, iako je svako izvla\u010denje neovisno. Razmisli o <strong>pridru\u017eivanju zajedni\u010dkim fondovima za lutriju (lottery pools) kako bi pove\u0107ao kupovnu mo\u0107 dijele\u0107i tro\u0161ak<\/strong>, i uvijek <strong>igraj u granicama svoga bud\u017eeta<\/strong>. Na kraju, <strong>dosljednost mo\u017ee biti klju\u010d \u2013 redovito igranje mo\u017ee pobolj\u0161ati tvoje ukupne \u0161anse<\/strong> u odnosu na povremeno sudjelovanje.<\/p>\n<p>Za vi\u0161e informacija o ovoj lutriji \u2013 <a href=\"https:\/\/lottomat.com\/hr\/lutrije\/eurojackpots\/\">provjeri nagrade, pravila i jackpot Eurojackpot-a<\/a> za sljede\u0107e izvla\u010denje.<\/p>\n<h2><img loading=\"lazy\" decoding=\"async\" class=\"alignleft wp-image-257624\" src=\"https:\/\/lottomat.com\/wp-content\/uploads\/2025\/11\/play-Eurojackpot.webp\" alt=\"igraj Eurojackpot\" width=\"200\" height=\"200\" srcset=\"https:\/\/lottomat.com\/wp-content\/uploads\/2025\/11\/play-Eurojackpot.webp 400w, https:\/\/lottomat.com\/wp-content\/uploads\/2025\/11\/play-Eurojackpot-300x300.webp 300w, https:\/\/lottomat.com\/wp-content\/uploads\/2025\/11\/play-Eurojackpot-150x150.webp 150w, https:\/\/lottomat.com\/wp-content\/uploads\/2025\/11\/play-Eurojackpot-100x100.webp 100w\" sizes=\"auto, (max-width: 200px) 100vw, 200px\" \/>Tko mo\u017ee igrati Eurojackpot online?<\/h2>\n<p>Me\u0111u dr\u017eavama koje sudjeluju u lutriji Eurojackpot nalazi se \u010dak <strong>18 zemalja (Hrvatska, \u010ce\u0161ka, Danska, Estonija, Finska, Njema\u010dka, Ma\u0111arska, Island, Italija, Latvija, Litva, Nizozemska, Norve\u0161ka, Poljska, Slova\u010dka, Slovenija, \u0160panjolska i \u0160vedska)<\/strong>. Popis je va\u017ean zbog pravila Eurojackpot-a, jer prema uvjetima kori\u0161tenja <strong>i osobe druge nacionalnosti mogu sudjelovati u izvla\u010denju, ako je ulaznica kupljena u jednoj od navedenih zemalja<\/strong>. Eurojackpot je uglavnom dostupan online.<\/p>\n<p>Stranica LottoMat omogu\u0107uje jednostavnu kupnju Eurojackpot ulaznica putem interneta. Vrlo je jednostavno \u2013 potrebno je samo nekoliko klikova, a nakon kupnje mo\u017ee\u0161 brzo i prakti\u010dno <a href=\"https:\/\/lottomat.com\/hr\/rezultati\/eurojackpots\/\">provjeriti trenutne rezultate izvla\u010denja<\/a> na stranici.<\/p>\n<h2>\u0160to \u010dini Eurojackpot druga\u010dijim od ostalih igara s brojevima?<\/h2>\n<p>Ve\u0107ina igara na sre\u0107u dizajnirana je tako da vrlo visoke nagrade budu dostupne samo ograni\u010denom broju igra\u010da. <strong>Eurojackpot je osmi\u0161ljen s idejom ve\u0107eg broja dobitnika, a nagrade dose\u017eu tisu\u0107e i milijune eura<\/strong>. Ukratko, to je izvla\u010denje koje <strong>igra\u010dima pru\u017ea ve\u0107e \u0161anse za osvajanje nagrade<\/strong>. I iako lutrija Euromillions, primjerice, nudi ve\u0107e iznose, <strong>Eurojackpot daje mnogo ve\u0107e \u0161anse za dobitak<\/strong> i ostvarivanje impresivne nagrade.<\/p>\n<p>Va\u017eno je naglasiti da u Eurojackpot-u postoji <strong>dvostruko vi\u0161e dobitaka nego u drugim igrama na sre\u0107u<\/strong>, \u0161to velike nagrade \u010dini gotovo nadohvat ruke. Upravo ta karakteristika u\u010dinila je Eurojackpot iznimno popularnim u Europi.<\/p>\n<p><strong>Ve\u0107i broj dobitnika zna\u010di i ve\u0107e \u0161anse za tebe<\/strong>.<\/p>\n<h2>Isplati li se igrati Eurojackpot online?<img loading=\"lazy\" decoding=\"async\" class=\"alignright wp-image-257654\" src=\"https:\/\/lottomat.com\/wp-content\/uploads\/2025\/11\/buy-tickets-online.webp\" alt=\"kupi ulaznice online\" width=\"200\" height=\"200\" srcset=\"https:\/\/lottomat.com\/wp-content\/uploads\/2025\/11\/buy-tickets-online.webp 400w, https:\/\/lottomat.com\/wp-content\/uploads\/2025\/11\/buy-tickets-online-300x300.webp 300w, https:\/\/lottomat.com\/wp-content\/uploads\/2025\/11\/buy-tickets-online-150x150.webp 150w, https:\/\/lottomat.com\/wp-content\/uploads\/2025\/11\/buy-tickets-online-100x100.webp 100w\" sizes=\"auto, (max-width: 200px) 100vw, 200px\" \/><\/h2>\n<p>Pitanje koje si vjerojatno postavlja\u0161 glasi: isplati li se zaista? Mnogi ljudi postavljaju isto pitanje prije kupnje ulaznice. Kao i kod svake lutrije, svaki put riskira\u0161, ali <strong>rezultati ti mogu promijeniti \u017eivot<\/strong>. Razmisli \u0161to bi sve mogao u\u010diniti ako osvoji\u0161 jackpot ili \u010dak manju nagradu. Ponekad vrijedi riskirati za priliku prema ne\u010demu boljem.<\/p>\n<p>\u010cinjenica je da <strong>Eurojackpot ima puno bolje izglede od svog glavnog konkurenta, EuroMillions-a<\/strong>. <strong>Puno je vjerojatnije da \u0107e\u0161 osvojiti glavnu nagradu<\/strong> u ovoj lutriji nego u popularnijoj alternativi. Dakle, tro\u0161i\u0161 isti novac, ali s ve\u0107om \u0161ansom za dobitak. Jedini nedostatak je da mo\u017eda ne\u0107e\u0161 pobijediti, ali uzbu\u0111enje i\u0161\u010dekivanja \u010desto je pola zabave.<\/p>\n<p>Gubitak nikada nije zabavan, osobito kada ma\u0161ta\u0161 \u0161to bi sve mogao napraviti s osvojenim novcem. No, uzbu\u0111enje kada pobijedi\u0161 vrijedno je svakog prija\u0161njeg razo\u010daranja. Pa \u2013 \u0161to \u010deka\u0161? Za\u0161to ne stvori\u0161 svoj prvi ra\u010dun na <a href=\"https:\/\/lottomat.com\/hr\/\">LottoMat stranici<\/a> i otkrije\u0161 sve \u0161to Eurojackpot nudi? Sigurno \u0107e biti zabavno i uzbudljivo iskustvo.<\/p>\n<h2>Gdje kupiti svoju Eurojackpot ulaznicu: online ili offline?<\/h2>\n<p>Kada kupuje\u0161 Eurojackpot ulaznice, mo\u017ee\u0161 birati izme\u0111u online platformi poput LottoMat-a ili fizi\u010dkih prodajnih mjesta. <strong>Obje metode imaju isti potencijal za dobitak<\/strong>, ali se razlikuju u prakti\u010dnosti i iskustvu igra\u010da.<\/p>\n<h3>Tradicionalno iskustvo kupnje u trgovini<\/h3>\n<p>Kupnja u trgovini uklju\u010duje ru\u010dno ispunjavanje brojeva ili tra\u017eenje slu\u010dajnog odabira na blagajni. Neki igra\u010di vole dru\u0161tveni aspekt i vjeruju fizi\u010dkim ulaznicama, ali <strong>i online i offline ulaznice imaju jednake \u0161anse za osvajanje jackpota<\/strong>. Mjesto kupnje nema utjecaja na izglede za dobitak.<\/p>\n<h3><img loading=\"lazy\" decoding=\"async\" class=\"alignleft wp-image-257684\" src=\"https:\/\/lottomat.com\/wp-content\/uploads\/2025\/11\/play-online.webp\" alt=\"igraj online\" width=\"200\" height=\"200\" srcset=\"https:\/\/lottomat.com\/wp-content\/uploads\/2025\/11\/play-online.webp 400w, https:\/\/lottomat.com\/wp-content\/uploads\/2025\/11\/play-online-300x300.webp 300w, https:\/\/lottomat.com\/wp-content\/uploads\/2025\/11\/play-online-150x150.webp 150w, https:\/\/lottomat.com\/wp-content\/uploads\/2025\/11\/play-online-100x100.webp 100w\" sizes=\"auto, (max-width: 200px) 100vw, 200px\" \/>Prednosti online ulaznica<\/h3>\n<p><strong>Kupnja ulaznica online uklanja \u010dekanje u redovima i \u0161tedi vrijeme<\/strong>. Samo napravi ra\u010dun, odaberi brojeve ili koristi lucky dip, odaberi na\u010din pla\u0107anja i gotov si. Dobit \u0107e\u0161 obavijesti emailom o rezultatima.<\/p>\n<p><strong>Najve\u0107a prednost online ulaznica je da se \u010duvaju digitalno, pa ih ne mo\u017ee\u0161 izgubiti<\/strong>. To uklanja stres oko izgubljenih ulaznica i ekolo\u0161ki je prihvatljivo jer smanjuje potro\u0161nju papira.<\/p>\n<p>Jesi li spreman pridru\u017eiti se zabavi? Odaberi svoje brojeve i igraj Eurojackpot online ve\u0107 sada!<\/p>\n","protected":false},"excerpt":{"rendered":"<p>\u0160to je Eurojackpot? Eurojackpot online je me\u0111unarodna lutrija stvorena u Europi koja je isprva bila popularna samo na na\u0161em dijelu hemisfere. Moglo bi se re\u0107i da je to europska verzija lota. Eurojackpot je relativno mlada lutrija, pokrenuta u o\u017eujku 2012., a od tada u\u017eiva stalnu popularnost, ne samo u Europi nego i diljem svijeta. Visoki [&hellip;]<\/p>\n","protected":false},"author":11,"featured_media":0,"parent":6760,"menu_order":4,"comment_status":"closed","ping_status":"closed","template":"eurojackpot.php","meta":{"_et_pb_use_builder":"","_et_pb_old_content":"","_et_gb_content_width":"","exclude_from_search":false,"footnotes":""},"class_list":["post-258875","page","type-page","status-publish","hentry"],"yoast_head":"<!-- This site is optimized with the Yoast SEO plugin v23.8 - https:\/\/yoast.com\/wordpress\/plugins\/seo\/ -->\n<title>Eurojackpot Online - Eurojackpot Ulaznice - LottoMat<\/title>\n<meta name=\"description\" content=\"Igraj Eurojackpot online i osvoji velike nagrade na Lottomat! Odaberi svoje brojeve i kupi Eurojackpot ulaznice online u bilo koje vrijeme! Pridru\u017ei se zabavi ve\u0107 danas\" \/>\n<meta name=\"robots\" content=\"index, follow, max-snippet:-1, max-image-preview:large, max-video-preview:-1\" \/>\n<link rel=\"canonical\" href=\"https:\/\/lottomat.com\/hr\/igrajte\/eurojackpot\/\" \/>\n<meta property=\"og:locale\" content=\"hr_HR\" \/>\n<meta property=\"og:type\" content=\"article\" \/>\n<meta property=\"og:title\" content=\"Eurojackpot Online - Eurojackpot Ulaznice - LottoMat\" \/>\n<meta property=\"og:description\" content=\"Igraj Eurojackpot online i osvoji velike nagrade na Lottomat! Odaberi svoje brojeve i kupi Eurojackpot ulaznice online u bilo koje vrijeme! Pridru\u017ei se zabavi ve\u0107 danas\" \/>\n<meta property=\"og:url\" content=\"https:\/\/lottomat.com\/hr\/igrajte\/eurojackpot\/\" \/>\n<meta property=\"og:site_name\" content=\"Lottomat\" \/>\n<meta property=\"article:modified_time\" content=\"2025-11-18T23:42:25+00:00\" \/>\n<meta property=\"og:image\" content=\"https:\/\/lottomat.com\/wp-content\/uploads\/2025\/11\/Eurojackpot-online.webp\" \/>\n<meta name=\"twitter:card\" content=\"summary_large_image\" \/>\n<meta name=\"twitter:label1\" content=\"Procijenjeno vrijeme \u010ditanja\" \/>\n\t<meta name=\"twitter:data1\" content=\"7 minuta\" \/>\n<script type=\"application\/ld+json\" class=\"yoast-schema-graph\">{\"@context\":\"https:\/\/schema.org\",\"@graph\":[{\"@type\":\"WebPage\",\"@id\":\"https:\/\/lottomat.com\/hr\/igrajte\/eurojackpot\/\",\"url\":\"https:\/\/lottomat.com\/hr\/igrajte\/eurojackpot\/\",\"name\":\"Eurojackpot Online - Eurojackpot Ulaznice - LottoMat\",\"isPartOf\":{\"@id\":\"https:\/\/lottomat.com\/hr\/#website\"},\"primaryImageOfPage\":{\"@id\":\"https:\/\/lottomat.com\/hr\/igrajte\/eurojackpot\/#primaryimage\"},\"image\":{\"@id\":\"https:\/\/lottomat.com\/hr\/igrajte\/eurojackpot\/#primaryimage\"},\"thumbnailUrl\":\"https:\/\/lottomat.com\/wp-content\/uploads\/2025\/11\/Eurojackpot-online.webp\",\"datePublished\":\"2025-03-26T08:02:36+00:00\",\"dateModified\":\"2025-11-18T23:42:25+00:00\",\"description\":\"Igraj Eurojackpot online i osvoji velike nagrade na Lottomat! Odaberi svoje brojeve i kupi Eurojackpot ulaznice online u bilo koje vrijeme! Pridru\u017ei se zabavi ve\u0107 danas\",\"breadcrumb\":{\"@id\":\"https:\/\/lottomat.com\/hr\/igrajte\/eurojackpot\/#breadcrumb\"},\"inLanguage\":\"hr\",\"potentialAction\":[{\"@type\":\"ReadAction\",\"target\":[\"https:\/\/lottomat.com\/hr\/igrajte\/eurojackpot\/\"]}]},{\"@type\":\"ImageObject\",\"inLanguage\":\"hr\",\"@id\":\"https:\/\/lottomat.com\/hr\/igrajte\/eurojackpot\/#primaryimage\",\"url\":\"https:\/\/lottomat.com\/wp-content\/uploads\/2025\/11\/Eurojackpot-online.webp\",\"contentUrl\":\"https:\/\/lottomat.com\/wp-content\/uploads\/2025\/11\/Eurojackpot-online.webp\"},{\"@type\":\"BreadcrumbList\",\"@id\":\"https:\/\/lottomat.com\/hr\/igrajte\/eurojackpot\/#breadcrumb\",\"itemListElement\":[{\"@type\":\"ListItem\",\"position\":1,\"name\":\"Home\",\"item\":\"https:\/\/lottomat.com\/hr\/\"},{\"@type\":\"ListItem\",\"position\":2,\"name\":\"Igraj Loto\",\"item\":\"https:\/\/lottomat.com\/hr\/igrajte\/\"},{\"@type\":\"ListItem\",\"position\":3,\"name\":\"Igraj Eurojackpot online\"}]},{\"@type\":\"WebSite\",\"@id\":\"https:\/\/lottomat.com\/hr\/#website\",\"url\":\"https:\/\/lottomat.com\/hr\/\",\"name\":\"Lottomat\",\"description\":\"\",\"potentialAction\":[{\"@type\":\"SearchAction\",\"target\":{\"@type\":\"EntryPoint\",\"urlTemplate\":\"https:\/\/lottomat.com\/hr\/?s={search_term_string}\"},\"query-input\":{\"@type\":\"PropertyValueSpecification\",\"valueRequired\":true,\"valueName\":\"search_term_string\"}}],\"inLanguage\":\"hr\"}]}<\/script>\n<!-- \/ Yoast SEO plugin. -->","yoast_head_json":{"title":"Eurojackpot Online - Eurojackpot Ulaznice - LottoMat","description":"Igraj Eurojackpot online i osvoji velike nagrade na Lottomat! Odaberi svoje brojeve i kupi Eurojackpot ulaznice online u bilo koje vrijeme! Pridru\u017ei se zabavi ve\u0107 danas","robots":{"index":"index","follow":"follow","max-snippet":"max-snippet:-1","max-image-preview":"max-image-preview:large","max-video-preview":"max-video-preview:-1"},"canonical":"https:\/\/lottomat.com\/hr\/igrajte\/eurojackpot\/","og_locale":"hr_HR","og_type":"article","og_title":"Eurojackpot Online - Eurojackpot Ulaznice - LottoMat","og_description":"Igraj Eurojackpot online i osvoji velike nagrade na Lottomat! Odaberi svoje brojeve i kupi Eurojackpot ulaznice online u bilo koje vrijeme! Pridru\u017ei se zabavi ve\u0107 danas","og_url":"https:\/\/lottomat.com\/hr\/igrajte\/eurojackpot\/","og_site_name":"Lottomat","article_modified_time":"2025-11-18T23:42:25+00:00","og_image":[{"url":"https:\/\/lottomat.com\/wp-content\/uploads\/2025\/11\/Eurojackpot-online.webp"}],"twitter_card":"summary_large_image","twitter_misc":{"Procijenjeno vrijeme \u010ditanja":"7 minuta"},"schema":{"@context":"https:\/\/schema.org","@graph":[{"@type":"WebPage","@id":"https:\/\/lottomat.com\/hr\/igrajte\/eurojackpot\/","url":"https:\/\/lottomat.com\/hr\/igrajte\/eurojackpot\/","name":"Eurojackpot Online - Eurojackpot Ulaznice - LottoMat","isPartOf":{"@id":"https:\/\/lottomat.com\/hr\/#website"},"primaryImageOfPage":{"@id":"https:\/\/lottomat.com\/hr\/igrajte\/eurojackpot\/#primaryimage"},"image":{"@id":"https:\/\/lottomat.com\/hr\/igrajte\/eurojackpot\/#primaryimage"},"thumbnailUrl":"https:\/\/lottomat.com\/wp-content\/uploads\/2025\/11\/Eurojackpot-online.webp","datePublished":"2025-03-26T08:02:36+00:00","dateModified":"2025-11-18T23:42:25+00:00","description":"Igraj Eurojackpot online i osvoji velike nagrade na Lottomat! Odaberi svoje brojeve i kupi Eurojackpot ulaznice online u bilo koje vrijeme! Pridru\u017ei se zabavi ve\u0107 danas","breadcrumb":{"@id":"https:\/\/lottomat.com\/hr\/igrajte\/eurojackpot\/#breadcrumb"},"inLanguage":"hr","potentialAction":[{"@type":"ReadAction","target":["https:\/\/lottomat.com\/hr\/igrajte\/eurojackpot\/"]}]},{"@type":"ImageObject","inLanguage":"hr","@id":"https:\/\/lottomat.com\/hr\/igrajte\/eurojackpot\/#primaryimage","url":"https:\/\/lottomat.com\/wp-content\/uploads\/2025\/11\/Eurojackpot-online.webp","contentUrl":"https:\/\/lottomat.com\/wp-content\/uploads\/2025\/11\/Eurojackpot-online.webp"},{"@type":"BreadcrumbList","@id":"https:\/\/lottomat.com\/hr\/igrajte\/eurojackpot\/#breadcrumb","itemListElement":[{"@type":"ListItem","position":1,"name":"Home","item":"https:\/\/lottomat.com\/hr\/"},{"@type":"ListItem","position":2,"name":"Igraj Loto","item":"https:\/\/lottomat.com\/hr\/igrajte\/"},{"@type":"ListItem","position":3,"name":"Igraj Eurojackpot online"}]},{"@type":"WebSite","@id":"https:\/\/lottomat.com\/hr\/#website","url":"https:\/\/lottomat.com\/hr\/","name":"Lottomat","description":"","potentialAction":[{"@type":"SearchAction","target":{"@type":"EntryPoint","urlTemplate":"https:\/\/lottomat.com\/hr\/?s={search_term_string}"},"query-input":{"@type":"PropertyValueSpecification","valueRequired":true,"valueName":"search_term_string"}}],"inLanguage":"hr"}]}},"_links":{"self":[{"href":"https:\/\/lottomat.com\/hr\/wp-json\/wp\/v2\/pages\/258875","targetHints":{"allow":["GET"]}}],"collection":[{"href":"https:\/\/lottomat.com\/hr\/wp-json\/wp\/v2\/pages"}],"about":[{"href":"https:\/\/lottomat.com\/hr\/wp-json\/wp\/v2\/types\/page"}],"author":[{"embeddable":true,"href":"https:\/\/lottomat.com\/hr\/wp-json\/wp\/v2\/users\/11"}],"replies":[{"embeddable":true,"href":"https:\/\/lottomat.com\/hr\/wp-json\/wp\/v2\/comments?post=258875"}],"version-history":[{"count":2,"href":"https:\/\/lottomat.com\/hr\/wp-json\/wp\/v2\/pages\/258875\/revisions"}],"predecessor-version":[{"id":258878,"href":"https:\/\/lottomat.com\/hr\/wp-json\/wp\/v2\/pages\/258875\/revisions\/258878"}],"up":[{"embeddable":true,"href":"https:\/\/lottomat.com\/hr\/wp-json\/wp\/v2\/pages\/6760"}],"wp:attachment":[{"href":"https:\/\/lottomat.com\/hr\/wp-json\/wp\/v2\/media?parent=258875"}],"curies":[{"name":"wp","href":"https:\/\/api.w.org\/{rel}","templated":true}]}}