{"id":238062,"date":"2025-04-07T19:25:51","date_gmt":"2025-04-07T19:25:51","guid":{"rendered":"https:\/\/lottomat.net\/rezultati-lutrije\/%e0%b8%9c%e0%b8%a5%e0%b8%81%e0%b8%b2%e0%b8%a3%e0%b8%ad%e0%b8%ad%e0%b8%81%e0%b8%a3%e0%b8%b2%e0%b8%87%e0%b8%a7%e0%b8%b1%e0%b8%a5-superenalotto\/"},"modified":"2025-10-05T16:47:19","modified_gmt":"2025-10-05T16:47:19","slug":"superenalotto","status":"publish","type":"page","link":"https:\/\/lottomat.com\/hr\/rezultati\/superenalotto\/","title":{"rendered":"Rezultati SuperEnalotto &#038; Dobitni Brojevi"},"content":{"rendered":"\n\n<div class=\"kk-star-ratings kksr-auto kksr-align-left kksr-valign-top\"\n    data-payload='{&quot;align&quot;:&quot;left&quot;,&quot;id&quot;:&quot;238062&quot;,&quot;slug&quot;:&quot;default&quot;,&quot;valign&quot;:&quot;top&quot;,&quot;ignore&quot;:&quot;&quot;,&quot;reference&quot;:&quot;auto&quot;,&quot;class&quot;:&quot;&quot;,&quot;count&quot;:&quot;0&quot;,&quot;legendonly&quot;:&quot;&quot;,&quot;readonly&quot;:&quot;&quot;,&quot;score&quot;:&quot;0&quot;,&quot;starsonly&quot;:&quot;&quot;,&quot;best&quot;:&quot;5&quot;,&quot;gap&quot;:&quot;5&quot;,&quot;greet&quot;:&quot;Rate this page&quot;,&quot;legend&quot;:&quot;0\\\/5 - (0 votes)&quot;,&quot;size&quot;:&quot;30&quot;,&quot;title&quot;:&quot;Rezultati SuperEnalotto \\u0026amp; Dobitni Brojevi&quot;,&quot;width&quot;:&quot;0&quot;,&quot;_legend&quot;:&quot;{score}\\\/{best} - ({count} {votes})&quot;,&quot;font_factor&quot;:&quot;1.25&quot;}'>\n            \n<div class=\"kksr-stars\">\n    \n<div class=\"kksr-stars-inactive\">\n            <div class=\"kksr-star\" data-star=\"1\" style=\"padding-right: 5px\">\n            \n\n<div class=\"kksr-icon\" style=\"width: 30px; height: 30px;\"><\/div>\n        <\/div>\n            <div class=\"kksr-star\" data-star=\"2\" style=\"padding-right: 5px\">\n            \n\n<div class=\"kksr-icon\" style=\"width: 30px; height: 30px;\"><\/div>\n        <\/div>\n            <div class=\"kksr-star\" data-star=\"3\" style=\"padding-right: 5px\">\n            \n\n<div class=\"kksr-icon\" style=\"width: 30px; height: 30px;\"><\/div>\n        <\/div>\n            <div class=\"kksr-star\" data-star=\"4\" style=\"padding-right: 5px\">\n            \n\n<div class=\"kksr-icon\" style=\"width: 30px; height: 30px;\"><\/div>\n        <\/div>\n            <div class=\"kksr-star\" data-star=\"5\" style=\"padding-right: 5px\">\n            \n\n<div class=\"kksr-icon\" style=\"width: 30px; height: 30px;\"><\/div>\n        <\/div>\n    <\/div>\n    \n<div class=\"kksr-stars-active\" style=\"width: 0px;\">\n            <div class=\"kksr-star\" style=\"padding-right: 5px\">\n            \n\n<div class=\"kksr-icon\" style=\"width: 30px; height: 30px;\"><\/div>\n        <\/div>\n            <div class=\"kksr-star\" style=\"padding-right: 5px\">\n            \n\n<div class=\"kksr-icon\" style=\"width: 30px; height: 30px;\"><\/div>\n        <\/div>\n            <div class=\"kksr-star\" style=\"padding-right: 5px\">\n            \n\n<div class=\"kksr-icon\" style=\"width: 30px; height: 30px;\"><\/div>\n        <\/div>\n            <div class=\"kksr-star\" style=\"padding-right: 5px\">\n            \n\n<div class=\"kksr-icon\" style=\"width: 30px; height: 30px;\"><\/div>\n        <\/div>\n            <div class=\"kksr-star\" style=\"padding-right: 5px\">\n            \n\n<div class=\"kksr-icon\" style=\"width: 30px; height: 30px;\"><\/div>\n        <\/div>\n    <\/div>\n<\/div>\n                \n\n<div class=\"kksr-legend\" style=\"font-size: 24px;\">\n            <span class=\"kksr-muted\">Rate this page<\/span>\n    <\/div>\n    <\/div>\n<p>Saznavanje rezultata SuperEnalotto za svako izvla\u010denje u kojem sudjeluju tvoje karte zasigurno \u0107e biti pravo zadovoljstvo, osobito kada se poka\u017ee da si odabrao sretne brojeve. Brzo i jednostavno provjeri na <a href=\"https:\/\/lottomat.com\/hr\/\">LottoMat stranici<\/a> jesi li se uspio pridru\u017eiti milijuna\u0161ima, jer objavljujemo rezultate odmah nakon izvla\u010denja, a oni dolaze iz slu\u017ebene objave organizatora SuperEnalotto lutrije. Moglo bi se re\u0107i da su <a href=\"https:\/\/lottomat.com\/hr\/rezultati\/\">na\u0161i rezultati lutrije<\/a> uvijek vru\u0107i kao tek pe\u010deni kruh.<\/p>\n<h2><img loading=\"lazy\" decoding=\"async\" class=\"wp-image-252676 alignleft\" src=\"https:\/\/lottomat.com\/wp-content\/uploads\/2025\/10\/Italian-lottery-numbers-300x300.webp\" alt=\"talijanski brojevi lutrije\" width=\"200\" height=\"200\" srcset=\"https:\/\/lottomat.com\/wp-content\/uploads\/2025\/10\/Italian-lottery-numbers-300x300.webp 300w, https:\/\/lottomat.com\/wp-content\/uploads\/2025\/10\/Italian-lottery-numbers-150x150.webp 150w, https:\/\/lottomat.com\/wp-content\/uploads\/2025\/10\/Italian-lottery-numbers-100x100.webp 100w, https:\/\/lottomat.com\/wp-content\/uploads\/2025\/10\/Italian-lottery-numbers.webp 400w\" sizes=\"auto, (max-width: 200px) 100vw, 200px\" \/>Kako Provjeriti Trenutne Rezultate SuperEnalotto?<\/h2>\n<p>Zaista je lako kao od \u0161ale i nevjerojatno brzo. <strong>Rezultati posljednjeg izvla\u010denja uvijek se nalaze na vrhu stranice.<\/strong> Ipak, bonus broj, tzv. Jolly, koji se pojavljuje u rezultatima, mo\u017ee zbuniti, ali mi dobivamo rezultate izravno od organizatora, odmah nakon izvla\u010denja, pa se i taj mali dodatni broj, koji mogu birati samo Talijani u loto poslovnicama diljem zemlje, prikazuje. To zna\u010di da se treba\u0161 fokusirati samo na glavne brojeve, jer ne sudjeluje\u0161 u izvla\u010denju Jolly broja. <strong>Rezultati na LottoMat stranici prikazani su u preglednoj tablici, a \u010ditanje je vrlo jednostavno.<\/strong><\/p>\n<h2>Kako Provjeriti Arhivirane Rezultate SuperEnalotto?<\/h2>\n<p>Na LottoMat stranici omogu\u0107ujemo ti pregled starih rezultata. Odmah pored nedavno izvu\u010denih brojeva stoji datum posljednjeg izvla\u010denja. <strong>Ako klikne\u0161 na taj datum, pojavit \u0107e se kalendar s arhiviranim izvla\u010denjima.<\/strong> Sve \u0161to treba\u0161 u\u010diniti jest odabrati datum koji te zanima i pogledati rezultate prethodnog SuperEnalotto izvla\u010denja. Prikupljamo podatke za posljednjih 12 mjeseci i mo\u017ee\u0161 biti siguran da su pouzdano vo\u0111eni i, prije svega, istiniti.<\/p>\n<h2>Kako Koristiti Arhivirane Dobitne Brojeve SuperEnalotto?<img loading=\"lazy\" decoding=\"async\" class=\"wp-image-252707 alignright\" src=\"https:\/\/lottomat.com\/wp-content\/uploads\/2025\/10\/Italian-lottery-results-300x300.webp\" alt=\"rezultati talijanske lutrije\" width=\"200\" height=\"200\" srcset=\"https:\/\/lottomat.com\/wp-content\/uploads\/2025\/10\/Italian-lottery-results-300x300.webp 300w, https:\/\/lottomat.com\/wp-content\/uploads\/2025\/10\/Italian-lottery-results-150x150.webp 150w, https:\/\/lottomat.com\/wp-content\/uploads\/2025\/10\/Italian-lottery-results-100x100.webp 100w, https:\/\/lottomat.com\/wp-content\/uploads\/2025\/10\/Italian-lottery-results.webp 400w\" sizes=\"auto, (max-width: 200px) 100vw, 200px\" \/><\/h2>\n<p>Zna\u0161 li za\u0161to su arhivirana izvla\u010denja korisna? Postoje tri glavna razloga. <strong>Prije svega, omogu\u0107uju ti da napravi\u0161 vlastitu, jedinstvenu strategiju<\/strong> gdje provjerava\u0161 nedavno izvu\u010dene brojeve i procjenjuje\u0161 \u0161anse za dobitak. Drugo, mo\u017ee\u0161 provjeriti je li se pojavila sretna \u0161estica, ho\u0107e li biti jackpot i, osim toga, koji je bio najve\u0107i nedavni dobitak, kako bi mogao izra\u010dunati potencijalnu zaradu iz osvojenog izvla\u010denja. Tre\u0107e, mo\u017ee\u0161 vidjeti koliko je SuperEnalotto imao dobitnika i koje su nagrade osvojili, \u010dak i ako nisu pogodili sve izvu\u010dene brojeve \u2013 a uvijek ih ima na stotine tisu\u0107a! Sve \u0161to ti preostaje je kupiti karte i potpuno promijeniti svoj \u017eivot! I ne zaboravi, svaka karta te vodi korak bli\u017ee dobitku na <a href=\"https:\/\/lottomat.com\/hr\/igrajte\/superenalotto\/\">SuperEnalotto online<\/a>.<\/p>\n<h2>Koji Su Naj\u010de\u0161\u0107e Izvu\u010deni Brojevi u SuperEnalotto?<\/h2>\n<p>Prema statisti\u010dkoj analizi izvla\u010denja SuperEnalotto od 1997. godine, <strong>10 naj\u010de\u0161\u0107e izvu\u010denih brojeva uklju\u010duju 90, 85, 77, 86, 82, 55, 88, 80, 87 i 79.<\/strong> Ovi brojevi \u010desto se nazivaju \u201evru\u0107im brojevima\u201c u krugovima lutrije zbog svoje \u010deste pojave u dobitnim kombinacijama. Broj 90 zauzima prvo mjesto jer je izvu\u010den stotinama puta kroz povijest igre. Igra\u010di \u010desto koriste ove statisti\u010dke podatke kako bi oblikovali svoje strategije odabira brojeva, iako je va\u017eno zapamtiti da je svako izvla\u010denje neovisno i da pro\u0161li rezultati ne utje\u010du na budu\u0107e ishode.<\/p>\n<h2><img loading=\"lazy\" decoding=\"async\" class=\"wp-image-252737 alignleft\" src=\"https:\/\/lottomat.com\/wp-content\/uploads\/2025\/10\/SuperEnalotto-results-300x300.webp\" alt=\"rezultati SuperEnalotto\" width=\"200\" height=\"200\" srcset=\"https:\/\/lottomat.com\/wp-content\/uploads\/2025\/10\/SuperEnalotto-results-300x300.webp 300w, https:\/\/lottomat.com\/wp-content\/uploads\/2025\/10\/SuperEnalotto-results-150x150.webp 150w, https:\/\/lottomat.com\/wp-content\/uploads\/2025\/10\/SuperEnalotto-results-100x100.webp 100w, https:\/\/lottomat.com\/wp-content\/uploads\/2025\/10\/SuperEnalotto-results.webp 400w\" sizes=\"auto, (max-width: 200px) 100vw, 200px\" \/>Koji Su Najrje\u0111e Izvu\u010deni Brojevi u SuperEnalotto?<\/h2>\n<p>Na suprotnom kraju, SuperEnalotto ima nekoliko \u201ehladnih brojeva\u201c koji se rje\u0111e pojavljuju u izvla\u010denjima. <strong>10 najrje\u0111e izvu\u010denih brojeva obi\u010dno uklju\u010duju manje brojeve poput 1, 2, 3, 4, 5, 6, 7, 8, 9 i 10<\/strong>, iako to mo\u017ee varirati ovisno o analiziranom razdoblju. Ovi hladni brojevi nisu se pojavljivali tako \u010desto u dobitnim kombinacijama u usporedbi s vru\u0107ima. Neki ljubitelji lutrije vjeruju da su hladni brojevi \u201ena redu\u201c da budu izvu\u010deni, dok drugi preferiraju ostati pri vru\u0107im brojevima koji su ve\u0107 dokazali svoju u\u010destalost. Razumijevanje obrazaca vru\u0107ih i hladnih brojeva mo\u017ee pomo\u0107i igra\u010dima da razviju vlastite lutrijske strategije.<\/p>\n<h2>Mogu Li Se Predvidjeti Rezultati SuperEnalotto?<\/h2>\n<p>Unato\u010d detaljnoj statisti\u010dkoj analizi dostupnoj za SuperEnalotto, klju\u010dno je razumjeti da se <strong>rezultati lutrije ne mogu to\u010dno predvidjeti.<\/strong> Svako izvla\u010denje SuperEnalotto potpuno je nasumi\u010dno i neovisno o prethodnim rezultatima. Iako prou\u010davanje vru\u0107ih i hladnih brojeva, tablica u\u010destalosti i povijesnih obrazaca mo\u017ee biti zanimljivo i mo\u017ee usmjeriti tvoju strategiju odabira brojeva, te statistike ne jam\u010de budu\u0107i uspjeh. Lutrija koristi sofisticirane sustave za nasumi\u010dno generiranje brojeva, koji osiguravaju da svaki broj od 1 do 90 ima jednake \u0161anse da bude izvu\u010den u svakom izvla\u010denju. Matemati\u010dka vjerojatnost ostaje ista bez obzira na prethodne rezultate \u2013 to se naziva \u201ekockarska zabluda\u201c, kada ljudi pogre\u0161no vjeruju da pro\u0161li rezultati utje\u010du na budu\u0107e. Profesionalni matemati\u010dari i statisti\u010dari stalno nagla\u0161avaju da su igre poput SuperEnalotto igre \u010diste sre\u0107e. <strong>Najbolji pristup je igrati odgovorno, u skladu sa svojim mogu\u0107nostima i radi zabave, a ne kao investicijsku strategiju.<\/strong><\/p>\n<h2>Kako Provjeriti Rezultate Ju\u010dera\u0161njeg SuperEnalotto Izvla\u010denja?<img loading=\"lazy\" decoding=\"async\" class=\"wp-image-252767 alignright\" src=\"https:\/\/lottomat.com\/wp-content\/uploads\/2025\/10\/SuperEnalotto-winning-numbers-300x300.webp\" alt=\"dobitni brojevi SuperEnalotto\" width=\"200\" height=\"200\" srcset=\"https:\/\/lottomat.com\/wp-content\/uploads\/2025\/10\/SuperEnalotto-winning-numbers-300x300.webp 300w, https:\/\/lottomat.com\/wp-content\/uploads\/2025\/10\/SuperEnalotto-winning-numbers-150x150.webp 150w, https:\/\/lottomat.com\/wp-content\/uploads\/2025\/10\/SuperEnalotto-winning-numbers-100x100.webp 100w, https:\/\/lottomat.com\/wp-content\/uploads\/2025\/10\/SuperEnalotto-winning-numbers.webp 400w\" sizes=\"auto, (max-width: 200px) 100vw, 200px\" \/><\/h2>\n<p>Provjeravanje rezultata SuperEnalotto od ju\u010der na LottoMat stranici je jednostavno i prakti\u010dno. Na\u0161a platforma \u010duva potpune arhive svih nedavnih izvla\u010denja, \u010dine\u0107i lako dostupnim rezultate od ju\u010der, pro\u0161log tjedna ili \u010dak pro\u0161log mjeseca. <strong>Bilo da tra\u017ei\u0161 najnovije rezultate od danas ili \u017eeli\u0161 provjeriti brojeve iz prethodnih izvla\u010denja, LottoMat pru\u017ea pouzdane i to\u010dne informacije o talijanskoj lutriji.<\/strong> Samo idi u na\u0161u sekciju s rezultatima, gdje \u0107e\u0161 prona\u0107i kronolo\u0161ki popis svih nedavnih SuperEnalotto izvla\u010denja. Svaki unos sadr\u017ei \u0161est glavnih dobitnih brojeva, broj Jolly i broj SuperStar, ako postoji. Mo\u017ee\u0161 kliknuti na bilo koji datum kako bi vidio detaljne informacije o tom izvla\u010denju, uklju\u010duju\u0107i raspodjelu nagrada i statistike o dobitnicima. Zapamti da na LottoMat <strong>nije va\u017eno tra\u017ei\u0161 li dana\u0161nje rezultate, brojeve od ju\u010der ili rezultate od prije nekoliko tjedana \u2013 uvijek \u0107e\u0161 prona\u0107i autenti\u010dne rezultate talijanske lutrije<\/strong> kojima mo\u017ee\u0161 potpuno vjerovati.<\/p>\n<h2>Koliko Je Ljudi Dobilo na Posljednjem SuperEnalotto Izvla\u010denju?<\/h2>\n<p>Svako izvla\u010denje SuperEnalotto donosi vi\u0161e dobitnika na razli\u010ditim <a href=\"https:\/\/lottomat.com\/hr\/lutrije\/superenalotto\/\">nivoima nagrada SuperEnalotto<\/a>, a ne samo dobitnika jackpota. <strong>Na\u0161a detaljna tablica raspodjele nagrada pru\u017ea potpune informacije o broju dobitnika na svakoj razini nagrada i iznosima koje su osvojili.<\/strong> Ovi dragocjeni podaci poma\u017eu igra\u010dima razumjeti razli\u010dite na\u010dine za osvajanje na SuperEnalotto, a ne samo poga\u0111anjem svih \u0161est brojeva. Obi\u010dno, <strong>tisu\u0107e igra\u010da osvajaju nagrade u svakom SuperEnalotto izvla\u010denju na svim razinama nagrada<\/strong>, pri \u010demu ve\u0107ina dobiva manje iznose za pogo\u0111ena 2-3 broja. Ove informacije a\u017euriraju se odmah nakon svakog izvla\u010denja i osiguravaju transparentnost u vezi s raspodjelom nagrada, poma\u017eu\u0107i igra\u010dima da razumiju svoje potencijalne dobitke na razli\u010ditim razinama podudaranja.<\/p>\n","protected":false},"excerpt":{"rendered":"<p>Saznavanje rezultata SuperEnalotto za svako izvla\u010denje u kojem sudjeluju tvoje karte zasigurno \u0107e biti pravo zadovoljstvo, osobito kada se poka\u017ee da si odabrao sretne brojeve. Brzo i jednostavno provjeri na LottoMat stranici jesi li se uspio pridru\u017eiti milijuna\u0161ima, jer objavljujemo rezultate odmah nakon izvla\u010denja, a oni dolaze iz slu\u017ebene objave organizatora SuperEnalotto lutrije. Moglo bi [&hellip;]<\/p>\n","protected":false},"author":1,"featured_media":0,"parent":7648,"menu_order":5,"comment_status":"closed","ping_status":"closed","template":"superenalotto-results.php","meta":{"_et_pb_use_builder":"","_et_pb_old_content":"","_et_gb_content_width":"","exclude_from_search":false,"footnotes":""},"class_list":["post-238062","page","type-page","status-publish","hentry"],"yoast_head":"<!-- This site is optimized with the Yoast SEO plugin v23.8 - https:\/\/yoast.com\/wordpress\/plugins\/seo\/ -->\n<title>Rezultati SuperEnalotto &amp; Dobitni Brojevi - Lottomat Hrvatska<\/title>\n<meta name=\"description\" content=\"Provjeri sada najnovije rezultate SuperEnalotto! Pogledaj dana\u0161nje dobitne brojeve i saznaj jesi li osvojio na talijanskom izvla\u010denju.\" \/>\n<meta name=\"robots\" content=\"index, follow, max-snippet:-1, max-image-preview:large, max-video-preview:-1\" \/>\n<link rel=\"canonical\" href=\"https:\/\/lottomat.com\/hr\/rezultati\/superenalotto\/\" \/>\n<meta property=\"og:locale\" content=\"hr_HR\" \/>\n<meta property=\"og:type\" content=\"article\" \/>\n<meta property=\"og:title\" content=\"Rezultati SuperEnalotto &amp; Dobitni Brojevi - Lottomat Hrvatska\" \/>\n<meta property=\"og:description\" content=\"Provjeri sada najnovije rezultate SuperEnalotto! Pogledaj dana\u0161nje dobitne brojeve i saznaj jesi li osvojio na talijanskom izvla\u010denju.\" \/>\n<meta property=\"og:url\" content=\"https:\/\/lottomat.com\/hr\/rezultati\/superenalotto\/\" \/>\n<meta property=\"og:site_name\" content=\"Lottomat\" \/>\n<meta property=\"article:modified_time\" content=\"2025-10-05T16:47:19+00:00\" \/>\n<meta property=\"og:image\" content=\"https:\/\/lottomat.com\/wp-content\/uploads\/2025\/10\/Italian-lottery-numbers-300x300.webp\" \/>\n<meta name=\"twitter:card\" content=\"summary_large_image\" \/>\n<meta name=\"twitter:label1\" content=\"Procijenjeno vrijeme \u010ditanja\" \/>\n\t<meta name=\"twitter:data1\" content=\"5 minuta\" \/>\n<script type=\"application\/ld+json\" class=\"yoast-schema-graph\">{\"@context\":\"https:\/\/schema.org\",\"@graph\":[{\"@type\":\"WebPage\",\"@id\":\"https:\/\/lottomat.com\/hr\/rezultati\/superenalotto\/\",\"url\":\"https:\/\/lottomat.com\/hr\/rezultati\/superenalotto\/\",\"name\":\"Rezultati SuperEnalotto & Dobitni Brojevi - Lottomat Hrvatska\",\"isPartOf\":{\"@id\":\"https:\/\/lottomat.com\/hr\/#website\"},\"primaryImageOfPage\":{\"@id\":\"https:\/\/lottomat.com\/hr\/rezultati\/superenalotto\/#primaryimage\"},\"image\":{\"@id\":\"https:\/\/lottomat.com\/hr\/rezultati\/superenalotto\/#primaryimage\"},\"thumbnailUrl\":\"https:\/\/lottomat.com\/wp-content\/uploads\/2025\/10\/Italian-lottery-numbers-300x300.webp\",\"datePublished\":\"2025-04-07T19:25:51+00:00\",\"dateModified\":\"2025-10-05T16:47:19+00:00\",\"description\":\"Provjeri sada najnovije rezultate SuperEnalotto! Pogledaj dana\u0161nje dobitne brojeve i saznaj jesi li osvojio na talijanskom izvla\u010denju.\",\"breadcrumb\":{\"@id\":\"https:\/\/lottomat.com\/hr\/rezultati\/superenalotto\/#breadcrumb\"},\"inLanguage\":\"hr\",\"potentialAction\":[{\"@type\":\"ReadAction\",\"target\":[\"https:\/\/lottomat.com\/hr\/rezultati\/superenalotto\/\"]}]},{\"@type\":\"ImageObject\",\"inLanguage\":\"hr\",\"@id\":\"https:\/\/lottomat.com\/hr\/rezultati\/superenalotto\/#primaryimage\",\"url\":\"https:\/\/lottomat.com\/wp-content\/uploads\/2025\/10\/Italian-lottery-numbers-300x300.webp\",\"contentUrl\":\"https:\/\/lottomat.com\/wp-content\/uploads\/2025\/10\/Italian-lottery-numbers-300x300.webp\"},{\"@type\":\"BreadcrumbList\",\"@id\":\"https:\/\/lottomat.com\/hr\/rezultati\/superenalotto\/#breadcrumb\",\"itemListElement\":[{\"@type\":\"ListItem\",\"position\":1,\"name\":\"Home\",\"item\":\"https:\/\/lottomat.com\/hr\/\"},{\"@type\":\"ListItem\",\"position\":2,\"name\":\"Najnoviji rezultati lutrije i dobitni brojevi\",\"item\":\"https:\/\/lottomat.com\/hr\/rezultati\/\"},{\"@type\":\"ListItem\",\"position\":3,\"name\":\"Rezultati SuperEnalotto &#038; Dobitni Brojevi\"}]},{\"@type\":\"WebSite\",\"@id\":\"https:\/\/lottomat.com\/hr\/#website\",\"url\":\"https:\/\/lottomat.com\/hr\/\",\"name\":\"Lottomat\",\"description\":\"\",\"potentialAction\":[{\"@type\":\"SearchAction\",\"target\":{\"@type\":\"EntryPoint\",\"urlTemplate\":\"https:\/\/lottomat.com\/hr\/?s={search_term_string}\"},\"query-input\":{\"@type\":\"PropertyValueSpecification\",\"valueRequired\":true,\"valueName\":\"search_term_string\"}}],\"inLanguage\":\"hr\"}]}<\/script>\n<!-- \/ Yoast SEO plugin. -->","yoast_head_json":{"title":"Rezultati SuperEnalotto & Dobitni Brojevi - Lottomat Hrvatska","description":"Provjeri sada najnovije rezultate SuperEnalotto! Pogledaj dana\u0161nje dobitne brojeve i saznaj jesi li osvojio na talijanskom izvla\u010denju.","robots":{"index":"index","follow":"follow","max-snippet":"max-snippet:-1","max-image-preview":"max-image-preview:large","max-video-preview":"max-video-preview:-1"},"canonical":"https:\/\/lottomat.com\/hr\/rezultati\/superenalotto\/","og_locale":"hr_HR","og_type":"article","og_title":"Rezultati SuperEnalotto & Dobitni Brojevi - Lottomat Hrvatska","og_description":"Provjeri sada najnovije rezultate SuperEnalotto! Pogledaj dana\u0161nje dobitne brojeve i saznaj jesi li osvojio na talijanskom izvla\u010denju.","og_url":"https:\/\/lottomat.com\/hr\/rezultati\/superenalotto\/","og_site_name":"Lottomat","article_modified_time":"2025-10-05T16:47:19+00:00","og_image":[{"url":"https:\/\/lottomat.com\/wp-content\/uploads\/2025\/10\/Italian-lottery-numbers-300x300.webp"}],"twitter_card":"summary_large_image","twitter_misc":{"Procijenjeno vrijeme \u010ditanja":"5 minuta"},"schema":{"@context":"https:\/\/schema.org","@graph":[{"@type":"WebPage","@id":"https:\/\/lottomat.com\/hr\/rezultati\/superenalotto\/","url":"https:\/\/lottomat.com\/hr\/rezultati\/superenalotto\/","name":"Rezultati SuperEnalotto & Dobitni Brojevi - Lottomat Hrvatska","isPartOf":{"@id":"https:\/\/lottomat.com\/hr\/#website"},"primaryImageOfPage":{"@id":"https:\/\/lottomat.com\/hr\/rezultati\/superenalotto\/#primaryimage"},"image":{"@id":"https:\/\/lottomat.com\/hr\/rezultati\/superenalotto\/#primaryimage"},"thumbnailUrl":"https:\/\/lottomat.com\/wp-content\/uploads\/2025\/10\/Italian-lottery-numbers-300x300.webp","datePublished":"2025-04-07T19:25:51+00:00","dateModified":"2025-10-05T16:47:19+00:00","description":"Provjeri sada najnovije rezultate SuperEnalotto! Pogledaj dana\u0161nje dobitne brojeve i saznaj jesi li osvojio na talijanskom izvla\u010denju.","breadcrumb":{"@id":"https:\/\/lottomat.com\/hr\/rezultati\/superenalotto\/#breadcrumb"},"inLanguage":"hr","potentialAction":[{"@type":"ReadAction","target":["https:\/\/lottomat.com\/hr\/rezultati\/superenalotto\/"]}]},{"@type":"ImageObject","inLanguage":"hr","@id":"https:\/\/lottomat.com\/hr\/rezultati\/superenalotto\/#primaryimage","url":"https:\/\/lottomat.com\/wp-content\/uploads\/2025\/10\/Italian-lottery-numbers-300x300.webp","contentUrl":"https:\/\/lottomat.com\/wp-content\/uploads\/2025\/10\/Italian-lottery-numbers-300x300.webp"},{"@type":"BreadcrumbList","@id":"https:\/\/lottomat.com\/hr\/rezultati\/superenalotto\/#breadcrumb","itemListElement":[{"@type":"ListItem","position":1,"name":"Home","item":"https:\/\/lottomat.com\/hr\/"},{"@type":"ListItem","position":2,"name":"Najnoviji rezultati lutrije i dobitni brojevi","item":"https:\/\/lottomat.com\/hr\/rezultati\/"},{"@type":"ListItem","position":3,"name":"Rezultati SuperEnalotto &#038; Dobitni Brojevi"}]},{"@type":"WebSite","@id":"https:\/\/lottomat.com\/hr\/#website","url":"https:\/\/lottomat.com\/hr\/","name":"Lottomat","description":"","potentialAction":[{"@type":"SearchAction","target":{"@type":"EntryPoint","urlTemplate":"https:\/\/lottomat.com\/hr\/?s={search_term_string}"},"query-input":{"@type":"PropertyValueSpecification","valueRequired":true,"valueName":"search_term_string"}}],"inLanguage":"hr"}]}},"_links":{"self":[{"href":"https:\/\/lottomat.com\/hr\/wp-json\/wp\/v2\/pages\/238062","targetHints":{"allow":["GET"]}}],"collection":[{"href":"https:\/\/lottomat.com\/hr\/wp-json\/wp\/v2\/pages"}],"about":[{"href":"https:\/\/lottomat.com\/hr\/wp-json\/wp\/v2\/types\/page"}],"author":[{"embeddable":true,"href":"https:\/\/lottomat.com\/hr\/wp-json\/wp\/v2\/users\/1"}],"replies":[{"embeddable":true,"href":"https:\/\/lottomat.com\/hr\/wp-json\/wp\/v2\/comments?post=238062"}],"version-history":[{"count":2,"href":"https:\/\/lottomat.com\/hr\/wp-json\/wp\/v2\/pages\/238062\/revisions"}],"predecessor-version":[{"id":253072,"href":"https:\/\/lottomat.com\/hr\/wp-json\/wp\/v2\/pages\/238062\/revisions\/253072"}],"up":[{"embeddable":true,"href":"https:\/\/lottomat.com\/hr\/wp-json\/wp\/v2\/pages\/7648"}],"wp:attachment":[{"href":"https:\/\/lottomat.com\/hr\/wp-json\/wp\/v2\/media?parent=238062"}],"curies":[{"name":"wp","href":"https:\/\/api.w.org\/{rel}","templated":true}]}}