{"id":237793,"date":"2025-04-07T19:24:29","date_gmt":"2025-04-07T19:24:29","guid":{"rendered":"https:\/\/lottomat.net\/rezultati-lutrije\/mega-millions-rezultati\/"},"modified":"2025-10-05T17:28:45","modified_gmt":"2025-10-05T17:28:45","slug":"mega-millions","status":"publish","type":"page","link":"https:\/\/lottomat.com\/hr\/rezultati\/mega-millions\/","title":{"rendered":"Rezultati Mega Millions &#038; Dobitni Brojevi"},"content":{"rendered":"\n\n<div class=\"kk-star-ratings kksr-auto kksr-align-left kksr-valign-top\"\n    data-payload='{&quot;align&quot;:&quot;left&quot;,&quot;id&quot;:&quot;237793&quot;,&quot;slug&quot;:&quot;default&quot;,&quot;valign&quot;:&quot;top&quot;,&quot;ignore&quot;:&quot;&quot;,&quot;reference&quot;:&quot;auto&quot;,&quot;class&quot;:&quot;&quot;,&quot;count&quot;:&quot;0&quot;,&quot;legendonly&quot;:&quot;&quot;,&quot;readonly&quot;:&quot;&quot;,&quot;score&quot;:&quot;0&quot;,&quot;starsonly&quot;:&quot;&quot;,&quot;best&quot;:&quot;5&quot;,&quot;gap&quot;:&quot;5&quot;,&quot;greet&quot;:&quot;Rate this page&quot;,&quot;legend&quot;:&quot;0\\\/5 - (0 votes)&quot;,&quot;size&quot;:&quot;30&quot;,&quot;title&quot;:&quot;Rezultati Mega Millions \\u0026amp; Dobitni Brojevi&quot;,&quot;width&quot;:&quot;0&quot;,&quot;_legend&quot;:&quot;{score}\\\/{best} - ({count} {votes})&quot;,&quot;font_factor&quot;:&quot;1.25&quot;}'>\n            \n<div class=\"kksr-stars\">\n    \n<div class=\"kksr-stars-inactive\">\n            <div class=\"kksr-star\" data-star=\"1\" style=\"padding-right: 5px\">\n            \n\n<div class=\"kksr-icon\" style=\"width: 30px; height: 30px;\"><\/div>\n        <\/div>\n            <div class=\"kksr-star\" data-star=\"2\" style=\"padding-right: 5px\">\n            \n\n<div class=\"kksr-icon\" style=\"width: 30px; height: 30px;\"><\/div>\n        <\/div>\n            <div class=\"kksr-star\" data-star=\"3\" style=\"padding-right: 5px\">\n            \n\n<div class=\"kksr-icon\" style=\"width: 30px; height: 30px;\"><\/div>\n        <\/div>\n            <div class=\"kksr-star\" data-star=\"4\" style=\"padding-right: 5px\">\n            \n\n<div class=\"kksr-icon\" style=\"width: 30px; height: 30px;\"><\/div>\n        <\/div>\n            <div class=\"kksr-star\" data-star=\"5\" style=\"padding-right: 5px\">\n            \n\n<div class=\"kksr-icon\" style=\"width: 30px; height: 30px;\"><\/div>\n        <\/div>\n    <\/div>\n    \n<div class=\"kksr-stars-active\" style=\"width: 0px;\">\n            <div class=\"kksr-star\" style=\"padding-right: 5px\">\n            \n\n<div class=\"kksr-icon\" style=\"width: 30px; height: 30px;\"><\/div>\n        <\/div>\n            <div class=\"kksr-star\" style=\"padding-right: 5px\">\n            \n\n<div class=\"kksr-icon\" style=\"width: 30px; height: 30px;\"><\/div>\n        <\/div>\n            <div class=\"kksr-star\" style=\"padding-right: 5px\">\n            \n\n<div class=\"kksr-icon\" style=\"width: 30px; height: 30px;\"><\/div>\n        <\/div>\n            <div class=\"kksr-star\" style=\"padding-right: 5px\">\n            \n\n<div class=\"kksr-icon\" style=\"width: 30px; height: 30px;\"><\/div>\n        <\/div>\n            <div class=\"kksr-star\" style=\"padding-right: 5px\">\n            \n\n<div class=\"kksr-icon\" style=\"width: 30px; height: 30px;\"><\/div>\n        <\/div>\n    <\/div>\n<\/div>\n                \n\n<div class=\"kksr-legend\" style=\"font-size: 24px;\">\n            <span class=\"kksr-muted\">Rate this page<\/span>\n    <\/div>\n    <\/div>\n<p>Listi\u0107i za lutriju Mega Millions se kupuju, dobitni brojevi Mega Millions se izvla\u010de, a ti se fokusira\u0161 samo na sretne planove i snove koji \u0107e se ostvariti ako se pridru\u017ei\u0161 klubu milijuna\u0161a. Nema ni\u0161ta lo\u0161e u tome, svi imamo svoje snove. Vrlo je vjerojatno da se misli svakog igra\u010da vrte oko dobitka prije nego \u0161to sazna rezultate izvla\u010denja Mega Millions, a <strong>Mega Millions je igra koja zaista mo\u017ee puno pru\u017eiti<\/strong>.<\/p>\n<h2>Je li Mogu\u0107e Dobiti s Brojevima Mega Millions?<img loading=\"lazy\" decoding=\"async\" class=\"alignright wp-image-251955\" src=\"https:\/\/lottomat.com\/wp-content\/uploads\/2025\/10\/Mega-Millions-winning-numbers.webp\" alt=\"Dobitni brojevi Mega Millions\" width=\"200\" height=\"200\" srcset=\"https:\/\/lottomat.com\/wp-content\/uploads\/2025\/10\/Mega-Millions-winning-numbers.webp 400w, https:\/\/lottomat.com\/wp-content\/uploads\/2025\/10\/Mega-Millions-winning-numbers-300x300.webp 300w, https:\/\/lottomat.com\/wp-content\/uploads\/2025\/10\/Mega-Millions-winning-numbers-150x150.webp 150w, https:\/\/lottomat.com\/wp-content\/uploads\/2025\/10\/Mega-Millions-winning-numbers-100x100.webp 100w\" sizes=\"auto, (max-width: 200px) 100vw, 200px\" \/><\/h2>\n<p>Dok ne <a href=\"https:\/\/lottomat.com\/hr\/rezultati\/\">provjeri\u0161 trenutne rezultate izvla\u010denja<\/a>, mo\u017ee\u0161 sanjati, ali samo izvla\u010denje brojeva koje si odabrao mo\u017ee taj lijepi san pretvoriti u stvarnost, zato nema smisla \u010dekati \u2013 jednostavno igraj i provjeri. Sve \u0161to treba\u0161 napraviti nakon izvla\u010denja je <a href=\"https:\/\/lottomat.com\/hr\/\">posjetiti stranicu s rezultatima Lottomat<\/a> za Mega Millions i vidjeti koji su brojevi izvu\u010deni; ako se podudaraju s tvojim listi\u0107em, zna\u010di da si me\u0111u dobitnicima <a href=\"https:\/\/lottomat.com\/hr\/lutrije\/mega-millions\/\">nagrada i jackpota Mega Millions<\/a>. <strong>Izvla\u010denje Mega Millions odr\u017eava se redovito dvaput tjedno, svake srijede i subote u 03:00 UTC<\/strong>. Objavljujemo aktualne rezultate Mega Millions online odmah nakon zavr\u0161etka izvla\u010denja i oni dolaze iz slu\u017ebenih izvora organizatora, \u0161to ih \u010dini 100% provjerenima i pouzdanima. Jedino na \u0161to treba\u0161 obratiti pozornost je prilagoditi vrijeme svojoj lokalnoj vremenskoj zoni.<\/p>\n<h2>Kako Provjeriti Dana\u0161nje Rezultate Mega Millions?<\/h2>\n<p><strong>Trenutni rezultati Mega Millions dostupni su odmah na stranici Lottomat nakon svakog izvla\u010denja<\/strong>. Svi objavljeni rezultati dolaze izravno iz slu\u017ebenih izvora lutrije, osiguravaju\u0107i to\u010dnost i pouzdanost. Najnovije dobitne brojeve mo\u017ee\u0161 prona\u0107i posjetom na\u0161oj posebnoj stranici s rezultatima Mega Millions. Rezultati se a\u017euriraju u stvarnom vremenu nakon svakog izvla\u010denja, tako da \u0107e\u0161 uvijek imati pristup najnovijim informacijama. Samo u\u0111i u odjeljak s rezultatima da otkrije\u0161 jesu li tvoji brojevi od tebe napravili sljede\u0107eg dobitnika Mega Millions.<\/p>\n<h2><img loading=\"lazy\" decoding=\"async\" class=\"alignleft wp-image-251985\" src=\"https:\/\/lottomat.com\/wp-content\/uploads\/2025\/10\/Mega-Millions-results.webp\" alt=\"Rezultati Mega Millions\" width=\"200\" height=\"200\" srcset=\"https:\/\/lottomat.com\/wp-content\/uploads\/2025\/10\/Mega-Millions-results.webp 400w, https:\/\/lottomat.com\/wp-content\/uploads\/2025\/10\/Mega-Millions-results-300x300.webp 300w, https:\/\/lottomat.com\/wp-content\/uploads\/2025\/10\/Mega-Millions-results-150x150.webp 150w, https:\/\/lottomat.com\/wp-content\/uploads\/2025\/10\/Mega-Millions-results-100x100.webp 100w\" sizes=\"auto, (max-width: 200px) 100vw, 200px\" \/>Kako Provjeriti Povijesne Rezultate Mega Millions i Dobitne Brojeve?<\/h2>\n<p>Znamo koliko su arhivirani rezultati lutrije va\u017eni za mnoge od nas, jer neki od vas grade svoju strategiju za budu\u0107a izvla\u010denja na temelju njih. Sve \u0161to treba\u0161 napraviti kako bi ih koristio je oti\u0107i u na\u0161 kalendar rezultata. Nalazi se gore desno. Nakon klika na datum, mo\u017ee\u0161 slobodno prelaziti na druga razdoblja. <strong>Tamo mo\u017ee\u0161 provjeriti dobitne brojeve Mega Millions izvu\u010dene u posljednjim tjednima i vidjeti koliko je va\u017ena raznolikost brojeva na listi\u0107ima<\/strong>.<\/p>\n<h2>Kako Koristiti Arhivu Dobitnih Brojeva Mega Millions?<\/h2>\n<p>Povijesna arhiva rezultata Mega Millions slu\u017ei kao vrijedan alat za igra\u010de koji \u017eele analizirati obrasce i razviti svoje strategije igranja. Analiziraju\u0107i pro\u0161la izvla\u010denja, mo\u017ee\u0161 identificirati trendove u u\u010destalosti brojeva i donositi informiranije odluke o odabiru. <strong>Arhiva ti omogu\u0107uje da prati\u0161 koji su se brojevi \u010desto pojavljivali zajedno, poma\u017eu\u0107i ti da razumije\u0161 obrasce igre kroz vrijeme<\/strong>. Mnogi uspje\u0161ni igra\u010di koriste ove povijesne podatke kako bi stvorili sustavne pristupe svom odabiru brojeva, iako je va\u017eno zapamtiti da je svako izvla\u010denje neovisno i nasumi\u010dno. Arhiva daje uvid u kombinacije brojeva koje su vi\u0161e puta izvu\u010dene, daju\u0107i ti osnovu za kreiranje vlastite metodologije odabira. Me\u0111utim, pro\u0161li rezultati ne jam\u010de budu\u0107e ishode u igrama na sre\u0107u.<\/p>\n<h2>Koji Su Naj\u010de\u0161\u0107e Izvu\u010deni Brojevi u Mega Millions?<img loading=\"lazy\" decoding=\"async\" class=\"alignright wp-image-252015\" src=\"https:\/\/lottomat.com\/wp-content\/uploads\/2025\/10\/drawing-results.webp\" alt=\"Rezultati izvla\u010denja\" width=\"200\" height=\"200\" srcset=\"https:\/\/lottomat.com\/wp-content\/uploads\/2025\/10\/drawing-results.webp 400w, https:\/\/lottomat.com\/wp-content\/uploads\/2025\/10\/drawing-results-300x300.webp 300w, https:\/\/lottomat.com\/wp-content\/uploads\/2025\/10\/drawing-results-150x150.webp 150w, https:\/\/lottomat.com\/wp-content\/uploads\/2025\/10\/drawing-results-100x100.webp 100w\" sizes=\"auto, (max-width: 200px) 100vw, 200px\" \/><\/h2>\n<p>Ve\u0107 smo spomenuli pripremu dobre strategije koriste\u0107i prethodno izvu\u010dene brojeve, ali jednako je vrijedna podr\u0161ka u obliku statistike o izvla\u010denju odre\u0111enih brojeva. Pokazalo se da postoje brojevi koji se izvla\u010de mnogo \u010de\u0161\u0107e od drugih. Na stranici Lottomat prona\u0107i \u0107e\u0161 sve te informacije za svaku lutriju. <strong>Naj\u010de\u0161\u0107e izvu\u010deni brojevi za Mega Millions su: 29, 4, 48 i 36<\/strong>. Broj 48 ve\u0107 je izvu\u010den 80 puta od 2005. godine. <strong>\u0160to se ti\u010de Mega Ball-a, naj\u010de\u0161\u0107e izvu\u010deni brojevi su 35, 9, 36 i 7<\/strong>. \u017delimo ti samo najprofitabilnije rezultate Mega Millions!<\/p>\n<h2>Koji Su Najrje\u0111e Izvu\u010deni Brojevi u Mega Millions?<\/h2>\n<p>Iako se neki brojevi \u010desto pojavljuju na izvla\u010denjima Mega Millions, drugi se izvla\u010de rje\u0111e, stvaraju\u0107i ono \u0161to igra\u010di nazivaju \u201ehladni brojevi\u201c. <strong>Ovi rje\u0111e izvu\u010deni brojevi mogu biti jednako vrijedni u stvaranju uravnote\u017eene strategije<\/strong>. Neki igra\u010di radije uklju\u010duju ove rijetke brojeve u svoj odabir, vjeruju\u0107i da je \u201edo\u0161lo njihovo vrijeme\u201c da se pojave. <strong>Najrje\u0111e izvu\u010deni glavni brojevi u povijesti Mega Millions uklju\u010duju 50, 51, 65, 66 i 67<\/strong>. Ti su brojevi izvu\u010deni znatno manje puta u usporedbi s naj\u010de\u0161\u0107ima, neki samo 66-84 puta tijekom povijesti igre. Me\u0111u brojevima Mega Ball, odre\u0111eni brojevi poput 15 i oni s ve\u0107im vrijednostima obi\u010dno se pojavljuju rje\u0111e u novijim izvla\u010denjima. Najrje\u0111e izvu\u010deni glavni brojevi uklju\u010duju nekoliko ve\u0107ih brojeva iz dostupnog raspona, iako se specifi\u010dni brojevi mijenjaju s vremenom kako se izvla\u010denja nastavljaju. <strong>Broj 50 isti\u010de se kao jedan od najhladnijih, jer je izvu\u010den samo 66 puta od po\u010detka igre<\/strong>. Vrijedi napomenuti da u istinski nasumi\u010dnom sustavu svi brojevi imaju jednaku vjerojatnost da budu izvu\u010deni na svakom izvla\u010denju, bez obzira na njihovu povijesnu u\u010destalost.<\/p>\n<h2><img loading=\"lazy\" decoding=\"async\" class=\"alignleft wp-image-252045\" src=\"https:\/\/lottomat.com\/wp-content\/uploads\/2025\/10\/Mega-Millions-draw.webp\" alt=\"Izvla\u010denje Mega Millions\" width=\"200\" height=\"200\" srcset=\"https:\/\/lottomat.com\/wp-content\/uploads\/2025\/10\/Mega-Millions-draw.webp 400w, https:\/\/lottomat.com\/wp-content\/uploads\/2025\/10\/Mega-Millions-draw-300x300.webp 300w, https:\/\/lottomat.com\/wp-content\/uploads\/2025\/10\/Mega-Millions-draw-150x150.webp 150w, https:\/\/lottomat.com\/wp-content\/uploads\/2025\/10\/Mega-Millions-draw-100x100.webp 100w\" sizes=\"auto, (max-width: 200px) 100vw, 200px\" \/>Mogu li se Rezultati Mega Millions Predvidjeti?<\/h2>\n<p>Pitanje mogu li se rezultati lutrije predvidjeti fascinira igra\u010de ve\u0107 generacijama. <strong>Izvla\u010denja Mega Millions provode se koriste\u0107i certificirane metode nasumi\u010dnog generiranja brojeva, \u0161to pravo predvi\u0111anje \u010dini matemati\u010dki nemogu\u0107im<\/strong>. Svaka kuglica ima jednake \u0161anse da bude odabrana u svakom izvla\u010denju, bez obzira kada je posljednji put izvu\u010dena. Iako statisti\u010dka analiza pro\u0161lih rezultata mo\u017ee otkriti zanimljive obrasce i u\u010destalosti, ti obrasci ne mogu pouzdano predvidjeti budu\u0107e ishode. Nasumi\u010dna priroda izvla\u010denja zna\u010di da svaka kombinacija brojeva ima jednaku vjerojatnost za dobitak kao i bilo koja druga, bilo da je to niz poput 1-2-3-4-5 ili naizgled nasumi\u010dna mje\u0161avina brojeva. <strong>Najbolji pristup je da <a href=\"https:\/\/lottomat.com\/hr\/igrajte\/mega-millions\/\">igra\u0161 Mega Millions online<\/a> odgovorno i zapamti\u0161 da su lutrijske igre osmi\u0161ljene kao igre na sre\u0107u, a ne igre vje\u0161tine ili predvi\u0111anja<\/strong>.<\/p>\n","protected":false},"excerpt":{"rendered":"<p>Listi\u0107i za lutriju Mega Millions se kupuju, dobitni brojevi Mega Millions se izvla\u010de, a ti se fokusira\u0161 samo na sretne planove i snove koji \u0107e se ostvariti ako se pridru\u017ei\u0161 klubu milijuna\u0161a. Nema ni\u0161ta lo\u0161e u tome, svi imamo svoje snove. Vrlo je vjerojatno da se misli svakog igra\u010da vrte oko dobitka prije nego \u0161to [&hellip;]<\/p>\n","protected":false},"author":1,"featured_media":0,"parent":7648,"menu_order":2,"comment_status":"closed","ping_status":"closed","template":"megamillion-results.php","meta":{"_et_pb_use_builder":"","_et_pb_old_content":"","_et_gb_content_width":"","exclude_from_search":false,"footnotes":""},"class_list":["post-237793","page","type-page","status-publish","hentry"],"yoast_head":"<!-- This site is optimized with the Yoast SEO plugin v23.8 - https:\/\/yoast.com\/wordpress\/plugins\/seo\/ -->\n<title>Rezultati Mega Millions &amp; Dobitni Brojevi - Lottomat Hrvatska<\/title>\n<meta name=\"description\" content=\"Provjeri ovdje najnovije rezultate Mega Millions i dobitne brojeve. Saznaj koji su brojevi izvu\u010deni na posljednjem izvla\u010denju Mega Millions.\" \/>\n<meta name=\"robots\" content=\"index, follow, max-snippet:-1, max-image-preview:large, max-video-preview:-1\" \/>\n<link rel=\"canonical\" href=\"https:\/\/lottomat.com\/hr\/rezultati\/mega-millions\/\" \/>\n<meta property=\"og:locale\" content=\"hr_HR\" \/>\n<meta property=\"og:type\" content=\"article\" \/>\n<meta property=\"og:title\" content=\"Rezultati Mega Millions &amp; Dobitni Brojevi - Lottomat Hrvatska\" \/>\n<meta property=\"og:description\" content=\"Provjeri ovdje najnovije rezultate Mega Millions i dobitne brojeve. Saznaj koji su brojevi izvu\u010deni na posljednjem izvla\u010denju Mega Millions.\" \/>\n<meta property=\"og:url\" content=\"https:\/\/lottomat.com\/hr\/rezultati\/mega-millions\/\" \/>\n<meta property=\"og:site_name\" content=\"Lottomat\" \/>\n<meta property=\"article:modified_time\" content=\"2025-10-05T17:28:45+00:00\" \/>\n<meta property=\"og:image\" content=\"https:\/\/lottomat.com\/wp-content\/uploads\/2025\/10\/Mega-Millions-winning-numbers.webp\" \/>\n<meta name=\"twitter:card\" content=\"summary_large_image\" \/>\n<meta name=\"twitter:label1\" content=\"Procijenjeno vrijeme \u010ditanja\" \/>\n\t<meta name=\"twitter:data1\" content=\"5 minuta\" \/>\n<script type=\"application\/ld+json\" class=\"yoast-schema-graph\">{\"@context\":\"https:\/\/schema.org\",\"@graph\":[{\"@type\":\"WebPage\",\"@id\":\"https:\/\/lottomat.com\/hr\/rezultati\/mega-millions\/\",\"url\":\"https:\/\/lottomat.com\/hr\/rezultati\/mega-millions\/\",\"name\":\"Rezultati Mega Millions & Dobitni Brojevi - Lottomat Hrvatska\",\"isPartOf\":{\"@id\":\"https:\/\/lottomat.com\/hr\/#website\"},\"primaryImageOfPage\":{\"@id\":\"https:\/\/lottomat.com\/hr\/rezultati\/mega-millions\/#primaryimage\"},\"image\":{\"@id\":\"https:\/\/lottomat.com\/hr\/rezultati\/mega-millions\/#primaryimage\"},\"thumbnailUrl\":\"https:\/\/lottomat.com\/wp-content\/uploads\/2025\/10\/Mega-Millions-winning-numbers.webp\",\"datePublished\":\"2025-04-07T19:24:29+00:00\",\"dateModified\":\"2025-10-05T17:28:45+00:00\",\"description\":\"Provjeri ovdje najnovije rezultate Mega Millions i dobitne brojeve. Saznaj koji su brojevi izvu\u010deni na posljednjem izvla\u010denju Mega Millions.\",\"breadcrumb\":{\"@id\":\"https:\/\/lottomat.com\/hr\/rezultati\/mega-millions\/#breadcrumb\"},\"inLanguage\":\"hr\",\"potentialAction\":[{\"@type\":\"ReadAction\",\"target\":[\"https:\/\/lottomat.com\/hr\/rezultati\/mega-millions\/\"]}]},{\"@type\":\"ImageObject\",\"inLanguage\":\"hr\",\"@id\":\"https:\/\/lottomat.com\/hr\/rezultati\/mega-millions\/#primaryimage\",\"url\":\"https:\/\/lottomat.com\/wp-content\/uploads\/2025\/10\/Mega-Millions-winning-numbers.webp\",\"contentUrl\":\"https:\/\/lottomat.com\/wp-content\/uploads\/2025\/10\/Mega-Millions-winning-numbers.webp\"},{\"@type\":\"BreadcrumbList\",\"@id\":\"https:\/\/lottomat.com\/hr\/rezultati\/mega-millions\/#breadcrumb\",\"itemListElement\":[{\"@type\":\"ListItem\",\"position\":1,\"name\":\"Home\",\"item\":\"https:\/\/lottomat.com\/hr\/\"},{\"@type\":\"ListItem\",\"position\":2,\"name\":\"Najnoviji rezultati lutrije i dobitni brojevi\",\"item\":\"https:\/\/lottomat.com\/hr\/rezultati\/\"},{\"@type\":\"ListItem\",\"position\":3,\"name\":\"Rezultati Mega Millions &#038; Dobitni Brojevi\"}]},{\"@type\":\"WebSite\",\"@id\":\"https:\/\/lottomat.com\/hr\/#website\",\"url\":\"https:\/\/lottomat.com\/hr\/\",\"name\":\"Lottomat\",\"description\":\"\",\"potentialAction\":[{\"@type\":\"SearchAction\",\"target\":{\"@type\":\"EntryPoint\",\"urlTemplate\":\"https:\/\/lottomat.com\/hr\/?s={search_term_string}\"},\"query-input\":{\"@type\":\"PropertyValueSpecification\",\"valueRequired\":true,\"valueName\":\"search_term_string\"}}],\"inLanguage\":\"hr\"}]}<\/script>\n<!-- \/ Yoast SEO plugin. -->","yoast_head_json":{"title":"Rezultati Mega Millions & Dobitni Brojevi - Lottomat Hrvatska","description":"Provjeri ovdje najnovije rezultate Mega Millions i dobitne brojeve. Saznaj koji su brojevi izvu\u010deni na posljednjem izvla\u010denju Mega Millions.","robots":{"index":"index","follow":"follow","max-snippet":"max-snippet:-1","max-image-preview":"max-image-preview:large","max-video-preview":"max-video-preview:-1"},"canonical":"https:\/\/lottomat.com\/hr\/rezultati\/mega-millions\/","og_locale":"hr_HR","og_type":"article","og_title":"Rezultati Mega Millions & Dobitni Brojevi - Lottomat Hrvatska","og_description":"Provjeri ovdje najnovije rezultate Mega Millions i dobitne brojeve. Saznaj koji su brojevi izvu\u010deni na posljednjem izvla\u010denju Mega Millions.","og_url":"https:\/\/lottomat.com\/hr\/rezultati\/mega-millions\/","og_site_name":"Lottomat","article_modified_time":"2025-10-05T17:28:45+00:00","og_image":[{"url":"https:\/\/lottomat.com\/wp-content\/uploads\/2025\/10\/Mega-Millions-winning-numbers.webp"}],"twitter_card":"summary_large_image","twitter_misc":{"Procijenjeno vrijeme \u010ditanja":"5 minuta"},"schema":{"@context":"https:\/\/schema.org","@graph":[{"@type":"WebPage","@id":"https:\/\/lottomat.com\/hr\/rezultati\/mega-millions\/","url":"https:\/\/lottomat.com\/hr\/rezultati\/mega-millions\/","name":"Rezultati Mega Millions & Dobitni Brojevi - Lottomat Hrvatska","isPartOf":{"@id":"https:\/\/lottomat.com\/hr\/#website"},"primaryImageOfPage":{"@id":"https:\/\/lottomat.com\/hr\/rezultati\/mega-millions\/#primaryimage"},"image":{"@id":"https:\/\/lottomat.com\/hr\/rezultati\/mega-millions\/#primaryimage"},"thumbnailUrl":"https:\/\/lottomat.com\/wp-content\/uploads\/2025\/10\/Mega-Millions-winning-numbers.webp","datePublished":"2025-04-07T19:24:29+00:00","dateModified":"2025-10-05T17:28:45+00:00","description":"Provjeri ovdje najnovije rezultate Mega Millions i dobitne brojeve. Saznaj koji su brojevi izvu\u010deni na posljednjem izvla\u010denju Mega Millions.","breadcrumb":{"@id":"https:\/\/lottomat.com\/hr\/rezultati\/mega-millions\/#breadcrumb"},"inLanguage":"hr","potentialAction":[{"@type":"ReadAction","target":["https:\/\/lottomat.com\/hr\/rezultati\/mega-millions\/"]}]},{"@type":"ImageObject","inLanguage":"hr","@id":"https:\/\/lottomat.com\/hr\/rezultati\/mega-millions\/#primaryimage","url":"https:\/\/lottomat.com\/wp-content\/uploads\/2025\/10\/Mega-Millions-winning-numbers.webp","contentUrl":"https:\/\/lottomat.com\/wp-content\/uploads\/2025\/10\/Mega-Millions-winning-numbers.webp"},{"@type":"BreadcrumbList","@id":"https:\/\/lottomat.com\/hr\/rezultati\/mega-millions\/#breadcrumb","itemListElement":[{"@type":"ListItem","position":1,"name":"Home","item":"https:\/\/lottomat.com\/hr\/"},{"@type":"ListItem","position":2,"name":"Najnoviji rezultati lutrije i dobitni brojevi","item":"https:\/\/lottomat.com\/hr\/rezultati\/"},{"@type":"ListItem","position":3,"name":"Rezultati Mega Millions &#038; Dobitni Brojevi"}]},{"@type":"WebSite","@id":"https:\/\/lottomat.com\/hr\/#website","url":"https:\/\/lottomat.com\/hr\/","name":"Lottomat","description":"","potentialAction":[{"@type":"SearchAction","target":{"@type":"EntryPoint","urlTemplate":"https:\/\/lottomat.com\/hr\/?s={search_term_string}"},"query-input":{"@type":"PropertyValueSpecification","valueRequired":true,"valueName":"search_term_string"}}],"inLanguage":"hr"}]}},"_links":{"self":[{"href":"https:\/\/lottomat.com\/hr\/wp-json\/wp\/v2\/pages\/237793","targetHints":{"allow":["GET"]}}],"collection":[{"href":"https:\/\/lottomat.com\/hr\/wp-json\/wp\/v2\/pages"}],"about":[{"href":"https:\/\/lottomat.com\/hr\/wp-json\/wp\/v2\/types\/page"}],"author":[{"embeddable":true,"href":"https:\/\/lottomat.com\/hr\/wp-json\/wp\/v2\/users\/1"}],"replies":[{"embeddable":true,"href":"https:\/\/lottomat.com\/hr\/wp-json\/wp\/v2\/comments?post=237793"}],"version-history":[{"count":2,"href":"https:\/\/lottomat.com\/hr\/wp-json\/wp\/v2\/pages\/237793\/revisions"}],"predecessor-version":[{"id":253091,"href":"https:\/\/lottomat.com\/hr\/wp-json\/wp\/v2\/pages\/237793\/revisions\/253091"}],"up":[{"embeddable":true,"href":"https:\/\/lottomat.com\/hr\/wp-json\/wp\/v2\/pages\/7648"}],"wp:attachment":[{"href":"https:\/\/lottomat.com\/hr\/wp-json\/wp\/v2\/media?parent=237793"}],"curies":[{"name":"wp","href":"https:\/\/api.w.org\/{rel}","templated":true}]}}