{"id":237707,"date":"2025-04-07T19:23:03","date_gmt":"2025-04-07T19:23:03","guid":{"rendered":"https:\/\/lottomat.net\/rezultati-lutrije\/powerball-rezultati\/"},"modified":"2025-10-05T16:06:08","modified_gmt":"2025-10-05T16:06:08","slug":"powerball","status":"publish","type":"page","link":"https:\/\/lottomat.com\/hr\/rezultati\/powerball\/","title":{"rendered":"Rezultati Powerball &#038; Dobitni Brojevi"},"content":{"rendered":"\n\n<div class=\"kk-star-ratings kksr-auto kksr-align-left kksr-valign-top\"\n    data-payload='{&quot;align&quot;:&quot;left&quot;,&quot;id&quot;:&quot;237707&quot;,&quot;slug&quot;:&quot;default&quot;,&quot;valign&quot;:&quot;top&quot;,&quot;ignore&quot;:&quot;&quot;,&quot;reference&quot;:&quot;auto&quot;,&quot;class&quot;:&quot;&quot;,&quot;count&quot;:&quot;0&quot;,&quot;legendonly&quot;:&quot;&quot;,&quot;readonly&quot;:&quot;&quot;,&quot;score&quot;:&quot;0&quot;,&quot;starsonly&quot;:&quot;&quot;,&quot;best&quot;:&quot;5&quot;,&quot;gap&quot;:&quot;5&quot;,&quot;greet&quot;:&quot;Rate this page&quot;,&quot;legend&quot;:&quot;0\\\/5 - (0 votes)&quot;,&quot;size&quot;:&quot;30&quot;,&quot;title&quot;:&quot;Rezultati Powerball \\u0026amp; Dobitni Brojevi&quot;,&quot;width&quot;:&quot;0&quot;,&quot;_legend&quot;:&quot;{score}\\\/{best} - ({count} {votes})&quot;,&quot;font_factor&quot;:&quot;1.25&quot;}'>\n            \n<div class=\"kksr-stars\">\n    \n<div class=\"kksr-stars-inactive\">\n            <div class=\"kksr-star\" data-star=\"1\" style=\"padding-right: 5px\">\n            \n\n<div class=\"kksr-icon\" style=\"width: 30px; height: 30px;\"><\/div>\n        <\/div>\n            <div class=\"kksr-star\" data-star=\"2\" style=\"padding-right: 5px\">\n            \n\n<div class=\"kksr-icon\" style=\"width: 30px; height: 30px;\"><\/div>\n        <\/div>\n            <div class=\"kksr-star\" data-star=\"3\" style=\"padding-right: 5px\">\n            \n\n<div class=\"kksr-icon\" style=\"width: 30px; height: 30px;\"><\/div>\n        <\/div>\n            <div class=\"kksr-star\" data-star=\"4\" style=\"padding-right: 5px\">\n            \n\n<div class=\"kksr-icon\" style=\"width: 30px; height: 30px;\"><\/div>\n        <\/div>\n            <div class=\"kksr-star\" data-star=\"5\" style=\"padding-right: 5px\">\n            \n\n<div class=\"kksr-icon\" style=\"width: 30px; height: 30px;\"><\/div>\n        <\/div>\n    <\/div>\n    \n<div class=\"kksr-stars-active\" style=\"width: 0px;\">\n            <div class=\"kksr-star\" style=\"padding-right: 5px\">\n            \n\n<div class=\"kksr-icon\" style=\"width: 30px; height: 30px;\"><\/div>\n        <\/div>\n            <div class=\"kksr-star\" style=\"padding-right: 5px\">\n            \n\n<div class=\"kksr-icon\" style=\"width: 30px; height: 30px;\"><\/div>\n        <\/div>\n            <div class=\"kksr-star\" style=\"padding-right: 5px\">\n            \n\n<div class=\"kksr-icon\" style=\"width: 30px; height: 30px;\"><\/div>\n        <\/div>\n            <div class=\"kksr-star\" style=\"padding-right: 5px\">\n            \n\n<div class=\"kksr-icon\" style=\"width: 30px; height: 30px;\"><\/div>\n        <\/div>\n            <div class=\"kksr-star\" style=\"padding-right: 5px\">\n            \n\n<div class=\"kksr-icon\" style=\"width: 30px; height: 30px;\"><\/div>\n        <\/div>\n    <\/div>\n<\/div>\n                \n\n<div class=\"kksr-legend\" style=\"font-size: 24px;\">\n            <span class=\"kksr-muted\">Rate this page<\/span>\n    <\/div>\n    <\/div>\n<p>Nakon kupnje tiketa, odabirom pet glavnih brojeva i jednog bonus Powerball broja na njima, sve \u0161to ti preostaje jest strpljivo pri\u010dekati rezultate izvla\u010denja, koji \u0107e se pojaviti brzinom svjetlosti na <a href=\"https:\/\/lottomat.com\/hr\/\"><strong>stranici LottoMat<\/strong><\/a>. Sve informacije koje objavljujemo o izvu\u010denim brojevima dolaze izravno od doma\u0107ina izvla\u010denja, tako da mo\u017ee\u0161 biti siguran da su <strong>rezultati Powerball 100% uskla\u0111eni s izvla\u010denjem<\/strong>.<\/p>\n<h2><img loading=\"lazy\" decoding=\"async\" class=\"alignleft wp-image-252294\" src=\"https:\/\/lottomat.com\/wp-content\/uploads\/2025\/10\/jackpot-and-prizes-300x300.webp\" alt=\"jackpot i nagrade\" width=\"200\" height=\"200\" srcset=\"https:\/\/lottomat.com\/wp-content\/uploads\/2025\/10\/jackpot-and-prizes-300x300.webp 300w, https:\/\/lottomat.com\/wp-content\/uploads\/2025\/10\/jackpot-and-prizes-150x150.webp 150w, https:\/\/lottomat.com\/wp-content\/uploads\/2025\/10\/jackpot-and-prizes-100x100.webp 100w, https:\/\/lottomat.com\/wp-content\/uploads\/2025\/10\/jackpot-and-prizes.webp 400w\" sizes=\"auto, (max-width: 200px) 100vw, 200px\" \/>Kako provjeriti trenutne rezultate Powerball?<\/h2>\n<p>Na stranici LottoMat uvijek \u0107e\u0161 prona\u0107i <strong>najnovije rezultate Powerball lutrije<\/strong>, jo\u0161 vru\u0107e. A\u017euriramo rezultate Powerball odmah nakon izvla\u010denja, oni dolaze iz slu\u017ebenih izvora, tj. od organizatora lutrije i <strong>sto posto su pouzdani<\/strong>. Kada ode\u0161 na stranicu s rezultatima Powerball, samo treba\u0161 usporediti brojeve na tiketu s brojevima u tablici rezultata. Ako tvoj tiket ima svih \u0161est izvu\u010denih brojeva, \u010destitamo, <strong>upravo si postao milijuna\u0161!<\/strong> Ako ne, nema\u0161 razloga za brigu, jer Powerball ima \u010dak <strong>devet razina s zajam\u010denim dobitcima<\/strong>. To zna\u010di da ne mora\u0161 pogoditi svih \u0161est brojeva da bi osvojio nov\u010danu nagradu, ali mora\u0161 <a href=\"https:\/\/lottomat.com\/hr\/igrajte\/powerball\/\">kupiti Powerball tiket online<\/a>!<\/p>\n<h2>Kako provjeriti rezultate Powerball od ju\u010der?<img loading=\"lazy\" decoding=\"async\" class=\"wp-image-252354 alignright\" src=\"https:\/\/lottomat.com\/wp-content\/uploads\/2025\/10\/Powerball-Numbers-300x300.webp\" alt=\"Powerball brojevi\" width=\"200\" height=\"200\" srcset=\"https:\/\/lottomat.com\/wp-content\/uploads\/2025\/10\/Powerball-Numbers-300x300.webp 300w, https:\/\/lottomat.com\/wp-content\/uploads\/2025\/10\/Powerball-Numbers-150x150.webp 150w, https:\/\/lottomat.com\/wp-content\/uploads\/2025\/10\/Powerball-Numbers-100x100.webp 100w, https:\/\/lottomat.com\/wp-content\/uploads\/2025\/10\/Powerball-Numbers.webp 400w\" sizes=\"auto, (max-width: 200px) 100vw, 200px\" \/><\/h2>\n<p>Bez obzira tra\u017ei\u0161 li dana\u0161nje rezultate, ju\u010dera\u0161nje brojeve ili izvla\u010denja od pro\u0161log tjedna, mo\u017ee\u0161 prona\u0107i <strong>sve rezultate Powerball jednostavno na LottoMat<\/strong>. Na\u0161a sveobuhvatna baza rezultata omogu\u0107ava ti brz i u\u010dinkovit pristup bilo kojoj informaciji o izvla\u010denju. Jednostavno idi u odjeljak s rezultatima i odaberi datum koji \u017eeli\u0161 provjeriti. Ova prakti\u010dna funkcija osigurava da <strong>nikada ne propusti\u0161 provjeriti svoje tikete<\/strong>, bez obzira kada je izvla\u010denje odr\u017eano.<\/p>\n<h2>Kako koristiti arhivirane rezultate izvla\u010denja Powerball?<\/h2>\n<p>Stranica LottoMat tako\u0111er ti nudi <strong>arhivirane rezultate izvla\u010denja Powerball<\/strong>. Ako ih \u017eeli\u0161 pregledati, samo koristi na\u0161 kalendar rezultata. Prona\u0107i \u0107e\u0161 ga na desnoj strani trenutno izvu\u010denih brojeva. Nakon \u0161to pro\u0161iri\u0161 popis, mo\u017ee\u0161 pregledati prethodna izvla\u010denja, do <strong>dvanaest mjeseci unatrag<\/strong>.<\/p>\n<h3><img loading=\"lazy\" decoding=\"async\" class=\"alignleft wp-image-252324\" src=\"https:\/\/lottomat.com\/wp-content\/uploads\/2025\/10\/Powerball-Draw-300x300.webp\" alt=\"Powerball izvla\u010denje\" width=\"200\" height=\"200\" srcset=\"https:\/\/lottomat.com\/wp-content\/uploads\/2025\/10\/Powerball-Draw-300x300.webp 300w, https:\/\/lottomat.com\/wp-content\/uploads\/2025\/10\/Powerball-Draw-150x150.webp 150w, https:\/\/lottomat.com\/wp-content\/uploads\/2025\/10\/Powerball-Draw-100x100.webp 100w, https:\/\/lottomat.com\/wp-content\/uploads\/2025\/10\/Powerball-Draw.webp 400w\" sizes=\"auto, (max-width: 200px) 100vw, 200px\" \/>Koje su prednosti kori\u0161tenja arhiviranih rezultata Powerball?<\/h3>\n<p>Za\u0161to ti trebaju arhivirani rezultati izvla\u010denja lota? Zbog nekoliko stvari. Kao prvo, mogu ti pomo\u0107i <strong>kreirati vlastitu strategiju odabira brojeva<\/strong> kada ponovno ispunjava\u0161 tikete, tako da tvoje budu\u0107e igre mogu biti uspje\u0161nije. Tako\u0111er mo\u017ee\u0161 <a href=\"https:\/\/lottomat.com\/hr\/rezultati\/\">koristiti arhivirane rezultate lutrije<\/a> da provjeri\u0161 koji su brojevi naj\u010de\u0161\u0107e izvu\u010deni u posljednje vrijeme, koji se nisu pojavili tjednima i vidjet \u0107e\u0161 koliko je va\u017eno birati raznolike brojeve iz razli\u010ditih raspona. Odavno je poznato da se ne treba ograni\u010davati ni na koji na\u010din pri ispunjavanju tiketa. Svaki broj u bubnju je va\u017ean, ali mnogi igra\u010di si odre\u0111uju fiksni skup brojeva temeljenih na ro\u0111endanima, \u0161to zna\u010dajno su\u017eava izbor i smanjuje \u0161anse za dobitak na Powerball. Arhivirani rezultati uklju\u010duju i informacije o zadnjim rollover jackpotima, vrijednosti nagrada i broju dobitnika koji su osvojili Powerball jackpot.<\/p>\n<h2>Koji su naj\u010de\u0161\u0107e izvu\u010deni brojevi u Powerball?<\/h2>\n<p>Na stranici LottoMat prona\u0107i \u0107e\u0161 sve klju\u010dne informacije vezane uz lutrije. Nisu samo rezultati, ve\u0107 i popis pravila Powerball, zanimljive informacije, uvjeti kori\u0161tenja i mno\u0161tvo savjeta koji \u0107e ti olak\u0161ati igranje lutrija. Pripremili smo ti <strong>veliki i zanimljiv vodi\u010d<\/strong> u kojem navodimo koji su brojevi naj\u010de\u0161\u0107e izvu\u010deni u Powerball, a koji najmanje. To \u0107e ti pomo\u0107i da planira\u0161 odabir brojeva na novim tiketima, jer statistika jasno pokazuje koji se brojevi \u010de\u0161\u0107e izvla\u010de od drugih. Iskoristi ih i zapamti, Powerball broj izvla\u010di se iz zasebnog raspona, pa isti broj mo\u017ee biti izvu\u010den i me\u0111u glavnim brojevima i kao bonus Powerball. Vi\u0161e ne mora\u0161 tra\u017eiti i zapisivati stare rezultate, sve ima\u0161 poslu\u017eeno. <strong>Naj\u010de\u0161\u0107e izvu\u010deni brojevi u Powerball lutriji su: 8, 26, 22, 23 i 36<\/strong>. Kreiraj vlastitu strategiju biraju\u0107i brojeve koji ti \u201egovore\u201c, ali iskoristi i one koje mi predla\u017eemo, jer <strong>statistika nikad ne la\u017ee<\/strong>.<\/p>\n<h2>Koji su najmanje izvu\u010deni dobitni brojevi Powerball?<img loading=\"lazy\" decoding=\"async\" class=\"alignright wp-image-252384\" src=\"https:\/\/lottomat.com\/wp-content\/uploads\/2025\/10\/Powerball-Results-300x300.webp\" alt=\"Rezultati Powerball\" width=\"200\" height=\"200\" srcset=\"https:\/\/lottomat.com\/wp-content\/uploads\/2025\/10\/Powerball-Results-300x300.webp 300w, https:\/\/lottomat.com\/wp-content\/uploads\/2025\/10\/Powerball-Results-150x150.webp 150w, https:\/\/lottomat.com\/wp-content\/uploads\/2025\/10\/Powerball-Results-100x100.webp 100w, https:\/\/lottomat.com\/wp-content\/uploads\/2025\/10\/Powerball-Results.webp 400w\" sizes=\"auto, (max-width: 200px) 100vw, 200px\" \/><\/h2>\n<p>Razumijevanje koji se brojevi rje\u0111e pojavljuju u izvla\u010denjima Powerball mo\u017ee biti jednako vrijedno kao i znanje o onima koji se naj\u010de\u0161\u0107e izvla\u010de. Statisti\u010dke analize pokazuju da su odre\u0111eni brojevi <strong>dosljedno bili manje zastupljeni u pro\u0161lim izvla\u010denjima<\/strong>. Najmanje izvu\u010deni brojevi uklju\u010duju 15, 51, 37, 47, 12, 4 i 24. Neki igra\u010di vjeruju da su ovi \u201ehladni\u201c brojevi \u201ezreli za povratak\u201c i uklju\u010duju ih u svoju strategiju odabira brojeva. Iako pro\u0161li rezultati ne garantiraju budu\u0107e ishode, analiza ovih obrazaca mo\u017ee ti pomo\u0107i da donese\u0161 informiranije odluke pri odabiru Powerball brojeva za nadolaze\u0107a izvla\u010denja.<\/p>\n<h2>Koliko je igra\u010da osvojilo i koliko u posljednjem izvla\u010denju Powerball?<\/h2>\n<p>Svako Powerball izvla\u010denje stvara <strong>tisu\u0107e dobitnika u svim razinama nagrada<\/strong>, \u0161to ga \u010dini jednom od najunosnijih lutrija na svijetu. Raspodjela nagrada obi\u010dno uklju\u010duje jednog dobitnika jackpota ili vi\u0161e njih koji dijele glavnu nagradu, nekoliko milijuna\u0161a koji su pogodili pet glavnih brojeva i stotine tisu\u0107a manjih dobitnika. Iznosi nagrada variraju ovisno o broju dobitnika u svakoj kategoriji i ukupnoj prodaji tiketa za to izvla\u010denje. Mo\u017ee\u0161 prona\u0107i <strong>detaljne podatke o broju dobitnika i iznosima nagrada<\/strong> za svaku razinu odmah nakon svakog izvla\u010denja na stranici LottoMat. Ove informacije poma\u017eu ti razumjeti izglede i mogu\u0107e dobitke za razli\u010dite kombinacije. Ako \u017eeli\u0161 saznati vi\u0161e o nagradama za nadolaze\u0107e izvla\u010denje, <a href=\"https:\/\/lottomat.com\/hr\/lutrije\/powerball\/\">pro\u010ditaj o Powerball nagradama i jackpotu<\/a>.<\/p>\n<h2><img loading=\"lazy\" decoding=\"async\" class=\"alignleft wp-image-252414\" src=\"https:\/\/lottomat.com\/wp-content\/uploads\/2025\/10\/Powerball-Winning-Numbers-300x300.webp\" alt=\"Dobitni brojevi Powerball\" width=\"200\" height=\"200\" srcset=\"https:\/\/lottomat.com\/wp-content\/uploads\/2025\/10\/Powerball-Winning-Numbers-300x300.webp 300w, https:\/\/lottomat.com\/wp-content\/uploads\/2025\/10\/Powerball-Winning-Numbers-150x150.webp 150w, https:\/\/lottomat.com\/wp-content\/uploads\/2025\/10\/Powerball-Winning-Numbers-100x100.webp 100w, https:\/\/lottomat.com\/wp-content\/uploads\/2025\/10\/Powerball-Winning-Numbers.webp 400w\" sizes=\"auto, (max-width: 200px) 100vw, 200px\" \/><\/h2>\n<h2>Kako predvidjeti rezultate i dobitne brojeve Powerball?<\/h2>\n<p>Iako je Powerball igra na sre\u0107u i <strong>nijedna metoda ne mo\u017ee jam\u010diti dobitne brojeve<\/strong>, mnogi igra\u010di koriste razne strategije za pobolj\u0161anje svog procesa odabira. Neki analiziraju grafikone frekvencije kako bi identificirali \u201evru\u0107e\u201c i \u201ehladne\u201c brojeve, dok drugi koriste matemati\u010dke sustave poput \u201ewheelinga\u201c ili delta analize brojeva. Generator slu\u010dajnih brojeva mo\u017ee pomo\u0107i eliminirati ljudsku pristranost u odabiru brojeva. Zapamti da je svako izvla\u010denje neovisno i da svaka kombinacija brojeva ima jednaku \u0161ansu biti izvu\u010dena. Klju\u010d je <strong>igrati dosljedno s brojevima u koje vjeruje\u0161<\/strong>, bilo da se temelje na statisti\u010dkoj analizi, osobnom zna\u010denju ili \u010distoj intuiciji. Najva\u017enije je igrati odgovorno, u okviru svog bud\u017eeta. Sada zna\u0161 je li mogu\u0107e predvidjeti rezultate Powerball. Jedno je sigurno \u2013 da bi osvojio, mora\u0161 igrati. Zato <a href=\"https:\/\/lottomat.com\/hr\/igrajte\/\">kupi tiket za bilo koju lutriju<\/a> i pri\u010dekaj rezultate koji \u0107e te usre\u0107iti.<\/p>\n","protected":false},"excerpt":{"rendered":"<p>Nakon kupnje tiketa, odabirom pet glavnih brojeva i jednog bonus Powerball broja na njima, sve \u0161to ti preostaje jest strpljivo pri\u010dekati rezultate izvla\u010denja, koji \u0107e se pojaviti brzinom svjetlosti na stranici LottoMat. Sve informacije koje objavljujemo o izvu\u010denim brojevima dolaze izravno od doma\u0107ina izvla\u010denja, tako da mo\u017ee\u0161 biti siguran da su rezultati Powerball 100% uskla\u0111eni [&hellip;]<\/p>\n","protected":false},"author":1,"featured_media":0,"parent":7648,"menu_order":1,"comment_status":"closed","ping_status":"closed","template":"powerball-usa-results.php","meta":{"_et_pb_use_builder":"","_et_pb_old_content":"","_et_gb_content_width":"","exclude_from_search":false,"footnotes":""},"class_list":["post-237707","page","type-page","status-publish","hentry"],"yoast_head":"<!-- This site is optimized with the Yoast SEO plugin v23.8 - https:\/\/yoast.com\/wordpress\/plugins\/seo\/ -->\n<title>Rezultati Powerball &amp; Dobitni Brojevi \u2013 LottoMat Hrvatska<\/title>\n<meta name=\"description\" content=\"Provjeri najnovije rezultate Powerball i dobitne brojeve na LottoMat. Usporedi svoje brojeve sa slu\u017ebenim rezultatima izvla\u010denja da vidi\u0161 jesi li osvojio!\" \/>\n<meta name=\"robots\" content=\"index, follow, max-snippet:-1, max-image-preview:large, max-video-preview:-1\" \/>\n<link rel=\"canonical\" href=\"https:\/\/lottomat.com\/hr\/rezultati\/powerball\/\" \/>\n<meta property=\"og:locale\" content=\"hr_HR\" \/>\n<meta property=\"og:type\" content=\"article\" \/>\n<meta property=\"og:title\" content=\"Rezultati Powerball &amp; Dobitni Brojevi \u2013 LottoMat Hrvatska\" \/>\n<meta property=\"og:description\" content=\"Provjeri najnovije rezultate Powerball i dobitne brojeve na LottoMat. Usporedi svoje brojeve sa slu\u017ebenim rezultatima izvla\u010denja da vidi\u0161 jesi li osvojio!\" \/>\n<meta property=\"og:url\" content=\"https:\/\/lottomat.com\/hr\/rezultati\/powerball\/\" \/>\n<meta property=\"og:site_name\" content=\"Lottomat\" \/>\n<meta property=\"article:modified_time\" content=\"2025-10-05T16:06:08+00:00\" \/>\n<meta property=\"og:image\" content=\"https:\/\/lottomat.com\/wp-content\/uploads\/2025\/10\/jackpot-and-prizes-300x300.webp\" \/>\n<meta name=\"twitter:card\" content=\"summary_large_image\" \/>\n<meta name=\"twitter:label1\" content=\"Procijenjeno vrijeme \u010ditanja\" \/>\n\t<meta name=\"twitter:data1\" content=\"6 minuta\" \/>\n<script type=\"application\/ld+json\" class=\"yoast-schema-graph\">{\"@context\":\"https:\/\/schema.org\",\"@graph\":[{\"@type\":\"WebPage\",\"@id\":\"https:\/\/lottomat.com\/hr\/rezultati\/powerball\/\",\"url\":\"https:\/\/lottomat.com\/hr\/rezultati\/powerball\/\",\"name\":\"Rezultati Powerball & Dobitni Brojevi \u2013 LottoMat Hrvatska\",\"isPartOf\":{\"@id\":\"https:\/\/lottomat.com\/hr\/#website\"},\"primaryImageOfPage\":{\"@id\":\"https:\/\/lottomat.com\/hr\/rezultati\/powerball\/#primaryimage\"},\"image\":{\"@id\":\"https:\/\/lottomat.com\/hr\/rezultati\/powerball\/#primaryimage\"},\"thumbnailUrl\":\"https:\/\/lottomat.com\/wp-content\/uploads\/2025\/10\/jackpot-and-prizes-300x300.webp\",\"datePublished\":\"2025-04-07T19:23:03+00:00\",\"dateModified\":\"2025-10-05T16:06:08+00:00\",\"description\":\"Provjeri najnovije rezultate Powerball i dobitne brojeve na LottoMat. Usporedi svoje brojeve sa slu\u017ebenim rezultatima izvla\u010denja da vidi\u0161 jesi li osvojio!\",\"breadcrumb\":{\"@id\":\"https:\/\/lottomat.com\/hr\/rezultati\/powerball\/#breadcrumb\"},\"inLanguage\":\"hr\",\"potentialAction\":[{\"@type\":\"ReadAction\",\"target\":[\"https:\/\/lottomat.com\/hr\/rezultati\/powerball\/\"]}]},{\"@type\":\"ImageObject\",\"inLanguage\":\"hr\",\"@id\":\"https:\/\/lottomat.com\/hr\/rezultati\/powerball\/#primaryimage\",\"url\":\"https:\/\/lottomat.com\/wp-content\/uploads\/2025\/10\/jackpot-and-prizes-300x300.webp\",\"contentUrl\":\"https:\/\/lottomat.com\/wp-content\/uploads\/2025\/10\/jackpot-and-prizes-300x300.webp\"},{\"@type\":\"BreadcrumbList\",\"@id\":\"https:\/\/lottomat.com\/hr\/rezultati\/powerball\/#breadcrumb\",\"itemListElement\":[{\"@type\":\"ListItem\",\"position\":1,\"name\":\"Home\",\"item\":\"https:\/\/lottomat.com\/hr\/\"},{\"@type\":\"ListItem\",\"position\":2,\"name\":\"Najnoviji rezultati lutrije i dobitni brojevi\",\"item\":\"https:\/\/lottomat.com\/hr\/rezultati\/\"},{\"@type\":\"ListItem\",\"position\":3,\"name\":\"Rezultati Powerball &#038; Dobitni Brojevi\"}]},{\"@type\":\"WebSite\",\"@id\":\"https:\/\/lottomat.com\/hr\/#website\",\"url\":\"https:\/\/lottomat.com\/hr\/\",\"name\":\"Lottomat\",\"description\":\"\",\"potentialAction\":[{\"@type\":\"SearchAction\",\"target\":{\"@type\":\"EntryPoint\",\"urlTemplate\":\"https:\/\/lottomat.com\/hr\/?s={search_term_string}\"},\"query-input\":{\"@type\":\"PropertyValueSpecification\",\"valueRequired\":true,\"valueName\":\"search_term_string\"}}],\"inLanguage\":\"hr\"}]}<\/script>\n<!-- \/ Yoast SEO plugin. -->","yoast_head_json":{"title":"Rezultati Powerball & Dobitni Brojevi \u2013 LottoMat Hrvatska","description":"Provjeri najnovije rezultate Powerball i dobitne brojeve na LottoMat. Usporedi svoje brojeve sa slu\u017ebenim rezultatima izvla\u010denja da vidi\u0161 jesi li osvojio!","robots":{"index":"index","follow":"follow","max-snippet":"max-snippet:-1","max-image-preview":"max-image-preview:large","max-video-preview":"max-video-preview:-1"},"canonical":"https:\/\/lottomat.com\/hr\/rezultati\/powerball\/","og_locale":"hr_HR","og_type":"article","og_title":"Rezultati Powerball & Dobitni Brojevi \u2013 LottoMat Hrvatska","og_description":"Provjeri najnovije rezultate Powerball i dobitne brojeve na LottoMat. Usporedi svoje brojeve sa slu\u017ebenim rezultatima izvla\u010denja da vidi\u0161 jesi li osvojio!","og_url":"https:\/\/lottomat.com\/hr\/rezultati\/powerball\/","og_site_name":"Lottomat","article_modified_time":"2025-10-05T16:06:08+00:00","og_image":[{"url":"https:\/\/lottomat.com\/wp-content\/uploads\/2025\/10\/jackpot-and-prizes-300x300.webp"}],"twitter_card":"summary_large_image","twitter_misc":{"Procijenjeno vrijeme \u010ditanja":"6 minuta"},"schema":{"@context":"https:\/\/schema.org","@graph":[{"@type":"WebPage","@id":"https:\/\/lottomat.com\/hr\/rezultati\/powerball\/","url":"https:\/\/lottomat.com\/hr\/rezultati\/powerball\/","name":"Rezultati Powerball & Dobitni Brojevi \u2013 LottoMat Hrvatska","isPartOf":{"@id":"https:\/\/lottomat.com\/hr\/#website"},"primaryImageOfPage":{"@id":"https:\/\/lottomat.com\/hr\/rezultati\/powerball\/#primaryimage"},"image":{"@id":"https:\/\/lottomat.com\/hr\/rezultati\/powerball\/#primaryimage"},"thumbnailUrl":"https:\/\/lottomat.com\/wp-content\/uploads\/2025\/10\/jackpot-and-prizes-300x300.webp","datePublished":"2025-04-07T19:23:03+00:00","dateModified":"2025-10-05T16:06:08+00:00","description":"Provjeri najnovije rezultate Powerball i dobitne brojeve na LottoMat. Usporedi svoje brojeve sa slu\u017ebenim rezultatima izvla\u010denja da vidi\u0161 jesi li osvojio!","breadcrumb":{"@id":"https:\/\/lottomat.com\/hr\/rezultati\/powerball\/#breadcrumb"},"inLanguage":"hr","potentialAction":[{"@type":"ReadAction","target":["https:\/\/lottomat.com\/hr\/rezultati\/powerball\/"]}]},{"@type":"ImageObject","inLanguage":"hr","@id":"https:\/\/lottomat.com\/hr\/rezultati\/powerball\/#primaryimage","url":"https:\/\/lottomat.com\/wp-content\/uploads\/2025\/10\/jackpot-and-prizes-300x300.webp","contentUrl":"https:\/\/lottomat.com\/wp-content\/uploads\/2025\/10\/jackpot-and-prizes-300x300.webp"},{"@type":"BreadcrumbList","@id":"https:\/\/lottomat.com\/hr\/rezultati\/powerball\/#breadcrumb","itemListElement":[{"@type":"ListItem","position":1,"name":"Home","item":"https:\/\/lottomat.com\/hr\/"},{"@type":"ListItem","position":2,"name":"Najnoviji rezultati lutrije i dobitni brojevi","item":"https:\/\/lottomat.com\/hr\/rezultati\/"},{"@type":"ListItem","position":3,"name":"Rezultati Powerball &#038; Dobitni Brojevi"}]},{"@type":"WebSite","@id":"https:\/\/lottomat.com\/hr\/#website","url":"https:\/\/lottomat.com\/hr\/","name":"Lottomat","description":"","potentialAction":[{"@type":"SearchAction","target":{"@type":"EntryPoint","urlTemplate":"https:\/\/lottomat.com\/hr\/?s={search_term_string}"},"query-input":{"@type":"PropertyValueSpecification","valueRequired":true,"valueName":"search_term_string"}}],"inLanguage":"hr"}]}},"_links":{"self":[{"href":"https:\/\/lottomat.com\/hr\/wp-json\/wp\/v2\/pages\/237707","targetHints":{"allow":["GET"]}}],"collection":[{"href":"https:\/\/lottomat.com\/hr\/wp-json\/wp\/v2\/pages"}],"about":[{"href":"https:\/\/lottomat.com\/hr\/wp-json\/wp\/v2\/types\/page"}],"author":[{"embeddable":true,"href":"https:\/\/lottomat.com\/hr\/wp-json\/wp\/v2\/users\/1"}],"replies":[{"embeddable":true,"href":"https:\/\/lottomat.com\/hr\/wp-json\/wp\/v2\/comments?post=237707"}],"version-history":[{"count":3,"href":"https:\/\/lottomat.com\/hr\/wp-json\/wp\/v2\/pages\/237707\/revisions"}],"predecessor-version":[{"id":253048,"href":"https:\/\/lottomat.com\/hr\/wp-json\/wp\/v2\/pages\/237707\/revisions\/253048"}],"up":[{"embeddable":true,"href":"https:\/\/lottomat.com\/hr\/wp-json\/wp\/v2\/pages\/7648"}],"wp:attachment":[{"href":"https:\/\/lottomat.com\/hr\/wp-json\/wp\/v2\/media?parent=237707"}],"curies":[{"name":"wp","href":"https:\/\/api.w.org\/{rel}","templated":true}]}}