{"id":232590,"date":"2025-03-27T10:35:32","date_gmt":"2025-03-27T10:35:32","guid":{"rendered":"https:\/\/lottomat.net\/rezultati-lutrije\/rezultati-eurojackpota\/"},"modified":"2025-11-23T09:53:04","modified_gmt":"2025-11-23T09:53:04","slug":"eurojackpots","status":"publish","type":"page","link":"https:\/\/lottomat.com\/hr\/rezultati\/eurojackpots\/","title":{"rendered":"Rezultati Eurojackpota i Dobitni Brojevi"},"content":{"rendered":"\n\n<div class=\"kk-star-ratings kksr-auto kksr-align-left kksr-valign-top\"\n    data-payload='{&quot;align&quot;:&quot;left&quot;,&quot;id&quot;:&quot;232590&quot;,&quot;slug&quot;:&quot;default&quot;,&quot;valign&quot;:&quot;top&quot;,&quot;ignore&quot;:&quot;&quot;,&quot;reference&quot;:&quot;auto&quot;,&quot;class&quot;:&quot;&quot;,&quot;count&quot;:&quot;0&quot;,&quot;legendonly&quot;:&quot;&quot;,&quot;readonly&quot;:&quot;&quot;,&quot;score&quot;:&quot;0&quot;,&quot;starsonly&quot;:&quot;&quot;,&quot;best&quot;:&quot;5&quot;,&quot;gap&quot;:&quot;5&quot;,&quot;greet&quot;:&quot;Rate this page&quot;,&quot;legend&quot;:&quot;0\\\/5 - (0 votes)&quot;,&quot;size&quot;:&quot;30&quot;,&quot;title&quot;:&quot;Rezultati Eurojackpota i Dobitni Brojevi&quot;,&quot;width&quot;:&quot;0&quot;,&quot;_legend&quot;:&quot;{score}\\\/{best} - ({count} {votes})&quot;,&quot;font_factor&quot;:&quot;1.25&quot;}'>\n            \n<div class=\"kksr-stars\">\n    \n<div class=\"kksr-stars-inactive\">\n            <div class=\"kksr-star\" data-star=\"1\" style=\"padding-right: 5px\">\n            \n\n<div class=\"kksr-icon\" style=\"width: 30px; height: 30px;\"><\/div>\n        <\/div>\n            <div class=\"kksr-star\" data-star=\"2\" style=\"padding-right: 5px\">\n            \n\n<div class=\"kksr-icon\" style=\"width: 30px; height: 30px;\"><\/div>\n        <\/div>\n            <div class=\"kksr-star\" data-star=\"3\" style=\"padding-right: 5px\">\n            \n\n<div class=\"kksr-icon\" style=\"width: 30px; height: 30px;\"><\/div>\n        <\/div>\n            <div class=\"kksr-star\" data-star=\"4\" style=\"padding-right: 5px\">\n            \n\n<div class=\"kksr-icon\" style=\"width: 30px; height: 30px;\"><\/div>\n        <\/div>\n            <div class=\"kksr-star\" data-star=\"5\" style=\"padding-right: 5px\">\n            \n\n<div class=\"kksr-icon\" style=\"width: 30px; height: 30px;\"><\/div>\n        <\/div>\n    <\/div>\n    \n<div class=\"kksr-stars-active\" style=\"width: 0px;\">\n            <div class=\"kksr-star\" style=\"padding-right: 5px\">\n            \n\n<div class=\"kksr-icon\" style=\"width: 30px; height: 30px;\"><\/div>\n        <\/div>\n            <div class=\"kksr-star\" style=\"padding-right: 5px\">\n            \n\n<div class=\"kksr-icon\" style=\"width: 30px; height: 30px;\"><\/div>\n        <\/div>\n            <div class=\"kksr-star\" style=\"padding-right: 5px\">\n            \n\n<div class=\"kksr-icon\" style=\"width: 30px; height: 30px;\"><\/div>\n        <\/div>\n            <div class=\"kksr-star\" style=\"padding-right: 5px\">\n            \n\n<div class=\"kksr-icon\" style=\"width: 30px; height: 30px;\"><\/div>\n        <\/div>\n            <div class=\"kksr-star\" style=\"padding-right: 5px\">\n            \n\n<div class=\"kksr-icon\" style=\"width: 30px; height: 30px;\"><\/div>\n        <\/div>\n    <\/div>\n<\/div>\n                \n\n<div class=\"kksr-legend\" style=\"font-size: 24px;\">\n            <span class=\"kksr-muted\">Rate this page<\/span>\n    <\/div>\n    <\/div>\n<p>Jeste li kupili Tickets za Eurojackpot i pitate se jeste li osvojili? Dok ne saznate izvu\u010dene brojeve, sve je mogu\u0107e, a <a href=\"https:\/\/lottomat.com\/hr\/rezultati\/\">rezultate lutrije mo\u017eete vidjeti na ovoj web stranici<\/a>. Objavljujemo ih ultra-brzo odmah nakon \u0161to primimo poruku sa stranice doma\u0107ina Eurojackpota, tako da imate garanciju da su pouzdano potvr\u0111eni i 100% stvarni. Analizirajte rezultate i dobitne brojeve Eurojackpota odmah!<\/p>\n<h2>Kako provjeriti dana\u0161nje rezultate Eurojackpota?<img loading=\"lazy\" decoding=\"async\" class=\"alignright wp-image-257716\" src=\"https:\/\/lottomat.com\/wp-content\/uploads\/2025\/11\/Eurojackpot-online-1.webp\" alt=\"Eurojackpot online\" width=\"200\" height=\"200\" srcset=\"https:\/\/lottomat.com\/wp-content\/uploads\/2025\/11\/Eurojackpot-online-1.webp 400w, https:\/\/lottomat.com\/wp-content\/uploads\/2025\/11\/Eurojackpot-online-1-300x300.webp 300w, https:\/\/lottomat.com\/wp-content\/uploads\/2025\/11\/Eurojackpot-online-1-150x150.webp 150w, https:\/\/lottomat.com\/wp-content\/uploads\/2025\/11\/Eurojackpot-online-1-100x100.webp 100w\" sizes=\"auto, (max-width: 200px) 100vw, 200px\" \/><\/h2>\n<p>Najlak\u0161i na\u010din za provjeru najnovijih rezultata Eurojackpota je putem na\u0161e web stranice. Pru\u017eamo <strong>100% pouzdane rezultate izvla\u010denja<\/strong> kojima mo\u017eete potpuno vjerovati. Na\u0161a platforma osigurava da svi dobitni brojevi Eurojackpota budu <strong>a\u017eurirani odmah nakon svakog slu\u017ebenog izvla\u010denja<\/strong>. Bilo da provjeravate dobitne kombinacije, raspodjelu nagrada ili visinu jackpota, ovdje \u0107ete prona\u0107i to\u010dne i najnovije informacije. Razumijemo koliko je va\u017eno igra\u010dima lutrije dobiti provjerene rezultate brzo, zbog \u010dega dajemo prioritet <strong>brzini i to\u010dnosti<\/strong> u isporuci rezultata Eurojackpota.<\/p>\n<h2>Kako provjeriti rezultate Eurojackpota od ju\u010der?<\/h2>\n<p>Rezultate Eurojackpota od ju\u010der tako\u0111er mo\u017eete provjeriti na <a href=\"https:\/\/lottomat.com\/hr\/\">na\u0161oj stranici Lottomat<\/a>, jer prikazujemo ne samo trenutne rezultate, ve\u0107 i <strong>povijesne podatke iz pro\u0161lih izvla\u010denja<\/strong>. Na\u0161a sveobuhvatna baza podataka uklju\u010duje <strong>dana\u0161nje rezultate, ju\u010dera\u0161nja izvla\u010denja te rezultate iz proteklih tjedana, mjeseci pa \u010dak i godina<\/strong>. Ova opse\u017ena arhiva omogu\u0107uje vam pra\u0107enje obrazaca, analiziranje trendova i pregled bilo kojeg izvla\u010denja koje vas zanima. Bez obzira jeste li propustili provjeriti Tickets ju\u010der ili \u017eelite provjeriti starije dobitne brojeve, na\u0161a vam platforma omogu\u0107uje jednostavan pristup svim povijesnim rezultatima Eurojackpota uz <strong>potpunu to\u010dnost i pouzdanost<\/strong>.<\/p>\n<h2>Kako provjeriti arhivirane rezultate Eurojackpota?<\/h2>\n<p>Za pregled arhiviranih rezultata Eurojackpota jednostavno koristite kalendar rezultata na web stranici Lottomat. Nalazi se ispod datuma posljednjeg izvla\u010denja. Sve \u0161to trebate u\u010diniti je odabrati datum koji vas najvi\u0161e zanima i pregledati rezultate igre toga dana.<\/p>\n<h2><img loading=\"lazy\" decoding=\"async\" class=\"alignleft wp-image-257746\" src=\"https:\/\/lottomat.com\/wp-content\/uploads\/2025\/11\/Eurojackpot-tickets-1.webp\" alt=\"Eurojackpot tickets\" width=\"200\" height=\"200\" srcset=\"https:\/\/lottomat.com\/wp-content\/uploads\/2025\/11\/Eurojackpot-tickets-1.webp 400w, https:\/\/lottomat.com\/wp-content\/uploads\/2025\/11\/Eurojackpot-tickets-1-300x300.webp 300w, https:\/\/lottomat.com\/wp-content\/uploads\/2025\/11\/Eurojackpot-tickets-1-150x150.webp 150w, https:\/\/lottomat.com\/wp-content\/uploads\/2025\/11\/Eurojackpot-tickets-1-100x100.webp 100w\" sizes=\"auto, (max-width: 200px) 100vw, 200px\" \/>Kako koristiti arhivirane rezultate i dobitne brojeve Eurojackpota?<\/h2>\n<p>Najnoviji i arhivirani rezultati omogu\u0107uju vam provjeru koji su brojevi izvu\u010deni u pro\u0161lim kolima, kolika je u\u010destalost prijenosa jackpota, koliko je bilo dobitnika i koliki su najve\u0107i dobitci. Sve to poma\u017ee vam da izgradite vlastitu strategiju za igranje Eurojackpota i razvijete vlastiti na\u010din odabira brojeva. Ako \u017eelite odabrati brojeve br\u017ee, ali i dalje koristiti statistiku, mo\u017eete iskoristiti na\u0161e savjete o brojevima koji se naj\u010de\u0161\u0107e i najrje\u0111e pojavljuju u Eurojackpot lutrijama. Sve potrebne podatke prona\u0107i \u0107ete na web stranici Lottomat. Ne zaboravite da se ne trebate ograni\u010davati na ranije izvu\u010dene brojeve. Zbog toga je dobra ideja birati iz cijelog skupa dostupnih brojeva kada igrate, jer time pove\u0107avate svoje \u0161anse za osvajanje glavne nagrade.<\/p>\n<h2>Koji se brojevi naj\u010de\u0161\u0107e izvla\u010de u Eurojackpotu?<\/h2>\n<p>Na temelju statisti\u010dke analize izvla\u010denja Eurojackpota od njegovog po\u010detka 2012. godine, naj\u010de\u0161\u0107e izvu\u010deni glavni brojevi su <strong>14, 16, 18, 19, 25, 33 i 40<\/strong>. Ovi \u201cvru\u0107i\u201d brojevi pojavljuju se \u010de\u0161\u0107e od ostalih tijekom povijesti lutrije. Kod dodatnih Euro brojeva, brojevi <strong>5 i 8 izvu\u010deni su naj\u010de\u0161\u0107e: po 83 puta<\/strong>. Mnogi igra\u010di koriste ove statistike vru\u0107ih brojeva kako bi pobolj\u0161ali svoju strategiju odabira brojeva. Iako teoretski svaki broj ima jednaku \u0161ansu, neki preferiraju koristiti one koji se \u010de\u0161\u0107e pojavljuju. Va\u017eno je naglasiti da <strong>u\u010destalost iz pro\u0161losti ne jam\u010di budu\u0107e rezultate<\/strong>, ali statistika ipak mo\u017ee biti korisna za ljubitelje lutrije.<\/p>\n<h2>Koji se brojevi najrje\u0111e izvla\u010de u Eurojackpotu?<\/h2>\n<p>Neki se brojevi pojavljuju znatno rje\u0111e u izvla\u010denjima Eurojackpota, pa su poznati kao \u201chladni brojevi\u201d. Najrje\u0111e izvu\u010deni brojevi su: <strong>48, 2, 36, 50 te izjedna\u010deni 24, 27 i 31<\/strong>. Najrje\u0111e izvu\u010deni Euro brojevi su <strong>9 i 10<\/strong>. Neki igra\u010di vjeruju da su ovi hladni brojevi \u201cna redu\u201d da uskoro budu izvu\u010deni, ali va\u017eno je razumjeti da je <strong>svako izvla\u010denje potpuno nasumi\u010dno i neovisno<\/strong>. Iako lutrija ne funkcionira tako \u2013 svako izvla\u010denje je nepovezano s prethodnim \u2013 zanimljivo je znati koji su brojevi najmanje puta izvu\u010deni. Bez obzira birate li vru\u0107e brojeve, hladne brojeve ili kombinaciju oboje, zapamtite da <strong>rezultati lutrije u kona\u010dnici ovise o sre\u0107i<\/strong>.<\/p>\n<h2>Koliko je ljudi osvojilo nagrade u posljednjem izvla\u010denju Eurojackpota?<img loading=\"lazy\" decoding=\"async\" class=\"alignright wp-image-257777\" src=\"https:\/\/lottomat.com\/wp-content\/uploads\/2025\/11\/play-Eurojackpot-1.webp\" alt=\"play Eurojackpot\" width=\"200\" height=\"200\" srcset=\"https:\/\/lottomat.com\/wp-content\/uploads\/2025\/11\/play-Eurojackpot-1.webp 400w, https:\/\/lottomat.com\/wp-content\/uploads\/2025\/11\/play-Eurojackpot-1-300x300.webp 300w, https:\/\/lottomat.com\/wp-content\/uploads\/2025\/11\/play-Eurojackpot-1-150x150.webp 150w, https:\/\/lottomat.com\/wp-content\/uploads\/2025\/11\/play-Eurojackpot-1-100x100.webp 100w\" sizes=\"auto, (max-width: 200px) 100vw, 200px\" \/><\/h2>\n<p>Na na\u0161oj web stranici prona\u0107i \u0107ete detaljnu tablicu s potpunim informacijama o posljednjem izvla\u010denju Eurojackpota, uklju\u010duju\u0107i <strong>broj ljudi koji su osvojili nagrade u svakoj kategoriji<\/strong> i <strong>to\u010dan iznos svake nagrade u eurima<\/strong>. Tablica prikazuje dobitnike u svih <strong>dvanaest kategorija nagrada<\/strong>, od osvaja\u010da jackpota do onih koji su pogodili minimalnu dobitnu kombinaciju. Pregledom ovih informacija mo\u017eete vidjeti da <strong>igra\u010di zaista redovito osvajaju nagrade u Eurojackpotu<\/strong> na svim razinama. Raspodjela nagrada pokazuje privla\u010dnost ove lutrije, s <strong>vi\u0161e na\u010dina za dobitak i zna\u010dajnim nagradama<\/strong> \u010dak i u ni\u017eim kategorijama. Ova transparentnost poma\u017ee igra\u010dima razumjeti svoje \u0161anse i vidjeti stvarni utjecaj izvla\u010denja na dobitnike diljem Europe. Jeste li spremni pridru\u017eiti se najboljoj zabavi? <a href=\"https:\/\/lottomat.com\/hr\/igrajte\/eurojackpot\/\">Igrajte Eurojackpot online<\/a> na Lottomatu i osvojite velike nagrade.<\/p>\n<h2>\u0160to se doga\u0111a kada nitko ne osvoji jackpot?<\/h2>\n<p>Kada nijedan igra\u010d ne pogodi svih pet glavnih brojeva plus dva Euro broja, jackpot se <strong>prenosi na sljede\u0107e izvla\u010denje<\/strong>, stvaraju\u0107i tzv. rollover ili akumulaciju. To zna\u010di da se <strong>fond nagrada stalno pove\u0107ava<\/strong> dok netko ne osvoji glavnu nagradu, \u010dine\u0107i svako sljede\u0107e izvla\u010denje jo\u0161 uzbudljivijim. Mehanizam prijenosa omogu\u0107uje jackpotu da naraste do <strong>maksimalnih 120 milijuna \u20ac<\/strong>. Kada jackpot dosegne taj maksimum, svaki dodatni iznos raspodjeljuje se u sljede\u0107u kategoriju nagrada. Ovaj sustav omogu\u0107uje stvaranje ogromnih nagrada koje mogu promijeniti \u017eivot te privla\u010de milijune igra\u010da diljem Europe. Pro\u010ditajte vi\u0161e o <a href=\"https:\/\/lottomat.com\/hr\/lutrije\/eurojackpots\/\">nagradama i jackpotu Eurojackpota<\/a> na na\u0161oj web stranici.<\/p>\n<h2><img loading=\"lazy\" decoding=\"async\" class=\"alignleft wp-image-257807\" src=\"https:\/\/lottomat.com\/wp-content\/uploads\/2025\/11\/tickets-online.webp\" alt=\"tickets online\" width=\"200\" height=\"200\" srcset=\"https:\/\/lottomat.com\/wp-content\/uploads\/2025\/11\/tickets-online.webp 400w, https:\/\/lottomat.com\/wp-content\/uploads\/2025\/11\/tickets-online-300x300.webp 300w, https:\/\/lottomat.com\/wp-content\/uploads\/2025\/11\/tickets-online-150x150.webp 150w, https:\/\/lottomat.com\/wp-content\/uploads\/2025\/11\/tickets-online-100x100.webp 100w\" sizes=\"auto, (max-width: 200px) 100vw, 200px\" \/>Mogu li se rezultati izvla\u010denja Eurojackpota predvidjeti?<\/h2>\n<p><strong>Ne, rezultati izvla\u010denja Eurojackpota ne mogu se predvidjeti<\/strong> ni na koji pouzdan na\u010din. Lutrija koristi <strong>potpuno nasumi\u010dan sustav izvla\u010denja<\/strong>, pri \u010demu svaka kombinacija brojeva ima jednaku matemati\u010dku vjerojatnost da bude izvu\u010dena u svakom kolu. Iako statistika mo\u017ee pokazati koji su brojevi u pro\u0161losti bili \u010de\u0161\u0107e ili rje\u0111e izvu\u010deni, ti podaci <strong>nemaju utjecaja na budu\u0107a izvla\u010denja<\/strong>. Svako je izvla\u010denje <strong>neovisan doga\u0111aj<\/strong>, \u0161to zna\u010di da prethodni rezultati ne utje\u010du na budu\u0107e. Svaki sustav ili strategija koji tvrdi da mo\u017ee predvidjeti dobitne brojeve u osnovi je pogre\u0161an, jer se <strong>prava nasumi\u010dnost ne mo\u017ee predvidjeti<\/strong> niti manipulirati njome. \u0160to \u010dekate? Tickets su jeftini, a \u0161anse su velike \u2014 odaberite svoje brojeve i vidite \u0161to \u0107e se dogoditi. <strong>Tako\u0111er mo\u017eete <a href=\"https:\/\/lottomat.com\/hr\/igrajte\/\">provjeriti cijeli popis na\u0161ih online lutrija<\/a> s najve\u0107im jackpotovima!<\/strong><\/p>\n","protected":false},"excerpt":{"rendered":"<p>Jeste li kupili Tickets za Eurojackpot i pitate se jeste li osvojili? Dok ne saznate izvu\u010dene brojeve, sve je mogu\u0107e, a rezultate lutrije mo\u017eete vidjeti na ovoj web stranici. Objavljujemo ih ultra-brzo odmah nakon \u0161to primimo poruku sa stranice doma\u0107ina Eurojackpota, tako da imate garanciju da su pouzdano potvr\u0111eni i 100% stvarni. Analizirajte rezultate i [&hellip;]<\/p>\n","protected":false},"author":1,"featured_media":0,"parent":7648,"menu_order":4,"comment_status":"closed","ping_status":"closed","template":"eurojackpot-results.php","meta":{"_et_pb_use_builder":"","_et_pb_old_content":"","_et_gb_content_width":"","exclude_from_search":false,"footnotes":""},"class_list":["post-232590","page","type-page","status-publish","hentry"],"yoast_head":"<!-- This site is optimized with the Yoast SEO plugin v23.8 - https:\/\/yoast.com\/wordpress\/plugins\/seo\/ -->\n<title>Rezultati Eurojackpota (A\u017dURIRANI) - Eurojackpot sretni brojevi - LottoMat<\/title>\n<meta name=\"description\" content=\"Provjerite najnovije rezultate Eurojackpota. Ovdje mo\u017eete usporediti svoje brojeve sa slu\u017ebenim dobitnim brojevima Eurojackpota. Ne propustite izvla\u010denje!\" \/>\n<meta name=\"robots\" content=\"index, follow, max-snippet:-1, max-image-preview:large, max-video-preview:-1\" \/>\n<link rel=\"canonical\" href=\"https:\/\/lottomat.com\/hr\/rezultati\/eurojackpots\/\" \/>\n<meta property=\"og:locale\" content=\"hr_HR\" \/>\n<meta property=\"og:type\" content=\"article\" \/>\n<meta property=\"og:title\" content=\"Rezultati Eurojackpota (A\u017dURIRANI) - Eurojackpot sretni brojevi - LottoMat\" \/>\n<meta property=\"og:description\" content=\"Provjerite najnovije rezultate Eurojackpota. Ovdje mo\u017eete usporediti svoje brojeve sa slu\u017ebenim dobitnim brojevima Eurojackpota. Ne propustite izvla\u010denje!\" \/>\n<meta property=\"og:url\" content=\"https:\/\/lottomat.com\/hr\/rezultati\/eurojackpots\/\" \/>\n<meta property=\"og:site_name\" content=\"Lottomat\" \/>\n<meta property=\"article:modified_time\" content=\"2025-11-23T09:53:04+00:00\" \/>\n<meta property=\"og:image\" content=\"https:\/\/lottomat.com\/wp-content\/uploads\/2025\/11\/Eurojackpot-online-1.webp\" \/>\n<meta name=\"twitter:card\" content=\"summary_large_image\" \/>\n<meta name=\"twitter:label1\" content=\"Procijenjeno vrijeme \u010ditanja\" \/>\n\t<meta name=\"twitter:data1\" content=\"10 minuta\" \/>\n<script type=\"application\/ld+json\" class=\"yoast-schema-graph\">{\"@context\":\"https:\/\/schema.org\",\"@graph\":[{\"@type\":\"WebPage\",\"@id\":\"https:\/\/lottomat.com\/hr\/rezultati\/eurojackpots\/\",\"url\":\"https:\/\/lottomat.com\/hr\/rezultati\/eurojackpots\/\",\"name\":\"Rezultati Eurojackpota (A\u017dURIRANI) - Eurojackpot sretni brojevi - LottoMat\",\"isPartOf\":{\"@id\":\"https:\/\/lottomat.com\/hr\/#website\"},\"primaryImageOfPage\":{\"@id\":\"https:\/\/lottomat.com\/hr\/rezultati\/eurojackpots\/#primaryimage\"},\"image\":{\"@id\":\"https:\/\/lottomat.com\/hr\/rezultati\/eurojackpots\/#primaryimage\"},\"thumbnailUrl\":\"https:\/\/lottomat.com\/wp-content\/uploads\/2025\/11\/Eurojackpot-online-1.webp\",\"datePublished\":\"2025-03-27T10:35:32+00:00\",\"dateModified\":\"2025-11-23T09:53:04+00:00\",\"description\":\"Provjerite najnovije rezultate Eurojackpota. Ovdje mo\u017eete usporediti svoje brojeve sa slu\u017ebenim dobitnim brojevima Eurojackpota. Ne propustite izvla\u010denje!\",\"breadcrumb\":{\"@id\":\"https:\/\/lottomat.com\/hr\/rezultati\/eurojackpots\/#breadcrumb\"},\"inLanguage\":\"hr\",\"potentialAction\":[{\"@type\":\"ReadAction\",\"target\":[\"https:\/\/lottomat.com\/hr\/rezultati\/eurojackpots\/\"]}]},{\"@type\":\"ImageObject\",\"inLanguage\":\"hr\",\"@id\":\"https:\/\/lottomat.com\/hr\/rezultati\/eurojackpots\/#primaryimage\",\"url\":\"https:\/\/lottomat.com\/wp-content\/uploads\/2025\/11\/Eurojackpot-online-1.webp\",\"contentUrl\":\"https:\/\/lottomat.com\/wp-content\/uploads\/2025\/11\/Eurojackpot-online-1.webp\"},{\"@type\":\"BreadcrumbList\",\"@id\":\"https:\/\/lottomat.com\/hr\/rezultati\/eurojackpots\/#breadcrumb\",\"itemListElement\":[{\"@type\":\"ListItem\",\"position\":1,\"name\":\"Home\",\"item\":\"https:\/\/lottomat.com\/hr\/\"},{\"@type\":\"ListItem\",\"position\":2,\"name\":\"Najnoviji rezultati lutrije i dobitni brojevi\",\"item\":\"https:\/\/lottomat.com\/hr\/rezultati\/\"},{\"@type\":\"ListItem\",\"position\":3,\"name\":\"Rezultati Eurojackpota i Dobitni Brojevi\"}]},{\"@type\":\"WebSite\",\"@id\":\"https:\/\/lottomat.com\/hr\/#website\",\"url\":\"https:\/\/lottomat.com\/hr\/\",\"name\":\"Lottomat\",\"description\":\"\",\"potentialAction\":[{\"@type\":\"SearchAction\",\"target\":{\"@type\":\"EntryPoint\",\"urlTemplate\":\"https:\/\/lottomat.com\/hr\/?s={search_term_string}\"},\"query-input\":{\"@type\":\"PropertyValueSpecification\",\"valueRequired\":true,\"valueName\":\"search_term_string\"}}],\"inLanguage\":\"hr\"}]}<\/script>\n<!-- \/ Yoast SEO plugin. -->","yoast_head_json":{"title":"Rezultati Eurojackpota (A\u017dURIRANI) - Eurojackpot sretni brojevi - LottoMat","description":"Provjerite najnovije rezultate Eurojackpota. Ovdje mo\u017eete usporediti svoje brojeve sa slu\u017ebenim dobitnim brojevima Eurojackpota. Ne propustite izvla\u010denje!","robots":{"index":"index","follow":"follow","max-snippet":"max-snippet:-1","max-image-preview":"max-image-preview:large","max-video-preview":"max-video-preview:-1"},"canonical":"https:\/\/lottomat.com\/hr\/rezultati\/eurojackpots\/","og_locale":"hr_HR","og_type":"article","og_title":"Rezultati Eurojackpota (A\u017dURIRANI) - Eurojackpot sretni brojevi - LottoMat","og_description":"Provjerite najnovije rezultate Eurojackpota. Ovdje mo\u017eete usporediti svoje brojeve sa slu\u017ebenim dobitnim brojevima Eurojackpota. Ne propustite izvla\u010denje!","og_url":"https:\/\/lottomat.com\/hr\/rezultati\/eurojackpots\/","og_site_name":"Lottomat","article_modified_time":"2025-11-23T09:53:04+00:00","og_image":[{"url":"https:\/\/lottomat.com\/wp-content\/uploads\/2025\/11\/Eurojackpot-online-1.webp"}],"twitter_card":"summary_large_image","twitter_misc":{"Procijenjeno vrijeme \u010ditanja":"10 minuta"},"schema":{"@context":"https:\/\/schema.org","@graph":[{"@type":"WebPage","@id":"https:\/\/lottomat.com\/hr\/rezultati\/eurojackpots\/","url":"https:\/\/lottomat.com\/hr\/rezultati\/eurojackpots\/","name":"Rezultati Eurojackpota (A\u017dURIRANI) - Eurojackpot sretni brojevi - LottoMat","isPartOf":{"@id":"https:\/\/lottomat.com\/hr\/#website"},"primaryImageOfPage":{"@id":"https:\/\/lottomat.com\/hr\/rezultati\/eurojackpots\/#primaryimage"},"image":{"@id":"https:\/\/lottomat.com\/hr\/rezultati\/eurojackpots\/#primaryimage"},"thumbnailUrl":"https:\/\/lottomat.com\/wp-content\/uploads\/2025\/11\/Eurojackpot-online-1.webp","datePublished":"2025-03-27T10:35:32+00:00","dateModified":"2025-11-23T09:53:04+00:00","description":"Provjerite najnovije rezultate Eurojackpota. Ovdje mo\u017eete usporediti svoje brojeve sa slu\u017ebenim dobitnim brojevima Eurojackpota. Ne propustite izvla\u010denje!","breadcrumb":{"@id":"https:\/\/lottomat.com\/hr\/rezultati\/eurojackpots\/#breadcrumb"},"inLanguage":"hr","potentialAction":[{"@type":"ReadAction","target":["https:\/\/lottomat.com\/hr\/rezultati\/eurojackpots\/"]}]},{"@type":"ImageObject","inLanguage":"hr","@id":"https:\/\/lottomat.com\/hr\/rezultati\/eurojackpots\/#primaryimage","url":"https:\/\/lottomat.com\/wp-content\/uploads\/2025\/11\/Eurojackpot-online-1.webp","contentUrl":"https:\/\/lottomat.com\/wp-content\/uploads\/2025\/11\/Eurojackpot-online-1.webp"},{"@type":"BreadcrumbList","@id":"https:\/\/lottomat.com\/hr\/rezultati\/eurojackpots\/#breadcrumb","itemListElement":[{"@type":"ListItem","position":1,"name":"Home","item":"https:\/\/lottomat.com\/hr\/"},{"@type":"ListItem","position":2,"name":"Najnoviji rezultati lutrije i dobitni brojevi","item":"https:\/\/lottomat.com\/hr\/rezultati\/"},{"@type":"ListItem","position":3,"name":"Rezultati Eurojackpota i Dobitni Brojevi"}]},{"@type":"WebSite","@id":"https:\/\/lottomat.com\/hr\/#website","url":"https:\/\/lottomat.com\/hr\/","name":"Lottomat","description":"","potentialAction":[{"@type":"SearchAction","target":{"@type":"EntryPoint","urlTemplate":"https:\/\/lottomat.com\/hr\/?s={search_term_string}"},"query-input":{"@type":"PropertyValueSpecification","valueRequired":true,"valueName":"search_term_string"}}],"inLanguage":"hr"}]}},"_links":{"self":[{"href":"https:\/\/lottomat.com\/hr\/wp-json\/wp\/v2\/pages\/232590","targetHints":{"allow":["GET"]}}],"collection":[{"href":"https:\/\/lottomat.com\/hr\/wp-json\/wp\/v2\/pages"}],"about":[{"href":"https:\/\/lottomat.com\/hr\/wp-json\/wp\/v2\/types\/page"}],"author":[{"embeddable":true,"href":"https:\/\/lottomat.com\/hr\/wp-json\/wp\/v2\/users\/1"}],"replies":[{"embeddable":true,"href":"https:\/\/lottomat.com\/hr\/wp-json\/wp\/v2\/comments?post=232590"}],"version-history":[{"count":1,"href":"https:\/\/lottomat.com\/hr\/wp-json\/wp\/v2\/pages\/232590\/revisions"}],"predecessor-version":[{"id":259019,"href":"https:\/\/lottomat.com\/hr\/wp-json\/wp\/v2\/pages\/232590\/revisions\/259019"}],"up":[{"embeddable":true,"href":"https:\/\/lottomat.com\/hr\/wp-json\/wp\/v2\/pages\/7648"}],"wp:attachment":[{"href":"https:\/\/lottomat.com\/hr\/wp-json\/wp\/v2\/media?parent=232590"}],"curies":[{"name":"wp","href":"https:\/\/api.w.org\/{rel}","templated":true}]}}